{"id":138,"date":"2021-01-15T16:02:54","date_gmt":"2021-01-15T13:02:54","guid":{"rendered":"https:\/\/www.myvize.com.tr\/almanya\/?page_id=138"},"modified":"2022-03-22T13:42:44","modified_gmt":"2022-03-22T10:42:44","slug":"oturum-2","status":"publish","type":"page","link":"https:\/\/www.myvize.com.tr\/almanya\/oturum-2\/","title":{"rendered":"OTURUM"},"content":{"rendered":"<h1><strong><span style=\"font-family: Roboto; font-size: 27px;\">Almanya Oturum \u0130\u015flemleri Nelerdir?<\/span><\/strong><\/h1>\n<p><span style=\"font-family: Roboto; font-size: 14px;\">Almanya\u2019da 90 g\u00fcnden fazla bir s\u00fcre i\u00e7in kalmay\u0131 planlayan ki\u015filer, <strong>Almanya oturum izni<\/strong> almal\u0131d\u0131r. Avrupa Birli\u011fi, Avrupa Ekonomik B\u00f6lgesi ve \u0130svi\u00e7re vatanda\u015flar\u0131 Almanya oturum izninden muaft\u0131r.<strong> Almanya oturum izni<\/strong> alacak olan ki\u015filer i\u015flemler hakk\u0131nda bilgi sahibi olmak istemektedir. Bu yaz\u0131da Almanya oturum izni alacak olan ki\u015filer i\u00e7in \u201cAlmanya oturum i\u015flemleri nelerdir?\u201d sorusuna\u00a0cevap\u00a0verilmi\u015ftir.<\/span><\/p>\n<p><span style=\"font-family: Roboto; font-size: 14px;\"><strong>Almanya oturum i\u015flemleri<\/strong> i\u00e7in \u00f6ncelikle Almanya uzun s\u00fcreli vize al\u0131nmas\u0131 gerekmektedir. Almanya uzun s\u00fcreli vize alacak olan ki\u015filer, Almanya\u2019n\u0131n T\u00fcrkiye\u2019de bulunan temsilciliklerine ba\u015fvurarak gerekli nedeni ver ise oturum izni alabilir. Almanya uzun s\u00fcreli vize alm\u0131\u015f olan ki\u015filer \u00fclkeye girdikten sonra <strong>Almanya oturum izni<\/strong> almal\u0131d\u0131r.<\/span><\/p>\n<p><span style=\"font-family: Roboto; font-size: 14px;\"><strong>Almanya oturum izni<\/strong> ba\u015fvurusu yapacak olan ki\u015filer, Almanya\u2019da yasal olarak konaklad\u0131klar\u0131 \u015fehirdeki Yabanc\u0131lar Dairesine ba\u015fvurarak oturum izni talebini iletebilir. Bunun i\u00e7in gerekli evraklar haz\u0131rlanarak yetkililere teslim edilmelidir.<\/span><\/p>\n<p><span style=\"font-family: Roboto; font-size: 14px;\">Almanya kamu g\u00fcvenli\u011fine kar\u015f\u0131 olan hassasiyetiniz, Almanya\u2019da bulunma nedeniniz, Almanya ile olan ba\u011flar\u0131n\u0131z ve Almanya\u2019daki ikamet s\u00fcreniz<strong> Almanya oturum izni talebini<\/strong> de\u011ferlendirirken dikkate al\u0131n\u0131r. Almanya uzun s\u00fcreli vize alman\u0131z oturum izni alaca\u011f\u0131n\u0131z anlam\u0131na gelmemektedir.<\/span><\/p>\n<h2><strong><span style=\"font-family: Roboto; font-size: 27px;\">Almanya Oturum \u0130\u015flemleri Nas\u0131l Yap\u0131l\u0131r?<\/span><\/strong><\/h2>\n<p><span style=\"font-family: Roboto; font-size: 14px;\">Almanya\u2019da uzun s\u00fcreli olarak ikamet edecek olan ki\u015filerin <strong>Almanya oturum izni<\/strong> almas\u0131 gerekmektedir. Almanya oturum izni alacak olan ki\u015filer oturum i\u015flemlerinin nas\u0131l yap\u0131laca\u011f\u0131n\u0131 merak etmektedir. A\u011fa\u0131da Almanya oturum izni alacak olan ki\u015filer i\u00e7in \u201cAlmanya oturum i\u015flemleri nas\u0131l yap\u0131l\u0131r?\u201d sorusunun cevab\u0131 verilmi\u015ftir.<\/span><\/p>\n<p><span style=\"font-family: Roboto; font-size: 14px;\"><strong>Almanya oturum izni alabilmek<\/strong> i\u00e7in \u00f6ncelikle ulusal bir Almanya vize ba\u015fvurusunda bulunman\u0131z gerekmektedir. Uzun s\u00fcreli Almanya oturum izni Almanya Konsoloslu\u011fu taraf\u0131ndan verilmektedir.<\/span><\/p>\n<p><span style=\"font-family: Roboto; font-size: 14px;\">Almanya ulusal vizesi alm\u0131\u015f olan ki\u015filer, oturum izni almak i\u00e7in hak kazanm\u0131\u015f olur. <strong>Almanya ulusal vizesi<\/strong> alm\u0131\u015f olan ki\u015filer, Almanya\u2019ya giri\u015f yapt\u0131ktan sonra en k\u0131sa s\u00fcre i\u00e7erisinde Almanya Yabanc\u0131lar \u015eubesi\u2019ne ba\u015fvurarak oturum izni al\u0131nmal\u0131d\u0131r. Gerekli evraklar haz\u0131rlanarak oturum izni ba\u015fvurusu yap\u0131lmal\u0131d\u0131r.<\/span><\/p>\n<p><span style=\"font-family: Roboto; font-size: 14px;\"><strong>Almanya oturum i\u015flemleri<\/strong> i\u00e7in ge\u00e7erli bir nedeniniz olmal\u0131d\u0131r. Bu nedenler aile birle\u015fimi, e\u011fitim, dil e\u011fitimi, erasmus ve \u00e7al\u0131\u015fma gibi Almanya\u2019da uzun s\u00fcre ikamet etmenizi gerektirecek nedenler olmal\u0131d\u0131r. Bu durumlar Almanya\u2019da 90 g\u00fcnden fazla kalman\u0131z\u0131 gerektirecek bir neden olmal\u0131d\u0131r. Almanya ulusal vizesi alm\u0131\u015f olan ki\u015filerin oturum izninin olumlu sonu\u00e7lanaca\u011f\u0131 kesin de\u011fildir.<\/span><\/p>\n<h2><strong><span style=\"font-family: Roboto; font-size: 27px;\">Almanya Oturum \u015eartlar\u0131<\/span><\/strong><\/h2>\n<p><span style=\"font-family: Roboto; font-size: 14px;\">Almanya\u2019da 90 g\u00fcnden daha fazla bir s\u00fcre i\u00e7in kalmas\u0131 gereken ki\u015filerin Almanya oturum izni almas\u0131 gerekmektedir. Almanya oturum izni alacak olan ki\u015filerin yerine getirmesi gereken baz\u0131 \u015fartlar bulunmaktad\u0131r. Bu yaz\u0131da Almanya oturum izni \u015fartlar\u0131 hakk\u0131nda bilgi verilmi\u015ftir. <strong>Almanya oturum izni \u015fartlar\u0131<\/strong> a\u015fa\u011f\u0131da verilmi\u015ftir.<\/span><\/p>\n<ul>\n<li><span style=\"font-family: Roboto; font-size: 14px;\"><strong>Almanya oturum izni<\/strong> alacak olan ki\u015filerin Almanya\u2019da 90 g\u00fcnden daha fazla konaklamas\u0131n\u0131 gerektirecek bir nedeninin olmas\u0131 gerekmektedir.<\/span><\/li>\n<li><span style=\"font-family: Roboto; font-size: 14px;\">Almanya oturum izni alacak olan ki\u015filerin Almanya uzun s\u00fcreli vize al\u0131nmas\u0131 gerekmektedir.<\/span><\/li>\n<li><span style=\"font-family: Roboto; font-size: 14px;\">Almanya oturum izni ba\u015fvurusu yapacak olan ki\u015filerin yapaca\u011f\u0131 ba\u015fvuru i\u00e7in davetiye sunmas\u0131 gerekmektedir.<\/span><\/li>\n<li><span style=\"font-family: Roboto; font-size: 14px;\">Almanya oturum izni ba\u015fvurusu yapacak olan ki\u015filerin Almanya resmi dili olan Almancay\u0131 iyi derecede bilmesi gerekmektedir. Bu durum yetkililere ba\u015fvuru s\u0131ras\u0131nda kan\u0131tlanmal\u0131d\u0131r.<\/span><\/li>\n<li><span style=\"font-family: Roboto; font-size: 14px;\">Ki\u015finin kendisi ile birlikte Almanya\u2019da ya\u015fayacak aile \u00fcyeleri i\u00e7in yeterli b\u00fcy\u00fckl\u00fckte bir ev bulunmas\u0131 gerekmektedir.<\/span><\/li>\n<li><span style=\"font-family: Roboto; font-size: 14px;\">Almanya oturum izni ba\u015fvurusu sahibinin Almanyal\u0131 yetkililere Almanya sosyal ya\u015fam\u0131na ve Almanya kamu d\u00fczenine uyum sa\u011flayaca\u011f\u0131n\u0131 kan\u0131tlamas\u0131 gerekmektedir.<\/span><\/li>\n<li><span style=\"font-family: Roboto; font-size: 14px;\">Almanya oturum izni alacak olan ki\u015filer, Almanya Anayasas\u0131\u2019na ayk\u0131r\u0131 bir harekette bulunmayaca\u011f\u0131n\u0131 kan\u0131tlamas\u0131 gerekmektedir.<\/span><\/li>\n<li><span style=\"font-family: Roboto; font-size: 14px;\">Almanya oturum izni alacak olan ki\u015filerin bula\u015f\u0131c\u0131 hastal\u0131\u011f\u0131n\u0131 olmamas\u0131 gerekmektedir.<\/span><\/li>\n<\/ul>\n<h2><strong><span style=\"font-family: Roboto; font-size: 27px;\">Almanya Oturum \u0130\u015flemleri \u0130\u00e7in Gereken Evraklar<\/span><\/strong><\/h2>\n<p><span style=\"font-family: Roboto; font-size: 14px;\">Almanya\u2019da 90 g\u00fcnden daha fazla bir s\u00fcre konaklamak isteyen ki\u015filerin <span style=\"color: #2acec2;\"><strong><a style=\"color: #2acec2;\" href=\"https:\/\/www.myvize.com.tr\/almanya\/almanya-oturum-izni\/\" target=\"_blank\" rel=\"noopener\">Almanya oturum izni<\/a><\/strong><\/span> almas\u0131 gerekmektedir. Almanya oturum izni alacak olan T\u00fcrk vatanda\u015flar\u0131n\u0131n yerine getirmesi gereken baz\u0131 \u015fartlar bulunmaktad\u0131r. Bu \u015fartlardan birisi de Almanya oturum izni ba\u015fvurusu i\u00e7in gerekli olan oturum izni evraklar\u0131n\u0131n haz\u0131rlanmas\u0131d\u0131r. Bu yaz\u0131da <strong>Almanya oturum izni<\/strong> alacak olan ki\u015filer i\u00e7in Almanya oturum izni i\u00e7in gerekli evraklar listesi verilmi\u015ftir.<\/span><\/p>\n<ul>\n<li><span style=\"font-family: Roboto; font-size: 14px;\">Almanya oturum izni ba\u015fvuru formu: Almanya oturum izni\u00a0ba\u015fvuru sahibi taraf\u0131ndan eksiksiz olarak doldurulmal\u0131d\u0131r.<\/span><\/li>\n<li><span style=\"font-family: Roboto; font-size: 14px;\">Ba\u015fvuru sahibinin pasaportu: Almanya\u2019da kal\u0131\u015f s\u00fcresinden sonraki 3 ay ge\u00e7erli olmal\u0131d\u0131r.<\/span><\/li>\n<li><span style=\"font-family: Roboto; font-size: 14px;\">Oturum izni \u00fccretinin \u00f6dendi\u011fini g\u00f6steren dekont<\/span><\/li>\n<li><span style=\"font-family: Roboto; font-size: 14px;\">Almanya\u2019da bulunacak s\u00fcre boyunca seyahat masraflar\u0131n\u0131n nas\u0131l\u00a0kar\u015f\u0131lanaca\u011f\u0131n\u0131 g\u00f6steren evraklar<\/span><\/li>\n<li><span style=\"font-family: Roboto; font-size: 14px;\">Ba\u015fvuru sahibinin sa\u011fl\u0131k raporu<\/span><\/li>\n<li><span style=\"font-family: Roboto; font-size: 14px;\">Almanya\u2019da bulunulacak s\u00fcre boyunca ge\u00e7erli olan Seyahat Sa\u011fl\u0131k Sigortas\u0131<\/span><\/li>\n<li><span style=\"font-family: Roboto; font-size: 14px;\">Biyometrik foto\u011fraf<\/span><\/li>\n<li><span style=\"font-family: Roboto; font-size: 14px;\">Tam vukuatl\u0131 n\u00fcfus kay\u0131t \u00f6rne\u011fi<\/span><\/li>\n<li><span style=\"font-family: Roboto; font-size: 14px;\">Evlilik ile oturum izni al\u0131nm\u0131\u015f ise evlili\u011finizi kan\u0131tlayan evraklar<\/span><\/li>\n<li><span style=\"font-family: Roboto; font-size: 14px;\">E\u011fitim i\u00e7in oturum izni al\u0131nm\u0131\u015f ise Almanya\u2019da e\u011fitim alaca\u011f\u0131n\u0131z\u0131 kan\u0131tlayan evraklar, evlilik c\u00fczdan\u0131<\/span><\/li>\n<li><span style=\"font-family: Roboto; font-size: 14px;\">Almanya\u2019da uzun s\u00fcreli kalman\u0131z gerekti\u011fini g\u00f6steren vize<\/span><\/li>\n<li><span style=\"font-family: Roboto; font-size: 14px;\">Almanya oturum izni ba\u015fvurusu yapacak olan ki\u015filerin kimlik belgesi<\/span><\/li>\n<\/ul>\n<h3><strong><span style=\"font-family: Roboto; font-size: 24px;\">Almanya Oturum \u0130\u015flem \u00dccreti<\/span><\/strong><\/h3>\n<p><span style=\"font-family: Roboto; font-size: 14px;\">Almanya\u2019da 90 g\u00fcnden daha fazla ikamet etmek isteyen ki\u015filerin \u00f6ncelikle uzun s\u00fcreli <span style=\"color: #2acec2;\"><strong><a style=\"color: #2acec2;\" href=\"https:\/\/www.myvize.com.tr\/almanya\/vize-islemleri\/almanya-vizesi\/\" target=\"_blank\" rel=\"noopener\">Almanya vizesi<\/a><\/strong><\/span> almas\u0131 gerekmektedir. Ard\u0131ndan ise <strong>Almanya oturum izni ba\u015fvurusu<\/strong> yapmas\u0131 gerekmektedir. Almanya oturum izni ba\u015fvurusu yapacak olan ki\u015filer Almanya oturum izni alacak olan ki\u015filerin Almanya oturum izni \u00fccreti \u00f6demesi gerekmektedir.<\/span><\/p>\n<p><span style=\"font-family: Roboto; font-size: 14px;\">Almanya oturum izni \u00fccreti belirleme yetkisi tamamen Almanya H\u00fck\u00fcmetine aittir. Almanya H\u00fck\u00fcmeti her y\u0131l vize \u00fccretleri ve Almanya oturum izni \u00fccretlerini belirlemektedir. Bu nedenle \u00fccretler her y\u0131l farkl\u0131l\u0131k g\u00f6stermektedir.<\/span><\/p>\n<p><span style=\"font-family: Roboto; font-size: 14px;\"><strong>Almanya oturum izni<\/strong> alacak olan ki\u015fileri \u00f6ncelikle <strong>Almanya uzun s\u00fcreli vize<\/strong> ba\u015fvurusu yapmas\u0131 gerekmektedir. Uzun s\u00fcreli Almanya vize ba\u015fvurusu yapacak olan ki\u015filerin \u00f6ncelikle vize \u00fccreti \u00f6demesi gerekmektedir. Bu \u00fccrette ba\u015fvuru yapacak olan ki\u015finin ya\u015f\u0131na, e\u011fitim, durumuna, mesle\u011fine g\u00f6re farkl\u0131l\u0131k g\u00f6stermektedir. Bu \u00fccretin d\u0131\u015f\u0131nda bir \u00fccret \u00f6denmemektedir. Almanya oturum izni ba\u015fvurusunun yap\u0131ld\u0131\u011f\u0131 Almanya Yabanc\u0131lar Ofisine \u00fccret \u00f6denmemektedir.<\/span><\/p>\n<p><span style=\"font-family: Roboto; font-size: 14px;\">Almanya temsilcili\u011fi oturum izni \u00fccreti haricinde ba\u015fka bir\u00a0\u00fccret talep etmemektedir.<strong> Almanya oturum izni<\/strong> ba\u015fvurular\u0131 reddedilen ki\u015filerin vize \u00fccreti ba\u015fvuru sahibine geri iade edilmemektedir. <strong>Almanya oturum izni\u00a0ba\u015fvurusu<\/strong> yapacak olan ki\u015filerin tekrardan oturum izni \u00fccreti \u00f6demesi gerekmektedir.<\/span><\/p>\n","protected":false},"excerpt":{"rendered":"<p>Almanya Oturum \u0130\u015flemleri Nelerdir? Almanya\u2019da 90 g\u00fcnden fazla bir s\u00fcre i\u00e7in kalmay\u0131 planlayan ki\u015filer, Almanya oturum izni almal\u0131d\u0131r. Avrupa Birli\u011fi, Avrupa Ekonomik B\u00f6lgesi ve \u0130svi\u00e7re vatanda\u015flar\u0131 Almanya oturum izninden muaft\u0131r. Almanya oturum izni alacak olan ki\u015filer i\u015flemler hakk\u0131nda bilgi sahibi olmak istemektedir. Bu yaz\u0131da Almanya oturum izni alacak olan ki\u015filer i\u00e7in \u201cAlmanya oturum i\u015flemleri nelerdir?\u201d<\/p>\n","protected":false},"author":1,"featured_media":0,"parent":0,"menu_order":0,"comment_status":"open","ping_status":"closed","template":"","meta":{"footnotes":""},"class_list":["post-138","page","type-page","status-publish","hentry"],"yoast_head":"<!-- This site is optimized with the Yoast SEO plugin v24.0 - https:\/\/yoast.com\/wordpress\/plugins\/seo\/ -->\n<title>Almanya Oturum Vizesi - Almanya Oturum \u0130zni - MyVize<\/title>\n<meta name=\"description\" content=\"Almanya Oturum Vizesi Nas\u0131l Al\u0131n\u0131r? Almanya Oturum \u015eartlar\u0131 Nelerdir? Almanya Oturum Vizesi \u0130\u00e7in Gerekli Belgeler Nelerdir?\" \/>\n<meta name=\"robots\" content=\"index, follow, max-snippet:-1, max-image-preview:large, max-video-preview:-1\" \/>\n<link rel=\"canonical\" href=\"https:\/\/www.myvize.com.tr\/almanya\/oturum-2\/\" \/>\n<meta property=\"og:locale\" content=\"tr_TR\" \/>\n<meta property=\"og:type\" content=\"article\" \/>\n<meta property=\"og:title\" content=\"Almanya Oturum Vizesi - Almanya Oturum \u0130zni - MyVize\" \/>\n<meta property=\"og:description\" content=\"Almanya Oturum Vizesi Nas\u0131l Al\u0131n\u0131r? Almanya Oturum \u015eartlar\u0131 Nelerdir? Almanya Oturum Vizesi \u0130\u00e7in Gerekli Belgeler Nelerdir?\" \/>\n<meta property=\"og:url\" content=\"https:\/\/www.myvize.com.tr\/almanya\/oturum-2\/\" \/>\n<meta property=\"og:site_name\" content=\"Almanya Vize\" \/>\n<meta property=\"article:modified_time\" content=\"2022-03-22T10:42:44+00:00\" \/>\n<meta name=\"twitter:card\" content=\"summary_large_image\" \/>\n<meta name=\"twitter:label1\" content=\"Tahmini okuma s\u00fcresi\" \/>\n\t<meta name=\"twitter:data1\" content=\"4 dakika\" \/>\n<script type=\"application\/ld+json\" class=\"yoast-schema-graph\">{\"@context\":\"https:\/\/schema.org\",\"@graph\":[{\"@type\":\"WebPage\",\"@id\":\"https:\/\/www.myvize.com.tr\/almanya\/oturum-2\/\",\"url\":\"https:\/\/www.myvize.com.tr\/almanya\/oturum-2\/\",\"name\":\"Almanya Oturum Vizesi - Almanya Oturum \u0130zni - MyVize\",\"isPartOf\":{\"@id\":\"https:\/\/www.myvize.com.tr\/almanya\/#website\"},\"datePublished\":\"2021-01-15T13:02:54+00:00\",\"dateModified\":\"2022-03-22T10:42:44+00:00\",\"description\":\"Almanya Oturum Vizesi Nas\u0131l Al\u0131n\u0131r? Almanya Oturum \u015eartlar\u0131 Nelerdir? Almanya Oturum Vizesi \u0130\u00e7in Gerekli Belgeler Nelerdir?\",\"breadcrumb\":{\"@id\":\"https:\/\/www.myvize.com.tr\/almanya\/oturum-2\/#breadcrumb\"},\"inLanguage\":\"tr\",\"potentialAction\":[{\"@type\":\"ReadAction\",\"target\":[\"https:\/\/www.myvize.com.tr\/almanya\/oturum-2\/\"]}]},{\"@type\":\"BreadcrumbList\",\"@id\":\"https:\/\/www.myvize.com.tr\/almanya\/oturum-2\/#breadcrumb\",\"itemListElement\":[{\"@type\":\"ListItem\",\"position\":1,\"name\":\"Anasayfa\",\"item\":\"https:\/\/www.myvize.com.tr\/almanya\/\"},{\"@type\":\"ListItem\",\"position\":2,\"name\":\"OTURUM\"}]},{\"@type\":\"WebSite\",\"@id\":\"https:\/\/www.myvize.com.tr\/almanya\/#website\",\"url\":\"https:\/\/www.myvize.com.tr\/almanya\/\",\"name\":\"Almanya Vize\",\"description\":\"\",\"potentialAction\":[{\"@type\":\"SearchAction\",\"target\":{\"@type\":\"EntryPoint\",\"urlTemplate\":\"https:\/\/www.myvize.com.tr\/almanya\/?s={search_term_string}\"},\"query-input\":{\"@type\":\"PropertyValueSpecification\",\"valueRequired\":true,\"valueName\":\"search_term_string\"}}],\"inLanguage\":\"tr\"}]}<\/script>\n<!-- \/ Yoast SEO plugin. -->","yoast_head_json":{"title":"Almanya Oturum Vizesi - Almanya Oturum \u0130zni - MyVize","description":"Almanya Oturum Vizesi Nas\u0131l Al\u0131n\u0131r? Almanya Oturum \u015eartlar\u0131 Nelerdir? Almanya Oturum Vizesi \u0130\u00e7in Gerekli Belgeler Nelerdir?","robots":{"index":"index","follow":"follow","max-snippet":"max-snippet:-1","max-image-preview":"max-image-preview:large","max-video-preview":"max-video-preview:-1"},"canonical":"https:\/\/www.myvize.com.tr\/almanya\/oturum-2\/","og_locale":"tr_TR","og_type":"article","og_title":"Almanya Oturum Vizesi - Almanya Oturum \u0130zni - MyVize","og_description":"Almanya Oturum Vizesi Nas\u0131l Al\u0131n\u0131r? Almanya Oturum \u015eartlar\u0131 Nelerdir? Almanya Oturum Vizesi \u0130\u00e7in Gerekli Belgeler Nelerdir?","og_url":"https:\/\/www.myvize.com.tr\/almanya\/oturum-2\/","og_site_name":"Almanya Vize","article_modified_time":"2022-03-22T10:42:44+00:00","twitter_card":"summary_large_image","twitter_misc":{"Tahmini okuma s\u00fcresi":"4 dakika"},"schema":{"@context":"https:\/\/schema.org","@graph":[{"@type":"WebPage","@id":"https:\/\/www.myvize.com.tr\/almanya\/oturum-2\/","url":"https:\/\/www.myvize.com.tr\/almanya\/oturum-2\/","name":"Almanya Oturum Vizesi - Almanya Oturum \u0130zni - MyVize","isPartOf":{"@id":"https:\/\/www.myvize.com.tr\/almanya\/#website"},"datePublished":"2021-01-15T13:02:54+00:00","dateModified":"2022-03-22T10:42:44+00:00","description":"Almanya Oturum Vizesi Nas\u0131l Al\u0131n\u0131r? Almanya Oturum \u015eartlar\u0131 Nelerdir? Almanya Oturum Vizesi \u0130\u00e7in Gerekli Belgeler Nelerdir?","breadcrumb":{"@id":"https:\/\/www.myvize.com.tr\/almanya\/oturum-2\/#breadcrumb"},"inLanguage":"tr","potentialAction":[{"@type":"ReadAction","target":["https:\/\/www.myvize.com.tr\/almanya\/oturum-2\/"]}]},{"@type":"BreadcrumbList","@id":"https:\/\/www.myvize.com.tr\/almanya\/oturum-2\/#breadcrumb","itemListElement":[{"@type":"ListItem","position":1,"name":"Anasayfa","item":"https:\/\/www.myvize.com.tr\/almanya\/"},{"@type":"ListItem","position":2,"name":"OTURUM"}]},{"@type":"WebSite","@id":"https:\/\/www.myvize.com.tr\/almanya\/#website","url":"https:\/\/www.myvize.com.tr\/almanya\/","name":"Almanya Vize","description":"","potentialAction":[{"@type":"SearchAction","target":{"@type":"EntryPoint","urlTemplate":"https:\/\/www.myvize.com.tr\/almanya\/?s={search_term_string}"},"query-input":{"@type":"PropertyValueSpecification","valueRequired":true,"valueName":"search_term_string"}}],"inLanguage":"tr"}]}},"_links":{"self":[{"href":"https:\/\/www.myvize.com.tr\/almanya\/wp-json\/wp\/v2\/pages\/138","targetHints":{"allow":["GET"]}}],"collection":[{"href":"https:\/\/www.myvize.com.tr\/almanya\/wp-json\/wp\/v2\/pages"}],"about":[{"href":"https:\/\/www.myvize.com.tr\/almanya\/wp-json\/wp\/v2\/types\/page"}],"author":[{"embeddable":true,"href":"https:\/\/www.myvize.com.tr\/almanya\/wp-json\/wp\/v2\/users\/1"}],"replies":[{"embeddable":true,"href":"https:\/\/www.myvize.com.tr\/almanya\/wp-json\/wp\/v2\/comments?post=138"}],"version-history":[{"count":6,"href":"https:\/\/www.myvize.com.tr\/almanya\/wp-json\/wp\/v2\/pages\/138\/revisions"}],"predecessor-version":[{"id":1557,"href":"https:\/\/www.myvize.com.tr\/almanya\/wp-json\/wp\/v2\/pages\/138\/revisions\/1557"}],"wp:attachment":[{"href":"https:\/\/www.myvize.com.tr\/almanya\/wp-json\/wp\/v2\/media?parent=138"}],"curies":[{"name":"wp","href":"https:\/\/api.w.org\/{rel}","templated":true}]}}