{"id":144,"date":"2021-01-15T16:03:36","date_gmt":"2021-01-15T13:03:36","guid":{"rendered":"https:\/\/www.myvize.com.tr\/almanya\/?page_id=144"},"modified":"2022-09-09T15:43:17","modified_gmt":"2022-09-09T12:43:17","slug":"form-ve-dilekce","status":"publish","type":"page","link":"https:\/\/www.myvize.com.tr\/almanya\/form-ve-dilekce\/","title":{"rendered":"FORM VE D\u0130LEK\u00c7E"},"content":{"rendered":"<p><span style=\"font-family: Roboto;\"><\/span><\/p>\r\n<p><span style=\"font-family: Roboto; font-size: 14px;\">Orta Avrupa \u00fclkesi olan Almanya her sene bir\u00e7ok T\u00fcrk vatanda\u015f\u0131na kap\u0131lar\u0131n\u0131 aral\u0131yor. Parlamenter Cumhuriyet ile y\u00f6netilen \u00fclkede i\u015f\u00e7i olarak ya\u015fayan bir\u00e7ok T\u00fcrk vatanda\u015f\u0131 bulunuyor. Ayn\u0131 zamanda hem ticari hem de k\u00fclt\u00fcrel a\u00e7\u0131dan Almanya ve T\u00fcrkiye aras\u0131nda ki ili\u015fkiler de her iki \u00fclkenin vize i\u015flemleri konusunda \u00e7e\u015fitli muafiyetler tan\u0131mas\u0131n\u0131 sa\u011flam\u0131\u015ft\u0131r. Almanya g\u00fcn\u00fcm\u00fczde Umuma Mahsus pasaport hamillerinin tamam\u0131ndan vize talebinde bulunuyor. Ancak 180 de 90 g\u00fcnden daha fazla olmayacak \u015fekilde Hususi, Hizmet ve Diplomatik pasaport sahiplerinin vizeden muaf tutulmas\u0131nda herhangi bir sak\u0131nca g\u00f6r\u00fclmemi\u015ftir. Almanya vize t\u00fcrleri ise olduk\u00e7a geni\u015f bir skalaya sahiptir. Ki\u015filer vize i\u015flemleri s\u0131ras\u0131nda en do\u011fru vize i\u015flemine karar vermelidir.<\/span><\/p>\r\n<p><span style=\"font-family: Roboto; font-size: 14px;\"><\/span><\/p>\r\n<p><span style=\"font-family: Roboto; font-size: 14px;\"><img decoding=\"async\" src=\"https:\/\/www.myvize.com.tr\/almanya\/wp-content\/uploads\/2021\/09\/70.jpg\" \/><\/span><\/p>\r\n<p><span style=\"font-family: Roboto; font-size: 14px;\"><\/span><\/p>\r\n<h2><span style=\"font-family: Roboto; font-size: 27px;\"><strong>Almanya Vize Ba\u015fvuru Formu Doldurma<\/strong><\/span><\/h2>\r\n<p><span style=\"font-family: Roboto; font-size: 14px;\">\r\n\r\n<\/span><\/p>\r\n<p><span style=\"font-family: Roboto; font-size: 14px;\">Almanya vizesi alacak olan Umuma Mahsus pasaport sahiplerinin mutlaka belirtilen kriterlerde bir ba\u015fvuru formu haz\u0131rlamas\u0131 gerekiyor. Ba\u015fvuru formunun haz\u0131rlanmas\u0131 s\u00fcrecinde mutlaka dikkat edilmesi gereken noktalar vard\u0131r. Ki\u015filerin kimlik bilgileri, pasaport ve seyahat bilgilerinin bu form \u00fczerinde detayl\u0131 bir \u015fekilde yer almas\u0131 gerekiyor. Vize ba\u015fvuru formunun hem T\u00fcrk\u00e7e hem de Almanca \u015feklinde olmas\u0131 gerekiyor. Ayn\u0131 zamanda form \u00fczerinde pasaport bilgilerinin detayl\u0131 olarak yer almas\u0131 da \u00f6nemli kriterler aras\u0131ndad\u0131r. Ki\u015filer ba\u015fvuru formunu doldururken e\u011fer ya\u015f kriterlerini sa\u011flam\u0131yorlarsa bu formun aileleri taraf\u0131ndan doldurulmas\u0131 zorunlu ko\u015fullar aras\u0131ndad\u0131r. Form \u00fczerinde seyahat tarihi, gidi\u015f d\u00f6n\u00fc\u015f u\u00e7ak rezervasyonlar\u0131 ve daha bir\u00e7ok bilginin bulunmas\u0131na \u00f6zen g\u00f6sterilmelidir.<\/span><\/p>\r\n<p><span style=\"font-family: Roboto; font-size: 14px;\">\r\n\r\n<\/span><\/p>\r\n<h2><span style=\"font-family: Roboto; font-size: 27px;\"><strong>Almanya Vize Dilek\u00e7esi Nas\u0131l Yaz\u0131l\u0131r?<\/strong><\/span><\/h2>\r\n<p><span style=\"font-family: Roboto; font-size: 14px;\">\r\n\r\n<\/span><\/p>\r\n<p><span style=\"font-family: Roboto; font-size: 14px;\">Almanya vize dilek\u00e7esi \u00f6nemli bir belgedir. Almanya B\u00fcy\u00fckel\u00e7ili\u011fi\u2019ne ya da konsoloslu\u011funa hitaben yaz\u0131lmas\u0131 gerekiyor. Dilek\u00e7enin de Almanca ve T\u00fcrk\u00e7e n\u00fcshas\u0131 bulunmas\u0131 gereklidir. Dilek\u00e7enin \u00fczerinde tarih ve isim soy isim gibi bilgilerin bulunmas\u0131na \u00f6zen g\u00f6sterilmelidir. Islak imzal\u0131 olarak teslim edilmesi gereken bu dilek\u00e7ede seyahatinizin t\u00fcm detaylar\u0131ndan bahsetmeniz gerekiyor. Bu dilek\u00e7ede ki\u015filer \u00f6nceki vize i\u015flemlerinden de bahsetmelidir. Seyahatin amac\u0131ndan detayl\u0131 olarak bahsedilmeli ve dahas\u0131 bu evrak\u0131n mutlaka resmi bir dil ile yaz\u0131lmas\u0131 gereklidir. Dilek\u00e7ede bulunmas\u0131 gereken bilgiler i\u00e7erisinde ki\u015fisel detaylar ve seyahat bilgileri yan\u0131nda e\u011fitim, i\u015f ve gelir bilgilerinin de bulunmas\u0131 \u00f6nemlidir. Hangi vize t\u00fcr\u00fcne ba\u015fvuru yap\u0131yorsan\u0131z ona g\u00f6re uygun bir dilek\u00e7e yazman\u0131z gereklidir.<\/span><\/p>\r\n<p><span style=\"font-family: Roboto;\"><\/span><\/p>","protected":false},"excerpt":{"rendered":"<p>Orta Avrupa \u00fclkesi olan Almanya her sene bir\u00e7ok T\u00fcrk vatanda\u015f\u0131na kap\u0131lar\u0131n\u0131 aral\u0131yor. Parlamenter Cumhuriyet ile y\u00f6netilen \u00fclkede i\u015f\u00e7i olarak ya\u015fayan bir\u00e7ok T\u00fcrk vatanda\u015f\u0131 bulunuyor. Ayn\u0131 zamanda hem ticari hem de k\u00fclt\u00fcrel a\u00e7\u0131dan Almanya ve T\u00fcrkiye aras\u0131nda ki ili\u015fkiler de her iki \u00fclkenin vize i\u015flemleri konusunda \u00e7e\u015fitli muafiyetler tan\u0131mas\u0131n\u0131 sa\u011flam\u0131\u015ft\u0131r. Almanya g\u00fcn\u00fcm\u00fczde Umuma Mahsus pasaport hamillerinin<\/p>\n","protected":false},"author":1,"featured_media":0,"parent":0,"menu_order":0,"comment_status":"closed","ping_status":"closed","template":"","meta":{"footnotes":""},"class_list":["post-144","page","type-page","status-publish","hentry"],"yoast_head":"<!-- This site is optimized with the Yoast SEO plugin v24.0 - https:\/\/yoast.com\/wordpress\/plugins\/seo\/ -->\n<title>Almanya Form Ve Dilek\u00e7e \u00d6rnekleri - Almanya Vizesi - MyVize<\/title>\n<meta name=\"description\" content=\"Almanya Vize Ba\u015fvuru Formu 2022. Almanya Vize Ba\u015fvuru Formu Nas\u0131l Doldurulur? Almanya Vize Ba\u015fvuru Formu \u00d6rne\u011fi.\" \/>\n<meta name=\"robots\" content=\"index, follow, max-snippet:-1, max-image-preview:large, max-video-preview:-1\" \/>\n<link rel=\"canonical\" href=\"https:\/\/www.myvize.com.tr\/almanya\/form-ve-dilekce\/\" \/>\n<meta property=\"og:locale\" content=\"tr_TR\" \/>\n<meta property=\"og:type\" content=\"article\" \/>\n<meta property=\"og:title\" content=\"Almanya Form Ve Dilek\u00e7e \u00d6rnekleri - Almanya Vizesi - MyVize\" \/>\n<meta property=\"og:description\" content=\"Almanya Vize Ba\u015fvuru Formu 2022. Almanya Vize Ba\u015fvuru Formu Nas\u0131l Doldurulur? Almanya Vize Ba\u015fvuru Formu \u00d6rne\u011fi.\" \/>\n<meta property=\"og:url\" content=\"https:\/\/www.myvize.com.tr\/almanya\/form-ve-dilekce\/\" \/>\n<meta property=\"og:site_name\" content=\"Almanya Vize\" \/>\n<meta property=\"article:modified_time\" content=\"2022-09-09T12:43:17+00:00\" \/>\n<meta property=\"og:image\" content=\"https:\/\/www.myvize.com.tr\/almanya\/wp-content\/uploads\/2021\/09\/70.jpg\" \/>\n<meta name=\"twitter:card\" content=\"summary_large_image\" \/>\n<meta name=\"twitter:label1\" content=\"Tahmini okuma s\u00fcresi\" \/>\n\t<meta name=\"twitter:data1\" content=\"2 dakika\" \/>\n<script type=\"application\/ld+json\" class=\"yoast-schema-graph\">{\"@context\":\"https:\/\/schema.org\",\"@graph\":[{\"@type\":\"WebPage\",\"@id\":\"https:\/\/www.myvize.com.tr\/almanya\/form-ve-dilekce\/\",\"url\":\"https:\/\/www.myvize.com.tr\/almanya\/form-ve-dilekce\/\",\"name\":\"Almanya Form Ve Dilek\u00e7e \u00d6rnekleri - Almanya Vizesi - MyVize\",\"isPartOf\":{\"@id\":\"https:\/\/www.myvize.com.tr\/almanya\/#website\"},\"primaryImageOfPage\":{\"@id\":\"https:\/\/www.myvize.com.tr\/almanya\/form-ve-dilekce\/#primaryimage\"},\"image\":{\"@id\":\"https:\/\/www.myvize.com.tr\/almanya\/form-ve-dilekce\/#primaryimage\"},\"thumbnailUrl\":\"https:\/\/www.myvize.com.tr\/almanya\/wp-content\/uploads\/2021\/09\/70.jpg\",\"datePublished\":\"2021-01-15T13:03:36+00:00\",\"dateModified\":\"2022-09-09T12:43:17+00:00\",\"description\":\"Almanya Vize Ba\u015fvuru Formu 2022. Almanya Vize Ba\u015fvuru Formu Nas\u0131l Doldurulur? Almanya Vize Ba\u015fvuru Formu \u00d6rne\u011fi.\",\"breadcrumb\":{\"@id\":\"https:\/\/www.myvize.com.tr\/almanya\/form-ve-dilekce\/#breadcrumb\"},\"inLanguage\":\"tr\",\"potentialAction\":[{\"@type\":\"ReadAction\",\"target\":[\"https:\/\/www.myvize.com.tr\/almanya\/form-ve-dilekce\/\"]}]},{\"@type\":\"ImageObject\",\"inLanguage\":\"tr\",\"@id\":\"https:\/\/www.myvize.com.tr\/almanya\/form-ve-dilekce\/#primaryimage\",\"url\":\"https:\/\/www.myvize.com.tr\/almanya\/wp-content\/uploads\/2021\/09\/70.jpg\",\"contentUrl\":\"https:\/\/www.myvize.com.tr\/almanya\/wp-content\/uploads\/2021\/09\/70.jpg\",\"width\":800,\"height\":500,\"caption\":\"Almanya\"},{\"@type\":\"BreadcrumbList\",\"@id\":\"https:\/\/www.myvize.com.tr\/almanya\/form-ve-dilekce\/#breadcrumb\",\"itemListElement\":[{\"@type\":\"ListItem\",\"position\":1,\"name\":\"Anasayfa\",\"item\":\"https:\/\/www.myvize.com.tr\/almanya\/\"},{\"@type\":\"ListItem\",\"position\":2,\"name\":\"FORM VE D\u0130LEK\u00c7E\"}]},{\"@type\":\"WebSite\",\"@id\":\"https:\/\/www.myvize.com.tr\/almanya\/#website\",\"url\":\"https:\/\/www.myvize.com.tr\/almanya\/\",\"name\":\"Almanya Vize\",\"description\":\"\",\"potentialAction\":[{\"@type\":\"SearchAction\",\"target\":{\"@type\":\"EntryPoint\",\"urlTemplate\":\"https:\/\/www.myvize.com.tr\/almanya\/?s={search_term_string}\"},\"query-input\":{\"@type\":\"PropertyValueSpecification\",\"valueRequired\":true,\"valueName\":\"search_term_string\"}}],\"inLanguage\":\"tr\"}]}<\/script>\n<!-- \/ Yoast SEO plugin. -->","yoast_head_json":{"title":"Almanya Form Ve Dilek\u00e7e \u00d6rnekleri - Almanya Vizesi - MyVize","description":"Almanya Vize Ba\u015fvuru Formu 2022. Almanya Vize Ba\u015fvuru Formu Nas\u0131l Doldurulur? Almanya Vize Ba\u015fvuru Formu \u00d6rne\u011fi.","robots":{"index":"index","follow":"follow","max-snippet":"max-snippet:-1","max-image-preview":"max-image-preview:large","max-video-preview":"max-video-preview:-1"},"canonical":"https:\/\/www.myvize.com.tr\/almanya\/form-ve-dilekce\/","og_locale":"tr_TR","og_type":"article","og_title":"Almanya Form Ve Dilek\u00e7e \u00d6rnekleri - Almanya Vizesi - MyVize","og_description":"Almanya Vize Ba\u015fvuru Formu 2022. Almanya Vize Ba\u015fvuru Formu Nas\u0131l Doldurulur? Almanya Vize Ba\u015fvuru Formu \u00d6rne\u011fi.","og_url":"https:\/\/www.myvize.com.tr\/almanya\/form-ve-dilekce\/","og_site_name":"Almanya Vize","article_modified_time":"2022-09-09T12:43:17+00:00","og_image":[{"url":"https:\/\/www.myvize.com.tr\/almanya\/wp-content\/uploads\/2021\/09\/70.jpg","type":"","width":"","height":""}],"twitter_card":"summary_large_image","twitter_misc":{"Tahmini okuma s\u00fcresi":"2 dakika"},"schema":{"@context":"https:\/\/schema.org","@graph":[{"@type":"WebPage","@id":"https:\/\/www.myvize.com.tr\/almanya\/form-ve-dilekce\/","url":"https:\/\/www.myvize.com.tr\/almanya\/form-ve-dilekce\/","name":"Almanya Form Ve Dilek\u00e7e \u00d6rnekleri - Almanya Vizesi - MyVize","isPartOf":{"@id":"https:\/\/www.myvize.com.tr\/almanya\/#website"},"primaryImageOfPage":{"@id":"https:\/\/www.myvize.com.tr\/almanya\/form-ve-dilekce\/#primaryimage"},"image":{"@id":"https:\/\/www.myvize.com.tr\/almanya\/form-ve-dilekce\/#primaryimage"},"thumbnailUrl":"https:\/\/www.myvize.com.tr\/almanya\/wp-content\/uploads\/2021\/09\/70.jpg","datePublished":"2021-01-15T13:03:36+00:00","dateModified":"2022-09-09T12:43:17+00:00","description":"Almanya Vize Ba\u015fvuru Formu 2022. Almanya Vize Ba\u015fvuru Formu Nas\u0131l Doldurulur? Almanya Vize Ba\u015fvuru Formu \u00d6rne\u011fi.","breadcrumb":{"@id":"https:\/\/www.myvize.com.tr\/almanya\/form-ve-dilekce\/#breadcrumb"},"inLanguage":"tr","potentialAction":[{"@type":"ReadAction","target":["https:\/\/www.myvize.com.tr\/almanya\/form-ve-dilekce\/"]}]},{"@type":"ImageObject","inLanguage":"tr","@id":"https:\/\/www.myvize.com.tr\/almanya\/form-ve-dilekce\/#primaryimage","url":"https:\/\/www.myvize.com.tr\/almanya\/wp-content\/uploads\/2021\/09\/70.jpg","contentUrl":"https:\/\/www.myvize.com.tr\/almanya\/wp-content\/uploads\/2021\/09\/70.jpg","width":800,"height":500,"caption":"Almanya"},{"@type":"BreadcrumbList","@id":"https:\/\/www.myvize.com.tr\/almanya\/form-ve-dilekce\/#breadcrumb","itemListElement":[{"@type":"ListItem","position":1,"name":"Anasayfa","item":"https:\/\/www.myvize.com.tr\/almanya\/"},{"@type":"ListItem","position":2,"name":"FORM VE D\u0130LEK\u00c7E"}]},{"@type":"WebSite","@id":"https:\/\/www.myvize.com.tr\/almanya\/#website","url":"https:\/\/www.myvize.com.tr\/almanya\/","name":"Almanya Vize","description":"","potentialAction":[{"@type":"SearchAction","target":{"@type":"EntryPoint","urlTemplate":"https:\/\/www.myvize.com.tr\/almanya\/?s={search_term_string}"},"query-input":{"@type":"PropertyValueSpecification","valueRequired":true,"valueName":"search_term_string"}}],"inLanguage":"tr"}]}},"_links":{"self":[{"href":"https:\/\/www.myvize.com.tr\/almanya\/wp-json\/wp\/v2\/pages\/144","targetHints":{"allow":["GET"]}}],"collection":[{"href":"https:\/\/www.myvize.com.tr\/almanya\/wp-json\/wp\/v2\/pages"}],"about":[{"href":"https:\/\/www.myvize.com.tr\/almanya\/wp-json\/wp\/v2\/types\/page"}],"author":[{"embeddable":true,"href":"https:\/\/www.myvize.com.tr\/almanya\/wp-json\/wp\/v2\/users\/1"}],"replies":[{"embeddable":true,"href":"https:\/\/www.myvize.com.tr\/almanya\/wp-json\/wp\/v2\/comments?post=144"}],"version-history":[{"count":6,"href":"https:\/\/www.myvize.com.tr\/almanya\/wp-json\/wp\/v2\/pages\/144\/revisions"}],"predecessor-version":[{"id":1738,"href":"https:\/\/www.myvize.com.tr\/almanya\/wp-json\/wp\/v2\/pages\/144\/revisions\/1738"}],"wp:attachment":[{"href":"https:\/\/www.myvize.com.tr\/almanya\/wp-json\/wp\/v2\/media?parent=144"}],"curies":[{"name":"wp","href":"https:\/\/api.w.org\/{rel}","templated":true}]}}