{"id":150,"date":"2021-01-15T16:07:36","date_gmt":"2021-01-15T13:07:36","guid":{"rendered":"https:\/\/www.myvize.com.tr\/almanya\/?page_id=150"},"modified":"2022-08-03T12:24:55","modified_gmt":"2022-08-03T09:24:55","slug":"duyurular","status":"publish","type":"page","link":"https:\/\/www.myvize.com.tr\/almanya\/duyurular\/","title":{"rendered":"DUYURULAR"},"content":{"rendered":"<p><span style=\"font-family: Roboto;\"><\/span><\/p>\r\n<h2 class=\"wp-block-heading\"><strong><span style=\"font-family: Roboto; font-size: 27px;\">Almanya Vizesi Covid-19 Tedbirleri<\/span><\/strong><\/h2>\r\n<p><span style=\"font-family: Roboto; font-size: 14px;\">\r\n\r\n<\/span><\/p>\r\n<p><span style=\"font-family: Roboto; font-size: 14px;\">T\u00fcrkiye Cumhuriyeti ve di\u011fer \u00fclkelerden Almanya&#8217;ya giri\u015flerde Covid-19 kapsam\u0131nda baz\u0131 yasaklar uygulanmaktad\u0131r. Hava yoluyla giri\u015fleri ger\u00e7ekle\u015ftirecek olan ki\u015filerin dijital giri\u015f kayd\u0131n\u0131 olu\u015fturmas\u0131 istenmektedir. Ayr\u0131ca son g\u00fcncellemelerle birlikte\u00a0<strong>Almanya Vizesi<\/strong>\u00a0alarak giri\u015f yapacak olan ki\u015filerin birtak\u0131m zorunlu testleri tamamlamas\u0131 istenmektedir. B\u00f6ylece ba\u011f\u0131\u015f\u0131kl\u0131\u011f\u0131n kan\u0131t\u0131 elde edilmeli ve karantinaya y\u00f6nelik baz\u0131 tedbirlere uyulmas\u0131 gerekmektedir.\u00a0<strong>Almanya<\/strong>\u00a0\u00fczerinden transit ge\u00e7i\u015flerde veya giri\u015f k\u0131s\u0131tlamalar\u0131nda nelere dikkat edilece\u011fini sizlerle payla\u015fmaya devam ediyoruz. 25 Haziran 2021 tarihi itibariyle ge\u00e7erli olan \u015fartlara g\u00f6re a\u015f\u0131s\u0131n\u0131 yapt\u0131ran ki\u015filerin belirli ko\u015fullarda \u00fclkeye giri\u015f yapacaklar\u0131 belirtilmektedir. Aile ziyareti, turistik veya di\u011fer ama\u00e7larla\u00a0<strong>Almanya<\/strong>\u00a0giri\u015flerini yapman\u0131za olanak verilmektedir. 6 ya\u015f ve sonras\u0131nda olan ki\u015filerin a\u015f\u0131lanm\u0131\u015f olmas\u0131 ve zorunlu testlerini tamamlam\u0131\u015f olmalar\u0131 gerekmektedir.<\/span><\/p>\r\n<p><span style=\"font-family: Roboto; font-size: 14px;\">\r\n\r\n<\/span><\/p>\r\n<h2 class=\"wp-block-heading\"><strong><span style=\"font-family: Roboto; font-size: 27px;\">Covid-19 A\u015f\u0131s\u0131 ve Zorunlu Testler<\/span><\/strong><\/h2>\r\n<p><span style=\"font-family: Roboto; font-size: 14px;\">\r\n\r\n<\/span><\/p>\r\n<p><span style=\"font-family: Roboto; font-size: 14px;\">Son 10 g\u00fcn i\u00e7erisinde karantinada kalman\u0131z ve negatif test sonucunu bu s\u00fcre\u00e7te elde etmeniz istenmektedir. Havayolunda ibraz etmeniz istenecek olan bu belgeyi kan\u0131t niteli\u011finde kullanman\u0131z gerekecektir. \u0130yile\u015fme kan\u0131t\u0131 olarak a\u015f\u0131 sertifikas\u0131n\u0131n elde edilmi\u015f olmas\u0131na dikkat \u00e7ekilmektedir. Y\u00fcksek riskli b\u00f6lgelerde bulunmayan veya konaklama yapmaks\u0131z\u0131n do\u011frudan hava yoluyla giri\u015f yapacaklar i\u00e7in\u00a0<strong>Covid-19 testi<\/strong>\u00a0yap\u0131lm\u0131\u015f olmas\u0131 zorunlu tutulmaktad\u0131r. Bu konudaki daha detayl\u0131 bilgileri elde etmenizi sa\u011flayan ekiplerimizin, Konsolosluk talepleri hakk\u0131nda bilgilendirece\u011fini g\u00f6rebileceksiniz. Elinizdeki kan\u0131t i\u00e7eren belgelerin son 10 g\u00fcn i\u00e7erisinde ibraz\u0131n\u0131 ger\u00e7ekle\u015ftirmeniz i\u00e7in yard\u0131mc\u0131 oluyoruz. Dijital olarak haz\u0131rlanacak formda kullan\u0131lan a\u015f\u0131n\u0131n listede yer alm\u0131\u015f olmas\u0131na dikkat edilerek yaz\u0131\u015fmas\u0131 ve son dozundan itibaren en az 14 g\u00fcn\u00fcn ge\u00e7mi\u015f olmas\u0131 gerekmektedir.<\/span><\/p>\r\n<p><span style=\"font-family: Roboto; font-size: 14px;\">\r\n\r\n<\/span><\/p>\r\n<h2 class=\"wp-block-heading\"><span style=\"font-family: Roboto; font-size: 27px;\"><strong>Covid\u00a019 Kapsam\u0131nda Almanya Vizesi ile \u0130lgili Son Durum\u00a0<\/strong><\/span><\/h2>\r\n<p><span style=\"font-family: Roboto; font-size: 14px;\">\r\n\r\n<\/span><\/p>\r\n<p><span style=\"font-family: Roboto; font-size: 14px;\">Covid\u00a019 kurallar\u0131 kapsam\u0131nda vize i\u015flemlerinin ve yurt d\u0131\u015f\u0131 seyahatlerinin nas\u0131l yap\u0131laca\u011f\u0131 herkes taraf\u0131ndan merak edilmekte. Merak edilen \u00fclkelerden birisi de T\u00fcrkiye\u2019den s\u0131k\u00e7a seyahat yap\u0131lan Almanya. Almanya d\u0131\u015f temsilciliklerinden\u00a0covid\u00a019 kapsam\u0131nda yap\u0131lan en g\u00fcncel a\u00e7\u0131klama ise \u015f\u00f6yle:<\/span><\/p>\r\n<p><span style=\"font-family: Roboto; font-size: 14px;\">\r\n\r\n<\/span><\/p>\r\n<p><span style=\"font-family: Roboto; font-size: 14px;\">Almanya d\u0131\u015f temsilcilikleri vize i\u015flemlerinin g\u00fcncel olarak devam etti\u011fini buna ek olarak\u00a0pandemi\u00a0kapsam\u0131nda \u00f6nlemler al\u0131nd\u0131\u011f\u0131n\u0131 da ekledi.\u00a0<\/span><\/p>\r\n<p><span style=\"font-family: Roboto; font-size: 14px;\">\r\n\r\n<\/span><\/p>\r\n<h2 class=\"wp-block-heading\"><span style=\"font-family: Roboto; font-size: 27px;\"><strong>Almanya Vizesi A\u00e7\u0131ld\u0131\u00a0M\u0131?\u00a0<\/strong><\/span><\/h2>\r\n<p><span style=\"font-family: Roboto; font-size: 14px;\">\r\n\r\n<\/span><\/p>\r\n<p><span style=\"font-family: Roboto; font-size: 14px;\">Ki\u015filer Almanya vize ba\u015fvuru i\u015flemlerini \u00f6nceden oldu\u011fu gibi y\u00fcr\u00fctebilecekler. Almanya vize i\u015flemlerinde aranan tek \u015fart Avrupa Birli\u011fi\u2019nin onaylad\u0131\u011f\u0131 a\u015f\u0131lardan olmu\u015f olmak. \u0130ki doz Avrupa Birli\u011fi onayl\u0131 a\u015f\u0131 olmayanlar\u0131n Almanya vize talepleri reddedilecek. \u00c7in a\u015f\u0131s\u0131 (sinovac) olanlara ise istisnai ve acil durumlar i\u00e7in opsiyon sa\u011flanaca\u011f\u0131 a\u00e7\u0131kland\u0131.\u00a0<\/span><\/p>\r\n<p><span style=\"font-family: Roboto; font-size: 14px;\">\r\n\r\n<\/span><\/p>\r\n<h2 class=\"wp-block-heading\"><span style=\"font-family: Roboto; font-size: 27px;\"><strong>\u00d6nemli Bilgiler:\u00a0<\/strong><\/span><\/h2>\r\n<p><span style=\"font-family: Roboto; font-size: 14px;\">\r\n\r\n<\/span><\/p>\r\n<ul class=\"wp-block-list\">\r\n<li><span style=\"font-family: Roboto; font-size: 14px;\">Kabul edilen a\u015f\u0131lar:\u00a0AstraZeneca\u00a0(Vaxzevria),\u00a0Janssen,\u00a0Moderna\u00a0ve Pfizer-BioNTech.\u00a0<\/span><\/li>\r\n<li><span style=\"font-family: Roboto; font-size: 14px;\">Ki\u015filerin seyahatleri i\u00e7in ibraz etmeleri gerekenler:\u00a0<\/span><\/li>\r\n<\/ul>\r\n<p><span style=\"font-family: Roboto; font-size: 14px;\">\r\n\r\n<\/span><\/p>\r\n<ol class=\"wp-block-list\">\r\n<li><span style=\"font-family: Roboto; font-size: 14px;\">Negatif PCR testinin sonucu (maksimum 72 saat \u00f6ncesini g\u00f6steren)\u00a0<\/span><\/li>\r\n<li><span style=\"font-family: Roboto; font-size: 14px;\">Bir antijen testinin sonucu (var\u0131\u015ftan en az 48 saat \u00f6nce)\u00a0<\/span><\/li>\r\n<li><span style=\"font-family: Roboto; font-size: 14px;\">\u0130ki doz a\u015f\u0131laman\u0131n resmi kan\u0131t\u0131\u00a0\u00a0<\/span><\/li>\r\n<\/ol>\r\n<p><span style=\"font-family: Roboto; font-size: 14px;\">\r\n\r\n<\/span><\/p>\r\n<ul class=\"wp-block-list\">\r\n<li><span style=\"font-family: Roboto; font-size: 14px;\">Ki\u015filer Almanya vize evrak teslimlerini a\u015fa\u011f\u0131da s\u0131ralanan Almanya d\u0131\u015f temsilciliklerine yapabilirler:\u00a0<\/span><\/li>\r\n<\/ul>\r\n<p><span style=\"font-family: Roboto; font-size: 14px;\">\r\n\r\n<\/span><\/p>\r\n<p><span style=\"font-family: Roboto; font-size: 14px;\">\u00a0 \u00a0 \u00a0 \u00a0 \u00a0 \u00a0 \u00a0 Almanya Ankara B\u00fcy\u00fckel\u00e7ili\u011fi\u00a0\u00a0<\/span><\/p>\r\n<p><span style=\"font-family: Roboto; font-size: 14px;\">\r\n\r\n<\/span><\/p>\r\n<p><span style=\"font-family: Roboto; font-size: 14px;\">\u00a0 \u00a0 \u00a0 \u00a0 \u00a0 \u00a0 \u00a0 Almanya \u0130stanbul Ba\u015fkonsoloslu\u011fu\u00a0<\/span><\/p>\r\n<p><span style=\"font-family: Roboto; font-size: 14px;\">\r\n\r\n<\/span><\/p>\r\n<p><span style=\"font-family: Roboto; font-size: 14px;\">\u00a0 \u00a0 \u00a0 \u00a0 \u00a0 \u00a0 \u00a0 Almanya \u0130zmir Ba\u015fkonsoloslu\u011fu\u00a0<\/span><\/p>\r\n<p><span style=\"font-family: Roboto; font-size: 14px;\">\r\n\r\n<\/span><\/p>\r\n<p><span style=\"font-family: Roboto; font-size: 14px;\">\u00a0 \u00a0 \u00a0 \u00a0 \u00a0 \u00a0 \u00a0 Almanya Antalya Konsoloslu\u011fu\u00a0\u00a0<\/span><\/p>\r\n<p><span style=\"font-family: Roboto; font-size: 14px;\">\r\n\r\n<\/span><\/p>\r\n<p><span style=\"font-family: Roboto; font-size: 14px;\">\u00a0 \u00a0 \u00a0 \u00a0 \u00a0 \u00a0 \u00a0 Almanya Fahri Konsolosluklar\u00a0<\/span><\/p>\r\n<p><span style=\"font-family: Roboto; font-size: 14px;\">\r\n\r\n<\/span><\/p>\r\n<ul class=\"wp-block-list\">\r\n<li><span style=\"font-family: Roboto; font-size: 14px;\">Ki\u015filer bireysel vize ba\u015fvurusunda bulunmak istemezlerse Almanya d\u0131\u015f temsilcilikleri taraf\u0131ndan onaylanm\u0131\u015f acenteler arac\u0131l\u0131\u011f\u0131yla ba\u015fvuruda bulunabilirler.\u00a0<\/span><\/li>\r\n<li><span style=\"font-family: Roboto; font-size: 14px;\">Almanya u\u00e7u\u015flar\u0131nda PCR test istenmektedir.\u00a0<\/span><\/li>\r\n<\/ul>\r\n<p><span style=\"font-family: Roboto;\"><\/span><\/p>","protected":false},"excerpt":{"rendered":"<p>Almanya Vizesi Covid-19 Tedbirleri T\u00fcrkiye Cumhuriyeti ve di\u011fer \u00fclkelerden Almanya&#8217;ya giri\u015flerde Covid-19 kapsam\u0131nda baz\u0131 yasaklar uygulanmaktad\u0131r. Hava yoluyla giri\u015fleri ger\u00e7ekle\u015ftirecek olan ki\u015filerin dijital giri\u015f kayd\u0131n\u0131 olu\u015fturmas\u0131 istenmektedir. Ayr\u0131ca son g\u00fcncellemelerle birlikte\u00a0Almanya Vizesi\u00a0alarak giri\u015f yapacak olan ki\u015filerin birtak\u0131m zorunlu testleri tamamlamas\u0131 istenmektedir. B\u00f6ylece ba\u011f\u0131\u015f\u0131kl\u0131\u011f\u0131n kan\u0131t\u0131 elde edilmeli ve karantinaya y\u00f6nelik baz\u0131 tedbirlere uyulmas\u0131 gerekmektedir.\u00a0Almanya\u00a0\u00fczerinden transit ge\u00e7i\u015flerde<\/p>\n","protected":false},"author":1,"featured_media":0,"parent":0,"menu_order":0,"comment_status":"closed","ping_status":"closed","template":"","meta":{"footnotes":""},"class_list":["post-150","page","type-page","status-publish","hentry"],"yoast_head":"<!-- This site is optimized with the Yoast SEO plugin v24.0 - https:\/\/yoast.com\/wordpress\/plugins\/seo\/ -->\n<title>Almanya Konsoloslu\u011fu Duyurular\u0131 - Almanya Vizesi - MyVize<\/title>\n<meta name=\"description\" content=\"Almanya Konsoloslu\u011fu Duyurular. Almanya Vizesi Duyurular. Almanya Vize \u0130\u015flemleri Duyurular. Almanya Vizesi \u0130le \u0130lgili Duyurular\u0131.\" \/>\n<meta name=\"robots\" content=\"index, follow, max-snippet:-1, max-image-preview:large, max-video-preview:-1\" \/>\n<link rel=\"canonical\" href=\"https:\/\/www.myvize.com.tr\/almanya\/duyurular\/\" \/>\n<meta property=\"og:locale\" content=\"tr_TR\" \/>\n<meta property=\"og:type\" content=\"article\" \/>\n<meta property=\"og:title\" content=\"Almanya Konsoloslu\u011fu Duyurular\u0131 - Almanya Vizesi - MyVize\" \/>\n<meta property=\"og:description\" content=\"Almanya Konsoloslu\u011fu Duyurular. Almanya Vizesi Duyurular. Almanya Vize \u0130\u015flemleri Duyurular. Almanya Vizesi \u0130le \u0130lgili Duyurular\u0131.\" \/>\n<meta property=\"og:url\" content=\"https:\/\/www.myvize.com.tr\/almanya\/duyurular\/\" \/>\n<meta property=\"og:site_name\" content=\"Almanya Vize\" \/>\n<meta property=\"article:modified_time\" content=\"2022-08-03T09:24:55+00:00\" \/>\n<meta name=\"twitter:card\" content=\"summary_large_image\" \/>\n<meta name=\"twitter:label1\" content=\"Tahmini okuma s\u00fcresi\" \/>\n\t<meta name=\"twitter:data1\" content=\"2 dakika\" \/>\n<script type=\"application\/ld+json\" class=\"yoast-schema-graph\">{\"@context\":\"https:\/\/schema.org\",\"@graph\":[{\"@type\":\"WebPage\",\"@id\":\"https:\/\/www.myvize.com.tr\/almanya\/duyurular\/\",\"url\":\"https:\/\/www.myvize.com.tr\/almanya\/duyurular\/\",\"name\":\"Almanya Konsoloslu\u011fu Duyurular\u0131 - Almanya Vizesi - MyVize\",\"isPartOf\":{\"@id\":\"https:\/\/www.myvize.com.tr\/almanya\/#website\"},\"datePublished\":\"2021-01-15T13:07:36+00:00\",\"dateModified\":\"2022-08-03T09:24:55+00:00\",\"description\":\"Almanya Konsoloslu\u011fu Duyurular. Almanya Vizesi Duyurular. Almanya Vize \u0130\u015flemleri Duyurular. Almanya Vizesi \u0130le \u0130lgili Duyurular\u0131.\",\"breadcrumb\":{\"@id\":\"https:\/\/www.myvize.com.tr\/almanya\/duyurular\/#breadcrumb\"},\"inLanguage\":\"tr\",\"potentialAction\":[{\"@type\":\"ReadAction\",\"target\":[\"https:\/\/www.myvize.com.tr\/almanya\/duyurular\/\"]}]},{\"@type\":\"BreadcrumbList\",\"@id\":\"https:\/\/www.myvize.com.tr\/almanya\/duyurular\/#breadcrumb\",\"itemListElement\":[{\"@type\":\"ListItem\",\"position\":1,\"name\":\"Anasayfa\",\"item\":\"https:\/\/www.myvize.com.tr\/almanya\/\"},{\"@type\":\"ListItem\",\"position\":2,\"name\":\"DUYURULAR\"}]},{\"@type\":\"WebSite\",\"@id\":\"https:\/\/www.myvize.com.tr\/almanya\/#website\",\"url\":\"https:\/\/www.myvize.com.tr\/almanya\/\",\"name\":\"Almanya Vize\",\"description\":\"\",\"potentialAction\":[{\"@type\":\"SearchAction\",\"target\":{\"@type\":\"EntryPoint\",\"urlTemplate\":\"https:\/\/www.myvize.com.tr\/almanya\/?s={search_term_string}\"},\"query-input\":{\"@type\":\"PropertyValueSpecification\",\"valueRequired\":true,\"valueName\":\"search_term_string\"}}],\"inLanguage\":\"tr\"}]}<\/script>\n<!-- \/ Yoast SEO plugin. -->","yoast_head_json":{"title":"Almanya Konsoloslu\u011fu Duyurular\u0131 - Almanya Vizesi - MyVize","description":"Almanya Konsoloslu\u011fu Duyurular. Almanya Vizesi Duyurular. Almanya Vize \u0130\u015flemleri Duyurular. Almanya Vizesi \u0130le \u0130lgili Duyurular\u0131.","robots":{"index":"index","follow":"follow","max-snippet":"max-snippet:-1","max-image-preview":"max-image-preview:large","max-video-preview":"max-video-preview:-1"},"canonical":"https:\/\/www.myvize.com.tr\/almanya\/duyurular\/","og_locale":"tr_TR","og_type":"article","og_title":"Almanya Konsoloslu\u011fu Duyurular\u0131 - Almanya Vizesi - MyVize","og_description":"Almanya Konsoloslu\u011fu Duyurular. Almanya Vizesi Duyurular. Almanya Vize \u0130\u015flemleri Duyurular. Almanya Vizesi \u0130le \u0130lgili Duyurular\u0131.","og_url":"https:\/\/www.myvize.com.tr\/almanya\/duyurular\/","og_site_name":"Almanya Vize","article_modified_time":"2022-08-03T09:24:55+00:00","twitter_card":"summary_large_image","twitter_misc":{"Tahmini okuma s\u00fcresi":"2 dakika"},"schema":{"@context":"https:\/\/schema.org","@graph":[{"@type":"WebPage","@id":"https:\/\/www.myvize.com.tr\/almanya\/duyurular\/","url":"https:\/\/www.myvize.com.tr\/almanya\/duyurular\/","name":"Almanya Konsoloslu\u011fu Duyurular\u0131 - Almanya Vizesi - MyVize","isPartOf":{"@id":"https:\/\/www.myvize.com.tr\/almanya\/#website"},"datePublished":"2021-01-15T13:07:36+00:00","dateModified":"2022-08-03T09:24:55+00:00","description":"Almanya Konsoloslu\u011fu Duyurular. Almanya Vizesi Duyurular. Almanya Vize \u0130\u015flemleri Duyurular. Almanya Vizesi \u0130le \u0130lgili Duyurular\u0131.","breadcrumb":{"@id":"https:\/\/www.myvize.com.tr\/almanya\/duyurular\/#breadcrumb"},"inLanguage":"tr","potentialAction":[{"@type":"ReadAction","target":["https:\/\/www.myvize.com.tr\/almanya\/duyurular\/"]}]},{"@type":"BreadcrumbList","@id":"https:\/\/www.myvize.com.tr\/almanya\/duyurular\/#breadcrumb","itemListElement":[{"@type":"ListItem","position":1,"name":"Anasayfa","item":"https:\/\/www.myvize.com.tr\/almanya\/"},{"@type":"ListItem","position":2,"name":"DUYURULAR"}]},{"@type":"WebSite","@id":"https:\/\/www.myvize.com.tr\/almanya\/#website","url":"https:\/\/www.myvize.com.tr\/almanya\/","name":"Almanya Vize","description":"","potentialAction":[{"@type":"SearchAction","target":{"@type":"EntryPoint","urlTemplate":"https:\/\/www.myvize.com.tr\/almanya\/?s={search_term_string}"},"query-input":{"@type":"PropertyValueSpecification","valueRequired":true,"valueName":"search_term_string"}}],"inLanguage":"tr"}]}},"_links":{"self":[{"href":"https:\/\/www.myvize.com.tr\/almanya\/wp-json\/wp\/v2\/pages\/150","targetHints":{"allow":["GET"]}}],"collection":[{"href":"https:\/\/www.myvize.com.tr\/almanya\/wp-json\/wp\/v2\/pages"}],"about":[{"href":"https:\/\/www.myvize.com.tr\/almanya\/wp-json\/wp\/v2\/types\/page"}],"author":[{"embeddable":true,"href":"https:\/\/www.myvize.com.tr\/almanya\/wp-json\/wp\/v2\/users\/1"}],"replies":[{"embeddable":true,"href":"https:\/\/www.myvize.com.tr\/almanya\/wp-json\/wp\/v2\/comments?post=150"}],"version-history":[{"count":5,"href":"https:\/\/www.myvize.com.tr\/almanya\/wp-json\/wp\/v2\/pages\/150\/revisions"}],"predecessor-version":[{"id":1712,"href":"https:\/\/www.myvize.com.tr\/almanya\/wp-json\/wp\/v2\/pages\/150\/revisions\/1712"}],"wp:attachment":[{"href":"https:\/\/www.myvize.com.tr\/almanya\/wp-json\/wp\/v2\/media?parent=150"}],"curies":[{"name":"wp","href":"https:\/\/api.w.org\/{rel}","templated":true}]}}