{"id":170,"date":"2021-01-15T16:16:34","date_gmt":"2021-01-15T13:16:34","guid":{"rendered":"https:\/\/www.myvize.com.tr\/almanya\/?page_id=170"},"modified":"2022-10-03T15:57:26","modified_gmt":"2022-10-03T12:57:26","slug":"ankara","status":"publish","type":"page","link":"https:\/\/www.myvize.com.tr\/almanya\/subelerimiz\/ankara\/","title":{"rendered":"Almanya Vizesi , Ankara"},"content":{"rendered":"<p><span style=\"font-family: Roboto;\"><\/span><\/p>\r\n<h2><strong><span style=\"font-size: 27px; font-family: Roboto;\">Almanya Ankara Vize Ba\u015fvuru \u015eubesi<\/span><\/strong><\/h2>\r\n<p><span style=\"font-family: Roboto; font-size: 14px;\"><strong>Almanya Ankara vize merkezi\u00a0<\/strong>sitemize ho\u015f geldiniz.<\/span><\/p>\r\n<p><span style=\"font-family: Roboto; font-size: 14px;\">\r\n\r\n<\/span><\/p>\r\n<p><span style=\"font-family: Roboto; font-size: 14px;\">Almanya vizesine Ankara\u2019dan ba\u015fvurmak isteyen ki\u015filer i\u00e7in haz\u0131rlanm\u0131\u015f olan bu sayfada, Almanya vizesi i\u00e7in genel bilgilendirme yap\u0131lmaktad\u0131r.\u00a0<strong>Almanya Ankara vize merkezi,\u00a0<\/strong>Almanya i\u00e7in kolay ve h\u0131zl\u0131 bir \u015fekilde vize alabilmeniz i\u00e7in size yard\u0131mc\u0131 olacakt\u0131r. \u00d6ncelikle seyahat amac\u0131n\u0131z\u0131n ne oldu\u011funu belirlemeniz ve bildirmeniz olduk\u00e7a fazla \u00f6nemlidir. \u00c7\u00fcnk\u00fc seyahat amac\u0131n\u0131za g\u00f6re evrak haz\u0131rlanacakt\u0131r.<\/span><\/p>\r\n<p><span style=\"font-family: Roboto; font-size: 14px;\">\r\n\r\n<\/span><\/p>\r\n<p><span style=\"font-family: Roboto; font-size: 14px;\"><strong>Almanya Ankara vize merkezi<\/strong>\u00a0ekip arkada\u015flar\u0131m\u0131z sizi bir konuda olduk\u00e7a dikkatli uyaracakt\u0131r. Schengen vize ba\u015fvuru \u015fartlar\u0131n\u0131 eksiksiz bir \u015fekilde sa\u011flamal\u0131s\u0131n\u0131z. Aksi taktirde Almanya i\u00e7in vize alman\u0131z imkans\u0131z hale gelebilir. Sizden istenilen evraklar\u0131 istenildi\u011fi \u015fekilde tamamlaman\u0131z gerekir. Alternatif olarak hangi evraklar\u0131 haz\u0131rlayabilirsiniz sorusunun cevaplar\u0131n\u0131\u00a0<strong>Almanya Ankara vize merkezi\u00a0<\/strong>uzman ekibinden alabilirsiniz.<\/span><\/p>\r\n<p><span style=\"font-family: Roboto; font-size: 14px;\">\r\n\r\n<\/span><\/p>\r\n<p><span style=\"font-family: Roboto; font-size: 14px;\">Ba\u015fvuru yap\u0131ld\u0131ktan sonra Konsolosluktan ya da merkezimizde bulunan uzman ekip arkada\u015flar\u0131m\u0131z taraf\u0131ndan yeni evraklar temin etmeniz talep edilir. T\u00fcm bu ko\u015fullarda istenilen evraklar\u0131 tamamlayamam\u0131\u015f ki\u015filer Konsoloslu\u011fa durumu ayr\u0131nt\u0131l\u0131 bir \u015fekilde anlatan mektup yazmal\u0131d\u0131r.<\/span><\/p>\r\n<p><span style=\"font-family: Roboto; font-size: 27px;\"><strong>Almanya Vize Ba\u015fvuru \u0130\u015flemleri<\/strong><\/span><\/p>\r\n<p><span style=\"font-family: Roboto; font-size: 14px;\">\r\n\r\n<\/span><span style=\"font-family: Roboto; font-size: 14px;\">\r\n\r\n<\/span><\/p>\r\n<p><span style=\"font-family: Roboto; font-size: 14px;\"><strong>Almanya Ankara vize merkezi\u00a0<\/strong>ile ba\u015fvuru yapmay\u0131 d\u00fc\u015f\u00fcnen bireylerin hafta i\u00e7i 09.00 \/ 19.00 veya hafta sonu 09.00 \/ 14.00 saatleri aras\u0131nda merkez ofisimize gelerek uzman ekip arkada\u015flar\u0131m\u0131zdan detayl\u0131 bilgi alabilirler. E\u011fer ileti\u015fim yolu ile ula\u015fmak isterlerse \u00e7a\u011fr\u0131 merkezimizi arayabilirler ve sitemizde bulunan e posta adresimizden bize ula\u015fabilirler. Detayl\u0131 bilgi verilerek size vize s\u00fcrecinin her a\u015famas\u0131n\u0131n i\u015fleyi\u015fini anlatabiliriz.<\/span><\/p>\r\n<p><span style=\"font-family: Roboto;\"><\/span><\/p>","protected":false},"excerpt":{"rendered":"<p>Almanya Ankara Vize Ba\u015fvuru \u015eubesi Almanya Ankara vize merkezi\u00a0sitemize ho\u015f geldiniz. Almanya vizesine Ankara\u2019dan ba\u015fvurmak isteyen ki\u015filer i\u00e7in haz\u0131rlanm\u0131\u015f olan bu sayfada, Almanya vizesi i\u00e7in genel bilgilendirme yap\u0131lmaktad\u0131r.\u00a0Almanya Ankara vize merkezi,\u00a0Almanya i\u00e7in kolay ve h\u0131zl\u0131 bir \u015fekilde vize alabilmeniz i\u00e7in size yard\u0131mc\u0131 olacakt\u0131r. \u00d6ncelikle seyahat amac\u0131n\u0131z\u0131n ne oldu\u011funu belirlemeniz ve bildirmeniz olduk\u00e7a fazla \u00f6nemlidir. \u00c7\u00fcnk\u00fc<\/p>\n","protected":false},"author":1,"featured_media":0,"parent":147,"menu_order":0,"comment_status":"open","ping_status":"closed","template":"","meta":{"footnotes":""},"class_list":["post-170","page","type-page","status-publish","hentry"],"yoast_head":"<!-- This site is optimized with the Yoast SEO plugin v24.0 - https:\/\/yoast.com\/wordpress\/plugins\/seo\/ -->\n<title>Almanya Ankara Vize Ba\u015fvuru Merkezimiz - MyVize<\/title>\n<meta name=\"description\" content=\"Almanya Vizesi Ankara Vize Ba\u015fvuru Merkezi. Almanya Vizesi Nas\u0131l Al\u0131n\u0131r? Almanya Vize Ba\u015fvuru Formu Nas\u0131l Doldurulur?Almanya Vize \u00dccreti.\" \/>\n<meta name=\"robots\" content=\"index, follow, max-snippet:-1, max-image-preview:large, max-video-preview:-1\" \/>\n<link rel=\"canonical\" href=\"https:\/\/www.myvize.com.tr\/almanya\/subelerimiz\/ankara\/\" \/>\n<meta property=\"og:locale\" content=\"tr_TR\" \/>\n<meta property=\"og:type\" content=\"article\" \/>\n<meta property=\"og:title\" content=\"Almanya Ankara Vize Ba\u015fvuru Merkezimiz - MyVize\" \/>\n<meta property=\"og:description\" content=\"Almanya Vizesi Ankara Vize Ba\u015fvuru Merkezi. Almanya Vizesi Nas\u0131l Al\u0131n\u0131r? Almanya Vize Ba\u015fvuru Formu Nas\u0131l Doldurulur?Almanya Vize \u00dccreti.\" \/>\n<meta property=\"og:url\" content=\"https:\/\/www.myvize.com.tr\/almanya\/subelerimiz\/ankara\/\" \/>\n<meta property=\"og:site_name\" content=\"Almanya Vize\" \/>\n<meta property=\"article:modified_time\" content=\"2022-10-03T12:57:26+00:00\" \/>\n<meta name=\"twitter:card\" content=\"summary_large_image\" \/>\n<meta name=\"twitter:label1\" content=\"Tahmini okuma s\u00fcresi\" \/>\n\t<meta name=\"twitter:data1\" content=\"1 dakika\" \/>\n<script type=\"application\/ld+json\" class=\"yoast-schema-graph\">{\"@context\":\"https:\/\/schema.org\",\"@graph\":[{\"@type\":\"WebPage\",\"@id\":\"https:\/\/www.myvize.com.tr\/almanya\/subelerimiz\/ankara\/\",\"url\":\"https:\/\/www.myvize.com.tr\/almanya\/subelerimiz\/ankara\/\",\"name\":\"Almanya Ankara Vize Ba\u015fvuru Merkezimiz - MyVize\",\"isPartOf\":{\"@id\":\"https:\/\/www.myvize.com.tr\/almanya\/#website\"},\"datePublished\":\"2021-01-15T13:16:34+00:00\",\"dateModified\":\"2022-10-03T12:57:26+00:00\",\"description\":\"Almanya Vizesi Ankara Vize Ba\u015fvuru Merkezi. Almanya Vizesi Nas\u0131l Al\u0131n\u0131r? Almanya Vize Ba\u015fvuru Formu Nas\u0131l Doldurulur?Almanya Vize \u00dccreti.\",\"breadcrumb\":{\"@id\":\"https:\/\/www.myvize.com.tr\/almanya\/subelerimiz\/ankara\/#breadcrumb\"},\"inLanguage\":\"tr\",\"potentialAction\":[{\"@type\":\"ReadAction\",\"target\":[\"https:\/\/www.myvize.com.tr\/almanya\/subelerimiz\/ankara\/\"]}]},{\"@type\":\"BreadcrumbList\",\"@id\":\"https:\/\/www.myvize.com.tr\/almanya\/subelerimiz\/ankara\/#breadcrumb\",\"itemListElement\":[{\"@type\":\"ListItem\",\"position\":1,\"name\":\"Anasayfa\",\"item\":\"https:\/\/www.myvize.com.tr\/almanya\/\"},{\"@type\":\"ListItem\",\"position\":2,\"name\":\"\u015eUBELER\u0130M\u0130Z\",\"item\":\"https:\/\/www.myvize.com.tr\/almanya\/subelerimiz\/\"},{\"@type\":\"ListItem\",\"position\":3,\"name\":\"Almanya Vizesi , Ankara\"}]},{\"@type\":\"WebSite\",\"@id\":\"https:\/\/www.myvize.com.tr\/almanya\/#website\",\"url\":\"https:\/\/www.myvize.com.tr\/almanya\/\",\"name\":\"Almanya Vize\",\"description\":\"\",\"potentialAction\":[{\"@type\":\"SearchAction\",\"target\":{\"@type\":\"EntryPoint\",\"urlTemplate\":\"https:\/\/www.myvize.com.tr\/almanya\/?s={search_term_string}\"},\"query-input\":{\"@type\":\"PropertyValueSpecification\",\"valueRequired\":true,\"valueName\":\"search_term_string\"}}],\"inLanguage\":\"tr\"}]}<\/script>\n<!-- \/ Yoast SEO plugin. -->","yoast_head_json":{"title":"Almanya Ankara Vize Ba\u015fvuru Merkezimiz - MyVize","description":"Almanya Vizesi Ankara Vize Ba\u015fvuru Merkezi. Almanya Vizesi Nas\u0131l Al\u0131n\u0131r? Almanya Vize Ba\u015fvuru Formu Nas\u0131l Doldurulur?Almanya Vize \u00dccreti.","robots":{"index":"index","follow":"follow","max-snippet":"max-snippet:-1","max-image-preview":"max-image-preview:large","max-video-preview":"max-video-preview:-1"},"canonical":"https:\/\/www.myvize.com.tr\/almanya\/subelerimiz\/ankara\/","og_locale":"tr_TR","og_type":"article","og_title":"Almanya Ankara Vize Ba\u015fvuru Merkezimiz - MyVize","og_description":"Almanya Vizesi Ankara Vize Ba\u015fvuru Merkezi. Almanya Vizesi Nas\u0131l Al\u0131n\u0131r? Almanya Vize Ba\u015fvuru Formu Nas\u0131l Doldurulur?Almanya Vize \u00dccreti.","og_url":"https:\/\/www.myvize.com.tr\/almanya\/subelerimiz\/ankara\/","og_site_name":"Almanya Vize","article_modified_time":"2022-10-03T12:57:26+00:00","twitter_card":"summary_large_image","twitter_misc":{"Tahmini okuma s\u00fcresi":"1 dakika"},"schema":{"@context":"https:\/\/schema.org","@graph":[{"@type":"WebPage","@id":"https:\/\/www.myvize.com.tr\/almanya\/subelerimiz\/ankara\/","url":"https:\/\/www.myvize.com.tr\/almanya\/subelerimiz\/ankara\/","name":"Almanya Ankara Vize Ba\u015fvuru Merkezimiz - MyVize","isPartOf":{"@id":"https:\/\/www.myvize.com.tr\/almanya\/#website"},"datePublished":"2021-01-15T13:16:34+00:00","dateModified":"2022-10-03T12:57:26+00:00","description":"Almanya Vizesi Ankara Vize Ba\u015fvuru Merkezi. Almanya Vizesi Nas\u0131l Al\u0131n\u0131r? Almanya Vize Ba\u015fvuru Formu Nas\u0131l Doldurulur?Almanya Vize \u00dccreti.","breadcrumb":{"@id":"https:\/\/www.myvize.com.tr\/almanya\/subelerimiz\/ankara\/#breadcrumb"},"inLanguage":"tr","potentialAction":[{"@type":"ReadAction","target":["https:\/\/www.myvize.com.tr\/almanya\/subelerimiz\/ankara\/"]}]},{"@type":"BreadcrumbList","@id":"https:\/\/www.myvize.com.tr\/almanya\/subelerimiz\/ankara\/#breadcrumb","itemListElement":[{"@type":"ListItem","position":1,"name":"Anasayfa","item":"https:\/\/www.myvize.com.tr\/almanya\/"},{"@type":"ListItem","position":2,"name":"\u015eUBELER\u0130M\u0130Z","item":"https:\/\/www.myvize.com.tr\/almanya\/subelerimiz\/"},{"@type":"ListItem","position":3,"name":"Almanya Vizesi , Ankara"}]},{"@type":"WebSite","@id":"https:\/\/www.myvize.com.tr\/almanya\/#website","url":"https:\/\/www.myvize.com.tr\/almanya\/","name":"Almanya Vize","description":"","potentialAction":[{"@type":"SearchAction","target":{"@type":"EntryPoint","urlTemplate":"https:\/\/www.myvize.com.tr\/almanya\/?s={search_term_string}"},"query-input":{"@type":"PropertyValueSpecification","valueRequired":true,"valueName":"search_term_string"}}],"inLanguage":"tr"}]}},"_links":{"self":[{"href":"https:\/\/www.myvize.com.tr\/almanya\/wp-json\/wp\/v2\/pages\/170","targetHints":{"allow":["GET"]}}],"collection":[{"href":"https:\/\/www.myvize.com.tr\/almanya\/wp-json\/wp\/v2\/pages"}],"about":[{"href":"https:\/\/www.myvize.com.tr\/almanya\/wp-json\/wp\/v2\/types\/page"}],"author":[{"embeddable":true,"href":"https:\/\/www.myvize.com.tr\/almanya\/wp-json\/wp\/v2\/users\/1"}],"replies":[{"embeddable":true,"href":"https:\/\/www.myvize.com.tr\/almanya\/wp-json\/wp\/v2\/comments?post=170"}],"version-history":[{"count":6,"href":"https:\/\/www.myvize.com.tr\/almanya\/wp-json\/wp\/v2\/pages\/170\/revisions"}],"predecessor-version":[{"id":1748,"href":"https:\/\/www.myvize.com.tr\/almanya\/wp-json\/wp\/v2\/pages\/170\/revisions\/1748"}],"up":[{"embeddable":true,"href":"https:\/\/www.myvize.com.tr\/almanya\/wp-json\/wp\/v2\/pages\/147"}],"wp:attachment":[{"href":"https:\/\/www.myvize.com.tr\/almanya\/wp-json\/wp\/v2\/media?parent=170"}],"curies":[{"name":"wp","href":"https:\/\/api.w.org\/{rel}","templated":true}]}}