{"id":180,"date":"2021-01-15T16:17:57","date_gmt":"2021-01-15T13:17:57","guid":{"rendered":"https:\/\/www.myvize.com.tr\/almanya\/?page_id=180"},"modified":"2022-04-01T14:37:48","modified_gmt":"2022-04-01T11:37:48","slug":"istanbul","status":"publish","type":"page","link":"https:\/\/www.myvize.com.tr\/almanya\/subelerimiz\/istanbul\/","title":{"rendered":"\u0130stanbul"},"content":{"rendered":"<h2><strong><span style=\"font-family: Roboto; font-size: 27px;\">\u0130stanbul Almanya Vize Ba\u015fvuru Merkezi<\/span><\/strong><\/h2>\n<p><span style=\"font-family: Roboto; font-size: 14px;\"><strong><span style=\"color: #2acec2;\"><a style=\"color: #2acec2;\" href=\"https:\/\/www.myvize.com.tr\/almanya\/\" target=\"_blank\" rel=\"noopener noreferrer\">Almanya<\/a><\/span><\/strong> vatanda\u015flar\u0131 ve \u0130stanbul Almanya Konsoloslu\u011fu&#8217;nun g\u00f6rev b\u00f6lgesi i\u00e7inde ya\u015f\u0131yorsan\u0131z Almanya\u2019ya seyahat etmek istiyorsan\u0131z T\u00fcrkiye Cumhuriyeti vatanda\u015f\u0131ysan\u0131z, Almanya vizenizi veren kurulu\u015f \u0130stanbul Almanya Konsoloslu\u011fu&#8217;dur. Almanya\u2019ya k\u0131sa s\u00fcreli olarak gidecekseniz ba\u015fvurular\u0131n\u0131z i\u00e7in\u00a0 <strong>Almanya Konsolosluklar\u0131<\/strong> ve Almanya Konsolosluklar\u0131n\u0131n yetkilendirdi\u011fi <span style=\"color: #2acec2;\"><strong><a style=\"color: #2acec2;\" href=\"https:\/\/www.myvize.com.tr\/almanya\/vize-islemleri\/almanya-vize-basvurusu\/\" target=\"_blank\" rel=\"noopener noreferrer\">Almanya vize ba\u015fvurusu<\/a><\/strong><\/span> merkezleri veya vize ba\u015fvuru hizmeti veriyor oldu\u011fumz \u015firketimiz ile sorunsuz bir ba\u015fvuru s\u00fcreci ge\u00e7irebilirsiniz. Vize ba\u015fvurunuzu yaparken ya\u015fad\u0131\u011f\u0131n\u0131z yer ve hangi Alman Konsoloslu\u011funun ya da Almanya\u00a0 T\u00fcrkiye temsilcili\u011finin g\u00f6rev b\u00f6lgesi i\u00e7inde oldu\u011funuza bakman\u0131z gerekiyor.<\/span><\/p>\n<h2><strong><span style=\"font-family: Roboto; font-size: 27px;\">Almanya \u0130stanbul Ba\u015fkonsoloslu\u011fu G\u00f6rev B\u00f6lgesi Nedir?<\/span><\/strong><\/h2>\n<p><span style=\"font-family: Roboto; font-size: 14px;\">Bal\u0131kesir, Bilecik, Bolu, Bursa, \u00c7anakkale, D\u00fczce, Edirne, Eski\u015fehir, \u0130stanbul, K\u0131rklareli, Kocaeli, Tekirda\u011f, Sakarya, Yalova<\/span><\/p>\n<h2><strong><span style=\"font-family: Roboto; font-size: 27px;\">\u0130stanbul Almanya Konsoloslu\u011fu \u00c7al\u0131\u015fma Saatleri Nedir?<\/span><\/strong><\/h2>\n<p><span style=\"font-family: Roboto; font-size: 14px;\">Pazartesi &#8211; Per\u015fembe : \u00a007.30 &#8211; 16.00\u00a0<\/span><br \/>\n<span style=\"font-family: Roboto; font-size: 14px;\">Cuma \u00a0 \u00a0 \u00a0 \u00a0 \u00a0 \u00a0 \u00a0 \u00a0 \u00a0: \u00a007.30 &#8211; 13.00\u00a0<\/span><\/p>\n<p><span style=\"font-family: Roboto; font-size: 14px;\"><strong>Almanya Ba\u015fkonsoloslu\u011fu<\/strong> \u0130stanbul Schengen Vize B\u00f6l\u00fcm\u00fc<\/span><br \/>\n<span style=\"font-family: Roboto; font-size: 14px;\">Pazartesi &#8211; Per\u015fembe : \u00a007.15 &#8211; 16.00\u00a0<\/span><br \/>\n<span style=\"font-family: Roboto; font-size: 14px;\">Cuma \u00a0 \u00a0 \u00a0 \u00a0 \u00a0 \u00a0 \u00a0 \u00a0 \u00a0: \u00a007.15 &#8211; 13.00\u00a0<\/span><\/p>\n<p><span style=\"font-family: Roboto; font-size: 14px;\">Almanya Ba\u015fkonsoloslu\u011fu \u0130stanbul Almanya Ulusal Vize B\u00f6l\u00fcm\u00fc \u00c7al\u0131\u015fma Saatleri<\/span><br \/>\n<span style=\"font-family: Roboto; font-size: 14px;\">Pazartesi &#8211; Cuma \u00a0 \u00a0 : \u00a008.00 \u2013 12.00\u00a0<\/span><\/p>\n<p><span style=\"font-family: Roboto; font-size: 14px;\"><strong>Alman Ba\u015fkonsoloslu\u011fu<\/strong> \u0130stanbul Pasaport B\u00f6l\u00fcm\u00fc<\/span><br \/>\n<span style=\"font-family: Roboto; font-size: 14px;\">Pazartesi &#8211; Per\u015fembe : \u00a013.00 &#8211; 15.00<\/span><\/p>\n<h2><strong><span style=\"font-family: Roboto; font-size: 27px;\">Almanya Konsoloslu\u011fu Vize Ba\u015fvurusu Nas\u0131l Yap\u0131l\u0131r?<\/span><\/strong><\/h2>\n<p><span style=\"font-family: Roboto; font-size: 14px;\">Almanya&#8217;ya seyahat edecekseniz T\u00fcrkiye Cumhuriyeti vatanda\u015f\u0131ysan\u0131z, T\u00fcrkiye&#8217;de kalma izni sahibi\u00a0 \u00fc\u00e7\u00fcnc\u00fc \u00fclke vatanda\u015f\u0131ysan\u0131z vize ba\u015fvurular\u0131n\u0131z i\u00e7in yetkili yer <a href=\"https:\/\/www.myvize.com.tr\/almanya\/konsolosluklar\/almanya-baskonsoloslugu-istanbul\/\" target=\"_blank\" rel=\"noopener noreferrer\"><span style=\"color: #2acec2;\"><strong>Almanya Ba\u015fkonsoloslu\u011fu<\/strong> <strong>\u0130stanbul<\/strong><\/span> <\/a>ve Almanya Ankara B\u00fcy\u00fckel\u00e7ili\u011fidir. Vize ba\u015fvurunuzu\u00a0 \u0130stanbul Almanya Konsoloslu\u011fu&#8217;na direkt sizin gidip ba\u015fvuru yapman\u0131z gerekiyor ya da vize dan\u0131\u015fmanl\u0131k hizmeti veriyor oldu\u011fumuz\u00a0 \u015firketimiz arac\u0131l\u0131\u011f\u0131 ile eksiksiz ve sorunsuz bir \u015fekilde <strong>vize ba\u015fvuru<\/strong> s\u00fcreci ge\u00e7irebilirsiniz.<\/span><\/p>\n","protected":false},"excerpt":{"rendered":"<p>\u0130stanbul Almanya Vize Ba\u015fvuru Merkezi Almanya vatanda\u015flar\u0131 ve \u0130stanbul Almanya Konsoloslu\u011fu&#8217;nun g\u00f6rev b\u00f6lgesi i\u00e7inde ya\u015f\u0131yorsan\u0131z Almanya\u2019ya seyahat etmek istiyorsan\u0131z T\u00fcrkiye Cumhuriyeti vatanda\u015f\u0131ysan\u0131z, Almanya vizenizi veren kurulu\u015f \u0130stanbul Almanya Konsoloslu\u011fu&#8217;dur. Almanya\u2019ya k\u0131sa s\u00fcreli olarak gidecekseniz ba\u015fvurular\u0131n\u0131z i\u00e7in\u00a0 Almanya Konsolosluklar\u0131 ve Almanya Konsolosluklar\u0131n\u0131n yetkilendirdi\u011fi Almanya vize ba\u015fvurusu merkezleri veya vize ba\u015fvuru hizmeti veriyor oldu\u011fumz \u015firketimiz ile sorunsuz<\/p>\n","protected":false},"author":1,"featured_media":0,"parent":147,"menu_order":0,"comment_status":"open","ping_status":"closed","template":"","meta":{"footnotes":""},"class_list":["post-180","page","type-page","status-publish","hentry"],"yoast_head":"<!-- This site is optimized with the Yoast SEO plugin v24.0 - https:\/\/yoast.com\/wordpress\/plugins\/seo\/ -->\n<title>Almanya \u0130stanbul Vize Ba\u015fvuru Merkezimiz - MyVize<\/title>\n<meta name=\"description\" content=\"Almanya Vizesi \u0130stanbul Vize Ba\u015fvuru Merkezi. Almanya Vizesi Nas\u0131l Al\u0131n\u0131r? Almanya Vize Ba\u015fvurusu Nas\u0131l Yap\u0131l\u0131r? Almanya Vize \u00dccreti Nedir?\" \/>\n<meta name=\"robots\" content=\"index, follow, max-snippet:-1, max-image-preview:large, max-video-preview:-1\" \/>\n<link rel=\"canonical\" href=\"https:\/\/www.myvize.com.tr\/almanya\/subelerimiz\/istanbul\/\" \/>\n<meta property=\"og:locale\" content=\"tr_TR\" \/>\n<meta property=\"og:type\" content=\"article\" \/>\n<meta property=\"og:title\" content=\"Almanya \u0130stanbul Vize Ba\u015fvuru Merkezimiz - MyVize\" \/>\n<meta property=\"og:description\" content=\"Almanya Vizesi \u0130stanbul Vize Ba\u015fvuru Merkezi. Almanya Vizesi Nas\u0131l Al\u0131n\u0131r? Almanya Vize Ba\u015fvurusu Nas\u0131l Yap\u0131l\u0131r? Almanya Vize \u00dccreti Nedir?\" \/>\n<meta property=\"og:url\" content=\"https:\/\/www.myvize.com.tr\/almanya\/subelerimiz\/istanbul\/\" \/>\n<meta property=\"og:site_name\" content=\"Almanya Vize\" \/>\n<meta property=\"article:modified_time\" content=\"2022-04-01T11:37:48+00:00\" \/>\n<meta name=\"twitter:card\" content=\"summary_large_image\" \/>\n<meta name=\"twitter:label1\" content=\"Tahmini okuma s\u00fcresi\" \/>\n\t<meta name=\"twitter:data1\" content=\"1 dakika\" \/>\n<script type=\"application\/ld+json\" class=\"yoast-schema-graph\">{\"@context\":\"https:\/\/schema.org\",\"@graph\":[{\"@type\":\"WebPage\",\"@id\":\"https:\/\/www.myvize.com.tr\/almanya\/subelerimiz\/istanbul\/\",\"url\":\"https:\/\/www.myvize.com.tr\/almanya\/subelerimiz\/istanbul\/\",\"name\":\"Almanya \u0130stanbul Vize Ba\u015fvuru Merkezimiz - MyVize\",\"isPartOf\":{\"@id\":\"https:\/\/www.myvize.com.tr\/almanya\/#website\"},\"datePublished\":\"2021-01-15T13:17:57+00:00\",\"dateModified\":\"2022-04-01T11:37:48+00:00\",\"description\":\"Almanya Vizesi \u0130stanbul Vize Ba\u015fvuru Merkezi. Almanya Vizesi Nas\u0131l Al\u0131n\u0131r? Almanya Vize Ba\u015fvurusu Nas\u0131l Yap\u0131l\u0131r? Almanya Vize \u00dccreti Nedir?\",\"breadcrumb\":{\"@id\":\"https:\/\/www.myvize.com.tr\/almanya\/subelerimiz\/istanbul\/#breadcrumb\"},\"inLanguage\":\"tr\",\"potentialAction\":[{\"@type\":\"ReadAction\",\"target\":[\"https:\/\/www.myvize.com.tr\/almanya\/subelerimiz\/istanbul\/\"]}]},{\"@type\":\"BreadcrumbList\",\"@id\":\"https:\/\/www.myvize.com.tr\/almanya\/subelerimiz\/istanbul\/#breadcrumb\",\"itemListElement\":[{\"@type\":\"ListItem\",\"position\":1,\"name\":\"Anasayfa\",\"item\":\"https:\/\/www.myvize.com.tr\/almanya\/\"},{\"@type\":\"ListItem\",\"position\":2,\"name\":\"\u015eUBELER\u0130M\u0130Z\",\"item\":\"https:\/\/www.myvize.com.tr\/almanya\/subelerimiz\/\"},{\"@type\":\"ListItem\",\"position\":3,\"name\":\"\u0130stanbul\"}]},{\"@type\":\"WebSite\",\"@id\":\"https:\/\/www.myvize.com.tr\/almanya\/#website\",\"url\":\"https:\/\/www.myvize.com.tr\/almanya\/\",\"name\":\"Almanya Vize\",\"description\":\"\",\"potentialAction\":[{\"@type\":\"SearchAction\",\"target\":{\"@type\":\"EntryPoint\",\"urlTemplate\":\"https:\/\/www.myvize.com.tr\/almanya\/?s={search_term_string}\"},\"query-input\":{\"@type\":\"PropertyValueSpecification\",\"valueRequired\":true,\"valueName\":\"search_term_string\"}}],\"inLanguage\":\"tr\"}]}<\/script>\n<!-- \/ Yoast SEO plugin. -->","yoast_head_json":{"title":"Almanya \u0130stanbul Vize Ba\u015fvuru Merkezimiz - MyVize","description":"Almanya Vizesi \u0130stanbul Vize Ba\u015fvuru Merkezi. Almanya Vizesi Nas\u0131l Al\u0131n\u0131r? Almanya Vize Ba\u015fvurusu Nas\u0131l Yap\u0131l\u0131r? Almanya Vize \u00dccreti Nedir?","robots":{"index":"index","follow":"follow","max-snippet":"max-snippet:-1","max-image-preview":"max-image-preview:large","max-video-preview":"max-video-preview:-1"},"canonical":"https:\/\/www.myvize.com.tr\/almanya\/subelerimiz\/istanbul\/","og_locale":"tr_TR","og_type":"article","og_title":"Almanya \u0130stanbul Vize Ba\u015fvuru Merkezimiz - MyVize","og_description":"Almanya Vizesi \u0130stanbul Vize Ba\u015fvuru Merkezi. Almanya Vizesi Nas\u0131l Al\u0131n\u0131r? Almanya Vize Ba\u015fvurusu Nas\u0131l Yap\u0131l\u0131r? Almanya Vize \u00dccreti Nedir?","og_url":"https:\/\/www.myvize.com.tr\/almanya\/subelerimiz\/istanbul\/","og_site_name":"Almanya Vize","article_modified_time":"2022-04-01T11:37:48+00:00","twitter_card":"summary_large_image","twitter_misc":{"Tahmini okuma s\u00fcresi":"1 dakika"},"schema":{"@context":"https:\/\/schema.org","@graph":[{"@type":"WebPage","@id":"https:\/\/www.myvize.com.tr\/almanya\/subelerimiz\/istanbul\/","url":"https:\/\/www.myvize.com.tr\/almanya\/subelerimiz\/istanbul\/","name":"Almanya \u0130stanbul Vize Ba\u015fvuru Merkezimiz - MyVize","isPartOf":{"@id":"https:\/\/www.myvize.com.tr\/almanya\/#website"},"datePublished":"2021-01-15T13:17:57+00:00","dateModified":"2022-04-01T11:37:48+00:00","description":"Almanya Vizesi \u0130stanbul Vize Ba\u015fvuru Merkezi. Almanya Vizesi Nas\u0131l Al\u0131n\u0131r? Almanya Vize Ba\u015fvurusu Nas\u0131l Yap\u0131l\u0131r? Almanya Vize \u00dccreti Nedir?","breadcrumb":{"@id":"https:\/\/www.myvize.com.tr\/almanya\/subelerimiz\/istanbul\/#breadcrumb"},"inLanguage":"tr","potentialAction":[{"@type":"ReadAction","target":["https:\/\/www.myvize.com.tr\/almanya\/subelerimiz\/istanbul\/"]}]},{"@type":"BreadcrumbList","@id":"https:\/\/www.myvize.com.tr\/almanya\/subelerimiz\/istanbul\/#breadcrumb","itemListElement":[{"@type":"ListItem","position":1,"name":"Anasayfa","item":"https:\/\/www.myvize.com.tr\/almanya\/"},{"@type":"ListItem","position":2,"name":"\u015eUBELER\u0130M\u0130Z","item":"https:\/\/www.myvize.com.tr\/almanya\/subelerimiz\/"},{"@type":"ListItem","position":3,"name":"\u0130stanbul"}]},{"@type":"WebSite","@id":"https:\/\/www.myvize.com.tr\/almanya\/#website","url":"https:\/\/www.myvize.com.tr\/almanya\/","name":"Almanya Vize","description":"","potentialAction":[{"@type":"SearchAction","target":{"@type":"EntryPoint","urlTemplate":"https:\/\/www.myvize.com.tr\/almanya\/?s={search_term_string}"},"query-input":{"@type":"PropertyValueSpecification","valueRequired":true,"valueName":"search_term_string"}}],"inLanguage":"tr"}]}},"_links":{"self":[{"href":"https:\/\/www.myvize.com.tr\/almanya\/wp-json\/wp\/v2\/pages\/180","targetHints":{"allow":["GET"]}}],"collection":[{"href":"https:\/\/www.myvize.com.tr\/almanya\/wp-json\/wp\/v2\/pages"}],"about":[{"href":"https:\/\/www.myvize.com.tr\/almanya\/wp-json\/wp\/v2\/types\/page"}],"author":[{"embeddable":true,"href":"https:\/\/www.myvize.com.tr\/almanya\/wp-json\/wp\/v2\/users\/1"}],"replies":[{"embeddable":true,"href":"https:\/\/www.myvize.com.tr\/almanya\/wp-json\/wp\/v2\/comments?post=180"}],"version-history":[{"count":6,"href":"https:\/\/www.myvize.com.tr\/almanya\/wp-json\/wp\/v2\/pages\/180\/revisions"}],"predecessor-version":[{"id":1675,"href":"https:\/\/www.myvize.com.tr\/almanya\/wp-json\/wp\/v2\/pages\/180\/revisions\/1675"}],"up":[{"embeddable":true,"href":"https:\/\/www.myvize.com.tr\/almanya\/wp-json\/wp\/v2\/pages\/147"}],"wp:attachment":[{"href":"https:\/\/www.myvize.com.tr\/almanya\/wp-json\/wp\/v2\/media?parent=180"}],"curies":[{"name":"wp","href":"https:\/\/api.w.org\/{rel}","templated":true}]}}