{"id":272,"date":"2021-01-20T15:12:58","date_gmt":"2021-01-20T12:12:58","guid":{"rendered":"https:\/\/www.myvize.com.tr\/almanya\/?page_id=272"},"modified":"2022-06-13T15:41:09","modified_gmt":"2022-06-13T12:41:09","slug":"vize-islem-takip-belgesi","status":"publish","type":"page","link":"https:\/\/www.myvize.com.tr\/almanya\/form-ve-dilekce\/vize-islem-takip-belgesi\/","title":{"rendered":"Almanya Vize \u0130\u015flem Takip Belgesi"},"content":{"rendered":"<p><span style=\"font-family: Roboto;\"><\/span><\/p>\r\n<h2><span style=\"font-family: Roboto; font-size: 27px;\"><strong>Almanya Vize \u0130\u015flem Takip Belgesi Hakk\u0131nda<\/strong><\/span><\/h2>\r\n<p><span style=\"font-family: Roboto; font-size: 14px;\"><span style=\"color: #2acec2;\"><strong><a style=\"color: #2acec2;\" href=\"https:\/\/www.myvize.com.tr\/almanya\/vize-islemleri\/almanya-vizesi\/\" target=\"_blank\" rel=\"noopener\">Almanya vizesi\u00a0<\/a><\/strong><\/span>almak i\u00e7in gerekli olan belgelerden biri olan vize takip belgesi, eksiksiz doldurman\u0131z gereken bir formdur.\u00a0<strong>Almanya vize i\u015flem<\/strong>\u00a0takip belgesi ba\u015fvuru yapt\u0131\u011f\u0131n\u0131z konsolosluklardan veya arac\u0131 kurumlardan temin edilebilmektedir.\u00a0<strong>Almanya vize<\/strong>\u00a0i\u015flemlerinizin sorunsuzca temin edilebilmesi i\u00e7in bir arac\u0131 kurumla anla\u015fabilirsiniz. Arac\u0131 kurumlar, t\u00fcm vize i\u015flemlerinizi sizin ad\u0131n\u0131za y\u00fcr\u00fcten, belgelerinizin takibini yapan g\u00fcvenilir firmalard\u0131r. \u0130yi derecede Almanca bilgisine sahip olan vize uzmanlar\u0131 sayesinde t\u00fcm vize i\u015flemleriniz garantili olarak yap\u0131lmaktad\u0131r. Uzman vize dan\u0131\u015fmanlar\u0131, mesle\u011finize ve yolculu\u011funuzun t\u00fcr\u00fcne en uygun belgelerin haz\u0131rlanmas\u0131nda size yard\u0131mc\u0131 olacakt\u0131r. Bu y\u00fczden vizelerinizin ba\u015fvurular\u0131n\u0131 bir arac\u0131 kurum ile yapmak, size hem zaman kazand\u0131racak hem de onay alma olas\u0131l\u0131\u011f\u0131n\u0131z\u0131 art\u0131racakt\u0131r. Hem belgelerin haz\u0131rlanmas\u0131nda hem de teslim edilmesi s\u00fcrecinde uzmanlar, vize i\u015flemlerini hatas\u0131z olarak ger\u00e7ekle\u015ftirecektir. Eksik belge veya hatal\u0131 belge teslim edildi\u011finde vize i\u015flemleri iptal edilerek, ba\u015fvuru reddedilmektedir.<\/span><\/p>\r\n<p><span style=\"font-family: Roboto; font-size: 14px;\"><\/span><\/p>\r\n<p><span style=\"font-family: Roboto; font-size: 14px;\"><img decoding=\"async\" src=\"https:\/\/www.myvize.com.tr\/almanya\/wp-content\/uploads\/2021\/09\/74.jpg\" \/><\/span><\/p>\r\n<p><span style=\"font-family: Roboto; font-size: 14px;\"><\/span><\/p>\r\n<p><span style=\"font-family: Roboto; font-size: 14px;\"><strong>Almanya\u2019n\u0131n vize<\/strong> i\u015flemlerinde al\u0131nmas\u0131 gereken bir belge olan vize i\u015flem takip belgesi formunun, eksiksiz ve do\u011fru olarak vize dan\u0131\u015fmanlar\u0131n\u0131n yard\u0131m\u0131yla doldurulmas\u0131 gerekmektedir. Ba\u015fvurdu\u011funuz kurumun vize dan\u0131\u015fmanlar\u0131 sizden gerekli g\u00f6rd\u00fckleri bilgileri alarak bu formu sizinle birlikte dolduracaklard\u0131r. Vize ba\u015fvurunuz i\u00e7in ihtiyac\u0131n\u0131z olan t\u00fcm evraklar, konsolosluk taraf\u0131ndan bildirilmi\u015ftir. Bu belgelerden biri de seyahat sigortas\u0131 belgesidir. Sigorta masraflar\u0131 ve vize \u00fccretleri, vize takip merkezine zaman\u0131nda teslim edilmelidir.<\/span><\/p>\r\n<p><span style=\"font-family: Roboto; font-size: 14px;\">\r\n\r\n<\/span><\/p>\r\n<p><span style=\"font-family: Roboto; font-size: 14px;\">Ba\u015fvuru sahibi, vize i\u015flemlerinin takibi i\u00e7in pasaportunu vize merkezine teslim etmelidir. Teslim edilen pasaport, en az 6 ay ge\u00e7erli olmal\u0131, pasaport imza sayfas\u0131 imzal\u0131 olmal\u0131, pasaportta en az bo\u015f 2 sayfa olmal\u0131d\u0131r. Ba\u015fvuru sahibi, seyahat s\u00fcresini kesin olarak planlam\u0131\u015f olmal\u0131, k\u0131sa s\u00fcreli yolculuklarda C tipi, uzun s\u00fcreli yolculuklarda D tipi Schengen vizesi tercih edilmesi gerekti\u011fi unutulmamal\u0131d\u0131r. Vize ba\u015fvurular\u0131, arac\u0131 kurumlardan takip yard\u0131m\u0131 al\u0131nd\u0131\u011f\u0131 takdirde resmi tatiller hari\u00e7 olmak \u00fczere 15 i\u015f g\u00fcn\u00fc i\u00e7inde sonu\u00e7lanmaktad\u0131r.<\/span><\/p>\r\n<h2><strong><span style=\"font-family: Roboto; font-size: 27px;\">Almanya Vize \u0130\u015flemleri<\/span><\/strong><\/h2>\r\n<p><span style=\"font-family: Roboto; font-size: 14px;\"><strong>Almanya vizesi almak<\/strong> isteyenlerin uymas\u0131 gereken baz\u0131 \u015fartlar bulunmaktad\u0131r. Buna g\u00f6re pasaport t\u00fcr\u00fcne ve mesle\u011finize g\u00f6re hangi evraklar\u0131 haz\u0131rlaman\u0131z gerekti\u011fini g\u00fcncel \u015fekilde elde edebilirsiniz.\u00a0<strong>Almanya vize i\u015flemleri<\/strong>\u00a0hakk\u0131nda kapsaml\u0131 bilgilere ula\u015fabilece\u011finizin alt\u0131n\u0131 \u00e7izmekteyiz. Profesyonel destekleri alabilmek i\u00e7in yetkili ofislerimizle ileti\u015fime ge\u00e7meniz yeterli olacakt\u0131r. Tak\u0131ld\u0131\u011f\u0131n\u0131z herhangi bir noktada sorular\u0131n\u0131z\u0131 payla\u015fabilece\u011finizi ve \u00e7\u00f6z\u00fcmlere en k\u0131sa s\u00fcrede ula\u015fabilece\u011finizi de aktarmaktay\u0131z. Seyahat ama\u00e7lar\u0131n\u0131za g\u00f6re hangi evraklar\u0131 haz\u0131rlayaca\u011f\u0131n\u0131z\u0131 ve dikkat etmeniz gereken hususlar\u0131 g\u00f6zden ge\u00e7irmenizi kolay hale getirmekteyiz. \u0130\u015fte buna g\u00f6re sizler de seyahat sa\u011fl\u0131k sigortas\u0131 poli\u00e7esi veya vize \u00fccretleri gibi \u00f6demeleri yapman\u0131z\u0131n ard\u0131ndan sunaca\u011f\u0131n\u0131z dosyalar\u0131n\u0131z\u0131n takibi i\u00e7in \u00f6nemli bir yere sahip oldu\u011funu belirtece\u011fimiz Almanya vize takip belgesinin haz\u0131rlanmas\u0131na ili\u015fkin birtak\u0131m bilgileri elde edeceksiniz. Bu sayede daha kolay, h\u0131zl\u0131 ve sorunsuz deneyimleri ya\u015faman\u0131z m\u00fcmk\u00fcn olacakt\u0131r. Belgelerin haz\u0131rlanmas\u0131na ve \u00f6rneklerine ili\u015fkin detaylar sitemiz \u00fczerinde mevcuttur.<\/span><\/p>\r\n<h2><strong><span style=\"font-family: Roboto; font-size: 27px;\">Almanya Vize Takibi Nas\u0131l Yap\u0131l\u0131r?<\/span><\/strong><\/h2>\r\n<p><span style=\"font-family: Roboto; font-size: 14px;\">Vize ba\u015fvurular\u0131n\u0131z\u0131n takibinde \u00f6nemli yere sahip olan baz\u0131 evraklar bulunmaktad\u0131r.\u00a0<strong>Almanya vize takibi nas\u0131l yap\u0131l\u0131r?<\/strong>\u00a0Sorusunu y\u00f6neltti\u011finizde bu evraklarla ilgili detaylar\u0131 g\u00f6receksiniz. Takip belgesinin haz\u0131rlanmas\u0131nda ve \u00f6rneklerin incelenmesinde sitemizin faydas\u0131n\u0131 g\u00f6z ard\u0131 etmeyeceksiniz. Buna g\u00f6re tek ba\u015f\u0131n\u0131za hareket etmeniz halinde hata yapma olas\u0131l\u0131\u011f\u0131n\u0131z\u0131n daha y\u00fcksek oldu\u011funu unutmamal\u0131s\u0131n\u0131z. Konsolosluk veya B\u00fcy\u00fckel\u00e7ilik mercilerinin onay yetkisini kullan\u0131rken vize ba\u015fvurular\u0131n\u0131zla ilgili herhangi bir eksikli\u011fin olmad\u0131\u011f\u0131na ikna olmalar\u0131 gerekmektedir. \u0130\u015fte bu do\u011frultuda haz\u0131rlanacak evraklar ve i\u00e7erikleri hakk\u0131nda kapsaml\u0131 bilgilere ula\u015fabilirsiniz. \u0130htiya\u00e7 duydu\u011funuz her an yan\u0131n\u0131zda olan ekiplerimiz sayesinde vize takiplerinin daha kolay \u015fekilde yap\u0131laca\u011f\u0131n\u0131 belirtebiliriz. \u00a0G\u00fcven veren y\u00f6ntemlerle tan\u0131\u015fabilece\u011finizi ve i\u015flemlerinizi h\u0131zla tamamlayaca\u011f\u0131n\u0131z\u0131 da belirtmekteyiz. Kolay ve sorunsuz \u015fekilde ger\u00e7ekle\u015ftirilecek i\u015flemler ile cazip f\u0131rsatlar\u0131 yakalayabilece\u011finizin alt\u0131n\u0131 \u00e7izmekteyiz. \u0130nternet arac\u0131l\u0131\u011f\u0131yla hemen ba\u011flanabilece\u011finiz ekiplerimiz sayesinde evraklar ve haz\u0131rlan\u0131\u015f\u0131 hakk\u0131nda bilgi verilmektedir.<\/span><\/p>\r\n<h2><strong><span style=\"font-family: Roboto; font-size: 27px;\">Almanya Vize Takip Belgesi Nas\u0131l Doldurulur?<\/span><\/strong><\/h2>\r\n<p><span style=\"font-family: Roboto; font-size: 14px;\">Ki\u015fisel bilgilerinizin, adres bilgilerinin, seyahat ve ileti\u015fim bilgisi gibi baz\u0131 detaylar\u0131n yer almas\u0131 gerekti\u011fini belirtece\u011fimiz\u00a0<strong>Almanya vize takip Belgesi Nas\u0131l Doldurulur?<\/strong>\u00a0Sorusuna bu sayede yan\u0131t bulacaks\u0131n\u0131z. Vize takip numaras\u0131ndan tarihe, foto\u011fraftan ba\u015fvuru bilgilerine, cinsiyet ve do\u011fum tarihi gibi pek \u00e7ok detaya g\u00f6z atabilece\u011finiz bu formu eksiksiz ve hatas\u0131z \u015fekilde sunman\u0131z gerekecektir. Buna benzer pek \u00e7ok belgeyi ve \u00f6rne\u011fini elde etmek istiyor olabilirsiniz. En erken s\u00fcre\u00e7te ba\u015fvurular\u0131n\u0131z\u0131 tamamlamak ve seyahatlerinizi aksatmamak i\u00e7in Almanya vizesine ba\u015fvuru yapabilirsiniz. Bu sayede d\u00fczenli ve do\u011fru bi\u00e7imde hareket edece\u011finizin de alt\u0131n\u0131 \u00e7izmekteyiz. Sizle b\u00fcy\u00fck yarar\u0131 dokunacak olan evrak listesini elde etmenizin pratik ve kolay y\u00f6ntemlerini payla\u015fmaktay\u0131z. Seyahatlerinizi planlarken hi\u00e7bir detay\u0131 atlamaman\u0131z i\u00e7in destek oluyoruz. \u00dclke ve tarih bilgilerini de g\u00f6zden ge\u00e7irmeniz gerekti\u011fini vurgulamaktay\u0131z. Buna g\u00f6re t\u00fcm belgelerin haz\u0131r oldu\u011fundan emin olabilece\u011finiz destekleri profesyonel ekiplerimiz arac\u0131l\u0131\u011f\u0131yla alm\u0131\u015f olacaks\u0131n\u0131z.<\/span><\/p>\r\n<h3><strong><span style=\"font-family: Roboto; font-size: 24px;\">Almanya Vize \u0130\u015flem Takip Belgesi Doldurulurken Dikkat Edilmesi Gerekenler<\/span><\/strong><\/h3>\r\n<p><span style=\"font-family: Roboto; font-size: 14px;\">En ufak bir hatan\u0131n dahi kabul edilmeyece\u011fini belirtirken,\u00a0<strong>Almanya Vize \u0130\u015flem Takip Belgesi doldurulurken dikkat edilmesi gerekenler<\/strong>\u00a0hakk\u0131nda kapsaml\u0131 bilgileri aktarmaktay\u0131z. Seyahat rotan\u0131z ve tarihleriniz hakk\u0131nda kapsaml\u0131 bilgileri bu form \u00fczerinde payla\u015fabilirsiniz. Buna g\u00f6re sizler de vize ba\u015fvurunuzun hangi a\u015famada oldu\u011funu \u00f6\u011frenmenizi sa\u011flayacak ad\u0131mlar\u0131 atm\u0131\u015f olacaks\u0131n\u0131z. Web sitemizi ziyaret eden t\u00fcm bireylerin \u00f6\u011frenmek istedikleri detaylar\u0131 payla\u015f\u0131rken, evrak \u00f6rneklerine de yer vermekteyiz. Buna g\u00f6re b\u00fcy\u00fck harfle ve istenilen dilde haz\u0131rlanabilecek olan bu evraklar\u0131n takiplerini de s\u00fcrd\u00fcrmekteyiz. Her bir a\u015famada destek alarak profesyonel \u00e7\u00f6z\u00fcmlere h\u0131zla ula\u015fabilece\u011finizi de payla\u015f\u0131yoruz. En k\u0131sa s\u00fcrede tamamlamak isteyece\u011finiz vize ba\u015fvurular\u0131 hakk\u0131nda kapsaml\u0131 bilgilere ula\u015fabileceksiniz. Almanya vizesini al\u0131rken randevu tarih ve saatinizde sunaca\u011f\u0131n\u0131z dosyan\u0131zda bu evrak\u0131n bulunmas\u0131 gerekecektir. B\u00f6ylelikle t\u00fcm belgelerin eksiksiz \u015fekilde ibraz edilmesi ve s\u00fcre\u00e7lerin de kaliteli bi\u00e7imde takibi m\u00fcmk\u00fcn olacakt\u0131r.<\/span><\/p>\r\n<p><span style=\"font-family: Roboto;\"><\/span><\/p>","protected":false},"excerpt":{"rendered":"<p>Almanya Vize \u0130\u015flem Takip Belgesi Hakk\u0131nda Almanya vizesi\u00a0almak i\u00e7in gerekli olan belgelerden biri olan vize takip belgesi, eksiksiz doldurman\u0131z gereken bir formdur.\u00a0Almanya vize i\u015flem\u00a0takip belgesi ba\u015fvuru yapt\u0131\u011f\u0131n\u0131z konsolosluklardan veya arac\u0131 kurumlardan temin edilebilmektedir.\u00a0Almanya vize\u00a0i\u015flemlerinizin sorunsuzca temin edilebilmesi i\u00e7in bir arac\u0131 kurumla anla\u015fabilirsiniz. Arac\u0131 kurumlar, t\u00fcm vize i\u015flemlerinizi sizin ad\u0131n\u0131za y\u00fcr\u00fcten, belgelerinizin takibini yapan g\u00fcvenilir firmalard\u0131r.<\/p>\n","protected":false},"author":1,"featured_media":0,"parent":144,"menu_order":0,"comment_status":"open","ping_status":"closed","template":"","meta":{"footnotes":""},"class_list":["post-272","page","type-page","status-publish","hentry"],"yoast_head":"<!-- This site is optimized with the Yoast SEO plugin v24.0 - https:\/\/yoast.com\/wordpress\/plugins\/seo\/ -->\n<title>Almanya Vize \u0130\u015flem Takip Belgesi - Almanya Vizesi - MyVize<\/title>\n<meta name=\"description\" content=\"Almanya Vize \u0130\u015flem Takip Belgesi Nas\u0131l Doldurulur? Almanya Vize \u0130\u015flem Takip Belgesinde Dikkat Edilmesi Gerekenler Neler?\" \/>\n<meta name=\"robots\" content=\"index, follow, max-snippet:-1, max-image-preview:large, max-video-preview:-1\" \/>\n<link rel=\"canonical\" href=\"https:\/\/www.myvize.com.tr\/almanya\/form-ve-dilekce\/vize-islem-takip-belgesi\/\" \/>\n<meta property=\"og:locale\" content=\"tr_TR\" \/>\n<meta property=\"og:type\" content=\"article\" \/>\n<meta property=\"og:title\" content=\"Almanya Vize \u0130\u015flem Takip Belgesi - Almanya Vizesi - MyVize\" \/>\n<meta property=\"og:description\" content=\"Almanya Vize \u0130\u015flem Takip Belgesi Nas\u0131l Doldurulur? Almanya Vize \u0130\u015flem Takip Belgesinde Dikkat Edilmesi Gerekenler Neler?\" \/>\n<meta property=\"og:url\" content=\"https:\/\/www.myvize.com.tr\/almanya\/form-ve-dilekce\/vize-islem-takip-belgesi\/\" \/>\n<meta property=\"og:site_name\" content=\"Almanya Vize\" \/>\n<meta property=\"article:modified_time\" content=\"2022-06-13T12:41:09+00:00\" \/>\n<meta property=\"og:image\" content=\"https:\/\/www.myvize.com.tr\/almanya\/wp-content\/uploads\/2021\/09\/74.jpg\" \/>\n<meta name=\"twitter:card\" content=\"summary_large_image\" \/>\n<meta name=\"twitter:label1\" content=\"Tahmini okuma s\u00fcresi\" \/>\n\t<meta name=\"twitter:data1\" content=\"4 dakika\" \/>\n<script type=\"application\/ld+json\" class=\"yoast-schema-graph\">{\"@context\":\"https:\/\/schema.org\",\"@graph\":[{\"@type\":\"WebPage\",\"@id\":\"https:\/\/www.myvize.com.tr\/almanya\/form-ve-dilekce\/vize-islem-takip-belgesi\/\",\"url\":\"https:\/\/www.myvize.com.tr\/almanya\/form-ve-dilekce\/vize-islem-takip-belgesi\/\",\"name\":\"Almanya Vize \u0130\u015flem Takip Belgesi - Almanya Vizesi - MyVize\",\"isPartOf\":{\"@id\":\"https:\/\/www.myvize.com.tr\/almanya\/#website\"},\"primaryImageOfPage\":{\"@id\":\"https:\/\/www.myvize.com.tr\/almanya\/form-ve-dilekce\/vize-islem-takip-belgesi\/#primaryimage\"},\"image\":{\"@id\":\"https:\/\/www.myvize.com.tr\/almanya\/form-ve-dilekce\/vize-islem-takip-belgesi\/#primaryimage\"},\"thumbnailUrl\":\"https:\/\/www.myvize.com.tr\/almanya\/wp-content\/uploads\/2021\/09\/74.jpg\",\"datePublished\":\"2021-01-20T12:12:58+00:00\",\"dateModified\":\"2022-06-13T12:41:09+00:00\",\"description\":\"Almanya Vize \u0130\u015flem Takip Belgesi Nas\u0131l Doldurulur? Almanya Vize \u0130\u015flem Takip Belgesinde Dikkat Edilmesi Gerekenler Neler?\",\"breadcrumb\":{\"@id\":\"https:\/\/www.myvize.com.tr\/almanya\/form-ve-dilekce\/vize-islem-takip-belgesi\/#breadcrumb\"},\"inLanguage\":\"tr\",\"potentialAction\":[{\"@type\":\"ReadAction\",\"target\":[\"https:\/\/www.myvize.com.tr\/almanya\/form-ve-dilekce\/vize-islem-takip-belgesi\/\"]}]},{\"@type\":\"ImageObject\",\"inLanguage\":\"tr\",\"@id\":\"https:\/\/www.myvize.com.tr\/almanya\/form-ve-dilekce\/vize-islem-takip-belgesi\/#primaryimage\",\"url\":\"https:\/\/www.myvize.com.tr\/almanya\/wp-content\/uploads\/2021\/09\/74.jpg\",\"contentUrl\":\"https:\/\/www.myvize.com.tr\/almanya\/wp-content\/uploads\/2021\/09\/74.jpg\",\"width\":800,\"height\":500,\"caption\":\"Almanya\"},{\"@type\":\"BreadcrumbList\",\"@id\":\"https:\/\/www.myvize.com.tr\/almanya\/form-ve-dilekce\/vize-islem-takip-belgesi\/#breadcrumb\",\"itemListElement\":[{\"@type\":\"ListItem\",\"position\":1,\"name\":\"Anasayfa\",\"item\":\"https:\/\/www.myvize.com.tr\/almanya\/\"},{\"@type\":\"ListItem\",\"position\":2,\"name\":\"FORM VE D\u0130LEK\u00c7E\",\"item\":\"https:\/\/www.myvize.com.tr\/almanya\/form-ve-dilekce\/\"},{\"@type\":\"ListItem\",\"position\":3,\"name\":\"Almanya Vize \u0130\u015flem Takip Belgesi\"}]},{\"@type\":\"WebSite\",\"@id\":\"https:\/\/www.myvize.com.tr\/almanya\/#website\",\"url\":\"https:\/\/www.myvize.com.tr\/almanya\/\",\"name\":\"Almanya Vize\",\"description\":\"\",\"potentialAction\":[{\"@type\":\"SearchAction\",\"target\":{\"@type\":\"EntryPoint\",\"urlTemplate\":\"https:\/\/www.myvize.com.tr\/almanya\/?s={search_term_string}\"},\"query-input\":{\"@type\":\"PropertyValueSpecification\",\"valueRequired\":true,\"valueName\":\"search_term_string\"}}],\"inLanguage\":\"tr\"}]}<\/script>\n<!-- \/ Yoast SEO plugin. -->","yoast_head_json":{"title":"Almanya Vize \u0130\u015flem Takip Belgesi - Almanya Vizesi - MyVize","description":"Almanya Vize \u0130\u015flem Takip Belgesi Nas\u0131l Doldurulur? Almanya Vize \u0130\u015flem Takip Belgesinde Dikkat Edilmesi Gerekenler Neler?","robots":{"index":"index","follow":"follow","max-snippet":"max-snippet:-1","max-image-preview":"max-image-preview:large","max-video-preview":"max-video-preview:-1"},"canonical":"https:\/\/www.myvize.com.tr\/almanya\/form-ve-dilekce\/vize-islem-takip-belgesi\/","og_locale":"tr_TR","og_type":"article","og_title":"Almanya Vize \u0130\u015flem Takip Belgesi - Almanya Vizesi - MyVize","og_description":"Almanya Vize \u0130\u015flem Takip Belgesi Nas\u0131l Doldurulur? Almanya Vize \u0130\u015flem Takip Belgesinde Dikkat Edilmesi Gerekenler Neler?","og_url":"https:\/\/www.myvize.com.tr\/almanya\/form-ve-dilekce\/vize-islem-takip-belgesi\/","og_site_name":"Almanya Vize","article_modified_time":"2022-06-13T12:41:09+00:00","og_image":[{"url":"https:\/\/www.myvize.com.tr\/almanya\/wp-content\/uploads\/2021\/09\/74.jpg","type":"","width":"","height":""}],"twitter_card":"summary_large_image","twitter_misc":{"Tahmini okuma s\u00fcresi":"4 dakika"},"schema":{"@context":"https:\/\/schema.org","@graph":[{"@type":"WebPage","@id":"https:\/\/www.myvize.com.tr\/almanya\/form-ve-dilekce\/vize-islem-takip-belgesi\/","url":"https:\/\/www.myvize.com.tr\/almanya\/form-ve-dilekce\/vize-islem-takip-belgesi\/","name":"Almanya Vize \u0130\u015flem Takip Belgesi - Almanya Vizesi - MyVize","isPartOf":{"@id":"https:\/\/www.myvize.com.tr\/almanya\/#website"},"primaryImageOfPage":{"@id":"https:\/\/www.myvize.com.tr\/almanya\/form-ve-dilekce\/vize-islem-takip-belgesi\/#primaryimage"},"image":{"@id":"https:\/\/www.myvize.com.tr\/almanya\/form-ve-dilekce\/vize-islem-takip-belgesi\/#primaryimage"},"thumbnailUrl":"https:\/\/www.myvize.com.tr\/almanya\/wp-content\/uploads\/2021\/09\/74.jpg","datePublished":"2021-01-20T12:12:58+00:00","dateModified":"2022-06-13T12:41:09+00:00","description":"Almanya Vize \u0130\u015flem Takip Belgesi Nas\u0131l Doldurulur? Almanya Vize \u0130\u015flem Takip Belgesinde Dikkat Edilmesi Gerekenler Neler?","breadcrumb":{"@id":"https:\/\/www.myvize.com.tr\/almanya\/form-ve-dilekce\/vize-islem-takip-belgesi\/#breadcrumb"},"inLanguage":"tr","potentialAction":[{"@type":"ReadAction","target":["https:\/\/www.myvize.com.tr\/almanya\/form-ve-dilekce\/vize-islem-takip-belgesi\/"]}]},{"@type":"ImageObject","inLanguage":"tr","@id":"https:\/\/www.myvize.com.tr\/almanya\/form-ve-dilekce\/vize-islem-takip-belgesi\/#primaryimage","url":"https:\/\/www.myvize.com.tr\/almanya\/wp-content\/uploads\/2021\/09\/74.jpg","contentUrl":"https:\/\/www.myvize.com.tr\/almanya\/wp-content\/uploads\/2021\/09\/74.jpg","width":800,"height":500,"caption":"Almanya"},{"@type":"BreadcrumbList","@id":"https:\/\/www.myvize.com.tr\/almanya\/form-ve-dilekce\/vize-islem-takip-belgesi\/#breadcrumb","itemListElement":[{"@type":"ListItem","position":1,"name":"Anasayfa","item":"https:\/\/www.myvize.com.tr\/almanya\/"},{"@type":"ListItem","position":2,"name":"FORM VE D\u0130LEK\u00c7E","item":"https:\/\/www.myvize.com.tr\/almanya\/form-ve-dilekce\/"},{"@type":"ListItem","position":3,"name":"Almanya Vize \u0130\u015flem Takip Belgesi"}]},{"@type":"WebSite","@id":"https:\/\/www.myvize.com.tr\/almanya\/#website","url":"https:\/\/www.myvize.com.tr\/almanya\/","name":"Almanya Vize","description":"","potentialAction":[{"@type":"SearchAction","target":{"@type":"EntryPoint","urlTemplate":"https:\/\/www.myvize.com.tr\/almanya\/?s={search_term_string}"},"query-input":{"@type":"PropertyValueSpecification","valueRequired":true,"valueName":"search_term_string"}}],"inLanguage":"tr"}]}},"_links":{"self":[{"href":"https:\/\/www.myvize.com.tr\/almanya\/wp-json\/wp\/v2\/pages\/272","targetHints":{"allow":["GET"]}}],"collection":[{"href":"https:\/\/www.myvize.com.tr\/almanya\/wp-json\/wp\/v2\/pages"}],"about":[{"href":"https:\/\/www.myvize.com.tr\/almanya\/wp-json\/wp\/v2\/types\/page"}],"author":[{"embeddable":true,"href":"https:\/\/www.myvize.com.tr\/almanya\/wp-json\/wp\/v2\/users\/1"}],"replies":[{"embeddable":true,"href":"https:\/\/www.myvize.com.tr\/almanya\/wp-json\/wp\/v2\/comments?post=272"}],"version-history":[{"count":11,"href":"https:\/\/www.myvize.com.tr\/almanya\/wp-json\/wp\/v2\/pages\/272\/revisions"}],"predecessor-version":[{"id":1188,"href":"https:\/\/www.myvize.com.tr\/almanya\/wp-json\/wp\/v2\/pages\/272\/revisions\/1188"}],"up":[{"embeddable":true,"href":"https:\/\/www.myvize.com.tr\/almanya\/wp-json\/wp\/v2\/pages\/144"}],"wp:attachment":[{"href":"https:\/\/www.myvize.com.tr\/almanya\/wp-json\/wp\/v2\/media?parent=272"}],"curies":[{"name":"wp","href":"https:\/\/api.w.org\/{rel}","templated":true}]}}