{"id":278,"date":"2021-01-20T15:13:55","date_gmt":"2021-01-20T12:13:55","guid":{"rendered":"https:\/\/www.myvize.com.tr\/almanya\/?page_id=278"},"modified":"2022-09-28T16:20:25","modified_gmt":"2022-09-28T13:20:25","slug":"almanya-ticari-vize-dilekce-ornegi","status":"publish","type":"page","link":"https:\/\/www.myvize.com.tr\/almanya\/form-ve-dilekce\/almanya-ticari-vize-dilekce-ornegi\/","title":{"rendered":"Almanya Ticari Vize Dilek\u00e7e \u00d6rne\u011fi"},"content":{"rendered":"\r\n<p><strong>\u00a0 Almanya ticari vize dilek\u00e7e \u00f6rne\u011fi<\/strong>\u00a0Almanya\u2019ya olan ticari ama\u00e7l\u0131 seyahatlerde ihtiyac\u0131n\u0131z olacak evrakt\u0131r.<\/p>\r\n\r\n\r\n\r\n<p>\u00a0 <strong>Almanya vize dilek\u00e7e \u00f6rne\u011fi<\/strong>\u00a0i\u015flemlerini Almanya\u2019ya olan seyahatinizden en az 4 hafta \u00f6ncesinden ba\u015flamay\u0131 unutmay\u0131n\u0131z. Schengen vizeleri i\u00e7in ba\u015fvuru yap\u0131labilecek maksimum s\u00fcre 90 g\u00fcnd\u00fcr. Ayr\u0131ca bir di\u011fer \u00f6nemli hususta Almanya ticari vize ba\u015fvurular\u0131n\u0131 g\u00f6rev b\u00f6lgesi fark etmeksizin kendinize en yak\u0131n olan vize ba\u015fvuru merkezine yapabilirsiniz.<\/p>\r\n\r\n<p><img decoding=\"async\" src=\"https:\/\/www.myvize.com.tr\/almanya\/wp-content\/uploads\/2021\/09\/72.jpg\" \/><\/p>\r\n\r\n<h2 class=\"wp-block-heading\">Almanya Ticari Vize Dilek\u00e7esinde Dikkat Edilmesi Gerekenler<\/h2>\r\n\r\n\r\n\r\n<ul class=\"wp-block-list\">\r\n<li><strong>Almanya ticari vize dilek\u00e7e \u00f6rne\u011fi<\/strong>\u00a0ile ba\u015fvuru yapabilmeniz i\u00e7in \u00f6ncelikle Almanya\u2019da bulunan i\u015f orta\u011f\u0131n\u0131z\u0131n davet mektubu \u015fart ve zorunludur. Davetiye mektubu Almanya\u2019da ki firman\u0131n antentli k\u00e2\u011f\u0131d\u0131na yaz\u0131lmas\u0131 zorunluluktur. \u015eirketin yetkilisi \u0131slak imza ile imzalamal\u0131 ve ka\u015fe basmal\u0131d\u0131r.<\/li>\r\n<\/ul>\r\n\r\n\r\n\r\n<ul class=\"wp-block-list\">\r\n<li>Seyahat tarihlerinizi net bir \u015fekilde belirtmeli ve seyahat amac\u0131n\u0131z detayl\u0131 bir \u015fekilde anlat\u0131lmal\u0131d\u0131r.<\/li>\r\n<\/ul>\r\n\r\n\r\n\r\n<ul class=\"wp-block-list\">\r\n<li>Almanya\u2019da i\u015finiz ile alakal\u0131 bir fuara kat\u0131lacaksan\u0131z e\u011fer fuar kat\u0131l\u0131m bileti veya davetiyesini sunmak zorundas\u0131n\u0131z.<\/li>\r\n<\/ul>\r\n\r\n\r\n\r\n<ul class=\"wp-block-list\">\r\n<li>Almanya ticari vize ba\u015fvurusunda firman\u0131n \u00e7al\u0131\u015fan\u0131n\u0131n seyahat masraflar\u0131n\u0131 \u00e7al\u0131\u015ft\u0131\u011f\u0131 firma kar\u015f\u0131lamay\u0131 taahh\u00fct etmek zorundad\u0131r. \u0130\u015f yeri g\u00f6rev yaz\u0131s\u0131 i\u00e7erisinde bunu belirtmek zorundad\u0131r.<\/li>\r\n<\/ul>\r\n\r\n\r\n\r\n<ul class=\"wp-block-list\">\r\n<li><strong>Almanya vize dilek\u00e7e \u00f6rne\u011fi<\/strong>\u00a0i\u00e7erisinde bulunan bilgiler ile haz\u0131rlanm\u0131\u015f olan evraklarda bilgilerin \u00f6rt\u00fc\u015fmesi \u015fartt\u0131r.<\/li>\r\n<\/ul>\r\n\r\n\r\n\r\n<ul class=\"wp-block-list\">\r\n<li>\u00d6ncelikle yap\u0131lmas\u0131 gereken ilk i\u015ften birisi de \u015firketin antentli k\u00e2\u011f\u0131d\u0131na yaz\u0131lacak dilek\u00e7edir.\u00a0<strong>Almanya ticari vize dilek\u00e7e \u00f6rne\u011fi<\/strong>\u00a0ile ba\u015fvuruda \u015firketin yetkilisinin \u0131slak imzas\u0131 ve \u015firketin ka\u015fesi bulunmak zorundad\u0131r.<\/li>\r\n<\/ul>\r\n","protected":false},"excerpt":{"rendered":"<p>\u00a0 Almanya ticari vize dilek\u00e7e \u00f6rne\u011fi\u00a0Almanya\u2019ya olan ticari ama\u00e7l\u0131 seyahatlerde ihtiyac\u0131n\u0131z olacak evrakt\u0131r. \u00a0 Almanya vize dilek\u00e7e \u00f6rne\u011fi\u00a0i\u015flemlerini Almanya\u2019ya olan seyahatinizden en az 4 hafta \u00f6ncesinden ba\u015flamay\u0131 unutmay\u0131n\u0131z. Schengen vizeleri i\u00e7in ba\u015fvuru yap\u0131labilecek maksimum s\u00fcre 90 g\u00fcnd\u00fcr. Ayr\u0131ca bir di\u011fer \u00f6nemli hususta Almanya ticari vize ba\u015fvurular\u0131n\u0131 g\u00f6rev b\u00f6lgesi fark etmeksizin kendinize en yak\u0131n olan vize<\/p>\n","protected":false},"author":1,"featured_media":0,"parent":144,"menu_order":0,"comment_status":"open","ping_status":"closed","template":"","meta":{"footnotes":""},"class_list":["post-278","page","type-page","status-publish","hentry"],"yoast_head":"<!-- This site is optimized with the Yoast SEO plugin v24.0 - https:\/\/yoast.com\/wordpress\/plugins\/seo\/ -->\n<title>Almanya Ticari Vizesi Dilek\u00e7e \u00d6rne\u011fi - MyVize<\/title>\n<meta name=\"description\" content=\"Almanya Ticari Vize Dilek\u00e7e \u00d6rne\u011fi Nas\u0131l Doldurulur? Almanya Ticari Vize Dilek\u00e7e \u00d6rne\u011fi Dikkat Edilmesi Gerekenler Nelerdir?\" \/>\n<meta name=\"robots\" content=\"index, follow, max-snippet:-1, max-image-preview:large, max-video-preview:-1\" \/>\n<link rel=\"canonical\" href=\"https:\/\/www.myvize.com.tr\/almanya\/form-ve-dilekce\/almanya-ticari-vize-dilekce-ornegi\/\" \/>\n<meta property=\"og:locale\" content=\"tr_TR\" \/>\n<meta property=\"og:type\" content=\"article\" \/>\n<meta property=\"og:title\" content=\"Almanya Ticari Vizesi Dilek\u00e7e \u00d6rne\u011fi - MyVize\" \/>\n<meta property=\"og:description\" content=\"Almanya Ticari Vize Dilek\u00e7e \u00d6rne\u011fi Nas\u0131l Doldurulur? Almanya Ticari Vize Dilek\u00e7e \u00d6rne\u011fi Dikkat Edilmesi Gerekenler Nelerdir?\" \/>\n<meta property=\"og:url\" content=\"https:\/\/www.myvize.com.tr\/almanya\/form-ve-dilekce\/almanya-ticari-vize-dilekce-ornegi\/\" \/>\n<meta property=\"og:site_name\" content=\"Almanya Vize\" \/>\n<meta property=\"article:modified_time\" content=\"2022-09-28T13:20:25+00:00\" \/>\n<meta property=\"og:image\" content=\"https:\/\/www.myvize.com.tr\/almanya\/wp-content\/uploads\/2021\/09\/72.jpg\" \/>\n<meta name=\"twitter:card\" content=\"summary_large_image\" \/>\n<meta name=\"twitter:label1\" content=\"Tahmini okuma s\u00fcresi\" \/>\n\t<meta name=\"twitter:data1\" content=\"2 dakika\" \/>\n<script type=\"application\/ld+json\" class=\"yoast-schema-graph\">{\"@context\":\"https:\/\/schema.org\",\"@graph\":[{\"@type\":\"WebPage\",\"@id\":\"https:\/\/www.myvize.com.tr\/almanya\/form-ve-dilekce\/almanya-ticari-vize-dilekce-ornegi\/\",\"url\":\"https:\/\/www.myvize.com.tr\/almanya\/form-ve-dilekce\/almanya-ticari-vize-dilekce-ornegi\/\",\"name\":\"Almanya Ticari Vizesi Dilek\u00e7e \u00d6rne\u011fi - MyVize\",\"isPartOf\":{\"@id\":\"https:\/\/www.myvize.com.tr\/almanya\/#website\"},\"primaryImageOfPage\":{\"@id\":\"https:\/\/www.myvize.com.tr\/almanya\/form-ve-dilekce\/almanya-ticari-vize-dilekce-ornegi\/#primaryimage\"},\"image\":{\"@id\":\"https:\/\/www.myvize.com.tr\/almanya\/form-ve-dilekce\/almanya-ticari-vize-dilekce-ornegi\/#primaryimage\"},\"thumbnailUrl\":\"https:\/\/www.myvize.com.tr\/almanya\/wp-content\/uploads\/2021\/09\/72.jpg\",\"datePublished\":\"2021-01-20T12:13:55+00:00\",\"dateModified\":\"2022-09-28T13:20:25+00:00\",\"description\":\"Almanya Ticari Vize Dilek\u00e7e \u00d6rne\u011fi Nas\u0131l Doldurulur? Almanya Ticari Vize Dilek\u00e7e \u00d6rne\u011fi Dikkat Edilmesi Gerekenler Nelerdir?\",\"breadcrumb\":{\"@id\":\"https:\/\/www.myvize.com.tr\/almanya\/form-ve-dilekce\/almanya-ticari-vize-dilekce-ornegi\/#breadcrumb\"},\"inLanguage\":\"tr\",\"potentialAction\":[{\"@type\":\"ReadAction\",\"target\":[\"https:\/\/www.myvize.com.tr\/almanya\/form-ve-dilekce\/almanya-ticari-vize-dilekce-ornegi\/\"]}]},{\"@type\":\"ImageObject\",\"inLanguage\":\"tr\",\"@id\":\"https:\/\/www.myvize.com.tr\/almanya\/form-ve-dilekce\/almanya-ticari-vize-dilekce-ornegi\/#primaryimage\",\"url\":\"https:\/\/www.myvize.com.tr\/almanya\/wp-content\/uploads\/2021\/09\/72.jpg\",\"contentUrl\":\"https:\/\/www.myvize.com.tr\/almanya\/wp-content\/uploads\/2021\/09\/72.jpg\",\"width\":800,\"height\":500,\"caption\":\"Almanya\"},{\"@type\":\"BreadcrumbList\",\"@id\":\"https:\/\/www.myvize.com.tr\/almanya\/form-ve-dilekce\/almanya-ticari-vize-dilekce-ornegi\/#breadcrumb\",\"itemListElement\":[{\"@type\":\"ListItem\",\"position\":1,\"name\":\"Anasayfa\",\"item\":\"https:\/\/www.myvize.com.tr\/almanya\/\"},{\"@type\":\"ListItem\",\"position\":2,\"name\":\"FORM VE D\u0130LEK\u00c7E\",\"item\":\"https:\/\/www.myvize.com.tr\/almanya\/form-ve-dilekce\/\"},{\"@type\":\"ListItem\",\"position\":3,\"name\":\"Almanya Ticari Vize Dilek\u00e7e \u00d6rne\u011fi\"}]},{\"@type\":\"WebSite\",\"@id\":\"https:\/\/www.myvize.com.tr\/almanya\/#website\",\"url\":\"https:\/\/www.myvize.com.tr\/almanya\/\",\"name\":\"Almanya Vize\",\"description\":\"\",\"potentialAction\":[{\"@type\":\"SearchAction\",\"target\":{\"@type\":\"EntryPoint\",\"urlTemplate\":\"https:\/\/www.myvize.com.tr\/almanya\/?s={search_term_string}\"},\"query-input\":{\"@type\":\"PropertyValueSpecification\",\"valueRequired\":true,\"valueName\":\"search_term_string\"}}],\"inLanguage\":\"tr\"}]}<\/script>\n<!-- \/ Yoast SEO plugin. -->","yoast_head_json":{"title":"Almanya Ticari Vizesi Dilek\u00e7e \u00d6rne\u011fi - MyVize","description":"Almanya Ticari Vize Dilek\u00e7e \u00d6rne\u011fi Nas\u0131l Doldurulur? Almanya Ticari Vize Dilek\u00e7e \u00d6rne\u011fi Dikkat Edilmesi Gerekenler Nelerdir?","robots":{"index":"index","follow":"follow","max-snippet":"max-snippet:-1","max-image-preview":"max-image-preview:large","max-video-preview":"max-video-preview:-1"},"canonical":"https:\/\/www.myvize.com.tr\/almanya\/form-ve-dilekce\/almanya-ticari-vize-dilekce-ornegi\/","og_locale":"tr_TR","og_type":"article","og_title":"Almanya Ticari Vizesi Dilek\u00e7e \u00d6rne\u011fi - MyVize","og_description":"Almanya Ticari Vize Dilek\u00e7e \u00d6rne\u011fi Nas\u0131l Doldurulur? Almanya Ticari Vize Dilek\u00e7e \u00d6rne\u011fi Dikkat Edilmesi Gerekenler Nelerdir?","og_url":"https:\/\/www.myvize.com.tr\/almanya\/form-ve-dilekce\/almanya-ticari-vize-dilekce-ornegi\/","og_site_name":"Almanya Vize","article_modified_time":"2022-09-28T13:20:25+00:00","og_image":[{"url":"https:\/\/www.myvize.com.tr\/almanya\/wp-content\/uploads\/2021\/09\/72.jpg","type":"","width":"","height":""}],"twitter_card":"summary_large_image","twitter_misc":{"Tahmini okuma s\u00fcresi":"2 dakika"},"schema":{"@context":"https:\/\/schema.org","@graph":[{"@type":"WebPage","@id":"https:\/\/www.myvize.com.tr\/almanya\/form-ve-dilekce\/almanya-ticari-vize-dilekce-ornegi\/","url":"https:\/\/www.myvize.com.tr\/almanya\/form-ve-dilekce\/almanya-ticari-vize-dilekce-ornegi\/","name":"Almanya Ticari Vizesi Dilek\u00e7e \u00d6rne\u011fi - MyVize","isPartOf":{"@id":"https:\/\/www.myvize.com.tr\/almanya\/#website"},"primaryImageOfPage":{"@id":"https:\/\/www.myvize.com.tr\/almanya\/form-ve-dilekce\/almanya-ticari-vize-dilekce-ornegi\/#primaryimage"},"image":{"@id":"https:\/\/www.myvize.com.tr\/almanya\/form-ve-dilekce\/almanya-ticari-vize-dilekce-ornegi\/#primaryimage"},"thumbnailUrl":"https:\/\/www.myvize.com.tr\/almanya\/wp-content\/uploads\/2021\/09\/72.jpg","datePublished":"2021-01-20T12:13:55+00:00","dateModified":"2022-09-28T13:20:25+00:00","description":"Almanya Ticari Vize Dilek\u00e7e \u00d6rne\u011fi Nas\u0131l Doldurulur? Almanya Ticari Vize Dilek\u00e7e \u00d6rne\u011fi Dikkat Edilmesi Gerekenler Nelerdir?","breadcrumb":{"@id":"https:\/\/www.myvize.com.tr\/almanya\/form-ve-dilekce\/almanya-ticari-vize-dilekce-ornegi\/#breadcrumb"},"inLanguage":"tr","potentialAction":[{"@type":"ReadAction","target":["https:\/\/www.myvize.com.tr\/almanya\/form-ve-dilekce\/almanya-ticari-vize-dilekce-ornegi\/"]}]},{"@type":"ImageObject","inLanguage":"tr","@id":"https:\/\/www.myvize.com.tr\/almanya\/form-ve-dilekce\/almanya-ticari-vize-dilekce-ornegi\/#primaryimage","url":"https:\/\/www.myvize.com.tr\/almanya\/wp-content\/uploads\/2021\/09\/72.jpg","contentUrl":"https:\/\/www.myvize.com.tr\/almanya\/wp-content\/uploads\/2021\/09\/72.jpg","width":800,"height":500,"caption":"Almanya"},{"@type":"BreadcrumbList","@id":"https:\/\/www.myvize.com.tr\/almanya\/form-ve-dilekce\/almanya-ticari-vize-dilekce-ornegi\/#breadcrumb","itemListElement":[{"@type":"ListItem","position":1,"name":"Anasayfa","item":"https:\/\/www.myvize.com.tr\/almanya\/"},{"@type":"ListItem","position":2,"name":"FORM VE D\u0130LEK\u00c7E","item":"https:\/\/www.myvize.com.tr\/almanya\/form-ve-dilekce\/"},{"@type":"ListItem","position":3,"name":"Almanya Ticari Vize Dilek\u00e7e \u00d6rne\u011fi"}]},{"@type":"WebSite","@id":"https:\/\/www.myvize.com.tr\/almanya\/#website","url":"https:\/\/www.myvize.com.tr\/almanya\/","name":"Almanya Vize","description":"","potentialAction":[{"@type":"SearchAction","target":{"@type":"EntryPoint","urlTemplate":"https:\/\/www.myvize.com.tr\/almanya\/?s={search_term_string}"},"query-input":{"@type":"PropertyValueSpecification","valueRequired":true,"valueName":"search_term_string"}}],"inLanguage":"tr"}]}},"_links":{"self":[{"href":"https:\/\/www.myvize.com.tr\/almanya\/wp-json\/wp\/v2\/pages\/278","targetHints":{"allow":["GET"]}}],"collection":[{"href":"https:\/\/www.myvize.com.tr\/almanya\/wp-json\/wp\/v2\/pages"}],"about":[{"href":"https:\/\/www.myvize.com.tr\/almanya\/wp-json\/wp\/v2\/types\/page"}],"author":[{"embeddable":true,"href":"https:\/\/www.myvize.com.tr\/almanya\/wp-json\/wp\/v2\/users\/1"}],"replies":[{"embeddable":true,"href":"https:\/\/www.myvize.com.tr\/almanya\/wp-json\/wp\/v2\/comments?post=278"}],"version-history":[{"count":6,"href":"https:\/\/www.myvize.com.tr\/almanya\/wp-json\/wp\/v2\/pages\/278\/revisions"}],"predecessor-version":[{"id":1742,"href":"https:\/\/www.myvize.com.tr\/almanya\/wp-json\/wp\/v2\/pages\/278\/revisions\/1742"}],"up":[{"embeddable":true,"href":"https:\/\/www.myvize.com.tr\/almanya\/wp-json\/wp\/v2\/pages\/144"}],"wp:attachment":[{"href":"https:\/\/www.myvize.com.tr\/almanya\/wp-json\/wp\/v2\/media?parent=278"}],"curies":[{"name":"wp","href":"https:\/\/api.w.org\/{rel}","templated":true}]}}