{"id":306,"date":"2021-01-29T18:08:24","date_gmt":"2021-01-29T15:08:24","guid":{"rendered":"https:\/\/www.myvize.com.tr\/almanya\/?page_id=306"},"modified":"2023-01-22T17:35:54","modified_gmt":"2023-01-22T14:35:54","slug":"vize-reddi","status":"publish","type":"page","link":"https:\/\/www.myvize.com.tr\/almanya\/vize-islemleri\/vize-reddi\/","title":{"rendered":"Almanya Vize Reddi"},"content":{"rendered":"<p><span style=\"font-family: Roboto;\"><\/span><\/p>\r\n<p><span style=\"font-family: Roboto; font-size: 14px;\">T\u00fcrkiye\u2019den Almanya\u2019ya bir\u00e7ok ki\u015fi ge\u00e7mi\u015fte de \u015fimdide gidiyor ve gitmek istiyor. Fakat \u00f6nlerinde \u00f6nemli bir sorun var o da vize. Vizenin ret karar\u0131n\u0131n \u00e7\u0131kmas\u0131 bir\u00e7ok nedenden kaynakl\u0131 olabilir. \u00d6zellikle <strong>Almanya gibi Avrupa \u00fclkeleri<\/strong> buna olduk\u00e7a dikkat etti\u011fini s\u00f6yleyebiliriz. Bunun i\u00e7in vizenizin olumsuz kararla sonu\u00e7lanmamas\u0131 i\u00e7in gerekli maddeleri uygulaman\u0131z\u0131 \u00f6neririz.<\/span><\/p>\r\n<p><span style=\"font-family: Roboto; font-size: 14px;\"><img decoding=\"async\" src=\"https:\/\/www.myvize.com.tr\/almanya\/wp-content\/uploads\/2021\/09\/18.jpg\" \/><\/span><\/p>\r\n<p><span style=\"font-family: Roboto; font-size: 14px;\">\r\n\r\n<\/span><\/p>\r\n<p><span style=\"font-family: Roboto; font-size: 16px;\"><strong>Zorunlu Evraklar<\/strong><\/span><\/p>\r\n<p><span style=\"font-family: Roboto; font-size: 14px;\">\r\n\r\n<\/span><\/p>\r\n<p><span style=\"font-family: Roboto; font-size: 14px;\">Vize al\u0131rken en \u00e7ok dikkat edilmesi gereken maddedir. Zorunlu evraklar\u0131n eksiksiz ve yanl\u0131\u015f doldurulmad\u0131\u011f\u0131na emin olun hatta birka\u00e7 kez dikkatlice bak\u0131n \u00e7\u00fcnk\u00fc \u00f6zelikle ilgili kurum buna \u00e7ok dikkat ediyor. Eksik ve yanl\u0131\u015f doldurulan evraklar\u0131n vizeyi ret karar\u0131n\u0131 ald\u0131ran en b\u00fcy\u00fck sorun diyebilmek \u00e7ok zor de\u011fil.<\/span><\/p>\r\n<p><span style=\"font-family: Roboto; font-size: 14px;\">\r\n\r\n<\/span><\/p>\r\n<p><span style=\"font-family: Roboto; font-size: 16px;\"><strong>Finans ve Ekonomik Durum<\/strong><\/span><\/p>\r\n<p><span style=\"font-family: Roboto; font-size: 14px;\">\r\n\r\n<\/span><\/p>\r\n<p><span style=\"font-family: Roboto; font-size: 14px;\">Ki\u015finin seyahat yahut herhangi bir ama\u00e7la gidece\u011fi \u00fclkenin gelirlerini kar\u015f\u0131layaca\u011f\u0131n\u0131 ispat eden gerekli gelir vergisi, maa\u015f bordrolar\u0131, kira geliri veya tapu gibi belgeleri eksiksiz olarak ilgili kuruma vermesi gereklidir. Aksi taktirde <strong>Almanya\u2019ya gitmek<\/strong> i\u00e7in vize karar sonucu ret ile sonu\u00e7lan\u0131r. \u00a0\u00a0\u00a0<\/span><\/p>\r\n<p><span style=\"font-family: Roboto; font-size: 14px;\">\r\n\r\n<\/span><\/p>\r\n<p><span style=\"font-family: Roboto; font-size: 16px;\"><strong>\u00dclkeye D\u00f6n\u00fc\u015f\u00fcn \u0130spat\u0131<\/strong><\/span><\/p>\r\n<p><span style=\"font-family: Roboto; font-size: 14px;\">\r\n\r\n<\/span><\/p>\r\n<p><span style=\"font-family: Roboto; font-size: 14px;\">Ki\u015finin Almanya\u2019ya gitti\u011finde geri d\u00f6nece\u011fini ispat eden gerekli dosyalar\u0131n, kan\u0131tlar\u0131n inand\u0131r\u0131c\u0131 olup ilgili kuruma ibraz edilmesi gerekir. Kurumun vize yetkilileri bu durumun ger\u00e7ekten do\u011fru oldu\u011funa inan\u0131p kanaat g\u00f6stermesi gerekir. Di\u011fer yandan vize sonucu olumsuz sonu\u00e7lan\u0131r.<\/span><\/p>\r\n<p><span style=\"font-family: Roboto; font-size: 14px;\">\r\n\r\n<\/span><\/p>\r\n<p><span style=\"font-family: Roboto; font-size: 16px;\"><strong>Otel ve U\u00e7ak Rezervasyonlar\u0131<\/strong><\/span><\/p>\r\n<p><span style=\"font-family: Roboto; font-size: 14px;\">\r\n\r\n<\/span><\/p>\r\n<p><span style=\"font-family: Roboto; font-size: 14px;\">Almanya\u2019 ya gitmek i\u00e7in al\u0131nan u\u00e7ak ve otel rezervasyonlar\u0131 vize evraklar\u0131 aras\u0131nda olmal\u0131d\u0131r. Bu evraklar\u0131 eksiksiz olarak bulundurun ki konsolosluk seyahat yahut herhangi bir ama\u00e7la gidilen \u00fclkeye dosyalar\u0131 inand\u0131r\u0131c\u0131 bulup vize karar\u0131n\u0131 onaylas\u0131n.<\/span><\/p>\r\n<p><span style=\"font-family: Roboto; font-size: 14px;\">\r\n\r\n<\/span><\/p>\r\n<p><span style=\"font-family: Roboto; font-size: 16px;\"><strong>\u00dclkeler Aras\u0131 \u0130kili \u0130li\u015fkiler<\/strong><\/span><\/p>\r\n<p><span style=\"font-family: Roboto; font-size: 14px;\">\r\n\r\n<\/span><\/p>\r\n<p><span style=\"font-family: Roboto; font-size: 14px;\">Almanya gibi \u00fclkelerde s\u0131k g\u00f6r\u00fclmese de baz\u0131 \u00fclkelerde T\u00fcrk\u00fcye ile aras\u0131 bozulabiliyor ve bu da sizin vize karar\u0131n\u0131z\u0131n ret ile sonu\u00e7lanmas\u0131na yol a\u00e7abiliyor. Bu durumu bir dilek\u00e7e ile \u00e7\u00f6zebilirsiniz. Fakat baz\u0131 durumlarda b\u00fct\u00fcn evraklar ve gerekli dosyalar\u0131n\u0131z tam olsa bile iki \u00fclke aras\u0131 d\u00f6nem sorunlar\u0131ndan vize karar\u0131n\u0131 olumsuz y\u00f6nde etkiliyor.<\/span><\/p>\r\n<p><span style=\"font-family: Roboto; font-size: 14px;\">\r\n\r\n<\/span><\/p>\r\n<p><span style=\"font-family: Roboto; font-size: 16px;\"><strong>Ge\u00e7mi\u015f de Ya\u015fanm\u0131\u015f Olumsuz Olaylar<\/strong><\/span><\/p>\r\n<p><span style=\"font-family: Roboto; font-size: 14px;\">\r\n\r\n<\/span><\/p>\r\n<p><span style=\"font-family: Roboto; font-size: 14px;\">Ge\u00e7mi\u015fte ya\u015fanm\u0131\u015f vizenizin ret ile sonu\u00e7lanmas\u0131 gerektiren olaylar var olabilir. \u00d6rne\u011fin \u00f6nceden Almanya\u2019ya gitmi\u015f e\u015f, dost gibi akrabalar geri d\u00f6nmemi\u015f ise vize yetkilileri bu duruma uzak bakarlar. Vize karar\u0131n\u0131n ret ile sonu\u00e7lanmas\u0131 olas\u0131 bir durum haline gelir.<\/span><\/p>\r\n<h2><strong><span style=\"font-family: Roboto; font-size: 27px;\">Almanya Vize Reddi Hakk\u0131nda<\/span><\/strong><\/h2>\r\n<p><span style=\"font-family: Roboto; font-size: 14px;\">Bir vize ba\u015fvuru yap\u0131l\u0131rken Konsoloslu\u011fu de\u011ferlendirme kriteri g\u00f6z \u00f6n\u00fcnde tutularak dosya haz\u0131rlanmal\u0131. Schengen vizesi ba\u015fvurusunda <span style=\"color: #2acec2;\"><strong><a style=\"color: #2acec2;\" href=\"https:\/\/www.myvize.com.tr\/almanya\/vize-islemleri\/almanya-vizesi\/\" target=\"_blank\" rel=\"noopener\">Almanya vizesi <\/a><\/strong><\/span>reddi nedeni Konsolosluk taraf\u0131ndan belirlenmi\u015ftir. Konsoloslu\u011fu bir dosyay\u0131 hangi kritere g\u00f6re de\u011ferlendirece\u011fi, vize onay\u0131 vermesine bir sak\u0131nca olup olmamas\u0131 gibi durum \u00f6nceden tahmin edilebilir bir durum. Bu neden vize dan\u0131\u015fmanl\u0131k hizmeti deneyim ve bilgi sayesine bu vize red sebepine hakimdir ve vize ba\u015fvuru dosyas\u0131 zay\u0131f yan\u0131n\u0131 g\u00f6rerek ba\u015fvurunun olumlu sonu\u00e7lanma i\u00e7in dosyan\u0131z\u0131 g\u00fc\u00e7lendirir.<\/span><br \/><span style=\"font-family: Roboto; font-size: 14px;\"><strong>Almanya vizesi reddi<\/strong> 2021 y\u0131l\u0131nda da belirli kritere g\u00f6re de\u011ferlendirilmekte. De\u011ferlendirme kriterinin ba\u015f\u0131nda sunulan t\u00fcm evrak\u0131n birbiriyle e\u015fle\u015fmesi, birbiri desteklemesi ve tutarl\u0131 olmas\u0131. \u00d6rne\u011fin ki\u015fi Almanyadaki bir yak\u0131n\u0131 ziyaret edecekse fakat Almanya\u2019da ki belediyeden onayl\u0131 bir davetiye sunmumu\u015fsa seyahat amac\u0131 destekleyen belge tutars\u0131z ve eksik oldu\u011fu i\u00e7in red verilebilir. Yeniden vize ba\u015fvurunuzda \u00f6nceki vize reddi m\u00fc\u015fteri temsilciniz bildirmeniz g\u00fc\u00e7l\u00fc bir dosya haz\u0131rl\u0131\u011f\u0131 i\u00e7in \u015fartd\u0131r.<\/span><br \/><span style=\"font-family: Roboto; font-size: 14px;\"><strong>Almanya vizesi<\/strong> reddi al\u0131nmas\u0131 halinde ba\u015fvurusu i\u00e7in \u00f6denen <span style=\"color: #2acec2;\"><strong><a style=\"color: #2acec2;\" href=\"https:\/\/www.myvize.com.tr\/almanya\/konsolosluklar\/\" target=\"_blank\" rel=\"noopener\">Konsolosluk<\/a><\/strong><\/span> harc\u0131lar ve ba\u015fvuru merkezi \u00fccreti geri \u00f6denmemekte. Ba\u015fvuru esnas\u0131nda vize redd al\u0131nmas\u0131 durumda \u00fccret iadesi istenmeyece\u011fi dair yaz\u0131l\u0131 bilgilendirmeler de imzalanmakta.<\/span><\/p>\r\n<h2><strong><span style=\"font-family: Roboto; font-size: 27px;\">Almanya Vize Reddi \u0130tiraz Dilek\u00e7esi Ka\u00e7 G\u00fcnde Sonu\u00e7lan\u0131r?<\/span><\/strong><\/h2>\r\n<p><span style=\"font-family: Roboto; font-size: 14px;\">Seyahat belgesinin eksik olmas\u0131 ya da sunulan evrak inand\u0131r\u0131c\u0131 bulunmamas\u0131; Vize red nedeni i\u00e7inde en s\u0131k kar\u015f\u0131la\u015f\u0131lan red nedeni bu. Bu nedenden vizeniz reddedildi ise evrak\u0131n\u0131z seyahat amac\u0131n\u0131za uygun olarak haz\u0131rlanmam\u0131\u015f ya da haz\u0131rlanan evrak inand\u0131r\u0131c\u0131 bulunmam\u0131\u015fd\u0131r. Yani sadece birka\u00e7 belge vererek ba\u015fvuru yapm\u0131\u015fsa demektir.<\/span><br \/><span style=\"font-family: Roboto; font-size: 14px;\">\u00a0Yeterli finansal kan\u0131t bulunmamas\u0131; Genellikle ki\u015filerin <strong>Almanya vizesi<\/strong> i\u015flemi s\u0131ras\u0131nda, seyahati s\u00fcresine ve \u00fclkeye d\u00f6n\u00fc\u015f\u00fc i\u00e7in yeterli maddi kan\u0131t\u0131, banka hesap sunulmas\u0131 durumu da ortaya \u00e7\u0131kan neden. Son 3 ay banka hesab\u0131 d\u00f6k\u00fcm\u00fcne d\u00fczenli hareket olmama, d\u00fc\u015f\u00fck limit banka hesab\u0131n\u0131 sunulmas\u0131, rezervasyonu yap\u0131lan otel ve u\u00e7ak fiyat\u0131n\u0131n banka hesab\u0131nda ki paradan fazla olmas\u0131 gibi neden bu sonuca yol a\u00e7abilir.<\/span><br \/><span style=\"font-family: Roboto; font-size: 14px;\">\u00a0Ki\u015filerin \u00fclkesine d\u00f6nece\u011fine ait inan\u00e7 olu\u015fmamas\u0131; bu nedeni ile al\u0131nm\u0131\u015f bir vize reddi, ki\u015filerin \u00fclkesinde ki s\u0131k\u0131 ba\u011f\u0131n\u0131 yeterince ispatlayamamas\u0131, \u00e7al\u0131\u015f\u0131yor ise i\u015f ba\u011flant\u0131s\u0131n\u0131, \u00e7al\u0131\u015fm\u0131yorsa da \u00fclkesiyle olan vazge\u00e7emeyece ba\u011f\u0131n\u0131n ispat edilmemi\u015f olmas\u0131nda kaynaklan\u0131r. <strong>Almanya vize<\/strong> neden reddedilir sorusu en s\u0131k kar\u015f\u0131la\u015f\u0131lan cevab\u0131ndan biridir. Seyahat sa\u011fl\u0131k sigortas\u0131 uygun bulunmamas\u0131; Seyahat sa\u011fl\u0131k sigorta seyahat tarihini kapsamal\u0131, 30.000 Euro teminat\u0131 ve t\u00fcm Schengen \u00fcyesi \u00fclkede ge\u00e7erli olmal\u0131. Yeniden vize ba\u015fvurunuzda \u00f6nceki vize reddi m\u00fc\u015fteri temsilciniz bildirmeniz g\u00fc\u00e7l\u00fc bir dosya haz\u0131rl\u0131\u011f\u0131 i\u00e7in \u015fartd\u0131r.<\/span><\/p>\r\n<h2><strong><span style=\"font-family: Roboto; font-size: 27px;\">Almanya Vize Reddi Nedenleri<\/span><\/strong><\/h2>\r\n<p><span style=\"font-family: Roboto; font-size: 14px;\">Bir vize ba\u015fvuru yap\u0131l\u0131rken Konsoloslu\u011fu de\u011ferlendirme kriteri g\u00f6z \u00f6n\u00fcnde tutularak dosya haz\u0131rlanmal\u0131. <strong>Schengen vizesi<\/strong> ba\u015fvurusunda <strong>Almanya vizesi reddi<\/strong> nedeni Konsolosluk taraf\u0131ndan belirlenmi\u015ftir. Konsoloslu\u011fu bir dosyay\u0131 hangi kritere g\u00f6re de\u011ferlendirece\u011fi, vize onay\u0131 vermesine bir sak\u0131nca olup olmamas\u0131 gibi durum \u00f6nceden tahmin edilebilir bir durum. Bu neden vize dan\u0131\u015fmanl\u0131k hizmeti deneyim ve bilgi sayesine bu vize red sebepine hakimdir ve vize ba\u015fvuru dosyas\u0131 zay\u0131f yan\u0131n\u0131 g\u00f6rerek ba\u015fvurunun olumlu sonu\u00e7lanma i\u00e7in dosyan\u0131z\u0131 g\u00fc\u00e7lendirir.<\/span><br \/><span style=\"font-family: Roboto; font-size: 14px;\">Almanya vizesi reddi 2022 y\u0131l\u0131nda da belirli kritere g\u00f6re de\u011ferlendirilmekte. \u00a0De\u011ferlendirme kriterinin ba\u015f\u0131nda sunulan t\u00fcm evrak\u0131n birbiriyle e\u015fle\u015fmesi, birbiri desteklemesi ve tutarl\u0131 olmas\u0131. \u00d6rne\u011fin ki\u015fi Almanyadaki bir yak\u0131n\u0131 ziyaret edecekse fakat Almanya\u2019da ki belediyeden onayl\u0131 bir davetiye sunmumu\u015fsa seyahat amac\u0131 destekleyen belge tutars\u0131z ve eksik oldu\u011fu i\u00e7in red verilebilir. Yeniden vize ba\u015fvurunuzda \u00f6nceki vize reddi m\u00fc\u015fteri temsilciniz bildirmeniz g\u00fc\u00e7l\u00fc bir dosya haz\u0131rl\u0131\u011f\u0131 i\u00e7in \u015fartd\u0131r.<\/span><\/p>\r\n<h3><strong><span style=\"font-family: Roboto; font-size: 24px;\">Almanya Vize Reddine \u0130tiraz Ba\u015fvuru<\/span><\/strong><\/h3>\r\n<p><span style=\"font-family: Roboto; font-size: 14px;\">Vize reddi alma, yeniden vize ba\u015fvuru yapmaya engel olmayaca\u011f\u0131 gibi red ile sonu\u00e7lanm\u0131\u015f mevcutu ba\u015fvuru da da red karar\u0131 itiraz etme hakk\u0131 bulunmakta. Vize reddine itiraz karar veren Konsolosluk itiraz dilek\u00e7esi yaz\u0131larak yap\u0131l\u0131r. <strong>Almanya vizesi i\u015flemi<\/strong>, itiraz dilek\u00e7esi standart ya da belirli bir formu bulunmaz. Dilek\u00e7e de itiraz nedeninizi a\u00e7\u0131k ve net bir \u015fekilde belirtmek ve dosyan\u0131zda ki redde neden olan unsurun ortadan kald\u0131r\u0131ld\u0131\u011fa dair ek evrak sunulabilir. \u00d6rne\u011fin seyahat sigortas\u0131 uygunsuzlu\u011funda kaynakl\u0131 bir red al\u0131nm\u0131\u015fsa seyahat tarihinize ve Konsoloslu\u011fun belirtti\u011fi \u015farta uygun bir seyahat sa\u011fl\u0131k sigortas\u0131 itiraz dilek\u00e7esi ile birlikte Konsoloslu\u011fa sunulabilir. Red karar\u0131 verildi\u011fi tarihten itibaren en ge\u00e7 30 g\u00fcn i\u00e7erisinde itiraz dilek\u00e7esi Konsoloslu\u011fa ula\u015ft\u0131r\u0131lm\u0131\u015f olmal\u0131. Kargoda ya\u015fanacak gecikme ge\u00e7erli mazeret olarak kabul edilmemekte.<\/span><\/p>\r\n<h3><strong><span style=\"font-family: Roboto; font-size: 24px;\">Almanya Vize Reddi \u0130tiraz Dilek\u00e7esi<\/span><\/strong><\/h3>\r\n<p><span style=\"font-family: Roboto; font-size: 14px;\">Elbette bir vizesi reddi sonunda yeniden <span style=\"color: #2acec2;\"><strong><a style=\"color: #2acec2;\" href=\"https:\/\/www.myvize.com.tr\/almanya\/vize-islemleri\/almanya-vize-basvurusu\/\" target=\"_blank\" rel=\"noopener\">Almanya vize ba\u015fvuru<\/a>su<\/strong><\/span> yapma m\u00fcmk\u00fcnd\u00fcr. Ancak yeniden ba\u015fvuru yap\u0131ld\u0131\u011f\u0131nda \u00f6nceki red karar da ba\u015fvuru dosyas\u0131 da k\u00f6t\u00fc bir referans olaca\u011f\u0131 unutulmamas\u0131 ve buna g\u00f6re g\u00fc\u00e7l\u00fc bir dosya haz\u0131rlanmal\u0131. Asl\u0131nda tercih edilen tabii ki hi\u00e7 <strong>Almanya vizesi reddi<\/strong> almam\u0131\u015f olmakd\u0131r. \u0130lk vize ba\u015fvurusu bu neden \u00f6nemlidir. Vize reddinde sonra haz\u0131rlanan dosya da yaz\u0131lacak vizesi talep dilek\u00e7esi de durum belirtilebilir. \u00d6nce ki red nedeninin ortadan kald\u0131r\u0131ld\u0131\u011fa emin olunarak yeni <strong>vize ba\u015fvurusu<\/strong> dosya haz\u0131rlanmal\u0131d\u0131r. Nitekim red referans olan bir dosyay\u0131 Konsolosluk g\u00f6z\u00fc ile, Konsoloslu\u011fu de\u011ferlendirme kriteri g\u00f6z \u00f6n\u00fcnde tutularak yeniden haz\u0131rlama gerekir. <strong>Vize reddi<\/strong> al\u0131nd\u0131 ise ve yeniden ba\u015fvuru yap\u0131lma isteniyorsa \u00a0telefondan vize ba\u015fvuru yapabilirsiniz. Yeniden vize ba\u015fvurunuzda \u00f6nceki vize reddi m\u00fc\u015fteri temsilciniz bildirmeniz g\u00fc\u00e7l\u00fc bir dosya haz\u0131rl\u0131\u011f\u0131 i\u00e7in \u015fartd\u0131r.<\/span><br \/><span style=\"font-family: Roboto; font-size: 14px;\">Almanya vizesi reddi al\u0131nmas\u0131 halinde ba\u015fvurusu i\u00e7in \u00f6denen Konsolosluk harc\u0131lar ve ba\u015fvuru merkezi \u00fccreti geri \u00f6denmemekte. Ba\u015fvuru esnas\u0131nda vize redd al\u0131nmas\u0131 durumda \u00fccret iadesi istenmeyece\u011fi dair yaz\u0131l\u0131 bilgilendirmeler de imzalanmakta.<\/span><\/p>\r\n<p><span style=\"font-family: Roboto;\"><\/span><\/p>","protected":false},"excerpt":{"rendered":"<p>T\u00fcrkiye\u2019den Almanya\u2019ya bir\u00e7ok ki\u015fi ge\u00e7mi\u015fte de \u015fimdide gidiyor ve gitmek istiyor. Fakat \u00f6nlerinde \u00f6nemli bir sorun var o da vize. Vizenin ret karar\u0131n\u0131n \u00e7\u0131kmas\u0131 bir\u00e7ok nedenden kaynakl\u0131 olabilir. \u00d6zellikle Almanya gibi Avrupa \u00fclkeleri buna olduk\u00e7a dikkat etti\u011fini s\u00f6yleyebiliriz. Bunun i\u00e7in vizenizin olumsuz kararla sonu\u00e7lanmamas\u0131 i\u00e7in gerekli maddeleri uygulaman\u0131z\u0131 \u00f6neririz. Zorunlu Evraklar Vize al\u0131rken en \u00e7ok<\/p>\n","protected":false},"author":1,"featured_media":0,"parent":18,"menu_order":0,"comment_status":"open","ping_status":"closed","template":"","meta":{"footnotes":""},"class_list":["post-306","page","type-page","status-publish","hentry"],"yoast_head":"<!-- This site is optimized with the Yoast SEO plugin v24.0 - https:\/\/yoast.com\/wordpress\/plugins\/seo\/ -->\n<title>Almanya Vizesi Reddi - Almanya Vizesi \u0130\u015flemleri - MyVize<\/title>\n<meta name=\"description\" content=\"Almanya Vize Reddini Onaya \u00c7evirmek \u0130\u00e7in Hemen T\u0131klay\u0131n\u0131z! Almanya Vize Reddi Mi Ald\u0131n\u0131z? Vize Dan\u0131\u015fman\u0131m\u0131za Ula\u015fmak \u0130\u00e7in Hemen Aray\u0131n!\" \/>\n<meta name=\"robots\" content=\"index, follow, max-snippet:-1, max-image-preview:large, max-video-preview:-1\" \/>\n<link rel=\"canonical\" href=\"https:\/\/www.myvize.com.tr\/almanya\/vize-islemleri\/vize-reddi\/\" \/>\n<meta property=\"og:locale\" content=\"tr_TR\" \/>\n<meta property=\"og:type\" content=\"article\" \/>\n<meta property=\"og:title\" content=\"Almanya Vizesi Reddi - Almanya Vizesi \u0130\u015flemleri - MyVize\" \/>\n<meta property=\"og:description\" content=\"Almanya Vize Reddini Onaya \u00c7evirmek \u0130\u00e7in Hemen T\u0131klay\u0131n\u0131z! Almanya Vize Reddi Mi Ald\u0131n\u0131z? Vize Dan\u0131\u015fman\u0131m\u0131za Ula\u015fmak \u0130\u00e7in Hemen Aray\u0131n!\" \/>\n<meta property=\"og:url\" content=\"https:\/\/www.myvize.com.tr\/almanya\/vize-islemleri\/vize-reddi\/\" \/>\n<meta property=\"og:site_name\" content=\"Almanya Vize\" \/>\n<meta property=\"article:modified_time\" content=\"2023-01-22T14:35:54+00:00\" \/>\n<meta property=\"og:image\" content=\"https:\/\/www.myvize.com.tr\/almanya\/wp-content\/uploads\/2021\/09\/18.jpg\" \/>\n<meta name=\"twitter:card\" content=\"summary_large_image\" \/>\n<meta name=\"twitter:label1\" content=\"Tahmini okuma s\u00fcresi\" \/>\n\t<meta name=\"twitter:data1\" content=\"5 dakika\" \/>\n<script type=\"application\/ld+json\" class=\"yoast-schema-graph\">{\"@context\":\"https:\/\/schema.org\",\"@graph\":[{\"@type\":\"WebPage\",\"@id\":\"https:\/\/www.myvize.com.tr\/almanya\/vize-islemleri\/vize-reddi\/\",\"url\":\"https:\/\/www.myvize.com.tr\/almanya\/vize-islemleri\/vize-reddi\/\",\"name\":\"Almanya Vizesi Reddi - Almanya Vizesi \u0130\u015flemleri - MyVize\",\"isPartOf\":{\"@id\":\"https:\/\/www.myvize.com.tr\/almanya\/#website\"},\"primaryImageOfPage\":{\"@id\":\"https:\/\/www.myvize.com.tr\/almanya\/vize-islemleri\/vize-reddi\/#primaryimage\"},\"image\":{\"@id\":\"https:\/\/www.myvize.com.tr\/almanya\/vize-islemleri\/vize-reddi\/#primaryimage\"},\"thumbnailUrl\":\"https:\/\/www.myvize.com.tr\/almanya\/wp-content\/uploads\/2021\/09\/18.jpg\",\"datePublished\":\"2021-01-29T15:08:24+00:00\",\"dateModified\":\"2023-01-22T14:35:54+00:00\",\"description\":\"Almanya Vize Reddini Onaya \u00c7evirmek \u0130\u00e7in Hemen T\u0131klay\u0131n\u0131z! Almanya Vize Reddi Mi Ald\u0131n\u0131z? Vize Dan\u0131\u015fman\u0131m\u0131za Ula\u015fmak \u0130\u00e7in Hemen Aray\u0131n!\",\"breadcrumb\":{\"@id\":\"https:\/\/www.myvize.com.tr\/almanya\/vize-islemleri\/vize-reddi\/#breadcrumb\"},\"inLanguage\":\"tr\",\"potentialAction\":[{\"@type\":\"ReadAction\",\"target\":[\"https:\/\/www.myvize.com.tr\/almanya\/vize-islemleri\/vize-reddi\/\"]}]},{\"@type\":\"ImageObject\",\"inLanguage\":\"tr\",\"@id\":\"https:\/\/www.myvize.com.tr\/almanya\/vize-islemleri\/vize-reddi\/#primaryimage\",\"url\":\"https:\/\/www.myvize.com.tr\/almanya\/wp-content\/uploads\/2021\/09\/18.jpg\",\"contentUrl\":\"https:\/\/www.myvize.com.tr\/almanya\/wp-content\/uploads\/2021\/09\/18.jpg\",\"width\":800,\"height\":500,\"caption\":\"Almanya\"},{\"@type\":\"BreadcrumbList\",\"@id\":\"https:\/\/www.myvize.com.tr\/almanya\/vize-islemleri\/vize-reddi\/#breadcrumb\",\"itemListElement\":[{\"@type\":\"ListItem\",\"position\":1,\"name\":\"Anasayfa\",\"item\":\"https:\/\/www.myvize.com.tr\/almanya\/\"},{\"@type\":\"ListItem\",\"position\":2,\"name\":\"ALMANYA V\u0130ZE \u0130\u015eLEMLER\u0130\",\"item\":\"https:\/\/www.myvize.com.tr\/almanya\/vize-islemleri\/\"},{\"@type\":\"ListItem\",\"position\":3,\"name\":\"Almanya Vize Reddi\"}]},{\"@type\":\"WebSite\",\"@id\":\"https:\/\/www.myvize.com.tr\/almanya\/#website\",\"url\":\"https:\/\/www.myvize.com.tr\/almanya\/\",\"name\":\"Almanya Vize\",\"description\":\"\",\"potentialAction\":[{\"@type\":\"SearchAction\",\"target\":{\"@type\":\"EntryPoint\",\"urlTemplate\":\"https:\/\/www.myvize.com.tr\/almanya\/?s={search_term_string}\"},\"query-input\":{\"@type\":\"PropertyValueSpecification\",\"valueRequired\":true,\"valueName\":\"search_term_string\"}}],\"inLanguage\":\"tr\"}]}<\/script>\n<!-- \/ Yoast SEO plugin. -->","yoast_head_json":{"title":"Almanya Vizesi Reddi - Almanya Vizesi \u0130\u015flemleri - MyVize","description":"Almanya Vize Reddini Onaya \u00c7evirmek \u0130\u00e7in Hemen T\u0131klay\u0131n\u0131z! Almanya Vize Reddi Mi Ald\u0131n\u0131z? Vize Dan\u0131\u015fman\u0131m\u0131za Ula\u015fmak \u0130\u00e7in Hemen Aray\u0131n!","robots":{"index":"index","follow":"follow","max-snippet":"max-snippet:-1","max-image-preview":"max-image-preview:large","max-video-preview":"max-video-preview:-1"},"canonical":"https:\/\/www.myvize.com.tr\/almanya\/vize-islemleri\/vize-reddi\/","og_locale":"tr_TR","og_type":"article","og_title":"Almanya Vizesi Reddi - Almanya Vizesi \u0130\u015flemleri - MyVize","og_description":"Almanya Vize Reddini Onaya \u00c7evirmek \u0130\u00e7in Hemen T\u0131klay\u0131n\u0131z! Almanya Vize Reddi Mi Ald\u0131n\u0131z? Vize Dan\u0131\u015fman\u0131m\u0131za Ula\u015fmak \u0130\u00e7in Hemen Aray\u0131n!","og_url":"https:\/\/www.myvize.com.tr\/almanya\/vize-islemleri\/vize-reddi\/","og_site_name":"Almanya Vize","article_modified_time":"2023-01-22T14:35:54+00:00","og_image":[{"url":"https:\/\/www.myvize.com.tr\/almanya\/wp-content\/uploads\/2021\/09\/18.jpg","type":"","width":"","height":""}],"twitter_card":"summary_large_image","twitter_misc":{"Tahmini okuma s\u00fcresi":"5 dakika"},"schema":{"@context":"https:\/\/schema.org","@graph":[{"@type":"WebPage","@id":"https:\/\/www.myvize.com.tr\/almanya\/vize-islemleri\/vize-reddi\/","url":"https:\/\/www.myvize.com.tr\/almanya\/vize-islemleri\/vize-reddi\/","name":"Almanya Vizesi Reddi - Almanya Vizesi \u0130\u015flemleri - MyVize","isPartOf":{"@id":"https:\/\/www.myvize.com.tr\/almanya\/#website"},"primaryImageOfPage":{"@id":"https:\/\/www.myvize.com.tr\/almanya\/vize-islemleri\/vize-reddi\/#primaryimage"},"image":{"@id":"https:\/\/www.myvize.com.tr\/almanya\/vize-islemleri\/vize-reddi\/#primaryimage"},"thumbnailUrl":"https:\/\/www.myvize.com.tr\/almanya\/wp-content\/uploads\/2021\/09\/18.jpg","datePublished":"2021-01-29T15:08:24+00:00","dateModified":"2023-01-22T14:35:54+00:00","description":"Almanya Vize Reddini Onaya \u00c7evirmek \u0130\u00e7in Hemen T\u0131klay\u0131n\u0131z! Almanya Vize Reddi Mi Ald\u0131n\u0131z? Vize Dan\u0131\u015fman\u0131m\u0131za Ula\u015fmak \u0130\u00e7in Hemen Aray\u0131n!","breadcrumb":{"@id":"https:\/\/www.myvize.com.tr\/almanya\/vize-islemleri\/vize-reddi\/#breadcrumb"},"inLanguage":"tr","potentialAction":[{"@type":"ReadAction","target":["https:\/\/www.myvize.com.tr\/almanya\/vize-islemleri\/vize-reddi\/"]}]},{"@type":"ImageObject","inLanguage":"tr","@id":"https:\/\/www.myvize.com.tr\/almanya\/vize-islemleri\/vize-reddi\/#primaryimage","url":"https:\/\/www.myvize.com.tr\/almanya\/wp-content\/uploads\/2021\/09\/18.jpg","contentUrl":"https:\/\/www.myvize.com.tr\/almanya\/wp-content\/uploads\/2021\/09\/18.jpg","width":800,"height":500,"caption":"Almanya"},{"@type":"BreadcrumbList","@id":"https:\/\/www.myvize.com.tr\/almanya\/vize-islemleri\/vize-reddi\/#breadcrumb","itemListElement":[{"@type":"ListItem","position":1,"name":"Anasayfa","item":"https:\/\/www.myvize.com.tr\/almanya\/"},{"@type":"ListItem","position":2,"name":"ALMANYA V\u0130ZE \u0130\u015eLEMLER\u0130","item":"https:\/\/www.myvize.com.tr\/almanya\/vize-islemleri\/"},{"@type":"ListItem","position":3,"name":"Almanya Vize Reddi"}]},{"@type":"WebSite","@id":"https:\/\/www.myvize.com.tr\/almanya\/#website","url":"https:\/\/www.myvize.com.tr\/almanya\/","name":"Almanya Vize","description":"","potentialAction":[{"@type":"SearchAction","target":{"@type":"EntryPoint","urlTemplate":"https:\/\/www.myvize.com.tr\/almanya\/?s={search_term_string}"},"query-input":{"@type":"PropertyValueSpecification","valueRequired":true,"valueName":"search_term_string"}}],"inLanguage":"tr"}]}},"_links":{"self":[{"href":"https:\/\/www.myvize.com.tr\/almanya\/wp-json\/wp\/v2\/pages\/306","targetHints":{"allow":["GET"]}}],"collection":[{"href":"https:\/\/www.myvize.com.tr\/almanya\/wp-json\/wp\/v2\/pages"}],"about":[{"href":"https:\/\/www.myvize.com.tr\/almanya\/wp-json\/wp\/v2\/types\/page"}],"author":[{"embeddable":true,"href":"https:\/\/www.myvize.com.tr\/almanya\/wp-json\/wp\/v2\/users\/1"}],"replies":[{"embeddable":true,"href":"https:\/\/www.myvize.com.tr\/almanya\/wp-json\/wp\/v2\/comments?post=306"}],"version-history":[{"count":5,"href":"https:\/\/www.myvize.com.tr\/almanya\/wp-json\/wp\/v2\/pages\/306\/revisions"}],"predecessor-version":[{"id":1775,"href":"https:\/\/www.myvize.com.tr\/almanya\/wp-json\/wp\/v2\/pages\/306\/revisions\/1775"}],"up":[{"embeddable":true,"href":"https:\/\/www.myvize.com.tr\/almanya\/wp-json\/wp\/v2\/pages\/18"}],"wp:attachment":[{"href":"https:\/\/www.myvize.com.tr\/almanya\/wp-json\/wp\/v2\/media?parent=306"}],"curies":[{"name":"wp","href":"https:\/\/api.w.org\/{rel}","templated":true}]}}