{"id":310,"date":"2021-01-29T18:09:04","date_gmt":"2021-01-29T15:09:04","guid":{"rendered":"https:\/\/www.myvize.com.tr\/almanya\/?page_id=310"},"modified":"2022-10-14T13:09:51","modified_gmt":"2022-10-14T10:09:51","slug":"vize-evraklari","status":"publish","type":"page","link":"https:\/\/www.myvize.com.tr\/almanya\/vize-islemleri\/vize-evraklari\/","title":{"rendered":"Almanya Vize Evraklar\u0131"},"content":{"rendered":"<h2><strong><span style=\"font-size: 27px; font-family: Roboto;\">Almanya Vize Evraklar\u0131 Hakk\u0131nda<\/span><\/strong><\/h2>\n","protected":false},"excerpt":{"rendered":"<p>Almanya Vize Evraklar\u0131 Hakk\u0131nda<\/p>\n","protected":false},"author":1,"featured_media":0,"parent":18,"menu_order":0,"comment_status":"open","ping_status":"closed","template":"","meta":{"footnotes":""},"class_list":["post-310","page","type-page","status-publish","hentry"],"yoast_head":"<!-- This site is optimized with the Yoast SEO plugin v24.0 - https:\/\/yoast.com\/wordpress\/plugins\/seo\/ -->\n<title>Almanya Vizesi Evraklar\u0131 - Almanya Vizesi - MyVize<\/title>\n<meta name=\"description\" content=\"Almanya Vize Evraklar\u0131 Nelerdir? Almanya Vize Ba\u015fvuru Formu Nas\u0131l Doldurulur? Almanya Vize Ba\u015fvurusunda Dikkat Edilmesi Gerekenler Neler?\" \/>\n<meta name=\"robots\" content=\"index, follow, max-snippet:-1, max-image-preview:large, max-video-preview:-1\" \/>\n<link rel=\"canonical\" href=\"https:\/\/www.myvize.com.tr\/almanya\/vize-islemleri\/vize-evraklari\/\" \/>\n<meta property=\"og:locale\" content=\"tr_TR\" \/>\n<meta property=\"og:type\" content=\"article\" \/>\n<meta property=\"og:title\" content=\"Almanya Vizesi Evraklar\u0131 - Almanya Vizesi - MyVize\" \/>\n<meta property=\"og:description\" content=\"Almanya Vize Evraklar\u0131 Nelerdir? Almanya Vize Ba\u015fvuru Formu Nas\u0131l Doldurulur? Almanya Vize Ba\u015fvurusunda Dikkat Edilmesi Gerekenler Neler?\" \/>\n<meta property=\"og:url\" content=\"https:\/\/www.myvize.com.tr\/almanya\/vize-islemleri\/vize-evraklari\/\" \/>\n<meta property=\"og:site_name\" content=\"Almanya Vize\" \/>\n<meta property=\"article:modified_time\" content=\"2022-10-14T10:09:51+00:00\" \/>\n<meta name=\"twitter:card\" content=\"summary_large_image\" \/>\n<meta name=\"twitter:label1\" content=\"Tahmini okuma s\u00fcresi\" \/>\n\t<meta name=\"twitter:data1\" content=\"1 dakika\" \/>\n<script type=\"application\/ld+json\" class=\"yoast-schema-graph\">{\"@context\":\"https:\/\/schema.org\",\"@graph\":[{\"@type\":\"WebPage\",\"@id\":\"https:\/\/www.myvize.com.tr\/almanya\/vize-islemleri\/vize-evraklari\/\",\"url\":\"https:\/\/www.myvize.com.tr\/almanya\/vize-islemleri\/vize-evraklari\/\",\"name\":\"Almanya Vizesi Evraklar\u0131 - Almanya Vizesi - MyVize\",\"isPartOf\":{\"@id\":\"https:\/\/www.myvize.com.tr\/almanya\/#website\"},\"datePublished\":\"2021-01-29T15:09:04+00:00\",\"dateModified\":\"2022-10-14T10:09:51+00:00\",\"description\":\"Almanya Vize Evraklar\u0131 Nelerdir? Almanya Vize Ba\u015fvuru Formu Nas\u0131l Doldurulur? Almanya Vize Ba\u015fvurusunda Dikkat Edilmesi Gerekenler Neler?\",\"breadcrumb\":{\"@id\":\"https:\/\/www.myvize.com.tr\/almanya\/vize-islemleri\/vize-evraklari\/#breadcrumb\"},\"inLanguage\":\"tr\",\"potentialAction\":[{\"@type\":\"ReadAction\",\"target\":[\"https:\/\/www.myvize.com.tr\/almanya\/vize-islemleri\/vize-evraklari\/\"]}]},{\"@type\":\"BreadcrumbList\",\"@id\":\"https:\/\/www.myvize.com.tr\/almanya\/vize-islemleri\/vize-evraklari\/#breadcrumb\",\"itemListElement\":[{\"@type\":\"ListItem\",\"position\":1,\"name\":\"Anasayfa\",\"item\":\"https:\/\/www.myvize.com.tr\/almanya\/\"},{\"@type\":\"ListItem\",\"position\":2,\"name\":\"ALMANYA V\u0130ZE \u0130\u015eLEMLER\u0130\",\"item\":\"https:\/\/www.myvize.com.tr\/almanya\/vize-islemleri\/\"},{\"@type\":\"ListItem\",\"position\":3,\"name\":\"Almanya Vize Evraklar\u0131\"}]},{\"@type\":\"WebSite\",\"@id\":\"https:\/\/www.myvize.com.tr\/almanya\/#website\",\"url\":\"https:\/\/www.myvize.com.tr\/almanya\/\",\"name\":\"Almanya Vize\",\"description\":\"\",\"potentialAction\":[{\"@type\":\"SearchAction\",\"target\":{\"@type\":\"EntryPoint\",\"urlTemplate\":\"https:\/\/www.myvize.com.tr\/almanya\/?s={search_term_string}\"},\"query-input\":{\"@type\":\"PropertyValueSpecification\",\"valueRequired\":true,\"valueName\":\"search_term_string\"}}],\"inLanguage\":\"tr\"}]}<\/script>\n<!-- \/ Yoast SEO plugin. -->","yoast_head_json":{"title":"Almanya Vizesi Evraklar\u0131 - Almanya Vizesi - MyVize","description":"Almanya Vize Evraklar\u0131 Nelerdir? Almanya Vize Ba\u015fvuru Formu Nas\u0131l Doldurulur? Almanya Vize Ba\u015fvurusunda Dikkat Edilmesi Gerekenler Neler?","robots":{"index":"index","follow":"follow","max-snippet":"max-snippet:-1","max-image-preview":"max-image-preview:large","max-video-preview":"max-video-preview:-1"},"canonical":"https:\/\/www.myvize.com.tr\/almanya\/vize-islemleri\/vize-evraklari\/","og_locale":"tr_TR","og_type":"article","og_title":"Almanya Vizesi Evraklar\u0131 - Almanya Vizesi - MyVize","og_description":"Almanya Vize Evraklar\u0131 Nelerdir? Almanya Vize Ba\u015fvuru Formu Nas\u0131l Doldurulur? Almanya Vize Ba\u015fvurusunda Dikkat Edilmesi Gerekenler Neler?","og_url":"https:\/\/www.myvize.com.tr\/almanya\/vize-islemleri\/vize-evraklari\/","og_site_name":"Almanya Vize","article_modified_time":"2022-10-14T10:09:51+00:00","twitter_card":"summary_large_image","twitter_misc":{"Tahmini okuma s\u00fcresi":"1 dakika"},"schema":{"@context":"https:\/\/schema.org","@graph":[{"@type":"WebPage","@id":"https:\/\/www.myvize.com.tr\/almanya\/vize-islemleri\/vize-evraklari\/","url":"https:\/\/www.myvize.com.tr\/almanya\/vize-islemleri\/vize-evraklari\/","name":"Almanya Vizesi Evraklar\u0131 - Almanya Vizesi - MyVize","isPartOf":{"@id":"https:\/\/www.myvize.com.tr\/almanya\/#website"},"datePublished":"2021-01-29T15:09:04+00:00","dateModified":"2022-10-14T10:09:51+00:00","description":"Almanya Vize Evraklar\u0131 Nelerdir? Almanya Vize Ba\u015fvuru Formu Nas\u0131l Doldurulur? Almanya Vize Ba\u015fvurusunda Dikkat Edilmesi Gerekenler Neler?","breadcrumb":{"@id":"https:\/\/www.myvize.com.tr\/almanya\/vize-islemleri\/vize-evraklari\/#breadcrumb"},"inLanguage":"tr","potentialAction":[{"@type":"ReadAction","target":["https:\/\/www.myvize.com.tr\/almanya\/vize-islemleri\/vize-evraklari\/"]}]},{"@type":"BreadcrumbList","@id":"https:\/\/www.myvize.com.tr\/almanya\/vize-islemleri\/vize-evraklari\/#breadcrumb","itemListElement":[{"@type":"ListItem","position":1,"name":"Anasayfa","item":"https:\/\/www.myvize.com.tr\/almanya\/"},{"@type":"ListItem","position":2,"name":"ALMANYA V\u0130ZE \u0130\u015eLEMLER\u0130","item":"https:\/\/www.myvize.com.tr\/almanya\/vize-islemleri\/"},{"@type":"ListItem","position":3,"name":"Almanya Vize Evraklar\u0131"}]},{"@type":"WebSite","@id":"https:\/\/www.myvize.com.tr\/almanya\/#website","url":"https:\/\/www.myvize.com.tr\/almanya\/","name":"Almanya Vize","description":"","potentialAction":[{"@type":"SearchAction","target":{"@type":"EntryPoint","urlTemplate":"https:\/\/www.myvize.com.tr\/almanya\/?s={search_term_string}"},"query-input":{"@type":"PropertyValueSpecification","valueRequired":true,"valueName":"search_term_string"}}],"inLanguage":"tr"}]}},"_links":{"self":[{"href":"https:\/\/www.myvize.com.tr\/almanya\/wp-json\/wp\/v2\/pages\/310","targetHints":{"allow":["GET"]}}],"collection":[{"href":"https:\/\/www.myvize.com.tr\/almanya\/wp-json\/wp\/v2\/pages"}],"about":[{"href":"https:\/\/www.myvize.com.tr\/almanya\/wp-json\/wp\/v2\/types\/page"}],"author":[{"embeddable":true,"href":"https:\/\/www.myvize.com.tr\/almanya\/wp-json\/wp\/v2\/users\/1"}],"replies":[{"embeddable":true,"href":"https:\/\/www.myvize.com.tr\/almanya\/wp-json\/wp\/v2\/comments?post=310"}],"version-history":[{"count":5,"href":"https:\/\/www.myvize.com.tr\/almanya\/wp-json\/wp\/v2\/pages\/310\/revisions"}],"predecessor-version":[{"id":1757,"href":"https:\/\/www.myvize.com.tr\/almanya\/wp-json\/wp\/v2\/pages\/310\/revisions\/1757"}],"up":[{"embeddable":true,"href":"https:\/\/www.myvize.com.tr\/almanya\/wp-json\/wp\/v2\/pages\/18"}],"wp:attachment":[{"href":"https:\/\/www.myvize.com.tr\/almanya\/wp-json\/wp\/v2\/media?parent=310"}],"curies":[{"name":"wp","href":"https:\/\/api.w.org\/{rel}","templated":true}]}}