{"id":346,"date":"2021-01-29T18:13:24","date_gmt":"2021-01-29T15:13:24","guid":{"rendered":"https:\/\/www.myvize.com.tr\/almanya\/?page_id=346"},"modified":"2022-03-22T13:59:06","modified_gmt":"2022-03-22T10:59:06","slug":"yatirimci-vizesi","status":"publish","type":"page","link":"https:\/\/www.myvize.com.tr\/almanya\/oturum-2\/yatirimci-vizesi\/","title":{"rendered":"Almanya Yat\u0131r\u0131mc\u0131 Vizesi"},"content":{"rendered":"<h2><strong><span style=\"font-family: Roboto; font-size: 27px;\">Almanya Yat\u0131r\u0131mc\u0131 Vizesi Nas\u0131l Al\u0131n\u0131r?<\/span><\/strong><\/h2>\n<p><span style=\"font-family: Roboto; font-size: 14px;\">T\u00fcrkiye Cumhuriyeti vatanda\u015flar\u0131 Almanya\u2019da i\u015f kurarak, i\u015f alan\u0131 geli\u015ftirerek, yat\u0131r\u0131m yaparak <strong>Almanya yat\u0131r\u0131mc\u0131 vizesi<\/strong> alabilir. Almanya, Avrupa\u2019n\u0131n en g\u00fc\u00e7l\u00fc ekonomilerinden birisidir. \u00d6zellikle sanayi aln\u0131ndaki geli\u015fmi\u015flik d\u00fczeyi Almanya\u2019ya bir\u00e7ok yabanc\u0131 yat\u0131r\u0131mc\u0131n\u0131n seyahat etmesine neden olmaktad\u0131r. Almanya yat\u0131r\u0131mc\u0131 vizesi alacak olan ki\u015filer, Almanya yat\u0131r\u0131mc\u0131 vizesinin nas\u0131l al\u0131naca\u011f\u0131n\u0131 merak etmektedir. Bu yaz\u0131da \u201cAlmanya yat\u0131r\u0131mc\u0131 vizesi nas\u0131l al\u0131n\u0131r?\u201d sorusunun cevab\u0131 verilmi\u015ftir.<\/span><\/p>\n<p><span style=\"font-family: Roboto; font-size: 14px;\">Almanya\u2019da \u015firket kurarak oturum izni almak isteyen ki\u015filerin Avrupa Birli\u011fi standartlar\u0131n\u0131 kar\u015f\u0131lamas\u0131 gerekmektedir. Yat\u0131r\u0131m yap\u0131lmas\u0131 gereken paran\u0131n ne adar olaca\u011f\u0131n\u0131 belirleyen unsur, ba\u015fvuru sahibinin Almanya\u2019da kuraca\u011f\u0131 i\u015f hacmine ba\u011fl\u0131d\u0131r. <strong>Almanya yat\u0131r\u0131mc\u0131 vizesi<\/strong> ba\u015fvurusu ile ba\u015fka bir i\u015f yerinde \u00e7al\u0131\u015fmak i\u00e7in ba\u015fvuruda bulunulamaz.<\/span><\/p>\n<p><span style=\"font-family: Roboto; font-size: 14px;\"><strong>Almanya yat\u0131r\u0131mc\u0131 vizesi<\/strong> alacak olan ki\u015filer gerekli olan \u015fartlar\u0131 kar\u015f\u0131lamas\u0131 durumunda ba\u015fvurular\u0131n\u0131 Almanya\u2019n\u0131n T\u00fcrkiye\u2019de bulunan temsilcili\u011fine yapabilir. Ba\u015fvuru i\u00e7in yat\u0131r\u0131mc\u0131 vizesi ba\u015fvurusu yap\u0131lacak olan yerden randevu al\u0131nmal\u0131d\u0131r. Randevu tarihine kadar gerekli olan vize evraklar\u0131 haz\u0131rlanmal\u0131 ve randevu tarihinde yetkililere teslim edilecek ba\u015fvuru i\u015flemleri ba\u015flat\u0131lmal\u0131d\u0131r. Ba\u015fvurular\u0131 inceleme yetkisi Almanya\u2019da bulunan yetkilendirilmi\u015f kurumlara aittir.<\/span><\/p>\n<h2><strong><span style=\"font-family: Roboto; font-size: 27px;\">Almanya Yat\u0131r\u0131mc\u0131 Vizesi \u0130\u015flemleri<\/span><\/strong><\/h2>\n<p><span style=\"font-family: Roboto; font-size: 14px;\">Almanya\u2019da bir i\u015f kuracak, Almanya\u2019ya i\u015f hacmini geli\u015ftirecek ve Almanya\u2019da yat\u0131r\u0131m yapacak olan ki\u015filerin Almanya yat\u0131r\u0131mc\u0131 vizesi almas\u0131 gerekmektedir. <strong>Almanya yat\u0131r\u0131mc\u0131 vizesi<\/strong> alacak olan ki\u015filer, <strong>Almanya yat\u0131r\u0131mc\u0131 vizesi<\/strong> i\u015flemleri hakk\u0131nda bilgi sahibi olmak istemektedir. Bu yaz\u0131da Almanya yat\u0131r\u0131mc\u0131 vizesi alacak olan ki\u015filer i\u00e7in Almanya yat\u0131r\u0131mc\u0131 vizesi i\u015flemleri hakk\u0131nda bilgi verilmi\u015ftir.<\/span><\/p>\n<p><span style=\"font-family: Roboto; font-size: 14px;\">Almanya\u2019da serbest meslek icra edecek olan giri\u015fimciler, <span style=\"color: #2acec2;\"><strong><a style=\"color: #2acec2;\" href=\"https:\/\/www.myvize.com.tr\/almanya\/almanya-oturum-izni\/\" target=\"_blank\" rel=\"noopener\">Almanya oturum izni<\/a><\/strong><\/span> sahibi olmal\u0131d\u0131r. Almanya yat\u0131r\u0131mc\u0131 vizesi, Almanya\u2019da icra edilecek ticari faaliyetle alakal\u0131 ekonomik fayda ya da b\u00f6lgesel ihtiya\u00e7 olmas\u0131, yat\u0131r\u0131m projesinin olumlu etkilerinin olmas\u0131n\u0131n beklenmesi, planlanan yat\u0131r\u0131m\u0131n g\u00fcvenceye al\u0131nmas\u0131 durumunda verilecektir.<\/span><\/p>\n<p><span style=\"font-family: Roboto; font-size: 14px;\"><strong>Almanya yat\u0131r\u0131mc\u0131 vizesi<\/strong> ba\u015fvurusu, T\u00fcrkiye Cumhuriyeti\u2019nde bulunan Almanya temsilciliklerinden birisine yap\u0131lmal\u0131d\u0131r. Almanya yat\u0131r\u0131mc\u0131 vizesi ba\u015fvurusu yapacak olan ki\u015filer, ba\u015fvuru i\u00e7in gerekli olan \u00e7ok say\u0131da evrak\u0131 s\u0131ras\u0131na g\u00f6re haz\u0131rlamal\u0131d\u0131r.<\/span><\/p>\n<p><span style=\"font-family: Roboto; font-size: 14px;\"><strong>Almanya yat\u0131r\u0131mc\u0131 vizesi<\/strong> alacak olan ki\u015filer, Almanya temsilcili\u011finden randevu almal\u0131d\u0131r. Randevu tarihine kadar Almanya yat\u0131r\u0131mc\u0131 vizesi i\u00e7in gerekli olan evraklar haz\u0131rlanarak randevu tarihinde yetkililere teslim edilmelidir. Almanya yat\u0131r\u0131mc\u0131 vizesini Almanya\u2019da bulunan yetkililer incelemektedir.<\/span><\/p>\n<h2><strong><span style=\"font-family: Roboto; font-size: 27px;\">Almanya Yat\u0131r\u0131mc\u0131 Vize Ba\u015fvurusu<\/span><\/strong><\/h2>\n<p><span style=\"font-family: Roboto; font-size: 14px;\">Almanya\u2019da i\u015f kuracak olan ya da Almanya\u2019da yat\u0131r\u0131m yapacak olan ki\u015filerin almas\u0131 gereken <span style=\"color: #2acec2;\"><strong><a style=\"color: #2acec2;\" href=\"https:\/\/www.myvize.com.tr\/almanya\/vize-islemleri\/almanya-vizesi\/\" target=\"_blank\" rel=\"noopener\">Almanya vizesi<\/a><\/strong><\/span> Almanya yat\u0131r\u0131mc\u0131 vizesidir. Almanya yat\u0131r\u0131mc\u0131 vizesi alacak olan ki\u015filer ba\u015fvuruda bulunmal\u0131d\u0131r. Almanya yat\u0131r\u0131mc\u0131 vizesi alacak olan ki\u015filer, Almanya yat\u0131r\u0131mc\u0131 vize ba\u015fvurusu yapmal\u0131d\u0131r. <strong>Almanya yat\u0131r\u0131mc\u0131 vizesi ba\u015fvurusu<\/strong> yapacak olan ki\u015filer ba\u015fvuru hakk\u0131nda bilgi sahibi olmak istemektedir. Bu yaz\u0131da Almanya yat\u0131r\u0131mc\u0131 vize ba\u015fvurusu hakk\u0131nda bilgi verilmi\u015ftir.<\/span><\/p>\n<p><span style=\"font-family: Roboto; font-size: 14px;\"><strong>Almanya yat\u0131r\u0131mc\u0131 vizesi<\/strong> alacak olan ki\u015filer ba\u015fvurular\u0131n\u0131 a\u015fa\u011f\u0131daki \u015fekilde yapabilir;<\/span><\/p>\n<ul>\n<li><span style=\"font-family: Roboto; font-size: 14px;\">Almanya yat\u0131r\u0131mc\u0131 vizesi alacak olan ki\u015filer, <strong>Almanya yat\u0131r\u0131mc\u0131 vizesi<\/strong> ba\u015fvurular\u0131n\u0131 Almanya\u2019n\u0131n T\u00fcrkiye\u2019de bulunan temsilciliklerine yap\u0131lmal\u0131d\u0131r.<\/span><\/li>\n<li><span style=\"font-family: Roboto; font-size: 14px;\">Almanya yat\u0131r\u0131mc\u0131 vizesi ba\u015fvurusu yapacak olan ki\u015filer ba\u015fvurular\u0131n\u0131 yerine getirebilmek i\u00e7in randevu almal\u0131d\u0131r.<\/span><\/li>\n<li><span style=\"font-family: Roboto; font-size: 14px;\">Almanya yat\u0131r\u0131mc\u0131 vizesi randevu tarihine kadar gerekli olan vize evraklar\u0131 eksiksiz olarak haz\u0131rlanmal\u0131d\u0131r.<\/span><\/li>\n<li><span style=\"font-family: Roboto; font-size: 14px;\">Haz\u0131rlanan evraklar randevu tarihinde Almanya yat\u0131r\u0131mc\u0131 vizesi ba\u015fvurusu yap\u0131lacak olan Almanya temsilcili\u011fine teslim edilmelidir.<\/span><\/li>\n<li><span style=\"font-family: Roboto; font-size: 14px;\"><span style=\"color: #2acec2;\"><strong><a style=\"color: #2acec2;\" href=\"https:\/\/www.myvize.com.tr\/almanya\/oturum-2\/calisma-izni\/\" target=\"_blank\" rel=\"noopener\">Almanya \u00e7al\u0131\u015fma izni<\/a><\/strong><\/span> ba\u015fvurular\u0131n\u0131 inceleme yetkisi Almanya\u2019da bulunan ve yetkili kurumlara aittir.<\/span><\/li>\n<li><span style=\"font-family: Roboto; font-size: 14px;\">Almanya yat\u0131r\u0131mc\u0131 vizesi ba\u015fvurular\u0131 1 hafta ile 1 ay aras\u0131nda sonu\u00e7lanmaktad\u0131r. Detayl\u0131 bilgi i\u00e7in Almanya temsilcili\u011fi ile ileti\u015fime ge\u00e7ebilirsiniz.<\/span><\/li>\n<\/ul>\n<h2><strong><span style=\"font-family: Roboto; font-size: 27px;\">Almanya Yat\u0131r\u0131mc\u0131 Vize Randevusu<\/span><\/strong><\/h2>\n<p><span style=\"font-family: Roboto; font-size: 14px;\">Almanya\u2019da bir yat\u0131r\u0131m yapacak olan ki\u015filerin Almanya\u2019ya gidebilmek i\u00e7in Almanya yat\u0131r\u0131mc\u0131 vizesi almas\u0131 gerekmektedir. <strong>Almanya yat\u0131r\u0131mc\u0131 vizesi<\/strong> alacak olan ki\u015filerin baz\u0131 \u015fartlar\u0131 yerine getirmesi gerekmektedir. Bu \u015fartlardan birisi de Almanya yat\u0131r\u0131mc\u0131 vizesi i\u00e7in randevu al\u0131nmas\u0131d\u0131r. Bu yaz\u0131da Almanya yat\u0131r\u0131mc\u0131 vizesi alacak olan ki\u015filer i\u00e7in Almanya yat\u0131r\u0131mc\u0131 vize randevusu hakk\u0131nda bilgi verilmi\u015ftir.<\/span><\/p>\n<p><span style=\"font-family: Roboto; font-size: 14px;\">Almanya yat\u0131r\u0131mc\u0131 vizesi alacak olan ki\u015filerin ba\u015fvurular\u0131n\u0131 T\u00fcrkiye\u2019de bulunan Almanya temsilciliklerine yapmas\u0131 gerekmektedir. Almanya yat\u0131r\u0131mc\u0131 vizesi alacak olan ki\u015filer randevular\u0131n\u0131 <strong>Almanya temsilcili\u011fi<\/strong> ile ileti\u015fime ge\u00e7erek alabilir.<\/span><\/p>\n<p><span style=\"font-family: Roboto; font-size: 14px;\"><strong>Almanya yat\u0131r\u0131mc\u0131 vizesi<\/strong> alacak olan ki\u015filer, Almanya yat\u0131r\u0131mc\u0131 vizesi i\u00e7in randevu almak zorundad\u0131r. Randevusuz ba\u015fvurular kabul edilmemektedir. Almanya yat\u0131r\u0131mc\u0131 vizesi i\u00e7in al\u0131nan randevu ka\u00e7\u0131r\u0131l\u0131rsa ba\u015fvurular kabul edilmeyebilir. Ba\u015fvuru yapacak olan ki\u015filer bu durumda yeniden randevu almak zorunda kalabilir. Bu durum da Almanya yat\u0131r\u0131mc\u0131 vizesi ba\u015fvurusu yapacak olan ki\u015filer i\u00e7in vakit kayb\u0131 ve seyahat planlar\u0131n\u0131n aksamas\u0131 anlam\u0131na gelmektedir.<\/span><\/p>\n<p><span style=\"font-family: Roboto; font-size: 14px;\">Almanya yat\u0131r\u0131mc\u0131 vizesi randevular\u0131 genellikler bir- iki g\u00fcn sonraya verilmektedir. Seyahat plan\u0131n\u0131z\u0131 bu durumu g\u00f6ze alarak yapabilirsiniz. Detayl\u0131 bilgi i\u00e7in Almanya temsilcili\u011fi ile ileti\u015fime ge\u00e7erek yapabilirsiniz.<\/span><\/p>\n<h3><span style=\"font-size: 24px;\"><strong><span style=\"font-family: Roboto;\">Almanya Yat\u0131r\u0131mc\u0131 Vizesi Almak \u0130\u00e7in Gereken Evraklar<\/span><\/strong><\/span><\/h3>\n<p><span style=\"font-family: Roboto; font-size: 14px;\">Almanya\u2019ya yat\u0131r\u0131mc\u0131 olarak gidecek olan ki\u015filer, ba\u015fvurular\u0131n\u0131 yerine getirebilmek i\u00e7in baz\u0131 \u015fartlar\u0131 yerine getirmelidir. Bu \u015fartlardan birisi de <strong>Almanya yat\u0131r\u0131mc\u0131 vizesi<\/strong> i\u00e7in istenen evraklard\u0131r. Bu yaz\u0131da <strong>Almanya yat\u0131r\u0131mc\u0131 vizesi<\/strong> alacak olan ki\u015filer i\u00e7in Almanya yat\u0131r\u0131mc\u0131 vizesi almak i\u00e7in gereken evraklar listesi verilmi\u015ftir.<\/span><\/p>\n<ul>\n<li><span style=\"font-family: Roboto; font-size: 14px;\"><strong>Ba\u015fvuru Formu<\/strong><\/span><\/li>\n<li><span style=\"font-family: Roboto; font-size: 14px;\"><strong>Pasaport<\/strong><\/span><\/li>\n<li><span style=\"font-family: Roboto; font-size: 14px;\"><strong>2 adet vesikal\u0131k foto\u011fraf<\/strong><\/span><\/li>\n<li><span style=\"font-family: Roboto; font-size: 14px;\">Meslek e\u011fitimini kapsayan, diploma ve sertifikalarla belgelenilir \u00f6zge\u00e7mi\u015f ile g\u00fcncel i\u015f s\u00f6zle\u015fmesi<\/span><\/li>\n<li><span style=\"font-family: Roboto; font-size: 14px;\"><strong>Yeterlilik belgeleriniz<\/strong><\/span><\/li>\n<li><span style=\"font-family: Roboto; font-size: 14px;\"><strong>Almanca dilinde haz\u0131rlanm\u0131\u015f;\u00a0<\/strong>i\u015fletmenin konsepti, i\u015fletmenin amac\u0131, \u015firket verileri, ki\u015fisel niteliklerin \u00f6zeti, piyasa ve rekabet analizi, pazarlama stratejisi, planlama bilan\u00e7osu, kar\/zarar hesap plan\u0131, likidite \u00f6n hesab\u0131<\/span><\/li>\n<li><span style=\"font-family: Roboto; font-size: 14px;\">Firma kurulmu\u015f ise;<strong>\u00a0<\/strong>\u015firketin kurulu\u015funa dair noter tasdikli belge, noter onayl\u0131 \u015firket mukavelesi, g\u00fcncel ticaret odas\u0131 kayd\u0131, ortaklar listesi, ana sermayenin ne kadar\u0131n\u0131n \u00f6dendi\u011fi<\/span><\/li>\n<\/ul>\n<ul>\n<li><span style=\"font-family: Roboto; font-size: 14px;\">Her \u00e7e\u015fit \u015fahsi mal varl\u0131\u011f\u0131,<\/span><\/li>\n<li><span style=\"font-family: Roboto; font-size: 14px;\">Yurti\u00e7inde veya d\u0131\u015f\u0131nda elde edilmi\u015f emeklilik haklar\u0131<\/span><\/li>\n<li><span style=\"font-family: Roboto; font-size: 14px;\">Firma varl\u0131klar\u0131\/Yat\u0131r\u0131m miktar\u0131<\/span><\/li>\n<\/ul>\n<p><span style=\"font-family: Roboto; font-size: 14px;\"><strong>Almanya yat\u0131r\u0131mc\u0131 vizesi<\/strong> i\u00e7in gereken evraklar ki\u015finin durumuna g\u00f6re farkl\u0131l\u0131k g\u00f6sterse de genel olarak istenen evraklar yukar\u0131da verilmi\u015ftir. <strong>Almanya temsilcili\u011fi<\/strong> Almanya yat\u0131r\u0131mc\u0131 vizesi ba\u015fvurular\u0131n\u0131 incelerken bu evraklara ek olarak belge talep edebilir.<\/span><\/p>\n","protected":false},"excerpt":{"rendered":"<p>Almanya Yat\u0131r\u0131mc\u0131 Vizesi Nas\u0131l Al\u0131n\u0131r? T\u00fcrkiye Cumhuriyeti vatanda\u015flar\u0131 Almanya\u2019da i\u015f kurarak, i\u015f alan\u0131 geli\u015ftirerek, yat\u0131r\u0131m yaparak Almanya yat\u0131r\u0131mc\u0131 vizesi alabilir. Almanya, Avrupa\u2019n\u0131n en g\u00fc\u00e7l\u00fc ekonomilerinden birisidir. \u00d6zellikle sanayi aln\u0131ndaki geli\u015fmi\u015flik d\u00fczeyi Almanya\u2019ya bir\u00e7ok yabanc\u0131 yat\u0131r\u0131mc\u0131n\u0131n seyahat etmesine neden olmaktad\u0131r. Almanya yat\u0131r\u0131mc\u0131 vizesi alacak olan ki\u015filer, Almanya yat\u0131r\u0131mc\u0131 vizesinin nas\u0131l al\u0131naca\u011f\u0131n\u0131 merak etmektedir. Bu yaz\u0131da \u201cAlmanya<\/p>\n","protected":false},"author":1,"featured_media":0,"parent":138,"menu_order":0,"comment_status":"open","ping_status":"closed","template":"","meta":{"footnotes":""},"class_list":["post-346","page","type-page","status-publish","hentry"],"yoast_head":"<!-- This site is optimized with the Yoast SEO plugin v24.0 - https:\/\/yoast.com\/wordpress\/plugins\/seo\/ -->\n<title>Almanya Yat\u0131r\u0131mc\u0131 Vizesi - Almanya Vize \u0130\u015flemleri - MyVize<\/title>\n<meta name=\"description\" content=\"Almanya Yat\u0131r\u0131mc\u0131 Vizesi 2022 Y\u0131l\u0131 \u0130\u00e7in En G\u00fcncel Bilgiler Nelerdir? Almanya Yat\u0131r\u0131mc\u0131 Vizesi Nas\u0131l Al\u0131n\u0131r? Almanya Yat\u0131r\u0131mc\u0131 Vize Ba\u015fvurusu.\" \/>\n<meta name=\"robots\" content=\"index, follow, max-snippet:-1, max-image-preview:large, max-video-preview:-1\" \/>\n<link rel=\"canonical\" href=\"https:\/\/www.myvize.com.tr\/almanya\/oturum-2\/yatirimci-vizesi\/\" \/>\n<meta property=\"og:locale\" content=\"tr_TR\" \/>\n<meta property=\"og:type\" content=\"article\" \/>\n<meta property=\"og:title\" content=\"Almanya Yat\u0131r\u0131mc\u0131 Vizesi - Almanya Vize \u0130\u015flemleri - MyVize\" \/>\n<meta property=\"og:description\" content=\"Almanya Yat\u0131r\u0131mc\u0131 Vizesi 2022 Y\u0131l\u0131 \u0130\u00e7in En G\u00fcncel Bilgiler Nelerdir? Almanya Yat\u0131r\u0131mc\u0131 Vizesi Nas\u0131l Al\u0131n\u0131r? Almanya Yat\u0131r\u0131mc\u0131 Vize Ba\u015fvurusu.\" \/>\n<meta property=\"og:url\" content=\"https:\/\/www.myvize.com.tr\/almanya\/oturum-2\/yatirimci-vizesi\/\" \/>\n<meta property=\"og:site_name\" content=\"Almanya Vize\" \/>\n<meta property=\"article:modified_time\" content=\"2022-03-22T10:59:06+00:00\" \/>\n<meta name=\"twitter:card\" content=\"summary_large_image\" \/>\n<meta name=\"twitter:label1\" content=\"Tahmini okuma s\u00fcresi\" \/>\n\t<meta name=\"twitter:data1\" content=\"4 dakika\" \/>\n<script type=\"application\/ld+json\" class=\"yoast-schema-graph\">{\"@context\":\"https:\/\/schema.org\",\"@graph\":[{\"@type\":\"WebPage\",\"@id\":\"https:\/\/www.myvize.com.tr\/almanya\/oturum-2\/yatirimci-vizesi\/\",\"url\":\"https:\/\/www.myvize.com.tr\/almanya\/oturum-2\/yatirimci-vizesi\/\",\"name\":\"Almanya Yat\u0131r\u0131mc\u0131 Vizesi - Almanya Vize \u0130\u015flemleri - MyVize\",\"isPartOf\":{\"@id\":\"https:\/\/www.myvize.com.tr\/almanya\/#website\"},\"datePublished\":\"2021-01-29T15:13:24+00:00\",\"dateModified\":\"2022-03-22T10:59:06+00:00\",\"description\":\"Almanya Yat\u0131r\u0131mc\u0131 Vizesi 2022 Y\u0131l\u0131 \u0130\u00e7in En G\u00fcncel Bilgiler Nelerdir? Almanya Yat\u0131r\u0131mc\u0131 Vizesi Nas\u0131l Al\u0131n\u0131r? Almanya Yat\u0131r\u0131mc\u0131 Vize Ba\u015fvurusu.\",\"breadcrumb\":{\"@id\":\"https:\/\/www.myvize.com.tr\/almanya\/oturum-2\/yatirimci-vizesi\/#breadcrumb\"},\"inLanguage\":\"tr\",\"potentialAction\":[{\"@type\":\"ReadAction\",\"target\":[\"https:\/\/www.myvize.com.tr\/almanya\/oturum-2\/yatirimci-vizesi\/\"]}]},{\"@type\":\"BreadcrumbList\",\"@id\":\"https:\/\/www.myvize.com.tr\/almanya\/oturum-2\/yatirimci-vizesi\/#breadcrumb\",\"itemListElement\":[{\"@type\":\"ListItem\",\"position\":1,\"name\":\"Anasayfa\",\"item\":\"https:\/\/www.myvize.com.tr\/almanya\/\"},{\"@type\":\"ListItem\",\"position\":2,\"name\":\"OTURUM\",\"item\":\"https:\/\/www.myvize.com.tr\/almanya\/oturum-2\/\"},{\"@type\":\"ListItem\",\"position\":3,\"name\":\"Almanya Yat\u0131r\u0131mc\u0131 Vizesi\"}]},{\"@type\":\"WebSite\",\"@id\":\"https:\/\/www.myvize.com.tr\/almanya\/#website\",\"url\":\"https:\/\/www.myvize.com.tr\/almanya\/\",\"name\":\"Almanya Vize\",\"description\":\"\",\"potentialAction\":[{\"@type\":\"SearchAction\",\"target\":{\"@type\":\"EntryPoint\",\"urlTemplate\":\"https:\/\/www.myvize.com.tr\/almanya\/?s={search_term_string}\"},\"query-input\":{\"@type\":\"PropertyValueSpecification\",\"valueRequired\":true,\"valueName\":\"search_term_string\"}}],\"inLanguage\":\"tr\"}]}<\/script>\n<!-- \/ Yoast SEO plugin. -->","yoast_head_json":{"title":"Almanya Yat\u0131r\u0131mc\u0131 Vizesi - Almanya Vize \u0130\u015flemleri - MyVize","description":"Almanya Yat\u0131r\u0131mc\u0131 Vizesi 2022 Y\u0131l\u0131 \u0130\u00e7in En G\u00fcncel Bilgiler Nelerdir? Almanya Yat\u0131r\u0131mc\u0131 Vizesi Nas\u0131l Al\u0131n\u0131r? Almanya Yat\u0131r\u0131mc\u0131 Vize Ba\u015fvurusu.","robots":{"index":"index","follow":"follow","max-snippet":"max-snippet:-1","max-image-preview":"max-image-preview:large","max-video-preview":"max-video-preview:-1"},"canonical":"https:\/\/www.myvize.com.tr\/almanya\/oturum-2\/yatirimci-vizesi\/","og_locale":"tr_TR","og_type":"article","og_title":"Almanya Yat\u0131r\u0131mc\u0131 Vizesi - Almanya Vize \u0130\u015flemleri - MyVize","og_description":"Almanya Yat\u0131r\u0131mc\u0131 Vizesi 2022 Y\u0131l\u0131 \u0130\u00e7in En G\u00fcncel Bilgiler Nelerdir? Almanya Yat\u0131r\u0131mc\u0131 Vizesi Nas\u0131l Al\u0131n\u0131r? Almanya Yat\u0131r\u0131mc\u0131 Vize Ba\u015fvurusu.","og_url":"https:\/\/www.myvize.com.tr\/almanya\/oturum-2\/yatirimci-vizesi\/","og_site_name":"Almanya Vize","article_modified_time":"2022-03-22T10:59:06+00:00","twitter_card":"summary_large_image","twitter_misc":{"Tahmini okuma s\u00fcresi":"4 dakika"},"schema":{"@context":"https:\/\/schema.org","@graph":[{"@type":"WebPage","@id":"https:\/\/www.myvize.com.tr\/almanya\/oturum-2\/yatirimci-vizesi\/","url":"https:\/\/www.myvize.com.tr\/almanya\/oturum-2\/yatirimci-vizesi\/","name":"Almanya Yat\u0131r\u0131mc\u0131 Vizesi - Almanya Vize \u0130\u015flemleri - MyVize","isPartOf":{"@id":"https:\/\/www.myvize.com.tr\/almanya\/#website"},"datePublished":"2021-01-29T15:13:24+00:00","dateModified":"2022-03-22T10:59:06+00:00","description":"Almanya Yat\u0131r\u0131mc\u0131 Vizesi 2022 Y\u0131l\u0131 \u0130\u00e7in En G\u00fcncel Bilgiler Nelerdir? Almanya Yat\u0131r\u0131mc\u0131 Vizesi Nas\u0131l Al\u0131n\u0131r? Almanya Yat\u0131r\u0131mc\u0131 Vize Ba\u015fvurusu.","breadcrumb":{"@id":"https:\/\/www.myvize.com.tr\/almanya\/oturum-2\/yatirimci-vizesi\/#breadcrumb"},"inLanguage":"tr","potentialAction":[{"@type":"ReadAction","target":["https:\/\/www.myvize.com.tr\/almanya\/oturum-2\/yatirimci-vizesi\/"]}]},{"@type":"BreadcrumbList","@id":"https:\/\/www.myvize.com.tr\/almanya\/oturum-2\/yatirimci-vizesi\/#breadcrumb","itemListElement":[{"@type":"ListItem","position":1,"name":"Anasayfa","item":"https:\/\/www.myvize.com.tr\/almanya\/"},{"@type":"ListItem","position":2,"name":"OTURUM","item":"https:\/\/www.myvize.com.tr\/almanya\/oturum-2\/"},{"@type":"ListItem","position":3,"name":"Almanya Yat\u0131r\u0131mc\u0131 Vizesi"}]},{"@type":"WebSite","@id":"https:\/\/www.myvize.com.tr\/almanya\/#website","url":"https:\/\/www.myvize.com.tr\/almanya\/","name":"Almanya Vize","description":"","potentialAction":[{"@type":"SearchAction","target":{"@type":"EntryPoint","urlTemplate":"https:\/\/www.myvize.com.tr\/almanya\/?s={search_term_string}"},"query-input":{"@type":"PropertyValueSpecification","valueRequired":true,"valueName":"search_term_string"}}],"inLanguage":"tr"}]}},"_links":{"self":[{"href":"https:\/\/www.myvize.com.tr\/almanya\/wp-json\/wp\/v2\/pages\/346","targetHints":{"allow":["GET"]}}],"collection":[{"href":"https:\/\/www.myvize.com.tr\/almanya\/wp-json\/wp\/v2\/pages"}],"about":[{"href":"https:\/\/www.myvize.com.tr\/almanya\/wp-json\/wp\/v2\/types\/page"}],"author":[{"embeddable":true,"href":"https:\/\/www.myvize.com.tr\/almanya\/wp-json\/wp\/v2\/users\/1"}],"replies":[{"embeddable":true,"href":"https:\/\/www.myvize.com.tr\/almanya\/wp-json\/wp\/v2\/comments?post=346"}],"version-history":[{"count":6,"href":"https:\/\/www.myvize.com.tr\/almanya\/wp-json\/wp\/v2\/pages\/346\/revisions"}],"predecessor-version":[{"id":1163,"href":"https:\/\/www.myvize.com.tr\/almanya\/wp-json\/wp\/v2\/pages\/346\/revisions\/1163"}],"up":[{"embeddable":true,"href":"https:\/\/www.myvize.com.tr\/almanya\/wp-json\/wp\/v2\/pages\/138"}],"wp:attachment":[{"href":"https:\/\/www.myvize.com.tr\/almanya\/wp-json\/wp\/v2\/media?parent=346"}],"curies":[{"name":"wp","href":"https:\/\/api.w.org\/{rel}","templated":true}]}}