{"id":348,"date":"2021-01-29T18:13:48","date_gmt":"2021-01-29T15:13:48","guid":{"rendered":"https:\/\/www.myvize.com.tr\/almanya\/?page_id=348"},"modified":"2022-03-22T13:57:26","modified_gmt":"2022-03-22T10:57:26","slug":"universite-egitimi","status":"publish","type":"page","link":"https:\/\/www.myvize.com.tr\/almanya\/oturum-2\/universite-egitimi\/","title":{"rendered":"Almanya \u00dcniversite E\u011fitimi"},"content":{"rendered":"<h2><span style=\"font-family: Roboto; font-size: 27px;\"><strong>Almanya&#8217;da \u00dcniversite Okumak<\/strong><\/span><\/h2>\n<p><span style=\"font-family: Roboto; font-size: 14px;\">Almanya\u2019da ki bir\u00e7ok prestijli \u00fcniversite uluslararas\u0131 alanda t\u00fcm \u00f6\u011frencilere kucak a\u00e7maktad\u0131r. Almanya\u2019da ki bir\u00e7ok \u00fcniversite sizlere, hayata kar\u015f\u0131 bak\u0131\u015f a\u00e7\u0131n\u0131z\u0131 de\u011fi\u015ftirerek, nitelikli bir ya\u015fam nitelikli bir gelecek sunmaktad\u0131r. Ayr\u0131ca <strong>Almanya\u2019da \u00fcniversite okumak<\/strong> ekonomik oldu\u011fu kadar kolayd\u0131r. Kendi \u00fclkemizde ve K\u0131br\u0131s\u2019ta ki bir\u00e7ok \u00fcniversiteye k\u0131yasla Almanya da ki \u00fcniversiteler daha avantajl\u0131 bir konumdad\u0131r. Bu bak\u0131mdan <strong>Almanya da \u00fcniversite e\u011fitimi<\/strong> hem ekonomik hem de sizlere gelecekte sa\u011flayaca\u011f\u0131 stat\u00fcler bak\u0131m\u0131ndan olduk\u00e7a mant\u0131kl\u0131d\u0131r.<\/span><\/p>\n<p><span style=\"font-family: Roboto; font-size: 14px;\"><strong>Almanya da \u00fcniversite e\u011fitimlerine<\/strong> kabul edilebilmek i\u00e7in baz\u0131 temel k\u0131staslar vard\u0131r. Bu k\u0131staslardan ilki T\u00fcrkiye\u2019de ki herhangi bir \u00fcniversitenin d\u00f6rt y\u0131ll\u0131k b\u00f6l\u00fcm\u00fcnde okumaya hak kazanm\u0131\u015f olmak. Kazanm\u0131\u015f oldu\u011funuz bu b\u00f6l\u00fcm\u00fc dilerseniz Almanya\u2019da ki \u00fcniversiteler de okuyabilirsiniz. Almanca bilmemek sizin i\u00e7in bir engel olmas\u0131n. 1 y\u0131ll\u0131k Almanca haz\u0131rl\u0131k e\u011fitimi alarak kazanm\u0131\u015f oldu\u011funuz okulunuza gidebilirsiniz. Almanya da baz\u0131 \u00fcniversiteler ve \u00f6zel kurumlar, T\u0131p ve baz\u0131 M\u00fchendisliklerde ki\u015finin lise not ortalamas\u0131, \u00d6SYM puan\u0131, Testdaf veya DSH s\u0131nav puan\u0131na ve T\u00fcrkiye de kazanm\u0131\u015f oldu\u011fu \u00fcniversitenin T\u00fcrkiye de ki s\u0131ralamas\u0131na bakmaktad\u0131r.<\/span><\/p>\n<h2><span style=\"font-family: Roboto; font-size: 27px;\"><strong>Almanya \u00dcniversite E\u011fitimi Almak \u0130\u00e7in Nas\u0131l Bir Yer?<\/strong><\/span><\/h2>\n<p><span style=\"font-family: Roboto; font-size: 14px;\">Almanya\u2019da bir\u00e7ok prestijli \u00fcniversite mevcuttur.<strong> Almanya gerek e\u011fitim sistemi<\/strong> gerekse ya\u015fam ko\u015fullar\u0131 y\u00f6n\u00fcnden olduk\u00e7a geli\u015fmi\u015f bir \u00fclkedir. Almanya\u2019da \u00fcniversite okuyarak hem akademik kariyerinizi geli\u015ftirebilir hem de gelece\u011finiz i\u00e7in profesyonel anlamda geli\u015fmenizi sa\u011flar. Ki\u015fisel olarak geli\u015fiminizi sa\u011flarken sizlere harika f\u0131rsatlar sunmaktad\u0131r.<\/span><\/p>\n<p><span style=\"font-family: Roboto; font-size: 14px;\"><strong>Almanya \u00fcniversiteleri<\/strong> uluslararas\u0131 \u00f6\u011frencilere kucak a\u00e7maktad\u0131r. Almanya\u2019da \u00fcniversite okumak vizyonunuzu geli\u015ftirirken gelece\u011finiz i\u00e7in en b\u00fcy\u00fck yat\u0131r\u0131mlardan birisi olmaktad\u0131r. <strong>Almanya bir \u00f6\u011frenci a\u00e7\u0131s\u0131ndan<\/strong> k\u0131yasland\u0131\u011f\u0131nda di\u011fer \u00fclkelere g\u00f6re olduk\u00e7a ekonomiktir. \u00d6zellikle Almanya\u2019da lisans e\u011fitimleri olduk\u00e7a uygundur. Devlet \u00fcniversiteleri \u00f6\u011frencilerden 150-500 Euro aras\u0131nda \u00fccret talep etmektedir. Almanca bilmiyorsan\u0131z 1 y\u0131ll\u0131k haz\u0131rl\u0131k okuyarak bu sorunu da k\u00f6k\u00fcnden halledebilirsiniz.<\/span><\/p>\n<p><span style=\"font-family: Roboto; font-size: 14px;\">Avrupa\u2019n\u0131n ortas\u0131nda bulunan Almanya, \u00f6\u011frenciler i\u00e7in geni\u015f ve geli\u015fmi\u015f ya\u015fam ko\u015fullar\u0131 sunarken, geli\u015fmi\u015f bir ula\u015f\u0131m a\u011f\u0131 da sunmaktad\u0131r. Dilerseniz Alman \u00dcniversitelerinde e\u011fitim ald\u0131ktan sonra, y\u00fcksek lisans e\u011fitiminize de Almanya\u2019da devam edebilirsiniz.<\/span><\/p>\n<p><span style=\"font-family: Roboto; font-size: 14px;\"><strong>Almanya\u2019da \u00fcniversite okumak<\/strong> hayata bak\u0131\u015f a\u00e7\u0131n\u0131z\u0131 de\u011fi\u015ftirebilece\u011fi gibi size sa\u011flam stat\u00fcler de sunmaktad\u0131r. \u00d6rne\u011fin T\u00fcrkiye\u2019ye d\u00f6nd\u00fc\u011f\u00fcn\u00fcz takdirde herhangi bir i\u015f ba\u015fvurunuzda sizi bir ad\u0131m \u00f6ne ta\u015f\u0131yacakt\u0131r.<\/span><\/p>\n<h2><span style=\"font-family: Roboto; font-size: 27px;\"><strong>Almanya \u00dcniversite E\u011fitim Sistemi<\/strong><\/span><\/h2>\n<p><span style=\"font-family: Roboto; font-size: 14px;\"><strong>Almanya\u2019da y\u00fcksek lisans ve lisans<\/strong> e\u011fitimleri mevcuttur. Y\u00fcksek lisans b\u00f6l\u00fcmlerinde \u0130ngilizce e\u011fitim verilirken, lisans b\u00f6l\u00fcmlerinde Almanca e\u011fitim verilmektedir. Lisans b\u00f6l\u00fcmlerine dil okullar\u0131 ile haz\u0131rl\u0131k yapabilece\u011finiz gibi haz\u0131rl\u0131k okuyarak da dil konusunu halledebilirsiniz.<\/span><\/p>\n<p><span style=\"font-family: Roboto; font-size: 14px;\">\u00d6ncelikle Almanya\u2019da okumak isteyen bir T\u00fcrk genci, T\u00fcrk lisesinden mezun olup \u00fcniversite s\u0131nav\u0131na girmi\u015f olmal\u0131d\u0131r. \u00d6SYM puanlar\u0131 bu nokta da dikkate al\u0131nmaktad\u0131r. \u00dcniversite s\u0131nav\u0131nda alaca\u011f\u0131n\u0131z puan Almanya\u2019da yerle\u015fece\u011finiz \u00dcniversite a\u00e7\u0131s\u0131ndan olduk\u00e7a \u00f6nemlidir \u00e7\u00fcnk\u00fc puan\u0131n\u0131za g\u00f6re bir \u00fcniversiteye yerle\u015febileceksiniz. \u00dcniversite de kabul \u015fart\u0131 sistemi yokken bu \u00fcniversiteler kapsam\u0131nda dil e\u011fitimleri de alabilirsiniz. Almanya\u2019da bulunan \u00fcniversitelerin bir\u00e7o\u011fu Y\u00d6K denkli\u011fine de sahiptir.<\/span><\/p>\n<p><span style=\"font-family: Roboto; font-size: 14px;\"><strong>Almanya\u2019da ki e\u011fitim sistemi<\/strong> T\u00fcrkiye ile benzerlik g\u00f6stermektedir. Almanya\u2019da ki \u00fcniversiteler, devlet taraf\u0131ndan desteklenmektedir. \u00dcniversitelerin har\u00e7lar\u0131 bulunmakta iken \u00f6\u011frenciden ba\u015fka bir \u00f6deme talep edilmez. Bir\u00e7ok devlet \u00fcniversitesinde ise \u00fccret gerekmemektedir.<\/span><\/p>\n<p><span style=\"font-family: Roboto; font-size: 14px;\">Almanya\u2019da \u00fcniversite e\u011fitimleri 3 y\u0131l s\u00fcrerken 1 y\u0131l da<strong> Almanca e\u011fitimi<\/strong> alman\u0131z gerekebilir. C1 Almanca seviyesine sahip olan kabul edilir. IELTS\u2019den 6,0 puan alarak \u0130ngilizce olarak e\u011fitimlerinize devam edebilirsiniz.<\/span><\/p>\n<h2><span style=\"font-family: Roboto; font-size: 27px;\"><strong>Almanya&#8217;da \u0130ngilizce \u00dcniversite E\u011fitimi<\/strong><\/span><\/h2>\n<p><span style=\"font-family: Roboto; font-size: 14px;\">Almanya\u2019da lisans ve y\u00fcksek lisans programlar\u0131n\u0131n bir k\u0131sm\u0131 Almanca olmakla birlikte \u0130ngilizce programlar\u0131n say\u0131s\u0131 da artmaktad\u0131r.<\/span><\/p>\n<p><span style=\"font-family: Roboto; font-size: 14px;\">\u0130ngilizce programlar genellikle y\u00fcksek lisans d\u00fczeyidir. Sosyal bilimler, ekonomi ve i\u015fletme programlar\u0131 \u0130ngilizce e\u011fitimler vermektedir. Almanya\u2019da \u00f6zel \u00fcniversitelerde \u0130ngilizce e\u011fitimler az say\u0131da verilmektedir. Almanya\u2019da lisans derslerinin bir\u00e7o\u011funun Almanca olmas\u0131ndan \u00f6t\u00fcr\u00fc, \u00fccretsiz \u0130ngilizce e\u011fitim almak biraz zordur. Almanya\u2019da bir\u00e7ok e\u011fitim program\u0131n\u0131 \u0130ngilizce alabilmek i\u00e7in belirli tutarlarda \u00fccret \u00f6denmesi gerekebilir. \u0130ngilizce e\u011fitimlerinde 200\u2019e yak\u0131n lisans program\u0131 vard\u0131r. Ancak \u00f6zel \u00fcniversiteler bu e\u011fitimleri \u00fccretli verirken \u00fccretlerini de kendiler belirlemektedir. Ekonomi programlar\u0131ndan \u00f6zellikle \u0130ngilizce programlar yayg\u0131nd\u0131r. Baz\u0131 \u00f6zel \u00fcniversiteler, programlar\u0131nda fazlaca yer vermektedir. Bu \u0130ngilizce programlar\u0131 olduk\u00e7a az say\u0131dad\u0131r. Az say\u0131da olmas\u0131ndan m\u00fctevellit kabul Almanca olan b\u00f6l\u00fcmlere g\u00f6re kabul edilme olas\u0131l\u0131\u011f\u0131 da olduk\u00e7a d\u00fc\u015fmektedir.<\/span><\/p>\n<p><span style=\"font-family: Roboto; font-size: 14px;\">\u00d6zellikle Almanya\u2019da e\u011fitim almak isteyen T\u00fcrk gen\u00e7leri, bu programlar\u0131 ara\u015ft\u0131rarak tercih etmeleri olduk\u00e7a \u00f6nemlidir. Almanya\u2019da e\u011fitim almak isteyen gen\u00e7lerimiz <strong>Almanca dil e\u011fitimi<\/strong> alarak Alman \u00dcniversitelerinden birisiniz tercih edebilirler. Bir\u00e7ok say\u0131da \u00dcniversiteye ve programa ba\u015fvurman\u0131z kabul edilme olas\u0131l\u0131\u011f\u0131n\u0131z\u0131 da art\u0131racakt\u0131r.<\/span><\/p>\n<h3><span style=\"font-family: Roboto; font-size: 22px;\"><strong>Almanya E\u011fitim \u00dcniversiteleri<\/strong><\/span><\/h3>\n<ul>\n<li><span style=\"font-family: Roboto; font-size: 14px;\">Heidelberg \u00dcniversitesi<\/span><\/li>\n<li><span style=\"font-family: Roboto; font-size: 14px;\">Freiburg \u00dcniversitesi<\/span><\/li>\n<li><span style=\"font-family: Roboto; font-size: 14px;\">M\u00fcnih Ludwig Maximillian \u00dcniversitesi<\/span><\/li>\n<li><span style=\"font-family: Roboto; font-size: 14px;\">Berlin Humboldt \u00dcniversitesi<\/span><\/li>\n<li><span style=\"font-family: Roboto; font-size: 14px;\">Charite T\u0131p \u00dcniversitesi<\/span><\/li>\n<li><span style=\"font-family: Roboto; font-size: 14px;\">Berlin Freie \u00dcniversitesi<\/span><\/li>\n<li><span style=\"font-family: Roboto; font-size: 14px;\">Berlin Teknik \u00dcniversitesi (TU Berlin)<\/span><\/li>\n<li><span style=\"font-family: Roboto; font-size: 14px;\">Dresden Teknik \u00dcniversitesi<\/span><\/li>\n<li><span style=\"font-family: Roboto; font-size: 14px;\">RWTH Aachen \u00dcniversitesi<\/span><\/li>\n<li><span style=\"font-family: Roboto; font-size: 14px;\">Karlsruhe Teknoloji \u00dcniversitesi<\/span><\/li>\n<li><span style=\"font-family: Roboto; font-size: 14px;\">M\u00fcnih Teknik \u00dcniversitesi (TU M\u00fcnchen)<\/span><\/li>\n<li><span style=\"font-family: Roboto; font-size: 14px;\">K\u00f6ln \u00dcniversitesi (University of Cologne)<\/span><\/li>\n<\/ul>\n<h3><span style=\"font-family: Roboto; font-size: 22px;\"><strong>Almanya\u2019da ki Devlet \u00dcniversiteleri<\/strong><\/span><\/h3>\n<p><span style=\"font-family: Roboto; font-size: 14px;\">A\u015fa\u011f\u0131da Almanya\u2019da bir\u00e7ok devlet \u00fcniversitesi bulunmaktad\u0131r.<\/span><\/p>\n<ul>\n<li><span style=\"font-family: Roboto; font-size: 14px;\">RWTH Aachen \u00dcniversitesi<\/span><\/li>\n<li><span style=\"font-family: Roboto; font-size: 14px;\">Bremen \u00dcniversitesi<\/span><\/li>\n<li><span style=\"font-family: Roboto; font-size: 14px;\">Berlin Humboldt \u00dcniversitesi<\/span><\/li>\n<li><span style=\"font-family: Roboto; font-size: 14px;\">Heidelberg \u00dcniversitesi<\/span><\/li>\n<li><span style=\"font-family: Roboto; font-size: 14px;\">Clausthal \u00dcniversitesi (TU Clausthal)<\/span><\/li>\n<li><span style=\"font-family: Roboto; font-size: 14px;\">K\u00f6ln \u00dcniversitesi<\/span><\/li>\n<li><span style=\"font-family: Roboto; font-size: 14px;\">M\u00fcnih Teknik \u00dcniversitesi<\/span><\/li>\n<li><span style=\"font-family: Roboto; font-size: 14px;\">Dresden Teknik \u00dcniversitesi (TU Dresden)<\/span><\/li>\n<\/ul>\n<h3><span style=\"font-family: Roboto; font-size: 22px;\"><strong>Almanya \u00d6zel \u00dcniversiteleri<\/strong><\/span><\/h3>\n<p><span style=\"font-family: Roboto; font-size: 14px;\">Almanya da ki \u00f6zel \u00fcniversitelerin birka\u00e7\u0131n\u0131n ismi a\u015fa\u011f\u0131da listelenmi\u015ftir.<\/span><\/p>\n<ul>\n<li><span style=\"font-family: Roboto; font-size: 14px;\">IUBH School of Business and Management<\/span><\/li>\n<li><span style=\"font-family: Roboto; font-size: 14px;\">Gisma Business School<\/span><\/li>\n<li><span style=\"font-family: Roboto; font-size: 14px;\">SRH Hochschule<\/span><\/li>\n<li><span style=\"font-family: Roboto; font-size: 14px;\">Bremen Jacobs University<\/span><\/li>\n<li><span style=\"font-family: Roboto; font-size: 14px;\">EU Business School<\/span><\/li>\n<li><span style=\"font-family: Roboto; font-size: 14px;\">Design Akademie Berlin<\/span><\/li>\n<li><span style=\"font-family: Roboto; font-size: 14px;\">Cologne Business School- CBS<\/span><\/li>\n<li><span style=\"font-family: Roboto; font-size: 14px;\">Brand Academy Hamburg- University of Applied Sciences<\/span><\/li>\n<\/ul>\n<p><span style=\"font-family: Roboto; font-size: 14px;\">Yukar\u0131da listelenmi\u015f olan devlet \u00fcniversiteleri veya \u00f6zel \u00fcniversiteleri daha detayl\u0131 ara\u015ft\u0131rarak ekonomik durumunuz ve kendiniz i\u00e7in uygun olan \u00fcniversiteyi tercih edebilir Almanya\u2019da e\u011fitiminizi ba\u015flatabilirsiniz. Almanya da e\u011fitiminize ister <strong>\u0130ngilizce ister Almanca<\/strong> olarak devam ederek hayal etti\u011finiz hayata kavu\u015fun.<\/span><\/p>\n<p><span style=\"font-family: Roboto; font-size: 14px;\"><span style=\"color: #2acec2;\"><strong><a style=\"color: #2acec2;\" href=\"https:\/\/www.myvize.com.tr\/almanya\/vize-islemleri\/almanya-erasmus-vizesi\/\" target=\"_blank\" rel=\"noopener\">Almanya Erasmus Vizesi <\/a><\/strong><\/span>\u0130\u00e7in Bizi Aray\u0131n\u0131z.<\/span><\/p>\n","protected":false},"excerpt":{"rendered":"<p>Almanya&#8217;da \u00dcniversite Okumak Almanya\u2019da ki bir\u00e7ok prestijli \u00fcniversite uluslararas\u0131 alanda t\u00fcm \u00f6\u011frencilere kucak a\u00e7maktad\u0131r. Almanya\u2019da ki bir\u00e7ok \u00fcniversite sizlere, hayata kar\u015f\u0131 bak\u0131\u015f a\u00e7\u0131n\u0131z\u0131 de\u011fi\u015ftirerek, nitelikli bir ya\u015fam nitelikli bir gelecek sunmaktad\u0131r. Ayr\u0131ca Almanya\u2019da \u00fcniversite okumak ekonomik oldu\u011fu kadar kolayd\u0131r. Kendi \u00fclkemizde ve K\u0131br\u0131s\u2019ta ki bir\u00e7ok \u00fcniversiteye k\u0131yasla Almanya da ki \u00fcniversiteler daha avantajl\u0131 bir konumdad\u0131r.<\/p>\n","protected":false},"author":1,"featured_media":0,"parent":138,"menu_order":0,"comment_status":"open","ping_status":"closed","template":"","meta":{"footnotes":""},"class_list":["post-348","page","type-page","status-publish","hentry"],"yoast_head":"<!-- This site is optimized with the Yoast SEO plugin v24.0 - https:\/\/yoast.com\/wordpress\/plugins\/seo\/ -->\n<title>Almanya \u00dcniversite E\u011fitimi - Almanya Vizesi - MyVize<\/title>\n<meta name=\"description\" content=\"Almanya \u00dcniversite E\u011fitimi Almak \u0130\u00e7in Neler Yapmak Gereklidir? Almanya \u00dcniversite E\u011fitimi Nas\u0131l Al\u0131n\u0131r? Almanya \u00dcniversite E\u011fitimi \u015eartlar\u0131.\" \/>\n<meta name=\"robots\" content=\"index, follow, max-snippet:-1, max-image-preview:large, max-video-preview:-1\" \/>\n<link rel=\"canonical\" href=\"https:\/\/www.myvize.com.tr\/almanya\/oturum-2\/universite-egitimi\/\" \/>\n<meta property=\"og:locale\" content=\"tr_TR\" \/>\n<meta property=\"og:type\" content=\"article\" \/>\n<meta property=\"og:title\" content=\"Almanya \u00dcniversite E\u011fitimi - Almanya Vizesi - MyVize\" \/>\n<meta property=\"og:description\" content=\"Almanya \u00dcniversite E\u011fitimi Almak \u0130\u00e7in Neler Yapmak Gereklidir? Almanya \u00dcniversite E\u011fitimi Nas\u0131l Al\u0131n\u0131r? Almanya \u00dcniversite E\u011fitimi \u015eartlar\u0131.\" \/>\n<meta property=\"og:url\" content=\"https:\/\/www.myvize.com.tr\/almanya\/oturum-2\/universite-egitimi\/\" \/>\n<meta property=\"og:site_name\" content=\"Almanya Vize\" \/>\n<meta property=\"article:modified_time\" content=\"2022-03-22T10:57:26+00:00\" \/>\n<meta name=\"twitter:card\" content=\"summary_large_image\" \/>\n<meta name=\"twitter:label1\" content=\"Tahmini okuma s\u00fcresi\" \/>\n\t<meta name=\"twitter:data1\" content=\"4 dakika\" \/>\n<script type=\"application\/ld+json\" class=\"yoast-schema-graph\">{\"@context\":\"https:\/\/schema.org\",\"@graph\":[{\"@type\":\"WebPage\",\"@id\":\"https:\/\/www.myvize.com.tr\/almanya\/oturum-2\/universite-egitimi\/\",\"url\":\"https:\/\/www.myvize.com.tr\/almanya\/oturum-2\/universite-egitimi\/\",\"name\":\"Almanya \u00dcniversite E\u011fitimi - Almanya Vizesi - MyVize\",\"isPartOf\":{\"@id\":\"https:\/\/www.myvize.com.tr\/almanya\/#website\"},\"datePublished\":\"2021-01-29T15:13:48+00:00\",\"dateModified\":\"2022-03-22T10:57:26+00:00\",\"description\":\"Almanya \u00dcniversite E\u011fitimi Almak \u0130\u00e7in Neler Yapmak Gereklidir? Almanya \u00dcniversite E\u011fitimi Nas\u0131l Al\u0131n\u0131r? Almanya \u00dcniversite E\u011fitimi \u015eartlar\u0131.\",\"breadcrumb\":{\"@id\":\"https:\/\/www.myvize.com.tr\/almanya\/oturum-2\/universite-egitimi\/#breadcrumb\"},\"inLanguage\":\"tr\",\"potentialAction\":[{\"@type\":\"ReadAction\",\"target\":[\"https:\/\/www.myvize.com.tr\/almanya\/oturum-2\/universite-egitimi\/\"]}]},{\"@type\":\"BreadcrumbList\",\"@id\":\"https:\/\/www.myvize.com.tr\/almanya\/oturum-2\/universite-egitimi\/#breadcrumb\",\"itemListElement\":[{\"@type\":\"ListItem\",\"position\":1,\"name\":\"Anasayfa\",\"item\":\"https:\/\/www.myvize.com.tr\/almanya\/\"},{\"@type\":\"ListItem\",\"position\":2,\"name\":\"OTURUM\",\"item\":\"https:\/\/www.myvize.com.tr\/almanya\/oturum-2\/\"},{\"@type\":\"ListItem\",\"position\":3,\"name\":\"Almanya \u00dcniversite E\u011fitimi\"}]},{\"@type\":\"WebSite\",\"@id\":\"https:\/\/www.myvize.com.tr\/almanya\/#website\",\"url\":\"https:\/\/www.myvize.com.tr\/almanya\/\",\"name\":\"Almanya Vize\",\"description\":\"\",\"potentialAction\":[{\"@type\":\"SearchAction\",\"target\":{\"@type\":\"EntryPoint\",\"urlTemplate\":\"https:\/\/www.myvize.com.tr\/almanya\/?s={search_term_string}\"},\"query-input\":{\"@type\":\"PropertyValueSpecification\",\"valueRequired\":true,\"valueName\":\"search_term_string\"}}],\"inLanguage\":\"tr\"}]}<\/script>\n<!-- \/ Yoast SEO plugin. -->","yoast_head_json":{"title":"Almanya \u00dcniversite E\u011fitimi - Almanya Vizesi - MyVize","description":"Almanya \u00dcniversite E\u011fitimi Almak \u0130\u00e7in Neler Yapmak Gereklidir? Almanya \u00dcniversite E\u011fitimi Nas\u0131l Al\u0131n\u0131r? Almanya \u00dcniversite E\u011fitimi \u015eartlar\u0131.","robots":{"index":"index","follow":"follow","max-snippet":"max-snippet:-1","max-image-preview":"max-image-preview:large","max-video-preview":"max-video-preview:-1"},"canonical":"https:\/\/www.myvize.com.tr\/almanya\/oturum-2\/universite-egitimi\/","og_locale":"tr_TR","og_type":"article","og_title":"Almanya \u00dcniversite E\u011fitimi - Almanya Vizesi - MyVize","og_description":"Almanya \u00dcniversite E\u011fitimi Almak \u0130\u00e7in Neler Yapmak Gereklidir? Almanya \u00dcniversite E\u011fitimi Nas\u0131l Al\u0131n\u0131r? Almanya \u00dcniversite E\u011fitimi \u015eartlar\u0131.","og_url":"https:\/\/www.myvize.com.tr\/almanya\/oturum-2\/universite-egitimi\/","og_site_name":"Almanya Vize","article_modified_time":"2022-03-22T10:57:26+00:00","twitter_card":"summary_large_image","twitter_misc":{"Tahmini okuma s\u00fcresi":"4 dakika"},"schema":{"@context":"https:\/\/schema.org","@graph":[{"@type":"WebPage","@id":"https:\/\/www.myvize.com.tr\/almanya\/oturum-2\/universite-egitimi\/","url":"https:\/\/www.myvize.com.tr\/almanya\/oturum-2\/universite-egitimi\/","name":"Almanya \u00dcniversite E\u011fitimi - Almanya Vizesi - MyVize","isPartOf":{"@id":"https:\/\/www.myvize.com.tr\/almanya\/#website"},"datePublished":"2021-01-29T15:13:48+00:00","dateModified":"2022-03-22T10:57:26+00:00","description":"Almanya \u00dcniversite E\u011fitimi Almak \u0130\u00e7in Neler Yapmak Gereklidir? Almanya \u00dcniversite E\u011fitimi Nas\u0131l Al\u0131n\u0131r? Almanya \u00dcniversite E\u011fitimi \u015eartlar\u0131.","breadcrumb":{"@id":"https:\/\/www.myvize.com.tr\/almanya\/oturum-2\/universite-egitimi\/#breadcrumb"},"inLanguage":"tr","potentialAction":[{"@type":"ReadAction","target":["https:\/\/www.myvize.com.tr\/almanya\/oturum-2\/universite-egitimi\/"]}]},{"@type":"BreadcrumbList","@id":"https:\/\/www.myvize.com.tr\/almanya\/oturum-2\/universite-egitimi\/#breadcrumb","itemListElement":[{"@type":"ListItem","position":1,"name":"Anasayfa","item":"https:\/\/www.myvize.com.tr\/almanya\/"},{"@type":"ListItem","position":2,"name":"OTURUM","item":"https:\/\/www.myvize.com.tr\/almanya\/oturum-2\/"},{"@type":"ListItem","position":3,"name":"Almanya \u00dcniversite E\u011fitimi"}]},{"@type":"WebSite","@id":"https:\/\/www.myvize.com.tr\/almanya\/#website","url":"https:\/\/www.myvize.com.tr\/almanya\/","name":"Almanya Vize","description":"","potentialAction":[{"@type":"SearchAction","target":{"@type":"EntryPoint","urlTemplate":"https:\/\/www.myvize.com.tr\/almanya\/?s={search_term_string}"},"query-input":{"@type":"PropertyValueSpecification","valueRequired":true,"valueName":"search_term_string"}}],"inLanguage":"tr"}]}},"_links":{"self":[{"href":"https:\/\/www.myvize.com.tr\/almanya\/wp-json\/wp\/v2\/pages\/348","targetHints":{"allow":["GET"]}}],"collection":[{"href":"https:\/\/www.myvize.com.tr\/almanya\/wp-json\/wp\/v2\/pages"}],"about":[{"href":"https:\/\/www.myvize.com.tr\/almanya\/wp-json\/wp\/v2\/types\/page"}],"author":[{"embeddable":true,"href":"https:\/\/www.myvize.com.tr\/almanya\/wp-json\/wp\/v2\/users\/1"}],"replies":[{"embeddable":true,"href":"https:\/\/www.myvize.com.tr\/almanya\/wp-json\/wp\/v2\/comments?post=348"}],"version-history":[{"count":6,"href":"https:\/\/www.myvize.com.tr\/almanya\/wp-json\/wp\/v2\/pages\/348\/revisions"}],"predecessor-version":[{"id":1563,"href":"https:\/\/www.myvize.com.tr\/almanya\/wp-json\/wp\/v2\/pages\/348\/revisions\/1563"}],"up":[{"embeddable":true,"href":"https:\/\/www.myvize.com.tr\/almanya\/wp-json\/wp\/v2\/pages\/138"}],"wp:attachment":[{"href":"https:\/\/www.myvize.com.tr\/almanya\/wp-json\/wp\/v2\/media?parent=348"}],"curies":[{"name":"wp","href":"https:\/\/api.w.org\/{rel}","templated":true}]}}