{"id":350,"date":"2021-01-29T18:14:09","date_gmt":"2021-01-29T15:14:09","guid":{"rendered":"https:\/\/www.myvize.com.tr\/almanya\/?page_id=350"},"modified":"2022-10-03T16:03:42","modified_gmt":"2022-10-03T13:03:42","slug":"aile-birlesimi-dil-sinavi","status":"publish","type":"page","link":"https:\/\/www.myvize.com.tr\/almanya\/oturum-2\/aile-birlesimi-dil-sinavi\/","title":{"rendered":"Almanya Aile Birle\u015fimi Dil S\u0131nav\u0131"},"content":{"rendered":"<h2><strong><span style=\"font-family: Roboto; font-size: 27px;\">Almanya Aile Birle\u015fimi S\u0131nav\u0131 Nedir?<\/span><\/strong><\/h2>\n<p><span style=\"font-family: Roboto; font-size: 14px;\">Almanya aile birle\u015fimi s\u0131nav\u0131 nedir? sorusuna verilebilecek en iyi cevap Almanya\u2019da bir aile \u00fcyesi bulunan ve bu aile \u00fcyesinin yan\u0131na yerle\u015fmek isteyen ki\u015filerin alaca\u011f\u0131 olan Almanya aile birle\u015fimi vizesi i\u00e7in girmesi gereken s\u0131nav a\u015famas\u0131d\u0131r.<\/span><\/p>\n<p><span style=\"font-family: Roboto; font-size: 14px;\"><strong>Almanya aile birle\u015fimi<\/strong> s\u0131nav\u0131n\u0131n a\u015famalar\u0131ndan birisi Almanca A1 dil s\u0131nav\u0131nda ba\u015far\u0131l\u0131 olmakt\u0131r. Ge\u00e7erli olan Almanca dil s\u0131nav\u0131ndan yeterli puan al\u0131nmas\u0131 gerekmektedir. Almanca dil s\u0131nav\u0131nda ba\u015far\u0131l\u0131 olamayan ki\u015filerin vize ba\u015fvurular\u0131 kabul edilmemektedir. Herhangi bir e\u011fitim kurumundan al\u0131nm\u0131\u015f oldu\u011funuz dil e\u011fitimi ge\u00e7erli olmamaktad\u0131r.<strong> Almanya Konsoloslu\u011fu<\/strong> taraf\u0131ndan belirlenen e\u011fitim kurumlar\u0131ndan al\u0131nan sertifika ge\u00e7erli olacakt\u0131r.<\/span><\/p>\n<p><span style=\"font-family: Roboto; font-size: 14px;\"><strong>Almanya aile birle\u015fimi s\u0131nav\u0131<\/strong> a\u015famalar\u0131ndan birisi de <span style=\"color: #2acec2;\"><strong><a style=\"color: #2acec2;\" href=\"https:\/\/www.myvize.com.tr\/almanya\/konsolosluklar\/\" target=\"_blank\" rel=\"noopener\">Almanya Konsoloslu\u011fu<\/a><\/strong><\/span> taraf\u0131ndan tutuldu\u011funuz s\u00f6zl\u00fc ve yaz\u0131l\u0131 s\u0131navd\u0131r. Bu b\u00f6l\u00fcmde Almanya kamu d\u00fczenine ve sosyal ya\u015fam\u0131na uyum sa\u011flayaca\u011f\u0131n\u0131z\u0131 kan\u0131tlamal\u0131s\u0131n\u0131z. Almanya aile birle\u015fimi yapacak olan ki\u015filerin Almanya aile birle\u015fimi s\u0131nav\u0131nda ba\u015far\u0131l\u0131 olmas\u0131 zorunludur.<\/span><\/p>\n<p><span style=\"font-family: Roboto; font-size: 14px;\">Almanya aile birle\u015fimi s\u0131nav\u0131 nedir? sorusuna k\u0131saca Almanya\u2019da bulunan aile \u00fcyesi ile birlikte Almanya\u2019da ya\u015famak isteyen ki\u015filerin ge\u00e7mesi gereken ve <strong>Almanya Konsoloslu\u011fu<\/strong> taraf\u0131ndan yap\u0131lan s\u0131nav cevab\u0131 verilebilir.<\/span><\/p>\n<h2><strong><span style=\"font-family: Roboto; font-size: 27px;\">Almanya Aile Birle\u015fimi Dil \u015eart\u0131 Kalkt\u0131 M\u0131?<\/span><\/strong><\/h2>\n<p><span style=\"font-family: Roboto; font-size: 14px;\">Almanya\u2019da bulunan aile \u00fcyesinin yan\u0131nda ya\u015famak isteyen ki\u015filerin Almanya aile birle\u015fimi vizesi almal\u0131d\u0131r. Almanya aile birle\u015fimi vizesi ba\u015fvurusu yapacak olan ki\u015filer ba\u015fvurular\u0131n\u0131 Almanya temsilciliklerine yapmal\u0131d\u0131r. <strong>Almanya aile birle\u015fimi vize ba\u015fvurusu<\/strong> yapacak olan ki\u015filerin baz\u0131 \u015fartlar\u0131 yerine getirmesi gerekmektedir. Bunlardan birisi de Almanya aile birle\u015fimi vizesi s\u0131nav\u0131n\u0131n ge\u00e7ilmesidir. <strong>Almanya aile birle\u015fimi vizesi<\/strong> s\u0131nav\u0131n\u0131n a\u015famalar\u0131ndan birisi de dil s\u0131nav\u0131d\u0131r. Bu yaz\u0131da \u201cAlmanya aile birle\u015fimi dil \u015fart\u0131 kalkt\u0131 m\u0131?\u201d sorusunun cevab\u0131 verilmi\u015ftir.<\/span><\/p>\n<p><span style=\"font-family: Roboto; font-size: 14px;\"><strong>Almanya aile birle\u015fimi vizesi<\/strong> alacak olan ki\u015filerin aile birle\u015fimini ger\u00e7ekle\u015ftirebilmek i\u00e7in Almanya dil s\u0131nav\u0131nda ba\u015far\u0131l\u0131 olmas\u0131 gerekmektedir. Almanya dil s\u0131nav\u0131 i\u00e7in her yerden al\u0131nan dil sertifikas\u0131 ge\u00e7erli olmamaktad\u0131r. Sadece Almanya Konsoloslu\u011fu\u2019nun belirledi\u011fi kurumlardan al\u0131nan <strong>Almanca dil sertifikas\u0131<\/strong> ge\u00e7erli olmaktad\u0131r.<\/span><\/p>\n<p><span style=\"font-family: Roboto; font-size: 14px;\">Almanya aile birle\u015fimi dil \u015fart\u0131 kalkt\u0131 m\u0131? sorusuna verilebilecek en iyi cevap \u201chay\u0131r\u201d cevab\u0131d\u0131r. T\u00fcm uzun s\u00fcreli yani D Tipi Almanya vize ba\u015fvurular\u0131 i\u00e7in dil sertifikas\u0131 al\u0131nmas\u0131 zorunludur. Almanca dil yeterlili\u011finin en d\u00fc\u015f\u00fck A1 seviyesinde olmas\u0131 gerekmektedir. Ayr\u0131ca dil sertifikas\u0131n\u0131n 6 aydan eski olmamas\u0131 gerekmektedir.<\/span><\/p>\n<h2><strong><span style=\"font-family: Roboto; font-size: 27px;\">Almanya&#8217;ya Gitmek \u0130\u00e7in Dil S\u0131nav\u0131<\/span><\/strong><\/h2>\n<p><span style=\"font-family: Roboto; font-size: 14px;\">Almanya\u2019ya uzun s\u00fcreli olarak seyahat edecek yani <strong>Almanya D-Tipi vizesi<\/strong> alacak olan ki\u015filerin Almanca dil yeterlili\u011fi bulunmas\u0131 gerekmektedir. Almanya\u2019ya gitmek i\u00e7in dil yeterlili\u011fi ge\u00e7erli olan s\u0131navlar ile kan\u0131tlanmal\u0131d\u0131r. Almanya dil yeterlili\u011fi i\u00e7in s\u0131nava girecek olan ki\u015filer, Almanya\u2019ya gitmek i\u00e7in dil s\u0131nav\u0131 hakk\u0131nda ara\u015ft\u0131rma yapmaktad\u0131r.<\/span><\/p>\n<p><span style=\"font-family: Roboto; font-size: 14px;\"><strong>Almanya\u2019ya gitmek<\/strong> i\u00e7in dil s\u0131nav\u0131na girecek olan ki\u015filer,<strong> Almanya Konsoloslu\u011fu<\/strong> taraf\u0131ndan belirlenmi\u015f olan kurumlar\u0131n s\u0131nav\u0131na girerek Almanca dil yeterlilik sertifikas\u0131 almal\u0131d\u0131r. Almanya uzun s\u00fcreli vize alacak olan ki\u015filerin en az A1 seviyesinde Almaca bildi\u011fini kan\u0131tlamal\u0131d\u0131r.<\/span><\/p>\n<p><span style=\"font-family: Roboto; font-size: 14px;\"><strong>Almanya\u2019ya gitmek i\u00e7in<\/strong> dil s\u0131nav\u0131na girecek olan ki\u015filer,<strong> Almanya Konsoloslu\u011fu<\/strong> taraf\u0131ndan yetkilendirilmi\u015f e\u011fitim kurumlar\u0131ndan sertifika almal\u0131d\u0131r. Sertifikalar Almanya\u2019ya yap\u0131lacak olan seyahat amac\u0131na uygun seviyede olmal\u0131d\u0131r.<\/span><\/p>\n<p><span style=\"font-family: Roboto; font-size: 14px;\">Almanya\u2019ya gitmek i\u00e7in dil s\u0131nav\u0131na kat\u0131lan ki\u015filerin sertifika almas\u0131 gerekmektedir. Almanya Konsoloslu\u011fu\u2019nun yetkilendirdi\u011fi ve kabul etti\u011fi sertifikalar TESTDAF, TELC, DSH ve GOETHE sertifikalar\u0131d\u0131r.<\/span><\/p>\n<p><span style=\"font-family: Roboto; font-size: 14px;\">Almanya uzun s\u00fcreli yani Almanya D-Tipi vize alacak olan ki\u015filerin dil yeterlili\u011fi bulunmuyor ise vize ba\u015fvurular\u0131 kabul edilmemektedir. <strong>Almanya uzun s\u00fcreli vizeler<\/strong> i\u00e7in dil yeterlili\u011fi \u015fart\u0131 aranmaktad\u0131r.<\/span><\/p>\n<h3><strong><span style=\"font-family: Roboto; font-size: 24px;\">Almanya Aile Birle\u015fimi S\u0131nav\u0131 S\u00fcresi Nedir?<\/span><\/strong><\/h3>\n<p><span style=\"font-family: Roboto; font-size: 14px;\">Almanya\u2019da e\u015fi, \u00e7ocu\u011fu, annesi, babas\u0131 ya da partneri olan ve bu aile \u00fcyeleri ile birlikte Almanya\u2019da ya\u015famak isteyen ki\u015filerin <strong>Almanya aile birle\u015fimi vizesi<\/strong> almas\u0131 gerekmektedir. Almanya Aile birle\u015fimi vizesi alacak olan ki\u015filerin, Almanya aile birle\u015fimi s\u0131nav\u0131na girmesi ve ba\u015far\u0131l\u0131 olmas\u0131 gerekmektedir. <strong>Almanya aile birle\u015fimi vizesi<\/strong> ba\u015fvurusunda bulunacak olan ki\u015filer bu nedenle \u201cAlmanya aile birle\u015fimi s\u0131nav\u0131 s\u00fcresi nedir?\u201d sorusunun cevab\u0131n\u0131 aramaktad\u0131r.<\/span><\/p>\n<p><span style=\"font-family: Roboto; font-size: 14px;\">Almanya aile birle\u015fimi s\u0131nav\u0131 iki a\u015famadan olu\u015fmaktad\u0131r. Bunlar yaz\u0131l\u0131 ve s\u00f6zl\u00fc Almanya aile birle\u015fimi s\u0131nav\u0131d\u0131r. Almanya aile birle\u015fimi s\u0131nav\u0131n\u0131n yaz\u0131l\u0131 b\u00f6l\u00fcm\u00fc 65 dakikadan olu\u015furken, s\u00f6zl\u00fc k\u0131sm\u0131 ise 15 dakikadan olu\u015fmaktad\u0131r.<\/span><\/p>\n<p><span style=\"font-family: Roboto; font-size: 14px;\"><strong>Almanya aile birle\u015fimi<\/strong> s\u0131nav\u0131n\u0131n yaz\u0131l\u0131 s\u0131nav\u0131nda g\u00fcnl\u00fck ya\u015fam\u0131n\u0131zda kullanm\u0131\u015f oldu\u011funu k\u0131sa konu\u015fmalar dinletilmektedir. Bunun ard\u0131ndan ise dinlemi\u015f oldu\u011funuz konu\u015fma ile ilgili sorular\u0131 cevapland\u0131rman\u0131z gerekmektedir. Ard\u0131ndan ise g\u00fcnl\u00fck ya\u015fam ile ilgili bir konu verilir ve konu ile ilgili olarak bir paragraf yaz\u0131 yazman\u0131z gerekmektedir.<\/span><\/p>\n<p><span style=\"font-family: Roboto; font-size: 14px;\">Almanya aile birle\u015fimi i\u00e7in s\u00f6zl\u00fc s\u0131nava bir grup ile girmi\u015fseniz, s\u0131navda ilk \u00f6nce kendinizi Almanca tan\u0131tmal\u0131s\u0131n\u0131z. Ard\u0131ndan ise g\u00fcnl\u00fck ya\u015fam ile ilgili bir soru sorulmaktad\u0131r, bu soruya <strong>Almanca<\/strong> olarak cevapland\u0131rmal\u0131s\u0131n\u0131z. Sertifikan\u0131n ge\u00e7erlilik s\u00fcresi 6 ayd\u0131r.<\/span><\/p>\n","protected":false},"excerpt":{"rendered":"<p>Almanya Aile Birle\u015fimi S\u0131nav\u0131 Nedir? Almanya aile birle\u015fimi s\u0131nav\u0131 nedir? sorusuna verilebilecek en iyi cevap Almanya\u2019da bir aile \u00fcyesi bulunan ve bu aile \u00fcyesinin yan\u0131na yerle\u015fmek isteyen ki\u015filerin alaca\u011f\u0131 olan Almanya aile birle\u015fimi vizesi i\u00e7in girmesi gereken s\u0131nav a\u015famas\u0131d\u0131r. Almanya aile birle\u015fimi s\u0131nav\u0131n\u0131n a\u015famalar\u0131ndan birisi Almanca A1 dil s\u0131nav\u0131nda ba\u015far\u0131l\u0131 olmakt\u0131r. Ge\u00e7erli olan Almanca dil<\/p>\n","protected":false},"author":1,"featured_media":0,"parent":138,"menu_order":0,"comment_status":"open","ping_status":"closed","template":"","meta":{"footnotes":""},"class_list":["post-350","page","type-page","status-publish","hentry"],"yoast_head":"<!-- This site is optimized with the Yoast SEO plugin v24.0 - https:\/\/yoast.com\/wordpress\/plugins\/seo\/ -->\n<title>Almanya Aile Birle\u015fimi Dil S\u0131nav\u0131 Nas\u0131l Olur? - MyVize<\/title>\n<meta name=\"description\" content=\"Almanya Aile Birle\u015fimi \u0130\u00e7in Dil S\u0131nav\u0131 2022 Y\u0131l\u0131 \u0130\u00e7in En G\u00fcncel Bilgileri Neler? Almanya Aile Birle\u015fimi Dil S\u0131nav\u0131 Ba\u015fvurusu Nas\u0131l Yap\u0131l\u0131r?\" \/>\n<meta name=\"robots\" content=\"index, follow, max-snippet:-1, max-image-preview:large, max-video-preview:-1\" \/>\n<link rel=\"canonical\" href=\"https:\/\/www.myvize.com.tr\/almanya\/oturum-2\/aile-birlesimi-dil-sinavi\/\" \/>\n<meta property=\"og:locale\" content=\"tr_TR\" \/>\n<meta property=\"og:type\" content=\"article\" \/>\n<meta property=\"og:title\" content=\"Almanya Aile Birle\u015fimi Dil S\u0131nav\u0131 Nas\u0131l Olur? - MyVize\" \/>\n<meta property=\"og:description\" content=\"Almanya Aile Birle\u015fimi \u0130\u00e7in Dil S\u0131nav\u0131 2022 Y\u0131l\u0131 \u0130\u00e7in En G\u00fcncel Bilgileri Neler? Almanya Aile Birle\u015fimi Dil S\u0131nav\u0131 Ba\u015fvurusu Nas\u0131l Yap\u0131l\u0131r?\" \/>\n<meta property=\"og:url\" content=\"https:\/\/www.myvize.com.tr\/almanya\/oturum-2\/aile-birlesimi-dil-sinavi\/\" \/>\n<meta property=\"og:site_name\" content=\"Almanya Vize\" \/>\n<meta property=\"article:modified_time\" content=\"2022-10-03T13:03:42+00:00\" \/>\n<meta name=\"twitter:card\" content=\"summary_large_image\" \/>\n<meta name=\"twitter:label1\" content=\"Tahmini okuma s\u00fcresi\" \/>\n\t<meta name=\"twitter:data1\" content=\"3 dakika\" \/>\n<script type=\"application\/ld+json\" class=\"yoast-schema-graph\">{\"@context\":\"https:\/\/schema.org\",\"@graph\":[{\"@type\":\"WebPage\",\"@id\":\"https:\/\/www.myvize.com.tr\/almanya\/oturum-2\/aile-birlesimi-dil-sinavi\/\",\"url\":\"https:\/\/www.myvize.com.tr\/almanya\/oturum-2\/aile-birlesimi-dil-sinavi\/\",\"name\":\"Almanya Aile Birle\u015fimi Dil S\u0131nav\u0131 Nas\u0131l Olur? - MyVize\",\"isPartOf\":{\"@id\":\"https:\/\/www.myvize.com.tr\/almanya\/#website\"},\"datePublished\":\"2021-01-29T15:14:09+00:00\",\"dateModified\":\"2022-10-03T13:03:42+00:00\",\"description\":\"Almanya Aile Birle\u015fimi \u0130\u00e7in Dil S\u0131nav\u0131 2022 Y\u0131l\u0131 \u0130\u00e7in En G\u00fcncel Bilgileri Neler? Almanya Aile Birle\u015fimi Dil S\u0131nav\u0131 Ba\u015fvurusu Nas\u0131l Yap\u0131l\u0131r?\",\"breadcrumb\":{\"@id\":\"https:\/\/www.myvize.com.tr\/almanya\/oturum-2\/aile-birlesimi-dil-sinavi\/#breadcrumb\"},\"inLanguage\":\"tr\",\"potentialAction\":[{\"@type\":\"ReadAction\",\"target\":[\"https:\/\/www.myvize.com.tr\/almanya\/oturum-2\/aile-birlesimi-dil-sinavi\/\"]}]},{\"@type\":\"BreadcrumbList\",\"@id\":\"https:\/\/www.myvize.com.tr\/almanya\/oturum-2\/aile-birlesimi-dil-sinavi\/#breadcrumb\",\"itemListElement\":[{\"@type\":\"ListItem\",\"position\":1,\"name\":\"Anasayfa\",\"item\":\"https:\/\/www.myvize.com.tr\/almanya\/\"},{\"@type\":\"ListItem\",\"position\":2,\"name\":\"OTURUM\",\"item\":\"https:\/\/www.myvize.com.tr\/almanya\/oturum-2\/\"},{\"@type\":\"ListItem\",\"position\":3,\"name\":\"Almanya Aile Birle\u015fimi Dil S\u0131nav\u0131\"}]},{\"@type\":\"WebSite\",\"@id\":\"https:\/\/www.myvize.com.tr\/almanya\/#website\",\"url\":\"https:\/\/www.myvize.com.tr\/almanya\/\",\"name\":\"Almanya Vize\",\"description\":\"\",\"potentialAction\":[{\"@type\":\"SearchAction\",\"target\":{\"@type\":\"EntryPoint\",\"urlTemplate\":\"https:\/\/www.myvize.com.tr\/almanya\/?s={search_term_string}\"},\"query-input\":{\"@type\":\"PropertyValueSpecification\",\"valueRequired\":true,\"valueName\":\"search_term_string\"}}],\"inLanguage\":\"tr\"}]}<\/script>\n<!-- \/ Yoast SEO plugin. -->","yoast_head_json":{"title":"Almanya Aile Birle\u015fimi Dil S\u0131nav\u0131 Nas\u0131l Olur? - MyVize","description":"Almanya Aile Birle\u015fimi \u0130\u00e7in Dil S\u0131nav\u0131 2022 Y\u0131l\u0131 \u0130\u00e7in En G\u00fcncel Bilgileri Neler? Almanya Aile Birle\u015fimi Dil S\u0131nav\u0131 Ba\u015fvurusu Nas\u0131l Yap\u0131l\u0131r?","robots":{"index":"index","follow":"follow","max-snippet":"max-snippet:-1","max-image-preview":"max-image-preview:large","max-video-preview":"max-video-preview:-1"},"canonical":"https:\/\/www.myvize.com.tr\/almanya\/oturum-2\/aile-birlesimi-dil-sinavi\/","og_locale":"tr_TR","og_type":"article","og_title":"Almanya Aile Birle\u015fimi Dil S\u0131nav\u0131 Nas\u0131l Olur? - MyVize","og_description":"Almanya Aile Birle\u015fimi \u0130\u00e7in Dil S\u0131nav\u0131 2022 Y\u0131l\u0131 \u0130\u00e7in En G\u00fcncel Bilgileri Neler? Almanya Aile Birle\u015fimi Dil S\u0131nav\u0131 Ba\u015fvurusu Nas\u0131l Yap\u0131l\u0131r?","og_url":"https:\/\/www.myvize.com.tr\/almanya\/oturum-2\/aile-birlesimi-dil-sinavi\/","og_site_name":"Almanya Vize","article_modified_time":"2022-10-03T13:03:42+00:00","twitter_card":"summary_large_image","twitter_misc":{"Tahmini okuma s\u00fcresi":"3 dakika"},"schema":{"@context":"https:\/\/schema.org","@graph":[{"@type":"WebPage","@id":"https:\/\/www.myvize.com.tr\/almanya\/oturum-2\/aile-birlesimi-dil-sinavi\/","url":"https:\/\/www.myvize.com.tr\/almanya\/oturum-2\/aile-birlesimi-dil-sinavi\/","name":"Almanya Aile Birle\u015fimi Dil S\u0131nav\u0131 Nas\u0131l Olur? - MyVize","isPartOf":{"@id":"https:\/\/www.myvize.com.tr\/almanya\/#website"},"datePublished":"2021-01-29T15:14:09+00:00","dateModified":"2022-10-03T13:03:42+00:00","description":"Almanya Aile Birle\u015fimi \u0130\u00e7in Dil S\u0131nav\u0131 2022 Y\u0131l\u0131 \u0130\u00e7in En G\u00fcncel Bilgileri Neler? Almanya Aile Birle\u015fimi Dil S\u0131nav\u0131 Ba\u015fvurusu Nas\u0131l Yap\u0131l\u0131r?","breadcrumb":{"@id":"https:\/\/www.myvize.com.tr\/almanya\/oturum-2\/aile-birlesimi-dil-sinavi\/#breadcrumb"},"inLanguage":"tr","potentialAction":[{"@type":"ReadAction","target":["https:\/\/www.myvize.com.tr\/almanya\/oturum-2\/aile-birlesimi-dil-sinavi\/"]}]},{"@type":"BreadcrumbList","@id":"https:\/\/www.myvize.com.tr\/almanya\/oturum-2\/aile-birlesimi-dil-sinavi\/#breadcrumb","itemListElement":[{"@type":"ListItem","position":1,"name":"Anasayfa","item":"https:\/\/www.myvize.com.tr\/almanya\/"},{"@type":"ListItem","position":2,"name":"OTURUM","item":"https:\/\/www.myvize.com.tr\/almanya\/oturum-2\/"},{"@type":"ListItem","position":3,"name":"Almanya Aile Birle\u015fimi Dil S\u0131nav\u0131"}]},{"@type":"WebSite","@id":"https:\/\/www.myvize.com.tr\/almanya\/#website","url":"https:\/\/www.myvize.com.tr\/almanya\/","name":"Almanya Vize","description":"","potentialAction":[{"@type":"SearchAction","target":{"@type":"EntryPoint","urlTemplate":"https:\/\/www.myvize.com.tr\/almanya\/?s={search_term_string}"},"query-input":{"@type":"PropertyValueSpecification","valueRequired":true,"valueName":"search_term_string"}}],"inLanguage":"tr"}]}},"_links":{"self":[{"href":"https:\/\/www.myvize.com.tr\/almanya\/wp-json\/wp\/v2\/pages\/350","targetHints":{"allow":["GET"]}}],"collection":[{"href":"https:\/\/www.myvize.com.tr\/almanya\/wp-json\/wp\/v2\/pages"}],"about":[{"href":"https:\/\/www.myvize.com.tr\/almanya\/wp-json\/wp\/v2\/types\/page"}],"author":[{"embeddable":true,"href":"https:\/\/www.myvize.com.tr\/almanya\/wp-json\/wp\/v2\/users\/1"}],"replies":[{"embeddable":true,"href":"https:\/\/www.myvize.com.tr\/almanya\/wp-json\/wp\/v2\/comments?post=350"}],"version-history":[{"count":6,"href":"https:\/\/www.myvize.com.tr\/almanya\/wp-json\/wp\/v2\/pages\/350\/revisions"}],"predecessor-version":[{"id":1749,"href":"https:\/\/www.myvize.com.tr\/almanya\/wp-json\/wp\/v2\/pages\/350\/revisions\/1749"}],"up":[{"embeddable":true,"href":"https:\/\/www.myvize.com.tr\/almanya\/wp-json\/wp\/v2\/pages\/138"}],"wp:attachment":[{"href":"https:\/\/www.myvize.com.tr\/almanya\/wp-json\/wp\/v2\/media?parent=350"}],"curies":[{"name":"wp","href":"https:\/\/api.w.org\/{rel}","templated":true}]}}