{"id":352,"date":"2021-01-29T18:14:33","date_gmt":"2021-01-29T15:14:33","guid":{"rendered":"https:\/\/www.myvize.com.tr\/almanya\/?page_id=352"},"modified":"2022-03-22T13:55:40","modified_gmt":"2022-03-22T10:55:40","slug":"isci-olarak-calismak","status":"publish","type":"page","link":"https:\/\/www.myvize.com.tr\/almanya\/oturum-2\/isci-olarak-calismak\/","title":{"rendered":"Almanya \u0130\u015f\u00e7i Olarak \u00c7al\u0131\u015fmak"},"content":{"rendered":"<h2><strong><span style=\"font-family: Roboto; font-size: 27px;\">Almanya&#8217;da \u0130\u015f\u00e7i Olarak \u00c7al\u0131\u015fmak<\/span><\/strong><\/h2>\n<p><span style=\"font-family: Roboto; font-size: 14px;\"><strong>Almanya i\u015f\u00e7i olarak \u00e7al\u0131\u015fmak i\u00e7in<\/strong>\u00a0Avrupa\u2019n\u0131n en b\u00fcy\u00fck sanayi \u00fclkelerindendir. 1970\u2019li y\u0131llarda sanayi a\u00e7\u0131s\u0131ndan \u00f6nemli ad\u0131mlar at\u0131lm\u0131\u015f ve \u00fclkede i\u015f g\u00fcc\u00fcn\u00fcn yeterli olmamas\u0131ndan dolay\u0131 yabanc\u0131 \u00fclkelerden <strong>i\u015f\u00e7i<\/strong>ler getirilmi\u015ftir. Bu y\u0131llarda <strong>Almanya<\/strong>\u2019ya <strong>i\u015f\u00e7i<\/strong> olarak T\u00fcrkiye\u2019den binlerce <strong>i\u015f\u00e7i<\/strong> gitmi\u015ftir. G\u00fcn\u00fcm\u00fczde ise <strong>Almanya<\/strong>\u2019ya veya ba\u015fka bir Avrupa Birli\u011fi \u00fclkesine <strong>i\u015f\u00e7i<\/strong> olarak gitmek isteyen ki\u015filer mesleklerini icra etme \u015fans\u0131 yakalamaktad\u0131r.<\/span><\/p>\n<p><span style=\"font-family: Roboto; font-size: 14px;\">\u015eu ana kadar Avrupa Birli\u011fi d\u0131\u015f\u0131nda bulunan ve <strong>Almanya<\/strong>\u2019ya g\u00f6\u00e7 etmek isteyen ki\u015filer i\u00e7in iki se\u00e7enek vard\u0131r. Bunlardan birisi Beyaz Liste\u2019de yer alan bir meslekte \u00e7al\u0131\u015fmakt\u0131r. \u0130kincisi ise y\u00fcksek lisans derecesine sahip olan <strong>i\u015f\u00e7i<\/strong>ler i\u00e7in tasarlanm\u0131\u015f olan Mavi Kart sahibi olmakt\u0131r. 30 Eyl\u00fcl 2019 tarihindeki geri d\u00f6n\u00fc\u015f projesi kapsam\u0131nda yeni bir alternatif daha ortaya \u00e7\u0131kt\u0131. Bu proje ile yabanc\u0131 uyruklu olan kalifiyeli <strong>i\u015f\u00e7i<\/strong>ler i\u00e7in Puan Tabanl\u0131 Model projesi ile meslek e\u011fitimini tamamlam\u0131\u015f ki\u015filer e\u011fitiminin uygun oldu\u011fu i\u015flerde \u00e7al\u0131\u015fabilme imk\u00e2n\u0131 elde etmektedir.<\/span><\/p>\n<p><span style=\"font-family: Roboto; font-size: 14px;\">Bu g\u00fcne kadar mesleki e\u011fitim alan ki\u015filer <strong>Almanya<\/strong>\u2019ya gelerek mesleklerini icra edebilmekteydi. Puan Tabanl\u0131 Model projesi pilot bir projedir. Deneme ama\u00e7l\u0131 yap\u0131lm\u0131\u015f olan proje i\u00e7in y\u0131ll\u0131k 1000 ki\u015filik i\u015f g\u00fcc\u00fc al\u0131m\u0131 s\u0131n\u0131r\u0131 koyulmu\u015ftur. Her y\u0131l en fazla 1000 yabanc\u0131 uyruklu ki\u015fi proje kapsam\u0131nda <strong>Almanya<\/strong>\u2019ya gelerek <strong>i\u015f\u00e7i<\/strong> olarak \u00e7al\u0131\u015fmaya ba\u015flayabilmektedir.<\/span><\/p>\n<p><span style=\"font-family: Roboto; font-size: 14px;\">\u00dcniversite mezunu olan ve diplomas\u0131n\u0131n <strong>Almanya<\/strong>\u2019da bulunan denkli\u011fini alanlar <strong>Almanya<\/strong>\u2019da kendilerine uygun bir i\u015f bulursa Mavi Kart al\u0131p <strong>Almanya<\/strong>\u2019da \u00e7al\u0131\u015fabiliyorlard\u0131r. Ayr\u0131ca yanlar\u0131nda e\u015flerini, \u00e7ocuklar\u0131n\u0131 yani ailelerini getirebiliyorlard\u0131. Ayr\u0131ca Mavi Kart sahipleri i\u00e7in Almanca mecburiyeti yoktu. <strong>Almanya\u2019da \u00e7al\u0131\u015fmak<\/strong> i\u00e7in di\u011fer bir se\u00e7enek ise Beyaz Liste\u2019de yer alan mesleki diploma sahibi olmakt\u0131.<\/span><\/p>\n<p><span style=\"font-family: Roboto; font-size: 14px;\"><img decoding=\"async\" src=\"https:\/\/www.myvize.com.tr\/almanya\/wp-content\/uploads\/2021\/09\/24.jpg\" \/><\/span><\/p>\n<p><span style=\"font-family: Roboto; font-size: 14px;\"><strong>Almanya<\/strong>\u2019n\u0131n eksiklik ya\u015fad\u0131\u011f\u0131 baz\u0131 meslekler \u015fu \u015fekildedir;<\/span><\/p>\n<ul>\n<li><span style=\"font-family: Roboto; font-size: 14px;\">Marangoz<\/span><\/li>\n<li><span style=\"font-family: Roboto; font-size: 14px;\">Berber\/ Kuaf\u00f6r<\/span><\/li>\n<li><span style=\"font-family: Roboto; font-size: 14px;\">Duvar \u0130\u015f\u00e7isi<\/span><\/li>\n<li><span style=\"font-family: Roboto; font-size: 14px;\">Beton \u0130\u015f\u00e7isi<\/span><\/li>\n<li><span style=\"font-family: Roboto; font-size: 14px;\">\u00c7at\u0131 Ustas\u0131<\/span><\/li>\n<li><span style=\"font-family: Roboto; font-size: 14px;\">\u015eof\u00f6r<\/span><\/li>\n<li><span style=\"font-family: Roboto; font-size: 14px;\">Kasap<\/span><\/li>\n<li><span style=\"font-family: Roboto; font-size: 14px;\">F\u0131r\u0131nc\u0131<\/span><\/li>\n<li><span style=\"font-family: Roboto; font-size: 14px;\">Bah\u00e7\u0131van<\/span><\/li>\n<li><span style=\"font-family: Roboto; font-size: 14px;\">Boyac\u0131<\/span><\/li>\n<li><span style=\"font-family: Roboto; font-size: 14px;\">Metal i\u015fleme<\/span><\/li>\n<li><span style=\"font-family: Roboto; font-size: 14px;\">Elektrik M\u00fchendisi<\/span><\/li>\n<\/ul>\n<p><span style=\"font-family: Roboto; font-size: 14px;\">\u00dclkede otel ve catering end\u00fcstrisi, depolama ve lojistik, end\u00fcstriyel teknik alan\u0131nda \u00e7al\u0131\u015fan eksikli\u011fi bulunmaktad\u0131r.<\/span><\/p>\n<h2><strong><span style=\"font-family: Roboto; font-size: 27px;\">Almanya&#8217;da \u0130\u015f\u00e7i Olmak \u0130\u00e7in Gerekli \u015eartlar<\/span><\/strong><\/h2>\n<p><span style=\"font-family: Roboto; font-size: 14px;\"><strong>Almanya<\/strong>\u2019da en az 60 meslekte 1 milyon 200 binden fazla kalifiyeli <strong>i\u015f\u00e7i<\/strong> a\u00e7\u0131\u011f\u0131 bulunmaktad\u0131r. \u00d6zellikle duvar ustas\u0131, elektrik m\u00fchendisi, marangoz, kuaf\u00f6r ve berber gibi \u00e7al\u0131\u015fma alanlar\u0131nda yeterli i\u015f g\u00fcc\u00fc sa\u011flanam\u0131yor. <strong>Almanya<\/strong> <strong>h\u00fck\u00fbmeti<\/strong> de yabanc\u0131 <strong>i\u015f\u00e7i<\/strong> al\u0131m\u0131 yaparken ba\u015fvuru sahibinin bu i\u015f g\u00fc\u00e7lerinden birisine girip girmedi\u011fine dikkat etmektedir. D\u00fc\u015f\u00fck niteli\u011fe sahip <strong>i\u015f\u00e7i<\/strong>ler ise <strong>Almanya<\/strong> taraf\u0131ndan kabul edilmemektedir. Bunun i\u00e7in ki\u015finin mesleki e\u011fitim alm\u0131\u015f olmas\u0131 gerekmektedir.<\/span><\/p>\n<blockquote><p><span style=\"font-family: Roboto; font-size: 14px; color: #2acec2;\"><a style=\"color: #2acec2;\" href=\"https:\/\/www.myvize.com.tr\/almanya\/vize-islemleri\/almanya-vizesi\/\" target=\"_blank\" rel=\"noopener noreferrer\"><strong>Almanya Vizesi<\/strong><\/a><\/span><\/p><\/blockquote>\n<p><span style=\"font-family: Roboto; font-size: 14px;\">Y\u00fcksek\u00f6\u011frenim g\u00f6rm\u00fc\u015f olan ki\u015filerin <strong>Almanya<\/strong>\u2019ya gitmeden <strong>Almanya<\/strong>\u2019daki meslek e\u011fitimi ile e\u015fde\u011fer oldu\u011funu ortaya koyan bir denklik belgesi almas\u0131 gerekiyor. Bu denklik belgesi al\u0131nam\u0131yor ise ki\u015filer <strong>Almanya<\/strong>\u2019ya gelerek meslek e\u011fitimlerini tamamlayabilir. Ancak bunun i\u00e7in Almanca seviyesinin en az A2 seviyesinde olmas\u0131 gerekmektedir. Ayr\u0131ca ki\u015fi <strong>Almanya<\/strong>\u2019da kald\u0131\u011f\u0131 s\u00fcrece kendi masraflar\u0131n\u0131 kar\u015f\u0131layabilmelidir. Bunun i\u00e7in banka hesap d\u00f6k\u00fcmleri istenmektedir. Bu \u015fartlar kar\u015f\u0131lan\u0131rsa <strong>Almanya<\/strong> ba\u015fvuru sahibine 18 ayl\u0131k bir vize vererek e\u011fitim almas\u0131na imk\u00e2n veriyor.<\/span><br \/>\n<span style=\"font-family: Roboto; font-size: 14px;\"><img decoding=\"async\" src=\"https:\/\/www.myvize.com.tr\/almanya\/wp-content\/uploads\/2021\/09\/59.jpg\" \/><\/span><br \/>\n<span style=\"font-family: Roboto; font-size: 14px;\">Mesleki e\u011fitim veya \u00fcniversite diplomas\u0131 sahipleri <strong>Almanya<\/strong>\u2019ya gitmeden \u00f6nce \u00fclkede yerle\u015fik bir firma ile i\u015f s\u00f6zle\u015fmesi imzalamal\u0131d\u0131r. E\u011fer \u00e7al\u0131\u015facak bir i\u015f bulamad\u0131ysan\u0131z kendi ge\u00e7iminizi sa\u011flayabilece\u011finizi ve <strong>Almanya<\/strong> kamu d\u00fczenini tehlikeye sokmayaca\u011f\u0131n\u0131z\u0131 kan\u0131tlaman\u0131z durumunda <strong>Almanya<\/strong>\u2019ya gidip i\u015f arayabilirsiniz. Bunun i\u00e7in Almanca konu\u015fabildi\u011finizi kan\u0131tlamal\u0131s\u0131n\u0131z. Bu \u015fekilde bir i\u015f teklifi olmadan <strong>Almanya<\/strong>\u2019ya gidebilirsiniz. <strong>Almanya<\/strong>\u2019da ge\u00e7ici oturum izni ile 6 ay kalabilirsiniz.<\/span><\/p>\n<p><span style=\"font-family: Roboto; font-size: 14px;\"><strong>Almanya<\/strong>\u2019n\u0131n \u00e7al\u0131\u015fma izni \u00fclkenin istihdam ihtiyac\u0131na g\u00f6re farkl\u0131l\u0131k g\u00f6stermektedir. En \u00e7ok bili\u015fim teknolojileri ve m\u00fchendislik alan\u0131nda nitelikli eleman s\u0131k\u0131nt\u0131s\u0131 ya\u015famaktad\u0131r. Di\u011fer meslek gruplar\u0131nda ise i\u015fverenin talebine g\u00f6re al\u0131m yapmaktad\u0131r. <strong>Almanya<\/strong>\u2019n\u0131n istihdam ihtiyac\u0131 Federal \u0130stihdam Dairesine g\u00f6re belirlenmektedir. Bilim insanlar\u0131 ve akademisyenler bu kontrollerden muaf tutulmaktad\u0131r.<\/span><\/p>\n<p><span style=\"font-family: Roboto; font-size: 14px;\"><strong>Almanya<\/strong>\u2019da <strong>i\u015f\u00e7i<\/strong> olarak \u00e7al\u0131\u015fmak istiyorsan\u0131z ve bir i\u015f bulduysan\u0131z \u00e7al\u0131\u015fma izni ba\u015fvurusunu firma yapmal\u0131d\u0131r. Bunun i\u00e7in i\u015f s\u00f6zle\u015fmesini imzalay\u0131p firmaya ula\u015ft\u0131rmal\u0131s\u0131n\u0131z. \u00c7al\u0131\u015fma izni al\u0131nd\u0131ktan sonra <strong>Almanya<\/strong> Konsoloslu\u011fu\u2019na \u00e7al\u0131\u015fma izni vizesi ba\u015fvurusu yapabilirsiniz.<\/span><\/p>\n<p><span style=\"font-family: Roboto; font-size: 14px;\">\u00c7al\u0131\u015fma izni ba\u015fvurusu yaparken <strong>Almanya<\/strong>\u2019da bu i\u015fi yapabilecek kalifiyeli eleman\u0131n olup olmad\u0131\u011f\u0131n\u0131 bilmelisiniz. \u00c7\u00fcnk\u00fc<strong> Almanya Federal Devleti<\/strong> bu durumu kontrol etmektedir. Yani \u00fclke i\u00e7erisinde o i\u015f i\u00e7in kalifiyeli birisi varsa ve i\u015fi yapmak istiyorsa vize ba\u015fvurunuz reddedilmektedir.<\/span><\/p>\n","protected":false},"excerpt":{"rendered":"<p>Almanya&#8217;da \u0130\u015f\u00e7i Olarak \u00c7al\u0131\u015fmak Almanya i\u015f\u00e7i olarak \u00e7al\u0131\u015fmak i\u00e7in\u00a0Avrupa\u2019n\u0131n en b\u00fcy\u00fck sanayi \u00fclkelerindendir. 1970\u2019li y\u0131llarda sanayi a\u00e7\u0131s\u0131ndan \u00f6nemli ad\u0131mlar at\u0131lm\u0131\u015f ve \u00fclkede i\u015f g\u00fcc\u00fcn\u00fcn yeterli olmamas\u0131ndan dolay\u0131 yabanc\u0131 \u00fclkelerden i\u015f\u00e7iler getirilmi\u015ftir. Bu y\u0131llarda Almanya\u2019ya i\u015f\u00e7i olarak T\u00fcrkiye\u2019den binlerce i\u015f\u00e7i gitmi\u015ftir. G\u00fcn\u00fcm\u00fczde ise Almanya\u2019ya veya ba\u015fka bir Avrupa Birli\u011fi \u00fclkesine i\u015f\u00e7i olarak gitmek isteyen ki\u015filer mesleklerini<\/p>\n","protected":false},"author":1,"featured_media":0,"parent":138,"menu_order":0,"comment_status":"open","ping_status":"closed","template":"","meta":{"footnotes":""},"class_list":["post-352","page","type-page","status-publish","hentry"],"yoast_head":"<!-- This site is optimized with the Yoast SEO plugin v24.0 - https:\/\/yoast.com\/wordpress\/plugins\/seo\/ -->\n<title>Almanya&#039;da \u0130\u015f\u00e7i Olarak \u00c7al\u0131\u015fmak - Almanya Vizesi - MyVize<\/title>\n<meta name=\"description\" content=\"Almanya i\u015f\u00e7i olarak \u00e7al\u0131\u015fmak i\u00e7in hangi \u015fartlar\u0131 ar\u0131yor? \u00c7al\u0131\u015fma \u0130zni 2022 Y\u0131l\u0131 \u0130\u00e7in Hangi Evraklar Gereklidir Hangi \u015eartlar Aranmaktad\u0131r...\" \/>\n<meta name=\"robots\" content=\"index, follow, max-snippet:-1, max-image-preview:large, max-video-preview:-1\" \/>\n<link rel=\"canonical\" href=\"https:\/\/www.myvize.com.tr\/almanya\/oturum-2\/isci-olarak-calismak\/\" \/>\n<meta property=\"og:locale\" content=\"tr_TR\" \/>\n<meta property=\"og:type\" content=\"article\" \/>\n<meta property=\"og:title\" content=\"Almanya&#039;da \u0130\u015f\u00e7i Olarak \u00c7al\u0131\u015fmak - Almanya Vizesi - MyVize\" \/>\n<meta property=\"og:description\" content=\"Almanya i\u015f\u00e7i olarak \u00e7al\u0131\u015fmak i\u00e7in hangi \u015fartlar\u0131 ar\u0131yor? \u00c7al\u0131\u015fma \u0130zni 2022 Y\u0131l\u0131 \u0130\u00e7in Hangi Evraklar Gereklidir Hangi \u015eartlar Aranmaktad\u0131r...\" \/>\n<meta property=\"og:url\" content=\"https:\/\/www.myvize.com.tr\/almanya\/oturum-2\/isci-olarak-calismak\/\" \/>\n<meta property=\"og:site_name\" content=\"Almanya Vize\" \/>\n<meta property=\"article:modified_time\" content=\"2022-03-22T10:55:40+00:00\" \/>\n<meta property=\"og:image\" content=\"https:\/\/www.myvize.com.tr\/almanya\/wp-content\/uploads\/2021\/09\/24.jpg\" \/>\n<meta name=\"twitter:card\" content=\"summary_large_image\" \/>\n<meta name=\"twitter:label1\" content=\"Tahmini okuma s\u00fcresi\" \/>\n\t<meta name=\"twitter:data1\" content=\"4 dakika\" \/>\n<script type=\"application\/ld+json\" class=\"yoast-schema-graph\">{\"@context\":\"https:\/\/schema.org\",\"@graph\":[{\"@type\":\"WebPage\",\"@id\":\"https:\/\/www.myvize.com.tr\/almanya\/oturum-2\/isci-olarak-calismak\/\",\"url\":\"https:\/\/www.myvize.com.tr\/almanya\/oturum-2\/isci-olarak-calismak\/\",\"name\":\"Almanya'da \u0130\u015f\u00e7i Olarak \u00c7al\u0131\u015fmak - Almanya Vizesi - MyVize\",\"isPartOf\":{\"@id\":\"https:\/\/www.myvize.com.tr\/almanya\/#website\"},\"primaryImageOfPage\":{\"@id\":\"https:\/\/www.myvize.com.tr\/almanya\/oturum-2\/isci-olarak-calismak\/#primaryimage\"},\"image\":{\"@id\":\"https:\/\/www.myvize.com.tr\/almanya\/oturum-2\/isci-olarak-calismak\/#primaryimage\"},\"thumbnailUrl\":\"https:\/\/www.myvize.com.tr\/almanya\/wp-content\/uploads\/2021\/09\/24.jpg\",\"datePublished\":\"2021-01-29T15:14:33+00:00\",\"dateModified\":\"2022-03-22T10:55:40+00:00\",\"description\":\"Almanya i\u015f\u00e7i olarak \u00e7al\u0131\u015fmak i\u00e7in hangi \u015fartlar\u0131 ar\u0131yor? \u00c7al\u0131\u015fma \u0130zni 2022 Y\u0131l\u0131 \u0130\u00e7in Hangi Evraklar Gereklidir Hangi \u015eartlar Aranmaktad\u0131r...\",\"breadcrumb\":{\"@id\":\"https:\/\/www.myvize.com.tr\/almanya\/oturum-2\/isci-olarak-calismak\/#breadcrumb\"},\"inLanguage\":\"tr\",\"potentialAction\":[{\"@type\":\"ReadAction\",\"target\":[\"https:\/\/www.myvize.com.tr\/almanya\/oturum-2\/isci-olarak-calismak\/\"]}]},{\"@type\":\"ImageObject\",\"inLanguage\":\"tr\",\"@id\":\"https:\/\/www.myvize.com.tr\/almanya\/oturum-2\/isci-olarak-calismak\/#primaryimage\",\"url\":\"https:\/\/www.myvize.com.tr\/almanya\/wp-content\/uploads\/2021\/09\/24.jpg\",\"contentUrl\":\"https:\/\/www.myvize.com.tr\/almanya\/wp-content\/uploads\/2021\/09\/24.jpg\",\"width\":800,\"height\":500,\"caption\":\"Almanya\"},{\"@type\":\"BreadcrumbList\",\"@id\":\"https:\/\/www.myvize.com.tr\/almanya\/oturum-2\/isci-olarak-calismak\/#breadcrumb\",\"itemListElement\":[{\"@type\":\"ListItem\",\"position\":1,\"name\":\"Anasayfa\",\"item\":\"https:\/\/www.myvize.com.tr\/almanya\/\"},{\"@type\":\"ListItem\",\"position\":2,\"name\":\"OTURUM\",\"item\":\"https:\/\/www.myvize.com.tr\/almanya\/oturum-2\/\"},{\"@type\":\"ListItem\",\"position\":3,\"name\":\"Almanya \u0130\u015f\u00e7i Olarak \u00c7al\u0131\u015fmak\"}]},{\"@type\":\"WebSite\",\"@id\":\"https:\/\/www.myvize.com.tr\/almanya\/#website\",\"url\":\"https:\/\/www.myvize.com.tr\/almanya\/\",\"name\":\"Almanya Vize\",\"description\":\"\",\"potentialAction\":[{\"@type\":\"SearchAction\",\"target\":{\"@type\":\"EntryPoint\",\"urlTemplate\":\"https:\/\/www.myvize.com.tr\/almanya\/?s={search_term_string}\"},\"query-input\":{\"@type\":\"PropertyValueSpecification\",\"valueRequired\":true,\"valueName\":\"search_term_string\"}}],\"inLanguage\":\"tr\"}]}<\/script>\n<!-- \/ Yoast SEO plugin. -->","yoast_head_json":{"title":"Almanya'da \u0130\u015f\u00e7i Olarak \u00c7al\u0131\u015fmak - Almanya Vizesi - MyVize","description":"Almanya i\u015f\u00e7i olarak \u00e7al\u0131\u015fmak i\u00e7in hangi \u015fartlar\u0131 ar\u0131yor? \u00c7al\u0131\u015fma \u0130zni 2022 Y\u0131l\u0131 \u0130\u00e7in Hangi Evraklar Gereklidir Hangi \u015eartlar Aranmaktad\u0131r...","robots":{"index":"index","follow":"follow","max-snippet":"max-snippet:-1","max-image-preview":"max-image-preview:large","max-video-preview":"max-video-preview:-1"},"canonical":"https:\/\/www.myvize.com.tr\/almanya\/oturum-2\/isci-olarak-calismak\/","og_locale":"tr_TR","og_type":"article","og_title":"Almanya'da \u0130\u015f\u00e7i Olarak \u00c7al\u0131\u015fmak - Almanya Vizesi - MyVize","og_description":"Almanya i\u015f\u00e7i olarak \u00e7al\u0131\u015fmak i\u00e7in hangi \u015fartlar\u0131 ar\u0131yor? \u00c7al\u0131\u015fma \u0130zni 2022 Y\u0131l\u0131 \u0130\u00e7in Hangi Evraklar Gereklidir Hangi \u015eartlar Aranmaktad\u0131r...","og_url":"https:\/\/www.myvize.com.tr\/almanya\/oturum-2\/isci-olarak-calismak\/","og_site_name":"Almanya Vize","article_modified_time":"2022-03-22T10:55:40+00:00","og_image":[{"url":"https:\/\/www.myvize.com.tr\/almanya\/wp-content\/uploads\/2021\/09\/24.jpg","type":"","width":"","height":""}],"twitter_card":"summary_large_image","twitter_misc":{"Tahmini okuma s\u00fcresi":"4 dakika"},"schema":{"@context":"https:\/\/schema.org","@graph":[{"@type":"WebPage","@id":"https:\/\/www.myvize.com.tr\/almanya\/oturum-2\/isci-olarak-calismak\/","url":"https:\/\/www.myvize.com.tr\/almanya\/oturum-2\/isci-olarak-calismak\/","name":"Almanya'da \u0130\u015f\u00e7i Olarak \u00c7al\u0131\u015fmak - Almanya Vizesi - MyVize","isPartOf":{"@id":"https:\/\/www.myvize.com.tr\/almanya\/#website"},"primaryImageOfPage":{"@id":"https:\/\/www.myvize.com.tr\/almanya\/oturum-2\/isci-olarak-calismak\/#primaryimage"},"image":{"@id":"https:\/\/www.myvize.com.tr\/almanya\/oturum-2\/isci-olarak-calismak\/#primaryimage"},"thumbnailUrl":"https:\/\/www.myvize.com.tr\/almanya\/wp-content\/uploads\/2021\/09\/24.jpg","datePublished":"2021-01-29T15:14:33+00:00","dateModified":"2022-03-22T10:55:40+00:00","description":"Almanya i\u015f\u00e7i olarak \u00e7al\u0131\u015fmak i\u00e7in hangi \u015fartlar\u0131 ar\u0131yor? \u00c7al\u0131\u015fma \u0130zni 2022 Y\u0131l\u0131 \u0130\u00e7in Hangi Evraklar Gereklidir Hangi \u015eartlar Aranmaktad\u0131r...","breadcrumb":{"@id":"https:\/\/www.myvize.com.tr\/almanya\/oturum-2\/isci-olarak-calismak\/#breadcrumb"},"inLanguage":"tr","potentialAction":[{"@type":"ReadAction","target":["https:\/\/www.myvize.com.tr\/almanya\/oturum-2\/isci-olarak-calismak\/"]}]},{"@type":"ImageObject","inLanguage":"tr","@id":"https:\/\/www.myvize.com.tr\/almanya\/oturum-2\/isci-olarak-calismak\/#primaryimage","url":"https:\/\/www.myvize.com.tr\/almanya\/wp-content\/uploads\/2021\/09\/24.jpg","contentUrl":"https:\/\/www.myvize.com.tr\/almanya\/wp-content\/uploads\/2021\/09\/24.jpg","width":800,"height":500,"caption":"Almanya"},{"@type":"BreadcrumbList","@id":"https:\/\/www.myvize.com.tr\/almanya\/oturum-2\/isci-olarak-calismak\/#breadcrumb","itemListElement":[{"@type":"ListItem","position":1,"name":"Anasayfa","item":"https:\/\/www.myvize.com.tr\/almanya\/"},{"@type":"ListItem","position":2,"name":"OTURUM","item":"https:\/\/www.myvize.com.tr\/almanya\/oturum-2\/"},{"@type":"ListItem","position":3,"name":"Almanya \u0130\u015f\u00e7i Olarak \u00c7al\u0131\u015fmak"}]},{"@type":"WebSite","@id":"https:\/\/www.myvize.com.tr\/almanya\/#website","url":"https:\/\/www.myvize.com.tr\/almanya\/","name":"Almanya Vize","description":"","potentialAction":[{"@type":"SearchAction","target":{"@type":"EntryPoint","urlTemplate":"https:\/\/www.myvize.com.tr\/almanya\/?s={search_term_string}"},"query-input":{"@type":"PropertyValueSpecification","valueRequired":true,"valueName":"search_term_string"}}],"inLanguage":"tr"}]}},"_links":{"self":[{"href":"https:\/\/www.myvize.com.tr\/almanya\/wp-json\/wp\/v2\/pages\/352","targetHints":{"allow":["GET"]}}],"collection":[{"href":"https:\/\/www.myvize.com.tr\/almanya\/wp-json\/wp\/v2\/pages"}],"about":[{"href":"https:\/\/www.myvize.com.tr\/almanya\/wp-json\/wp\/v2\/types\/page"}],"author":[{"embeddable":true,"href":"https:\/\/www.myvize.com.tr\/almanya\/wp-json\/wp\/v2\/users\/1"}],"replies":[{"embeddable":true,"href":"https:\/\/www.myvize.com.tr\/almanya\/wp-json\/wp\/v2\/comments?post=352"}],"version-history":[{"count":10,"href":"https:\/\/www.myvize.com.tr\/almanya\/wp-json\/wp\/v2\/pages\/352\/revisions"}],"predecessor-version":[{"id":1562,"href":"https:\/\/www.myvize.com.tr\/almanya\/wp-json\/wp\/v2\/pages\/352\/revisions\/1562"}],"up":[{"embeddable":true,"href":"https:\/\/www.myvize.com.tr\/almanya\/wp-json\/wp\/v2\/pages\/138"}],"wp:attachment":[{"href":"https:\/\/www.myvize.com.tr\/almanya\/wp-json\/wp\/v2\/media?parent=352"}],"curies":[{"name":"wp","href":"https:\/\/api.w.org\/{rel}","templated":true}]}}