{"id":389,"date":"2021-01-29T18:21:20","date_gmt":"2021-01-29T15:21:20","guid":{"rendered":"https:\/\/www.myvize.com.tr\/almanya\/?page_id=389"},"modified":"2022-03-22T14:52:05","modified_gmt":"2022-03-22T11:52:05","slug":"almanya-ulusal-vize-basvuru-formu","status":"publish","type":"page","link":"https:\/\/www.myvize.com.tr\/almanya\/form-ve-dilekce\/almanya-ulusal-vize-basvuru-formu\/","title":{"rendered":"Almanya Ulusal Vize Ba\u015fvuru Formu"},"content":{"rendered":"<p><span style=\"font-family: Roboto;\">\r\n\r\n<\/span><\/p>\r\n<p style=\"font-size: 14px;\"><span style=\"font-family: Roboto; font-size: 14px;\"><strong>Almanya Ulusal vizesi <\/strong>belirli bir seyahat amac\u0131 ile Almanya\u2019da 90 g\u00fcnden uzun kal\u0131nacak ise al\u0131nmas\u0131 gereken vize t\u00fcr\u00fcd\u00fcr. Seyahatin amac\u0131na ba\u011fl\u0131 olarak bir y\u0131la kadar ge\u00e7erlilik s\u00fcresi ile verilmektedir. <strong>Ulusal vize<\/strong> alan birinin Almanya\u2019ya giri\u015f yapt\u0131ktan sonra oturum izni almas\u0131 gerekmektedir.<\/span><\/p>\r\n<p><span style=\"font-family: Roboto; font-size: 14px;\">\r\n\r\n<\/span><\/p>\r\n<p style=\"font-size: 14px;\"><span style=\"font-family: Roboto; font-size: 14px;\"><strong>Almanya ulusal vize<\/strong> ba\u015fvurusu i\u00e7in<strong> Almanya ulusal vize<\/strong> ba\u015fvuru formu doldurmal\u0131s\u0131n\u0131z. <strong>Almanya Konsoloslu\u011fu <\/strong>bu form ile ba\u015fvuru sahibini daha iyi tan\u0131yacakt\u0131r. Bu formda yanl\u0131\u015f ve eksik bilgi bulunamamal\u0131d\u0131r. Aksi halde <a href=\"https:\/\/www.myvize.com.tr\/almanya\/vize-islemleri\/almanya-vizesi\/\"><strong><span class=\"has-inline-color\" style=\"color: #2acec2;\">Almanya vizesi<\/span><\/strong> <\/a>ba\u015fvurunuz reddedilebilir. Bu formda yer almas\u0131 gereken bilgiler \u015fu \u015fekildedir.<\/span><\/p>\r\n<p><span style=\"font-family: Roboto; font-size: 14px;\">\r\n\r\n<\/span><\/p>\r\n<ul class=\"wp-block-list\">\r\n<li><span style=\"font-family: Roboto; font-size: 14px;\">Ad\u0131n\u0131z-Soyad\u0131n\u0131z (var ise eski soyad\u0131n\u0131z)<\/span><\/li>\r\n<li><span style=\"font-family: Roboto; font-size: 14px;\">Do\u011fum yeriniz<\/span><\/li>\r\n<li><span style=\"font-family: Roboto; font-size: 14px;\">Do\u011fum y\u0131l\u0131n\u0131z<\/span><\/li>\r\n<li><span style=\"font-family: Roboto; font-size: 14px;\">Vatanda\u015fl\u0131\u011f\u0131n\u0131z (var ise eski vatanda\u015fl\u0131\u011f\u0131n\u0131z)<\/span><\/li>\r\n<li><span style=\"font-family: Roboto; font-size: 14px;\">Medeni durumunuz ve cinsiyetiniz<\/span><\/li>\r\n<li><span style=\"font-family: Roboto; font-size: 14px;\">Pasaport (seyahat belgeniz) t\u00fcr\u00fcn\u00fcz<\/span><\/li>\r\n<li><span style=\"font-family: Roboto; font-size: 14px;\">Pasaportun verili\u015f tarihi, ge\u00e7erlilik tarihi, veren makam\u0131<\/span><\/li>\r\n<li><span style=\"font-family: Roboto; font-size: 14px;\">Adres bilgisi<\/span><\/li>\r\n<li><span style=\"font-family: Roboto; font-size: 14px;\">Cep telefonu, e-posta adresi<\/span><\/li>\r\n<li><span style=\"font-family: Roboto; font-size: 14px;\">Var ise e\u015finize ait bilgilerin oldu\u011fu b\u00f6l\u00fcm<\/span><\/li>\r\n<li><span style=\"font-family: Roboto; font-size: 14px;\">Var ise \u00e7ocuklar\u0131n\u0131za ait bilgilerin yer ald\u0131\u011f\u0131 b\u00f6l\u00fcm<\/span><\/li>\r\n<li><span style=\"font-family: Roboto; font-size: 14px;\">Ba\u015fvuru sahibinin ebeveynlerine ait bilgilerin yer ald\u0131\u011f\u0131 b\u00f6l\u00fcm<\/span><\/li>\r\n<li><span style=\"font-family: Roboto; font-size: 14px;\">Ge\u00e7mi\u015fte Almanya Federal Cumhuriyeti\u2019nde bulundu iseniz; ne zaman ve hangi tarihte bulundu\u011funuzun bilgisi<\/span><\/li>\r\n<li><span style=\"font-family: Roboto; font-size: 14px;\"><strong>Almanya Federal Cumhuriyeti<\/strong>\u2019nde kalmay\u0131 planlad\u0131\u011f\u0131n\u0131z yerin bilgileri<\/span><\/li>\r\n<li><span style=\"font-family: Roboto; font-size: 14px;\">Ailenizden birisi sizinle birlikte gelecek ise kimler gelecek<\/span><\/li>\r\n<li><span style=\"font-family: Roboto; font-size: 14px;\">Almanya\u2019ya gidi\u015f amac\u0131n\u0131z<\/span><\/li>\r\n<li><span style=\"font-family: Roboto; font-size: 14px;\">Mesle\u011finiz<\/span><\/li>\r\n<li><span style=\"font-family: Roboto; font-size: 14px;\">Almanya\u2019da kalaca\u011f\u0131n\u0131z s\u00fcre<\/span><\/li>\r\n<li><span style=\"font-family: Roboto; font-size: 14px;\">Almanya\u2019da ge\u00e7iminizi nas\u0131l sa\u011flayaca\u011f\u0131n\u0131z<\/span><\/li>\r\n<li><span style=\"font-family: Roboto; font-size: 14px;\">Sab\u0131ka kayd\u0131n\u0131z var m\u0131, var ise ne cezas\u0131 ald\u0131n\u0131z, ne kadar ceza ald\u0131n\u0131z?<\/span><\/li>\r\n<li><span style=\"font-family: Roboto; font-size: 14px;\">Ayr\u0131ca belgeye biyometrik foto\u011fraf\u0131n\u0131z\u0131 yap\u0131\u015ft\u0131rmal\u0131s\u0131n\u0131z.<\/span><\/li>\r\n<\/ul>\r\n<p><span style=\"font-family: Roboto; font-size: 14px;\">\r\n\r\n<\/span><\/p>\r\n<p style=\"font-size: 14px;\"><span style=\"font-family: Roboto; font-size: 14px;\">Bu belgenin \u00e7\u0131kt\u0131s\u0131 al\u0131nmal\u0131 tarih at\u0131l\u0131p imzalanarak bilgilerin do\u011frulu\u011fu kabul edilmelidir. Bu belge uluslararas\u0131 bir belge oldu\u011fundan sahtecilik yapman\u0131z durumunda ceza alabilirsiniz.<\/span><\/p>\r\n<p><span style=\"font-family: Roboto; font-size: 14px;\"><\/span><\/p>\r\n<p><span style=\"font-family: Roboto; font-size: 14px;\"><img decoding=\"async\" src=\"https:\/\/www.myvize.com.tr\/almanya\/wp-content\/uploads\/2021\/09\/76.jpg\" \/><\/span><\/p>\r\n<p><span style=\"font-family: Roboto; font-size: 14px;\"><\/span><\/p>\r\n<h2 class=\"wp-block-heading\" style=\"font-size: 27px;\"><strong><span style=\"font-family: Roboto; font-size: 27px;\">Almanya Ulusal Vize Ba\u015fvuru Formu Nas\u0131l Doldurulur?<\/span><\/strong><\/h2>\r\n<p><span style=\"font-family: Roboto; font-size: 14px;\">\r\n\r\n<\/span><\/p>\r\n<p style=\"font-size: 14px;\"><span style=\"font-family: Roboto; font-size: 14px;\">Almanya\u2019ya 90 g\u00fcn\u00fcn \u00fczerinde seyahat etmeyi planlayan T\u00fcrkiye Cumhuriyeti vatanda\u015flar\u0131 <strong>Almanya ulusal vizesi<\/strong> almal\u0131d\u0131r. Almanya ulusal vizesi bir y\u0131ll\u0131k s\u00fcre ile verilmektedir. Almanya\u2019ya giri\u015f yap\u0131ld\u0131ktan sonra <strong>Almanya oturum izni<\/strong> ba\u015fvurusu yap\u0131lmal\u0131d\u0131r. Formu dolduran ki\u015fi Almanya toplum kurallara uyaca\u011f\u0131n\u0131n ve vize bitimi sonras\u0131 Almanya\u2019dan ayr\u0131laca\u011f\u0131n\u0131n teminat\u0131n\u0131 vermi\u015f olur.<\/span><\/p>\r\n<p><span style=\"font-family: Roboto; font-size: 14px;\">\r\n\r\n<\/span><\/p>\r\n<p style=\"font-size: 14px;\"><span style=\"font-family: Roboto; font-size: 14px;\"><strong><a href=\"https:\/\/www.myvize.com.tr\/almanya\/form-ve-dilekce\/almanya-ulusal-vize-basvuru-formu\/\" target=\"_blank\" rel=\"noreferrer noopener\"><span class=\"has-inline-color\" style=\"color: #2acec2;\">Almanya ulusal vize ba\u015fvuru formu<\/span><\/a><\/strong> doldururken dikkat edilmesi gereken birka\u00e7 \u00f6nemli husus vard\u0131r. \u00d6ncelikle formda istenen bilgileri eksiksiz ve do\u011fru bir \u015fekilde doldurmal\u0131s\u0131n\u0131z. Seyahat amac\u0131n\u0131z ve \u00e7al\u0131\u015fma durumunuzu do\u011fru girmeniz \u00e7ok \u00f6nemlidir. Form doldurulduktan sonra tarih at\u0131lmal\u0131 ve imzalanmal\u0131d\u0131r. Bu belgeyi imzalayarak bilgilerin do\u011frulu\u011funu kabul etmi\u015f olursunuz. Bilerek veya bilmeyerek eksik ya da hatal\u0131 bilgi girilmesi durumunda ba\u015fvurunuz reddedilecektir.<\/span><\/p>\r\n<p><span style=\"font-family: Roboto; font-size: 14px;\">\r\n\r\n<\/span><\/p>\r\n<p style=\"font-size: 14px;\"><span style=\"font-family: Roboto; font-size: 14px;\">Almanya Konsoloslu\u011fu ba\u015fvuru sahibini bu form ile tan\u0131maktad\u0131r. Bu formdaki bilgiler <strong>ulusal vize <\/strong>ba\u015fvurusu i\u00e7in istenen di\u011fer belgelerdeki bilgiler ile kar\u015f\u0131la\u015ft\u0131r\u0131lmaktad\u0131r. Herhangi bir uyu\u015fmazl\u0131k ile kar\u015f\u0131la\u015f\u0131lmas\u0131 durumunda vize ba\u015fvurusu reddedilmektedir.<\/span><\/p>\r\n<p><span style=\"font-family: Roboto; font-size: 14px;\">\r\n\r\n<\/span><\/p>\r\n<p style=\"font-size: 14px;\"><span style=\"font-family: Roboto; font-size: 14px;\"><strong>Almanya ulusal vize ba\u015fvuru formu<\/strong> uluslararas\u0131 ge\u00e7erlili\u011fi olan resmi bir belgedir. Bundan dolay\u0131 belgeye hatal\u0131 bilgi girmemeye \u00f6zen g\u00f6stermelisiniz. Almanya ulusal vize ba\u015fvuru formuna bilerek hatal\u0131 bilgi girilmesi sonucu<strong> <a href=\"https:\/\/www.myvize.com.tr\/almanya\/vize-islemleri\/almanya-vize-basvurusu\/\" target=\"_blank\" rel=\"noreferrer noopener\"><span class=\"has-inline-color\" style=\"color: #2acec2;\">Almanya vize ba\u015fvurusu <\/span><\/a><\/strong>reddedilir. Formun resmi bir belge olmas\u0131ndan dolay\u0131 baz\u0131 durumlarda para cezas\u0131 alabilirsiniz.<\/span><\/p>\r\n<p><span style=\"font-family: Roboto; font-size: 14px;\"><\/span><\/p>\r\n<p><span style=\"font-family: Roboto; font-size: 14px;\"><img decoding=\"async\" src=\"https:\/\/www.myvize.com.tr\/almanya\/wp-content\/uploads\/2021\/09\/77.jpg\" \/><\/span><\/p>\r\n<p><span style=\"font-family: Roboto; font-size: 14px;\"><\/span><\/p>\r\n<h2 class=\"wp-block-heading\" style=\"font-size: 27px;\"><strong><span style=\"font-family: Roboto; font-size: 27px;\">Almanya Ulusal Vize Ba\u015fvuru Takip<\/span><\/strong><\/h2>\r\n<p><span style=\"font-family: Roboto; font-size: 14px;\">\r\n\r\n<\/span><\/p>\r\n<p style=\"font-size: 14px;\"><span style=\"font-family: Roboto; font-size: 14px;\">Almanya\u2019ya 90 g\u00fcnden az seyahat edecek olanlar; seyahat amac\u0131na g\u00f6re Schengen vizesi almal\u0131d\u0131r. 90 g\u00fcnden daha uzun bir seyahat ger\u00e7ekle\u015ftirecek olan ki\u015filerin almas\u0131 gereken vize t\u00fcr\u00fc Almanya ulusal vizesidir. <strong>Almanya ulusal vize ba\u015fvurus<\/strong>u kabul edilen ki\u015fi Almanya\u2019ya giri\u015f yapt\u0131ktan sonra<strong> Almanya oturum izni <\/strong>almal\u0131d\u0131r. Almanya ulusal vize ba\u015fvurusu yapanlar ba\u015fvurusunun ne durumda oldu\u011funu merek etmektedir.<\/span><\/p>\r\n<p><span style=\"font-family: Roboto; font-size: 14px;\">\r\n\r\n<\/span><\/p>\r\n<p style=\"font-size: 14px;\"><span style=\"font-family: Roboto; font-size: 14px;\">Almanya ulusal vize ba\u015fvurusu Almanya Konsoloslu\u011fu\u2019nun yetkilendirdi\u011fi vize ba\u015fvuru merkezlerine yap\u0131lmaktad\u0131r. Vize ba\u015fvuru merkezleri ba\u015fvuru sahibinin vize ba\u015fvuru talebini Almanya Konsoloslu\u011fu\u2019na iletir. <strong>Almanya Konsoloslu\u011fu <\/strong>ise vize ba\u015fvurular\u0131n\u0131 incelemeye al\u0131r. Vize ba\u015fvurular\u0131na karar verme yetkisi Almanya Ankara B\u00fcy\u00fckel\u00e7ili\u011fi, <strong>Almanya \u0130zmir Ba\u015fkonsoloslu\u011fu <\/strong>ve Almanya \u0130stanbul Ba\u015fkonsoloslu\u011funa aittir.<\/span><\/p>\r\n<p><span style=\"font-family: Roboto; font-size: 14px;\">\r\n\r\n<\/span><\/p>\r\n<p style=\"font-size: 14px;\"><span style=\"font-family: Roboto; font-size: 14px;\">Evraklar\u0131n kontrol amac\u0131 seyahat amac\u0131na ba\u011fl\u0131 olarak 3 aya kadar s\u00fcrmektedir. Bu s\u00fcre baz\u0131 istisnai durumlarda uzayabilmektedir. Kontrollerin sonu\u00e7lanmas\u0131 ile ba\u015fvuru sahibi ile irtibata ge\u00e7ilmektedir. Almanya\u2019n\u0131n resmi T\u00fcrkiye D\u0131\u015f Temsilcilikleri internet sitesinde vize ba\u015fvurusu incelenirken vize ba\u015fvurusunun durumu hakk\u0131nda bilgi verilmeyece\u011fi yazmaktad\u0131r. Yani vize ba\u015fvurusu sonu\u00e7lanana kadar hi\u00e7bir bilgi alamazs\u0131n\u0131z.<\/span><\/p>\r\n<p><span style=\"font-family: Roboto; font-size: 14px;\">\r\n\r\n<\/span><\/p>\r\n<p style=\"font-size: 14px;\"><span style=\"font-family: Roboto; font-size: 14px;\">Ba\u015fvurunuz karara ba\u011fland\u0131ktan sonra pasaportunuz kargo ile g\u00f6nderilmektedir. E\u011fer pasaportunuzu kendiniz teslim almak istiyorsan\u0131z ba\u015fvurunuzun de\u011ferlendirildi\u011fi konsolosluktan alabilirsiniz. Pasaportunuzu belirlemi\u015f oldu\u011funuz vekiliniz de alabilmektedir.<\/span><\/p>\r\n<p><span style=\"font-family: Roboto; font-size: 14px;\">\r\n\r\n<\/span><\/p>\r\n<p style=\"font-size: 14px;\"><span style=\"font-family: Roboto; font-size: 14px;\">Vize ba\u015fvurunuzdaki t\u00fcm bilgiler kontrol edildikten sonra olumlu sonu\u00e7 ald\u0131ysan\u0131z <strong>Almanya\u2019ya seyahat<\/strong> edebilirsiniz. \u00a0<\/span><\/p>\r\n<p><span style=\"font-family: Roboto; font-size: 14px;\">\r\n\r\n<\/span><\/p>\r\n<p><span style=\"font-family: Roboto;\"><\/span><\/p>","protected":false},"excerpt":{"rendered":"<p>Almanya Ulusal vizesi belirli bir seyahat amac\u0131 ile Almanya\u2019da 90 g\u00fcnden uzun kal\u0131nacak ise al\u0131nmas\u0131 gereken vize t\u00fcr\u00fcd\u00fcr. Seyahatin amac\u0131na ba\u011fl\u0131 olarak bir y\u0131la kadar ge\u00e7erlilik s\u00fcresi ile verilmektedir. Ulusal vize alan birinin Almanya\u2019ya giri\u015f yapt\u0131ktan sonra oturum izni almas\u0131 gerekmektedir. Almanya ulusal vize ba\u015fvurusu i\u00e7in Almanya ulusal vize ba\u015fvuru formu doldurmal\u0131s\u0131n\u0131z. Almanya Konsoloslu\u011fu bu<\/p>\n","protected":false},"author":1,"featured_media":0,"parent":144,"menu_order":0,"comment_status":"open","ping_status":"closed","template":"","meta":{"footnotes":""},"class_list":["post-389","page","type-page","status-publish","hentry"],"yoast_head":"<!-- This site is optimized with the Yoast SEO plugin v24.0 - https:\/\/yoast.com\/wordpress\/plugins\/seo\/ -->\n<title>Almanya Ulusal Vizesi Ba\u015fvuru Formu - MyVize<\/title>\n<meta name=\"description\" content=\"Almanya Vize Ba\u015fvuru Formu 2022. Almanya Vize Ba\u015fvuru Formu Nas\u0131l Doldurulur? Bilgi \u0130\u00e7in Vize Uzmanlar\u0131m\u0131z\u0131 Aray\u0131n: 0850 346 84 93\" \/>\n<meta name=\"robots\" content=\"index, follow, max-snippet:-1, max-image-preview:large, max-video-preview:-1\" \/>\n<link rel=\"canonical\" href=\"https:\/\/www.myvize.com.tr\/almanya\/form-ve-dilekce\/almanya-ulusal-vize-basvuru-formu\/\" \/>\n<meta property=\"og:locale\" content=\"tr_TR\" \/>\n<meta property=\"og:type\" content=\"article\" \/>\n<meta property=\"og:title\" content=\"Almanya Ulusal Vizesi Ba\u015fvuru Formu - MyVize\" \/>\n<meta property=\"og:description\" content=\"Almanya Vize Ba\u015fvuru Formu 2022. Almanya Vize Ba\u015fvuru Formu Nas\u0131l Doldurulur? Bilgi \u0130\u00e7in Vize Uzmanlar\u0131m\u0131z\u0131 Aray\u0131n: 0850 346 84 93\" \/>\n<meta property=\"og:url\" content=\"https:\/\/www.myvize.com.tr\/almanya\/form-ve-dilekce\/almanya-ulusal-vize-basvuru-formu\/\" \/>\n<meta property=\"og:site_name\" content=\"Almanya Vize\" \/>\n<meta property=\"article:modified_time\" content=\"2022-03-22T11:52:05+00:00\" \/>\n<meta property=\"og:image\" content=\"https:\/\/www.myvize.com.tr\/almanya\/wp-content\/uploads\/2021\/09\/76.jpg\" \/>\n<meta name=\"twitter:card\" content=\"summary_large_image\" \/>\n<meta name=\"twitter:label1\" content=\"Tahmini okuma s\u00fcresi\" \/>\n\t<meta name=\"twitter:data1\" content=\"4 dakika\" \/>\n<script type=\"application\/ld+json\" class=\"yoast-schema-graph\">{\"@context\":\"https:\/\/schema.org\",\"@graph\":[{\"@type\":\"WebPage\",\"@id\":\"https:\/\/www.myvize.com.tr\/almanya\/form-ve-dilekce\/almanya-ulusal-vize-basvuru-formu\/\",\"url\":\"https:\/\/www.myvize.com.tr\/almanya\/form-ve-dilekce\/almanya-ulusal-vize-basvuru-formu\/\",\"name\":\"Almanya Ulusal Vizesi Ba\u015fvuru Formu - MyVize\",\"isPartOf\":{\"@id\":\"https:\/\/www.myvize.com.tr\/almanya\/#website\"},\"primaryImageOfPage\":{\"@id\":\"https:\/\/www.myvize.com.tr\/almanya\/form-ve-dilekce\/almanya-ulusal-vize-basvuru-formu\/#primaryimage\"},\"image\":{\"@id\":\"https:\/\/www.myvize.com.tr\/almanya\/form-ve-dilekce\/almanya-ulusal-vize-basvuru-formu\/#primaryimage\"},\"thumbnailUrl\":\"https:\/\/www.myvize.com.tr\/almanya\/wp-content\/uploads\/2021\/09\/76.jpg\",\"datePublished\":\"2021-01-29T15:21:20+00:00\",\"dateModified\":\"2022-03-22T11:52:05+00:00\",\"description\":\"Almanya Vize Ba\u015fvuru Formu 2022. Almanya Vize Ba\u015fvuru Formu Nas\u0131l Doldurulur? Bilgi \u0130\u00e7in Vize Uzmanlar\u0131m\u0131z\u0131 Aray\u0131n: 0850 346 84 93\",\"breadcrumb\":{\"@id\":\"https:\/\/www.myvize.com.tr\/almanya\/form-ve-dilekce\/almanya-ulusal-vize-basvuru-formu\/#breadcrumb\"},\"inLanguage\":\"tr\",\"potentialAction\":[{\"@type\":\"ReadAction\",\"target\":[\"https:\/\/www.myvize.com.tr\/almanya\/form-ve-dilekce\/almanya-ulusal-vize-basvuru-formu\/\"]}]},{\"@type\":\"ImageObject\",\"inLanguage\":\"tr\",\"@id\":\"https:\/\/www.myvize.com.tr\/almanya\/form-ve-dilekce\/almanya-ulusal-vize-basvuru-formu\/#primaryimage\",\"url\":\"https:\/\/www.myvize.com.tr\/almanya\/wp-content\/uploads\/2021\/09\/76.jpg\",\"contentUrl\":\"https:\/\/www.myvize.com.tr\/almanya\/wp-content\/uploads\/2021\/09\/76.jpg\",\"width\":800,\"height\":500,\"caption\":\"Almanya\"},{\"@type\":\"BreadcrumbList\",\"@id\":\"https:\/\/www.myvize.com.tr\/almanya\/form-ve-dilekce\/almanya-ulusal-vize-basvuru-formu\/#breadcrumb\",\"itemListElement\":[{\"@type\":\"ListItem\",\"position\":1,\"name\":\"Anasayfa\",\"item\":\"https:\/\/www.myvize.com.tr\/almanya\/\"},{\"@type\":\"ListItem\",\"position\":2,\"name\":\"FORM VE D\u0130LEK\u00c7E\",\"item\":\"https:\/\/www.myvize.com.tr\/almanya\/form-ve-dilekce\/\"},{\"@type\":\"ListItem\",\"position\":3,\"name\":\"Almanya Ulusal Vize Ba\u015fvuru Formu\"}]},{\"@type\":\"WebSite\",\"@id\":\"https:\/\/www.myvize.com.tr\/almanya\/#website\",\"url\":\"https:\/\/www.myvize.com.tr\/almanya\/\",\"name\":\"Almanya Vize\",\"description\":\"\",\"potentialAction\":[{\"@type\":\"SearchAction\",\"target\":{\"@type\":\"EntryPoint\",\"urlTemplate\":\"https:\/\/www.myvize.com.tr\/almanya\/?s={search_term_string}\"},\"query-input\":{\"@type\":\"PropertyValueSpecification\",\"valueRequired\":true,\"valueName\":\"search_term_string\"}}],\"inLanguage\":\"tr\"}]}<\/script>\n<!-- \/ Yoast SEO plugin. -->","yoast_head_json":{"title":"Almanya Ulusal Vizesi Ba\u015fvuru Formu - MyVize","description":"Almanya Vize Ba\u015fvuru Formu 2022. Almanya Vize Ba\u015fvuru Formu Nas\u0131l Doldurulur? Bilgi \u0130\u00e7in Vize Uzmanlar\u0131m\u0131z\u0131 Aray\u0131n: 0850 346 84 93","robots":{"index":"index","follow":"follow","max-snippet":"max-snippet:-1","max-image-preview":"max-image-preview:large","max-video-preview":"max-video-preview:-1"},"canonical":"https:\/\/www.myvize.com.tr\/almanya\/form-ve-dilekce\/almanya-ulusal-vize-basvuru-formu\/","og_locale":"tr_TR","og_type":"article","og_title":"Almanya Ulusal Vizesi Ba\u015fvuru Formu - MyVize","og_description":"Almanya Vize Ba\u015fvuru Formu 2022. Almanya Vize Ba\u015fvuru Formu Nas\u0131l Doldurulur? Bilgi \u0130\u00e7in Vize Uzmanlar\u0131m\u0131z\u0131 Aray\u0131n: 0850 346 84 93","og_url":"https:\/\/www.myvize.com.tr\/almanya\/form-ve-dilekce\/almanya-ulusal-vize-basvuru-formu\/","og_site_name":"Almanya Vize","article_modified_time":"2022-03-22T11:52:05+00:00","og_image":[{"url":"https:\/\/www.myvize.com.tr\/almanya\/wp-content\/uploads\/2021\/09\/76.jpg","type":"","width":"","height":""}],"twitter_card":"summary_large_image","twitter_misc":{"Tahmini okuma s\u00fcresi":"4 dakika"},"schema":{"@context":"https:\/\/schema.org","@graph":[{"@type":"WebPage","@id":"https:\/\/www.myvize.com.tr\/almanya\/form-ve-dilekce\/almanya-ulusal-vize-basvuru-formu\/","url":"https:\/\/www.myvize.com.tr\/almanya\/form-ve-dilekce\/almanya-ulusal-vize-basvuru-formu\/","name":"Almanya Ulusal Vizesi Ba\u015fvuru Formu - MyVize","isPartOf":{"@id":"https:\/\/www.myvize.com.tr\/almanya\/#website"},"primaryImageOfPage":{"@id":"https:\/\/www.myvize.com.tr\/almanya\/form-ve-dilekce\/almanya-ulusal-vize-basvuru-formu\/#primaryimage"},"image":{"@id":"https:\/\/www.myvize.com.tr\/almanya\/form-ve-dilekce\/almanya-ulusal-vize-basvuru-formu\/#primaryimage"},"thumbnailUrl":"https:\/\/www.myvize.com.tr\/almanya\/wp-content\/uploads\/2021\/09\/76.jpg","datePublished":"2021-01-29T15:21:20+00:00","dateModified":"2022-03-22T11:52:05+00:00","description":"Almanya Vize Ba\u015fvuru Formu 2022. Almanya Vize Ba\u015fvuru Formu Nas\u0131l Doldurulur? Bilgi \u0130\u00e7in Vize Uzmanlar\u0131m\u0131z\u0131 Aray\u0131n: 0850 346 84 93","breadcrumb":{"@id":"https:\/\/www.myvize.com.tr\/almanya\/form-ve-dilekce\/almanya-ulusal-vize-basvuru-formu\/#breadcrumb"},"inLanguage":"tr","potentialAction":[{"@type":"ReadAction","target":["https:\/\/www.myvize.com.tr\/almanya\/form-ve-dilekce\/almanya-ulusal-vize-basvuru-formu\/"]}]},{"@type":"ImageObject","inLanguage":"tr","@id":"https:\/\/www.myvize.com.tr\/almanya\/form-ve-dilekce\/almanya-ulusal-vize-basvuru-formu\/#primaryimage","url":"https:\/\/www.myvize.com.tr\/almanya\/wp-content\/uploads\/2021\/09\/76.jpg","contentUrl":"https:\/\/www.myvize.com.tr\/almanya\/wp-content\/uploads\/2021\/09\/76.jpg","width":800,"height":500,"caption":"Almanya"},{"@type":"BreadcrumbList","@id":"https:\/\/www.myvize.com.tr\/almanya\/form-ve-dilekce\/almanya-ulusal-vize-basvuru-formu\/#breadcrumb","itemListElement":[{"@type":"ListItem","position":1,"name":"Anasayfa","item":"https:\/\/www.myvize.com.tr\/almanya\/"},{"@type":"ListItem","position":2,"name":"FORM VE D\u0130LEK\u00c7E","item":"https:\/\/www.myvize.com.tr\/almanya\/form-ve-dilekce\/"},{"@type":"ListItem","position":3,"name":"Almanya Ulusal Vize Ba\u015fvuru Formu"}]},{"@type":"WebSite","@id":"https:\/\/www.myvize.com.tr\/almanya\/#website","url":"https:\/\/www.myvize.com.tr\/almanya\/","name":"Almanya Vize","description":"","potentialAction":[{"@type":"SearchAction","target":{"@type":"EntryPoint","urlTemplate":"https:\/\/www.myvize.com.tr\/almanya\/?s={search_term_string}"},"query-input":{"@type":"PropertyValueSpecification","valueRequired":true,"valueName":"search_term_string"}}],"inLanguage":"tr"}]}},"_links":{"self":[{"href":"https:\/\/www.myvize.com.tr\/almanya\/wp-json\/wp\/v2\/pages\/389","targetHints":{"allow":["GET"]}}],"collection":[{"href":"https:\/\/www.myvize.com.tr\/almanya\/wp-json\/wp\/v2\/pages"}],"about":[{"href":"https:\/\/www.myvize.com.tr\/almanya\/wp-json\/wp\/v2\/types\/page"}],"author":[{"embeddable":true,"href":"https:\/\/www.myvize.com.tr\/almanya\/wp-json\/wp\/v2\/users\/1"}],"replies":[{"embeddable":true,"href":"https:\/\/www.myvize.com.tr\/almanya\/wp-json\/wp\/v2\/comments?post=389"}],"version-history":[{"count":10,"href":"https:\/\/www.myvize.com.tr\/almanya\/wp-json\/wp\/v2\/pages\/389\/revisions"}],"predecessor-version":[{"id":1578,"href":"https:\/\/www.myvize.com.tr\/almanya\/wp-json\/wp\/v2\/pages\/389\/revisions\/1578"}],"up":[{"embeddable":true,"href":"https:\/\/www.myvize.com.tr\/almanya\/wp-json\/wp\/v2\/pages\/144"}],"wp:attachment":[{"href":"https:\/\/www.myvize.com.tr\/almanya\/wp-json\/wp\/v2\/media?parent=389"}],"curies":[{"name":"wp","href":"https:\/\/api.w.org\/{rel}","templated":true}]}}