{"id":393,"date":"2021-01-29T18:22:16","date_gmt":"2021-01-29T15:22:16","guid":{"rendered":"https:\/\/www.myvize.com.tr\/almanya\/?page_id=393"},"modified":"2022-03-22T14:32:14","modified_gmt":"2022-03-22T11:32:14","slug":"vize-basvuru-formu-istanbul","status":"publish","type":"page","link":"https:\/\/www.myvize.com.tr\/almanya\/form-ve-dilekce\/vize-basvuru-formu-istanbul\/","title":{"rendered":"Almanya Vize Ba\u015fvuru Formu &#8211; \u0130stanbul"},"content":{"rendered":"\r\n<h2><strong><span style=\"font-size: 27px; font-family: Roboto;\">Almanya Vize Ba\u015fvuru Formu Hakk\u0131nda &#8211; \u0130stanbul<\/span><\/strong><\/h2>\r\n<p><span style=\"font-family: Roboto; font-size: 14px;\"><strong>Almanya da vize<\/strong> ba\u015fvurular\u0131 titizlik i\u00e7erisinde y\u00fcr\u00fct\u00fclmektedir.\u00a0<strong>Almanya<\/strong><strong>\u00a0Vize Ba\u015fvuru Formu<\/strong>\u00a0sayesinde kendinizi \u00fclkeye en yal\u0131n \u015fekilde tan\u0131tman\u0131z m\u00fcmk\u00fcnd\u00fcr. \u00a0Kendinizi net bir \u015fekilde ifade etti\u011finizde vize al\u0131m s\u00fcreci \u00e7ok daha kolayla\u015f\u0131r.\u00a0<strong>Almanya Vize Ba\u015fvuru Formu\u00a0<\/strong>online olarak kolayl\u0131kla doldurabilece\u011finiz bir belgedir.\u00a0 \u00dccretsiz olarak doldurabilece\u011finiz ba\u015fvuru forumlar\u0131 Uluslar veya Schengen olarak iki se\u00e7enekte belirtilmi\u015ftir. Kendi durumunuzu g\u00f6z \u00f6n\u00fcne alarak bu iki forumdan birini se\u00e7erek\u00a0<strong>Almanya Vize Ba\u015fvuru Formu\u00a0<\/strong>doldurman\u0131z m\u00fcmk\u00fcnd\u00fcr. Bilgilerinizi girerken do\u011frulu\u011fundan emin bir \u015fekilde beyan etmeniz \u00f6nemlidir. \u00c7\u00fcnk\u00fc vermi\u015f oldu\u011funuz bilgiler, gerekli evraklar\u0131n\u0131zla e\u015fle\u015ftirilip do\u011frulu\u011fu saplanacakt\u0131r. E\u011fer bu belgeler aras\u0131nda uyumsuzluk belirlenirse vize ba\u015fvurunuz ne yaz\u0131k ki istenilen sonucu vermeyecektir.<\/span><\/p>\r\n<p><span style=\"font-family: Roboto; font-size: 14px;\"><\/span><\/p>\r\n<p><span style=\"font-family: Roboto; font-size: 14px;\"><img decoding=\"async\" src=\"https:\/\/www.myvize.com.tr\/almanya\/wp-content\/uploads\/2021\/09\/71.jpg\" \/><\/span><\/p>\r\n<p><span style=\"font-family: Roboto; font-size: 14px;\"><\/span><\/p>\r\n<p><span style=\"font-family: Roboto; font-size: 14px;\"><strong>Almanya Vize Ba\u015fvuru Formu\u00a0<\/strong>online olarak sa\u011flansa da elle ba\u015fvuru da yap\u0131lmaktad\u0131r. \u0130ste\u011finize ba\u011fl\u0131 olarak her iki \u015fekilde de vize ba\u015fvurusu kabul edilmektedir. Ancak mutlak suratla \u00e7\u0131kt\u0131s\u0131 al\u0131nmal\u0131d\u0131r faydal\u0131d\u0131r.\u00a0 Formun be\u015f, alt\u0131 ve yedinci sayfalar\u0131 ba\u015fvuru yapan ki\u015fi taraf\u0131ndan resmi olarak imzalanmal\u0131d\u0131r. B\u00f6ylece\u00a0<strong>Almanya\u00a0Vize Ba\u015fvuru Formu<\/strong>\u00a0bilgilerido\u011frulanarak s\u00fcre\u00e7 ba\u015flat\u0131l\u0131r. Forumda ki\u015fisel bilgilerden ba\u015flayarak, pasaport verilerine ve seyahat nedenlerine dair pek \u00e7ok bilgi ayd\u0131nlat\u0131c\u0131 bilgi verilmektedir.\u00a0<strong>Almanya\u00a0Vize Ba\u015fvuru Formu\u00a0<\/strong>sizin en \u00f6nemli veri belgenizdir. Bu y\u00fczden itinal\u0131 bir \u015fekilde doldurulmas\u0131 gerekir. E\u011fer\u00a0<strong>Almanya\u00a0Vize Ba\u015fvuru Formu\u00a0<\/strong>doldurmaktan \u00e7ekiniyorsan\u0131z vize dan\u0131\u015fmanlar\u0131ndan yard\u0131m alman\u0131z \u00e7ok sa\u011fl\u0131kl\u0131 olacakt\u0131r. B\u00f6ylece g\u00fcvenli ad\u0131mlarla vizenin \u00e7\u0131k\u0131\u015f s\u00fcrecini sa\u011flam\u0131\u015f olursunuz.<\/span><\/p>\r\n<h2><strong><span style=\"font-family: Roboto; font-size: 27px;\">Almanya Vize Ba\u015fvuru Formu \u2013 \u0130stanbul nereden al\u0131n\u0131r?<\/span><\/strong><\/h2>\r\n<p><span style=\"font-family: Roboto; font-size: 14px;\">Almanya\u2019ya 3 aya kadar kal\u0131\u015f i\u00e7in seyahat etmek isteyen bordo pasaport sahibleri T\u00fcrk Vatanda\u015f\u0131 vizeye tabidir. Hususi, hizmet ve diplomatik pasaport sahipleri T\u00fcrk Vatanda\u015f\u0131 ise 180 g\u00fcn i\u00e7inde 90 g\u00fcne kadar vizesiz Almanya seyahat edebilir. Ba\u015fvuru sahibinin turistik, ticari, aile ve arkada\u015f ziyaret amac\u0131 ile yapacak\u0131 seyahati i\u00e7in dosyas\u0131nda <strong>Almanya \u00a0vize ba\u015fvuru formu<\/strong> sunmas\u0131 gerekir. <strong>Almanya \u00a0Vize<\/strong> i\u00e7in gerekli olan ba\u015fvuru form elektronik ortam da <strong>Almanya \u00a0D\u0131\u015fi\u015fi Bakanl\u0131\u011f\u0131<\/strong> sayfas\u0131ndan online olarak d\u00fczenleir. \u00a0Ba\u015fvuru formu da sorulan t\u00fcm sorun eksiksiz ve do\u011fru olarak yan\u0131tlanmas\u0131 gerekrken, yanl\u0131\u015f ya da eksik verilen bir bilgi sebebi ile ba\u015fvuru sahiplerinin vize ba\u015fvuru dosyalar\u0131 riske girer. Bu durum ki\u015filerin vize sonucu olumsuz y\u00f6nde \u00e7\u0131kmas\u0131 neden olabilir. Almanya \u00a0Vize Ba\u015fvuru formu d\u00fczeltilebilir olmay\u0131\u015f ve elle yaz\u0131lm\u0131yor olu\u015fu nedenleri ile el\u00e7ilik\/konsolosluka sunulmu\u015f hali dikkate al\u0131nr, tamamlanm\u0131\u015f ve barkod numaralar\u0131 al\u0131nm\u0131\u015f <strong>Almanya \u00a0vize ba\u015fvuru forma<\/strong> m\u00fcdahale edilemez. Bu detay dikkate al\u0131nd\u0131\u011f\u0131nda vize ba\u015fvuru formu k\u00fc\u00e7\u00fcmsenmeyecek bir \u00f6neme sahip oldu\u011fu bilmenizi isteriz. Vize Ba\u015fvuru dosya birbirini tamamlay\u0131c\u0131 niteli\u011fe sahipdir.\u00a0<\/span><\/p>\r\n<h2><strong><span style=\"font-family: Roboto; font-size: 27px;\">Almanya Vize Ba\u015fvuru Formu \u2013 \u0130stanbul nas\u0131l doldurulur?<\/span><\/strong><\/h2>\r\n<p><span style=\"font-family: Roboto; font-size: 14px;\">Vize ba\u015fvuru form <span style=\"color: #2acec2;\"><strong><a style=\"color: #2acec2;\" href=\"https:\/\/www.myvize.com.tr\/almanya\/konsolosluklar\/\" target=\"_blank\" rel=\"noopener\">Almanya Konsoloslu\u011fu<\/a><\/strong><\/span>, ba\u015fvuru sahibleri hakk\u0131nda kapsaml\u0131 bilgi edinebilme i\u00e7in doldurulmas\u0131 zorunlu olan bir belge. Almanya vize ba\u015fvuru form muhakkak vize ba\u015fvuru evrak\u0131 aras\u0131nda bulunmas\u0131 gerekir, ba\u015fvuru kabul\u00fc ve de\u011ferlendirmesi i\u00e7in \u00f6nemlidir.<\/span><br \/><span style=\"font-family: Roboto; font-size: 14px;\"><strong>Almanya \u00a0vize ba\u015fvuru form<\/strong> sol \u00fcst k\u00f6\u015fede bulunan b\u00f6l\u00fcmlere Almanya \u00a0konsoloslu\u011fu istedi\u011fi \u00f6zelli\u011fi bulunduran vesikal\u0131k foto\u011fraf yap\u0131\u015ft\u0131rmal\u0131. vize ba\u015fvuru form eksiksiz, \u0130ngilizce, okunakl\u0131, b\u00fcy\u00fck harf ve vize ba\u015fvuru evrak\u0131nda bulunan bilginizi destekleyecek \u015fekilde doldurulmal\u0131. <strong>Almanya vize ba\u015fvuru form<\/strong>, ba\u015fvuru evrak\u0131n\u0131z aras\u0131nda bulunmas\u0131 zorunlu. Eksiksiz, do\u011fru ve uyum \u0130ngilizce dolduracak olan form t\u00fckenmez kalemle okunakl\u0131 b\u00fcy\u00fck harfle doldurulup imzalanmal\u0131. Vize ba\u015fvuru form, ba\u015fvuru kabul ve de\u011ferlendirmesi i\u00e7indir. Almanya \u00a0vize ba\u015fvuru form, doldurulup imzalanarak vize s\u00fcreleriniz tamamland\u0131\u011f\u0131 da Almanya s\u0131n\u0131r\u0131ndan \u00e7\u0131k\u0131\u015f yapma zorunlulu\u011fu oldu\u011funu, vize alm\u0131\u015f olman\u0131z Almanya\u2019ya giri\u015fi garanti etmeyece\u011fi, \u00fclke s\u0131n\u0131rlar\u0131 i\u00e7inde g\u00fcmr\u00fck g\u00f6revlisince geri \u00e7evrme ihtimali bulundu\u011funu ba\u015ftan kabul etti\u011fini i\u00e7ermektedir.<\/span><\/p>\r\n<h2><strong><span style=\"font-family: Roboto; font-size: 27px;\">Vize T\u00fcrlerine G\u00f6re Almanya Vize Ba\u015fvuru Formu \u2013 \u0130stanbul<\/span><\/strong><\/h2>\r\n<p><span style=\"font-family: Roboto; font-size: 14px;\"><strong><span style=\"color: #2acec2;\"><a style=\"color: #2acec2;\" href=\"https:\/\/www.myvize.com.tr\/almanya\/vize-islemleri\/almanya-vize-basvurusu\/\" target=\"_blank\" rel=\"noopener\">Almanya vize ba\u015fvurusu<\/a><\/span><\/strong> da bulunurken Konsoloslu\u011fun Almanya \u00a0vize ba\u015fvuru sahibleri ile ilgili detayl\u0131 bilgi alabilme i\u00e7in formda yazd\u0131\u011f\u0131 bilginin do\u011fru ve eksiksiz yaz\u0131lm\u0131\u015f olma gerekmektedir. Ayr\u0131ca <strong>Almanya \u00a0vize ba\u015fvuru<\/strong> formlar\u0131 doldururken okunakl\u0131, t\u00fckenmez kalemle yaz\u0131l\u0131 imzalanmal\u0131d\u0131r. Yazd\u0131\u011f\u0131n\u0131z bilgiler de formu T\u00fcrk\u00e7e diline dolduruyorsan\u0131z T\u00fcrk\u00e7e karakter kullanman\u0131z da bir sak\u0131nca olmayacakd\u0131r.<\/span><br \/><span style=\"font-family: Roboto; font-size: 14px;\"><strong>Almanya vize ba\u015fvuru formu<\/strong> doldururken ekte sundu\u011fu dosyalar\u0131n\u0131z\u0131 dikkate alarak do\u011fru bilgi vermelisiniz. Almanya vize ba\u015fvuru formu da yazd\u0131\u011f\u0131n\u0131z bilgi ekte sundu\u011funuz dosyala desteklemeniz gerekmektedir. Vize talep form, Almanya Konsoloslu\u011fu taraf\u0131nda haz\u0131rlanm\u0131\u015f 4 sayfa bir formdur. Form kapsam\u0131 bir \u015fekilde ba\u015fvuru sahibleri hakk\u0131nda bilgi edinilmesi olanak verir. Almanya vizesi ba\u015fvuru form \u0130ngilizce doldurulmas\u0131 gerekirken eksiksiz ile vize ba\u015fvuru evrak\u0131nda beyan edilen bilginizi destekler \u015fekilde olmal\u0131. Vize ba\u015fvuru form ve vize ba\u015fvuru evrak\u0131nda beyan edilen bilginizin eksik ve uyumsuz olmas\u0131 ise Almanya \u00a0mevzuat\u0131na su\u00e7 \u00f6zelli\u011fi ta\u015f\u0131r. Ger\u00e7e\u011fe uygun olmaya bilgi ve belge vize ba\u015fvuru evrak\u0131n\u0131z aras\u0131nda bulunmamal\u0131. \u00a0Ayr\u0131ca vize ba\u015fvuru i\u015fleminiz yanarken, ret alm\u0131\u015f olursunuz.<\/span><\/p>\r\n<h3><span style=\"font-size: 24px;\"><strong><span style=\"font-family: Roboto;\">Almanya Ticari Vize Ba\u015fvuru Formu \u2013 \u0130stanbul\u00a0<\/span><\/strong><\/span><\/h3>\r\n<p><span style=\"font-family: Roboto; font-size: 14px;\"><strong>Almanya Konsoloslu\u011fa<\/strong> hitaben, Almanya&#8217;ya seyahat nedenini ve vize taleblerini bildiren bir Vize Talep Dilek\u00e7esi: vize ba\u015fvuru sahiblerinin g\u00f6revi, seyahat amaclar\u0131, seyahat tarihi, konaklama bilgileri ve masraf\u0131n kimin taraf\u0131ndan kar\u015f\u0131laca\u011f\u0131 belirtilmeli. T\u00fcrkiye&#8217;deki \u015firket\/kurum taraf\u0131nda, antetli ka\u011f\u0131da, Almanya dilinden birisinde ya da \u0130ngilizce olarak yaz\u0131lmal\u0131. \u0130mzal\u0131 ve ka\u015feli. <strong>Almanya Ticari Vizesi m\u00fcracaat\u0131<\/strong> yapan ki\u015fi \u0130\u015fverense; \u015firketinin antetli ka\u011f\u0131da seyahat plan\u0131, amac\u0131 ve \u015firketteki ortakl\u0131k pozisyonu anlatan bir vize talep dilek\u00e7eleri olmal\u0131d\u0131r. Dilek\u00e7e, Almanya \u00a0resmi dilinden birisinde ya da \u0130ngilizce olarak yaz\u0131lmal\u0131. Almanya Ticari Vizesi ba\u015fvurusu yapan ba\u015fvuru sahiblerine hitaben Almanya \u00a0\u015eirket\/Kurum taraf\u0131ndan g\u00f6nderilen Davetiyede; Almanyaya gidi\u015f ama\u00e7lar\u0131, seyahat tarihi, konaklama bilgileri, masraf\u0131n nas\u0131l kar\u015f\u0131lanaca\u011f\u0131 gibi bilgiye yer verilmeli. Davet eden \u015firket\/kurumu ileti\u015fim bilgisi belirtilmeli; antetli ka\u011f\u0131da, imza ve ka\u015feli haz\u0131rlanmal\u0131. Davetiyenin asl\u0131 ya da fax\/mail \u00e7\u0131kt\u0131lar\u0131 kabul edilir. Almanya&#8217;ya i\u015f ziyaret sebebleri bir ticari organizasyon ya da fuara\/konferansa kat\u0131l\u0131m ama\u00e7\u0131 ise; giri\u015f bileti, giri\u015f kart\u0131 veya ticari organizasyonu bilgisini i\u00e7eren kat\u0131l\u0131m dok\u00fcman\u0131 ibraz edilmelidir.<\/span><\/p>\r\n<h3><strong><span style=\"font-family: Roboto; font-size: 24px;\">Almanya Turistik Vize Ba\u015fvuru Formu \u2013 \u0130stanbul<\/span><\/strong><\/h3>\r\n<p><span style=\"font-family: Roboto; font-size: 14px;\"><strong>Almanya \u00a0turistik vizesi<\/strong> ba\u015fvuru yapmadan \u00f6nce vize ba\u015fvuru formunuzu do\u011fru \u015fekilde doldurma gerekmektedir. Sonras\u0131 belirlenmi\u015f olan vize kategorisi gerektirdi\u011fi evrak do\u011frultusu da \u00a0dosya haz\u0131rlamas\u0131 ve kuruma iletmelisiniz. Bunu kargo yoluyla da yapabilir, dilerse size en yak\u0131n vize merkezleri ofise de b\u0131rakabilirsiniz. <strong>Almanya \u00a0Konsoloslu\u011fu<\/strong> evrak\u0131n\u0131z\u0131 de\u011ferlendirme hususuna tek yetkili kurum.<\/span><br \/><span style=\"font-family: Roboto; font-size: 14px;\">Turist vize Almanya \u00a0i\u00e7in yaparken yasal uygunlu\u011fu ve bunun yan\u0131nda eski ziyaretiniz referans al\u0131n\u0131r ve de buna g\u00f6re incelenir. Haz\u0131rlam\u0131\u015f oldu\u011fu dosyadaki bilgi T\u00fcrkiye ile olan ba\u011f\u0131 desteklemeli. Dosya i\u00e7eri\u011fi ve niteli\u011fi a\u00e7\u0131s\u0131nda verilen t\u00fcm bilgiden ba\u015fvuru sahipleri sorumludur. Bu y\u00fczden seyahat plan\u0131n\u0131 yapmas\u0131 ve ziyaret sebebini netle\u015ftirmelisiniz. Bu \u015fekilde verilen bir karar sonucuna ba\u015fvuru form doldurma a\u015famaya geleceksiniz.<\/span><br \/><span style=\"font-family: Roboto; font-size: 14px;\"><strong>Turist vize Almanya<\/strong> i\u00e7in haz\u0131rlayaca\u011f\u0131 evrak eksiksiz olarak bir araya getirilmeli. Formda verdi\u011finiz beyan ile evrak\u0131n\u0131zdaki \u00f6rt\u00fc\u015fmelidir. \u00c7\u00fcnk\u00fc <strong>Almanya Konsoloslu\u011fu<\/strong> ba\u015fvurunu beyan etti\u011fi vize ba\u015fvuru formundan ve evrak\u0131n\u0131zdan incelemekte. Bu y\u00fczden ba\u015fvurunuz profesyonel destek alarak yapman\u0131za fayda var.<\/span><br \/><span style=\"font-family: Roboto; font-size: 14px;\">Daha \u00f6nce yapm\u0131\u015f oldu\u011fu herhangi bir parmak izi kayd\u0131 bulunuyor ise \u015fahsen randevu da bulunmak gerekmemektedir.\u00a0<\/span><\/p>\r\n\r\n\r\n\r\n<p><span style=\"font-family: Roboto;\"><img loading=\"lazy\" decoding=\"async\" src=\"https:\/\/www.myvize.com.tr\/romanya\/wp-content\/uploads\/2021\/07\/aDOBE-LOGO-1.png\" width=\"75\" height=\"75\" \/><span style=\"color: #000000;\"><strong><a style=\"color: #000000;\" href=\"https:\/\/www.myvize.com.tr\/almanya\/wp-content\/uploads\/2021\/07\/almanya-schengen-formu-.pdf\" target=\"_blank\" rel=\"noreferrer noopener\"> Ba\u015fvuru Formunu \u0130ndirmek \u0130\u00e7in T\u0131klay\u0131n\u0131z!!<\/a><\/strong><\/span><\/span><\/p>\r\n","protected":false},"excerpt":{"rendered":"<p>Almanya Vize Ba\u015fvuru Formu Hakk\u0131nda &#8211; \u0130stanbul Almanya da vize ba\u015fvurular\u0131 titizlik i\u00e7erisinde y\u00fcr\u00fct\u00fclmektedir.\u00a0Almanya\u00a0Vize Ba\u015fvuru Formu\u00a0sayesinde kendinizi \u00fclkeye en yal\u0131n \u015fekilde tan\u0131tman\u0131z m\u00fcmk\u00fcnd\u00fcr. \u00a0Kendinizi net bir \u015fekilde ifade etti\u011finizde vize al\u0131m s\u00fcreci \u00e7ok daha kolayla\u015f\u0131r.\u00a0Almanya Vize Ba\u015fvuru Formu\u00a0online olarak kolayl\u0131kla doldurabilece\u011finiz bir belgedir.\u00a0 \u00dccretsiz olarak doldurabilece\u011finiz ba\u015fvuru forumlar\u0131 Uluslar veya Schengen olarak iki se\u00e7enekte belirtilmi\u015ftir.<\/p>\n","protected":false},"author":1,"featured_media":0,"parent":144,"menu_order":0,"comment_status":"open","ping_status":"closed","template":"","meta":{"footnotes":""},"class_list":["post-393","page","type-page","status-publish","hentry"],"yoast_head":"<!-- This site is optimized with the Yoast SEO plugin v24.0 - https:\/\/yoast.com\/wordpress\/plugins\/seo\/ -->\n<title>Almanya Vize Ba\u015fvuru Formu - \u0130stanbul - MyVize<\/title>\n<meta name=\"description\" content=\"Almanya Vize Ba\u015fvuru Formu 2021. Almanya Vize Ba\u015fvuru Formu Nas\u0131l Doldurulur? Almanya Vize Ba\u015fvuru Formu Hakk\u0131nda Bilgi \u0130\u00e7in T\u0131klay\u0131n.\" \/>\n<meta name=\"robots\" content=\"index, follow, max-snippet:-1, max-image-preview:large, max-video-preview:-1\" \/>\n<link rel=\"canonical\" href=\"https:\/\/www.myvize.com.tr\/almanya\/form-ve-dilekce\/vize-basvuru-formu-istanbul\/\" \/>\n<meta property=\"og:locale\" content=\"tr_TR\" \/>\n<meta property=\"og:type\" content=\"article\" \/>\n<meta property=\"og:title\" content=\"Almanya Vize Ba\u015fvuru Formu - \u0130stanbul - MyVize\" \/>\n<meta property=\"og:description\" content=\"Almanya Vize Ba\u015fvuru Formu 2021. Almanya Vize Ba\u015fvuru Formu Nas\u0131l Doldurulur? Almanya Vize Ba\u015fvuru Formu Hakk\u0131nda Bilgi \u0130\u00e7in T\u0131klay\u0131n.\" \/>\n<meta property=\"og:url\" content=\"https:\/\/www.myvize.com.tr\/almanya\/form-ve-dilekce\/vize-basvuru-formu-istanbul\/\" \/>\n<meta property=\"og:site_name\" content=\"Almanya Vize\" \/>\n<meta property=\"article:modified_time\" content=\"2022-03-22T11:32:14+00:00\" \/>\n<meta property=\"og:image\" content=\"https:\/\/www.myvize.com.tr\/almanya\/wp-content\/uploads\/2021\/09\/71.jpg\" \/>\n<meta name=\"twitter:card\" content=\"summary_large_image\" \/>\n<meta name=\"twitter:label1\" content=\"Tahmini okuma s\u00fcresi\" \/>\n\t<meta name=\"twitter:data1\" content=\"5 dakika\" \/>\n<script type=\"application\/ld+json\" class=\"yoast-schema-graph\">{\"@context\":\"https:\/\/schema.org\",\"@graph\":[{\"@type\":\"WebPage\",\"@id\":\"https:\/\/www.myvize.com.tr\/almanya\/form-ve-dilekce\/vize-basvuru-formu-istanbul\/\",\"url\":\"https:\/\/www.myvize.com.tr\/almanya\/form-ve-dilekce\/vize-basvuru-formu-istanbul\/\",\"name\":\"Almanya Vize Ba\u015fvuru Formu - \u0130stanbul - MyVize\",\"isPartOf\":{\"@id\":\"https:\/\/www.myvize.com.tr\/almanya\/#website\"},\"primaryImageOfPage\":{\"@id\":\"https:\/\/www.myvize.com.tr\/almanya\/form-ve-dilekce\/vize-basvuru-formu-istanbul\/#primaryimage\"},\"image\":{\"@id\":\"https:\/\/www.myvize.com.tr\/almanya\/form-ve-dilekce\/vize-basvuru-formu-istanbul\/#primaryimage\"},\"thumbnailUrl\":\"https:\/\/www.myvize.com.tr\/almanya\/wp-content\/uploads\/2021\/09\/71.jpg\",\"datePublished\":\"2021-01-29T15:22:16+00:00\",\"dateModified\":\"2022-03-22T11:32:14+00:00\",\"description\":\"Almanya Vize Ba\u015fvuru Formu 2021. Almanya Vize Ba\u015fvuru Formu Nas\u0131l Doldurulur? Almanya Vize Ba\u015fvuru Formu Hakk\u0131nda Bilgi \u0130\u00e7in T\u0131klay\u0131n.\",\"breadcrumb\":{\"@id\":\"https:\/\/www.myvize.com.tr\/almanya\/form-ve-dilekce\/vize-basvuru-formu-istanbul\/#breadcrumb\"},\"inLanguage\":\"tr\",\"potentialAction\":[{\"@type\":\"ReadAction\",\"target\":[\"https:\/\/www.myvize.com.tr\/almanya\/form-ve-dilekce\/vize-basvuru-formu-istanbul\/\"]}]},{\"@type\":\"ImageObject\",\"inLanguage\":\"tr\",\"@id\":\"https:\/\/www.myvize.com.tr\/almanya\/form-ve-dilekce\/vize-basvuru-formu-istanbul\/#primaryimage\",\"url\":\"https:\/\/www.myvize.com.tr\/almanya\/wp-content\/uploads\/2021\/09\/71.jpg\",\"contentUrl\":\"https:\/\/www.myvize.com.tr\/almanya\/wp-content\/uploads\/2021\/09\/71.jpg\",\"width\":800,\"height\":500,\"caption\":\"Almanya\"},{\"@type\":\"BreadcrumbList\",\"@id\":\"https:\/\/www.myvize.com.tr\/almanya\/form-ve-dilekce\/vize-basvuru-formu-istanbul\/#breadcrumb\",\"itemListElement\":[{\"@type\":\"ListItem\",\"position\":1,\"name\":\"Anasayfa\",\"item\":\"https:\/\/www.myvize.com.tr\/almanya\/\"},{\"@type\":\"ListItem\",\"position\":2,\"name\":\"FORM VE D\u0130LEK\u00c7E\",\"item\":\"https:\/\/www.myvize.com.tr\/almanya\/form-ve-dilekce\/\"},{\"@type\":\"ListItem\",\"position\":3,\"name\":\"Almanya Vize Ba\u015fvuru Formu &#8211; \u0130stanbul\"}]},{\"@type\":\"WebSite\",\"@id\":\"https:\/\/www.myvize.com.tr\/almanya\/#website\",\"url\":\"https:\/\/www.myvize.com.tr\/almanya\/\",\"name\":\"Almanya Vize\",\"description\":\"\",\"potentialAction\":[{\"@type\":\"SearchAction\",\"target\":{\"@type\":\"EntryPoint\",\"urlTemplate\":\"https:\/\/www.myvize.com.tr\/almanya\/?s={search_term_string}\"},\"query-input\":{\"@type\":\"PropertyValueSpecification\",\"valueRequired\":true,\"valueName\":\"search_term_string\"}}],\"inLanguage\":\"tr\"}]}<\/script>\n<!-- \/ Yoast SEO plugin. -->","yoast_head_json":{"title":"Almanya Vize Ba\u015fvuru Formu - \u0130stanbul - MyVize","description":"Almanya Vize Ba\u015fvuru Formu 2021. Almanya Vize Ba\u015fvuru Formu Nas\u0131l Doldurulur? Almanya Vize Ba\u015fvuru Formu Hakk\u0131nda Bilgi \u0130\u00e7in T\u0131klay\u0131n.","robots":{"index":"index","follow":"follow","max-snippet":"max-snippet:-1","max-image-preview":"max-image-preview:large","max-video-preview":"max-video-preview:-1"},"canonical":"https:\/\/www.myvize.com.tr\/almanya\/form-ve-dilekce\/vize-basvuru-formu-istanbul\/","og_locale":"tr_TR","og_type":"article","og_title":"Almanya Vize Ba\u015fvuru Formu - \u0130stanbul - MyVize","og_description":"Almanya Vize Ba\u015fvuru Formu 2021. Almanya Vize Ba\u015fvuru Formu Nas\u0131l Doldurulur? Almanya Vize Ba\u015fvuru Formu Hakk\u0131nda Bilgi \u0130\u00e7in T\u0131klay\u0131n.","og_url":"https:\/\/www.myvize.com.tr\/almanya\/form-ve-dilekce\/vize-basvuru-formu-istanbul\/","og_site_name":"Almanya Vize","article_modified_time":"2022-03-22T11:32:14+00:00","og_image":[{"url":"https:\/\/www.myvize.com.tr\/almanya\/wp-content\/uploads\/2021\/09\/71.jpg","type":"","width":"","height":""}],"twitter_card":"summary_large_image","twitter_misc":{"Tahmini okuma s\u00fcresi":"5 dakika"},"schema":{"@context":"https:\/\/schema.org","@graph":[{"@type":"WebPage","@id":"https:\/\/www.myvize.com.tr\/almanya\/form-ve-dilekce\/vize-basvuru-formu-istanbul\/","url":"https:\/\/www.myvize.com.tr\/almanya\/form-ve-dilekce\/vize-basvuru-formu-istanbul\/","name":"Almanya Vize Ba\u015fvuru Formu - \u0130stanbul - MyVize","isPartOf":{"@id":"https:\/\/www.myvize.com.tr\/almanya\/#website"},"primaryImageOfPage":{"@id":"https:\/\/www.myvize.com.tr\/almanya\/form-ve-dilekce\/vize-basvuru-formu-istanbul\/#primaryimage"},"image":{"@id":"https:\/\/www.myvize.com.tr\/almanya\/form-ve-dilekce\/vize-basvuru-formu-istanbul\/#primaryimage"},"thumbnailUrl":"https:\/\/www.myvize.com.tr\/almanya\/wp-content\/uploads\/2021\/09\/71.jpg","datePublished":"2021-01-29T15:22:16+00:00","dateModified":"2022-03-22T11:32:14+00:00","description":"Almanya Vize Ba\u015fvuru Formu 2021. Almanya Vize Ba\u015fvuru Formu Nas\u0131l Doldurulur? Almanya Vize Ba\u015fvuru Formu Hakk\u0131nda Bilgi \u0130\u00e7in T\u0131klay\u0131n.","breadcrumb":{"@id":"https:\/\/www.myvize.com.tr\/almanya\/form-ve-dilekce\/vize-basvuru-formu-istanbul\/#breadcrumb"},"inLanguage":"tr","potentialAction":[{"@type":"ReadAction","target":["https:\/\/www.myvize.com.tr\/almanya\/form-ve-dilekce\/vize-basvuru-formu-istanbul\/"]}]},{"@type":"ImageObject","inLanguage":"tr","@id":"https:\/\/www.myvize.com.tr\/almanya\/form-ve-dilekce\/vize-basvuru-formu-istanbul\/#primaryimage","url":"https:\/\/www.myvize.com.tr\/almanya\/wp-content\/uploads\/2021\/09\/71.jpg","contentUrl":"https:\/\/www.myvize.com.tr\/almanya\/wp-content\/uploads\/2021\/09\/71.jpg","width":800,"height":500,"caption":"Almanya"},{"@type":"BreadcrumbList","@id":"https:\/\/www.myvize.com.tr\/almanya\/form-ve-dilekce\/vize-basvuru-formu-istanbul\/#breadcrumb","itemListElement":[{"@type":"ListItem","position":1,"name":"Anasayfa","item":"https:\/\/www.myvize.com.tr\/almanya\/"},{"@type":"ListItem","position":2,"name":"FORM VE D\u0130LEK\u00c7E","item":"https:\/\/www.myvize.com.tr\/almanya\/form-ve-dilekce\/"},{"@type":"ListItem","position":3,"name":"Almanya Vize Ba\u015fvuru Formu &#8211; \u0130stanbul"}]},{"@type":"WebSite","@id":"https:\/\/www.myvize.com.tr\/almanya\/#website","url":"https:\/\/www.myvize.com.tr\/almanya\/","name":"Almanya Vize","description":"","potentialAction":[{"@type":"SearchAction","target":{"@type":"EntryPoint","urlTemplate":"https:\/\/www.myvize.com.tr\/almanya\/?s={search_term_string}"},"query-input":{"@type":"PropertyValueSpecification","valueRequired":true,"valueName":"search_term_string"}}],"inLanguage":"tr"}]}},"_links":{"self":[{"href":"https:\/\/www.myvize.com.tr\/almanya\/wp-json\/wp\/v2\/pages\/393","targetHints":{"allow":["GET"]}}],"collection":[{"href":"https:\/\/www.myvize.com.tr\/almanya\/wp-json\/wp\/v2\/pages"}],"about":[{"href":"https:\/\/www.myvize.com.tr\/almanya\/wp-json\/wp\/v2\/types\/page"}],"author":[{"embeddable":true,"href":"https:\/\/www.myvize.com.tr\/almanya\/wp-json\/wp\/v2\/users\/1"}],"replies":[{"embeddable":true,"href":"https:\/\/www.myvize.com.tr\/almanya\/wp-json\/wp\/v2\/comments?post=393"}],"version-history":[{"count":11,"href":"https:\/\/www.myvize.com.tr\/almanya\/wp-json\/wp\/v2\/pages\/393\/revisions"}],"predecessor-version":[{"id":1571,"href":"https:\/\/www.myvize.com.tr\/almanya\/wp-json\/wp\/v2\/pages\/393\/revisions\/1571"}],"up":[{"embeddable":true,"href":"https:\/\/www.myvize.com.tr\/almanya\/wp-json\/wp\/v2\/pages\/144"}],"wp:attachment":[{"href":"https:\/\/www.myvize.com.tr\/almanya\/wp-json\/wp\/v2\/media?parent=393"}],"curies":[{"name":"wp","href":"https:\/\/api.w.org\/{rel}","templated":true}]}}