{"id":403,"date":"2021-01-29T18:43:24","date_gmt":"2021-01-29T15:43:24","guid":{"rendered":"https:\/\/www.myvize.com.tr\/almanya\/?page_id=403"},"modified":"2022-03-22T16:03:22","modified_gmt":"2022-03-22T13:03:22","slug":"munster-baskonsoloslugu","status":"publish","type":"page","link":"https:\/\/www.myvize.com.tr\/almanya\/konsolosluklar\/munster-baskonsoloslugu\/","title":{"rendered":"Almanya M\u00fcnster Ba\u015fkonsoloslu\u011fu"},"content":{"rendered":"<h2><strong><span style=\"font-family: Roboto; font-size: 27px;\">Almanya M\u00fcnster Ba\u015fkonsolosu Kimdir?<\/span><\/strong><\/h2>\n<p><span style=\"font-family: Roboto; font-size: 14px;\">Ahmet Faik Davaz<\/span><br \/>\n<span style=\"font-family: Roboto; font-size: 14px;\">1972 y\u0131l\u0131 \u015eam do\u011fmu\u015ftur. Ankara Siyasal Bilgilr Fak\u00fcltesi, Uluslararas\u0131 \u0130li\u015fkiler B\u00f6l\u00fcm mezunudur (1997).<\/span><br \/>\n<span style=\"font-family: Roboto; font-size: 14px;\">D\u0131\u015f i\u015fleri Bakanl\u0131\u011f\u0131ndaki memuriyetine 1998 y\u0131l\u0131nda Avrupa \u00dclkesiyle \u0130kili Siyasi \u0130li\u015fkiler Dairesinde Aday Meslek Memur olarak ba\u015flam\u0131\u015f, daha sonra s\u0131ras\u0131 ile:<\/span><br \/>\n<span style=\"font-family: Roboto; font-size: 14px;\">Essen Ba\u015fkonsoloslu\u011funda Muavin Konsolos (2001-2003),<\/span><br \/>\n<span style=\"font-family: Roboto; font-size: 14px;\">Dakar B\u00fcy\u00fckel\u00e7ili\u011finde \u00dc\u00e7\u00fcnc\u00fc Katip (2003-2005),<\/span><br \/>\n<span style=\"font-family: Roboto; font-size: 14px;\">Konsolosluk Vize Dairesinde \u0130kinci Katip (2005 \u2013 2007),<\/span><br \/>\n<span style=\"font-family: Roboto; font-size: 14px;\">Belgrad B\u00fcy\u00fckel\u00e7ili\u011finde Ba\u015fkatip (2007- 2008),<\/span><br \/>\n<span style=\"font-family: Roboto; font-size: 14px;\">Essen Ba\u015fkonsoloslu\u011funda Konsolos ve Ba\u015fkonsolos Yard\u0131mc\u0131l\u0131k\u0131 (2008-2011),<\/span><br \/>\n<span style=\"font-family: Roboto; font-size: 14px;\">Avrupa \u00dclkeleriyle \u0130kili Ekonomi \u0130li\u015fkiler Dairesinde Daire Ba\u015fkan (2011 \u2013 2013), Essen Ba\u015fkonsoloslu\u011funda Ba\u015fkonsolos Yard\u0131mc\u0131s\u0131 (2013 \u2013 2018) \u00a0<\/span><br \/>\n<span style=\"font-family: Roboto; font-size: 14px;\">Avrupa \u00dclkeleri ve Ekonomik ve Siyasi \u0130li\u015fki Dairelerinde Daire Ba\u015fkan\u0131(2018-2019) g\u00f6revlerinde bulunmu\u015ftur.<\/span><br \/>\n<span style=\"font-family: Roboto; font-size: 14px;\">1Eyl\u00fcl 2019 tarihinde itibaren M\u00fcnster Ba\u015fkonsolosu olarak atanm\u0131\u015fd\u0131r.<\/span><br \/>\n<span style=\"font-family: Roboto; font-size: 14px;\">Evli, 3 \u00e7ocuk sahibidir. Frans\u0131zca, \u0130ngilizce ile Almanca bilmektedir.<\/span><\/p>\n<h2><strong><span style=\"font-family: Roboto; font-size: 27px;\">Almanya M\u00fcnster Ba\u015fkonsoloslu\u011fu Vize \u0130\u015flemleri<\/span><\/strong><\/h2>\n<p><span style=\"font-family: Roboto; font-size: 14px;\"><strong>Almanya M\u00fcnster \u00a0Ba\u015fkonsoloslu\u011f<\/strong>u \u00fcye \u00fclkeler aras\u0131nda yer almaktad\u0131r. Dolay\u0131s\u0131le <strong>Almanya vizesi<\/strong> sahibleri oldu\u011fu takdirlerde seyahatini Almanya&#8217;dan ba\u015flatma \u015fart\u0131yl ile di\u011fer Schengen \u00fclkesine de Almanya M\u00fcnster Ba\u015fkonsoloslu\u011fu vizey ile seyahat edebilmektedir. Almanyaya seyahat etmek isteyen ki\u015fi 90 g\u00fcne kadar olan seyahati i\u00e7in Almanya M\u00fcnster \u00a0\u00a0Ba\u015fkonsoloslu\u011fu Vize, 90 g\u00fcnden fazla olan seyahati i\u00e7in ise <strong>Almanya M\u00fcnster\u00a0 Ba\u015fkonsoloslu\u011fu<\/strong> Vize ba\u015fvurusu yapmal\u0131.<\/span><br \/>\n<span style=\"font-family: Roboto; font-size: 14px;\">Hususi ye\u015fil Pasaport, Hizmet Gri Pasaport ve Diplomatik Siyah ve K\u0131rm\u0131z\u0131 Pasaport sahipi T\u00fcrkiye Cumhuriyeti vatanda\u015f\u0131 180 g\u00fcn\u00fc i\u00e7inde 90 g\u00fcn a\u015fmayan seyahati i\u00e7in <strong>Almanya M\u00fcnster Ba\u015fkonsoloslu\u011fu<\/strong> vize ba\u015fvurusunda muaf tutulmaktad\u0131r.<\/span><br \/>\n<span style=\"font-family: Roboto; font-size: 14px;\">Uzun s\u00fcre (aile birle\u015fim, oturma izni, \u00e7al\u0131\u015fma izini vb. ) ama\u00e7la Almanyaya seyahat etme isteyen t\u00fcm T\u00fcrkiye Cumhuriyeti vatanda\u015f\u0131 <strong>Almanya \u00a0Ba\u015fkonsoloslu\u011fu<\/strong> vize ba\u015fvurusuna bulunmakla m\u00fckelleftir. Resm\u00ee tatiller g\u00fcn\u00fc d\u0131\u015f\u0131nda ve hafta i\u00e7i Almanya M\u00fcnster Ba\u015fkonsoloslu\u011fu departman ile ileti\u015fime ge\u00e7erken kimlik bilginizi ibraz etmeniz \u00f6nemlidir.<\/span><\/p>\n<h2><strong><span style=\"font-family: Roboto; font-size: 27px;\">Almanya M\u00fcnster Ba\u015fkonsoloslu\u011fu Vize Ba\u015fvurusu<\/span><\/strong><\/h2>\n<p><span style=\"font-family: Roboto; font-size: 14px;\">Almanya\u2019ya uzun s\u00fcre (aile birle\u015fim, oturum vb. ) sebeple seyahat etmek isteyen T\u00fcrkiye Cumhuriyet vatanda\u015flar\u0131 vize ba\u015fvurusunu direkt olarak, <strong>Almanya M\u00fcnster \u00a0Ba\u015fkonsoloslu\u011fu<\/strong> \u00a0veya da Almanya B\u00fcy\u00fckel\u00e7ili\u011fine yapabilmektedir. Ancak Almanya M\u00fcnster \u00a0Ba\u015fkonsoloslu\u011fu k\u0131sa s\u00fcre (Almanya Transit Vize\/ <span style=\"color: #2acec2;\"><strong><a style=\"color: #2acec2;\" href=\"https:\/\/www.myvize.com.tr\/almanya\/vize-islemleri\/almanya-schengen-vizesi\/\" target=\"_blank\" rel=\"noopener\">Almanya Schengen Vize<\/a><\/strong><\/span> Almanya\u2019ya seyahat etmeyi isteyen ki\u015fi vize ba\u015fvurusu Almanya M\u00fcnster \u00a0Ba\u015fkonsoloslu\u011fu yetkilendirmi\u015f kurum Vize Merkezi ile Turizm, Seyahat Acente arac\u0131l\u0131\u011f\u0131 ile yapmad\u0131. Almanya vize ba\u015fvuru sonras\u0131nda pasaport teslim almak son derece kolay. Vize ba\u015fvuru sonuc ise pasaportu teslim almadan \u00f6\u011frenme m\u00fcmk\u00fcn de\u011fildir. Vize i\u00e7in ba\u015fvurduku kurulu\u015f size pasaport k\u0131sa zaman i\u00e7inde teslim edecek demektir.<\/span><br \/>\n<span style=\"font-family: Roboto; font-size: 14px;\">Vize ba\u015fvurusu direkt olarak Almanya M\u00fcnster Ba\u015fkonsoloslu\u011fundan ger\u00e7ekle\u015ftiren ki\u015fi, pasaportu sadece bu temsilcilik geri alabilmektedir, bu \u00f6nemi bir detayd\u0131r. Bu durumu imk\u00e2ns\u0131z oldu\u011fu halde ise ki\u015fi bir yak\u0131n\u0131 yetkilendirerek pasaportu alma i\u00e7in onu temsilcilik g\u00f6nderme hakk\u0131na sahiptir.<\/span><br \/>\n<span style=\"font-family: Roboto; font-size: 14px;\"><strong>Almanya\u2019ya seyahat etmeyi isteyen<\/strong> ki\u015filer Umuma Mahsus Bordo Pasaport sahibi T\u00fcrkiye Cumhuriyet vatanda\u015f\u0131n\u0131n \u00fclkeye giri\u015f yapabilmesi i\u00e7in Almanya M\u00fcnster \u00a0 Ba\u015fkonsoloslu\u011fu \u00a0vize m\u00fcracaat\u0131nda bulunmas\u0131 gerekmektedir. Resm\u00ee tatiller g\u00fcn\u00fc d\u0131\u015f\u0131nda ve hafta i\u00e7i <strong>Almanya M\u00fcnster \u00a0Ba\u015fkonsoloslu\u011fu<\/strong> departman ile ileti\u015fim ge\u00e7erken kimlik bilginiz ibraz etme \u00f6nemlidir. Almanya&#8217;ya seyahat ger\u00e7ekle\u015ftrcek ki\u015finin pasaportuna daha \u00f6ncesi ait \u00e7ok giri\u015fli ve ge\u00e7er bir Schengen vizesi bulunmas\u0131 durumunda, Almanya&#8217;ya giri\u015finde gerekli olan Almanya M\u00fcnster Ba\u015fkonsoloslu\u011fu \u00a0schengen vize i\u00e7in ba\u015fvuruda bulunma zorunlulu\u011fu bulunmamakta.<\/span><\/p>\n<h2><strong><span style=\"font-family: Roboto; font-size: 27px;\">Almanya M\u00fcnster Ba\u015fkonsoloslu\u011fu Vize Randevusu<\/span><\/strong><\/h2>\n<p><span style=\"font-family: Roboto; font-size: 14px;\"><strong>Almanya M\u00fcnster \u00a0Ba\u015fkonsoloslu\u011fu<\/strong> biriminde randevu almak isteyen, konsoloslu\u011fun g\u00f6revi d\u00e2hilinde bir\u00e7ok konuda hizmet alabilmektedir. Almanya M\u00fcnster \u00a0Ba\u015fkonsoloslu\u011fu ile \u00e7evre ildeki her vatanda\u015fa yetkisi d\u00e2hilinde hizmet vermekte ve s\u00fcreci Almanya h\u00fck\u00fbmeti izniyle y\u00fcr\u00fctmektedir. Almanya M\u00fcnster Ba\u015fkonsoloslu\u011fu biriminde randevu almak i\u00e7in konsoloslukla ileti\u015fime ge\u00e7ebilir, s\u00fcre\u00e7 hakk\u0131nda bilgiler alabilirsiniz. Resm\u00ee tatiller g\u00fcn\u00fc d\u0131\u015f\u0131nda ve hafta i\u00e7i Almanya M\u00fcnster Ba\u015fkonsoloslu\u011fu departman ile ileti\u015fime ge\u00e7erken kimlik bilginizi ibraz etme \u00f6nemlidir. Randevu s\u00fcreci ilerlemesi sa\u011flanmas\u0131 buna ba\u011fl\u0131.<\/span><br \/>\n<span style=\"font-family: Roboto; font-size: 14px;\">Almanya M\u00fcnster Ba\u015fkonsolosluku biriminde randevu almas\u0131 i\u00e7in \u00e7al\u0131\u015fma saatini tercih etmelisiniz. \u00c7al\u0131\u015fma saat i\u00e7inde ve resm\u00ee tatil g\u00fcn\u00fc de hesaba katarak randevu i\u00e7in ileti\u015fimi ge\u00e7erseniz konsolosluklar ile ba\u015flatmak istedi\u011fi her i\u015flem i\u00e7in yard\u0131m alabilmeniz m\u00fcmk\u00fcn. <strong>Almanya vize \u00e7\u0131k\u0131\u015f s\u00fcresi<\/strong> Ba\u015fkonsolosluka ba\u011fl\u0131 birim taraf\u0131ndan randevudan sonra ortalama 21 g\u00fcn olarak belirtilmekte. Bununla birlikte vize \u00e7\u0131k\u0131\u015f s\u00fcresi <strong>Almanya M\u00fcnster \u00a0Ba\u015fkonsoloslu\u011fu<\/strong> de\u011ferlendirme s\u00fcresine ba\u011fl\u0131. Ayr\u0131ca Almanya M\u00fcnster \u00a0Ba\u015fkonsoloslu\u011fu kapal\u0131 oldu\u011fu g\u00fcn ve resm\u00ee tatil g\u00fcn\u00fc bu 21 g\u00fcnl\u00fck s\u00fcreye dahil de\u011fildir.<\/span><\/p>\n<h3><strong><span style=\"font-family: Roboto; font-size: 24px;\">Almanya M\u00fcnster Ba\u015fkonsoloslu\u011fu Adres Ve \u0130leti\u015fim Bilgileri<\/span><\/strong><\/h3>\n<p><span style=\"font-family: Roboto; font-size: 14px;\"><strong>T.C. M\u00fcnster Ba\u015fkonsoloslu\u011fu<\/strong> Lotharinger Strasse 25\/27, 48147 M\u00fcnster Deutschland\u00a0<\/span><br \/>\n<span style=\"font-family: Roboto; font-size: 14px;\">Ba\u015fkonsoloslu\u011fumuzda her t\u00fcrl\u00fc i\u015flem randevu ile yap\u0131lmakta ve i\u015flem ba\u015fvurular\u0131 Pazartesi \u2013 Cuma g\u00fcnleri (resmi tatil g\u00fcnleri hari\u00e7) 08:30-13:00 saatleri aras\u0131nda kabul edilmektedir.<\/span><br \/>\n<span style=\"font-family: Roboto; font-size: 14px;\">Ba\u015fkonsolosluk servisine mesai g\u00fcn\u00fc 14:00-16:00 saati aras\u0131nda telefonla do\u011frudan a\u015fa\u011f\u0131da ki numaradan ula\u015fabilirsiniz.<\/span><br \/>\n<span style=\"font-family: Roboto; font-size: 14px;\">Tebligat: 0251 414 70 11, 0251 414 7022, 0251 414 70 24, 0251 414 70 27<\/span><br \/>\n<span style=\"font-family: Roboto; font-size: 14px;\">E-Pasaport: 0251 414 70 25<\/span><br \/>\n<span style=\"font-family: Roboto; font-size: 14px;\">Kimlik ve Pasaport teslimat\u0131: 0251 414 70 13<\/span><br \/>\n<span style=\"font-family: Roboto; font-size: 14px;\">Vatanda\u015fl\u0131k: 0251 414 70 20<\/span><\/p>\n<p><span style=\"font-family: Roboto; font-size: 14px;\"><strong>Almanya M\u00fcnster \u00a0Ba\u015fkonsoloslu\u011fu<\/strong> \u00fcye \u00fclke aras\u0131nda yer almaktad\u0131r. Dolay\u0131s\u0131 ile<span style=\"color: #2acec2;\"><strong><a style=\"color: #2acec2;\" href=\"https:\/\/www.myvize.com.tr\/almanya\/vize-islemleri\/almanya-vizesi\/\" target=\"_blank\" rel=\"noopener\"> Almanya<\/a><a style=\"color: #2acec2;\" href=\"https:\/\/www.myvize.com.tr\/almanya\/vize-islemleri\/almanya-vizesi\/\" target=\"_blank\" rel=\"noopener\"> viz<\/a><a style=\"color: #2acec2;\" href=\"https:\/\/www.myvize.com.tr\/almanya\/vize-islemleri\/almanya-vizesi\/\" target=\"_blank\" rel=\"noopener\">e<span style=\"color: #2acec2;\">s<\/span><\/a>i<\/strong><\/span> sahibi oldu\u011fu takdirde seyahatini Almanya&#8217;dan ba\u015flatmak \u015fart\u0131 ile di\u011fer Schengen \u00fclkesine de Almanya M\u00fcnster Ba\u015fkonsoloslu\u011fu vizesi ile seyahat edebilmektedir. Almanya\u2019ya seyahat etmek isteyen ki\u015fi 90 g\u00fcne kadar olan seyahati i\u00e7in Almanya M\u00fcnster \u00a0 Ba\u015fkonsoloslu\u011fu Vize, 90 g\u00fcnden fazla olan seyahati i\u00e7in ise Almanya M\u00fcnster \u00a0 Ba\u015fkonsoloslu\u011fu Vize ba\u015fvurusu yapmal\u0131.<\/span><\/p>\n","protected":false},"excerpt":{"rendered":"<p>Almanya M\u00fcnster Ba\u015fkonsolosu Kimdir? Ahmet Faik Davaz 1972 y\u0131l\u0131 \u015eam do\u011fmu\u015ftur. Ankara Siyasal Bilgilr Fak\u00fcltesi, Uluslararas\u0131 \u0130li\u015fkiler B\u00f6l\u00fcm mezunudur (1997). D\u0131\u015f i\u015fleri Bakanl\u0131\u011f\u0131ndaki memuriyetine 1998 y\u0131l\u0131nda Avrupa \u00dclkesiyle \u0130kili Siyasi \u0130li\u015fkiler Dairesinde Aday Meslek Memur olarak ba\u015flam\u0131\u015f, daha sonra s\u0131ras\u0131 ile: Essen Ba\u015fkonsoloslu\u011funda Muavin Konsolos (2001-2003), Dakar B\u00fcy\u00fckel\u00e7ili\u011finde \u00dc\u00e7\u00fcnc\u00fc Katip (2003-2005), Konsolosluk Vize Dairesinde \u0130kinci<\/p>\n","protected":false},"author":1,"featured_media":0,"parent":69,"menu_order":0,"comment_status":"open","ping_status":"closed","template":"","meta":{"footnotes":""},"class_list":["post-403","page","type-page","status-publish","hentry"],"yoast_head":"<!-- This site is optimized with the Yoast SEO plugin v24.0 - https:\/\/yoast.com\/wordpress\/plugins\/seo\/ -->\n<title>Almanya M\u00fcnster Ba\u015fkonsoloslu\u011fu Vize \u0130\u015flemleri - MyVize<\/title>\n<meta name=\"description\" content=\"Almanya M\u00fcnster Ba\u015fkonsoloslu\u011fu Vize \u0130\u015flemleri Nelerdir? Almanya M\u00fcnster Ba\u015fkonsoloslu\u011fu Nerede? Bilgi \u0130\u00e7in Hemen Aray\u0131n: 0850 346 84 93\" \/>\n<meta name=\"robots\" content=\"index, follow, max-snippet:-1, max-image-preview:large, max-video-preview:-1\" \/>\n<link rel=\"canonical\" href=\"https:\/\/www.myvize.com.tr\/almanya\/konsolosluklar\/munster-baskonsoloslugu\/\" \/>\n<meta property=\"og:locale\" content=\"tr_TR\" \/>\n<meta property=\"og:type\" content=\"article\" \/>\n<meta property=\"og:title\" content=\"Almanya M\u00fcnster Ba\u015fkonsoloslu\u011fu Vize \u0130\u015flemleri - MyVize\" \/>\n<meta property=\"og:description\" content=\"Almanya M\u00fcnster Ba\u015fkonsoloslu\u011fu Vize \u0130\u015flemleri Nelerdir? Almanya M\u00fcnster Ba\u015fkonsoloslu\u011fu Nerede? Bilgi \u0130\u00e7in Hemen Aray\u0131n: 0850 346 84 93\" \/>\n<meta property=\"og:url\" content=\"https:\/\/www.myvize.com.tr\/almanya\/konsolosluklar\/munster-baskonsoloslugu\/\" \/>\n<meta property=\"og:site_name\" content=\"Almanya Vize\" \/>\n<meta property=\"article:modified_time\" content=\"2022-03-22T13:03:22+00:00\" \/>\n<meta name=\"twitter:card\" content=\"summary_large_image\" \/>\n<meta name=\"twitter:label1\" content=\"Tahmini okuma s\u00fcresi\" \/>\n\t<meta name=\"twitter:data1\" content=\"4 dakika\" \/>\n<script type=\"application\/ld+json\" class=\"yoast-schema-graph\">{\"@context\":\"https:\/\/schema.org\",\"@graph\":[{\"@type\":\"WebPage\",\"@id\":\"https:\/\/www.myvize.com.tr\/almanya\/konsolosluklar\/munster-baskonsoloslugu\/\",\"url\":\"https:\/\/www.myvize.com.tr\/almanya\/konsolosluklar\/munster-baskonsoloslugu\/\",\"name\":\"Almanya M\u00fcnster Ba\u015fkonsoloslu\u011fu Vize \u0130\u015flemleri - MyVize\",\"isPartOf\":{\"@id\":\"https:\/\/www.myvize.com.tr\/almanya\/#website\"},\"datePublished\":\"2021-01-29T15:43:24+00:00\",\"dateModified\":\"2022-03-22T13:03:22+00:00\",\"description\":\"Almanya M\u00fcnster Ba\u015fkonsoloslu\u011fu Vize \u0130\u015flemleri Nelerdir? Almanya M\u00fcnster Ba\u015fkonsoloslu\u011fu Nerede? Bilgi \u0130\u00e7in Hemen Aray\u0131n: 0850 346 84 93\",\"breadcrumb\":{\"@id\":\"https:\/\/www.myvize.com.tr\/almanya\/konsolosluklar\/munster-baskonsoloslugu\/#breadcrumb\"},\"inLanguage\":\"tr\",\"potentialAction\":[{\"@type\":\"ReadAction\",\"target\":[\"https:\/\/www.myvize.com.tr\/almanya\/konsolosluklar\/munster-baskonsoloslugu\/\"]}]},{\"@type\":\"BreadcrumbList\",\"@id\":\"https:\/\/www.myvize.com.tr\/almanya\/konsolosluklar\/munster-baskonsoloslugu\/#breadcrumb\",\"itemListElement\":[{\"@type\":\"ListItem\",\"position\":1,\"name\":\"Anasayfa\",\"item\":\"https:\/\/www.myvize.com.tr\/almanya\/\"},{\"@type\":\"ListItem\",\"position\":2,\"name\":\"KONSOLOSLUKLAR\",\"item\":\"https:\/\/www.myvize.com.tr\/almanya\/konsolosluklar\/\"},{\"@type\":\"ListItem\",\"position\":3,\"name\":\"Almanya M\u00fcnster Ba\u015fkonsoloslu\u011fu\"}]},{\"@type\":\"WebSite\",\"@id\":\"https:\/\/www.myvize.com.tr\/almanya\/#website\",\"url\":\"https:\/\/www.myvize.com.tr\/almanya\/\",\"name\":\"Almanya Vize\",\"description\":\"\",\"potentialAction\":[{\"@type\":\"SearchAction\",\"target\":{\"@type\":\"EntryPoint\",\"urlTemplate\":\"https:\/\/www.myvize.com.tr\/almanya\/?s={search_term_string}\"},\"query-input\":{\"@type\":\"PropertyValueSpecification\",\"valueRequired\":true,\"valueName\":\"search_term_string\"}}],\"inLanguage\":\"tr\"}]}<\/script>\n<!-- \/ Yoast SEO plugin. -->","yoast_head_json":{"title":"Almanya M\u00fcnster Ba\u015fkonsoloslu\u011fu Vize \u0130\u015flemleri - MyVize","description":"Almanya M\u00fcnster Ba\u015fkonsoloslu\u011fu Vize \u0130\u015flemleri Nelerdir? Almanya M\u00fcnster Ba\u015fkonsoloslu\u011fu Nerede? Bilgi \u0130\u00e7in Hemen Aray\u0131n: 0850 346 84 93","robots":{"index":"index","follow":"follow","max-snippet":"max-snippet:-1","max-image-preview":"max-image-preview:large","max-video-preview":"max-video-preview:-1"},"canonical":"https:\/\/www.myvize.com.tr\/almanya\/konsolosluklar\/munster-baskonsoloslugu\/","og_locale":"tr_TR","og_type":"article","og_title":"Almanya M\u00fcnster Ba\u015fkonsoloslu\u011fu Vize \u0130\u015flemleri - MyVize","og_description":"Almanya M\u00fcnster Ba\u015fkonsoloslu\u011fu Vize \u0130\u015flemleri Nelerdir? Almanya M\u00fcnster Ba\u015fkonsoloslu\u011fu Nerede? Bilgi \u0130\u00e7in Hemen Aray\u0131n: 0850 346 84 93","og_url":"https:\/\/www.myvize.com.tr\/almanya\/konsolosluklar\/munster-baskonsoloslugu\/","og_site_name":"Almanya Vize","article_modified_time":"2022-03-22T13:03:22+00:00","twitter_card":"summary_large_image","twitter_misc":{"Tahmini okuma s\u00fcresi":"4 dakika"},"schema":{"@context":"https:\/\/schema.org","@graph":[{"@type":"WebPage","@id":"https:\/\/www.myvize.com.tr\/almanya\/konsolosluklar\/munster-baskonsoloslugu\/","url":"https:\/\/www.myvize.com.tr\/almanya\/konsolosluklar\/munster-baskonsoloslugu\/","name":"Almanya M\u00fcnster Ba\u015fkonsoloslu\u011fu Vize \u0130\u015flemleri - MyVize","isPartOf":{"@id":"https:\/\/www.myvize.com.tr\/almanya\/#website"},"datePublished":"2021-01-29T15:43:24+00:00","dateModified":"2022-03-22T13:03:22+00:00","description":"Almanya M\u00fcnster Ba\u015fkonsoloslu\u011fu Vize \u0130\u015flemleri Nelerdir? Almanya M\u00fcnster Ba\u015fkonsoloslu\u011fu Nerede? Bilgi \u0130\u00e7in Hemen Aray\u0131n: 0850 346 84 93","breadcrumb":{"@id":"https:\/\/www.myvize.com.tr\/almanya\/konsolosluklar\/munster-baskonsoloslugu\/#breadcrumb"},"inLanguage":"tr","potentialAction":[{"@type":"ReadAction","target":["https:\/\/www.myvize.com.tr\/almanya\/konsolosluklar\/munster-baskonsoloslugu\/"]}]},{"@type":"BreadcrumbList","@id":"https:\/\/www.myvize.com.tr\/almanya\/konsolosluklar\/munster-baskonsoloslugu\/#breadcrumb","itemListElement":[{"@type":"ListItem","position":1,"name":"Anasayfa","item":"https:\/\/www.myvize.com.tr\/almanya\/"},{"@type":"ListItem","position":2,"name":"KONSOLOSLUKLAR","item":"https:\/\/www.myvize.com.tr\/almanya\/konsolosluklar\/"},{"@type":"ListItem","position":3,"name":"Almanya M\u00fcnster Ba\u015fkonsoloslu\u011fu"}]},{"@type":"WebSite","@id":"https:\/\/www.myvize.com.tr\/almanya\/#website","url":"https:\/\/www.myvize.com.tr\/almanya\/","name":"Almanya Vize","description":"","potentialAction":[{"@type":"SearchAction","target":{"@type":"EntryPoint","urlTemplate":"https:\/\/www.myvize.com.tr\/almanya\/?s={search_term_string}"},"query-input":{"@type":"PropertyValueSpecification","valueRequired":true,"valueName":"search_term_string"}}],"inLanguage":"tr"}]}},"_links":{"self":[{"href":"https:\/\/www.myvize.com.tr\/almanya\/wp-json\/wp\/v2\/pages\/403","targetHints":{"allow":["GET"]}}],"collection":[{"href":"https:\/\/www.myvize.com.tr\/almanya\/wp-json\/wp\/v2\/pages"}],"about":[{"href":"https:\/\/www.myvize.com.tr\/almanya\/wp-json\/wp\/v2\/types\/page"}],"author":[{"embeddable":true,"href":"https:\/\/www.myvize.com.tr\/almanya\/wp-json\/wp\/v2\/users\/1"}],"replies":[{"embeddable":true,"href":"https:\/\/www.myvize.com.tr\/almanya\/wp-json\/wp\/v2\/comments?post=403"}],"version-history":[{"count":6,"href":"https:\/\/www.myvize.com.tr\/almanya\/wp-json\/wp\/v2\/pages\/403\/revisions"}],"predecessor-version":[{"id":1610,"href":"https:\/\/www.myvize.com.tr\/almanya\/wp-json\/wp\/v2\/pages\/403\/revisions\/1610"}],"up":[{"embeddable":true,"href":"https:\/\/www.myvize.com.tr\/almanya\/wp-json\/wp\/v2\/pages\/69"}],"wp:attachment":[{"href":"https:\/\/www.myvize.com.tr\/almanya\/wp-json\/wp\/v2\/media?parent=403"}],"curies":[{"name":"wp","href":"https:\/\/api.w.org\/{rel}","templated":true}]}}