{"id":407,"date":"2021-01-29T18:44:22","date_gmt":"2021-01-29T15:44:22","guid":{"rendered":"https:\/\/www.myvize.com.tr\/almanya\/?page_id=407"},"modified":"2022-08-05T12:22:14","modified_gmt":"2022-08-05T09:22:14","slug":"nurnberg-baskonsoloslugu","status":"publish","type":"page","link":"https:\/\/www.myvize.com.tr\/almanya\/konsolosluklar\/nurnberg-baskonsoloslugu\/","title":{"rendered":"Almanya N\u00fcrnberg Ba\u015fkonsoloslu\u011fu"},"content":{"rendered":"<h2><span style=\"font-family: Roboto; font-size: 27px;\"><strong>Almanya N\u00fcrnberg Ba\u015fkonsolosu Kimdir?<\/strong><\/span><\/h2>\n<p><span style=\"font-family: Roboto; font-size: 14px;\"><strong>N\u00fcrnberg Ba\u015fkonsoloslu\u011fu<\/strong>, Almanya topraklar\u0131 i\u00e7erisinde ya\u015famakta olan, \u00fclkeye \u00f6\u011frenci, ziyaret\u00e7i veya ba\u015fka i\u015flerin takibi amac\u0131yla giden T\u00fcrkiye Cumhuriyeti vatanda\u015flar\u0131 ve T\u00fcrkiye ile y\u00f6nelik vize i\u015fleri ve di\u011fer benzeri i\u015flemlerini y\u00fcr\u00fctmek isteyen Alman vatanda\u015flar\u0131na hizmet vermektedir. Ba\u015fkonsolosluk niteli\u011fini ta\u015f\u0131yan N\u00fcrnberg T\u00fcrk konsoloslu\u011fu g\u00f6rev alan\u0131 ile T\u00fcrkiye aras\u0131nda sa\u011flam ve s\u00fcrd\u00fcr\u00fclebilir ili\u015fkilerin kurulmas\u0131nda ve devam etmesinde \u00e7al\u0131\u015fmalar yapar.<\/span><\/p>\n<p><span style=\"font-family: Roboto; font-size: 14px;\"><strong>N\u00fcrnberg T\u00fcrk konsoloslu\u011fu<\/strong>, g\u00f6rev b\u00f6lgesi olarak Kuzey Bavyera, Thuringen eyaleti, A\u015fa\u011f\u0131 Frankonya, Orta Frankonya, yukar\u0131 Frankonya ve Yukar\u0131 Palatina olmaktad\u0131r. Almanya N\u00fcrnberg Ba\u015fkonsoloslu\u011fu Almanya ve T\u00fcrkiye resmi tatil g\u00fcnlerinde hizmete kapal\u0131d\u0131r. \u00c7al\u0131\u015fma saatleri olarak Pazartesi-Cuma 08.30 ile 12 ve 08.00 12.00 saatlerinde hizmetlerini s\u00fcrd\u00fcrmektedir.<\/span><\/p>\n<p><span style=\"font-family: Roboto; font-size: 14px;\">D\u00f6rt y\u0131ll\u0131k g\u00f6rev s\u00fcresi biten N\u00fcrnberg Ba\u015fkonsolosu Yavuz K\u00fcl\u2019\u00fcn yerine atamas\u0131 yap\u0131lan <strong>N\u00fcrnberg Konsolosu<\/strong> Serdar Deniz olmu\u015ftur. Almanya\u2019n\u0131n N\u00fcrnberg kentinde 17. Ba\u015fkonsolos olarak g\u00f6reve ba\u015flayan Serdar Deniz, \u0130ngilizce ve Frans\u0131zca dillerini bilmektedir. Almanya N\u00fcrnberg Ba\u015fkonsoloslu\u011fu, m\u00fclkiyeti T\u00fcrkiye\u2019ye ait olan Regensburger Str.69 numaral\u0131 binada 34 personeli ile hizmet vermektedir.<\/span><\/p>\n<h2><span style=\"font-family: Roboto; font-size: 27px;\"><strong>Almanya N\u00fcrnberg Ba\u015fkonsoloslu\u011fu Vize \u0130\u015flemleri<\/strong><\/span><\/h2>\n<p><span style=\"font-family: Roboto; font-size: 14px;\">Her mevsim tatil ve turistik geziler i\u00e7in tercih edilen T\u00fcrkiye, d\u00fcnyan\u0131n bir\u00e7ok \u00fclkesinden e\u011fitim ve ticari ama\u00e7l\u0131 olarak ziyaret edilmektedir. T\u00fcrkiye ve bu \u00fclkelerin baz\u0131lar\u0131na kar\u015f\u0131l\u0131kl\u0131 olarak vize muafiyeti anla\u015fmas\u0131 imzalad\u0131. Bununla beraber bir\u00e7ok \u00fclke vatanda\u015f\u0131n\u0131n belirtilen s\u00fcreler i\u00e7inde T\u00fcrkiye\u2019de kalabilmek amac\u0131yla vize ba\u015fvurusu yapmalar\u0131 gerekir.<\/span><\/p>\n<p><span style=\"font-family: Roboto; font-size: 14px;\">Almanya\u2019n\u0131n N\u00fcrnberg \u015fehrinde <strong>T\u00fcrkiye vizesi<\/strong> almak \u00e7ok kolay olmaktad\u0131r. \u00d6zellikle say\u0131lar\u0131 daha fazla artmaya ba\u015flayan\u00a0 e vize anla\u015fmas\u0131 olan \u00fclkelerden T\u00fcrkiye\u2019ye gelmek isteyenler vize i\u015flemlerini online olarak yapabilirler. <strong>Almanya N\u00fcrnberg Ba\u015fkonsoloslu\u011fu<\/strong> vize i\u015flemlerinde\u00a0<a href=\"http:\/\/www.evisa.gov.tr\/tr\/\">http:\/\/www.evisa.gov.tr\/tr\/<\/a>\u00a0sayfas\u0131n\u0131 ziyaret ediniz.<\/span><\/p>\n<p><span style=\"font-family: Roboto; font-size: 14px;\">T\u00fcrkiye\u2019ye seyahat edecek olan ki\u015filer vize ba\u015fvurular\u0131n\u0131 online olarak yapabilirler. Burada dikkat edilecek husus T\u00fcrkiye\u2019ye seyahat amac\u0131na uygun olan vize t\u00fcrlerini se\u00e7mektir. Seyahat amac\u0131n\u0131za uygun olan vize t\u00fcr\u00fcn\u00fc belirledikten sonra se\u00e7ti\u011finiz vize t\u00fcr\u00fcne uygun evraklar\u0131n haz\u0131rlanmas\u0131 olacakt\u0131r. Bu evraklar\u0131n i\u00e7inde yer alan vize ba\u015fvuru formunu T\u00fcrk\u00e7e ve Almanca olarak doldurmak gerekir. Evraklar\u0131n eksik olmas\u0131 vize ba\u015fvurusunun red olmas\u0131na neden olabilir.<\/span><\/p>\n<h2><span style=\"font-family: Roboto; font-size: 27px;\"><strong>Almanya N\u00fcrnberg Ba\u015fkonsoloslu\u011fu Vize Ba\u015fvurusu<\/strong><\/span><\/h2>\n<p><span style=\"font-family: Roboto; font-size: 14px;\">T\u00fcrkiye\u2019ye seyahat edecek ki\u015filer seyahat amac\u0131na uygun olan vize t\u00fcrlerinden birini se\u00e7erek vize ba\u015fvurusunda bulunacaklard\u0131r. Almanya N\u00fcrnberg Ba\u015fkonsoloslu\u011funun belirlemi\u015f oldu\u011fu \u015fartlar\u0131 da yerine getirmek gerekir. Seyahat amac\u0131na uygun olan vize t\u00fcr\u00fc belirlendikten sonra gerekli evraklar haz\u0131rlanmal\u0131d\u0131r.<\/span><\/p>\n<p><span style=\"font-family: Roboto; font-size: 14px;\"><strong>Almanya N\u00fcrnberg T\u00fcrkiye vize ba\u015fvurusu<\/strong> i\u00e7in gerekli belgeler \u015funlard\u0131r.<\/span><\/p>\n<ul>\n<li><span style=\"font-family: Roboto; font-size: 14px;\">Pasaport en fazla 10 y\u0131ll\u0131k olan pasaportlar\u0131n seyahat d\u00f6n\u00fc\u015f tarihinden itibaren en az 2 ay daha ge\u00e7erli s\u00fcresi olmas\u0131 gerekir.<\/span><\/li>\n<li><span style=\"font-family: Roboto; font-size: 14px;\">1 adet biyometrik foto\u011fraf. Foto\u011fraflar <strong>5&#215;6 cm<\/strong> olmas\u0131 ve beyaz fon \u00f6n\u00fcnde \u00e7ekilmi\u015f olmas\u0131 gerekir.<\/span><\/li>\n<li><span style=\"font-family: Roboto; font-size: 14px;\">Seyahat sa\u011fl\u0131k sigorta poli\u00e7esi<\/span><\/li>\n<li><span style=\"font-family: Roboto; font-size: 14px;\">N\u00fcfus c\u00fczdan\u0131 ve fotokopisi<\/span><\/li>\n<li><span style=\"font-family: Roboto; font-size: 14px;\">Seyahat amac\u0131n\u0131 belirten dilek\u00e7e<\/span><\/li>\n<li><span style=\"font-family: Roboto; font-size: 14px;\">Ba\u015fvuru sahibine ait olan finansal bilgiler<\/span><\/li>\n<li><span style=\"font-family: Roboto; font-size: 14px;\">Ula\u015f\u0131m ile konaklamaya ait bilgiler (\u00dclkeye gidi\u015f ve geli\u015f, u\u00e7ak bileti otel rezervasyon bilgileri)<\/span><\/li>\n<li><span style=\"font-family: Roboto; font-size: 14px;\">Davetiniz varsa davet mektubu<\/span><\/li>\n<li><span style=\"font-family: Roboto; font-size: 14px;\">Ba\u015fvuru sahibinin banka hesap hareketleri<\/span><\/li>\n<li><span style=\"font-family: Roboto; font-size: 14px;\">Finansal durumu belirleyen tapu, maa\u015f bordrosu gibi belgeler<\/span><\/li>\n<li><span style=\"font-family: Roboto; font-size: 14px;\">Har\u00e7 \u00fccretinin yat\u0131r\u0131ld\u0131\u011f\u0131na dair belge<\/span><\/li>\n<\/ul>\n","protected":false},"excerpt":{"rendered":"<p>Almanya N\u00fcrnberg Ba\u015fkonsolosu Kimdir? N\u00fcrnberg Ba\u015fkonsoloslu\u011fu, Almanya topraklar\u0131 i\u00e7erisinde ya\u015famakta olan, \u00fclkeye \u00f6\u011frenci, ziyaret\u00e7i veya ba\u015fka i\u015flerin takibi amac\u0131yla giden T\u00fcrkiye Cumhuriyeti vatanda\u015flar\u0131 ve T\u00fcrkiye ile y\u00f6nelik vize i\u015fleri ve di\u011fer benzeri i\u015flemlerini y\u00fcr\u00fctmek isteyen Alman vatanda\u015flar\u0131na hizmet vermektedir. Ba\u015fkonsolosluk niteli\u011fini ta\u015f\u0131yan N\u00fcrnberg T\u00fcrk konsoloslu\u011fu g\u00f6rev alan\u0131 ile T\u00fcrkiye aras\u0131nda sa\u011flam ve s\u00fcrd\u00fcr\u00fclebilir ili\u015fkilerin kurulmas\u0131nda<\/p>\n","protected":false},"author":1,"featured_media":0,"parent":69,"menu_order":0,"comment_status":"open","ping_status":"closed","template":"","meta":{"footnotes":""},"class_list":["post-407","page","type-page","status-publish","hentry"],"yoast_head":"<!-- This site is optimized with the Yoast SEO plugin v24.0 - https:\/\/yoast.com\/wordpress\/plugins\/seo\/ -->\n<title>Almanya N\u00fcrnberg Ba\u015fkonsoloslu\u011fu Vize \u0130\u015flemleri - MyVize<\/title>\n<meta name=\"description\" content=\"Almanya N\u00fcrnberg Ba\u015fkonsoloslu\u011fu Vize \u0130\u015flemleri. Almanya N\u00fcrnberg Ba\u015fkonsoloslu\u011fu Nerededir? Bilgi \u0130\u00e7in Hemen Aray\u0131n: 0850 346 84 93\" \/>\n<meta name=\"robots\" content=\"index, follow, max-snippet:-1, max-image-preview:large, max-video-preview:-1\" \/>\n<link rel=\"canonical\" href=\"https:\/\/www.myvize.com.tr\/almanya\/konsolosluklar\/nurnberg-baskonsoloslugu\/\" \/>\n<meta property=\"og:locale\" content=\"tr_TR\" \/>\n<meta property=\"og:type\" content=\"article\" \/>\n<meta property=\"og:title\" content=\"Almanya N\u00fcrnberg Ba\u015fkonsoloslu\u011fu Vize \u0130\u015flemleri - MyVize\" \/>\n<meta property=\"og:description\" content=\"Almanya N\u00fcrnberg Ba\u015fkonsoloslu\u011fu Vize \u0130\u015flemleri. Almanya N\u00fcrnberg Ba\u015fkonsoloslu\u011fu Nerededir? Bilgi \u0130\u00e7in Hemen Aray\u0131n: 0850 346 84 93\" \/>\n<meta property=\"og:url\" content=\"https:\/\/www.myvize.com.tr\/almanya\/konsolosluklar\/nurnberg-baskonsoloslugu\/\" \/>\n<meta property=\"og:site_name\" content=\"Almanya Vize\" \/>\n<meta property=\"article:modified_time\" content=\"2022-08-05T09:22:14+00:00\" \/>\n<meta name=\"twitter:card\" content=\"summary_large_image\" \/>\n<meta name=\"twitter:label1\" content=\"Tahmini okuma s\u00fcresi\" \/>\n\t<meta name=\"twitter:data1\" content=\"3 dakika\" \/>\n<script type=\"application\/ld+json\" class=\"yoast-schema-graph\">{\"@context\":\"https:\/\/schema.org\",\"@graph\":[{\"@type\":\"WebPage\",\"@id\":\"https:\/\/www.myvize.com.tr\/almanya\/konsolosluklar\/nurnberg-baskonsoloslugu\/\",\"url\":\"https:\/\/www.myvize.com.tr\/almanya\/konsolosluklar\/nurnberg-baskonsoloslugu\/\",\"name\":\"Almanya N\u00fcrnberg Ba\u015fkonsoloslu\u011fu Vize \u0130\u015flemleri - MyVize\",\"isPartOf\":{\"@id\":\"https:\/\/www.myvize.com.tr\/almanya\/#website\"},\"datePublished\":\"2021-01-29T15:44:22+00:00\",\"dateModified\":\"2022-08-05T09:22:14+00:00\",\"description\":\"Almanya N\u00fcrnberg Ba\u015fkonsoloslu\u011fu Vize \u0130\u015flemleri. Almanya N\u00fcrnberg Ba\u015fkonsoloslu\u011fu Nerededir? Bilgi \u0130\u00e7in Hemen Aray\u0131n: 0850 346 84 93\",\"breadcrumb\":{\"@id\":\"https:\/\/www.myvize.com.tr\/almanya\/konsolosluklar\/nurnberg-baskonsoloslugu\/#breadcrumb\"},\"inLanguage\":\"tr\",\"potentialAction\":[{\"@type\":\"ReadAction\",\"target\":[\"https:\/\/www.myvize.com.tr\/almanya\/konsolosluklar\/nurnberg-baskonsoloslugu\/\"]}]},{\"@type\":\"BreadcrumbList\",\"@id\":\"https:\/\/www.myvize.com.tr\/almanya\/konsolosluklar\/nurnberg-baskonsoloslugu\/#breadcrumb\",\"itemListElement\":[{\"@type\":\"ListItem\",\"position\":1,\"name\":\"Anasayfa\",\"item\":\"https:\/\/www.myvize.com.tr\/almanya\/\"},{\"@type\":\"ListItem\",\"position\":2,\"name\":\"KONSOLOSLUKLAR\",\"item\":\"https:\/\/www.myvize.com.tr\/almanya\/konsolosluklar\/\"},{\"@type\":\"ListItem\",\"position\":3,\"name\":\"Almanya N\u00fcrnberg Ba\u015fkonsoloslu\u011fu\"}]},{\"@type\":\"WebSite\",\"@id\":\"https:\/\/www.myvize.com.tr\/almanya\/#website\",\"url\":\"https:\/\/www.myvize.com.tr\/almanya\/\",\"name\":\"Almanya Vize\",\"description\":\"\",\"potentialAction\":[{\"@type\":\"SearchAction\",\"target\":{\"@type\":\"EntryPoint\",\"urlTemplate\":\"https:\/\/www.myvize.com.tr\/almanya\/?s={search_term_string}\"},\"query-input\":{\"@type\":\"PropertyValueSpecification\",\"valueRequired\":true,\"valueName\":\"search_term_string\"}}],\"inLanguage\":\"tr\"}]}<\/script>\n<!-- \/ Yoast SEO plugin. -->","yoast_head_json":{"title":"Almanya N\u00fcrnberg Ba\u015fkonsoloslu\u011fu Vize \u0130\u015flemleri - MyVize","description":"Almanya N\u00fcrnberg Ba\u015fkonsoloslu\u011fu Vize \u0130\u015flemleri. Almanya N\u00fcrnberg Ba\u015fkonsoloslu\u011fu Nerededir? Bilgi \u0130\u00e7in Hemen Aray\u0131n: 0850 346 84 93","robots":{"index":"index","follow":"follow","max-snippet":"max-snippet:-1","max-image-preview":"max-image-preview:large","max-video-preview":"max-video-preview:-1"},"canonical":"https:\/\/www.myvize.com.tr\/almanya\/konsolosluklar\/nurnberg-baskonsoloslugu\/","og_locale":"tr_TR","og_type":"article","og_title":"Almanya N\u00fcrnberg Ba\u015fkonsoloslu\u011fu Vize \u0130\u015flemleri - MyVize","og_description":"Almanya N\u00fcrnberg Ba\u015fkonsoloslu\u011fu Vize \u0130\u015flemleri. Almanya N\u00fcrnberg Ba\u015fkonsoloslu\u011fu Nerededir? Bilgi \u0130\u00e7in Hemen Aray\u0131n: 0850 346 84 93","og_url":"https:\/\/www.myvize.com.tr\/almanya\/konsolosluklar\/nurnberg-baskonsoloslugu\/","og_site_name":"Almanya Vize","article_modified_time":"2022-08-05T09:22:14+00:00","twitter_card":"summary_large_image","twitter_misc":{"Tahmini okuma s\u00fcresi":"3 dakika"},"schema":{"@context":"https:\/\/schema.org","@graph":[{"@type":"WebPage","@id":"https:\/\/www.myvize.com.tr\/almanya\/konsolosluklar\/nurnberg-baskonsoloslugu\/","url":"https:\/\/www.myvize.com.tr\/almanya\/konsolosluklar\/nurnberg-baskonsoloslugu\/","name":"Almanya N\u00fcrnberg Ba\u015fkonsoloslu\u011fu Vize \u0130\u015flemleri - MyVize","isPartOf":{"@id":"https:\/\/www.myvize.com.tr\/almanya\/#website"},"datePublished":"2021-01-29T15:44:22+00:00","dateModified":"2022-08-05T09:22:14+00:00","description":"Almanya N\u00fcrnberg Ba\u015fkonsoloslu\u011fu Vize \u0130\u015flemleri. Almanya N\u00fcrnberg Ba\u015fkonsoloslu\u011fu Nerededir? Bilgi \u0130\u00e7in Hemen Aray\u0131n: 0850 346 84 93","breadcrumb":{"@id":"https:\/\/www.myvize.com.tr\/almanya\/konsolosluklar\/nurnberg-baskonsoloslugu\/#breadcrumb"},"inLanguage":"tr","potentialAction":[{"@type":"ReadAction","target":["https:\/\/www.myvize.com.tr\/almanya\/konsolosluklar\/nurnberg-baskonsoloslugu\/"]}]},{"@type":"BreadcrumbList","@id":"https:\/\/www.myvize.com.tr\/almanya\/konsolosluklar\/nurnberg-baskonsoloslugu\/#breadcrumb","itemListElement":[{"@type":"ListItem","position":1,"name":"Anasayfa","item":"https:\/\/www.myvize.com.tr\/almanya\/"},{"@type":"ListItem","position":2,"name":"KONSOLOSLUKLAR","item":"https:\/\/www.myvize.com.tr\/almanya\/konsolosluklar\/"},{"@type":"ListItem","position":3,"name":"Almanya N\u00fcrnberg Ba\u015fkonsoloslu\u011fu"}]},{"@type":"WebSite","@id":"https:\/\/www.myvize.com.tr\/almanya\/#website","url":"https:\/\/www.myvize.com.tr\/almanya\/","name":"Almanya Vize","description":"","potentialAction":[{"@type":"SearchAction","target":{"@type":"EntryPoint","urlTemplate":"https:\/\/www.myvize.com.tr\/almanya\/?s={search_term_string}"},"query-input":{"@type":"PropertyValueSpecification","valueRequired":true,"valueName":"search_term_string"}}],"inLanguage":"tr"}]}},"_links":{"self":[{"href":"https:\/\/www.myvize.com.tr\/almanya\/wp-json\/wp\/v2\/pages\/407","targetHints":{"allow":["GET"]}}],"collection":[{"href":"https:\/\/www.myvize.com.tr\/almanya\/wp-json\/wp\/v2\/pages"}],"about":[{"href":"https:\/\/www.myvize.com.tr\/almanya\/wp-json\/wp\/v2\/types\/page"}],"author":[{"embeddable":true,"href":"https:\/\/www.myvize.com.tr\/almanya\/wp-json\/wp\/v2\/users\/1"}],"replies":[{"embeddable":true,"href":"https:\/\/www.myvize.com.tr\/almanya\/wp-json\/wp\/v2\/comments?post=407"}],"version-history":[{"count":4,"href":"https:\/\/www.myvize.com.tr\/almanya\/wp-json\/wp\/v2\/pages\/407\/revisions"}],"predecessor-version":[{"id":1714,"href":"https:\/\/www.myvize.com.tr\/almanya\/wp-json\/wp\/v2\/pages\/407\/revisions\/1714"}],"up":[{"embeddable":true,"href":"https:\/\/www.myvize.com.tr\/almanya\/wp-json\/wp\/v2\/pages\/69"}],"wp:attachment":[{"href":"https:\/\/www.myvize.com.tr\/almanya\/wp-json\/wp\/v2\/media?parent=407"}],"curies":[{"name":"wp","href":"https:\/\/api.w.org\/{rel}","templated":true}]}}