{"id":409,"date":"2021-01-29T18:45:01","date_gmt":"2021-01-29T15:45:01","guid":{"rendered":"https:\/\/www.myvize.com.tr\/almanya\/?page_id=409"},"modified":"2022-08-05T12:26:24","modified_gmt":"2022-08-05T09:26:24","slug":"munih-baskonsoloslugu","status":"publish","type":"page","link":"https:\/\/www.myvize.com.tr\/almanya\/konsolosluklar\/munih-baskonsoloslugu\/","title":{"rendered":"Almanya M\u00fcnih Ba\u015fkonsoloslu\u011fu"},"content":{"rendered":"<h2><span style=\"font-family: Roboto; font-size: 27px;\"><strong>Almanya M\u00fcnih Ba\u015fkonsolosu Kimdir?<\/strong><\/span><\/h2>\n<p><span style=\"font-family: Roboto; font-size: 14px;\"><strong>M\u00fcnih Ba\u015fkonsoloslu\u011fu,<\/strong> T\u00fcrkiye Devleti taraf\u0131ndan Almanya Federal Cumhuriyeti s\u0131n\u0131rlar\u0131 i\u00e7erisinde bulunan resmi d\u0131\u015f temsilciliklerinden biri olmaktad\u0131r. Alman vatanda\u015flar\u0131n\u0131n T\u00fcrkiye ile ilgili i\u015flerinde vatanda\u015flar\u0131na destek vermektedir. Almanya M\u00fcnih Ba\u015fkonsoloslu\u011fu di\u011fer yandan Almanya\u2019da ya\u015famakta olan \u00f6\u011frenci, olarak bulunan veya<strong> k\u0131sa s\u00fcreli Almanya ziyareti<\/strong> i\u00e7in \u00fclkede bulunan T\u00fcrk vatanda\u015flar\u0131na da her konuda destek olmaktad\u0131r.<\/span><\/p>\n<p><span style=\"font-family: Roboto; font-size: 14px;\">Almanya M\u00fcnih Ba\u015fkonsoloslu\u011fu, bulundu\u011fu yer itibar\u0131yla sosyal, ekonomik ve ticari anlamda iki \u00fclke aras\u0131nda ba\u011flar\u0131n kuvvetli olmas\u0131na ve devam etmesine destek\u00e7i olmaktad\u0131r. M\u00fcnih konsoloslu\u011fu \u00e7al\u0131\u015fma saatleri Pazartesi-Cuma saat 08.30- 16.30 olmaktad\u0131r. Almanya M\u00fcnih Ba\u015fkonsoloslu\u011fu Almanya ve T\u00fcrkiye resmi tatillerinde hizmet vermemektedir. <strong>Almanya M\u00fcnih Ba\u015fkonsolosu<\/strong> Mehmet G\u00fcnay\u2019d\u0131r. Almanya M\u00fcnih Ba\u015fkonsolosu Mehmet G\u00dcNAY en son D\u0131\u015fi\u015fleri Bakanl\u0131\u011f\u0131 Konsolosluk \u0130\u015fleri Genel M\u00fcd\u00fcrl\u00fc\u011f\u00fc\u2019nde Bat\u0131 Avrupa, Balkanlar ve Uzak Do\u011fu Daire Ba\u015fkanl\u0131\u011f\u0131 g\u00f6revlerini yapm\u0131\u015f ve 1 Ekim 2018 y\u0131l\u0131nda Almanya M\u00fcnih Ba\u015fkonsolosu olarak g\u00f6reve ba\u015flad\u0131. \u015eu anda Ba\u015fkonsolosluk g\u00f6revine devam etmektedir.<\/span><\/p>\n<h2><span style=\"font-family: Roboto; font-size: 27px;\"><strong>Almanya M\u00fcnih Ba\u015fkonsoloslu\u011fu Vize \u0130\u015flemleri<\/strong><\/span><\/h2>\n<p><span style=\"font-family: Roboto; font-size: 14px;\"><strong>Almanya\u2019dan T\u00fcrkiye\u2019ye seyahat<\/strong> edecek ki\u015filer, Almanya T\u00fcrkiye vizesine ba\u015fvuru yapmalar\u0131 gerekir. Almanya M\u00fcnih Ba\u015fkonsoloslu\u011fu\u2019nun belirlemi\u015f oldu\u011fu vize t\u00fcrlerine g\u00f6re uygun evraklar haz\u0131rlanmal\u0131d\u0131r. T\u00fcrkiye\u2019ye seyahat amac\u0131n\u0131za g\u00f6re uygun olan vize t\u00fcr\u00fcn\u00fc belirleyip ona g\u00f6re vize ba\u015fvurular\u0131n\u0131z\u0131 yapman\u0131z gerekir. Seyahat amac\u0131na uygun olmayan evrak nedeniyle vize ba\u015fvurular\u0131 iptal olmakta ve yeniden ba\u015fvuru yapman\u0131za gerek kalacakt\u0131r.<\/span><\/p>\n<p><span style=\"font-family: Roboto; font-size: 14px;\">T\u00fcrkiye\u2019ye seyahat amac\u0131n\u0131za g\u00f6re belirlenen evraklar haz\u0131rland\u0131ktan sonra, Almanya M\u00fcnih Ba\u015fkonsoloslu\u011fu\u2019na ba\u015fvuru yap\u0131larak randevu al\u0131n\u0131r. M\u00fcnih ba\u015fkonsoloslu\u011funa i\u015flem ba\u015fvurular\u0131, her i\u015flem t\u00fcr\u00fcne ve ba\u015fvuru durumuna g\u00f6re ba\u015fvuruda bulunan vatanda\u015f say\u0131s\u0131na g\u00f6re online randevu sayfas\u0131ndan T.C. kimlik numaras\u0131na g\u00f6re randevu al\u0131nmas\u0131 gerekir. Konsoloslukta randevusuz vize ba\u015fvuru i\u015flemleri yap\u0131lmamaktad\u0131r. Al\u0131nan vize ba\u015fvuru randevu tarihini ka\u00e7\u0131r\u0131rsan\u0131z ba\u015fvuru i\u015flemleriniz iptal olur.<\/span><\/p>\n<p><span style=\"font-family: Roboto; font-size: 14px;\"><strong>Almanya M\u00fcnih vize i\u015flemleri<\/strong> T\u00fcrkiye Ba\u015fkonsoloslu\u011fu\u2019nun yetki verdi\u011fi seyahat acenteleri veya vize ba\u015fvuru merkezlerine de yap\u0131lmaktad\u0131r. Vize ba\u015fvurusu yap\u0131l\u0131rken dikkat edilmesi gereken en \u00f6nemli nokta, seyahat amac\u0131n\u0131za g\u00f6re belirlenen vize t\u00fcr\u00fcn\u00fc se\u00e7ip ona g\u00f6re ba\u015fvuru randevunuzu alman\u0131z gerekir.<\/span><\/p>\n<h2><span style=\"font-family: Roboto; font-size: 27px;\"><strong>Almanya M\u00fcnih Ba\u015fkonsoloslu\u011fu Vize Ba\u015fvurusu<\/strong><\/span><\/h2>\n<p><span style=\"font-family: Roboto; font-size: 14px;\"><strong>Almanya\u2019dan T\u00fcrkiye\u2019ye seyahat<\/strong> edecek ki\u015filer seyahat amac\u0131na g\u00f6re olan vize t\u00fcrlerini se\u00e7ip ona uygun olan vize ba\u015fvuru evraklar\u0131n\u0131 haz\u0131rlamalar\u0131 gerekir. Almanya M\u00fcnih Ba\u015fkonsoloslu\u011fu vize ba\u015fvurular\u0131n\u0131 T\u00fcrk H\u00fck\u00fcmetinin belirledi\u011fi \u015fartlar\u0131 ta\u015f\u0131yan ki\u015filerin ba\u015fvurular\u0131n\u0131 kabul etmektedir. Di\u011fer yandan Almanya M\u00fcnih Ba\u015fkonsoloslu\u011funun yetki verdi\u011fi vize ba\u015fvuru merkezlerine veya seyahat acentelerine ba\u015fvuru yapabilirler. Vize ba\u015fvurusunu yapmadan \u00f6nce gerekli olan evraklar haz\u0131rlan\u0131p <span style=\"color: #2acec2;\"><strong><a style=\"color: #2acec2;\" href=\"https:\/\/www.myvize.com.tr\/almanya\/almanya-vize-basvuru-formu\/\" target=\"_blank\" rel=\"noopener\">Almanya vize ba\u015fvuru formu<\/a><\/strong><\/span> doldurulur. Formun doldurulmas\u0131 tamamland\u0131ktan sonra evraklar ile Ba\u015fkonsoloslu\u011fa veya vize ba\u015fvuru merkezlerine gidilerek i\u015flemlere ba\u015flan\u0131r. Ba\u015fvuru yap\u0131l\u0131rken evraklar\u0131n do\u011fru ve Almanca T\u00fcrk\u00e7e olarak doldurulmas\u0131 gerekir.\u00a0 Vize ba\u015fvurusunda vize t\u00fcr\u00fcne g\u00f6re uygun olan evraklar\u0131n olmas\u0131na dikkat edilmesi gerekir. Vize ba\u015fvurular\u0131nda istenen belgeler \u015funlard\u0131r.<\/span><\/p>\n<ul>\n<li><span style=\"font-family: Roboto; font-size: 14px;\">Kimlik fotokopisi<\/span><\/li>\n<li><span style=\"font-family: Roboto; font-size: 14px;\">Ba\u015fvuru yapan ki\u015finin kimli\u011fi<\/span><\/li>\n<li><span style=\"font-family: Roboto; font-size: 14px;\">Seyahat nedenini a\u00e7\u0131klayan bir dilek\u00e7e<\/span><\/li>\n<li><span style=\"font-family: Roboto; font-size: 14px;\">Ba\u015fvuru Formu<\/span><\/li>\n<li><span style=\"font-family: Roboto; font-size: 14px;\">Ba\u015fvuru sahibinin ikamet ilm\u00fchaberi<\/span><\/li>\n<li><span style=\"font-family: Roboto; font-size: 14px;\">18 ya\u015f\u0131ndan k\u00fc\u00e7\u00fckler i\u00e7in ebeveyn izin belgesi<\/span><\/li>\n<li><span style=\"font-family: Roboto; font-size: 14px;\">\u00d6\u011frenci ise \u00f6\u011frenim belgesi<\/span><\/li>\n<li><span style=\"font-family: Roboto; font-size: 14px;\">Gidilecek \u00fclkeye \u00fclke giri\u015f \u00e7\u0131k\u0131\u015f tarihi<\/span><\/li>\n<li><span style=\"font-family: Roboto; font-size: 14px;\">Ba\u015fvuru yapan ki\u015finin banka hesap d\u00f6k\u00fcm\u00fc<\/span><\/li>\n<li><span style=\"font-family: Roboto; font-size: 14px;\">2 adet biyometrik foto\u011fraf<\/span><\/li>\n<li><span style=\"font-family: Roboto; font-size: 14px;\">Rezervasyonla ilgili belgeler<\/span><\/li>\n<\/ul>\n","protected":false},"excerpt":{"rendered":"<p>Almanya M\u00fcnih Ba\u015fkonsolosu Kimdir? M\u00fcnih Ba\u015fkonsoloslu\u011fu, T\u00fcrkiye Devleti taraf\u0131ndan Almanya Federal Cumhuriyeti s\u0131n\u0131rlar\u0131 i\u00e7erisinde bulunan resmi d\u0131\u015f temsilciliklerinden biri olmaktad\u0131r. Alman vatanda\u015flar\u0131n\u0131n T\u00fcrkiye ile ilgili i\u015flerinde vatanda\u015flar\u0131na destek vermektedir. Almanya M\u00fcnih Ba\u015fkonsoloslu\u011fu di\u011fer yandan Almanya\u2019da ya\u015famakta olan \u00f6\u011frenci, olarak bulunan veya k\u0131sa s\u00fcreli Almanya ziyareti i\u00e7in \u00fclkede bulunan T\u00fcrk vatanda\u015flar\u0131na da her konuda destek olmaktad\u0131r.<\/p>\n","protected":false},"author":1,"featured_media":0,"parent":69,"menu_order":0,"comment_status":"open","ping_status":"closed","template":"","meta":{"footnotes":""},"class_list":["post-409","page","type-page","status-publish","hentry"],"yoast_head":"<!-- This site is optimized with the Yoast SEO plugin v24.0 - https:\/\/yoast.com\/wordpress\/plugins\/seo\/ -->\n<title>Almanya M\u00fcnih Ba\u015fkonsoloslu\u011fu Vize \u0130\u015flemleri - MyVize<\/title>\n<meta name=\"description\" content=\"Almanya M\u00fcnih Ba\u015fkonsoloslu\u011fu Vize \u0130\u015flemleri Nelerdir? Almanya M\u00fcnih Ba\u015fkonsoloslu\u011fu Nerededir? Bilgi \u0130\u00e7in Hemen Aray\u0131n: 0850 346 84 93\" \/>\n<meta name=\"robots\" content=\"index, follow, max-snippet:-1, max-image-preview:large, max-video-preview:-1\" \/>\n<link rel=\"canonical\" href=\"https:\/\/www.myvize.com.tr\/almanya\/konsolosluklar\/munih-baskonsoloslugu\/\" \/>\n<meta property=\"og:locale\" content=\"tr_TR\" \/>\n<meta property=\"og:type\" content=\"article\" \/>\n<meta property=\"og:title\" content=\"Almanya M\u00fcnih Ba\u015fkonsoloslu\u011fu Vize \u0130\u015flemleri - MyVize\" \/>\n<meta property=\"og:description\" content=\"Almanya M\u00fcnih Ba\u015fkonsoloslu\u011fu Vize \u0130\u015flemleri Nelerdir? Almanya M\u00fcnih Ba\u015fkonsoloslu\u011fu Nerededir? Bilgi \u0130\u00e7in Hemen Aray\u0131n: 0850 346 84 93\" \/>\n<meta property=\"og:url\" content=\"https:\/\/www.myvize.com.tr\/almanya\/konsolosluklar\/munih-baskonsoloslugu\/\" \/>\n<meta property=\"og:site_name\" content=\"Almanya Vize\" \/>\n<meta property=\"article:modified_time\" content=\"2022-08-05T09:26:24+00:00\" \/>\n<meta name=\"twitter:card\" content=\"summary_large_image\" \/>\n<meta name=\"twitter:label1\" content=\"Tahmini okuma s\u00fcresi\" \/>\n\t<meta name=\"twitter:data1\" content=\"3 dakika\" \/>\n<script type=\"application\/ld+json\" class=\"yoast-schema-graph\">{\"@context\":\"https:\/\/schema.org\",\"@graph\":[{\"@type\":\"WebPage\",\"@id\":\"https:\/\/www.myvize.com.tr\/almanya\/konsolosluklar\/munih-baskonsoloslugu\/\",\"url\":\"https:\/\/www.myvize.com.tr\/almanya\/konsolosluklar\/munih-baskonsoloslugu\/\",\"name\":\"Almanya M\u00fcnih Ba\u015fkonsoloslu\u011fu Vize \u0130\u015flemleri - MyVize\",\"isPartOf\":{\"@id\":\"https:\/\/www.myvize.com.tr\/almanya\/#website\"},\"datePublished\":\"2021-01-29T15:45:01+00:00\",\"dateModified\":\"2022-08-05T09:26:24+00:00\",\"description\":\"Almanya M\u00fcnih Ba\u015fkonsoloslu\u011fu Vize \u0130\u015flemleri Nelerdir? Almanya M\u00fcnih Ba\u015fkonsoloslu\u011fu Nerededir? Bilgi \u0130\u00e7in Hemen Aray\u0131n: 0850 346 84 93\",\"breadcrumb\":{\"@id\":\"https:\/\/www.myvize.com.tr\/almanya\/konsolosluklar\/munih-baskonsoloslugu\/#breadcrumb\"},\"inLanguage\":\"tr\",\"potentialAction\":[{\"@type\":\"ReadAction\",\"target\":[\"https:\/\/www.myvize.com.tr\/almanya\/konsolosluklar\/munih-baskonsoloslugu\/\"]}]},{\"@type\":\"BreadcrumbList\",\"@id\":\"https:\/\/www.myvize.com.tr\/almanya\/konsolosluklar\/munih-baskonsoloslugu\/#breadcrumb\",\"itemListElement\":[{\"@type\":\"ListItem\",\"position\":1,\"name\":\"Anasayfa\",\"item\":\"https:\/\/www.myvize.com.tr\/almanya\/\"},{\"@type\":\"ListItem\",\"position\":2,\"name\":\"KONSOLOSLUKLAR\",\"item\":\"https:\/\/www.myvize.com.tr\/almanya\/konsolosluklar\/\"},{\"@type\":\"ListItem\",\"position\":3,\"name\":\"Almanya M\u00fcnih Ba\u015fkonsoloslu\u011fu\"}]},{\"@type\":\"WebSite\",\"@id\":\"https:\/\/www.myvize.com.tr\/almanya\/#website\",\"url\":\"https:\/\/www.myvize.com.tr\/almanya\/\",\"name\":\"Almanya Vize\",\"description\":\"\",\"potentialAction\":[{\"@type\":\"SearchAction\",\"target\":{\"@type\":\"EntryPoint\",\"urlTemplate\":\"https:\/\/www.myvize.com.tr\/almanya\/?s={search_term_string}\"},\"query-input\":{\"@type\":\"PropertyValueSpecification\",\"valueRequired\":true,\"valueName\":\"search_term_string\"}}],\"inLanguage\":\"tr\"}]}<\/script>\n<!-- \/ Yoast SEO plugin. -->","yoast_head_json":{"title":"Almanya M\u00fcnih Ba\u015fkonsoloslu\u011fu Vize \u0130\u015flemleri - MyVize","description":"Almanya M\u00fcnih Ba\u015fkonsoloslu\u011fu Vize \u0130\u015flemleri Nelerdir? Almanya M\u00fcnih Ba\u015fkonsoloslu\u011fu Nerededir? Bilgi \u0130\u00e7in Hemen Aray\u0131n: 0850 346 84 93","robots":{"index":"index","follow":"follow","max-snippet":"max-snippet:-1","max-image-preview":"max-image-preview:large","max-video-preview":"max-video-preview:-1"},"canonical":"https:\/\/www.myvize.com.tr\/almanya\/konsolosluklar\/munih-baskonsoloslugu\/","og_locale":"tr_TR","og_type":"article","og_title":"Almanya M\u00fcnih Ba\u015fkonsoloslu\u011fu Vize \u0130\u015flemleri - MyVize","og_description":"Almanya M\u00fcnih Ba\u015fkonsoloslu\u011fu Vize \u0130\u015flemleri Nelerdir? Almanya M\u00fcnih Ba\u015fkonsoloslu\u011fu Nerededir? Bilgi \u0130\u00e7in Hemen Aray\u0131n: 0850 346 84 93","og_url":"https:\/\/www.myvize.com.tr\/almanya\/konsolosluklar\/munih-baskonsoloslugu\/","og_site_name":"Almanya Vize","article_modified_time":"2022-08-05T09:26:24+00:00","twitter_card":"summary_large_image","twitter_misc":{"Tahmini okuma s\u00fcresi":"3 dakika"},"schema":{"@context":"https:\/\/schema.org","@graph":[{"@type":"WebPage","@id":"https:\/\/www.myvize.com.tr\/almanya\/konsolosluklar\/munih-baskonsoloslugu\/","url":"https:\/\/www.myvize.com.tr\/almanya\/konsolosluklar\/munih-baskonsoloslugu\/","name":"Almanya M\u00fcnih Ba\u015fkonsoloslu\u011fu Vize \u0130\u015flemleri - MyVize","isPartOf":{"@id":"https:\/\/www.myvize.com.tr\/almanya\/#website"},"datePublished":"2021-01-29T15:45:01+00:00","dateModified":"2022-08-05T09:26:24+00:00","description":"Almanya M\u00fcnih Ba\u015fkonsoloslu\u011fu Vize \u0130\u015flemleri Nelerdir? Almanya M\u00fcnih Ba\u015fkonsoloslu\u011fu Nerededir? Bilgi \u0130\u00e7in Hemen Aray\u0131n: 0850 346 84 93","breadcrumb":{"@id":"https:\/\/www.myvize.com.tr\/almanya\/konsolosluklar\/munih-baskonsoloslugu\/#breadcrumb"},"inLanguage":"tr","potentialAction":[{"@type":"ReadAction","target":["https:\/\/www.myvize.com.tr\/almanya\/konsolosluklar\/munih-baskonsoloslugu\/"]}]},{"@type":"BreadcrumbList","@id":"https:\/\/www.myvize.com.tr\/almanya\/konsolosluklar\/munih-baskonsoloslugu\/#breadcrumb","itemListElement":[{"@type":"ListItem","position":1,"name":"Anasayfa","item":"https:\/\/www.myvize.com.tr\/almanya\/"},{"@type":"ListItem","position":2,"name":"KONSOLOSLUKLAR","item":"https:\/\/www.myvize.com.tr\/almanya\/konsolosluklar\/"},{"@type":"ListItem","position":3,"name":"Almanya M\u00fcnih Ba\u015fkonsoloslu\u011fu"}]},{"@type":"WebSite","@id":"https:\/\/www.myvize.com.tr\/almanya\/#website","url":"https:\/\/www.myvize.com.tr\/almanya\/","name":"Almanya Vize","description":"","potentialAction":[{"@type":"SearchAction","target":{"@type":"EntryPoint","urlTemplate":"https:\/\/www.myvize.com.tr\/almanya\/?s={search_term_string}"},"query-input":{"@type":"PropertyValueSpecification","valueRequired":true,"valueName":"search_term_string"}}],"inLanguage":"tr"}]}},"_links":{"self":[{"href":"https:\/\/www.myvize.com.tr\/almanya\/wp-json\/wp\/v2\/pages\/409","targetHints":{"allow":["GET"]}}],"collection":[{"href":"https:\/\/www.myvize.com.tr\/almanya\/wp-json\/wp\/v2\/pages"}],"about":[{"href":"https:\/\/www.myvize.com.tr\/almanya\/wp-json\/wp\/v2\/types\/page"}],"author":[{"embeddable":true,"href":"https:\/\/www.myvize.com.tr\/almanya\/wp-json\/wp\/v2\/users\/1"}],"replies":[{"embeddable":true,"href":"https:\/\/www.myvize.com.tr\/almanya\/wp-json\/wp\/v2\/comments?post=409"}],"version-history":[{"count":4,"href":"https:\/\/www.myvize.com.tr\/almanya\/wp-json\/wp\/v2\/pages\/409\/revisions"}],"predecessor-version":[{"id":1181,"href":"https:\/\/www.myvize.com.tr\/almanya\/wp-json\/wp\/v2\/pages\/409\/revisions\/1181"}],"up":[{"embeddable":true,"href":"https:\/\/www.myvize.com.tr\/almanya\/wp-json\/wp\/v2\/pages\/69"}],"wp:attachment":[{"href":"https:\/\/www.myvize.com.tr\/almanya\/wp-json\/wp\/v2\/media?parent=409"}],"curies":[{"name":"wp","href":"https:\/\/api.w.org\/{rel}","templated":true}]}}