{"id":415,"date":"2021-01-29T18:46:18","date_gmt":"2021-01-29T15:46:18","guid":{"rendered":"https:\/\/www.myvize.com.tr\/almanya\/?page_id=415"},"modified":"2022-03-22T15:53:40","modified_gmt":"2022-03-22T12:53:40","slug":"hannover-baskonsoloslugu","status":"publish","type":"page","link":"https:\/\/www.myvize.com.tr\/almanya\/konsolosluklar\/hannover-baskonsoloslugu\/","title":{"rendered":"Almanya Hannover Ba\u015fkonsoloslu\u011fu"},"content":{"rendered":"<h2><strong><span style=\"font-family: Roboto; font-size: 27px;\">Almanya Hannover Ba\u015fkonsolosu Kimdir?<\/span><\/strong><\/h2>\n<p><span style=\"font-family: Roboto; font-size: 14px;\">Ba\u015fkonsolos G\u00fcl \u00d6zge Kaya 1978 y\u0131l\u0131 Ankara\u2019da do\u011fmu\u015ftur.\u00a0<\/span><br \/>\n<span style=\"font-family: Roboto; font-size: 14px;\">Ankara Anadolu Lisesinde ve Ankara \u00dcniversitesi Siyasal Bilgi Fak\u00fcltesi Uluslararas\u0131 \u0130li\u015fki b\u00f6l\u00fcm\u00fcnde \u00f6\u011frenim g\u00f6rm\u00fc\u015ft\u00fcr, lisans \u00fcst\u00fc e\u011fitimi G\u00fcney do\u011fu Avrupa \u0130stikrar Pakt\u0131 bursu kapsam\u0131na Yunanistan \/ Atina Ulusal Kapodistras \u00dcniversitesi \u0130ktisat ve Siyasi Bilim Fak\u00fcltesinde G\u00fcneydo\u011fu Avrupa \u00c7al\u0131\u015fmas\u0131 alan\u0131nda tamamlam\u0131\u015ft\u0131r.\u00a0<\/span><br \/>\n<span style=\"font-family: Roboto; font-size: 14px;\">D\u0131\u015f i\u015fleri Bakanl\u0131\u011f\u0131ndaki kariyerine 2005 y\u0131l\u0131 da \u00a0\u0130kili Ekonomi \u0130li\u015fkiler Genel M\u00fcd\u00fcr Yard\u0131mc\u0131l\u0131\u011f\u0131nda Aday Meslek Memuru olarak ba\u015flam\u0131\u015f, daha sonras s\u0131ras\u0131yla Irak \u00d6zel Temsilcili\u011finde \u00dc\u00e7\u00fcnc\u00fc K\u00e2tip (2007-2008), Pekin B\u00fcy\u00fckel\u00e7ili\u011finde \u00dc\u00e7\u00fcnc\u00fc \/ \u0130kinci K\u00e2tip (2008-2012), D\u0131\u015f i\u015fleri Bakanl\u0131\u011f\u0131 Kafkasya ve Orta Asya Genel M\u00fcd\u00fcr Yard\u0131mc\u0131l\u0131\u011f\u0131nda \u0130kinci K\u00e2tip \/ Ba\u015f k\u00e2tip (2013-2014), Berlin B\u00fcy\u00fckel\u00e7ili\u011finde Ba\u015fk\u00e2tip \/ M\u00fcste\u015far (2014-2018), D\u0131\u015f i\u015fleri Bakanl\u0131\u011f\u0131 Kuzey Avrupa Genel M\u00fcd\u00fcr Yard\u0131mc\u0131l\u0131\u011f\u0131nda (2018-2020) Daire Ba\u015fkan\u0131 olarak g\u00f6revini yapm\u0131\u015ft\u0131r. 1 Eyl\u00fcl 2020 tarihine <strong>Hannover Ba\u015fkonsoloslu\u011fu g\u00f6revi<\/strong> devralm\u0131\u015ft\u0131r.\u00a0<\/span><br \/>\n<span style=\"font-family: Roboto; font-size: 14px;\">\u0130ngilizce, Almanca, Rusca ve Yunanca bilmekte. Evli ve 2 \u00e7ocuk annesidir.<\/span><\/p>\n<h2><strong><span style=\"font-family: Roboto; font-size: 27px;\">Almanya Hannover Ba\u015fkonsoloslu\u011fu Vize \u0130\u015flemleri<\/span><\/strong><\/h2>\n<p><span style=\"font-family: Roboto; font-size: 14px;\"><span style=\"color: #2acec2;\"><strong><a style=\"color: #2acec2;\" href=\"https:\/\/www.myvize.com.tr\/almanya\/vize-islemleri\/almanya-vize-basvurusu\/\" target=\"_blank\" rel=\"noopener\">Almanya vize ba\u015fvuru<\/a><\/strong><\/span> i\u00e7in kullan\u0131lmas\u0131 planlanan pasaportunun vize i\u015flemine al\u0131nabilmesi i\u00e7in en az 2 sayfas\u0131 bo\u015f olmas\u0131 gerekmekte. Vize talebine bulunan ki\u015filerin pasaportu yoksa yeni \u00a0pasaport \u00e7\u0131kart\u0131lmal\u0131d\u0131r.<br \/>\n<span style=\"color: #2acec2;\"><strong><a style=\"color: #2acec2;\" href=\"https:\/\/www.myvize.com.tr\/almanya\/vize-islemleri\/almanya-vizesi\/\" target=\"_blank\" rel=\"noopener\">\u00a0Almanya vizesi <\/a><\/strong><\/span>i\u015fleminde kullan\u0131lacak olan pasaport son 10 y\u0131l i\u00e7inde d\u00fczenlenmi\u015f olmalar\u0131 ve<strong> Almanya vizesi<\/strong> bitiminden sonra en az 3 ay ge\u00e7erlili\u011fi bulunmas\u0131 gerekmekte.<br \/>\nRe\u015fit olmayan ki\u015finin, ebeveyni ya da yasal vasisinin yard\u0131m\u0131yla Almanya Vizesi ba\u015fvuru yapabilece\u011fi gibi noter tasdiki bir muvafakatname yard\u0131m\u0131 ile da ba\u015fvuruda bulunabilir.<br \/>\nVize ba\u015fvurunuzu resmi ikametinizi bulundu\u011fu yerde ki konsoloslukdan yapman\u0131z \u00f6nem arz etmekte.<br \/>\nResmi tatillerde <strong>Almanya Hannover Ba\u015fkonsoloslu\u011fu<\/strong> kapal\u0131 olmaktad\u0131r. Vize ba\u015fvurunuz resmi tatil tarihine denk gelmesi, vize i\u015fleminizin gecikmesi neden oldu\u011fundan, Almanya vize ba\u015fvurusunda bulunurken vize ba\u015fvurunuzun Almanya ve T\u00fcrkiye resmi tatil g\u00fcn\u00fcne denk gelmemesi dikkat etmeniz gerekmekte.<br \/>\nAlmanya\u2019da k\u0131sa s\u00fcre ve uzun s\u00fcre vize \u00fccreti <strong>Almanya Konsoloslu\u011fu<\/strong> taraf\u0131ndan belirlenmektedir. Almanya\u2019da ki vize i\u015flemi, <strong>Almanya Konsoloslu\u011fu<\/strong> taraf\u0131ndan akredit edilmi\u015f vize hizmet merkezi taraf\u0131ndan y\u00fcr\u00fct\u00fcld\u00fc\u011f\u00fcnde, vize hizmet merkezleri masraf\u0131 d\u00e2hil edilebilir.\u00a0<\/span><\/p>\n<h2><span style=\"font-family: Roboto; font-size: 14px;\"><strong><span style=\"font-size: 27px;\">Almanya Hannover Ba\u015fkonsoloslu\u011fu Vize Ba\u015fvurusu<\/span><\/strong><\/span><\/h2>\n<p><span style=\"font-family: Roboto; font-size: 14px;\"><strong>Almanya Hannover \u00f6n vize ba\u015fvuru formu<\/strong> doldurmak i\u00e7in ba\u015fkonsoloslu\u011fu online sistemi kullan\u0131lmaktadr. Bu sisteme eri\u015fim sa\u011flama i\u00e7in <strong>Almanya Hannover Ba\u015fkonsoloslu\u011fu<\/strong> kendi sayfas\u0131 giri\u015f yaparak sa\u011f \u00fcstde \u00e7\u0131kan se\u00e7enekden vize \u00f6n ba\u015fvuru sayfas\u0131 a\u00e7man\u0131z gerekmekte. Daha sonras\u0131na vize ba\u015fvuru doldurmaya ba\u015flayabilirsiniz. Ba\u015fvuru tamamiyle \u0130ngilizce olarak doldurulmal\u0131. Ba\u015fvuru form, dolduruldukdan ve teslim al\u0131nd\u0131kdan sonra \u00e7\u0131kt\u0131s\u0131 al\u0131nmas\u0131 ve ba\u015fvuru dosyas\u0131na eklenmeli.<br \/>\n<strong>\u00a0Almanya vizesi<\/strong> ba\u015fvuru form i\u00e7in t\u00fcm bilginin eksiksiz ve do\u011fru bir \u015fekilde yaz\u0131lma, ba\u015fvuru formu esas al\u0131narak yap\u0131lcak de\u011ferlendirmede evrak\u0131n\u0131za ba\u011flanaca\u011f\u0131 i\u00e7in \u00e7ok \u00f6nemli. Ula\u015f\u0131labilir olan eposta ve telefon numaran\u0131z\u0131 eklemelisiniz. Ticaret ve ziyaret vizesi ba\u015fvurunuz i\u00e7in ilgili ki\u015finin telefon numaras\u0131 ve eposta adresi de mevcut olmal\u0131d\u0131r.<br \/>\n<strong>Vize Ba\u015fvurusu \u0130\u00e7in Gerekli Belge:<\/strong><br \/>\nPasaportun ve varsa \u00f6nceki (Schengen) vizenizin fotokopisi gerekli.<br \/>\nPasaport<br \/>\nVize Ba\u015fvuru ve Taahh\u00fct Mektubu<br \/>\n<strong>Almanya Ba\u015fkonsoloslu\u011fa<\/strong> Seyahat Amac\u0131 A\u00e7\u0131klayan Ki\u015fisel Dilek\u00e7e<br \/>\n2 adet biyometrik foto\u011fraf (Yeni \u00e7ekilmi\u015f olmas\u0131)<br \/>\nN\u00fcfus c\u00fczdan\u0131 fotokopi (TC kimlik numaras\u0131 yaz\u0131l\u0131 oldu\u011funda emin olunuz.)<br \/>\nBelgesi Kimlik Kayd\u0131 \u00d6rne\u011fi (Yeni Tarih ile Veli Bilgileri D\u00e2hil)<br \/>\nGidi\u015f-D\u00f6n\u00fc\u015f U\u00e7ak Rezervasyon ve Otel Rezervasyonu<br \/>\nSeyahat Masraf\u0131 \u0130\u00e7in Evrak Seyahat Sa\u011fl\u0131k Sigortas\u0131 (Taraf\u0131m\u0131zda Sa\u011flan\u0131r)<br \/>\nProfesyonel Kullan\u0131m\u0131 i\u00e7in Belge<br \/>\nFinansal kay\u0131t<br \/>\nMesleki Belge<\/span><\/p>\n<p><span style=\"font-family: Roboto; font-size: 14px;\"><strong><span style=\"font-size: 27px;\">Almanya Hannover Ba\u015fkonsoloslu\u011fu Vize Randevusu<\/span><\/strong><\/span><\/p>\n<p><span style=\"font-family: Roboto; font-size: 14px;\"><strong>Almanya Hannover Ba\u015fkonsoloslu\u011fu<\/strong> kendi adresinde \u00e7evrim i\u00e7i vize randevu alabilece\u011fi gibi Ba\u015fkonsolosluk \u00e7a\u011fr\u0131 merkezlerine ba\u011flanarak konsoloslu\u011fun santrali \u00fczerinden ya da do\u011frudan arayarak ba\u011flanabilirler ve randevunuzu alabilirsinz.<br \/>\nAlmanya, Schengen B\u00f6lgesine \u00fcye olan \u00fclkeden birisidir. Almanya\u2019ya k\u0131sa bir seyahat planlayan (90 g\u00fcnde az) ki\u015fi, Almanya Schengen vizesi ba\u015fvurmak zorundad\u0131rlar. <strong>Almanya Schengen Vizesine<\/strong> sahip olan ki\u015finin yolculu\u011fu Almanya \u2018da ba\u015flad\u0131\u011f\u0131 s\u00fcrelere di\u011fer Schengen \u00fclkesine yeniden vize almada seyahat etmesine izin verilmektedir.<br \/>\nAyr\u0131ca Ye\u015fil, Gri, Siyah Pasaport 90 g\u00fcne kadar olan gidi\u015fde vize i\u015flemini gerektirmez. Ancak bordo pasaport sahip ki\u015finin vizeye sahip olmas\u0131 i\u00e7in ba\u015fvuru yapmas\u0131 gerekmektedir.<br \/>\nPasaportun y\u0131pranmam\u0131\u015f olmas\u0131 gerekti\u011fi unutmay\u0131n\u0131z. Y\u0131pranm\u0131\u015f olan bir pasaport vize alsan\u0131z bile s\u0131n\u0131rda geri \u00e7evrilme ihtimaliniz bulunmakta.<\/span><\/p>\n<h3><strong><span style=\"font-family: Roboto; font-size: 24px;\">Almanya Hannover Ba\u015fkonsoloslu\u011fu Adres Ve \u0130leti\u015fim Bilgileri<\/span><\/strong><\/h3>\n<p><span style=\"font-family: Roboto; font-size: 14px;\">Ba\u015fkonsolosluk 1966 y\u0131l\u0131nda kurulmu\u015f, ilk Ba\u015fkonsolosluk Baha Ordemir, 29 Temmuz 1966 tarihine g\u00f6revine ba\u015flam\u0131\u015fd\u0131r. 1985 y\u0131l\u0131 sonu kadar<strong> Hannover<\/strong> \u015fehir merkezine yer alan \u00e7e\u015fitli binada hizmet veren Ba\u015fkonsolosluk 1986 y\u0131l\u0131ndan bu zamana, Aral\u0131k 2000\u2019de sat\u0131n al\u0131nan ile \u201cAn der Christuskiche 3, 30 167 Hannover\u201d adresine bulunan \u015fimdi ki binas\u0131na faaliyet g\u00f6stermekte.\u00a0<\/span><br \/>\n<span style=\"font-family: Roboto; font-size: 14px;\">Ba\u015fkonsolosluk g\u00f6rev b\u00f6lgesine A\u015fa\u011f\u0131 Saksonya, Bremen ve Saksonya-Anhalt eyaleti yer almaktad\u0131r. Ba\u015fkonsolosluk, Almanya\u2019da ki T\u00fcrk Ba\u015fkonsolosluk i\u00e7inde co\u011frafi a\u00e7\u0131dan en geni\u015f g\u00f6revi b\u00f6lgesine sahiptir. \u00a0<\/span><br \/>\n<span style=\"font-family: Roboto; font-size: 14px;\">A\u015fa\u011f\u0131 Saksonya da 95 bin, Bremen Eyaleti de 25 bin ve Saksonya &#8211; Anhalt Eyaletine ise 2.200 olmak \u00fczere g\u00f6rev b\u00f6lgemize yakla\u015f\u0131k 123 bin vatanda\u015flar\u0131m\u0131z bulunmakta. <strong>Alman vatanda\u015fl\u0131\u011fa<\/strong> ge\u00e7mi\u015f olanla birlikte Ba\u015fkonsolosluk hizmet vermekte oldu\u011fu toplam ki\u015fi say\u0131 200 bin ge\u00e7mektedir.\u00a0<\/span><br \/>\n<span style=\"font-family: Roboto; font-size: 14px;\">Ba\u015fkonsolosluk b\u00fcnyesine \u00c7al\u0131\u015fma ve Sosyal G\u00fcven, E\u011fitimi, Ticari ve Din Hizmeti Ata\u015feliki de hizmet vermektedir.\u00a0<\/span><br \/>\n<span style=\"font-family: Roboto; font-size: 14px;\">Hannover T\u00fcrk Ba\u015fkonsoloslu\u011fu Adresi: An der Christuskirche 3, 30167 Hannover \/ ALMANYA<\/span><br \/>\n<span style=\"font-family: Roboto; font-size: 14px;\">Hannover T\u00fcrk Ba\u015fkonsoloslu\u011fu Telefon Numaras\u0131: 0850 346 84 93<\/span><br \/>\n<span style=\"font-family: Roboto; font-size: 14px;\">Hannover T\u00fcrk Ba\u015fkonsoloslu\u011fu \u00c7al\u0131\u015fma Saati:<\/span><br \/>\n<span style=\"font-family: Roboto; font-size: 14px;\">Hannover T\u00fcrk Ba\u015fkonsolosluku Pazartesi ve Cuma g\u00fcnleri hizmet vermektedir<\/span><br \/>\n<span style=\"font-family: Roboto; font-size: 14px;\">Pazartesi: 8:00 &#8211; 12:00<\/span><br \/>\n<span style=\"font-family: Roboto; font-size: 14px;\">Cuma: 8:00 &#8211; 12:00<\/span><\/p>\n","protected":false},"excerpt":{"rendered":"<p>Almanya Hannover Ba\u015fkonsolosu Kimdir? Ba\u015fkonsolos G\u00fcl \u00d6zge Kaya 1978 y\u0131l\u0131 Ankara\u2019da do\u011fmu\u015ftur.\u00a0 Ankara Anadolu Lisesinde ve Ankara \u00dcniversitesi Siyasal Bilgi Fak\u00fcltesi Uluslararas\u0131 \u0130li\u015fki b\u00f6l\u00fcm\u00fcnde \u00f6\u011frenim g\u00f6rm\u00fc\u015ft\u00fcr, lisans \u00fcst\u00fc e\u011fitimi G\u00fcney do\u011fu Avrupa \u0130stikrar Pakt\u0131 bursu kapsam\u0131na Yunanistan \/ Atina Ulusal Kapodistras \u00dcniversitesi \u0130ktisat ve Siyasi Bilim Fak\u00fcltesinde G\u00fcneydo\u011fu Avrupa \u00c7al\u0131\u015fmas\u0131 alan\u0131nda tamamlam\u0131\u015ft\u0131r.\u00a0 D\u0131\u015f i\u015fleri Bakanl\u0131\u011f\u0131ndaki<\/p>\n","protected":false},"author":1,"featured_media":0,"parent":69,"menu_order":0,"comment_status":"open","ping_status":"closed","template":"","meta":{"footnotes":""},"class_list":["post-415","page","type-page","status-publish","hentry"],"yoast_head":"<!-- This site is optimized with the Yoast SEO plugin v24.0 - https:\/\/yoast.com\/wordpress\/plugins\/seo\/ -->\n<title>Almanya Hannover Ba\u015fkonsoloslu\u011fu Vize \u0130\u015flemleri - MyVize<\/title>\n<meta name=\"description\" content=\"Almanya Hannover Ba\u015fkonsoloslu\u011fu Vize \u0130\u015flemleri Nelerdir? Almanya Hannover Ba\u015fkonsoloslu\u011fu Nerededir? Bilgi \u0130\u00e7in Hemen Aray\u0131n: 0850 346 84 93\" \/>\n<meta name=\"robots\" content=\"index, follow, max-snippet:-1, max-image-preview:large, max-video-preview:-1\" \/>\n<link rel=\"canonical\" href=\"https:\/\/www.myvize.com.tr\/almanya\/konsolosluklar\/hannover-baskonsoloslugu\/\" \/>\n<meta property=\"og:locale\" content=\"tr_TR\" \/>\n<meta property=\"og:type\" content=\"article\" \/>\n<meta property=\"og:title\" content=\"Almanya Hannover Ba\u015fkonsoloslu\u011fu Vize \u0130\u015flemleri - MyVize\" \/>\n<meta property=\"og:description\" content=\"Almanya Hannover Ba\u015fkonsoloslu\u011fu Vize \u0130\u015flemleri Nelerdir? Almanya Hannover Ba\u015fkonsoloslu\u011fu Nerededir? Bilgi \u0130\u00e7in Hemen Aray\u0131n: 0850 346 84 93\" \/>\n<meta property=\"og:url\" content=\"https:\/\/www.myvize.com.tr\/almanya\/konsolosluklar\/hannover-baskonsoloslugu\/\" \/>\n<meta property=\"og:site_name\" content=\"Almanya Vize\" \/>\n<meta property=\"article:modified_time\" content=\"2022-03-22T12:53:40+00:00\" \/>\n<meta name=\"twitter:card\" content=\"summary_large_image\" \/>\n<meta name=\"twitter:label1\" content=\"Tahmini okuma s\u00fcresi\" \/>\n\t<meta name=\"twitter:data1\" content=\"4 dakika\" \/>\n<script type=\"application\/ld+json\" class=\"yoast-schema-graph\">{\"@context\":\"https:\/\/schema.org\",\"@graph\":[{\"@type\":\"WebPage\",\"@id\":\"https:\/\/www.myvize.com.tr\/almanya\/konsolosluklar\/hannover-baskonsoloslugu\/\",\"url\":\"https:\/\/www.myvize.com.tr\/almanya\/konsolosluklar\/hannover-baskonsoloslugu\/\",\"name\":\"Almanya Hannover Ba\u015fkonsoloslu\u011fu Vize \u0130\u015flemleri - MyVize\",\"isPartOf\":{\"@id\":\"https:\/\/www.myvize.com.tr\/almanya\/#website\"},\"datePublished\":\"2021-01-29T15:46:18+00:00\",\"dateModified\":\"2022-03-22T12:53:40+00:00\",\"description\":\"Almanya Hannover Ba\u015fkonsoloslu\u011fu Vize \u0130\u015flemleri Nelerdir? Almanya Hannover Ba\u015fkonsoloslu\u011fu Nerededir? Bilgi \u0130\u00e7in Hemen Aray\u0131n: 0850 346 84 93\",\"breadcrumb\":{\"@id\":\"https:\/\/www.myvize.com.tr\/almanya\/konsolosluklar\/hannover-baskonsoloslugu\/#breadcrumb\"},\"inLanguage\":\"tr\",\"potentialAction\":[{\"@type\":\"ReadAction\",\"target\":[\"https:\/\/www.myvize.com.tr\/almanya\/konsolosluklar\/hannover-baskonsoloslugu\/\"]}]},{\"@type\":\"BreadcrumbList\",\"@id\":\"https:\/\/www.myvize.com.tr\/almanya\/konsolosluklar\/hannover-baskonsoloslugu\/#breadcrumb\",\"itemListElement\":[{\"@type\":\"ListItem\",\"position\":1,\"name\":\"Anasayfa\",\"item\":\"https:\/\/www.myvize.com.tr\/almanya\/\"},{\"@type\":\"ListItem\",\"position\":2,\"name\":\"KONSOLOSLUKLAR\",\"item\":\"https:\/\/www.myvize.com.tr\/almanya\/konsolosluklar\/\"},{\"@type\":\"ListItem\",\"position\":3,\"name\":\"Almanya Hannover Ba\u015fkonsoloslu\u011fu\"}]},{\"@type\":\"WebSite\",\"@id\":\"https:\/\/www.myvize.com.tr\/almanya\/#website\",\"url\":\"https:\/\/www.myvize.com.tr\/almanya\/\",\"name\":\"Almanya Vize\",\"description\":\"\",\"potentialAction\":[{\"@type\":\"SearchAction\",\"target\":{\"@type\":\"EntryPoint\",\"urlTemplate\":\"https:\/\/www.myvize.com.tr\/almanya\/?s={search_term_string}\"},\"query-input\":{\"@type\":\"PropertyValueSpecification\",\"valueRequired\":true,\"valueName\":\"search_term_string\"}}],\"inLanguage\":\"tr\"}]}<\/script>\n<!-- \/ Yoast SEO plugin. -->","yoast_head_json":{"title":"Almanya Hannover Ba\u015fkonsoloslu\u011fu Vize \u0130\u015flemleri - MyVize","description":"Almanya Hannover Ba\u015fkonsoloslu\u011fu Vize \u0130\u015flemleri Nelerdir? Almanya Hannover Ba\u015fkonsoloslu\u011fu Nerededir? Bilgi \u0130\u00e7in Hemen Aray\u0131n: 0850 346 84 93","robots":{"index":"index","follow":"follow","max-snippet":"max-snippet:-1","max-image-preview":"max-image-preview:large","max-video-preview":"max-video-preview:-1"},"canonical":"https:\/\/www.myvize.com.tr\/almanya\/konsolosluklar\/hannover-baskonsoloslugu\/","og_locale":"tr_TR","og_type":"article","og_title":"Almanya Hannover Ba\u015fkonsoloslu\u011fu Vize \u0130\u015flemleri - MyVize","og_description":"Almanya Hannover Ba\u015fkonsoloslu\u011fu Vize \u0130\u015flemleri Nelerdir? Almanya Hannover Ba\u015fkonsoloslu\u011fu Nerededir? Bilgi \u0130\u00e7in Hemen Aray\u0131n: 0850 346 84 93","og_url":"https:\/\/www.myvize.com.tr\/almanya\/konsolosluklar\/hannover-baskonsoloslugu\/","og_site_name":"Almanya Vize","article_modified_time":"2022-03-22T12:53:40+00:00","twitter_card":"summary_large_image","twitter_misc":{"Tahmini okuma s\u00fcresi":"4 dakika"},"schema":{"@context":"https:\/\/schema.org","@graph":[{"@type":"WebPage","@id":"https:\/\/www.myvize.com.tr\/almanya\/konsolosluklar\/hannover-baskonsoloslugu\/","url":"https:\/\/www.myvize.com.tr\/almanya\/konsolosluklar\/hannover-baskonsoloslugu\/","name":"Almanya Hannover Ba\u015fkonsoloslu\u011fu Vize \u0130\u015flemleri - MyVize","isPartOf":{"@id":"https:\/\/www.myvize.com.tr\/almanya\/#website"},"datePublished":"2021-01-29T15:46:18+00:00","dateModified":"2022-03-22T12:53:40+00:00","description":"Almanya Hannover Ba\u015fkonsoloslu\u011fu Vize \u0130\u015flemleri Nelerdir? Almanya Hannover Ba\u015fkonsoloslu\u011fu Nerededir? Bilgi \u0130\u00e7in Hemen Aray\u0131n: 0850 346 84 93","breadcrumb":{"@id":"https:\/\/www.myvize.com.tr\/almanya\/konsolosluklar\/hannover-baskonsoloslugu\/#breadcrumb"},"inLanguage":"tr","potentialAction":[{"@type":"ReadAction","target":["https:\/\/www.myvize.com.tr\/almanya\/konsolosluklar\/hannover-baskonsoloslugu\/"]}]},{"@type":"BreadcrumbList","@id":"https:\/\/www.myvize.com.tr\/almanya\/konsolosluklar\/hannover-baskonsoloslugu\/#breadcrumb","itemListElement":[{"@type":"ListItem","position":1,"name":"Anasayfa","item":"https:\/\/www.myvize.com.tr\/almanya\/"},{"@type":"ListItem","position":2,"name":"KONSOLOSLUKLAR","item":"https:\/\/www.myvize.com.tr\/almanya\/konsolosluklar\/"},{"@type":"ListItem","position":3,"name":"Almanya Hannover Ba\u015fkonsoloslu\u011fu"}]},{"@type":"WebSite","@id":"https:\/\/www.myvize.com.tr\/almanya\/#website","url":"https:\/\/www.myvize.com.tr\/almanya\/","name":"Almanya Vize","description":"","potentialAction":[{"@type":"SearchAction","target":{"@type":"EntryPoint","urlTemplate":"https:\/\/www.myvize.com.tr\/almanya\/?s={search_term_string}"},"query-input":{"@type":"PropertyValueSpecification","valueRequired":true,"valueName":"search_term_string"}}],"inLanguage":"tr"}]}},"_links":{"self":[{"href":"https:\/\/www.myvize.com.tr\/almanya\/wp-json\/wp\/v2\/pages\/415","targetHints":{"allow":["GET"]}}],"collection":[{"href":"https:\/\/www.myvize.com.tr\/almanya\/wp-json\/wp\/v2\/pages"}],"about":[{"href":"https:\/\/www.myvize.com.tr\/almanya\/wp-json\/wp\/v2\/types\/page"}],"author":[{"embeddable":true,"href":"https:\/\/www.myvize.com.tr\/almanya\/wp-json\/wp\/v2\/users\/1"}],"replies":[{"embeddable":true,"href":"https:\/\/www.myvize.com.tr\/almanya\/wp-json\/wp\/v2\/comments?post=415"}],"version-history":[{"count":5,"href":"https:\/\/www.myvize.com.tr\/almanya\/wp-json\/wp\/v2\/pages\/415\/revisions"}],"predecessor-version":[{"id":1604,"href":"https:\/\/www.myvize.com.tr\/almanya\/wp-json\/wp\/v2\/pages\/415\/revisions\/1604"}],"up":[{"embeddable":true,"href":"https:\/\/www.myvize.com.tr\/almanya\/wp-json\/wp\/v2\/pages\/69"}],"wp:attachment":[{"href":"https:\/\/www.myvize.com.tr\/almanya\/wp-json\/wp\/v2\/media?parent=415"}],"curies":[{"name":"wp","href":"https:\/\/api.w.org\/{rel}","templated":true}]}}