{"id":570,"date":"2021-06-27T16:35:40","date_gmt":"2021-06-27T13:35:40","guid":{"rendered":"https:\/\/www.myvize.com.tr\/almanya\/?page_id=570"},"modified":"2022-03-22T16:33:32","modified_gmt":"2022-03-22T13:33:32","slug":"blog","status":"publish","type":"page","link":"https:\/\/www.myvize.com.tr\/almanya\/blog\/","title":{"rendered":"BLOG"},"content":{"rendered":"<h2><strong><span style=\"font-family: Roboto; font-size: 27px;\">Almanya Blog<\/span><\/strong><\/h2>\n","protected":false},"excerpt":{"rendered":"<p>Almanya Blog<\/p>\n","protected":false},"author":1,"featured_media":0,"parent":0,"menu_order":0,"comment_status":"closed","ping_status":"closed","template":"","meta":{"footnotes":""},"class_list":["post-570","page","type-page","status-publish","hentry"],"yoast_head":"<!-- This site is optimized with the Yoast SEO plugin v24.0 - https:\/\/yoast.com\/wordpress\/plugins\/seo\/ -->\n<title>Almanya Blog Yaz\u0131lar\u0131 Hakk\u0131nda Her \u015eey - MyVize<\/title>\n<meta name=\"description\" content=\"Almanya Vizesi \u0130\u00e7in Gereken Evraklar Nelerdir? Almanya Vizesi Ba\u015fvurusunda Dikkat Edilmesi Gerekenler Neler? Bilgi \u0130\u00e7in Ara: 0850 346 84 93\" \/>\n<meta name=\"robots\" content=\"index, follow, max-snippet:-1, max-image-preview:large, max-video-preview:-1\" \/>\n<link rel=\"canonical\" href=\"https:\/\/www.myvize.com.tr\/almanya\/blog\/\" \/>\n<meta property=\"og:locale\" content=\"tr_TR\" \/>\n<meta property=\"og:type\" content=\"article\" \/>\n<meta property=\"og:title\" content=\"Almanya Blog Yaz\u0131lar\u0131 Hakk\u0131nda Her \u015eey - MyVize\" \/>\n<meta property=\"og:description\" content=\"Almanya Vizesi \u0130\u00e7in Gereken Evraklar Nelerdir? Almanya Vizesi Ba\u015fvurusunda Dikkat Edilmesi Gerekenler Neler? Bilgi \u0130\u00e7in Ara: 0850 346 84 93\" \/>\n<meta property=\"og:url\" content=\"https:\/\/www.myvize.com.tr\/almanya\/blog\/\" \/>\n<meta property=\"og:site_name\" content=\"Almanya Vize\" \/>\n<meta property=\"article:modified_time\" content=\"2022-03-22T13:33:32+00:00\" \/>\n<meta name=\"twitter:card\" content=\"summary_large_image\" \/>\n<meta name=\"twitter:label1\" content=\"Tahmini okuma s\u00fcresi\" \/>\n\t<meta name=\"twitter:data1\" content=\"1 dakika\" \/>\n<script type=\"application\/ld+json\" class=\"yoast-schema-graph\">{\"@context\":\"https:\/\/schema.org\",\"@graph\":[{\"@type\":\"WebPage\",\"@id\":\"https:\/\/www.myvize.com.tr\/almanya\/blog\/\",\"url\":\"https:\/\/www.myvize.com.tr\/almanya\/blog\/\",\"name\":\"Almanya Blog Yaz\u0131lar\u0131 Hakk\u0131nda Her \u015eey - MyVize\",\"isPartOf\":{\"@id\":\"https:\/\/www.myvize.com.tr\/almanya\/#website\"},\"datePublished\":\"2021-06-27T13:35:40+00:00\",\"dateModified\":\"2022-03-22T13:33:32+00:00\",\"description\":\"Almanya Vizesi \u0130\u00e7in Gereken Evraklar Nelerdir? Almanya Vizesi Ba\u015fvurusunda Dikkat Edilmesi Gerekenler Neler? Bilgi \u0130\u00e7in Ara: 0850 346 84 93\",\"breadcrumb\":{\"@id\":\"https:\/\/www.myvize.com.tr\/almanya\/blog\/#breadcrumb\"},\"inLanguage\":\"tr\",\"potentialAction\":[{\"@type\":\"ReadAction\",\"target\":[\"https:\/\/www.myvize.com.tr\/almanya\/blog\/\"]}]},{\"@type\":\"BreadcrumbList\",\"@id\":\"https:\/\/www.myvize.com.tr\/almanya\/blog\/#breadcrumb\",\"itemListElement\":[{\"@type\":\"ListItem\",\"position\":1,\"name\":\"Anasayfa\",\"item\":\"https:\/\/www.myvize.com.tr\/almanya\/\"},{\"@type\":\"ListItem\",\"position\":2,\"name\":\"BLOG\"}]},{\"@type\":\"WebSite\",\"@id\":\"https:\/\/www.myvize.com.tr\/almanya\/#website\",\"url\":\"https:\/\/www.myvize.com.tr\/almanya\/\",\"name\":\"Almanya Vize\",\"description\":\"\",\"potentialAction\":[{\"@type\":\"SearchAction\",\"target\":{\"@type\":\"EntryPoint\",\"urlTemplate\":\"https:\/\/www.myvize.com.tr\/almanya\/?s={search_term_string}\"},\"query-input\":{\"@type\":\"PropertyValueSpecification\",\"valueRequired\":true,\"valueName\":\"search_term_string\"}}],\"inLanguage\":\"tr\"}]}<\/script>\n<!-- \/ Yoast SEO plugin. -->","yoast_head_json":{"title":"Almanya Blog Yaz\u0131lar\u0131 Hakk\u0131nda Her \u015eey - MyVize","description":"Almanya Vizesi \u0130\u00e7in Gereken Evraklar Nelerdir? Almanya Vizesi Ba\u015fvurusunda Dikkat Edilmesi Gerekenler Neler? Bilgi \u0130\u00e7in Ara: 0850 346 84 93","robots":{"index":"index","follow":"follow","max-snippet":"max-snippet:-1","max-image-preview":"max-image-preview:large","max-video-preview":"max-video-preview:-1"},"canonical":"https:\/\/www.myvize.com.tr\/almanya\/blog\/","og_locale":"tr_TR","og_type":"article","og_title":"Almanya Blog Yaz\u0131lar\u0131 Hakk\u0131nda Her \u015eey - MyVize","og_description":"Almanya Vizesi \u0130\u00e7in Gereken Evraklar Nelerdir? Almanya Vizesi Ba\u015fvurusunda Dikkat Edilmesi Gerekenler Neler? Bilgi \u0130\u00e7in Ara: 0850 346 84 93","og_url":"https:\/\/www.myvize.com.tr\/almanya\/blog\/","og_site_name":"Almanya Vize","article_modified_time":"2022-03-22T13:33:32+00:00","twitter_card":"summary_large_image","twitter_misc":{"Tahmini okuma s\u00fcresi":"1 dakika"},"schema":{"@context":"https:\/\/schema.org","@graph":[{"@type":"WebPage","@id":"https:\/\/www.myvize.com.tr\/almanya\/blog\/","url":"https:\/\/www.myvize.com.tr\/almanya\/blog\/","name":"Almanya Blog Yaz\u0131lar\u0131 Hakk\u0131nda Her \u015eey - MyVize","isPartOf":{"@id":"https:\/\/www.myvize.com.tr\/almanya\/#website"},"datePublished":"2021-06-27T13:35:40+00:00","dateModified":"2022-03-22T13:33:32+00:00","description":"Almanya Vizesi \u0130\u00e7in Gereken Evraklar Nelerdir? Almanya Vizesi Ba\u015fvurusunda Dikkat Edilmesi Gerekenler Neler? Bilgi \u0130\u00e7in Ara: 0850 346 84 93","breadcrumb":{"@id":"https:\/\/www.myvize.com.tr\/almanya\/blog\/#breadcrumb"},"inLanguage":"tr","potentialAction":[{"@type":"ReadAction","target":["https:\/\/www.myvize.com.tr\/almanya\/blog\/"]}]},{"@type":"BreadcrumbList","@id":"https:\/\/www.myvize.com.tr\/almanya\/blog\/#breadcrumb","itemListElement":[{"@type":"ListItem","position":1,"name":"Anasayfa","item":"https:\/\/www.myvize.com.tr\/almanya\/"},{"@type":"ListItem","position":2,"name":"BLOG"}]},{"@type":"WebSite","@id":"https:\/\/www.myvize.com.tr\/almanya\/#website","url":"https:\/\/www.myvize.com.tr\/almanya\/","name":"Almanya Vize","description":"","potentialAction":[{"@type":"SearchAction","target":{"@type":"EntryPoint","urlTemplate":"https:\/\/www.myvize.com.tr\/almanya\/?s={search_term_string}"},"query-input":{"@type":"PropertyValueSpecification","valueRequired":true,"valueName":"search_term_string"}}],"inLanguage":"tr"}]}},"_links":{"self":[{"href":"https:\/\/www.myvize.com.tr\/almanya\/wp-json\/wp\/v2\/pages\/570","targetHints":{"allow":["GET"]}}],"collection":[{"href":"https:\/\/www.myvize.com.tr\/almanya\/wp-json\/wp\/v2\/pages"}],"about":[{"href":"https:\/\/www.myvize.com.tr\/almanya\/wp-json\/wp\/v2\/types\/page"}],"author":[{"embeddable":true,"href":"https:\/\/www.myvize.com.tr\/almanya\/wp-json\/wp\/v2\/users\/1"}],"replies":[{"embeddable":true,"href":"https:\/\/www.myvize.com.tr\/almanya\/wp-json\/wp\/v2\/comments?post=570"}],"version-history":[{"count":5,"href":"https:\/\/www.myvize.com.tr\/almanya\/wp-json\/wp\/v2\/pages\/570\/revisions"}],"predecessor-version":[{"id":1625,"href":"https:\/\/www.myvize.com.tr\/almanya\/wp-json\/wp\/v2\/pages\/570\/revisions\/1625"}],"wp:attachment":[{"href":"https:\/\/www.myvize.com.tr\/almanya\/wp-json\/wp\/v2\/media?parent=570"}],"curies":[{"name":"wp","href":"https:\/\/api.w.org\/{rel}","templated":true}]}}