{"id":605,"date":"2021-07-07T18:23:19","date_gmt":"2021-07-07T15:23:19","guid":{"rendered":"https:\/\/www.myvize.com.tr\/almanya\/?page_id=605"},"modified":"2022-03-27T22:17:05","modified_gmt":"2022-03-27T19:17:05","slug":"almanya-vize-fotograf-olcusu","status":"publish","type":"page","link":"https:\/\/www.myvize.com.tr\/almanya\/form-ve-dilekce\/almanya-vize-fotograf-olcusu\/","title":{"rendered":"Almanya Vize Foto\u011fraf \u00d6l\u00e7\u00fcs\u00fc"},"content":{"rendered":"<p><span style=\"font-family: Roboto;\"><\/span><\/p>\r\n<p><span style=\"font-family: Roboto; font-size: 14px;\"><strong>Almanya vize i\u015flemlerini yaparken<\/strong> foto\u011fraf \u00f6l\u00e7\u00fc de\u011ferleri \u00f6nemli bir ayr\u0131nt\u0131d\u0131r. <strong>Almanya vize<\/strong> ba\u015fvurular\u0131nda kullan\u0131lmak \u00fczere belirtilen resim \u00f6l\u00e7\u00fclerine uyulmas\u0131 gerekir. Foto\u011fraf\u00e7\u0131 taraf\u0131ndan usul\u00fcne uygun vize foto\u011fraf\u0131 \u00e7ekilmesi ak\u0131ll\u0131ca bir yakla\u015f\u0131m olacakt\u0131r. Resmin foto\u011fraf bilgisi olmayan ki\u015filerce \u00e7ekilmesi uygun de\u011fildir. Foto\u011frafta vize sahibi olacak ki\u015finin y\u00fcz\u00fc net bir bi\u00e7imde g\u00f6r\u00fclmelidir. Genel ifade abart\u0131dan uzak do\u011fal bir hal olmal\u0131d\u0131r. Abart\u0131 derecedeki resimler vize i\u00e7in uygun bulunmamaktad\u0131r. <span style=\"color: #2acec2;\"><strong><a style=\"color: #2acec2;\" href=\"https:\/\/www.myvize.com.tr\/almanya\/vize-islemleri\/almanya-vizesi\/\" target=\"_blank\" rel=\"noopener\">Almanya vizesi<\/a><\/strong><\/span> i\u00e7in foto\u011fraf \u00f6l\u00e7\u00fcs\u00fc geni\u015flik 35 mm, y\u00fckseklik ise 45 mm olarak d\u00fczenlenmelidir.<\/span><\/p>\r\n<p><span style=\"font-family: Roboto; font-size: 14px;\">\r\n\r\n<\/span><\/p>\r\n<h2 class=\"wp-block-heading\"><span style=\"font-family: Roboto; font-size: 27px;\"><strong>Almanya Vize Foto\u011fraf Boyutlar\u0131<\/strong><\/span><\/h2>\r\n<p><span style=\"font-family: Roboto; font-size: 14px;\">\r\n\r\n<\/span><\/p>\r\n<p><span style=\"font-family: Roboto; font-size: 14px;\"><strong>\u00a0Almanya vize foto\u011fraflar\u0131<\/strong> vize i\u015flemlerinin \u00f6nemli bir par\u00e7as\u0131d\u0131r. Foto\u011fraflar sayesinde vize ba\u015fvurusu yapan ki\u015fi fiziksel olarak kendini tan\u0131mlamaktad\u0131r.<strong> Almanya vize<\/strong> foto\u011fraflar\u0131 beyaz bir tonda \u00e7ekilmelidir. \u00c7\u00f6z\u00fcn\u00fcrl\u00fc\u011f\u00fc ise 600 dpi \u015feklinde olmas\u0131 gerekir. Almanya vizesi i\u00e7in olu\u015fturaca\u011f\u0131n\u0131z vize foto\u011fraflar\u0131nda ba\u015f y\u00fcksekli\u011fi 34,5 mm, sa\u00e7\u0131n \u00fcst\u00fc bo\u015f alan ise 3 mm olarak hesaplanm\u0131\u015ft\u0131r. Bu hu\u015fulara dikkat ederek vize foto\u011fraf profilinizi olu\u015fturabilirsiniz. Ayr\u0131ca foto\u011fraflar\u0131n\u0131z en fazla alt\u0131 ayl\u0131k fiziksel durumunuzu yans\u0131tmal\u0131d\u0131r.<\/span><\/p>\r\n<p><span style=\"font-family: Roboto; font-size: 14px;\"><img decoding=\"async\" src=\"https:\/\/www.myvize.com.tr\/almanya\/wp-content\/uploads\/2021\/09\/14.jpg\" \/><\/span><\/p>\r\n<p><span style=\"font-family: Roboto;\"><\/span><\/p>","protected":false},"excerpt":{"rendered":"<p>Almanya vize i\u015flemlerini yaparken foto\u011fraf \u00f6l\u00e7\u00fc de\u011ferleri \u00f6nemli bir ayr\u0131nt\u0131d\u0131r. Almanya vize ba\u015fvurular\u0131nda kullan\u0131lmak \u00fczere belirtilen resim \u00f6l\u00e7\u00fclerine uyulmas\u0131 gerekir. Foto\u011fraf\u00e7\u0131 taraf\u0131ndan usul\u00fcne uygun vize foto\u011fraf\u0131 \u00e7ekilmesi ak\u0131ll\u0131ca bir yakla\u015f\u0131m olacakt\u0131r. Resmin foto\u011fraf bilgisi olmayan ki\u015filerce \u00e7ekilmesi uygun de\u011fildir. Foto\u011frafta vize sahibi olacak ki\u015finin y\u00fcz\u00fc net bir bi\u00e7imde g\u00f6r\u00fclmelidir. Genel ifade abart\u0131dan uzak do\u011fal bir<\/p>\n","protected":false},"author":1,"featured_media":0,"parent":144,"menu_order":0,"comment_status":"open","ping_status":"closed","template":"","meta":{"footnotes":""},"class_list":["post-605","page","type-page","status-publish","hentry"],"yoast_head":"<!-- This site is optimized with the Yoast SEO plugin v24.0 - https:\/\/yoast.com\/wordpress\/plugins\/seo\/ -->\n<title>Almanya Vizesi Foto\u011fraf \u00d6l\u00e7\u00fcs\u00fc - Almanya Vizesi - MyVize<\/title>\n<meta name=\"description\" content=\"Almanya Vizesi Foto\u011fraf \u00d6l\u00e7\u00fcleri Nelerdir? Almanya Vizesi Foto\u011fraf \u00d6zellikleri Nelerdir? Bilgi \u0130\u00e7in Vize Uzmanlar\u0131m\u0131z\u0131 Aray\u0131n: 0850 346 84 93\" \/>\n<meta name=\"robots\" content=\"index, follow, max-snippet:-1, max-image-preview:large, max-video-preview:-1\" \/>\n<link rel=\"canonical\" href=\"https:\/\/www.myvize.com.tr\/almanya\/form-ve-dilekce\/almanya-vize-fotograf-olcusu\/\" \/>\n<meta property=\"og:locale\" content=\"tr_TR\" \/>\n<meta property=\"og:type\" content=\"article\" \/>\n<meta property=\"og:title\" content=\"Almanya Vizesi Foto\u011fraf \u00d6l\u00e7\u00fcs\u00fc - Almanya Vizesi - MyVize\" \/>\n<meta property=\"og:description\" content=\"Almanya Vizesi Foto\u011fraf \u00d6l\u00e7\u00fcleri Nelerdir? Almanya Vizesi Foto\u011fraf \u00d6zellikleri Nelerdir? Bilgi \u0130\u00e7in Vize Uzmanlar\u0131m\u0131z\u0131 Aray\u0131n: 0850 346 84 93\" \/>\n<meta property=\"og:url\" content=\"https:\/\/www.myvize.com.tr\/almanya\/form-ve-dilekce\/almanya-vize-fotograf-olcusu\/\" \/>\n<meta property=\"og:site_name\" content=\"Almanya Vize\" \/>\n<meta property=\"article:modified_time\" content=\"2022-03-27T19:17:05+00:00\" \/>\n<meta property=\"og:image\" content=\"https:\/\/www.myvize.com.tr\/almanya\/wp-content\/uploads\/2021\/09\/14.jpg\" \/>\n<meta name=\"twitter:card\" content=\"summary_large_image\" \/>\n<meta name=\"twitter:label1\" content=\"Tahmini okuma s\u00fcresi\" \/>\n\t<meta name=\"twitter:data1\" content=\"1 dakika\" \/>\n<script type=\"application\/ld+json\" class=\"yoast-schema-graph\">{\"@context\":\"https:\/\/schema.org\",\"@graph\":[{\"@type\":\"WebPage\",\"@id\":\"https:\/\/www.myvize.com.tr\/almanya\/form-ve-dilekce\/almanya-vize-fotograf-olcusu\/\",\"url\":\"https:\/\/www.myvize.com.tr\/almanya\/form-ve-dilekce\/almanya-vize-fotograf-olcusu\/\",\"name\":\"Almanya Vizesi Foto\u011fraf \u00d6l\u00e7\u00fcs\u00fc - Almanya Vizesi - MyVize\",\"isPartOf\":{\"@id\":\"https:\/\/www.myvize.com.tr\/almanya\/#website\"},\"primaryImageOfPage\":{\"@id\":\"https:\/\/www.myvize.com.tr\/almanya\/form-ve-dilekce\/almanya-vize-fotograf-olcusu\/#primaryimage\"},\"image\":{\"@id\":\"https:\/\/www.myvize.com.tr\/almanya\/form-ve-dilekce\/almanya-vize-fotograf-olcusu\/#primaryimage\"},\"thumbnailUrl\":\"https:\/\/www.myvize.com.tr\/almanya\/wp-content\/uploads\/2021\/09\/14.jpg\",\"datePublished\":\"2021-07-07T15:23:19+00:00\",\"dateModified\":\"2022-03-27T19:17:05+00:00\",\"description\":\"Almanya Vizesi Foto\u011fraf \u00d6l\u00e7\u00fcleri Nelerdir? Almanya Vizesi Foto\u011fraf \u00d6zellikleri Nelerdir? Bilgi \u0130\u00e7in Vize Uzmanlar\u0131m\u0131z\u0131 Aray\u0131n: 0850 346 84 93\",\"breadcrumb\":{\"@id\":\"https:\/\/www.myvize.com.tr\/almanya\/form-ve-dilekce\/almanya-vize-fotograf-olcusu\/#breadcrumb\"},\"inLanguage\":\"tr\",\"potentialAction\":[{\"@type\":\"ReadAction\",\"target\":[\"https:\/\/www.myvize.com.tr\/almanya\/form-ve-dilekce\/almanya-vize-fotograf-olcusu\/\"]}]},{\"@type\":\"ImageObject\",\"inLanguage\":\"tr\",\"@id\":\"https:\/\/www.myvize.com.tr\/almanya\/form-ve-dilekce\/almanya-vize-fotograf-olcusu\/#primaryimage\",\"url\":\"https:\/\/www.myvize.com.tr\/almanya\/wp-content\/uploads\/2021\/09\/14.jpg\",\"contentUrl\":\"https:\/\/www.myvize.com.tr\/almanya\/wp-content\/uploads\/2021\/09\/14.jpg\",\"width\":800,\"height\":500,\"caption\":\"Almanya\"},{\"@type\":\"BreadcrumbList\",\"@id\":\"https:\/\/www.myvize.com.tr\/almanya\/form-ve-dilekce\/almanya-vize-fotograf-olcusu\/#breadcrumb\",\"itemListElement\":[{\"@type\":\"ListItem\",\"position\":1,\"name\":\"Anasayfa\",\"item\":\"https:\/\/www.myvize.com.tr\/almanya\/\"},{\"@type\":\"ListItem\",\"position\":2,\"name\":\"FORM VE D\u0130LEK\u00c7E\",\"item\":\"https:\/\/www.myvize.com.tr\/almanya\/form-ve-dilekce\/\"},{\"@type\":\"ListItem\",\"position\":3,\"name\":\"Almanya Vize Foto\u011fraf \u00d6l\u00e7\u00fcs\u00fc\"}]},{\"@type\":\"WebSite\",\"@id\":\"https:\/\/www.myvize.com.tr\/almanya\/#website\",\"url\":\"https:\/\/www.myvize.com.tr\/almanya\/\",\"name\":\"Almanya Vize\",\"description\":\"\",\"potentialAction\":[{\"@type\":\"SearchAction\",\"target\":{\"@type\":\"EntryPoint\",\"urlTemplate\":\"https:\/\/www.myvize.com.tr\/almanya\/?s={search_term_string}\"},\"query-input\":{\"@type\":\"PropertyValueSpecification\",\"valueRequired\":true,\"valueName\":\"search_term_string\"}}],\"inLanguage\":\"tr\"}]}<\/script>\n<!-- \/ Yoast SEO plugin. -->","yoast_head_json":{"title":"Almanya Vizesi Foto\u011fraf \u00d6l\u00e7\u00fcs\u00fc - Almanya Vizesi - MyVize","description":"Almanya Vizesi Foto\u011fraf \u00d6l\u00e7\u00fcleri Nelerdir? Almanya Vizesi Foto\u011fraf \u00d6zellikleri Nelerdir? Bilgi \u0130\u00e7in Vize Uzmanlar\u0131m\u0131z\u0131 Aray\u0131n: 0850 346 84 93","robots":{"index":"index","follow":"follow","max-snippet":"max-snippet:-1","max-image-preview":"max-image-preview:large","max-video-preview":"max-video-preview:-1"},"canonical":"https:\/\/www.myvize.com.tr\/almanya\/form-ve-dilekce\/almanya-vize-fotograf-olcusu\/","og_locale":"tr_TR","og_type":"article","og_title":"Almanya Vizesi Foto\u011fraf \u00d6l\u00e7\u00fcs\u00fc - Almanya Vizesi - MyVize","og_description":"Almanya Vizesi Foto\u011fraf \u00d6l\u00e7\u00fcleri Nelerdir? Almanya Vizesi Foto\u011fraf \u00d6zellikleri Nelerdir? Bilgi \u0130\u00e7in Vize Uzmanlar\u0131m\u0131z\u0131 Aray\u0131n: 0850 346 84 93","og_url":"https:\/\/www.myvize.com.tr\/almanya\/form-ve-dilekce\/almanya-vize-fotograf-olcusu\/","og_site_name":"Almanya Vize","article_modified_time":"2022-03-27T19:17:05+00:00","og_image":[{"url":"https:\/\/www.myvize.com.tr\/almanya\/wp-content\/uploads\/2021\/09\/14.jpg","type":"","width":"","height":""}],"twitter_card":"summary_large_image","twitter_misc":{"Tahmini okuma s\u00fcresi":"1 dakika"},"schema":{"@context":"https:\/\/schema.org","@graph":[{"@type":"WebPage","@id":"https:\/\/www.myvize.com.tr\/almanya\/form-ve-dilekce\/almanya-vize-fotograf-olcusu\/","url":"https:\/\/www.myvize.com.tr\/almanya\/form-ve-dilekce\/almanya-vize-fotograf-olcusu\/","name":"Almanya Vizesi Foto\u011fraf \u00d6l\u00e7\u00fcs\u00fc - Almanya Vizesi - MyVize","isPartOf":{"@id":"https:\/\/www.myvize.com.tr\/almanya\/#website"},"primaryImageOfPage":{"@id":"https:\/\/www.myvize.com.tr\/almanya\/form-ve-dilekce\/almanya-vize-fotograf-olcusu\/#primaryimage"},"image":{"@id":"https:\/\/www.myvize.com.tr\/almanya\/form-ve-dilekce\/almanya-vize-fotograf-olcusu\/#primaryimage"},"thumbnailUrl":"https:\/\/www.myvize.com.tr\/almanya\/wp-content\/uploads\/2021\/09\/14.jpg","datePublished":"2021-07-07T15:23:19+00:00","dateModified":"2022-03-27T19:17:05+00:00","description":"Almanya Vizesi Foto\u011fraf \u00d6l\u00e7\u00fcleri Nelerdir? Almanya Vizesi Foto\u011fraf \u00d6zellikleri Nelerdir? Bilgi \u0130\u00e7in Vize Uzmanlar\u0131m\u0131z\u0131 Aray\u0131n: 0850 346 84 93","breadcrumb":{"@id":"https:\/\/www.myvize.com.tr\/almanya\/form-ve-dilekce\/almanya-vize-fotograf-olcusu\/#breadcrumb"},"inLanguage":"tr","potentialAction":[{"@type":"ReadAction","target":["https:\/\/www.myvize.com.tr\/almanya\/form-ve-dilekce\/almanya-vize-fotograf-olcusu\/"]}]},{"@type":"ImageObject","inLanguage":"tr","@id":"https:\/\/www.myvize.com.tr\/almanya\/form-ve-dilekce\/almanya-vize-fotograf-olcusu\/#primaryimage","url":"https:\/\/www.myvize.com.tr\/almanya\/wp-content\/uploads\/2021\/09\/14.jpg","contentUrl":"https:\/\/www.myvize.com.tr\/almanya\/wp-content\/uploads\/2021\/09\/14.jpg","width":800,"height":500,"caption":"Almanya"},{"@type":"BreadcrumbList","@id":"https:\/\/www.myvize.com.tr\/almanya\/form-ve-dilekce\/almanya-vize-fotograf-olcusu\/#breadcrumb","itemListElement":[{"@type":"ListItem","position":1,"name":"Anasayfa","item":"https:\/\/www.myvize.com.tr\/almanya\/"},{"@type":"ListItem","position":2,"name":"FORM VE D\u0130LEK\u00c7E","item":"https:\/\/www.myvize.com.tr\/almanya\/form-ve-dilekce\/"},{"@type":"ListItem","position":3,"name":"Almanya Vize Foto\u011fraf \u00d6l\u00e7\u00fcs\u00fc"}]},{"@type":"WebSite","@id":"https:\/\/www.myvize.com.tr\/almanya\/#website","url":"https:\/\/www.myvize.com.tr\/almanya\/","name":"Almanya Vize","description":"","potentialAction":[{"@type":"SearchAction","target":{"@type":"EntryPoint","urlTemplate":"https:\/\/www.myvize.com.tr\/almanya\/?s={search_term_string}"},"query-input":{"@type":"PropertyValueSpecification","valueRequired":true,"valueName":"search_term_string"}}],"inLanguage":"tr"}]}},"_links":{"self":[{"href":"https:\/\/www.myvize.com.tr\/almanya\/wp-json\/wp\/v2\/pages\/605","targetHints":{"allow":["GET"]}}],"collection":[{"href":"https:\/\/www.myvize.com.tr\/almanya\/wp-json\/wp\/v2\/pages"}],"about":[{"href":"https:\/\/www.myvize.com.tr\/almanya\/wp-json\/wp\/v2\/types\/page"}],"author":[{"embeddable":true,"href":"https:\/\/www.myvize.com.tr\/almanya\/wp-json\/wp\/v2\/users\/1"}],"replies":[{"embeddable":true,"href":"https:\/\/www.myvize.com.tr\/almanya\/wp-json\/wp\/v2\/comments?post=605"}],"version-history":[{"count":5,"href":"https:\/\/www.myvize.com.tr\/almanya\/wp-json\/wp\/v2\/pages\/605\/revisions"}],"predecessor-version":[{"id":1669,"href":"https:\/\/www.myvize.com.tr\/almanya\/wp-json\/wp\/v2\/pages\/605\/revisions\/1669"}],"up":[{"embeddable":true,"href":"https:\/\/www.myvize.com.tr\/almanya\/wp-json\/wp\/v2\/pages\/144"}],"wp:attachment":[{"href":"https:\/\/www.myvize.com.tr\/almanya\/wp-json\/wp\/v2\/media?parent=605"}],"curies":[{"name":"wp","href":"https:\/\/api.w.org\/{rel}","templated":true}]}}