{"id":18,"date":"2020-11-30T08:50:13","date_gmt":"2020-11-30T05:50:13","guid":{"rendered":"https:\/\/www.myvize.com.tr\/amerika\/?page_id=18"},"modified":"2022-05-17T12:47:25","modified_gmt":"2022-05-17T09:47:25","slug":"vize-islemleri","status":"publish","type":"page","link":"https:\/\/www.myvize.com.tr\/amerika\/vize-islemleri\/","title":{"rendered":"AMER\u0130KA V\u0130ZE \u0130\u015eLEMLER\u0130"},"content":{"rendered":"\r\n<p style=\"font-size: 14px;\">Amerika Birle\u015fik Devletlerine seyahat edecek T\u00fcrkiye Cumhuriyeti umuma mahsus, hususi, hizmet ve diplomatik pasaport sahiplerinin; uzun ve k\u0131sa s\u00fcreli seyahatlerinde vize ba\u015fvurusunda bulunmak zorundad\u0131rlar. Amerika vize ba\u015fvurular\u0131, <strong>Amerikan B\u00fcy\u00fckel\u00e7ili\u011fi<\/strong> veya Konsoloslu\u011fu taraf\u0131ndan kabul edilip de\u011ferlendirilir.<\/p>\r\n\r\n\r\n\r\n<p style=\"font-size: 14px;\">Vize ba\u015fvurusunda bulunan ki\u015filerin, ABD Konsoloslu\u011fu\u2019na seyahat amac\u0131n\u0131 uygun \u015fekilde vize ba\u015fvurular\u0131 yapmalar\u0131 gerekir. <strong>Amerika Birle\u015fik Devletleri<\/strong>, \u00fclkenin g\u00fcvenli\u011fi a\u00e7\u0131s\u0131ndan vize ba\u015fvurular\u0131nda titiz ve dikkatli hareket eder. Bu nedenle vize ba\u015fvurular\u0131nda gerekli evraklar\u0131n ve belgelerin haz\u0131rlanmas\u0131, vize randevusu olu\u015fturma, vize \u00fccreti yat\u0131r\u0131lmas\u0131 gibi t\u00fcm vize i\u015flemlerinin eksiksiz ve prosed\u00fcre uygun \u015fekilde haz\u0131rlanmas\u0131 konusunda \u00e7ok dikkatli davran\u0131lmal\u0131d\u0131r.<\/p>\r\n\r\n<p><img decoding=\"async\" src=\"https:\/\/www.myvize.com.tr\/amerika\/wp-content\/uploads\/2021\/09\/1.jpg\" \/><\/p>\r\n\r\n<h2 class=\"wp-block-heading\" style=\"font-size: 27px;\"><strong>Amerika Vize Ba\u015fvurusunda Nelere Dikkat Edilmelidir?<\/strong><\/h2>\r\n\r\n\r\n\r\n<p style=\"font-size: 14px;\"><strong>Amerika vize<\/strong> ba\u015fvurular\u0131n\u0131n olumlu y\u00f6nde sonu\u00e7lanmas\u0131 i\u00e7in baz\u0131 noktalara dikkat edilmesi gerekir. Vize ba\u015fvurular\u0131nda, vize dosyas\u0131 i\u00e7erisinde bulunmas\u0131 gereken pasaportun y\u0131pranmam\u0131\u015f ve eskimemi\u015f olmal\u0131d\u0131r. Amerika vize ba\u015fvuru formunun i\u00e7erisinde yer alan bilgilerin, eksiksiz ve do\u011fru bir \u015fekilde doldurulmas\u0131 gerekir.<\/p>\r\n\r\n\r\n\r\n<p style=\"font-size: 14px;\">Resmi bir evrak olan vize ba\u015fvuru formunda, eksik ve yan\u0131lt\u0131c\u0131 bir bilginin olmas\u0131 ki\u015filer hakk\u0131nda yasal i\u015flemler ba\u015flat\u0131lmas\u0131na neden olabilir. Vize talep dilek\u00e7esi, pasaport,<strong><a href=\"https:\/\/www.myvize.com.tr\/amerika\/ds-160\/amerika-vize-basvuru-formu\/\" target=\"_blank\" rel=\"noreferrer noopener\"> Amerika vize ba\u015fvuru formu<\/a><\/strong> gibi evraklar i\u00e7erisinde yer alan bilgilerin birbiriyle ayn\u0131 olmas\u0131 gerekir. Amerika vize ba\u015fvurusunda gerekli evraklar\u0131n ve belgeler, vize t\u00fcr\u00fcne uygun \u015fekilde haz\u0131rlanm\u0131\u015f olmal\u0131d\u0131r.<\/p>\r\n\r\n\r\n\r\n<h2 class=\"wp-block-heading\" style=\"font-size: 27px;\"><strong>Amerika Vize \u00dccreti<\/strong><\/h2>\r\n\r\n\r\n\r\n<p style=\"font-size: 14px;\">Amerika vize ba\u015fvurular\u0131n\u0131n olumlu y\u00f6nde sonu\u00e7lanmas\u0131 i\u00e7in vize \u00fccretinin \u00f6denmesi gerekir. <strong><a href=\"https:\/\/www.myvize.com.tr\/amerika\/vize-islemleri\/amerika-vize-ucretleri\/\" target=\"_blank\" rel=\"noreferrer noopener\">Amerika Vize \u00fccretleri<\/a><\/strong>, her y\u0131l de\u011fi\u015fir. Ayr\u0131ca vize ba\u015fvurular\u0131nda, ki\u015filerin seyahat s\u00fcresine ve vize t\u00fcr\u00fcne g\u00f6re vize \u00fccreti farkl\u0131l\u0131k g\u00f6sterir.<\/p>\r\n\r\n\r\n\r\n<p style=\"font-size: 14px;\">B\u00fct\u00e7e planlamas\u0131 yap\u0131labilmesi i\u00e7in vize t\u00fcr\u00fcn\u00fcn ve seyahat s\u00fcresinin belirlenmesi gerekir. Amerika vize ba\u015fvurular\u0131n\u0131n olumsuz y\u00f6nde sonu\u00e7land\u0131\u011f\u0131 durumlarda, vize \u00fccretleri iade edilmez. Bu y\u00fczden vize i\u015flemleri yap\u0131l\u0131rken, her detaya dikkat edilerek usule uygun olarak evrak ve belgeler tanzim edilmelidir.<\/p>\r\n\r\n\r\n\r\n<h2 class=\"wp-block-heading\" style=\"font-size: 27px;\">\u200b\u200b\u200b\u200b\u200bAmerika Birle\u015fik Devletleri Vize Randevusu<\/h2>\r\n\r\n\r\n\r\n<p style=\"font-size: 14px;\">D\u00fcnyada belki de en \u00e7ok <strong>vize ba\u015fvurusu<\/strong> yap\u0131lan \u00fclkelerin ba\u015f\u0131nda <strong>Amerika Birle\u015fik Devletleri <\/strong>gelmektedir. Hem sundu\u011fu imk\u00e2nlar hem de ba\u015fka nedenlerden dolay\u0131, her y\u0131l milyonlarca ki\u015fi ABD\u2019ye vize almak i\u00e7in u\u011fra\u015f\u0131r. ABD\u2019ye gitmek isteyen T\u00fcrkiye Cumhuriyeti vatanda\u015flar\u0131n\u0131n da vize almas\u0131 gerekmektedir. ABD i\u00e7in vize alacak vatanda\u015flar, konsoloslu\u011fun sayfas\u0131nda yer alan belgeleri eksiksiz bir \u015fekilde haz\u0131rlamal\u0131d\u0131r. Bu belgeler haz\u0131rland\u0131ktan sonra \u0130stanbul, Ankara ya da Ankara\u2019daki konsolosluk binalar\u0131na gidilerek randevu saati beklenmelidir. Salg\u0131n ko\u015fullar\u0131ndan dolay\u0131 ki\u015finin a\u011fz\u0131n\u0131 ve burnunu kapatan bir maske takmas\u0131 gerekmektedir.<\/p>\r\n\r\n\r\n\r\n<h2 class=\"wp-block-heading\" style=\"font-size: 27px;\">Amerika Birle\u015fik Devletleri Vize Randevusu Nas\u0131l Al\u0131n\u0131r?<\/h2>\r\n\r\n\r\n\r\n<p style=\"font-size: 14px;\"><strong><a href=\"https:\/\/www.myvize.com.tr\/amerika\/\" target=\"_blank\" rel=\"noreferrer noopener\">Amerika<\/a><\/strong> Birle\u015fik Devletleri i\u00e7in vize randevusu alacak ki\u015filerin \u0130stanbul, Ankara ya da Adana\u2019daki konsolosluklardan randevu almas\u0131 gerekmektedir. \u0130lgili site \u00fczerinden uygun randevu tarihlerini kontrol etmeniz m\u00fcmk\u00fcnd\u00fcr. \u015eu an ya\u015fanan salg\u0131n dolay\u0131s\u0131yla, konsolosluk s\u0131n\u0131rl\u0131 say\u0131da randevu vermektedir. Dolay\u0131s\u0131yla randevu alacak ki\u015filerin online olarak dolduraca\u011f\u0131 ba\u015fvuru formunu do\u011fru bir \u015fekilde doldurmas\u0131 gerekir. Aksi halde konsoloslukta yap\u0131lacak i\u015flemler aksayabilir. Bununla beraber ki\u015finin randevu g\u00fcn\u00fc t\u00fcm belgeleri eksiksiz bir \u015fekilde toplam\u0131\u015f olarak, ilgili kuruma gelmesi gerekir.<\/p>\r\n\r\n<p><img decoding=\"async\" src=\"https:\/\/www.myvize.com.tr\/amerika\/wp-content\/uploads\/2021\/09\/2.jpg\" \/><\/p>\r\n\r\n<h3 class=\"wp-block-heading\" style=\"font-size: 24px;\">Amerika Birle\u015fik Devletleri Vize Randevusu Sorgulama<\/h3>\r\n\r\n\r\n\r\n<p style=\"font-size: 14px;\">Amerika Birle\u015fik Devletleri\u2019nin vize randevular\u0131 a\u00e7\u0131ld\u0131\u011f\u0131 zaman k\u0131sa s\u00fcreler i\u00e7inde dolmaktad\u0131r. Bu nedenle ABD seyahati planlayan ki\u015filerin seyahatlerinden birka\u00e7 ay \u00f6nce konsolosluk sitesine girerek d\u00fczenli aral\u0131klarla randevu sorgulamas\u0131 yapmalar\u0131 gerekir. Aksi halde yap\u0131lan konaklama rezervasyonlar\u0131 ya da al\u0131nan u\u00e7ak biletleri bo\u015fa gitmi\u015f olur. Bu nedenle ABD i\u00e7in \u00f6nceden randevu bulmak hem zor hem de \u00f6nemli bir a\u015famad\u0131r.<\/p>\r\n\r\n\r\n\r\n<h3 class=\"wp-block-heading\" style=\"font-size: 24px;\">Amerika Birle\u015fik Devletleri Vize Randevusu \u00dccreti<\/h3>\r\n\r\n\r\n\r\n<p style=\"font-size: 14px;\">Amerika Birle\u015fik Devletleri \u00f6zelinde al\u0131nan vize \u00fccretleri, i\u00e7eri\u011fine g\u00f6re de\u011fi\u015fiklik g\u00f6stermektedir. Turistik, ticari ve ziyaret (B1\/B2) bizesi i\u00e7in 160 USD\u2019lik bir bedel yat\u0131rmak gereklidir. Bununla beraber ABD\u2019den transit ge\u00e7i\u015f yapacak ki\u015filer de 160 USD har\u00e7 \u00f6derler. \u00d6\u011frenciler ya da gazeticilerin alacaklar\u0131 vize \u00fccreti de 160 USD\u2019dir. Ola\u011fan\u00fcst\u00fc yetene\u011fe sahip ki\u015filer ve sanat\u00e7\u0131 ya da spocular\u0131n almas\u0131 gereken vizenin bedeli ise 190 USD\u2019dir.<\/p>\r\n\r\n\r\n\r\n<h3 class=\"wp-block-heading\" style=\"font-size: 24px;\">Amerika Birle\u015fik Devletleri Vize Randevular\u0131 Ne Zaman A\u00e7\u0131lacak?<\/h3>\r\n\r\n\r\n\r\n<p style=\"font-size: 14px;\">\u015eu an i\u00e7inden ge\u00e7ti\u011fimiz COVID-19 salg\u0131n\u0131 nedeniyle Amerika Birle\u015fik Devletleri h\u00fck\u00fcmeti yaln\u0131zca acil vize randevular\u0131 vermektedir. Bunun haricinde yap\u0131lacak turistik seyahatler i\u00e7in belirlenen bir tarih s\u00f6z konusu de\u011fildir. Ancak insanlar\u0131n b\u00fcy\u00fck k\u0131sm\u0131n\u0131n a\u015f\u0131lanmas\u0131 ve havaalan\u0131nda al\u0131nan \u00f6nlemlerin daha da art\u0131r\u0131lmas\u0131 sonucunda, k\u0131sa bir s\u00fcre i\u00e7inde turistik ve di\u011fer vize t\u00fcrlerinin randevular\u0131n\u0131n al\u0131naca\u011f\u0131 da \u00f6ng\u00f6r\u00fclmektedir. Dolay\u0131s\u0131yla yak\u0131n tarihlerde \u00e7e\u015fitli nedenlerden dolay\u0131 Amerika Birle\u015fik Devletleri\u2019ne gitmek isteyen vatanda\u015flar\u0131n, bu s\u00fcre zarf\u0131ndan ilgili kurumlar\u0131n talep ettikleri belgeleri toparlamalar\u0131 sa\u011fl\u0131kl\u0131 olacakt\u0131r.<\/p>\r\n\r\n\r\n\r\n<h3 class=\"wp-block-heading\" style=\"font-size: 24px;\">Amerika Birle\u015fik Devletleri Vize Randevu Tarihi De\u011fi\u015ftirme Nas\u0131l Yap\u0131l\u0131r?<\/h3>\r\n\r\n\r\n\r\n<p style=\"font-size: 14px;\">Amerika Birle\u015fik Devletleri i\u00e7i vize randevusu alan ki\u015filer, istedikleri takdirde ba\u015fvuru sistemine giri\u015fi yaparak vize randevu g\u00fcn\u00fcnde ve saatinde de\u011fi\u015fiklik yapma hakk\u0131na sahiptir. ABD vize randevusunun tarihini de\u011fi\u015ftirmek isteyen insanlar sisteme giri\u015f yapt\u0131ktan sonra devam butonuna basarak, randevuyu yeniden zamanla se\u00e7ene\u011fine t\u0131klamal\u0131d\u0131r. Burada \u00e7\u0131kan ekranda randevuyu yeniden olu\u015fturmak olanakl\u0131 olacakt\u0131r.<\/p>\r\n\r\n\r\n\r\n<h3 class=\"wp-block-heading\" style=\"font-size: 24px;\">Amerika Birle\u015fik Devletleri Vize Randevusu Ka\u00e7 G\u00fcn Sonraya Veriliyor?<\/h3>\r\n\r\n\r\n\r\n<p style=\"font-size: 14px;\">Amerika Birle\u015fik Devletleri i\u00e7i vize randevusu alacak ki\u015filerin merak etti\u011fi konulardan biri de randevunun ka\u00e7 g\u00fcn sonraya verildi\u011fidir. Yukar\u0131da da belirtti\u011fimiz gibi, en \u00e7ok ba\u015fvurulan vizelerden biri olan ABD vizesi i\u00e7in birka\u00e7 ay \u00f6nceden randevu almak gerekebilir. \u0130nsanlar ortalama olarak 1 ay sonras\u0131na <strong>Amerika Birle\u015fik Devletleri<\/strong> i\u00e7in vize randevusu almaktad\u0131r. Son zamanlarda ABD h\u00fck\u00fcmeti daha k\u0131sa zaman aral\u0131klar\u0131nda randevu tarihleri verdi\u011fi i\u00e7in, ba\u015fvurular h\u0131zl\u0131 bir \u015fekilde dolmaktad\u0131r. Bu s\u00fcrecin sonucunda da genellikle, 15 ile 45 g\u00fcnl\u00fck bir s\u00fcre zarf\u0131 i\u00e7inde <strong>Amerika vizesi <\/strong>i\u00e7in randevu alabilirsiniz.<\/p>\r\n\r\n\r\n\r\n<h3 class=\"wp-block-heading\" style=\"font-size: 24px;\">Amerika Birle\u015fik Devletleri Vize Randevu \u0130ptali<\/h3>\r\n\r\n\r\n\r\n<p style=\"font-size: 14px;\"><strong>Amerika Birle\u015fik Devletleri<\/strong> i\u00e7in vize ba\u015fvurusunda bulunan ki\u015filerin randevular\u0131 \u00e7e\u015fitli nedenlerden dolay\u0131 iptal olabilmektedir. E\u011fer elektronik ortamda do\u011fru bir \u015fekilde doldurulmam\u0131\u015f DS-160 formu s\u00f6z konusu ise, ki\u015finin ba\u015fvurusu iptal olur. B\u00f6ylesi bir durumda, ki\u015finin konsoloslu\u011fu arayarak yeniden randevu talep etmesi gerekmektedir. Ki\u015fi iptal durumunda yeniden randevu almak i\u00e7in ne kadar h\u0131zl\u0131 davran\u0131rsa, randevuyu o kadar k\u0131sa s\u00fcrede alabilecektir.<\/p>\r\n","protected":false},"excerpt":{"rendered":"<p>Amerika Birle\u015fik Devletlerine seyahat edecek T\u00fcrkiye Cumhuriyeti umuma mahsus, hususi, hizmet ve diplomatik pasaport sahiplerinin; uzun ve k\u0131sa s\u00fcreli seyahatlerinde vize ba\u015fvurusunda bulunmak zorundad\u0131rlar. Amerika vize ba\u015fvurular\u0131, Amerikan B\u00fcy\u00fckel\u00e7ili\u011fi veya Konsoloslu\u011fu taraf\u0131ndan kabul edilip de\u011ferlendirilir. Vize ba\u015fvurusunda bulunan ki\u015filerin, ABD Konsoloslu\u011fu\u2019na seyahat amac\u0131n\u0131 uygun \u015fekilde vize ba\u015fvurular\u0131 yapmalar\u0131 gerekir. Amerika Birle\u015fik Devletleri, \u00fclkenin g\u00fcvenli\u011fi a\u00e7\u0131s\u0131ndan<\/p>\n","protected":false},"author":1,"featured_media":0,"parent":0,"menu_order":0,"comment_status":"open","ping_status":"closed","template":"","meta":{"footnotes":""},"class_list":["post-18","page","type-page","status-publish","hentry"],"yoast_head":"<!-- This site is optimized with the Yoast SEO plugin v27.4 - https:\/\/yoast.com\/product\/yoast-seo-wordpress\/ -->\n<title>Amerika Vize \u0130\u015flemleri - Amerika Vize Randveu - MyVize<\/title>\n<meta name=\"description\" content=\"Amerika Vize \u0130\u015flemleri Nelerdir? Amerika Vize \u0130\u015flemleri Nas\u0131l Yap\u0131l\u0131r? Amerika Vize \u0130\u015flemleri Hakk\u0131nda Bilgi Almak \u0130\u00e7in Hemen T\u0131klay\u0131n.\" \/>\n<meta name=\"robots\" content=\"index, follow, max-snippet:-1, max-image-preview:large, max-video-preview:-1\" \/>\n<link rel=\"canonical\" href=\"https:\/\/www.myvize.com.tr\/amerika\/vize-islemleri\/\" \/>\n<meta property=\"og:locale\" content=\"tr_TR\" \/>\n<meta property=\"og:type\" content=\"article\" \/>\n<meta property=\"og:title\" content=\"Amerika Vize \u0130\u015flemleri - Amerika Vize Randveu - MyVize\" \/>\n<meta property=\"og:description\" content=\"Amerika Vize \u0130\u015flemleri Nelerdir? Amerika Vize \u0130\u015flemleri Nas\u0131l Yap\u0131l\u0131r? Amerika Vize \u0130\u015flemleri Hakk\u0131nda Bilgi Almak \u0130\u00e7in Hemen T\u0131klay\u0131n.\" \/>\n<meta property=\"og:url\" content=\"https:\/\/www.myvize.com.tr\/amerika\/vize-islemleri\/\" \/>\n<meta property=\"og:site_name\" content=\"Amerika Vizesi\" \/>\n<meta property=\"article:modified_time\" content=\"2022-05-17T09:47:25+00:00\" \/>\n<meta property=\"og:image\" content=\"https:\/\/www.myvize.com.tr\/amerika\/wp-content\/uploads\/2021\/09\/1.jpg\" \/>\n<meta name=\"twitter:card\" content=\"summary_large_image\" \/>\n<meta name=\"twitter:label1\" content=\"Tahmini okuma s\u00fcresi\" \/>\n\t<meta name=\"twitter:data1\" content=\"5 dakika\" \/>\n<script type=\"application\/ld+json\" class=\"yoast-schema-graph\">{\"@context\":\"https:\\\/\\\/schema.org\",\"@graph\":[{\"@type\":\"WebPage\",\"@id\":\"https:\\\/\\\/www.myvize.com.tr\\\/amerika\\\/vize-islemleri\\\/\",\"url\":\"https:\\\/\\\/www.myvize.com.tr\\\/amerika\\\/vize-islemleri\\\/\",\"name\":\"Amerika Vize \u0130\u015flemleri - Amerika Vize Randveu - MyVize\",\"isPartOf\":{\"@id\":\"https:\\\/\\\/www.myvize.com.tr\\\/amerika\\\/#website\"},\"primaryImageOfPage\":{\"@id\":\"https:\\\/\\\/www.myvize.com.tr\\\/amerika\\\/vize-islemleri\\\/#primaryimage\"},\"image\":{\"@id\":\"https:\\\/\\\/www.myvize.com.tr\\\/amerika\\\/vize-islemleri\\\/#primaryimage\"},\"thumbnailUrl\":\"https:\\\/\\\/www.myvize.com.tr\\\/amerika\\\/wp-content\\\/uploads\\\/2021\\\/09\\\/1.jpg\",\"datePublished\":\"2020-11-30T05:50:13+00:00\",\"dateModified\":\"2022-05-17T09:47:25+00:00\",\"description\":\"Amerika Vize \u0130\u015flemleri Nelerdir? Amerika Vize \u0130\u015flemleri Nas\u0131l Yap\u0131l\u0131r? Amerika Vize \u0130\u015flemleri Hakk\u0131nda Bilgi Almak \u0130\u00e7in Hemen T\u0131klay\u0131n.\",\"breadcrumb\":{\"@id\":\"https:\\\/\\\/www.myvize.com.tr\\\/amerika\\\/vize-islemleri\\\/#breadcrumb\"},\"inLanguage\":\"tr\",\"potentialAction\":[{\"@type\":\"ReadAction\",\"target\":[\"https:\\\/\\\/www.myvize.com.tr\\\/amerika\\\/vize-islemleri\\\/\"]}]},{\"@type\":\"ImageObject\",\"inLanguage\":\"tr\",\"@id\":\"https:\\\/\\\/www.myvize.com.tr\\\/amerika\\\/vize-islemleri\\\/#primaryimage\",\"url\":\"https:\\\/\\\/www.myvize.com.tr\\\/amerika\\\/wp-content\\\/uploads\\\/2021\\\/09\\\/1.jpg\",\"contentUrl\":\"https:\\\/\\\/www.myvize.com.tr\\\/amerika\\\/wp-content\\\/uploads\\\/2021\\\/09\\\/1.jpg\",\"width\":800,\"height\":500,\"caption\":\"Amerika\"},{\"@type\":\"BreadcrumbList\",\"@id\":\"https:\\\/\\\/www.myvize.com.tr\\\/amerika\\\/vize-islemleri\\\/#breadcrumb\",\"itemListElement\":[{\"@type\":\"ListItem\",\"position\":1,\"name\":\"Anasayfa\",\"item\":\"https:\\\/\\\/www.myvize.com.tr\\\/amerika\\\/\"},{\"@type\":\"ListItem\",\"position\":2,\"name\":\"AMER\u0130KA V\u0130ZE \u0130\u015eLEMLER\u0130\"}]},{\"@type\":\"WebSite\",\"@id\":\"https:\\\/\\\/www.myvize.com.tr\\\/amerika\\\/#website\",\"url\":\"https:\\\/\\\/www.myvize.com.tr\\\/amerika\\\/\",\"name\":\"MyVize Amerika Vize Ba\u015fvuru Merkezi\",\"description\":\"\",\"potentialAction\":[{\"@type\":\"SearchAction\",\"target\":{\"@type\":\"EntryPoint\",\"urlTemplate\":\"https:\\\/\\\/www.myvize.com.tr\\\/amerika\\\/?s={search_term_string}\"},\"query-input\":{\"@type\":\"PropertyValueSpecification\",\"valueRequired\":true,\"valueName\":\"search_term_string\"}}],\"inLanguage\":\"tr\"}]}<\/script>\n<!-- \/ Yoast SEO plugin. -->","yoast_head_json":{"title":"Amerika Vize \u0130\u015flemleri - Amerika Vize Randveu - MyVize","description":"Amerika Vize \u0130\u015flemleri Nelerdir? Amerika Vize \u0130\u015flemleri Nas\u0131l Yap\u0131l\u0131r? Amerika Vize \u0130\u015flemleri Hakk\u0131nda Bilgi Almak \u0130\u00e7in Hemen T\u0131klay\u0131n.","robots":{"index":"index","follow":"follow","max-snippet":"max-snippet:-1","max-image-preview":"max-image-preview:large","max-video-preview":"max-video-preview:-1"},"canonical":"https:\/\/www.myvize.com.tr\/amerika\/vize-islemleri\/","og_locale":"tr_TR","og_type":"article","og_title":"Amerika Vize \u0130\u015flemleri - Amerika Vize Randveu - MyVize","og_description":"Amerika Vize \u0130\u015flemleri Nelerdir? Amerika Vize \u0130\u015flemleri Nas\u0131l Yap\u0131l\u0131r? Amerika Vize \u0130\u015flemleri Hakk\u0131nda Bilgi Almak \u0130\u00e7in Hemen T\u0131klay\u0131n.","og_url":"https:\/\/www.myvize.com.tr\/amerika\/vize-islemleri\/","og_site_name":"Amerika Vizesi","article_modified_time":"2022-05-17T09:47:25+00:00","og_image":[{"url":"https:\/\/www.myvize.com.tr\/amerika\/wp-content\/uploads\/2021\/09\/1.jpg","type":"","width":"","height":""}],"twitter_card":"summary_large_image","twitter_misc":{"Tahmini okuma s\u00fcresi":"5 dakika"},"schema":{"@context":"https:\/\/schema.org","@graph":[{"@type":"WebPage","@id":"https:\/\/www.myvize.com.tr\/amerika\/vize-islemleri\/","url":"https:\/\/www.myvize.com.tr\/amerika\/vize-islemleri\/","name":"Amerika Vize \u0130\u015flemleri - Amerika Vize Randveu - MyVize","isPartOf":{"@id":"https:\/\/www.myvize.com.tr\/amerika\/#website"},"primaryImageOfPage":{"@id":"https:\/\/www.myvize.com.tr\/amerika\/vize-islemleri\/#primaryimage"},"image":{"@id":"https:\/\/www.myvize.com.tr\/amerika\/vize-islemleri\/#primaryimage"},"thumbnailUrl":"https:\/\/www.myvize.com.tr\/amerika\/wp-content\/uploads\/2021\/09\/1.jpg","datePublished":"2020-11-30T05:50:13+00:00","dateModified":"2022-05-17T09:47:25+00:00","description":"Amerika Vize \u0130\u015flemleri Nelerdir? Amerika Vize \u0130\u015flemleri Nas\u0131l Yap\u0131l\u0131r? Amerika Vize \u0130\u015flemleri Hakk\u0131nda Bilgi Almak \u0130\u00e7in Hemen T\u0131klay\u0131n.","breadcrumb":{"@id":"https:\/\/www.myvize.com.tr\/amerika\/vize-islemleri\/#breadcrumb"},"inLanguage":"tr","potentialAction":[{"@type":"ReadAction","target":["https:\/\/www.myvize.com.tr\/amerika\/vize-islemleri\/"]}]},{"@type":"ImageObject","inLanguage":"tr","@id":"https:\/\/www.myvize.com.tr\/amerika\/vize-islemleri\/#primaryimage","url":"https:\/\/www.myvize.com.tr\/amerika\/wp-content\/uploads\/2021\/09\/1.jpg","contentUrl":"https:\/\/www.myvize.com.tr\/amerika\/wp-content\/uploads\/2021\/09\/1.jpg","width":800,"height":500,"caption":"Amerika"},{"@type":"BreadcrumbList","@id":"https:\/\/www.myvize.com.tr\/amerika\/vize-islemleri\/#breadcrumb","itemListElement":[{"@type":"ListItem","position":1,"name":"Anasayfa","item":"https:\/\/www.myvize.com.tr\/amerika\/"},{"@type":"ListItem","position":2,"name":"AMER\u0130KA V\u0130ZE \u0130\u015eLEMLER\u0130"}]},{"@type":"WebSite","@id":"https:\/\/www.myvize.com.tr\/amerika\/#website","url":"https:\/\/www.myvize.com.tr\/amerika\/","name":"MyVize Amerika Vize Ba\u015fvuru Merkezi","description":"","potentialAction":[{"@type":"SearchAction","target":{"@type":"EntryPoint","urlTemplate":"https:\/\/www.myvize.com.tr\/amerika\/?s={search_term_string}"},"query-input":{"@type":"PropertyValueSpecification","valueRequired":true,"valueName":"search_term_string"}}],"inLanguage":"tr"}]}},"_links":{"self":[{"href":"https:\/\/www.myvize.com.tr\/amerika\/wp-json\/wp\/v2\/pages\/18","targetHints":{"allow":["GET"]}}],"collection":[{"href":"https:\/\/www.myvize.com.tr\/amerika\/wp-json\/wp\/v2\/pages"}],"about":[{"href":"https:\/\/www.myvize.com.tr\/amerika\/wp-json\/wp\/v2\/types\/page"}],"author":[{"embeddable":true,"href":"https:\/\/www.myvize.com.tr\/amerika\/wp-json\/wp\/v2\/users\/1"}],"replies":[{"embeddable":true,"href":"https:\/\/www.myvize.com.tr\/amerika\/wp-json\/wp\/v2\/comments?post=18"}],"version-history":[{"count":5,"href":"https:\/\/www.myvize.com.tr\/amerika\/wp-json\/wp\/v2\/pages\/18\/revisions"}],"predecessor-version":[{"id":1436,"href":"https:\/\/www.myvize.com.tr\/amerika\/wp-json\/wp\/v2\/pages\/18\/revisions\/1436"}],"wp:attachment":[{"href":"https:\/\/www.myvize.com.tr\/amerika\/wp-json\/wp\/v2\/media?parent=18"}],"curies":[{"name":"wp","href":"https:\/\/api.w.org\/{rel}","templated":true}]}}