{"id":189,"date":"2020-12-21T12:11:23","date_gmt":"2020-12-21T09:11:23","guid":{"rendered":"https:\/\/www.myvize.com.tr\/amerika\/?page_id=189"},"modified":"2022-08-15T14:01:00","modified_gmt":"2022-08-15T11:01:00","slug":"ogrenci-degisim","status":"publish","type":"page","link":"https:\/\/www.myvize.com.tr\/amerika\/ogrenci-degisim\/","title":{"rendered":"\u00d6\u011eRENC\u0130 &#038; DE\u011e\u0130\u015e\u0130M"},"content":{"rendered":"<h2><span style=\"font-family: Roboto; font-size: 27px;\"><strong>Amerika \u00d6\u011frenci De\u011fi\u015fim Program\u0131<\/strong><\/span><\/h2>\n<p><span style=\"font-family: Roboto; font-size: 14px;\"><strong>Amerika \u00f6\u011frenci de\u011fi\u015fim program\u0131<\/strong>\u00a0\u00f6zellikle \u00f6\u011frencilerin ara\u015ft\u0131rd\u0131\u011f\u0131 bir konudur. Lise ve \u00fcniversite \u00f6\u011frencilerinin farkl\u0131 \u00fclkelerle de\u011fi\u015fim programlar\u0131na kat\u0131lmak istemeleri bu programa kat\u0131l\u0131m \u015fartlar\u0131n\u0131n da \u00f6nemli olmas\u0131n\u0131 sa\u011flam\u0131\u015ft\u0131r. Amerika\u2019daki okullarla T\u00fcrkiye\u2019deki okullar\u0131n birbiriyle \u00f6\u011frenci de\u011fi\u015fimi yapmas\u0131 bu program\u0131n en temel esaslar\u0131ndan biridir.<\/span><\/p>\n<p><span style=\"font-family: Roboto; font-size: 14px;\">Bu s\u00fcre\u00e7 yaln\u0131zca T\u00fcrkiye i\u00e7in de\u011fil ayn\u0131 zamanda Amerika\u2019n\u0131n anla\u015fmal\u0131 oldu\u011fu bir\u00e7ok \u00fclke ile ger\u00e7ekle\u015ftirilen konulardan biridir. Amerika\u2019daki aileler belli ya\u015f gruplar\u0131 aras\u0131ndaki \u00f6\u011frencilere evlerinde misafir ederek bu de\u011fi\u015fim program\u0131na katk\u0131da bulunmak istemektedir. Ancak programlara kat\u0131labilmek i\u00e7in belli standartlara dikkat edilmektedir. Amerika \u00f6\u011frenci de\u011fi\u015fim program\u0131nda bu bak\u0131mdan b\u00fcy\u00fck bir \u00f6nem ta\u015f\u0131r.<\/span><\/p>\n<p><span style=\"font-family: Roboto; font-size: 14px;\">Ancak bu s\u00fcre\u00e7te al\u0131nmas\u0131 gereken birtak\u0131m izinler vard\u0131r. Her \u015feyden \u00f6nemlisi \u00f6\u011frenci vizesi al\u0131nmas\u0131 en \u00f6nemli kriterlerden biridir. \u00d6\u011frenci de\u011fi\u015fim program\u0131na kat\u0131lacak olan ki\u015filerin 18 ya\u015f\u0131ndan k\u00fc\u00e7\u00fck olmas\u0131 durumunda mutlaka dikkat edilmesi gereken unsur aile iznidir. Ailelerin izni olmadan \u00f6\u011frenciler 18 ya\u015f\u0131n alt\u0131nda vize ba\u015fvurusunda bulunamazlar.<\/span><\/p>\n<h2><span style=\"font-family: Roboto; font-size: 27px;\"><strong>Amerika Nas\u0131l De\u011fi\u015fim \u00d6\u011frencisi Olunur?<\/strong><\/span><\/h2>\n<p><span style=\"font-family: Roboto; font-size: 14px;\"><strong>Amerika nas\u0131l de\u011fi\u015fim \u00f6\u011frencisi olunur<\/strong>\u00a0sorusu her \u00f6\u011frencinin merak etti\u011fi bir konudur. E\u011fer Amerika\u2019ya \u00f6\u011frenci de\u011fi\u015fim programlar\u0131 ile gitmek istiyorsan\u0131z mutlaka ba\u015fvurular\u0131n\u0131z\u0131 \u00f6nceden yapman\u0131z gerekir. Bu konuda okullar\u0131n\u0131z\u0131n bu programa dahil olmas\u0131 gerekir. Ayn\u0131 zamanda ailelerinizin de izin belgesi olmas\u0131 gerekir.<\/span><\/p>\n<p><span style=\"font-family: Roboto; font-size: 14px;\"><strong>Amerika\u2019da de\u011fi\u015fim<\/strong> programlar\u0131na kat\u0131lmak isterseniz mutlaka not ortalamalar\u0131n\u0131z konusunda da belirli kriterleri kar\u015f\u0131laman\u0131z gerekmektedir. Her t\u00fcrl\u00fc belgenin haz\u0131rlanmas\u0131nda ailelerin olduk\u00e7a \u00f6nemli bir rol\u00fc bulunur. Ya\u015f\u0131 k\u00fc\u00e7\u00fck olan ki\u015filerin aile izni olmadan bu de\u011fi\u015fim program\u0131na ba\u015fvurmas\u0131 m\u00fcmk\u00fcn de\u011fildir. Bununla birlikte Amerika de\u011fi\u015fim programlar\u0131nda kat\u0131labilmek i\u00e7in not ortalaman\u0131z\u0131n yeterli olmas\u0131 gerekmektedir.<\/span><\/p>\n<p><span style=\"font-family: Roboto; font-size: 14px;\">Bir di\u011fer \u00f6nemli unsur da vize i\u015flemleri konusunda profesyonel bir destek almak olmal\u0131d\u0131r. Bunlara ek olarak<strong> Amerika de\u011fi\u015fim programlar\u0131<\/strong> sayesinde \u00f6\u011frenciler farkl\u0131 k\u00fclt\u00fcre daha kolay bir \u015fekilde adapte olabilme imkan\u0131 da bulabilmektedir. \u00d6\u011frenci de\u011fi\u015fim programlar\u0131 \u00f6\u011frencilerin farkl\u0131 k\u00fclt\u00fcrleri tan\u0131mas\u0131 i\u00e7in geli\u015ftirilen e\u011fitim programlar\u0131d\u0131r ve d\u00fcnya \u00fczerinde bir\u00e7ok \u00f6\u011frenci bu programlara kat\u0131l\u0131r.<\/span><\/p>\n<h2><span style=\"font-family: Roboto; font-size: 27px;\"><strong>Amerika De\u011fi\u015fim \u00d6\u011frencisi Nedir Nas\u0131l Olunur?<\/strong><\/span><\/h2>\n<p><span style=\"font-family: Roboto; font-size: 14px;\"><strong>Amerika de\u011fi\u015fim \u00f6\u011frencisi nedir nas\u0131l olunur<\/strong>\u00a0sorusu lise ve \u00fcniversite stat\u00fcs\u00fcndeki \u00f6\u011frencilerin \u00f6nem verdi\u011fi konular i\u00e7erisinde yer al\u0131r. E\u011fer <strong>Amerika&#8217;daki de\u011fi\u015fim<\/strong> programlar\u0131na kat\u0131lmak istiyorsan\u0131z mutlaka standartlar\u0131 en iyi \u015fekilde sa\u011flaman\u0131z gerekir. Amerika&#8217;da bu e\u011fitimleri alabilmek i\u00e7in belli noktalara dikkat etmeniz gerekir.<\/span><\/p>\n<p><span style=\"font-family: Roboto; font-size: 14px;\">Her \u015feyden \u00f6nemlisi vize i\u015flemlerinizi detayl\u0131 olarak yapt\u0131rmal\u0131s\u0131n\u0131z. De\u011fi\u015fim programlar\u0131na kat\u0131lmak isteyen \u00f6\u011frenciler<strong> Amerika&#8217;da uygun<\/strong> bir ailenin yan\u0131nda kendilerine yer bulmal\u0131d\u0131r. Bu kapsamda ailelerin g\u00fcvenilir olmas\u0131 kurumlar taraf\u0131ndan da \u00f6nemlidir. Rastgele bir aile se\u00e7me gibi bir l\u00fcks\u00fcn\u00fcz bulunmamaktad\u0131r. De\u011fi\u015fim kapsam\u0131nda \u00f6zel olarak se\u00e7ilen ailelerin yan\u0131na \u00f6\u011frencilerin g\u00f6nderilmesi ile bu program uygulanmaktad\u0131r.<\/span><\/p>\n<p><span style=\"font-family: Roboto; font-size: 14px;\">Bununla birlikte <strong>Amerika&#8217;daki \u00f6\u011frenci de\u011fi\u015fim<\/strong> programlar\u0131na kat\u0131l\u0131mda \u00f6\u011frencilerin not ortalamalar\u0131 okul ba\u015far\u0131lar\u0131 ve okuldan ald\u0131klar\u0131 izinler son derece \u00f6nemli olmaktad\u0131r. <strong>Amerika \u00f6\u011frenci de\u011fi\u015fim programlar\u0131<\/strong> \u00f6\u011frencilerin \u00fczerinde son derece olumlu etkilere sahiptir. Her \u015feyden \u00f6nemlisi yabanc\u0131 dili geli\u015ftirmede olduk\u00e7a \u00f6nemli oldu\u011funu s\u00f6ylemek m\u00fcmk\u00fcnd\u00fcr.<\/span><\/p>\n<p><span style=\"font-family: Roboto; font-size: 14px;\"><img decoding=\"async\" src=\"https:\/\/www.myvize.com.tr\/amerika\/wp-content\/uploads\/2021\/09\/23.jpg\" \/><\/span><\/p>\n","protected":false},"excerpt":{"rendered":"<p>Amerika \u00d6\u011frenci De\u011fi\u015fim Program\u0131 Amerika \u00f6\u011frenci de\u011fi\u015fim program\u0131\u00a0\u00f6zellikle \u00f6\u011frencilerin ara\u015ft\u0131rd\u0131\u011f\u0131 bir konudur. Lise ve \u00fcniversite \u00f6\u011frencilerinin farkl\u0131 \u00fclkelerle de\u011fi\u015fim programlar\u0131na kat\u0131lmak istemeleri bu programa kat\u0131l\u0131m \u015fartlar\u0131n\u0131n da \u00f6nemli olmas\u0131n\u0131 sa\u011flam\u0131\u015ft\u0131r. Amerika\u2019daki okullarla T\u00fcrkiye\u2019deki okullar\u0131n birbiriyle \u00f6\u011frenci de\u011fi\u015fimi yapmas\u0131 bu program\u0131n en temel esaslar\u0131ndan biridir. Bu s\u00fcre\u00e7 yaln\u0131zca T\u00fcrkiye i\u00e7in de\u011fil ayn\u0131 zamanda Amerika\u2019n\u0131n anla\u015fmal\u0131 oldu\u011fu<\/p>\n","protected":false},"author":1,"featured_media":0,"parent":0,"menu_order":0,"comment_status":"open","ping_status":"closed","template":"","meta":{"footnotes":""},"class_list":["post-189","page","type-page","status-publish","hentry"],"yoast_head":"<!-- This site is optimized with the Yoast SEO plugin v27.4 - https:\/\/yoast.com\/product\/yoast-seo-wordpress\/ -->\n<title>Amerika \u00d6\u011frenci &amp; De\u011fi\u015fim - MyVize<\/title>\n<meta name=\"description\" content=\"Amerika \u00d6\u011frenci Ve De\u011fi\u015fim Nas\u0131l Olur? Amerika \u00d6\u011frenci &amp; De\u011fi\u015fim Hakk\u0131nda Bilgi \u0130\u00e7in Hemen Bizi Aray\u0131n: 0850 346 84 93\" \/>\n<meta name=\"robots\" content=\"index, follow, max-snippet:-1, max-image-preview:large, max-video-preview:-1\" \/>\n<link rel=\"canonical\" href=\"https:\/\/www.myvize.com.tr\/amerika\/ogrenci-degisim\/\" \/>\n<meta property=\"og:locale\" content=\"tr_TR\" \/>\n<meta property=\"og:type\" content=\"article\" \/>\n<meta property=\"og:title\" content=\"Amerika \u00d6\u011frenci &amp; De\u011fi\u015fim - MyVize\" \/>\n<meta property=\"og:description\" content=\"Amerika \u00d6\u011frenci Ve De\u011fi\u015fim Nas\u0131l Olur? Amerika \u00d6\u011frenci &amp; De\u011fi\u015fim Hakk\u0131nda Bilgi \u0130\u00e7in Hemen Bizi Aray\u0131n: 0850 346 84 93\" \/>\n<meta property=\"og:url\" content=\"https:\/\/www.myvize.com.tr\/amerika\/ogrenci-degisim\/\" \/>\n<meta property=\"og:site_name\" content=\"Amerika Vizesi\" \/>\n<meta property=\"article:modified_time\" content=\"2022-08-15T11:01:00+00:00\" \/>\n<meta property=\"og:image\" content=\"https:\/\/www.myvize.com.tr\/amerika\/wp-content\/uploads\/2021\/09\/23.jpg\" \/>\n<meta name=\"twitter:card\" content=\"summary_large_image\" \/>\n<meta name=\"twitter:label1\" content=\"Tahmini okuma s\u00fcresi\" \/>\n\t<meta name=\"twitter:data1\" content=\"3 dakika\" \/>\n<script type=\"application\/ld+json\" class=\"yoast-schema-graph\">{\"@context\":\"https:\\\/\\\/schema.org\",\"@graph\":[{\"@type\":\"WebPage\",\"@id\":\"https:\\\/\\\/www.myvize.com.tr\\\/amerika\\\/ogrenci-degisim\\\/\",\"url\":\"https:\\\/\\\/www.myvize.com.tr\\\/amerika\\\/ogrenci-degisim\\\/\",\"name\":\"Amerika \u00d6\u011frenci & De\u011fi\u015fim - MyVize\",\"isPartOf\":{\"@id\":\"https:\\\/\\\/www.myvize.com.tr\\\/amerika\\\/#website\"},\"primaryImageOfPage\":{\"@id\":\"https:\\\/\\\/www.myvize.com.tr\\\/amerika\\\/ogrenci-degisim\\\/#primaryimage\"},\"image\":{\"@id\":\"https:\\\/\\\/www.myvize.com.tr\\\/amerika\\\/ogrenci-degisim\\\/#primaryimage\"},\"thumbnailUrl\":\"https:\\\/\\\/www.myvize.com.tr\\\/amerika\\\/wp-content\\\/uploads\\\/2021\\\/09\\\/23.jpg\",\"datePublished\":\"2020-12-21T09:11:23+00:00\",\"dateModified\":\"2022-08-15T11:01:00+00:00\",\"description\":\"Amerika \u00d6\u011frenci Ve De\u011fi\u015fim Nas\u0131l Olur? Amerika \u00d6\u011frenci & De\u011fi\u015fim Hakk\u0131nda Bilgi \u0130\u00e7in Hemen Bizi Aray\u0131n: 0850 346 84 93\",\"breadcrumb\":{\"@id\":\"https:\\\/\\\/www.myvize.com.tr\\\/amerika\\\/ogrenci-degisim\\\/#breadcrumb\"},\"inLanguage\":\"tr\",\"potentialAction\":[{\"@type\":\"ReadAction\",\"target\":[\"https:\\\/\\\/www.myvize.com.tr\\\/amerika\\\/ogrenci-degisim\\\/\"]}]},{\"@type\":\"ImageObject\",\"inLanguage\":\"tr\",\"@id\":\"https:\\\/\\\/www.myvize.com.tr\\\/amerika\\\/ogrenci-degisim\\\/#primaryimage\",\"url\":\"https:\\\/\\\/www.myvize.com.tr\\\/amerika\\\/wp-content\\\/uploads\\\/2021\\\/09\\\/23.jpg\",\"contentUrl\":\"https:\\\/\\\/www.myvize.com.tr\\\/amerika\\\/wp-content\\\/uploads\\\/2021\\\/09\\\/23.jpg\",\"width\":800,\"height\":500,\"caption\":\"Amerika\"},{\"@type\":\"BreadcrumbList\",\"@id\":\"https:\\\/\\\/www.myvize.com.tr\\\/amerika\\\/ogrenci-degisim\\\/#breadcrumb\",\"itemListElement\":[{\"@type\":\"ListItem\",\"position\":1,\"name\":\"Anasayfa\",\"item\":\"https:\\\/\\\/www.myvize.com.tr\\\/amerika\\\/\"},{\"@type\":\"ListItem\",\"position\":2,\"name\":\"\u00d6\u011eRENC\u0130 &#038; DE\u011e\u0130\u015e\u0130M\"}]},{\"@type\":\"WebSite\",\"@id\":\"https:\\\/\\\/www.myvize.com.tr\\\/amerika\\\/#website\",\"url\":\"https:\\\/\\\/www.myvize.com.tr\\\/amerika\\\/\",\"name\":\"MyVize Amerika Vize Ba\u015fvuru Merkezi\",\"description\":\"\",\"potentialAction\":[{\"@type\":\"SearchAction\",\"target\":{\"@type\":\"EntryPoint\",\"urlTemplate\":\"https:\\\/\\\/www.myvize.com.tr\\\/amerika\\\/?s={search_term_string}\"},\"query-input\":{\"@type\":\"PropertyValueSpecification\",\"valueRequired\":true,\"valueName\":\"search_term_string\"}}],\"inLanguage\":\"tr\"}]}<\/script>\n<!-- \/ Yoast SEO plugin. -->","yoast_head_json":{"title":"Amerika \u00d6\u011frenci & De\u011fi\u015fim - MyVize","description":"Amerika \u00d6\u011frenci Ve De\u011fi\u015fim Nas\u0131l Olur? Amerika \u00d6\u011frenci & De\u011fi\u015fim Hakk\u0131nda Bilgi \u0130\u00e7in Hemen Bizi Aray\u0131n: 0850 346 84 93","robots":{"index":"index","follow":"follow","max-snippet":"max-snippet:-1","max-image-preview":"max-image-preview:large","max-video-preview":"max-video-preview:-1"},"canonical":"https:\/\/www.myvize.com.tr\/amerika\/ogrenci-degisim\/","og_locale":"tr_TR","og_type":"article","og_title":"Amerika \u00d6\u011frenci & De\u011fi\u015fim - MyVize","og_description":"Amerika \u00d6\u011frenci Ve De\u011fi\u015fim Nas\u0131l Olur? Amerika \u00d6\u011frenci & De\u011fi\u015fim Hakk\u0131nda Bilgi \u0130\u00e7in Hemen Bizi Aray\u0131n: 0850 346 84 93","og_url":"https:\/\/www.myvize.com.tr\/amerika\/ogrenci-degisim\/","og_site_name":"Amerika Vizesi","article_modified_time":"2022-08-15T11:01:00+00:00","og_image":[{"url":"https:\/\/www.myvize.com.tr\/amerika\/wp-content\/uploads\/2021\/09\/23.jpg","type":"","width":"","height":""}],"twitter_card":"summary_large_image","twitter_misc":{"Tahmini okuma s\u00fcresi":"3 dakika"},"schema":{"@context":"https:\/\/schema.org","@graph":[{"@type":"WebPage","@id":"https:\/\/www.myvize.com.tr\/amerika\/ogrenci-degisim\/","url":"https:\/\/www.myvize.com.tr\/amerika\/ogrenci-degisim\/","name":"Amerika \u00d6\u011frenci & De\u011fi\u015fim - MyVize","isPartOf":{"@id":"https:\/\/www.myvize.com.tr\/amerika\/#website"},"primaryImageOfPage":{"@id":"https:\/\/www.myvize.com.tr\/amerika\/ogrenci-degisim\/#primaryimage"},"image":{"@id":"https:\/\/www.myvize.com.tr\/amerika\/ogrenci-degisim\/#primaryimage"},"thumbnailUrl":"https:\/\/www.myvize.com.tr\/amerika\/wp-content\/uploads\/2021\/09\/23.jpg","datePublished":"2020-12-21T09:11:23+00:00","dateModified":"2022-08-15T11:01:00+00:00","description":"Amerika \u00d6\u011frenci Ve De\u011fi\u015fim Nas\u0131l Olur? Amerika \u00d6\u011frenci & De\u011fi\u015fim Hakk\u0131nda Bilgi \u0130\u00e7in Hemen Bizi Aray\u0131n: 0850 346 84 93","breadcrumb":{"@id":"https:\/\/www.myvize.com.tr\/amerika\/ogrenci-degisim\/#breadcrumb"},"inLanguage":"tr","potentialAction":[{"@type":"ReadAction","target":["https:\/\/www.myvize.com.tr\/amerika\/ogrenci-degisim\/"]}]},{"@type":"ImageObject","inLanguage":"tr","@id":"https:\/\/www.myvize.com.tr\/amerika\/ogrenci-degisim\/#primaryimage","url":"https:\/\/www.myvize.com.tr\/amerika\/wp-content\/uploads\/2021\/09\/23.jpg","contentUrl":"https:\/\/www.myvize.com.tr\/amerika\/wp-content\/uploads\/2021\/09\/23.jpg","width":800,"height":500,"caption":"Amerika"},{"@type":"BreadcrumbList","@id":"https:\/\/www.myvize.com.tr\/amerika\/ogrenci-degisim\/#breadcrumb","itemListElement":[{"@type":"ListItem","position":1,"name":"Anasayfa","item":"https:\/\/www.myvize.com.tr\/amerika\/"},{"@type":"ListItem","position":2,"name":"\u00d6\u011eRENC\u0130 &#038; DE\u011e\u0130\u015e\u0130M"}]},{"@type":"WebSite","@id":"https:\/\/www.myvize.com.tr\/amerika\/#website","url":"https:\/\/www.myvize.com.tr\/amerika\/","name":"MyVize Amerika Vize Ba\u015fvuru Merkezi","description":"","potentialAction":[{"@type":"SearchAction","target":{"@type":"EntryPoint","urlTemplate":"https:\/\/www.myvize.com.tr\/amerika\/?s={search_term_string}"},"query-input":{"@type":"PropertyValueSpecification","valueRequired":true,"valueName":"search_term_string"}}],"inLanguage":"tr"}]}},"_links":{"self":[{"href":"https:\/\/www.myvize.com.tr\/amerika\/wp-json\/wp\/v2\/pages\/189","targetHints":{"allow":["GET"]}}],"collection":[{"href":"https:\/\/www.myvize.com.tr\/amerika\/wp-json\/wp\/v2\/pages"}],"about":[{"href":"https:\/\/www.myvize.com.tr\/amerika\/wp-json\/wp\/v2\/types\/page"}],"author":[{"embeddable":true,"href":"https:\/\/www.myvize.com.tr\/amerika\/wp-json\/wp\/v2\/users\/1"}],"replies":[{"embeddable":true,"href":"https:\/\/www.myvize.com.tr\/amerika\/wp-json\/wp\/v2\/comments?post=189"}],"version-history":[{"count":6,"href":"https:\/\/www.myvize.com.tr\/amerika\/wp-json\/wp\/v2\/pages\/189\/revisions"}],"predecessor-version":[{"id":1509,"href":"https:\/\/www.myvize.com.tr\/amerika\/wp-json\/wp\/v2\/pages\/189\/revisions\/1509"}],"wp:attachment":[{"href":"https:\/\/www.myvize.com.tr\/amerika\/wp-json\/wp\/v2\/media?parent=189"}],"curies":[{"name":"wp","href":"https:\/\/api.w.org\/{rel}","templated":true}]}}