{"id":196,"date":"2020-12-21T12:13:53","date_gmt":"2020-12-21T09:13:53","guid":{"rendered":"https:\/\/www.myvize.com.tr\/amerika\/?page_id=196"},"modified":"2022-07-30T12:21:22","modified_gmt":"2022-07-30T09:21:22","slug":"green-card","status":"publish","type":"page","link":"https:\/\/www.myvize.com.tr\/amerika\/green-card\/","title":{"rendered":"AMER\u0130KA GREEN CARD"},"content":{"rendered":"<p><span style=\"font-family: Roboto;\"><\/span><\/p>\r\n<h2><span style=\"font-family: Roboto; font-size: 27px;\"><strong>Amerika<\/strong>\u00a0<strong>Green<\/strong>\u00a0<strong>Card<\/strong>\u00a0<strong>Nedir<\/strong>\u00a0<strong>?<\/strong><\/span><\/h2>\r\n<p><span style=\"font-family: Roboto; font-size: 14px;\">Amerika, yak\u0131n zamanlarda belirlenen bir karar dahilinde green card \u00e7\u0131kartmaya ba\u015flad\u0131. Olduk\u00e7a i\u015flevsel ve kullan\u0131\u015fl\u0131 olan bu kart\u0131n ne oldu\u011funu bilmeyen olduk\u00e7a fazla say\u0131da ki\u015fi de <strong>amerika<\/strong>\u00a0<strong>green<\/strong>\u00a0<strong>card<\/strong>\u00a0nedir gibi bir sorunun cevab\u0131n\u0131 bulmak istemektedir.<\/span><br \/><span style=\"font-family: Roboto; font-size: 14px;\">Green card, isminden de anla\u015f\u0131laca\u011f\u0131 \u00fczere ye\u015fil bir kartt\u0131r. Tam olarak t\u00fcrk\u00e7eye \u00e7evirirsek ye\u015fil kart diyece\u011fimiz bu kart\u0131n ABD&#8217;de daimi olarak ikametgah etmeye yarayan bir kart oldu\u011fu s\u00f6ylenebilir. Bu da kart\u0131n ne derece \u00f6nemli oldu\u011funu g\u00f6stermektedir.<\/span><br \/><span style=\"font-family: Roboto; font-size: 14px;\">Green card hakk\u0131nda di\u011fer detaylara gelecek olursak, bu kart\u0131n Birle\u015fik Devletler&#8217;in G\u00f6\u00e7menlik ve Vatanda\u015fl\u0131k Kanunu sebebiyle verildi\u011fini s\u00f6yleyebiliriz. Bu ye\u015fil kart, ABD&#8217;de ya\u015fayacaklar\u0131n burada kal\u0131c\u0131 bir \u015fekilde ikametgah etme hakk\u0131 oldu\u011funu kan\u0131tlama niteli\u011fi ta\u015f\u0131yan bir kartt\u0131r. Bu kart\u0131n sahibi olan ki\u015finin <strong>ABD&#8217;de ikamet etmek<\/strong> ve \u00e7al\u0131\u015fmak i\u00e7in \u00f6n\u00fcnde hi\u00e7bir sorun olmad\u0131\u011f\u0131n\u0131 g\u00f6sterir. K\u0131sacas\u0131 delil g\u00f6revi \u00fcstlenmektedir. Bu karta sahip olmak, kesinlikle pek \u00e7ok a\u00e7\u0131dan avantajl\u0131d\u0131r.<\/span><\/p>\r\n<h2><span style=\"font-family: Roboto; font-size: 27px;\"><strong>Amerika<\/strong> <strong>Neden<\/strong>\u00a0<strong>Green<\/strong>\u00a0<strong>Card<\/strong> <strong>Veriyor ?<\/strong><\/span><\/h2>\r\n<p><span style=\"font-family: Roboto; font-size: 14px;\">Amerika&#8217;n\u0131n \u00e7\u0131kard\u0131\u011f\u0131 bu green card&#8217;\u0131n ne oldu\u011funu ve ne i\u015fe yarad\u0131\u011f\u0131n\u0131 \u00f6\u011frenen hemen hemen her ki\u015finin akl\u0131n\u0131 kurcalayan di\u011fer bir soru da <strong>Amerika<\/strong>\u00a0<strong>neden<\/strong>\u00a0<strong>green<\/strong>\u00a0<strong>card<\/strong>\u00a0<strong>veriyor<\/strong>\u00a0sorusudur. Bu kart\u0131n neden verildi\u011fi ku\u015fkusuz merak edilen bir sorudur.<\/span><br \/><span style=\"font-family: Roboto; font-size: 14px;\">Amerika&#8217;n\u0131n green card vermesinin en \u00f6nemli nedeni n\u00fcfusta dengeleme politikas\u0131d\u0131r. \u00dclkede ya\u015fayan insanlar\u0131n \u00e7e\u015fitlili\u011finin artmas\u0131 amac\u0131yla, \u00fclkede az say\u0131da vatanda\u015f\u0131 bulunan \u00fclkeler i\u00e7in green card verilmektedir. \u00d6zellikle T\u00fcrkiye gibi \u00e7ok az g\u00f6\u00e7men g\u00f6nderen \u00fclkelerin vatanda\u015flar\u0131 i\u00e7in bu kart\u0131n verildi\u011fi s\u00f6ylenebilir.<\/span><br \/><span style=\"font-family: Roboto; font-size: 14px;\">Green card verilecek ki\u015filerin se\u00e7imi ise gayet adaletli bir y\u00f6ntem ile belirleniyor. Bir \u00e7ekili\u015f ile green card sahibi olacak ki\u015filer belli olmu\u015f oluyor. Green card ba\u015fvurusu yapan her aday\u0131n az da olsa \u015fans\u0131 oluyor. Elbette ki bu kart\u0131n sahibi olmak \u00e7ok kolay olmayacakt\u0131r. Toplam olarak bir senede green card sahibi olan ki\u015fi say\u0131s\u0131 55 bin civarlar\u0131ndad\u0131r. Bu da ba\u015fvuran ki\u015filer d\u00fc\u015f\u00fcn\u00fcld\u00fc\u011f\u00fc zaman olduk\u00e7a d\u00fc\u015f\u00fck bir say\u0131d\u0131r.<\/span><\/p>\r\n<h2><span style=\"font-family: Roboto; font-size: 27px;\"><strong>Amerika Green Card Nas\u0131l Al\u0131n\u0131r?<\/strong><\/span><\/h2>\r\n<p><span style=\"font-family: Roboto; font-size: 14px;\">\r\n\r\n<\/span><\/p>\r\n<p><span style=\"font-family: Roboto; font-size: 14px;\"><strong>Amerika Green card daimi oturma izni<\/strong> anlam\u0131na gelir. Green card sahipleri g\u00f6\u00e7men konumuna ge\u00e7erek Amerika&#8217;da ya\u015fama hakk\u0131 elde edenler. <strong>Green card ba\u015fvurusu<\/strong> i\u00e7in ABD resmi g\u00f6\u00e7menlik b\u00fcrosuna gitmek gerekir. Green card sahipleri Amerika&#8217;da bir\u00e7ok avantaj\u0131 elde edebilirler. Bu kart sayesinde kazan\u0131lan haklar \u015fu \u015fekildedir:<\/span><\/p>\r\n<p><span style=\"font-family: Roboto; font-size: 14px;\">\r\n\r\n<\/span><\/p>\r\n<ul class=\"wp-block-list\">\r\n<li><span style=\"font-family: Roboto; font-size: 14px;\">Green cardla T\u00fcrk vatanda\u015fl\u0131\u011f\u0131 devam eder hem de <strong>Amerika g\u00f6\u00e7menlik stat\u00fcs\u00fc<\/strong> kazan\u0131l\u0131r.<\/span><\/li>\r\n<li><span style=\"font-family: Roboto; font-size: 14px;\">Kart\u0131 ald\u0131\u011f\u0131n\u0131z tarihten sonra yani 5 y\u0131l i\u00e7erisinde muhafaza etmeniz halinde Amerikan vatanda\u015f\u0131 olma hakk\u0131 elde edilir.<\/span><\/li>\r\n<li><span style=\"font-family: Roboto; font-size: 14px;\">Green card sayesinde iste\u011fe ba\u011fl\u0131 olarak devlet kurumlar\u0131nda ve \u00f6zel sekt\u00f6rde \u00e7al\u0131\u015fma hakk\u0131 elde edilir.<\/span><\/li>\r\n<li><span style=\"font-family: Roboto; font-size: 14px;\">Kart sahipleri Amerika&#8217;da \u015firket kurabilirler.<\/span><\/li>\r\n<\/ul>\r\n<p><span style=\"font-family: Roboto; font-size: 14px;\">\r\n\r\n<\/span><\/p>\r\n<p><span style=\"font-family: Roboto; font-size: 14px;\">\u0130ndirimli e\u011fitim ve burs alma imk\u00e2nlar\u0131 elde edilir. Green kart 21 ya\u015f alt\u0131 vatanda\u015flar taraf\u0131ndan da al\u0131nabilir.<\/span><\/p>\r\n<h2><span style=\"font-family: Roboto; font-size: 27px;\"><strong>Amerika Vatanda\u015fl\u0131\u011f\u0131 Alma Yollar\u0131<\/strong><\/span><\/h2>\r\n<p><span style=\"font-family: Roboto; font-size: 14px;\">\r\n\r\n<\/span><\/p>\r\n<p><span style=\"font-family: Roboto; font-size: 14px;\"><strong>Amerika vatanda\u015f\u0131<\/strong> olmay\u0131 bir\u00e7ok ki\u015fi istiyor. Bunu ba\u015farmak i\u00e7inse baz\u0131 \u015fartlar\u0131 sa\u011flamak ve birtak\u0131m evraklar\u0131 tamamlamak gerekiyor. \u00d6ncelikle \u015fartlar\u0131 sa\u011flad\u0131\u011f\u0131n\u0131zdan emin olman\u0131z laz\u0131m. \u015eartlar\u0131 sa\u011flad\u0131\u011f\u0131n\u0131z taktirde<strong> Amerikan vatanda\u015f\u0131 olmak <\/strong>i\u00e7in ba\u015fvurunuzu yapabilirsiniz. <strong>Amerika vatanda\u015f\u0131<\/strong> olman\u0131n sa\u011flad\u0131\u011f\u0131 bir\u00e7ok avantaj mevcuttur. Bu avantajlar\u0131 elde etmek ve g\u00fczel bir hayat s\u00fcrmek i\u00e7in siz de ba\u015fvuru yapabilirsiniz. \u00d6ncelikle Amerika\u2019da s\u00fcrekli kalabilmek i\u00e7in s\u00fcrekli oturma stat\u00fcs\u00fcn\u00fcn 5 y\u0131l boyunca korunmas\u0131 ve iptal edilmemi\u015f olmas\u0131 \u015fart\u0131 aran\u0131yor. Bu \u015fart sa\u011flan\u0131rsa ba\u015fvurular daha kolay bir \u015fekilde yap\u0131labiliyor. Di\u011fer bir \u00f6nemli \u015fart ise 5 y\u0131l boyunca Amerika\u2019da oturdu\u011funu ispat etmek. Di\u011fer bir \u015fart ise t\u00fcm \u00fclkelerin olmazsa olmaz\u0131 dil \u015fart\u0131d\u0131r. Temel d\u00fczeyde de olsa \u0130ngilizce konu\u015fabilme, anla\u015fabilme, yazabilme \u015fart\u0131 aranmaktad\u0131r. Bir di\u011fer \u015fart ise Amerikan yasalar\u0131na ve prensiplere ba\u011fl\u0131 oldu\u011funu ifade etmektir. Buna ek olarak ABD\u2019ye ba\u011f\u0131ml\u0131l\u0131k yemini de istenen \u015fartlardand\u0131r.<\/span><\/p>\r\n<h3><span style=\"font-family: Roboto; font-size: 24px;\"><strong>Amerika<\/strong>\u00a0<strong>Green<\/strong>\u00a0<strong>Card<\/strong>\u00a0<strong>Ba\u015fvurusu<\/strong><\/span><\/h3>\r\n<p><span style=\"font-family: Roboto; font-size: 14px;\"><strong>Amerika green card sahibi<\/strong> olmak isteyenlerin \u00f6ncelikle bu kart i\u00e7in ba\u015fvuru yapmas\u0131 gerekmektedir. Bu ba\u015fvurunun nas\u0131l yap\u0131laca\u011f\u0131 ve kimlerin ba\u015fvuru yapabildi\u011fini merak edenler ise <strong>Amerika<\/strong>\u00a0<strong>green<\/strong>\u00a0<strong>card<\/strong>\u00a0<strong>ba\u015fvurusu<\/strong> nas\u0131l yap\u0131l\u0131r gibi sorular\u0131n cevab\u0131n\u0131 aramaktad\u0131r.<\/span><br \/><span style=\"font-family: Roboto; font-size: 14px;\">\u00a0Green card ba\u015fvurusu yapabilmek i\u00e7in ilk \u015fart lise mezunu olmak olarak g\u00f6ze \u00e7arp\u0131yor. Lise mezunu olmayan ki\u015filer green card i\u00e7in ba\u015fvuruda bulunam\u0131yor. Yine 18 ya\u015f\u0131n \u00fcst\u00fcnde olmak da bu green card ba\u015fvurusu i\u00e7in \u015fartt\u0131r. Bu iki temel \u015fart\u0131 sa\u011flamayan ki\u015filer do\u011frudan kart sahibi olma \u015fans\u0131n\u0131 kaybetmektedir.<\/span><br \/><span style=\"font-family: Roboto; font-size: 14px;\">Green card ba\u015fvurusu yapabilmek i\u00e7in gereken di\u011fer olmazsa olmaz ise son 5 sene i\u00e7inde uzmanl\u0131\u011f\u0131n gerekli oldu\u011fu bir meslek dal\u0131nda en az 2 sene \u00e7al\u0131\u015fmakt\u0131r. 2 sene boyunca \u00e7al\u0131\u015fm\u0131\u015f oldu\u011funuz b\u00f6yle bir uzmanl\u0131k dal\u0131 yoksa ne yaz\u0131k ki green card ba\u015fvurusunda bulunamazs\u0131n\u0131z.<\/span><br \/><span style=\"font-family: Roboto; font-size: 14px;\">Green card ba\u015fvuru formlar\u0131n\u0131 doldurmak ise olduk\u00e7a kolayd\u0131r. Di\u011fer \u00e7o\u011fu kuruma verdi\u011finiz belgeler gibi bu belgeleri de doldurman\u0131z yeterli olacakt\u0131r.<\/span><\/p>\r\n<p><span style=\"font-family: Roboto; font-size: 14px;\">\r\n\r\n<\/span><\/p>\r\n<h3><span style=\"font-family: Roboto; font-size: 24px;\"><strong>Amerika Vatanda\u015f\u0131 Olmak \u0130\u00e7in Gerekli Evraklar Listesi<\/strong><\/span><\/h3>\r\n<p><span style=\"font-family: Roboto; font-size: 14px;\">\r\n\r\n<\/span><\/p>\r\n<p><span style=\"font-family: Roboto; font-size: 14px;\">E\u011fer <strong>Amerika vatanda\u015f\u0131 olmak i\u00e7in gerekli evraklar <\/strong>tamamlan\u0131rsa s\u00fcre\u00e7 daha h\u0131zl\u0131 ilerleyecektir. \u015eartlar sa\u011fland\u0131\u011f\u0131 taktirde bu evraklar\u0131 tamamlayarak konsoloslu\u011fa ba\u015fvuru yap\u0131labilir. \u0130lk evrak N-400 formudur. Bu formun doldurulmu\u015f olmas\u0131 ve 725 dolar ile ba\u015fvurunun yap\u0131lmas\u0131 gerekiyor. Dosyaya biyometrik foto\u011fraf da eklenmelidir. Di\u011fer bir \u00f6nemli evrak ise parmak izleridir. Parmak iziniz ve biyometrik verileriniz kaydedilmelidir. Bunun i\u00e7in verilen randevu saatinde gidip i\u015flemleri ger\u00e7ekle\u015ftirmeniz gerekiyor. Dil bilginizi ispatlayacak belgelerinizi de dosyaya eklemeniz gerekir. T\u00fcm bu evraklar haz\u0131rlanarak ba\u015fvuru yap\u0131ld\u0131ktan sonra s\u00fcre\u00e7 ilerleyecektir. \u0130lk olarak ba\u015fvurunun sonucu a\u00e7\u0131klanacakt\u0131r. Ba\u015fvuru sonucu ret olarak gelirse bu durumda evraklarda d\u00fczenleme yaparak tekrar ba\u015fvuru yap\u0131labilir. E\u011fer ba\u015fvuru sonucu olumlu gelirse, s\u00fcre\u00e7 2. A\u015famaya ge\u00e7ecektir. Bu a\u015famada \u00f6nce ba\u011fl\u0131l\u0131k yemini etmeniz istenir. Ba\u011fl\u0131l\u0131k yemininiz bildirim \u015feklinde al\u0131n\u0131r ve dosyaya eklenir. Sonras\u0131nda ise vatanda\u015fl\u0131\u011fa kabul t\u00f6reninde s\u00f6zl\u00fc olarak yemin etmeniz istenecektir. T\u00fcm bunlar tamamland\u0131ktan sonra yurtta\u015fl\u0131\u011fa kabul belgesi taraf\u0131n\u0131za verilir. Bu belgeyi ald\u0131ktan sonra tam anlam\u0131yla Amerika vatanda\u015f\u0131 olacaks\u0131n\u0131z. S\u00fcre\u00e7 yakla\u015f\u0131k olarak 6 ay ile 1 sene aras\u0131nda de\u011fi\u015febilmektedir. Evraklar\u0131n d\u00fczg\u00fcn haz\u0131rlanm\u0131\u015f olmas\u0131 s\u00fcreci h\u0131zland\u0131ran en \u00f6nemli fakt\u00f6rd\u00fcr.<\/span><\/p>\r\n<p><span style=\"font-family: Roboto; font-size: 14px;\">\r\n\r\n<\/span><\/p>\r\n<p><span style=\"font-family: Roboto; font-size: 14px;\"><strong>Amerika Birle\u015fik Devletleri b\u00fcy\u00fckl\u00fc\u011f\u00fc<\/strong> bak\u0131m\u0131ndan d\u00fcnyan\u0131n en geni\u015f \u00fclkeleri aras\u0131nda yer. \u00dclke \u00c7in ve Hindistan\u2019dan sonra en kalabal\u0131k \u00fclkedir. Bu kadar fazla g\u00f6\u00e7 almas\u0131n\u0131n en \u00f6nemli nedeni ise geli\u015fmi\u015f ekonomisi, sa\u011fl\u0131k sistemleri, e\u011fitim olanaklar\u0131 ve ya\u015fam \u015fartlar\u0131d\u0131r. Yeralt\u0131 kaynaklar\u0131 bak\u0131m\u0131ndan zengin olan Amerika \u00f6zg\u00fcrl\u00fckler \u00fclkesi olarak bilinir. T\u00fcrkiye&#8217;de ya\u015fayan vatanda\u015flar\u0131n bir\u00e7o\u011fu Amerika&#8217;da ya\u015famak i\u00e7in<span style=\"color: #2acec2;\"><strong><a style=\"color: #2acec2;\" href=\"https:\/\/www.myvize.com.tr\/amerika\/amerika-oturum-izni\/\" target=\"_blank\" rel=\"noopener\"> Amerika oturum vizesi<\/a><\/strong><\/span> alarak \u00fclkeye yerle\u015firler. Amerika&#8217;da oturum vizesi alarak \u00fclkede kalman\u0131n birka\u00e7 yolu bulunuyor. Bunlar ebeveynlerden birinin Amerikan vatanda\u015f\u0131 olmas\u0131, i\u015f ama\u00e7l\u0131 yat\u0131r\u0131m yaparak oturum izni almak, ye\u015fil kart sahibi olmak ve Amerika&#8217;da do\u011fmu\u015f olmak gerekir. Her y\u0131l T\u00fcrkiye&#8217;den bir bir\u00e7ok ki\u015fi Amerika&#8217;ya i\u015f, e\u011fitim, ziyaret ve turistik ama\u00e7l\u0131 gider.<\/span><\/p>\r\n<p><span style=\"font-family: Roboto; font-size: 14px;\"><\/span><\/p>\r\n<p><span style=\"font-family: Roboto; font-size: 14px;\"><img decoding=\"async\" src=\"https:\/\/www.myvize.com.tr\/amerika\/wp-content\/uploads\/2021\/09\/39.jpg\" \/><\/span><\/p>\r\n<p><span style=\"font-family: Roboto; font-size: 14px;\"><\/span><\/p>\r\n<p><span style=\"font-family: Roboto; font-size: 14px;\">\r\n\r\n<\/span><\/p>\r\n<h3><span style=\"font-family: Roboto; font-size: 24px;\"><strong>\u0130\u015f Ama\u00e7l\u0131 Amerika Oturum Vizesi<\/strong><\/span><\/h3>\r\n<p><span style=\"font-family: Roboto; font-size: 14px;\">\r\n\r\n<\/span><\/p>\r\n<p><span style=\"font-family: Roboto; font-size: 14px;\"><strong>T\u00fcrkiye&#8217;den Amerika&#8217;ya gitmek<\/strong> isteyenler yat\u0131r\u0131m yaparak da burada s\u00fcrekli oturum izni alabilirler. Bu kapsamda hak sahipleri E5 vizesi alarak g\u00f6\u00e7menlik dilek\u00e7esini doldurup oturma iznini alabilirler. Yat\u0131r\u0131m ama\u00e7l\u0131 Amerika&#8217;ya gidecek olanlar \u015fu a\u015famalar\u0131 takip eder: E-5 vizesine sahip olmak. <strong>Amerika&#8217;da bulunan yat\u0131r\u0131m<\/strong> ama\u00e7l\u0131 i\u015fletmeye 500 bin dolar ile 1 milyon dolar aras\u0131 yat\u0131r\u0131m yapmak. T\u00fcm bu yat\u0131r\u0131m i\u015flemlerinin yasal yollardan d\u00fczenlenmesi. Yap\u0131lacak olan yat\u0131r\u0131m\u0131n daha \u00e7ok i\u015fsizli\u011fin yo\u011fun oldu\u011fu alanlarda yap\u0131lmas\u0131 \u00f6ng\u00f6r\u00fcl\u00fcyor. Bu \u015fekilde yat\u0131r\u0131m ama\u00e7l\u0131 oturum izni al\u0131n\u0131r.<\/span><\/p>\r\n<p><span style=\"font-family: Roboto;\"><\/span><\/p>","protected":false},"excerpt":{"rendered":"<p>Amerika\u00a0Green\u00a0Card\u00a0Nedir\u00a0? Amerika, yak\u0131n zamanlarda belirlenen bir karar dahilinde green card \u00e7\u0131kartmaya ba\u015flad\u0131. Olduk\u00e7a i\u015flevsel ve kullan\u0131\u015fl\u0131 olan bu kart\u0131n ne oldu\u011funu bilmeyen olduk\u00e7a fazla say\u0131da ki\u015fi de amerika\u00a0green\u00a0card\u00a0nedir gibi bir sorunun cevab\u0131n\u0131 bulmak istemektedir.Green card, isminden de anla\u015f\u0131laca\u011f\u0131 \u00fczere ye\u015fil bir kartt\u0131r. Tam olarak t\u00fcrk\u00e7eye \u00e7evirirsek ye\u015fil kart diyece\u011fimiz bu kart\u0131n ABD&#8217;de daimi olarak ikametgah<\/p>\n","protected":false},"author":1,"featured_media":0,"parent":0,"menu_order":0,"comment_status":"open","ping_status":"closed","template":"","meta":{"footnotes":""},"class_list":["post-196","page","type-page","status-publish","hentry"],"yoast_head":"<!-- This site is optimized with the Yoast SEO plugin v27.4 - https:\/\/yoast.com\/product\/yoast-seo-wordpress\/ -->\n<title>Amerika Green Card - Amerika Vizesi - MyVize<\/title>\n<meta name=\"description\" content=\"Amerika Green Card Nas\u0131l \u00c7\u0131kart\u0131l\u0131r? Amerika Green Card Nereden Al\u0131n\u0131r? Amerika Green Card Almak \u0130\u00e7in Gereken Evraklar Nelerdir?\" \/>\n<meta name=\"robots\" content=\"index, follow, max-snippet:-1, max-image-preview:large, max-video-preview:-1\" \/>\n<link rel=\"canonical\" href=\"https:\/\/www.myvize.com.tr\/amerika\/green-card\/\" \/>\n<meta property=\"og:locale\" content=\"tr_TR\" \/>\n<meta property=\"og:type\" content=\"article\" \/>\n<meta property=\"og:title\" content=\"Amerika Green Card - Amerika Vizesi - MyVize\" \/>\n<meta property=\"og:description\" content=\"Amerika Green Card Nas\u0131l \u00c7\u0131kart\u0131l\u0131r? Amerika Green Card Nereden Al\u0131n\u0131r? Amerika Green Card Almak \u0130\u00e7in Gereken Evraklar Nelerdir?\" \/>\n<meta property=\"og:url\" content=\"https:\/\/www.myvize.com.tr\/amerika\/green-card\/\" \/>\n<meta property=\"og:site_name\" content=\"Amerika Vizesi\" \/>\n<meta property=\"article:modified_time\" content=\"2022-07-30T09:21:22+00:00\" \/>\n<meta property=\"og:image\" content=\"https:\/\/www.myvize.com.tr\/amerika\/wp-content\/uploads\/2021\/09\/39.jpg\" \/>\n<meta name=\"twitter:card\" content=\"summary_large_image\" \/>\n<meta name=\"twitter:label1\" content=\"Tahmini okuma s\u00fcresi\" \/>\n\t<meta name=\"twitter:data1\" content=\"7 dakika\" \/>\n<script type=\"application\/ld+json\" class=\"yoast-schema-graph\">{\"@context\":\"https:\\\/\\\/schema.org\",\"@graph\":[{\"@type\":\"WebPage\",\"@id\":\"https:\\\/\\\/www.myvize.com.tr\\\/amerika\\\/green-card\\\/\",\"url\":\"https:\\\/\\\/www.myvize.com.tr\\\/amerika\\\/green-card\\\/\",\"name\":\"Amerika Green Card - Amerika Vizesi - MyVize\",\"isPartOf\":{\"@id\":\"https:\\\/\\\/www.myvize.com.tr\\\/amerika\\\/#website\"},\"primaryImageOfPage\":{\"@id\":\"https:\\\/\\\/www.myvize.com.tr\\\/amerika\\\/green-card\\\/#primaryimage\"},\"image\":{\"@id\":\"https:\\\/\\\/www.myvize.com.tr\\\/amerika\\\/green-card\\\/#primaryimage\"},\"thumbnailUrl\":\"https:\\\/\\\/www.myvize.com.tr\\\/amerika\\\/wp-content\\\/uploads\\\/2021\\\/09\\\/39.jpg\",\"datePublished\":\"2020-12-21T09:13:53+00:00\",\"dateModified\":\"2022-07-30T09:21:22+00:00\",\"description\":\"Amerika Green Card Nas\u0131l \u00c7\u0131kart\u0131l\u0131r? Amerika Green Card Nereden Al\u0131n\u0131r? Amerika Green Card Almak \u0130\u00e7in Gereken Evraklar Nelerdir?\",\"breadcrumb\":{\"@id\":\"https:\\\/\\\/www.myvize.com.tr\\\/amerika\\\/green-card\\\/#breadcrumb\"},\"inLanguage\":\"tr\",\"potentialAction\":[{\"@type\":\"ReadAction\",\"target\":[\"https:\\\/\\\/www.myvize.com.tr\\\/amerika\\\/green-card\\\/\"]}]},{\"@type\":\"ImageObject\",\"inLanguage\":\"tr\",\"@id\":\"https:\\\/\\\/www.myvize.com.tr\\\/amerika\\\/green-card\\\/#primaryimage\",\"url\":\"https:\\\/\\\/www.myvize.com.tr\\\/amerika\\\/wp-content\\\/uploads\\\/2021\\\/09\\\/39.jpg\",\"contentUrl\":\"https:\\\/\\\/www.myvize.com.tr\\\/amerika\\\/wp-content\\\/uploads\\\/2021\\\/09\\\/39.jpg\",\"width\":800,\"height\":500,\"caption\":\"Amerika\"},{\"@type\":\"BreadcrumbList\",\"@id\":\"https:\\\/\\\/www.myvize.com.tr\\\/amerika\\\/green-card\\\/#breadcrumb\",\"itemListElement\":[{\"@type\":\"ListItem\",\"position\":1,\"name\":\"Anasayfa\",\"item\":\"https:\\\/\\\/www.myvize.com.tr\\\/amerika\\\/\"},{\"@type\":\"ListItem\",\"position\":2,\"name\":\"AMER\u0130KA GREEN CARD\"}]},{\"@type\":\"WebSite\",\"@id\":\"https:\\\/\\\/www.myvize.com.tr\\\/amerika\\\/#website\",\"url\":\"https:\\\/\\\/www.myvize.com.tr\\\/amerika\\\/\",\"name\":\"MyVize Amerika Vize Ba\u015fvuru Merkezi\",\"description\":\"\",\"potentialAction\":[{\"@type\":\"SearchAction\",\"target\":{\"@type\":\"EntryPoint\",\"urlTemplate\":\"https:\\\/\\\/www.myvize.com.tr\\\/amerika\\\/?s={search_term_string}\"},\"query-input\":{\"@type\":\"PropertyValueSpecification\",\"valueRequired\":true,\"valueName\":\"search_term_string\"}}],\"inLanguage\":\"tr\"}]}<\/script>\n<!-- \/ Yoast SEO plugin. -->","yoast_head_json":{"title":"Amerika Green Card - Amerika Vizesi - MyVize","description":"Amerika Green Card Nas\u0131l \u00c7\u0131kart\u0131l\u0131r? Amerika Green Card Nereden Al\u0131n\u0131r? Amerika Green Card Almak \u0130\u00e7in Gereken Evraklar Nelerdir?","robots":{"index":"index","follow":"follow","max-snippet":"max-snippet:-1","max-image-preview":"max-image-preview:large","max-video-preview":"max-video-preview:-1"},"canonical":"https:\/\/www.myvize.com.tr\/amerika\/green-card\/","og_locale":"tr_TR","og_type":"article","og_title":"Amerika Green Card - Amerika Vizesi - MyVize","og_description":"Amerika Green Card Nas\u0131l \u00c7\u0131kart\u0131l\u0131r? Amerika Green Card Nereden Al\u0131n\u0131r? Amerika Green Card Almak \u0130\u00e7in Gereken Evraklar Nelerdir?","og_url":"https:\/\/www.myvize.com.tr\/amerika\/green-card\/","og_site_name":"Amerika Vizesi","article_modified_time":"2022-07-30T09:21:22+00:00","og_image":[{"url":"https:\/\/www.myvize.com.tr\/amerika\/wp-content\/uploads\/2021\/09\/39.jpg","type":"","width":"","height":""}],"twitter_card":"summary_large_image","twitter_misc":{"Tahmini okuma s\u00fcresi":"7 dakika"},"schema":{"@context":"https:\/\/schema.org","@graph":[{"@type":"WebPage","@id":"https:\/\/www.myvize.com.tr\/amerika\/green-card\/","url":"https:\/\/www.myvize.com.tr\/amerika\/green-card\/","name":"Amerika Green Card - Amerika Vizesi - MyVize","isPartOf":{"@id":"https:\/\/www.myvize.com.tr\/amerika\/#website"},"primaryImageOfPage":{"@id":"https:\/\/www.myvize.com.tr\/amerika\/green-card\/#primaryimage"},"image":{"@id":"https:\/\/www.myvize.com.tr\/amerika\/green-card\/#primaryimage"},"thumbnailUrl":"https:\/\/www.myvize.com.tr\/amerika\/wp-content\/uploads\/2021\/09\/39.jpg","datePublished":"2020-12-21T09:13:53+00:00","dateModified":"2022-07-30T09:21:22+00:00","description":"Amerika Green Card Nas\u0131l \u00c7\u0131kart\u0131l\u0131r? Amerika Green Card Nereden Al\u0131n\u0131r? Amerika Green Card Almak \u0130\u00e7in Gereken Evraklar Nelerdir?","breadcrumb":{"@id":"https:\/\/www.myvize.com.tr\/amerika\/green-card\/#breadcrumb"},"inLanguage":"tr","potentialAction":[{"@type":"ReadAction","target":["https:\/\/www.myvize.com.tr\/amerika\/green-card\/"]}]},{"@type":"ImageObject","inLanguage":"tr","@id":"https:\/\/www.myvize.com.tr\/amerika\/green-card\/#primaryimage","url":"https:\/\/www.myvize.com.tr\/amerika\/wp-content\/uploads\/2021\/09\/39.jpg","contentUrl":"https:\/\/www.myvize.com.tr\/amerika\/wp-content\/uploads\/2021\/09\/39.jpg","width":800,"height":500,"caption":"Amerika"},{"@type":"BreadcrumbList","@id":"https:\/\/www.myvize.com.tr\/amerika\/green-card\/#breadcrumb","itemListElement":[{"@type":"ListItem","position":1,"name":"Anasayfa","item":"https:\/\/www.myvize.com.tr\/amerika\/"},{"@type":"ListItem","position":2,"name":"AMER\u0130KA GREEN CARD"}]},{"@type":"WebSite","@id":"https:\/\/www.myvize.com.tr\/amerika\/#website","url":"https:\/\/www.myvize.com.tr\/amerika\/","name":"MyVize Amerika Vize Ba\u015fvuru Merkezi","description":"","potentialAction":[{"@type":"SearchAction","target":{"@type":"EntryPoint","urlTemplate":"https:\/\/www.myvize.com.tr\/amerika\/?s={search_term_string}"},"query-input":{"@type":"PropertyValueSpecification","valueRequired":true,"valueName":"search_term_string"}}],"inLanguage":"tr"}]}},"_links":{"self":[{"href":"https:\/\/www.myvize.com.tr\/amerika\/wp-json\/wp\/v2\/pages\/196","targetHints":{"allow":["GET"]}}],"collection":[{"href":"https:\/\/www.myvize.com.tr\/amerika\/wp-json\/wp\/v2\/pages"}],"about":[{"href":"https:\/\/www.myvize.com.tr\/amerika\/wp-json\/wp\/v2\/types\/page"}],"author":[{"embeddable":true,"href":"https:\/\/www.myvize.com.tr\/amerika\/wp-json\/wp\/v2\/users\/1"}],"replies":[{"embeddable":true,"href":"https:\/\/www.myvize.com.tr\/amerika\/wp-json\/wp\/v2\/comments?post=196"}],"version-history":[{"count":11,"href":"https:\/\/www.myvize.com.tr\/amerika\/wp-json\/wp\/v2\/pages\/196\/revisions"}],"predecessor-version":[{"id":1465,"href":"https:\/\/www.myvize.com.tr\/amerika\/wp-json\/wp\/v2\/pages\/196\/revisions\/1465"}],"wp:attachment":[{"href":"https:\/\/www.myvize.com.tr\/amerika\/wp-json\/wp\/v2\/media?parent=196"}],"curies":[{"name":"wp","href":"https:\/\/api.w.org\/{rel}","templated":true}]}}