{"id":205,"date":"2020-12-21T14:56:27","date_gmt":"2020-12-21T11:56:27","guid":{"rendered":"https:\/\/www.myvize.com.tr\/amerika\/?page_id=205"},"modified":"2022-08-02T12:34:34","modified_gmt":"2022-08-02T09:34:34","slug":"amerika-ogrenci-vizesi","status":"publish","type":"page","link":"https:\/\/www.myvize.com.tr\/amerika\/ogrenci-degisim\/amerika-ogrenci-vizesi\/","title":{"rendered":"Amerika \u00d6\u011frenci Vizesi"},"content":{"rendered":"<h2><span style=\"font-family: Roboto; font-size: 27px;\"><strong>Amerika \u00d6\u011frenci Vizesi Nedir?<\/strong><\/span><\/h2>\n<p><span style=\"font-family: Roboto; font-size: 14px;\"><strong>Amerika \u00f6\u011frenci vizesi nedir<\/strong>\u00a0sorusu bu \u00fclkede e\u011fitim almak isteyen ki\u015filerin merak etti\u011fi konular aras\u0131nda yer al\u0131yor. Bu vizeyi alabilmek i\u00e7in \u00f6\u011frencilerin \u00fczerinde durmas\u0131 gereken bir\u00e7ok konu bulunuyor. \u00d6ncelikle vizeyi ne t\u00fcr bir e\u011fitim i\u00e7in alaca\u011f\u0131n\u0131za karar vermeniz gerekiyor. ERASMUS ya da \u00fcniversite, y\u00fcksek lisans ya da doktora e\u011fitimleri i\u00e7in ba\u015fvurulacak vize i\u015flemlerinde farkl\u0131 belgeler istenebilir. Bu nedenle vize i\u015flemlerinize ba\u015flamadan \u00f6nce detayl\u0131 bir i\u015flem yapt\u0131rman\u0131z gerekiyor. <strong>Amerika \u00f6\u011frenci vizesi<\/strong> konusunda profesyonel bir vize dan\u0131\u015fmanl\u0131k deste\u011finden yararlanabilirsiniz.<\/span><\/p>\n<p><span style=\"font-family: Roboto; font-size: 14px;\">Ki\u015filer e\u011fitimleri ba\u015flamadan \u00f6nce bu vizeyi mutlaka almak durumundad\u0131r. Ancak vizeyi alabilmenin en \u00f6nemli ko\u015fulu vize i\u015flemleri s\u0131ras\u0131nda mutlaka ilk olarak e\u011fitim alaca\u011f\u0131n\u0131z okuldan bir kabul mektubu alman\u0131z gerekiyor. Kabul mektubunu ald\u0131ktan sonra vizenizi alabilme imkan\u0131 bulabilirsiniz. Okuldan bir davetiye gelmemi\u015f ise vizenizi kolay kolay alman\u0131z da m\u00fcmk\u00fcn olmayacakt\u0131r. Ayn\u0131 zamanda ba\u015fvuru formunuzu da bu vize t\u00fcr\u00fcne uygun olarak doldurman\u0131z gerekiyor.<\/span><\/p>\n<h2><span style=\"font-family: Roboto; font-size: 27px;\"><strong>Amerika \u00d6\u011frenci Vizesi Nas\u0131l Al\u0131n\u0131r?<\/strong><\/span><\/h2>\n<p><span style=\"font-family: Roboto; font-size: 14px;\"><strong>Amerika \u00f6\u011frenci vizesi nas\u0131l al\u0131n\u0131r<\/strong>\u00a0sorusu bu vizeye ba\u015fvurmak isteyen ki\u015filerin mutlaka bilmesi gereken bir konudur. Vize i\u015flemleri s\u0131ras\u0131nda belgelerinizin eksik olmas\u0131 demek vize reddi alman\u0131z ile e\u015f de\u011ferde bir durumdur. B\u00f6yle bir sorun ile kar\u015f\u0131la\u015fmak zorunda kalmamak i\u00e7in mutlaka evraklar\u0131n\u0131z\u0131n g\u00fcncel ve tam olmas\u0131na \u00f6zen g\u00f6stermeniz gerekiyor. <span style=\"color: #2acec2;\"><strong><a style=\"color: #2acec2;\" href=\"https:\/\/www.myvize.com.tr\/amerika\/vize-islemleri\/\" target=\"_blank\" rel=\"noopener\">Amerika vize i\u015flemleri <\/a><\/strong><\/span>s\u0131ras\u0131nda \u015fu belgeleri \u00f6\u011frencilerin mutlaka haz\u0131rlamas\u0131 gerekiyor:<\/span><\/p>\n<ul>\n<li><span style=\"font-family: Roboto; font-size: 14px;\">Ba\u015fvuru belgesi ve pasaport<\/span><\/li>\n<li><span style=\"font-family: Roboto; font-size: 14px;\">Kimlik belgesinin fotokopisi<\/span><\/li>\n<li><span style=\"font-family: Roboto; font-size: 14px;\">Tam vukuatl\u0131 n\u00fcfus kay\u0131t \u00f6rne\u011fi<\/span><\/li>\n<li><span style=\"font-family: Roboto; font-size: 14px;\">Biyometrik foto\u011fraf 2 tane<\/span><\/li>\n<li><span style=\"font-family: Roboto; font-size: 14px;\">Var ise eski pasaportlar\u0131n\u0131z.<\/span><\/li>\n<li><span style=\"font-family: Roboto; font-size: 14px;\">Sponsor ya da aile fertlerine ait olan tapular<\/span><\/li>\n<li><span style=\"font-family: Roboto; font-size: 14px;\">Sponsor ya da aile fertlerine ait olan ruhsatlar<\/span><\/li>\n<li><span style=\"font-family: Roboto; font-size: 14px;\">Sponsor ya da aile fertlerine ait olan kontrat fotokopileri<\/span><\/li>\n<li><span style=\"font-family: Roboto; font-size: 14px;\">Erkek \u00f6\u011frencilerin askerlik tecil ya da terhis belgeleri<\/span><\/li>\n<li><span style=\"font-family: Roboto; font-size: 14px;\">18 ya\u015f alt\u0131ndakilerin aileden izin belgeleri<\/span><\/li>\n<li><span style=\"font-family: Roboto; font-size: 14px;\">Seyahat sa\u011fl\u0131k sigortas\u0131<\/span><\/li>\n<li><span style=\"font-family: Roboto; font-size: 14px;\">E\u011fitim bilgileri<\/span><\/li>\n<li><span style=\"font-family: Roboto; font-size: 14px;\">Okul izin belgesi<\/span><\/li>\n<li><span style=\"font-family: Roboto; font-size: 14px;\">Kar\u015f\u0131 okuldan gelen davetiye<\/span><\/li>\n<li><span style=\"font-family: Roboto; font-size: 14px;\">Vize har\u00e7 belgesinin yat\u0131r\u0131ld\u0131\u011f\u0131n\u0131 g\u00f6steren dekont<\/span><\/li>\n<\/ul>\n<p><span style=\"font-family: Roboto; font-size: 14px;\">Gibi belgelerin tamam\u0131n\u0131 haz\u0131rlaman\u0131z gerekiyor.<\/span><\/p>\n<h2><span style=\"font-family: Roboto; font-size: 27px;\"><strong>Amerika \u00d6\u011frenci Vizesi Nereden Al\u0131n\u0131r?<\/strong><\/span><\/h2>\n<p><span style=\"font-family: Roboto; font-size: 14px;\"><strong>Amerika \u00f6\u011frenci vizesi nereden al\u0131n\u0131r<\/strong>\u00a0sorusuna ise konsolosluklar, b\u00fcy\u00fckel\u00e7ilikler, yetkilendirilmi\u015f vize merkezleri olarak yan\u0131t verilebilir. Vize belgelerinizi tam olarak haz\u0131rlad\u0131ktan sonra bu evraklar\u0131 ilgili yerlere teslim etmeniz gerekiyor. B\u00f6ylece vize i\u015flemlerinizin hi\u00e7bir \u015fekilde sorun ya\u015fanmadan tamamlanmas\u0131n\u0131 sa\u011flayabilirsiniz. Ancak vize i\u015flemleri s\u0131ras\u0131nda dikkat etmeniz gereken birtak\u0131m noktalar bulunuyor. Bu s\u00fcre\u00e7te vize i\u015flemlerinizin tam olarak yap\u0131labilmesi i\u00e7in belirli noktalara dikkat etmek gerekiyor.<\/span><\/p>\n<p><span style=\"font-family: Roboto; font-size: 14px;\">Bu i\u015flemlerde \u00f6ncelikle pasaportu \u00e7\u0131kartt\u0131rman\u0131z gerekiyor. Sonras\u0131nda okuldan kabul mektubu alman\u0131z \u00f6nemlidir. Okuldan kabul mektubu ald\u0131ysan\u0131z di\u011fer belgeleri haz\u0131rlayabilirsiniz. Ba\u015fvuru formunu mutlaka turistik vize i\u015flemlerine uygun bir \u015fekilde tamamlaman\u0131z gerekiyor. Bu i\u015flemler s\u0131ras\u0131nda pasaportunuzun e\u011fitim bittikten sonra da ge\u00e7erlili\u011fini devam ettirecek \u015fekilde olmas\u0131 gerekiyor. Aksi halde pasaport konusunda sorun ya\u015fayabilirsiniz. Amerika \u00f6\u011frenci vizesi alabilmek i\u00e7in kurumlardan mutlaka randevu da alman\u0131z gerekiyor. Randevu konusunda \u00f6nceden mutlaka tarih ve saat belirlemesi yapman\u0131z gerekiyor. Aksi halde vizenizi alman\u0131z gecikebilir.<\/span><\/p>\n<h2><strong><span style=\"font-size: 27px; font-family: Roboto;\">Amerika F1 \u00d6\u011frenci Vizesi \u00d6zellikleri<\/span><\/strong><\/h2>\n<p><span style=\"font-family: Roboto; font-size: 14px;\">Amerika Birle\u015fik Devletleri&#8217;nde bir \u00f6\u011frenci vizesinin T\u00fcrk vatanda\u015flar\u0131na verildi\u011fi azami s\u00fcre bir y\u0131ld\u0131r. \u00c7o\u011fu durumda, \u00f6\u011frenci vizesi \u00e7ok giri\u015flidir ve ge\u00e7erlilik s\u00fcresi boyunca <strong>Amerika&#8217;ya birka\u00e7 seyahat<\/strong> yapman\u0131za izin verir. Bazen vize memuru, belirli bir e\u011fitim program\u0131 i\u00e7in bir ziyaret ve s\u00fcre i\u00e7in bir \u00e7al\u0131\u015fma vizesi verebilir. \u00dclkede kal\u0131nan g\u00fcn say\u0131s\u0131 vizenin kendisinde belirtilmez. Amerika Birle\u015fik Devletleri&#8217;nde kal\u0131\u015f s\u00fcresi, her girdi\u011finizde damgalan\u0131r. Genellikle ayr\u0131l\u0131\u015f tarihi, \u00e7al\u0131\u015fma program\u0131n\u0131n biti\u015f tarihine g\u00f6re belirtilir. Ayr\u0131ca, kal\u0131\u015f g\u00fcnlerinin say\u0131s\u0131 vizenin ge\u00e7erlilik s\u00fcresinden daha uzun olabilir.<\/span><\/p>\n<p><span style=\"font-family: Roboto; font-size: 14px;\">Uluslararas\u0131 \u00f6\u011frencilerin F-1 vizesi kapsam\u0131nda ABD&#8217;de \u00e7al\u0131\u015fmas\u0131na izin verilir, ancak ilk y\u0131l boyunca \u00dcniversite kamp\u00fcs\u00fc d\u0131\u015f\u0131nda \u00e7al\u0131\u015fmalar\u0131na izin verilmez. Ayr\u0131ca, \u00f6\u011frencinin kamp\u00fcs i\u00e7inde baz\u0131 k\u0131s\u0131tlamalar ve ko\u015fullar alt\u0131nda \u00e7al\u0131\u015fmas\u0131na izin verilmektedir.<\/span><\/p>\n<p><span style=\"font-family: Roboto; font-size: 14px;\"><strong>F-1 vizesi<\/strong> sahibi uluslararas\u0131 \u00f6\u011frenci, birinci y\u0131l\u0131n\u0131 tamamlad\u0131ktan sonra kamp\u00fcs d\u0131\u015f\u0131nda \u00e7al\u0131\u015fabilir ancak \u00e7al\u0131\u015fma olanaklar\u0131 h\u00e2l\u00e2 k\u0131s\u0131tl\u0131d\u0131r.<\/span><\/p>\n<p><span style=\"font-family: Roboto; font-size: 14px;\">Oysa M-1 vizesi kapsam\u0131nda \u00f6\u011frencinin ancak e\u011fitimlerinin bitiminden sonra pratik e\u011fitime kat\u0131lmas\u0131na izin verilir.<\/span><\/p>\n<p><span style=\"font-family: Roboto; font-size: 14px;\">Ayr\u0131ca F1 vizesi alan \u00f6\u011frenciler 20 ila 40 saat aras\u0131nda \u00e7al\u0131\u015fabilirler (haftal\u0131k). E\u011fitimlerinin ilk y\u0131l\u0131nda bu vize t\u00fcr\u00fcyle \u00e7al\u0131\u015fmak i\u00e7in ABD&#8217;ye gelen uluslararas\u0131 \u00f6\u011frenciler, \u00fcniversitelerinin kamp\u00fcs\u00fcnde haftada en fazla 20 saat ve tatillerde haftada 40 saat \u00e7al\u0131\u015fabilirler.<\/span><\/p>\n<p><span style=\"font-family: Roboto; font-size: 14px;\">Bunun d\u0131\u015f\u0131nda F-1 vizesi sahipleri, \u00f6\u011frenimlerinin ilk y\u0131l\u0131nda \u00dcniversite Kamp\u00fcslerinde \u00e7al\u0131\u015fmaya hak kazan\u0131rlar. <strong>ABD \u0130\u00e7 G\u00fcvenlik Bakanl\u0131\u011f\u0131<\/strong>, kamp\u00fcs i\u00e7i istihdam\u0131 \u201ckamp\u00fcste veya okula ba\u011fl\u0131 kamp\u00fcs d\u0131\u015f\u0131 bir yerde yap\u0131lan i\u015f\u201d olarak tan\u0131mlamaktad\u0131r. Bu, \u00f6\u011frencilerin \u00fcniversite kamp\u00fcs\u00fc i\u00e7indeki yerlerde veya devam ettikleri e\u011fitim kurumuna ba\u011fl\u0131 olan ve kurumun \u00f6\u011frencilerine hizmet veren di\u011fer tesislerde i\u015f bulabilecekleri anlam\u0131na gelir.<\/span><\/p>\n<h2><strong><span style=\"font-size: 27px; font-family: Roboto;\">Amerika M1 \u00d6\u011frenci Vizesi \u00d6zellikleri<\/span><\/strong><\/h2>\n<p><span style=\"font-family: Roboto; font-size: 14px;\">A\u015f\u00e7\u0131l\u0131k, teknik kurslar, u\u00e7u\u015f e\u011fitimi, kozmetoloji ve benzeri alanlar\u0131 i\u00e7eren mesleki \u00e7al\u0131\u015fmalarla ilgileniyorsan\u0131z, bu \u00e7al\u0131\u015fma vizesine ba\u015fvurabilirsiniz. Bu vize i\u00e7in bile SEVP&#8217;de uygun bir kuruma kaydolman\u0131z gerekir, b\u00f6ylece SEVIS&#8217;e kaydolabilir ve I-20 formunuzu alabilirsiniz.<\/span><\/p>\n<h2><strong><span style=\"font-size: 27px; font-family: Roboto;\">Amerika J1 \u00d6\u011frenci Vizesi \u00d6zellikleri<\/span><\/strong><\/h2>\n<p><span style=\"font-family: Roboto; font-size: 14px;\">Bu, yaln\u0131zca bu kategorideki kabul edilebilir programlardan birine ba\u015fvurduysan\u0131z ba\u015fvurabilece\u011finiz iki y\u0131ll\u0131k bir de\u011fi\u015fim vizesidir. Ek olarak, au pair, i\u015f ve tatil gibi k\u0131sa s\u00fcreli i\u015f yapacaksan\u0131z veya ge\u00e7ici burslu \u00e7al\u0131\u015fma yapacaksan\u0131z J-1 vizesine ba\u015fvurabilirsiniz. Programa ba\u011fl\u0131 olarak ba\u015fvurabilece\u011finiz birka\u00e7 J-1 vize kategorisi vard\u0131r. Sizin i\u00e7in do\u011fru vize kategorisini se\u00e7ti\u011finizden emin olun.<\/span><\/p>\n<h3><span style=\"font-size: 24px;\"><strong><span style=\"font-family: Roboto;\">Amerika Q1 \u00d6\u011frenci Vizesi \u00d6zellikleri<\/span><\/strong><\/span><\/h3>\n<p><span style=\"font-family: Roboto; font-size: 14px;\"><strong>Amerika Q-1 vizesi,<\/strong> ABD&#8217;de \u00e7al\u0131\u015fman\u0131za ve k\u00fclt\u00fcr\u00fcn\u00fcz\u00fc ve geleneklerinizi ABD&#8217;deki di\u011fer insanlarla payla\u015fman\u0131za olanak tan\u0131yan bir k\u00fclt\u00fcrel de\u011fi\u015fim vizesidir. Q-1 vizesi almak i\u00e7in <strong>ABD Vatanda\u015fl\u0131k ve G\u00f6\u00e7menlik Hizmetleri (USCIS)<\/strong> taraf\u0131ndan y\u00f6netilen bir programa ba\u015fvurman\u0131z gerekir.<\/span><\/p>\n<h3><strong><span style=\"font-size: 24px; font-family: Roboto;\">ABD \u00d6\u011frenci Vizesi \u00dccretleri<\/span><\/strong><\/h3>\n<p><span style=\"font-family: Roboto; font-size: 14px;\">Amerika \u00f6\u011frenci vizesine ba\u015fvurmak i\u00e7in ba\u015fvuru sahiplerinin iki ayr\u0131 \u00fccret \u00f6demesi gerekir: 160 dolarl\u0131k \u200b\u200bkonsolosluk \u00fccreti ve 350 dolarl\u0131k SEVIS \u00fccreti. Bu iki \u00fccret de kredi kart\u0131 ile \u00f6denebilmektedir. Hem konsolosluk hem de SEVIS \u00fccretini ilgili web sitelerine girerek kredi kart\u0131 ile \u00f6deyebilirsiniz.<\/span><\/p>\n<p><span style=\"font-family: Roboto; font-size: 14px;\">Bir <strong>ABD e\u011fitim ve de\u011fi\u015fim vizesi<\/strong> yakla\u015f\u0131k 160 $ \u200b\u200btutar\u0131ndad\u0131r. Ancak, t\u00fcm \u00e7al\u0131\u015fma vizelerinin maliyeti ayn\u0131 olmayacakt\u0131r. Buna ek olarak, ba\u015fvuru s\u00fcrecinde \u00e7e\u015fitli \u00fccretler \u00f6demeniz gerekiyor, yani vize ba\u015fvurunuz i\u00e7in <strong>SEVIS \u00fccreti<\/strong> \u00f6demeniz gerekiyor ve ayr\u0131ca vizeniz verildi\u011finde bir d\u00fczenleme \u00fccreti \u00f6demeniz gerekebilir.<\/span><\/p>\n<p><strong><span style=\"font-family: Roboto; font-size: 15px;\"><span style=\"color: #2acec2;\"><a style=\"color: #2acec2;\" href=\"https:\/\/www.myvize.com.tr\/amerika\/ds-160-formu\/amerika-vize-basvuru-formu\/\" target=\"_blank\" rel=\"noopener\">Amerika Vize Ba\u015fvuru Formu<\/a><\/span> ile ilgili bilgi almak i\u00e7in t\u0131klay\u0131n\u0131z.<\/span><\/strong><\/p>\n<div style=\"width: 810px\" class=\"wp-caption aligncenter\"><img loading=\"lazy\" decoding=\"async\" src=\"https:\/\/www.myvize.com.tr\/amerika\/wp-content\/uploads\/2021\/09\/24.jpg\" alt=\"Amerika \u00f6\u011frenci vizesi\" width=\"800\" height=\"500\" \/><p class=\"wp-caption-text\"><span style=\"font-family: Roboto; font-size: 14px;\">Amerika \u00f6\u011frenci vizesi nas\u0131l al\u0131n\u0131r?<\/span><\/p><\/div>\n","protected":false},"excerpt":{"rendered":"<p>Amerika \u00d6\u011frenci Vizesi Nedir? Amerika \u00f6\u011frenci vizesi nedir\u00a0sorusu bu \u00fclkede e\u011fitim almak isteyen ki\u015filerin merak etti\u011fi konular aras\u0131nda yer al\u0131yor. Bu vizeyi alabilmek i\u00e7in \u00f6\u011frencilerin \u00fczerinde durmas\u0131 gereken bir\u00e7ok konu bulunuyor. \u00d6ncelikle vizeyi ne t\u00fcr bir e\u011fitim i\u00e7in alaca\u011f\u0131n\u0131za karar vermeniz gerekiyor. ERASMUS ya da \u00fcniversite, y\u00fcksek lisans ya da doktora e\u011fitimleri i\u00e7in ba\u015fvurulacak vize<\/p>\n","protected":false},"author":1,"featured_media":0,"parent":189,"menu_order":0,"comment_status":"open","ping_status":"closed","template":"","meta":{"footnotes":""},"class_list":["post-205","page","type-page","status-publish","hentry"],"yoast_head":"<!-- This site is optimized with the Yoast SEO plugin v27.4 - https:\/\/yoast.com\/product\/yoast-seo-wordpress\/ -->\n<title>Amerika \u00d6\u011frenci Vizesi - Amerika Vizesi - MyVize<\/title>\n<meta name=\"description\" content=\"Amerika \u00d6\u011frenci Vizesi Almak \u0130\u00e7in Hangi Evraklara \u0130htiya\u00e7\u0131n\u0131z Var? Hemen T\u0131kla \u00d6\u011fren \u00dccretsiz \u00d6\u011frenci Dan\u0131\u015fmanlar\u0131m\u0131zdan Bilgi Almak i\u00e7in Ara\" \/>\n<meta name=\"robots\" content=\"index, follow, max-snippet:-1, max-image-preview:large, max-video-preview:-1\" \/>\n<link rel=\"canonical\" href=\"https:\/\/www.myvize.com.tr\/amerika\/ogrenci-degisim\/amerika-ogrenci-vizesi\/\" \/>\n<meta property=\"og:locale\" content=\"tr_TR\" \/>\n<meta property=\"og:type\" content=\"article\" \/>\n<meta property=\"og:title\" content=\"Amerika \u00d6\u011frenci Vizesi - Amerika Vizesi - MyVize\" \/>\n<meta property=\"og:description\" content=\"Amerika \u00d6\u011frenci Vizesi Almak \u0130\u00e7in Hangi Evraklara \u0130htiya\u00e7\u0131n\u0131z Var? Hemen T\u0131kla \u00d6\u011fren \u00dccretsiz \u00d6\u011frenci Dan\u0131\u015fmanlar\u0131m\u0131zdan Bilgi Almak i\u00e7in Ara\" \/>\n<meta property=\"og:url\" content=\"https:\/\/www.myvize.com.tr\/amerika\/ogrenci-degisim\/amerika-ogrenci-vizesi\/\" \/>\n<meta property=\"og:site_name\" content=\"Amerika Vizesi\" \/>\n<meta property=\"article:modified_time\" content=\"2022-08-02T09:34:34+00:00\" \/>\n<meta property=\"og:image\" content=\"https:\/\/www.myvize.com.tr\/amerika\/wp-content\/uploads\/2020\/12\/AmerikaVIZE-1.png\" \/>\n\t<meta property=\"og:image:width\" content=\"600\" \/>\n\t<meta property=\"og:image:height\" content=\"600\" \/>\n\t<meta property=\"og:image:type\" content=\"image\/png\" \/>\n<meta name=\"twitter:card\" content=\"summary_large_image\" \/>\n<meta name=\"twitter:image\" content=\"https:\/\/www.myvize.com.tr\/amerika\/wp-content\/uploads\/2020\/12\/AmerikaVIZE-1.png\" \/>\n<meta name=\"twitter:label1\" content=\"Tahmini okuma s\u00fcresi\" \/>\n\t<meta name=\"twitter:data1\" content=\"6 dakika\" \/>\n<script type=\"application\/ld+json\" class=\"yoast-schema-graph\">{\"@context\":\"https:\\\/\\\/schema.org\",\"@graph\":[{\"@type\":\"WebPage\",\"@id\":\"https:\\\/\\\/www.myvize.com.tr\\\/amerika\\\/ogrenci-degisim\\\/amerika-ogrenci-vizesi\\\/\",\"url\":\"https:\\\/\\\/www.myvize.com.tr\\\/amerika\\\/ogrenci-degisim\\\/amerika-ogrenci-vizesi\\\/\",\"name\":\"Amerika \u00d6\u011frenci Vizesi - Amerika Vizesi - MyVize\",\"isPartOf\":{\"@id\":\"https:\\\/\\\/www.myvize.com.tr\\\/amerika\\\/#website\"},\"primaryImageOfPage\":{\"@id\":\"https:\\\/\\\/www.myvize.com.tr\\\/amerika\\\/ogrenci-degisim\\\/amerika-ogrenci-vizesi\\\/#primaryimage\"},\"image\":{\"@id\":\"https:\\\/\\\/www.myvize.com.tr\\\/amerika\\\/ogrenci-degisim\\\/amerika-ogrenci-vizesi\\\/#primaryimage\"},\"thumbnailUrl\":\"https:\\\/\\\/www.myvize.com.tr\\\/amerika\\\/wp-content\\\/uploads\\\/2021\\\/09\\\/24.jpg\",\"datePublished\":\"2020-12-21T11:56:27+00:00\",\"dateModified\":\"2022-08-02T09:34:34+00:00\",\"description\":\"Amerika \u00d6\u011frenci Vizesi Almak \u0130\u00e7in Hangi Evraklara \u0130htiya\u00e7\u0131n\u0131z Var? Hemen T\u0131kla \u00d6\u011fren \u00dccretsiz \u00d6\u011frenci Dan\u0131\u015fmanlar\u0131m\u0131zdan Bilgi Almak i\u00e7in Ara\",\"breadcrumb\":{\"@id\":\"https:\\\/\\\/www.myvize.com.tr\\\/amerika\\\/ogrenci-degisim\\\/amerika-ogrenci-vizesi\\\/#breadcrumb\"},\"inLanguage\":\"tr\",\"potentialAction\":[{\"@type\":\"ReadAction\",\"target\":[\"https:\\\/\\\/www.myvize.com.tr\\\/amerika\\\/ogrenci-degisim\\\/amerika-ogrenci-vizesi\\\/\"]}]},{\"@type\":\"ImageObject\",\"inLanguage\":\"tr\",\"@id\":\"https:\\\/\\\/www.myvize.com.tr\\\/amerika\\\/ogrenci-degisim\\\/amerika-ogrenci-vizesi\\\/#primaryimage\",\"url\":\"https:\\\/\\\/www.myvize.com.tr\\\/amerika\\\/wp-content\\\/uploads\\\/2021\\\/09\\\/24.jpg\",\"contentUrl\":\"https:\\\/\\\/www.myvize.com.tr\\\/amerika\\\/wp-content\\\/uploads\\\/2021\\\/09\\\/24.jpg\",\"width\":800,\"height\":500,\"caption\":\"Amerika\"},{\"@type\":\"BreadcrumbList\",\"@id\":\"https:\\\/\\\/www.myvize.com.tr\\\/amerika\\\/ogrenci-degisim\\\/amerika-ogrenci-vizesi\\\/#breadcrumb\",\"itemListElement\":[{\"@type\":\"ListItem\",\"position\":1,\"name\":\"Anasayfa\",\"item\":\"https:\\\/\\\/www.myvize.com.tr\\\/amerika\\\/\"},{\"@type\":\"ListItem\",\"position\":2,\"name\":\"\u00d6\u011eRENC\u0130 &#038; DE\u011e\u0130\u015e\u0130M\",\"item\":\"https:\\\/\\\/www.myvize.com.tr\\\/amerika\\\/ogrenci-degisim\\\/\"},{\"@type\":\"ListItem\",\"position\":3,\"name\":\"Amerika \u00d6\u011frenci Vizesi\"}]},{\"@type\":\"WebSite\",\"@id\":\"https:\\\/\\\/www.myvize.com.tr\\\/amerika\\\/#website\",\"url\":\"https:\\\/\\\/www.myvize.com.tr\\\/amerika\\\/\",\"name\":\"MyVize Amerika Vize Ba\u015fvuru Merkezi\",\"description\":\"\",\"potentialAction\":[{\"@type\":\"SearchAction\",\"target\":{\"@type\":\"EntryPoint\",\"urlTemplate\":\"https:\\\/\\\/www.myvize.com.tr\\\/amerika\\\/?s={search_term_string}\"},\"query-input\":{\"@type\":\"PropertyValueSpecification\",\"valueRequired\":true,\"valueName\":\"search_term_string\"}}],\"inLanguage\":\"tr\"}]}<\/script>\n<!-- \/ Yoast SEO plugin. -->","yoast_head_json":{"title":"Amerika \u00d6\u011frenci Vizesi - Amerika Vizesi - MyVize","description":"Amerika \u00d6\u011frenci Vizesi Almak \u0130\u00e7in Hangi Evraklara \u0130htiya\u00e7\u0131n\u0131z Var? Hemen T\u0131kla \u00d6\u011fren \u00dccretsiz \u00d6\u011frenci Dan\u0131\u015fmanlar\u0131m\u0131zdan Bilgi Almak i\u00e7in Ara","robots":{"index":"index","follow":"follow","max-snippet":"max-snippet:-1","max-image-preview":"max-image-preview:large","max-video-preview":"max-video-preview:-1"},"canonical":"https:\/\/www.myvize.com.tr\/amerika\/ogrenci-degisim\/amerika-ogrenci-vizesi\/","og_locale":"tr_TR","og_type":"article","og_title":"Amerika \u00d6\u011frenci Vizesi - Amerika Vizesi - MyVize","og_description":"Amerika \u00d6\u011frenci Vizesi Almak \u0130\u00e7in Hangi Evraklara \u0130htiya\u00e7\u0131n\u0131z Var? Hemen T\u0131kla \u00d6\u011fren \u00dccretsiz \u00d6\u011frenci Dan\u0131\u015fmanlar\u0131m\u0131zdan Bilgi Almak i\u00e7in Ara","og_url":"https:\/\/www.myvize.com.tr\/amerika\/ogrenci-degisim\/amerika-ogrenci-vizesi\/","og_site_name":"Amerika Vizesi","article_modified_time":"2022-08-02T09:34:34+00:00","og_image":[{"width":600,"height":600,"url":"https:\/\/www.myvize.com.tr\/amerika\/wp-content\/uploads\/2020\/12\/AmerikaVIZE-1.png","type":"image\/png"}],"twitter_card":"summary_large_image","twitter_image":"https:\/\/www.myvize.com.tr\/amerika\/wp-content\/uploads\/2020\/12\/AmerikaVIZE-1.png","twitter_misc":{"Tahmini okuma s\u00fcresi":"6 dakika"},"schema":{"@context":"https:\/\/schema.org","@graph":[{"@type":"WebPage","@id":"https:\/\/www.myvize.com.tr\/amerika\/ogrenci-degisim\/amerika-ogrenci-vizesi\/","url":"https:\/\/www.myvize.com.tr\/amerika\/ogrenci-degisim\/amerika-ogrenci-vizesi\/","name":"Amerika \u00d6\u011frenci Vizesi - Amerika Vizesi - MyVize","isPartOf":{"@id":"https:\/\/www.myvize.com.tr\/amerika\/#website"},"primaryImageOfPage":{"@id":"https:\/\/www.myvize.com.tr\/amerika\/ogrenci-degisim\/amerika-ogrenci-vizesi\/#primaryimage"},"image":{"@id":"https:\/\/www.myvize.com.tr\/amerika\/ogrenci-degisim\/amerika-ogrenci-vizesi\/#primaryimage"},"thumbnailUrl":"https:\/\/www.myvize.com.tr\/amerika\/wp-content\/uploads\/2021\/09\/24.jpg","datePublished":"2020-12-21T11:56:27+00:00","dateModified":"2022-08-02T09:34:34+00:00","description":"Amerika \u00d6\u011frenci Vizesi Almak \u0130\u00e7in Hangi Evraklara \u0130htiya\u00e7\u0131n\u0131z Var? Hemen T\u0131kla \u00d6\u011fren \u00dccretsiz \u00d6\u011frenci Dan\u0131\u015fmanlar\u0131m\u0131zdan Bilgi Almak i\u00e7in Ara","breadcrumb":{"@id":"https:\/\/www.myvize.com.tr\/amerika\/ogrenci-degisim\/amerika-ogrenci-vizesi\/#breadcrumb"},"inLanguage":"tr","potentialAction":[{"@type":"ReadAction","target":["https:\/\/www.myvize.com.tr\/amerika\/ogrenci-degisim\/amerika-ogrenci-vizesi\/"]}]},{"@type":"ImageObject","inLanguage":"tr","@id":"https:\/\/www.myvize.com.tr\/amerika\/ogrenci-degisim\/amerika-ogrenci-vizesi\/#primaryimage","url":"https:\/\/www.myvize.com.tr\/amerika\/wp-content\/uploads\/2021\/09\/24.jpg","contentUrl":"https:\/\/www.myvize.com.tr\/amerika\/wp-content\/uploads\/2021\/09\/24.jpg","width":800,"height":500,"caption":"Amerika"},{"@type":"BreadcrumbList","@id":"https:\/\/www.myvize.com.tr\/amerika\/ogrenci-degisim\/amerika-ogrenci-vizesi\/#breadcrumb","itemListElement":[{"@type":"ListItem","position":1,"name":"Anasayfa","item":"https:\/\/www.myvize.com.tr\/amerika\/"},{"@type":"ListItem","position":2,"name":"\u00d6\u011eRENC\u0130 &#038; DE\u011e\u0130\u015e\u0130M","item":"https:\/\/www.myvize.com.tr\/amerika\/ogrenci-degisim\/"},{"@type":"ListItem","position":3,"name":"Amerika \u00d6\u011frenci Vizesi"}]},{"@type":"WebSite","@id":"https:\/\/www.myvize.com.tr\/amerika\/#website","url":"https:\/\/www.myvize.com.tr\/amerika\/","name":"MyVize Amerika Vize Ba\u015fvuru Merkezi","description":"","potentialAction":[{"@type":"SearchAction","target":{"@type":"EntryPoint","urlTemplate":"https:\/\/www.myvize.com.tr\/amerika\/?s={search_term_string}"},"query-input":{"@type":"PropertyValueSpecification","valueRequired":true,"valueName":"search_term_string"}}],"inLanguage":"tr"}]}},"_links":{"self":[{"href":"https:\/\/www.myvize.com.tr\/amerika\/wp-json\/wp\/v2\/pages\/205","targetHints":{"allow":["GET"]}}],"collection":[{"href":"https:\/\/www.myvize.com.tr\/amerika\/wp-json\/wp\/v2\/pages"}],"about":[{"href":"https:\/\/www.myvize.com.tr\/amerika\/wp-json\/wp\/v2\/types\/page"}],"author":[{"embeddable":true,"href":"https:\/\/www.myvize.com.tr\/amerika\/wp-json\/wp\/v2\/users\/1"}],"replies":[{"embeddable":true,"href":"https:\/\/www.myvize.com.tr\/amerika\/wp-json\/wp\/v2\/comments?post=205"}],"version-history":[{"count":6,"href":"https:\/\/www.myvize.com.tr\/amerika\/wp-json\/wp\/v2\/pages\/205\/revisions"}],"predecessor-version":[{"id":1472,"href":"https:\/\/www.myvize.com.tr\/amerika\/wp-json\/wp\/v2\/pages\/205\/revisions\/1472"}],"up":[{"embeddable":true,"href":"https:\/\/www.myvize.com.tr\/amerika\/wp-json\/wp\/v2\/pages\/189"}],"wp:attachment":[{"href":"https:\/\/www.myvize.com.tr\/amerika\/wp-json\/wp\/v2\/media?parent=205"}],"curies":[{"name":"wp","href":"https:\/\/api.w.org\/{rel}","templated":true}]}}