{"id":209,"date":"2020-12-21T15:27:14","date_gmt":"2020-12-21T12:27:14","guid":{"rendered":"https:\/\/www.myvize.com.tr\/amerika\/?page_id=209"},"modified":"2022-03-19T15:06:36","modified_gmt":"2022-03-19T12:06:36","slug":"amerika-f2-ve-m2-ogrenci-ailesi-vizeleri","status":"publish","type":"page","link":"https:\/\/www.myvize.com.tr\/amerika\/ogrenci-degisim\/amerika-f2-ve-m2-ogrenci-ailesi-vizeleri\/","title":{"rendered":"Amerika F2 ve M2 \u00d6\u011frenci Ailesi Vizeleri"},"content":{"rendered":"<h2><strong><span style=\"font-size: 27px; font-family: Roboto;\">Amerika F2 ve M2 \u00d6\u011frenci Ailesi Vizeleri Hakk\u0131nda<\/span><\/strong><\/h2>\n<p><img decoding=\"async\" src=\"https:\/\/www.myvize.com.tr\/amerika\/wp-content\/uploads\/2021\/09\/25.jpg\" \/><\/p>\n","protected":false},"excerpt":{"rendered":"<p>Amerika F2 ve M2 \u00d6\u011frenci Ailesi Vizeleri Hakk\u0131nda<\/p>\n","protected":false},"author":1,"featured_media":0,"parent":189,"menu_order":0,"comment_status":"open","ping_status":"closed","template":"","meta":{"footnotes":""},"class_list":["post-209","page","type-page","status-publish","hentry"],"yoast_head":"<!-- This site is optimized with the Yoast SEO plugin v27.5 - https:\/\/yoast.com\/product\/yoast-seo-wordpress\/ -->\n<title>Amerika F2 ve M2 \u00d6\u011frenci Ailesi Vizeleri - MyVize<\/title>\n<meta name=\"description\" content=\"Amerika \u00d6\u011frenci Ailesi Vizeleri Nas\u0131l Al\u0131n\u0131r? Amerika Vizesini Garantili Almak \u0130\u00e7in \u00dccretsiz DAn\u0131\u015fmanlar\u0131m\u0131zdan bilgi al Hemen T\u0131kla\" \/>\n<meta name=\"robots\" content=\"index, follow, max-snippet:-1, max-image-preview:large, max-video-preview:-1\" \/>\n<link rel=\"canonical\" href=\"https:\/\/www.myvize.com.tr\/amerika\/ogrenci-degisim\/amerika-f2-ve-m2-ogrenci-ailesi-vizeleri\/\" \/>\n<meta property=\"og:locale\" content=\"tr_TR\" \/>\n<meta property=\"og:type\" content=\"article\" \/>\n<meta property=\"og:title\" content=\"Amerika F2 ve M2 \u00d6\u011frenci Ailesi Vizeleri - MyVize\" \/>\n<meta property=\"og:description\" content=\"Amerika \u00d6\u011frenci Ailesi Vizeleri Nas\u0131l Al\u0131n\u0131r? Amerika Vizesini Garantili Almak \u0130\u00e7in \u00dccretsiz DAn\u0131\u015fmanlar\u0131m\u0131zdan bilgi al Hemen T\u0131kla\" \/>\n<meta property=\"og:url\" content=\"https:\/\/www.myvize.com.tr\/amerika\/ogrenci-degisim\/amerika-f2-ve-m2-ogrenci-ailesi-vizeleri\/\" \/>\n<meta property=\"og:site_name\" content=\"Amerika Vizesi\" \/>\n<meta property=\"article:modified_time\" content=\"2022-03-19T12:06:36+00:00\" \/>\n<meta property=\"og:image\" content=\"https:\/\/www.myvize.com.tr\/amerika\/wp-content\/uploads\/2021\/09\/25.jpg\" \/>\n<meta name=\"twitter:card\" content=\"summary_large_image\" \/>\n<meta name=\"twitter:label1\" content=\"Tahmini okuma s\u00fcresi\" \/>\n\t<meta name=\"twitter:data1\" content=\"1 dakika\" \/>\n<script type=\"application\/ld+json\" class=\"yoast-schema-graph\">{\"@context\":\"https:\\\/\\\/schema.org\",\"@graph\":[{\"@type\":\"WebPage\",\"@id\":\"https:\\\/\\\/www.myvize.com.tr\\\/amerika\\\/ogrenci-degisim\\\/amerika-f2-ve-m2-ogrenci-ailesi-vizeleri\\\/\",\"url\":\"https:\\\/\\\/www.myvize.com.tr\\\/amerika\\\/ogrenci-degisim\\\/amerika-f2-ve-m2-ogrenci-ailesi-vizeleri\\\/\",\"name\":\"Amerika F2 ve M2 \u00d6\u011frenci Ailesi Vizeleri - MyVize\",\"isPartOf\":{\"@id\":\"https:\\\/\\\/www.myvize.com.tr\\\/amerika\\\/#website\"},\"primaryImageOfPage\":{\"@id\":\"https:\\\/\\\/www.myvize.com.tr\\\/amerika\\\/ogrenci-degisim\\\/amerika-f2-ve-m2-ogrenci-ailesi-vizeleri\\\/#primaryimage\"},\"image\":{\"@id\":\"https:\\\/\\\/www.myvize.com.tr\\\/amerika\\\/ogrenci-degisim\\\/amerika-f2-ve-m2-ogrenci-ailesi-vizeleri\\\/#primaryimage\"},\"thumbnailUrl\":\"https:\\\/\\\/www.myvize.com.tr\\\/amerika\\\/wp-content\\\/uploads\\\/2021\\\/09\\\/25.jpg\",\"datePublished\":\"2020-12-21T12:27:14+00:00\",\"dateModified\":\"2022-03-19T12:06:36+00:00\",\"description\":\"Amerika \u00d6\u011frenci Ailesi Vizeleri Nas\u0131l Al\u0131n\u0131r? Amerika Vizesini Garantili Almak \u0130\u00e7in \u00dccretsiz DAn\u0131\u015fmanlar\u0131m\u0131zdan bilgi al Hemen T\u0131kla\",\"breadcrumb\":{\"@id\":\"https:\\\/\\\/www.myvize.com.tr\\\/amerika\\\/ogrenci-degisim\\\/amerika-f2-ve-m2-ogrenci-ailesi-vizeleri\\\/#breadcrumb\"},\"inLanguage\":\"tr\",\"potentialAction\":[{\"@type\":\"ReadAction\",\"target\":[\"https:\\\/\\\/www.myvize.com.tr\\\/amerika\\\/ogrenci-degisim\\\/amerika-f2-ve-m2-ogrenci-ailesi-vizeleri\\\/\"]}]},{\"@type\":\"ImageObject\",\"inLanguage\":\"tr\",\"@id\":\"https:\\\/\\\/www.myvize.com.tr\\\/amerika\\\/ogrenci-degisim\\\/amerika-f2-ve-m2-ogrenci-ailesi-vizeleri\\\/#primaryimage\",\"url\":\"https:\\\/\\\/www.myvize.com.tr\\\/amerika\\\/wp-content\\\/uploads\\\/2021\\\/09\\\/25.jpg\",\"contentUrl\":\"https:\\\/\\\/www.myvize.com.tr\\\/amerika\\\/wp-content\\\/uploads\\\/2021\\\/09\\\/25.jpg\",\"width\":800,\"height\":500,\"caption\":\"Amerika\"},{\"@type\":\"BreadcrumbList\",\"@id\":\"https:\\\/\\\/www.myvize.com.tr\\\/amerika\\\/ogrenci-degisim\\\/amerika-f2-ve-m2-ogrenci-ailesi-vizeleri\\\/#breadcrumb\",\"itemListElement\":[{\"@type\":\"ListItem\",\"position\":1,\"name\":\"Anasayfa\",\"item\":\"https:\\\/\\\/www.myvize.com.tr\\\/amerika\\\/\"},{\"@type\":\"ListItem\",\"position\":2,\"name\":\"\u00d6\u011eRENC\u0130 &#038; DE\u011e\u0130\u015e\u0130M\",\"item\":\"https:\\\/\\\/www.myvize.com.tr\\\/amerika\\\/ogrenci-degisim\\\/\"},{\"@type\":\"ListItem\",\"position\":3,\"name\":\"Amerika F2 ve M2 \u00d6\u011frenci Ailesi Vizeleri\"}]},{\"@type\":\"WebSite\",\"@id\":\"https:\\\/\\\/www.myvize.com.tr\\\/amerika\\\/#website\",\"url\":\"https:\\\/\\\/www.myvize.com.tr\\\/amerika\\\/\",\"name\":\"MyVize Amerika Vize Ba\u015fvuru Merkezi\",\"description\":\"\",\"potentialAction\":[{\"@type\":\"SearchAction\",\"target\":{\"@type\":\"EntryPoint\",\"urlTemplate\":\"https:\\\/\\\/www.myvize.com.tr\\\/amerika\\\/?s={search_term_string}\"},\"query-input\":{\"@type\":\"PropertyValueSpecification\",\"valueRequired\":true,\"valueName\":\"search_term_string\"}}],\"inLanguage\":\"tr\"}]}<\/script>\n<!-- \/ Yoast SEO plugin. -->","yoast_head_json":{"title":"Amerika F2 ve M2 \u00d6\u011frenci Ailesi Vizeleri - MyVize","description":"Amerika \u00d6\u011frenci Ailesi Vizeleri Nas\u0131l Al\u0131n\u0131r? Amerika Vizesini Garantili Almak \u0130\u00e7in \u00dccretsiz DAn\u0131\u015fmanlar\u0131m\u0131zdan bilgi al Hemen T\u0131kla","robots":{"index":"index","follow":"follow","max-snippet":"max-snippet:-1","max-image-preview":"max-image-preview:large","max-video-preview":"max-video-preview:-1"},"canonical":"https:\/\/www.myvize.com.tr\/amerika\/ogrenci-degisim\/amerika-f2-ve-m2-ogrenci-ailesi-vizeleri\/","og_locale":"tr_TR","og_type":"article","og_title":"Amerika F2 ve M2 \u00d6\u011frenci Ailesi Vizeleri - MyVize","og_description":"Amerika \u00d6\u011frenci Ailesi Vizeleri Nas\u0131l Al\u0131n\u0131r? Amerika Vizesini Garantili Almak \u0130\u00e7in \u00dccretsiz DAn\u0131\u015fmanlar\u0131m\u0131zdan bilgi al Hemen T\u0131kla","og_url":"https:\/\/www.myvize.com.tr\/amerika\/ogrenci-degisim\/amerika-f2-ve-m2-ogrenci-ailesi-vizeleri\/","og_site_name":"Amerika Vizesi","article_modified_time":"2022-03-19T12:06:36+00:00","og_image":[{"url":"https:\/\/www.myvize.com.tr\/amerika\/wp-content\/uploads\/2021\/09\/25.jpg","type":"","width":"","height":""}],"twitter_card":"summary_large_image","twitter_misc":{"Tahmini okuma s\u00fcresi":"1 dakika"},"schema":{"@context":"https:\/\/schema.org","@graph":[{"@type":"WebPage","@id":"https:\/\/www.myvize.com.tr\/amerika\/ogrenci-degisim\/amerika-f2-ve-m2-ogrenci-ailesi-vizeleri\/","url":"https:\/\/www.myvize.com.tr\/amerika\/ogrenci-degisim\/amerika-f2-ve-m2-ogrenci-ailesi-vizeleri\/","name":"Amerika F2 ve M2 \u00d6\u011frenci Ailesi Vizeleri - MyVize","isPartOf":{"@id":"https:\/\/www.myvize.com.tr\/amerika\/#website"},"primaryImageOfPage":{"@id":"https:\/\/www.myvize.com.tr\/amerika\/ogrenci-degisim\/amerika-f2-ve-m2-ogrenci-ailesi-vizeleri\/#primaryimage"},"image":{"@id":"https:\/\/www.myvize.com.tr\/amerika\/ogrenci-degisim\/amerika-f2-ve-m2-ogrenci-ailesi-vizeleri\/#primaryimage"},"thumbnailUrl":"https:\/\/www.myvize.com.tr\/amerika\/wp-content\/uploads\/2021\/09\/25.jpg","datePublished":"2020-12-21T12:27:14+00:00","dateModified":"2022-03-19T12:06:36+00:00","description":"Amerika \u00d6\u011frenci Ailesi Vizeleri Nas\u0131l Al\u0131n\u0131r? Amerika Vizesini Garantili Almak \u0130\u00e7in \u00dccretsiz DAn\u0131\u015fmanlar\u0131m\u0131zdan bilgi al Hemen T\u0131kla","breadcrumb":{"@id":"https:\/\/www.myvize.com.tr\/amerika\/ogrenci-degisim\/amerika-f2-ve-m2-ogrenci-ailesi-vizeleri\/#breadcrumb"},"inLanguage":"tr","potentialAction":[{"@type":"ReadAction","target":["https:\/\/www.myvize.com.tr\/amerika\/ogrenci-degisim\/amerika-f2-ve-m2-ogrenci-ailesi-vizeleri\/"]}]},{"@type":"ImageObject","inLanguage":"tr","@id":"https:\/\/www.myvize.com.tr\/amerika\/ogrenci-degisim\/amerika-f2-ve-m2-ogrenci-ailesi-vizeleri\/#primaryimage","url":"https:\/\/www.myvize.com.tr\/amerika\/wp-content\/uploads\/2021\/09\/25.jpg","contentUrl":"https:\/\/www.myvize.com.tr\/amerika\/wp-content\/uploads\/2021\/09\/25.jpg","width":800,"height":500,"caption":"Amerika"},{"@type":"BreadcrumbList","@id":"https:\/\/www.myvize.com.tr\/amerika\/ogrenci-degisim\/amerika-f2-ve-m2-ogrenci-ailesi-vizeleri\/#breadcrumb","itemListElement":[{"@type":"ListItem","position":1,"name":"Anasayfa","item":"https:\/\/www.myvize.com.tr\/amerika\/"},{"@type":"ListItem","position":2,"name":"\u00d6\u011eRENC\u0130 &#038; DE\u011e\u0130\u015e\u0130M","item":"https:\/\/www.myvize.com.tr\/amerika\/ogrenci-degisim\/"},{"@type":"ListItem","position":3,"name":"Amerika F2 ve M2 \u00d6\u011frenci Ailesi Vizeleri"}]},{"@type":"WebSite","@id":"https:\/\/www.myvize.com.tr\/amerika\/#website","url":"https:\/\/www.myvize.com.tr\/amerika\/","name":"MyVize Amerika Vize Ba\u015fvuru Merkezi","description":"","potentialAction":[{"@type":"SearchAction","target":{"@type":"EntryPoint","urlTemplate":"https:\/\/www.myvize.com.tr\/amerika\/?s={search_term_string}"},"query-input":{"@type":"PropertyValueSpecification","valueRequired":true,"valueName":"search_term_string"}}],"inLanguage":"tr"}]}},"_links":{"self":[{"href":"https:\/\/www.myvize.com.tr\/amerika\/wp-json\/wp\/v2\/pages\/209","targetHints":{"allow":["GET"]}}],"collection":[{"href":"https:\/\/www.myvize.com.tr\/amerika\/wp-json\/wp\/v2\/pages"}],"about":[{"href":"https:\/\/www.myvize.com.tr\/amerika\/wp-json\/wp\/v2\/types\/page"}],"author":[{"embeddable":true,"href":"https:\/\/www.myvize.com.tr\/amerika\/wp-json\/wp\/v2\/users\/1"}],"replies":[{"embeddable":true,"href":"https:\/\/www.myvize.com.tr\/amerika\/wp-json\/wp\/v2\/comments?post=209"}],"version-history":[{"count":5,"href":"https:\/\/www.myvize.com.tr\/amerika\/wp-json\/wp\/v2\/pages\/209\/revisions"}],"predecessor-version":[{"id":1328,"href":"https:\/\/www.myvize.com.tr\/amerika\/wp-json\/wp\/v2\/pages\/209\/revisions\/1328"}],"up":[{"embeddable":true,"href":"https:\/\/www.myvize.com.tr\/amerika\/wp-json\/wp\/v2\/pages\/189"}],"wp:attachment":[{"href":"https:\/\/www.myvize.com.tr\/amerika\/wp-json\/wp\/v2\/media?parent=209"}],"curies":[{"name":"wp","href":"https:\/\/api.w.org\/{rel}","templated":true}]}}