{"id":222,"date":"2020-12-21T15:44:16","date_gmt":"2020-12-21T12:44:16","guid":{"rendered":"https:\/\/www.myvize.com.tr\/amerika\/?page_id=222"},"modified":"2022-08-19T17:12:31","modified_gmt":"2022-08-19T14:12:31","slug":"h1-b-ve-amerika-h2-a-h2-b-h3-gecici-calisma-vizesi","status":"publish","type":"page","link":"https:\/\/www.myvize.com.tr\/amerika\/calisma\/h1-b-ve-amerika-h2-a-h2-b-h3-gecici-calisma-vizesi\/","title":{"rendered":"H1-B ve Amerika H2-A, H2-B, H3 Ge\u00e7ici \u00c7al\u0131\u015fma Vizesi"},"content":{"rendered":"<h2><span style=\"font-family: Roboto; font-size: 27px;\"><strong>Amerika H1-B ve Amerika H2-A, H2-B, H3 Ge\u00e7ici \u00c7al\u0131\u015fma Vizesi 2022<\/strong><\/span><\/h2>\n<p><span style=\"font-family: Roboto; font-size: 14px;\"><strong>Amerika H1-B ve Amerika H2-A, H2-B, H3 ge\u00e7ici \u00e7al\u0131\u015fma vizesi 2022<\/strong>\u00a0senesinde vize ba\u015fvurusunda bulunacak olan ki\u015filerin detayl\u0131 olarak i\u015flem yapmas\u0131 gereken vize t\u00fcrleri aras\u0131nda yer al\u0131r. \u00e7al\u0131\u015fma vizesi son derece detayl\u0131 vizelerdir. Amerika\u2019da belirli bir s\u00fcre \u00e7al\u0131\u015fmak isteyen ki\u015filerin bu vizeye ba\u015fvurmas\u0131 gerekir. Ancak kendi i\u00e7inde de birtak\u0131m farkl\u0131l\u0131klar\u0131 olan bir vize t\u00fcr\u00fcd\u00fcr. \u00c7al\u0131\u015fma vizesi ki\u015filerin meslek alanlar\u0131na g\u00f6re de\u011fi\u015fik \u015fekillerde verilir. Bu ki\u015filerin de haz\u0131rlamas\u0131 gereken belgeler birbirlerinden son derece farkl\u0131d\u0131r.<\/span><\/p>\n<p><span style=\"font-family: Roboto; font-size: 14px;\">Vize i\u015flemleri s\u0131ras\u0131nda ihtiya\u00e7 duyabilece\u011finiz birtak\u0131m \u00f6nemli detaylar vard\u0131r. <strong><span style=\"color: #2acec2;\"><a style=\"color: #2acec2;\" href=\"https:\/\/www.myvize.com.tr\/amerika\/calisma\/\" target=\"_blank\" rel=\"noopener\">Amerika \u00e7al\u0131\u015fma vizesi<\/a><\/span><\/strong> kapsam\u0131nda belgeleri eksiksiz ve g\u00fcncel olarak haz\u0131rlaman\u0131z gerekiyor. Beklentilere yan\u0131t veren bir \u00e7al\u0131\u015fma vizesi al\u0131m s\u00fcreci i\u00e7in profesyonel dan\u0131\u015fmanlardan hizmet almaya \u00f6zen g\u00f6stermelisiniz. Bu s\u00fcre\u00e7te belgelerin haz\u0131rlanmas\u0131ndan teslimine kadar her detay ile yak\u0131ndan ilgilenilmektedir. Vize i\u015flemleri s\u00fcrecinde her belgenin g\u00fcncel ve eksiksiz olmas\u0131 en \u00f6nemli konular dikkat edilmesi gerekenlerdir.<\/span><\/p>\n<h2><span style=\"font-family: Roboto; font-size: 27px;\"><strong>Amerika H1-B ve Amerika H2-A, H2-B, H3 Ge\u00e7ici \u00c7al\u0131\u015fma Vizesi Nedir?<\/strong><\/span><\/h2>\n<p><span style=\"font-family: Roboto; font-size: 14px;\"><strong>Amerika H1-B ve Amerika H2-A, H2-B, H3 ge\u00e7ici \u00e7al\u0131\u015fma vizesi nedir<\/strong>\u00a0sorusu en \u00e7ok merak edilen konular aras\u0131nda yer al\u0131r. Bu vize i\u015flemleri s\u0131ras\u0131nda belirli noktalara dikkat etmek gerekir. Her belgenin mutlaka eksiksiz olarak haz\u0131rlanmas\u0131na dikkat etmelisiniz. Bu vizelerin a\u00e7\u0131klamas\u0131 ise \u015fu \u015fekilde yap\u0131labilir:<\/span><\/p>\n<ul>\n<li><span style=\"font-family: Roboto; font-size: 14px;\">H1-B vizesi: \u00f6zel meslek alan\u0131nda olan ki\u015filer y\u00fcksek\u00f6\u011frenim derecesine sahip olan uzmanl\u0131klar\u0131n\u0131 geli\u015ftirebilmek i\u00e7in ba\u015fvurduklar\u0131 bir vizedir.<\/span><\/li>\n<li><span style=\"font-family: Roboto; font-size: 14px;\">H-1B1 vizesi: ba\u015fvuru sahibi ki\u015filerin ABD\u2019deki bir firmadan bir i\u015f teklifi ald\u0131\u011f\u0131nda bu vizeye ba\u015fvurmas\u0131 gerekir. \u00c7al\u0131\u015fma bakanl\u0131\u011f\u0131 onayl\u0131 bir ba\u015fvuru gerekir.<\/span><\/li>\n<li><span style=\"font-family: Roboto; font-size: 14px;\">H2-A vizesi: mevsimlik tar\u0131m i\u015f\u00e7ilerinin almay\u0131 planlad\u0131\u011f\u0131 bir vize t\u00fcr\u00fcd\u00fcr.<\/span><\/li>\n<li><span style=\"font-family: Roboto; font-size: 14px;\">H2- B ge\u00e7ici ya da mevsimlik tar\u0131m d\u0131\u015f\u0131 i\u015f\u00e7ilerin almas\u0131 gereken bir vizedir.<\/span><\/li>\n<li><span style=\"font-family: Roboto; font-size: 14px;\">H3 vizesi: tar\u0131m, devlet, ticaret, finans ya da end\u00fcstriyel alanlar i\u00e7inde olacak \u015fekilde stajyer olarak \u00e7al\u0131\u015fmak isteyenlerin ba\u015fvurmas\u0131 gereken bir vizedir.<\/span><\/li>\n<\/ul>\n<p><span style=\"font-family: Roboto; font-size: 14px;\">Her vize t\u00fcr\u00fcnde \u00f6zel belgelerin haz\u0131rlanmas\u0131 \u00f6nem ta\u015f\u0131r.<\/span><\/p>\n<h2><span style=\"font-family: Roboto; font-size: 27px;\"><strong>Amerika H1-B ve Amerika H2-A, H2-B, H3 Ge\u00e7ici \u00c7al\u0131\u015fma Vizesi Nas\u0131l Al\u0131n\u0131r?<\/strong><\/span><\/h2>\n<p><span style=\"font-family: Roboto; font-size: 14px;\"><strong>Amerika H1-B ve Amerika H2-A, H2-B, H3 ge\u00e7ici \u00e7al\u0131\u015fma vizesi nas\u0131l al\u0131n\u0131r<\/strong>\u00a0sorusu da merak edilenler aras\u0131nda yer al\u0131r. Bu vize t\u00fcr\u00fcne ba\u015fvurmak isteyen ki\u015filerin birtak\u0131m konularda titiz davranmas\u0131 gerekir. Her belgenin eksiksiz haz\u0131rlanmas\u0131 yan\u0131nda g\u00fcncellik \u00f6nemlidir. Vizeyi alabilmek i\u00e7in \u00f6ncelikle Amerikan vize kurumlar\u0131ndan randevu alman\u0131z gerekir. Randevu tarihi ve saati al\u0131nd\u0131ktan sonra belgelerin haz\u0131rlanmas\u0131na dikkat etmeniz gerekir. Belgelerin al\u0131m\u0131 s\u0131ras\u0131nda ek belgeler de istenebilir. Bu durum da s\u00fcre kayb\u0131d\u0131r.<\/span><\/p>\n<p><span style=\"font-family: Roboto; font-size: 14px;\">E\u011fer seyahat \u00f6ncesinde vize i\u015flemlerinizin h\u0131zl\u0131 bir \u015fekilde tamamlanmas\u0131n\u0131 isterseniz dan\u0131\u015fmanl\u0131k hizmeti alman\u0131z gerekir. Dan\u0131\u015fmanl\u0131k hizmeti yard\u0131m\u0131 ile vizeyi daha kolay bir \u015fekilde almak m\u00fcmk\u00fcn olur. Vize i\u015flemlerinizin her detay\u0131 ile dan\u0131\u015fmanl\u0131k firmalar\u0131n\u0131n personelleri detayl\u0131 olarak ilgilenir. Bu s\u00fcrede vizenizin \u00e7\u0131kmas\u0131 belgelerin eksiksiz olmas\u0131na ba\u011fl\u0131 olarak de\u011fi\u015febilir. Her t\u00fcrden vize i\u015fleminde oldu\u011fu gibi \u00e7al\u0131\u015fma vizesinde de titiz bir \u015fekilde hareket etmelisiniz. Vize s\u00fcrecinde belge eksikli\u011fi vize reddine neden olabilir.<\/span><\/p>\n<p><span style=\"font-family: Roboto; font-size: 14px;\"><img decoding=\"async\" src=\"https:\/\/www.myvize.com.tr\/amerika\/wp-content\/uploads\/2021\/09\/29.jpg\" \/><\/span><\/p>\n","protected":false},"excerpt":{"rendered":"<p>Amerika H1-B ve Amerika H2-A, H2-B, H3 Ge\u00e7ici \u00c7al\u0131\u015fma Vizesi 2022 Amerika H1-B ve Amerika H2-A, H2-B, H3 ge\u00e7ici \u00e7al\u0131\u015fma vizesi 2022\u00a0senesinde vize ba\u015fvurusunda bulunacak olan ki\u015filerin detayl\u0131 olarak i\u015flem yapmas\u0131 gereken vize t\u00fcrleri aras\u0131nda yer al\u0131r. \u00e7al\u0131\u015fma vizesi son derece detayl\u0131 vizelerdir. Amerika\u2019da belirli bir s\u00fcre \u00e7al\u0131\u015fmak isteyen ki\u015filerin bu vizeye ba\u015fvurmas\u0131 gerekir. Ancak<\/p>\n","protected":false},"author":1,"featured_media":0,"parent":193,"menu_order":0,"comment_status":"open","ping_status":"closed","template":"","meta":{"footnotes":""},"class_list":["post-222","page","type-page","status-publish","hentry"],"yoast_head":"<!-- This site is optimized with the Yoast SEO plugin v27.5 - https:\/\/yoast.com\/product\/yoast-seo-wordpress\/ -->\n<title>Amerika H1B, H2A, H2B, H3 Ge\u00e7ici \u00c7al\u0131\u015fma Vizesi - MyVize<\/title>\n<meta name=\"description\" content=\"Amerika \u00c7al\u0131\u015fma Vizesi Nas\u0131l A\u0131n\u0131r? Hangi Evraklar Gereklidir? \u00dccretsiz Amerika Vizesi Dan\u0131\u015fmanlar\u0131m\u0131zdan Bilgi Al Hemen T\u0131kla\" \/>\n<meta name=\"robots\" content=\"index, follow, max-snippet:-1, max-image-preview:large, max-video-preview:-1\" \/>\n<link rel=\"canonical\" href=\"https:\/\/www.myvize.com.tr\/amerika\/calisma\/h1-b-ve-amerika-h2-a-h2-b-h3-gecici-calisma-vizesi\/\" \/>\n<meta property=\"og:locale\" content=\"tr_TR\" \/>\n<meta property=\"og:type\" content=\"article\" \/>\n<meta property=\"og:title\" content=\"Amerika H1B, H2A, H2B, H3 Ge\u00e7ici \u00c7al\u0131\u015fma Vizesi - MyVize\" \/>\n<meta property=\"og:description\" content=\"Amerika \u00c7al\u0131\u015fma Vizesi Nas\u0131l A\u0131n\u0131r? Hangi Evraklar Gereklidir? \u00dccretsiz Amerika Vizesi Dan\u0131\u015fmanlar\u0131m\u0131zdan Bilgi Al Hemen T\u0131kla\" \/>\n<meta property=\"og:url\" content=\"https:\/\/www.myvize.com.tr\/amerika\/calisma\/h1-b-ve-amerika-h2-a-h2-b-h3-gecici-calisma-vizesi\/\" \/>\n<meta property=\"og:site_name\" content=\"Amerika Vizesi\" \/>\n<meta property=\"article:modified_time\" content=\"2022-08-19T14:12:31+00:00\" \/>\n<meta property=\"og:image\" content=\"https:\/\/www.myvize.com.tr\/amerika\/wp-content\/uploads\/2021\/09\/29.jpg\" \/>\n<meta name=\"twitter:card\" content=\"summary_large_image\" \/>\n<meta name=\"twitter:label1\" content=\"Tahmini okuma s\u00fcresi\" \/>\n\t<meta name=\"twitter:data1\" content=\"3 dakika\" \/>\n<script type=\"application\/ld+json\" class=\"yoast-schema-graph\">{\"@context\":\"https:\\\/\\\/schema.org\",\"@graph\":[{\"@type\":\"WebPage\",\"@id\":\"https:\\\/\\\/www.myvize.com.tr\\\/amerika\\\/calisma\\\/h1-b-ve-amerika-h2-a-h2-b-h3-gecici-calisma-vizesi\\\/\",\"url\":\"https:\\\/\\\/www.myvize.com.tr\\\/amerika\\\/calisma\\\/h1-b-ve-amerika-h2-a-h2-b-h3-gecici-calisma-vizesi\\\/\",\"name\":\"Amerika H1B, H2A, H2B, H3 Ge\u00e7ici \u00c7al\u0131\u015fma Vizesi - MyVize\",\"isPartOf\":{\"@id\":\"https:\\\/\\\/www.myvize.com.tr\\\/amerika\\\/#website\"},\"primaryImageOfPage\":{\"@id\":\"https:\\\/\\\/www.myvize.com.tr\\\/amerika\\\/calisma\\\/h1-b-ve-amerika-h2-a-h2-b-h3-gecici-calisma-vizesi\\\/#primaryimage\"},\"image\":{\"@id\":\"https:\\\/\\\/www.myvize.com.tr\\\/amerika\\\/calisma\\\/h1-b-ve-amerika-h2-a-h2-b-h3-gecici-calisma-vizesi\\\/#primaryimage\"},\"thumbnailUrl\":\"https:\\\/\\\/www.myvize.com.tr\\\/amerika\\\/wp-content\\\/uploads\\\/2021\\\/09\\\/29.jpg\",\"datePublished\":\"2020-12-21T12:44:16+00:00\",\"dateModified\":\"2022-08-19T14:12:31+00:00\",\"description\":\"Amerika \u00c7al\u0131\u015fma Vizesi Nas\u0131l A\u0131n\u0131r? Hangi Evraklar Gereklidir? \u00dccretsiz Amerika Vizesi Dan\u0131\u015fmanlar\u0131m\u0131zdan Bilgi Al Hemen T\u0131kla\",\"breadcrumb\":{\"@id\":\"https:\\\/\\\/www.myvize.com.tr\\\/amerika\\\/calisma\\\/h1-b-ve-amerika-h2-a-h2-b-h3-gecici-calisma-vizesi\\\/#breadcrumb\"},\"inLanguage\":\"tr\",\"potentialAction\":[{\"@type\":\"ReadAction\",\"target\":[\"https:\\\/\\\/www.myvize.com.tr\\\/amerika\\\/calisma\\\/h1-b-ve-amerika-h2-a-h2-b-h3-gecici-calisma-vizesi\\\/\"]}]},{\"@type\":\"ImageObject\",\"inLanguage\":\"tr\",\"@id\":\"https:\\\/\\\/www.myvize.com.tr\\\/amerika\\\/calisma\\\/h1-b-ve-amerika-h2-a-h2-b-h3-gecici-calisma-vizesi\\\/#primaryimage\",\"url\":\"https:\\\/\\\/www.myvize.com.tr\\\/amerika\\\/wp-content\\\/uploads\\\/2021\\\/09\\\/29.jpg\",\"contentUrl\":\"https:\\\/\\\/www.myvize.com.tr\\\/amerika\\\/wp-content\\\/uploads\\\/2021\\\/09\\\/29.jpg\",\"width\":800,\"height\":500,\"caption\":\"Amerika\"},{\"@type\":\"BreadcrumbList\",\"@id\":\"https:\\\/\\\/www.myvize.com.tr\\\/amerika\\\/calisma\\\/h1-b-ve-amerika-h2-a-h2-b-h3-gecici-calisma-vizesi\\\/#breadcrumb\",\"itemListElement\":[{\"@type\":\"ListItem\",\"position\":1,\"name\":\"Anasayfa\",\"item\":\"https:\\\/\\\/www.myvize.com.tr\\\/amerika\\\/\"},{\"@type\":\"ListItem\",\"position\":2,\"name\":\"\u00c7ALI\u015eMA\",\"item\":\"https:\\\/\\\/www.myvize.com.tr\\\/amerika\\\/calisma\\\/\"},{\"@type\":\"ListItem\",\"position\":3,\"name\":\"H1-B ve Amerika H2-A, H2-B, H3 Ge\u00e7ici \u00c7al\u0131\u015fma Vizesi\"}]},{\"@type\":\"WebSite\",\"@id\":\"https:\\\/\\\/www.myvize.com.tr\\\/amerika\\\/#website\",\"url\":\"https:\\\/\\\/www.myvize.com.tr\\\/amerika\\\/\",\"name\":\"MyVize Amerika Vize Ba\u015fvuru Merkezi\",\"description\":\"\",\"potentialAction\":[{\"@type\":\"SearchAction\",\"target\":{\"@type\":\"EntryPoint\",\"urlTemplate\":\"https:\\\/\\\/www.myvize.com.tr\\\/amerika\\\/?s={search_term_string}\"},\"query-input\":{\"@type\":\"PropertyValueSpecification\",\"valueRequired\":true,\"valueName\":\"search_term_string\"}}],\"inLanguage\":\"tr\"}]}<\/script>\n<!-- \/ Yoast SEO plugin. -->","yoast_head_json":{"title":"Amerika H1B, H2A, H2B, H3 Ge\u00e7ici \u00c7al\u0131\u015fma Vizesi - MyVize","description":"Amerika \u00c7al\u0131\u015fma Vizesi Nas\u0131l A\u0131n\u0131r? Hangi Evraklar Gereklidir? \u00dccretsiz Amerika Vizesi Dan\u0131\u015fmanlar\u0131m\u0131zdan Bilgi Al Hemen T\u0131kla","robots":{"index":"index","follow":"follow","max-snippet":"max-snippet:-1","max-image-preview":"max-image-preview:large","max-video-preview":"max-video-preview:-1"},"canonical":"https:\/\/www.myvize.com.tr\/amerika\/calisma\/h1-b-ve-amerika-h2-a-h2-b-h3-gecici-calisma-vizesi\/","og_locale":"tr_TR","og_type":"article","og_title":"Amerika H1B, H2A, H2B, H3 Ge\u00e7ici \u00c7al\u0131\u015fma Vizesi - MyVize","og_description":"Amerika \u00c7al\u0131\u015fma Vizesi Nas\u0131l A\u0131n\u0131r? Hangi Evraklar Gereklidir? \u00dccretsiz Amerika Vizesi Dan\u0131\u015fmanlar\u0131m\u0131zdan Bilgi Al Hemen T\u0131kla","og_url":"https:\/\/www.myvize.com.tr\/amerika\/calisma\/h1-b-ve-amerika-h2-a-h2-b-h3-gecici-calisma-vizesi\/","og_site_name":"Amerika Vizesi","article_modified_time":"2022-08-19T14:12:31+00:00","og_image":[{"url":"https:\/\/www.myvize.com.tr\/amerika\/wp-content\/uploads\/2021\/09\/29.jpg","type":"","width":"","height":""}],"twitter_card":"summary_large_image","twitter_misc":{"Tahmini okuma s\u00fcresi":"3 dakika"},"schema":{"@context":"https:\/\/schema.org","@graph":[{"@type":"WebPage","@id":"https:\/\/www.myvize.com.tr\/amerika\/calisma\/h1-b-ve-amerika-h2-a-h2-b-h3-gecici-calisma-vizesi\/","url":"https:\/\/www.myvize.com.tr\/amerika\/calisma\/h1-b-ve-amerika-h2-a-h2-b-h3-gecici-calisma-vizesi\/","name":"Amerika H1B, H2A, H2B, H3 Ge\u00e7ici \u00c7al\u0131\u015fma Vizesi - MyVize","isPartOf":{"@id":"https:\/\/www.myvize.com.tr\/amerika\/#website"},"primaryImageOfPage":{"@id":"https:\/\/www.myvize.com.tr\/amerika\/calisma\/h1-b-ve-amerika-h2-a-h2-b-h3-gecici-calisma-vizesi\/#primaryimage"},"image":{"@id":"https:\/\/www.myvize.com.tr\/amerika\/calisma\/h1-b-ve-amerika-h2-a-h2-b-h3-gecici-calisma-vizesi\/#primaryimage"},"thumbnailUrl":"https:\/\/www.myvize.com.tr\/amerika\/wp-content\/uploads\/2021\/09\/29.jpg","datePublished":"2020-12-21T12:44:16+00:00","dateModified":"2022-08-19T14:12:31+00:00","description":"Amerika \u00c7al\u0131\u015fma Vizesi Nas\u0131l A\u0131n\u0131r? Hangi Evraklar Gereklidir? \u00dccretsiz Amerika Vizesi Dan\u0131\u015fmanlar\u0131m\u0131zdan Bilgi Al Hemen T\u0131kla","breadcrumb":{"@id":"https:\/\/www.myvize.com.tr\/amerika\/calisma\/h1-b-ve-amerika-h2-a-h2-b-h3-gecici-calisma-vizesi\/#breadcrumb"},"inLanguage":"tr","potentialAction":[{"@type":"ReadAction","target":["https:\/\/www.myvize.com.tr\/amerika\/calisma\/h1-b-ve-amerika-h2-a-h2-b-h3-gecici-calisma-vizesi\/"]}]},{"@type":"ImageObject","inLanguage":"tr","@id":"https:\/\/www.myvize.com.tr\/amerika\/calisma\/h1-b-ve-amerika-h2-a-h2-b-h3-gecici-calisma-vizesi\/#primaryimage","url":"https:\/\/www.myvize.com.tr\/amerika\/wp-content\/uploads\/2021\/09\/29.jpg","contentUrl":"https:\/\/www.myvize.com.tr\/amerika\/wp-content\/uploads\/2021\/09\/29.jpg","width":800,"height":500,"caption":"Amerika"},{"@type":"BreadcrumbList","@id":"https:\/\/www.myvize.com.tr\/amerika\/calisma\/h1-b-ve-amerika-h2-a-h2-b-h3-gecici-calisma-vizesi\/#breadcrumb","itemListElement":[{"@type":"ListItem","position":1,"name":"Anasayfa","item":"https:\/\/www.myvize.com.tr\/amerika\/"},{"@type":"ListItem","position":2,"name":"\u00c7ALI\u015eMA","item":"https:\/\/www.myvize.com.tr\/amerika\/calisma\/"},{"@type":"ListItem","position":3,"name":"H1-B ve Amerika H2-A, H2-B, H3 Ge\u00e7ici \u00c7al\u0131\u015fma Vizesi"}]},{"@type":"WebSite","@id":"https:\/\/www.myvize.com.tr\/amerika\/#website","url":"https:\/\/www.myvize.com.tr\/amerika\/","name":"MyVize Amerika Vize Ba\u015fvuru Merkezi","description":"","potentialAction":[{"@type":"SearchAction","target":{"@type":"EntryPoint","urlTemplate":"https:\/\/www.myvize.com.tr\/amerika\/?s={search_term_string}"},"query-input":{"@type":"PropertyValueSpecification","valueRequired":true,"valueName":"search_term_string"}}],"inLanguage":"tr"}]}},"_links":{"self":[{"href":"https:\/\/www.myvize.com.tr\/amerika\/wp-json\/wp\/v2\/pages\/222","targetHints":{"allow":["GET"]}}],"collection":[{"href":"https:\/\/www.myvize.com.tr\/amerika\/wp-json\/wp\/v2\/pages"}],"about":[{"href":"https:\/\/www.myvize.com.tr\/amerika\/wp-json\/wp\/v2\/types\/page"}],"author":[{"embeddable":true,"href":"https:\/\/www.myvize.com.tr\/amerika\/wp-json\/wp\/v2\/users\/1"}],"replies":[{"embeddable":true,"href":"https:\/\/www.myvize.com.tr\/amerika\/wp-json\/wp\/v2\/comments?post=222"}],"version-history":[{"count":5,"href":"https:\/\/www.myvize.com.tr\/amerika\/wp-json\/wp\/v2\/pages\/222\/revisions"}],"predecessor-version":[{"id":1532,"href":"https:\/\/www.myvize.com.tr\/amerika\/wp-json\/wp\/v2\/pages\/222\/revisions\/1532"}],"up":[{"embeddable":true,"href":"https:\/\/www.myvize.com.tr\/amerika\/wp-json\/wp\/v2\/pages\/193"}],"wp:attachment":[{"href":"https:\/\/www.myvize.com.tr\/amerika\/wp-json\/wp\/v2\/media?parent=222"}],"curies":[{"name":"wp","href":"https:\/\/api.w.org\/{rel}","templated":true}]}}