{"id":228,"date":"2020-12-21T15:45:54","date_gmt":"2020-12-21T12:45:54","guid":{"rendered":"https:\/\/www.myvize.com.tr\/amerika\/?page_id=228"},"modified":"2022-08-15T13:49:54","modified_gmt":"2022-08-15T10:49:54","slug":"p-atlet-sanatci-oyuncu-vizesi","status":"publish","type":"page","link":"https:\/\/www.myvize.com.tr\/amerika\/calisma\/p-atlet-sanatci-oyuncu-vizesi\/","title":{"rendered":"Amerika P Atlet, Sanat\u00e7\u0131, Oyuncu Vizesi"},"content":{"rendered":"<h2><strong><span style=\"font-family: Roboto; font-size: 27px;\">Amerika P Atlet, Sanat\u00e7\u0131, Oyuncu Vizesi<\/span><\/strong><\/h2>\n<h2><span style=\"font-family: Roboto; font-size: 27px;\"><strong>Amerika P Atlet, Sanat\u00e7\u0131, Oyuncu Vizesi Nedir?<\/strong><\/span><\/h2>\n<p><span style=\"font-family: Roboto; font-size: 14px;\"><strong>Amerika P atlet, sanat\u00e7\u0131, oyuncu vizesi nedir<\/strong>\u00a0sorusu sanat ve spor d\u00fcnyas\u0131nda olan ki\u015filerin almas\u0131 gereken bir vizedir \u015feklinde yan\u0131tlanabilir. Sanat\u00e7\u0131lar, sporcular, g\u00f6steri grup \u00fcyeleri ya da tiyatro gibi di\u011fer sanatsal faaliyetlerde bulunan ki\u015filer <strong>Amerika\u2019ya gitmek<\/strong> istediklerinde bu vize t\u00fcr\u00fcne ba\u015fvuru yapmak durumundad\u0131r. Bu vizeyi alabilmek i\u00e7in belirli kriterlere dikkat etmek gerekir. Bu vize t\u00fcr\u00fc kendi i\u00e7inde \u015fu kategorilere ayr\u0131l\u0131r:<\/span><\/p>\n<ul>\n<li><span style=\"font-family: Roboto; font-size: 14px;\">P-1 Vizesi: Amerika\u2019da ger\u00e7ekle\u015fmesi belirli bir spor temal\u0131 yar\u0131\u015fmada yer alacak sporcular\u0131n almas\u0131 gereken bir vizedir.<\/span><\/li>\n<li><span style=\"font-family: Roboto; font-size: 14px;\">P-1A Vizesi: Bir atletizm yar\u0131\u015fmas\u0131nda uluslararas\u0131 bilinen bir performans g\u00f6sterisi i\u00e7in grup olarak ya da bireysel olarak al\u0131nan vize t\u00fcr\u00fcd\u00fcr.<\/span><\/li>\n<li><span style=\"font-family: Roboto; font-size: 14px;\">P-1B Vizesi: Bu vize t\u00fcr\u00fcnde uluslararas\u0131 alanda bilinen bir e\u011flence grubunun \u00fcyesi olarak Amerika\u2019ya gitmek isteyenler ba\u015fvuru ger\u00e7ekle\u015ftirebilir.<\/span><\/li>\n<li><span style=\"font-family: Roboto; font-size: 14px;\">P-2 Vizesi: Bu vize ise Amerika\u2019da bir performans sergileyecek olan g\u00f6steri gruplar\u0131 ya da sanat\u00e7\u0131lar\u0131n ald\u0131\u011f\u0131 vizedir.<\/span><\/li>\n<li><span style=\"font-family: Roboto; font-size: 14px;\">P-3 Vizesi: Amerika\u2019daki k\u00fclt\u00fcrel etkinlikler, m\u00fczikaller ve tiyatro oyunlar\u0131 konusunda al\u0131nan vizedir.<\/span><\/li>\n<\/ul>\n<p><span style=\"font-family: Roboto; font-size: 14px;\">Vize t\u00fcrlerine uygun olarak belge haz\u0131rlanmas\u0131 en \u00f6nemli konulardan biridir.<\/span><\/p>\n<h2><span style=\"font-family: Roboto; font-size: 27px;\"><strong>Amerika P Atlet, Sanat\u00e7\u0131, Oyuncu Vizesi Nas\u0131l Al\u0131n\u0131r?<\/strong><\/span><\/h2>\n<p><span style=\"font-family: Roboto; font-size: 14px;\"><strong>Amerika P atlat, sanat\u00e7\u0131, oyuncu vizesi nas\u0131l al\u0131n\u0131r<\/strong>\u00a0sorusuna ise detayl\u0131 olarak yan\u0131t vermek gerekir. Bu vize t\u00fcr\u00fc i\u00e7in mutlaka g\u00fcncel evrak listesi ile ba\u015fvuru yapmak gerekir. Herkesin kendi kategorisinde g\u00fcncel ve eksiksiz bir vize dosyas\u0131 olu\u015fturmas\u0131 en \u00f6nemli konulardan biridir. Bu vize t\u00fcr\u00fcnde haz\u0131rlanmas\u0131 gereken ki\u015fisel evraklar \u015fu \u015fekildedir:<\/span><\/p>\n<ul>\n<li><span style=\"font-family: Roboto; font-size: 14px;\">Pasaport: Seyahat tarihinden sonra 6 ay daha ge\u00e7erli olmal\u0131d\u0131r. Ayn\u0131 zamanda eski pasaportlar\u0131 da dosyaya eklemeniz gerekir.<\/span><\/li>\n<li><span style=\"font-family: Roboto; font-size: 14px;\">N\u00fcfus Kay\u0131t \u00d6rnek Belgesi: Bu belge t\u00fcm aile ba\u011flar\u0131n\u0131 ve ileti\u015fim bilgilerini i\u00e7ermelidir.<\/span><\/li>\n<li><span style=\"font-family: Roboto; font-size: 14px;\">Biyometrik foto\u011fraf<\/span><\/li>\n<li><span style=\"font-family: Roboto; font-size: 14px;\">N\u00fcfus c\u00fczdan fotokopisi<\/span><\/li>\n<li><span style=\"font-family: Roboto; font-size: 14px;\">DS 160 Formu: Online olarak doldurulmal\u0131d\u0131r ve \u00e7\u0131kt\u0131s\u0131 imzalanarak teslim edilmelidir.<\/span><\/li>\n<li><span style=\"font-family: Roboto; font-size: 14px;\">I-129 Formu: G\u00f6\u00e7men olmayan \u00e7al\u0131\u015fma dilek\u00e7esidir.<\/span><\/li>\n<li><span style=\"font-family: Roboto; font-size: 14px;\">I-797 Formu: USCIS taraf\u0131ndan onaylanan dilek\u00e7enin makbuz numaras\u0131n\u0131n bulundu\u011fu formdur.<\/span><\/li>\n<li><span style=\"font-family: Roboto; font-size: 14px;\">Banka hesap d\u00f6k\u00fcmleri<\/span><\/li>\n<\/ul>\n<p><span style=\"font-family: Roboto; font-size: 14px;\">Bu belgelerin hepsi ortak olarak bu kategorideki t\u00fcm ba\u015fvuru sahiplerinin haz\u0131rlamas\u0131 gereken belgelerdir. Vize i\u015flemleri kolay \u015fekilde yap\u0131labilmesi i\u00e7in dan\u0131\u015fmanl\u0131k hizmetlerine ba\u015fvurulabilir.<\/span><\/p>\n<h2><span style=\"font-family: Roboto; font-size: 27px;\"><strong>Amerika P Atlet, Sanat\u00e7\u0131, Oyuncu Vizesi Nereden Al\u0131n\u0131r?<\/strong><\/span><\/h2>\n<p><span style=\"font-family: Roboto; font-size: 14px;\"><strong>Amerika P atlet, sanat\u00e7\u0131, oyuncu vizesi nereden al\u0131n\u0131r<\/strong>\u00a0sorular\u0131n\u0131n yan\u0131tlar\u0131n\u0131 ara\u015ft\u0131ran ki\u015filerin ilk olarak haz\u0131rlamalar\u0131 gereken belgeler oldu\u011funu bilmesi gerekir. Bunlara ek olarak<span style=\"color: #2acec2;\"><strong><a style=\"color: #2acec2;\" href=\"https:\/\/www.myvize.com.tr\/amerika\/vize-islemleri\/\" target=\"_blank\" rel=\"noopener\"> vize i\u015flemleri <\/a><\/strong><\/span>i\u00e7in konsolosluklardan ya da b\u00fcy\u00fckel\u00e7ilikten vize hizmet al\u0131nmas\u0131 gerekir. Ancak bu i\u015flemlerin hepsinden \u00f6nce pasaport \u00e7\u0131kart\u0131lmal\u0131d\u0131r. Pasaportlar en az 6 ayl\u0131k en fazla 10 y\u0131ll\u0131k olarak verilir. Seyahat tarihi sonland\u0131ktan sonra 6 ay daha ge\u00e7erli bir pasaportunuz olmas\u0131 b\u00fcy\u00fck bir \u00f6nem ta\u015f\u0131r.<\/span><\/p>\n<p><span style=\"font-family: Roboto; font-size: 14px;\">Pasaport ald\u0131ktan sonra da randevu alman\u0131z gerekiyor. Randevu almak d\u00fc\u015f\u00fcn\u00fcld\u00fc\u011f\u00fcnden \u00e7ok daha zordur. \u00c7\u00fcnk\u00fc <strong>ABD konsolosluklar\u0131<\/strong> son derece yo\u011fun \u00e7al\u0131\u015fan kurumlard\u0131r. Bu kurumlarda ki\u015filer hizmet alabilmek i\u00e7in randevu i\u015flemlerini \u00f6nceden tamamlamak zorundad\u0131r.<\/span><\/p>\n<p><span style=\"font-family: Roboto; font-size: 14px;\">Belge haz\u0131rlama s\u00fcrecinde baz\u0131 belgeler her meslek grubu i\u00e7in ortak olurken baz\u0131lar\u0131 mesleklere g\u00f6re ayr\u0131\u015fmaktad\u0131r. Bu nedenle besle s\u00fcrecini \u00e7ok iyi bir \u015fekilde y\u00f6netmeniz ve do\u011fru bir vize dosyas\u0131 haz\u0131rlaman\u0131z gerekir. Bunun i\u00e7in de dan\u0131\u015fmanl\u0131k hizmeti alabilirsiniz.<\/span><\/p>\n<h2><strong><span style=\"font-family: Roboto; font-size: 27px;\"><img decoding=\"async\" src=\"https:\/\/www.myvize.com.tr\/amerika\/wp-content\/uploads\/2021\/09\/32.jpg\" \/><\/span><\/strong><\/h2>\n","protected":false},"excerpt":{"rendered":"<p>Amerika P Atlet, Sanat\u00e7\u0131, Oyuncu Vizesi Amerika P Atlet, Sanat\u00e7\u0131, Oyuncu Vizesi Nedir? Amerika P atlet, sanat\u00e7\u0131, oyuncu vizesi nedir\u00a0sorusu sanat ve spor d\u00fcnyas\u0131nda olan ki\u015filerin almas\u0131 gereken bir vizedir \u015feklinde yan\u0131tlanabilir. Sanat\u00e7\u0131lar, sporcular, g\u00f6steri grup \u00fcyeleri ya da tiyatro gibi di\u011fer sanatsal faaliyetlerde bulunan ki\u015filer Amerika\u2019ya gitmek istediklerinde bu vize t\u00fcr\u00fcne ba\u015fvuru yapmak durumundad\u0131r.<\/p>\n","protected":false},"author":1,"featured_media":0,"parent":193,"menu_order":0,"comment_status":"open","ping_status":"closed","template":"","meta":{"footnotes":""},"class_list":["post-228","page","type-page","status-publish","hentry"],"yoast_head":"<!-- This site is optimized with the Yoast SEO plugin v27.5 - https:\/\/yoast.com\/product\/yoast-seo-wordpress\/ -->\n<title>Amerika P Atlet, Sanat\u00e7\u0131, Oyuncu Vizesi - MyVize<\/title>\n<meta name=\"description\" content=\"Amerikaya Atlet Sanat\u00e7\u0131 Oyuncu \u0130\u00e7in Gidecek Olan Ki\u015filerin Almas\u0131 Gereken Vize. Amerika Vizesi \u0130\u00e7in Gerekli T\u00fcm Evrak Listesi \u0130\u00e7in T\u0131kla\" \/>\n<meta name=\"robots\" content=\"index, follow, max-snippet:-1, max-image-preview:large, max-video-preview:-1\" \/>\n<link rel=\"canonical\" href=\"https:\/\/www.myvize.com.tr\/amerika\/calisma\/p-atlet-sanatci-oyuncu-vizesi\/\" \/>\n<meta property=\"og:locale\" content=\"tr_TR\" \/>\n<meta property=\"og:type\" content=\"article\" \/>\n<meta property=\"og:title\" content=\"Amerika P Atlet, Sanat\u00e7\u0131, Oyuncu Vizesi - MyVize\" \/>\n<meta property=\"og:description\" content=\"Amerikaya Atlet Sanat\u00e7\u0131 Oyuncu \u0130\u00e7in Gidecek Olan Ki\u015filerin Almas\u0131 Gereken Vize. Amerika Vizesi \u0130\u00e7in Gerekli T\u00fcm Evrak Listesi \u0130\u00e7in T\u0131kla\" \/>\n<meta property=\"og:url\" content=\"https:\/\/www.myvize.com.tr\/amerika\/calisma\/p-atlet-sanatci-oyuncu-vizesi\/\" \/>\n<meta property=\"og:site_name\" content=\"Amerika Vizesi\" \/>\n<meta property=\"article:modified_time\" content=\"2022-08-15T10:49:54+00:00\" \/>\n<meta property=\"og:image\" content=\"https:\/\/www.myvize.com.tr\/amerika\/wp-content\/uploads\/2021\/09\/32.jpg\" \/>\n<meta name=\"twitter:card\" content=\"summary_large_image\" \/>\n<meta name=\"twitter:label1\" content=\"Tahmini okuma s\u00fcresi\" \/>\n\t<meta name=\"twitter:data1\" content=\"3 dakika\" \/>\n<script type=\"application\/ld+json\" class=\"yoast-schema-graph\">{\"@context\":\"https:\\\/\\\/schema.org\",\"@graph\":[{\"@type\":\"WebPage\",\"@id\":\"https:\\\/\\\/www.myvize.com.tr\\\/amerika\\\/calisma\\\/p-atlet-sanatci-oyuncu-vizesi\\\/\",\"url\":\"https:\\\/\\\/www.myvize.com.tr\\\/amerika\\\/calisma\\\/p-atlet-sanatci-oyuncu-vizesi\\\/\",\"name\":\"Amerika P Atlet, Sanat\u00e7\u0131, Oyuncu Vizesi - MyVize\",\"isPartOf\":{\"@id\":\"https:\\\/\\\/www.myvize.com.tr\\\/amerika\\\/#website\"},\"primaryImageOfPage\":{\"@id\":\"https:\\\/\\\/www.myvize.com.tr\\\/amerika\\\/calisma\\\/p-atlet-sanatci-oyuncu-vizesi\\\/#primaryimage\"},\"image\":{\"@id\":\"https:\\\/\\\/www.myvize.com.tr\\\/amerika\\\/calisma\\\/p-atlet-sanatci-oyuncu-vizesi\\\/#primaryimage\"},\"thumbnailUrl\":\"https:\\\/\\\/www.myvize.com.tr\\\/amerika\\\/wp-content\\\/uploads\\\/2021\\\/09\\\/32.jpg\",\"datePublished\":\"2020-12-21T12:45:54+00:00\",\"dateModified\":\"2022-08-15T10:49:54+00:00\",\"description\":\"Amerikaya Atlet Sanat\u00e7\u0131 Oyuncu \u0130\u00e7in Gidecek Olan Ki\u015filerin Almas\u0131 Gereken Vize. Amerika Vizesi \u0130\u00e7in Gerekli T\u00fcm Evrak Listesi \u0130\u00e7in T\u0131kla\",\"breadcrumb\":{\"@id\":\"https:\\\/\\\/www.myvize.com.tr\\\/amerika\\\/calisma\\\/p-atlet-sanatci-oyuncu-vizesi\\\/#breadcrumb\"},\"inLanguage\":\"tr\",\"potentialAction\":[{\"@type\":\"ReadAction\",\"target\":[\"https:\\\/\\\/www.myvize.com.tr\\\/amerika\\\/calisma\\\/p-atlet-sanatci-oyuncu-vizesi\\\/\"]}]},{\"@type\":\"ImageObject\",\"inLanguage\":\"tr\",\"@id\":\"https:\\\/\\\/www.myvize.com.tr\\\/amerika\\\/calisma\\\/p-atlet-sanatci-oyuncu-vizesi\\\/#primaryimage\",\"url\":\"https:\\\/\\\/www.myvize.com.tr\\\/amerika\\\/wp-content\\\/uploads\\\/2021\\\/09\\\/32.jpg\",\"contentUrl\":\"https:\\\/\\\/www.myvize.com.tr\\\/amerika\\\/wp-content\\\/uploads\\\/2021\\\/09\\\/32.jpg\",\"width\":800,\"height\":500,\"caption\":\"Amerika\"},{\"@type\":\"BreadcrumbList\",\"@id\":\"https:\\\/\\\/www.myvize.com.tr\\\/amerika\\\/calisma\\\/p-atlet-sanatci-oyuncu-vizesi\\\/#breadcrumb\",\"itemListElement\":[{\"@type\":\"ListItem\",\"position\":1,\"name\":\"Anasayfa\",\"item\":\"https:\\\/\\\/www.myvize.com.tr\\\/amerika\\\/\"},{\"@type\":\"ListItem\",\"position\":2,\"name\":\"\u00c7ALI\u015eMA\",\"item\":\"https:\\\/\\\/www.myvize.com.tr\\\/amerika\\\/calisma\\\/\"},{\"@type\":\"ListItem\",\"position\":3,\"name\":\"Amerika P Atlet, Sanat\u00e7\u0131, Oyuncu Vizesi\"}]},{\"@type\":\"WebSite\",\"@id\":\"https:\\\/\\\/www.myvize.com.tr\\\/amerika\\\/#website\",\"url\":\"https:\\\/\\\/www.myvize.com.tr\\\/amerika\\\/\",\"name\":\"MyVize Amerika Vize Ba\u015fvuru Merkezi\",\"description\":\"\",\"potentialAction\":[{\"@type\":\"SearchAction\",\"target\":{\"@type\":\"EntryPoint\",\"urlTemplate\":\"https:\\\/\\\/www.myvize.com.tr\\\/amerika\\\/?s={search_term_string}\"},\"query-input\":{\"@type\":\"PropertyValueSpecification\",\"valueRequired\":true,\"valueName\":\"search_term_string\"}}],\"inLanguage\":\"tr\"}]}<\/script>\n<!-- \/ Yoast SEO plugin. -->","yoast_head_json":{"title":"Amerika P Atlet, Sanat\u00e7\u0131, Oyuncu Vizesi - MyVize","description":"Amerikaya Atlet Sanat\u00e7\u0131 Oyuncu \u0130\u00e7in Gidecek Olan Ki\u015filerin Almas\u0131 Gereken Vize. Amerika Vizesi \u0130\u00e7in Gerekli T\u00fcm Evrak Listesi \u0130\u00e7in T\u0131kla","robots":{"index":"index","follow":"follow","max-snippet":"max-snippet:-1","max-image-preview":"max-image-preview:large","max-video-preview":"max-video-preview:-1"},"canonical":"https:\/\/www.myvize.com.tr\/amerika\/calisma\/p-atlet-sanatci-oyuncu-vizesi\/","og_locale":"tr_TR","og_type":"article","og_title":"Amerika P Atlet, Sanat\u00e7\u0131, Oyuncu Vizesi - MyVize","og_description":"Amerikaya Atlet Sanat\u00e7\u0131 Oyuncu \u0130\u00e7in Gidecek Olan Ki\u015filerin Almas\u0131 Gereken Vize. Amerika Vizesi \u0130\u00e7in Gerekli T\u00fcm Evrak Listesi \u0130\u00e7in T\u0131kla","og_url":"https:\/\/www.myvize.com.tr\/amerika\/calisma\/p-atlet-sanatci-oyuncu-vizesi\/","og_site_name":"Amerika Vizesi","article_modified_time":"2022-08-15T10:49:54+00:00","og_image":[{"url":"https:\/\/www.myvize.com.tr\/amerika\/wp-content\/uploads\/2021\/09\/32.jpg","type":"","width":"","height":""}],"twitter_card":"summary_large_image","twitter_misc":{"Tahmini okuma s\u00fcresi":"3 dakika"},"schema":{"@context":"https:\/\/schema.org","@graph":[{"@type":"WebPage","@id":"https:\/\/www.myvize.com.tr\/amerika\/calisma\/p-atlet-sanatci-oyuncu-vizesi\/","url":"https:\/\/www.myvize.com.tr\/amerika\/calisma\/p-atlet-sanatci-oyuncu-vizesi\/","name":"Amerika P Atlet, Sanat\u00e7\u0131, Oyuncu Vizesi - MyVize","isPartOf":{"@id":"https:\/\/www.myvize.com.tr\/amerika\/#website"},"primaryImageOfPage":{"@id":"https:\/\/www.myvize.com.tr\/amerika\/calisma\/p-atlet-sanatci-oyuncu-vizesi\/#primaryimage"},"image":{"@id":"https:\/\/www.myvize.com.tr\/amerika\/calisma\/p-atlet-sanatci-oyuncu-vizesi\/#primaryimage"},"thumbnailUrl":"https:\/\/www.myvize.com.tr\/amerika\/wp-content\/uploads\/2021\/09\/32.jpg","datePublished":"2020-12-21T12:45:54+00:00","dateModified":"2022-08-15T10:49:54+00:00","description":"Amerikaya Atlet Sanat\u00e7\u0131 Oyuncu \u0130\u00e7in Gidecek Olan Ki\u015filerin Almas\u0131 Gereken Vize. Amerika Vizesi \u0130\u00e7in Gerekli T\u00fcm Evrak Listesi \u0130\u00e7in T\u0131kla","breadcrumb":{"@id":"https:\/\/www.myvize.com.tr\/amerika\/calisma\/p-atlet-sanatci-oyuncu-vizesi\/#breadcrumb"},"inLanguage":"tr","potentialAction":[{"@type":"ReadAction","target":["https:\/\/www.myvize.com.tr\/amerika\/calisma\/p-atlet-sanatci-oyuncu-vizesi\/"]}]},{"@type":"ImageObject","inLanguage":"tr","@id":"https:\/\/www.myvize.com.tr\/amerika\/calisma\/p-atlet-sanatci-oyuncu-vizesi\/#primaryimage","url":"https:\/\/www.myvize.com.tr\/amerika\/wp-content\/uploads\/2021\/09\/32.jpg","contentUrl":"https:\/\/www.myvize.com.tr\/amerika\/wp-content\/uploads\/2021\/09\/32.jpg","width":800,"height":500,"caption":"Amerika"},{"@type":"BreadcrumbList","@id":"https:\/\/www.myvize.com.tr\/amerika\/calisma\/p-atlet-sanatci-oyuncu-vizesi\/#breadcrumb","itemListElement":[{"@type":"ListItem","position":1,"name":"Anasayfa","item":"https:\/\/www.myvize.com.tr\/amerika\/"},{"@type":"ListItem","position":2,"name":"\u00c7ALI\u015eMA","item":"https:\/\/www.myvize.com.tr\/amerika\/calisma\/"},{"@type":"ListItem","position":3,"name":"Amerika P Atlet, Sanat\u00e7\u0131, Oyuncu Vizesi"}]},{"@type":"WebSite","@id":"https:\/\/www.myvize.com.tr\/amerika\/#website","url":"https:\/\/www.myvize.com.tr\/amerika\/","name":"MyVize Amerika Vize Ba\u015fvuru Merkezi","description":"","potentialAction":[{"@type":"SearchAction","target":{"@type":"EntryPoint","urlTemplate":"https:\/\/www.myvize.com.tr\/amerika\/?s={search_term_string}"},"query-input":{"@type":"PropertyValueSpecification","valueRequired":true,"valueName":"search_term_string"}}],"inLanguage":"tr"}]}},"_links":{"self":[{"href":"https:\/\/www.myvize.com.tr\/amerika\/wp-json\/wp\/v2\/pages\/228","targetHints":{"allow":["GET"]}}],"collection":[{"href":"https:\/\/www.myvize.com.tr\/amerika\/wp-json\/wp\/v2\/pages"}],"about":[{"href":"https:\/\/www.myvize.com.tr\/amerika\/wp-json\/wp\/v2\/types\/page"}],"author":[{"embeddable":true,"href":"https:\/\/www.myvize.com.tr\/amerika\/wp-json\/wp\/v2\/users\/1"}],"replies":[{"embeddable":true,"href":"https:\/\/www.myvize.com.tr\/amerika\/wp-json\/wp\/v2\/comments?post=228"}],"version-history":[{"count":5,"href":"https:\/\/www.myvize.com.tr\/amerika\/wp-json\/wp\/v2\/pages\/228\/revisions"}],"predecessor-version":[{"id":1506,"href":"https:\/\/www.myvize.com.tr\/amerika\/wp-json\/wp\/v2\/pages\/228\/revisions\/1506"}],"up":[{"embeddable":true,"href":"https:\/\/www.myvize.com.tr\/amerika\/wp-json\/wp\/v2\/pages\/193"}],"wp:attachment":[{"href":"https:\/\/www.myvize.com.tr\/amerika\/wp-json\/wp\/v2\/media?parent=228"}],"curies":[{"name":"wp","href":"https:\/\/api.w.org\/{rel}","templated":true}]}}