{"id":230,"date":"2020-12-21T15:46:31","date_gmt":"2020-12-21T12:46:31","guid":{"rendered":"https:\/\/www.myvize.com.tr\/amerika\/?page_id=230"},"modified":"2022-08-01T17:19:42","modified_gmt":"2022-08-01T14:19:42","slug":"q1-uluslararasi-kulturel-degisim-programi","status":"publish","type":"page","link":"https:\/\/www.myvize.com.tr\/amerika\/calisma\/q1-uluslararasi-kulturel-degisim-programi\/","title":{"rendered":"Amerika Q1 Uluslararas\u0131 K\u00fclt\u00fcrel De\u011fi\u015fim Program\u0131"},"content":{"rendered":"<h2><span style=\"font-family: Roboto; font-size: 27px;\"><strong>Amerika Q1 K\u00fclt\u00fcrel De\u011fi\u015fim Program\u0131 Nedir?<\/strong><\/span><\/h2>\n<p><span style=\"font-family: Roboto; font-size: 14px;\">Bir\u00e7ok ki\u015fi\u00a0<strong>Q1 K\u00fclt\u00fcrel De\u011fi\u015fim Program\u0131<\/strong>\u00a0hakk\u0131nda bilgi sahibi olmak istiyor.<\/span><\/p>\n<p><span style=\"font-family: Roboto; font-size: 14px;\"><strong>Amerika Q-1 De\u011fi\u015fim Plan\u0131 Vizesi<\/strong>, T\u00fcrkiye yurtta\u015flar\u0131na Amerika\u2019da staj yapabilme, k\u00fclt\u00fcr\u00fcn\u00fc, tarihini ve g\u00f6reneklerini tan\u0131tabilme ve payla\u015fma imtiyaz\u0131n\u0131 veren, ve bu deneyimi ya\u015famak isteyen m\u00fcracaat sahiplerine olu\u015fturulmu\u015f bir vize \u00e7e\u015fididir.<\/span><\/p>\n<p><span style=\"font-family: Roboto; font-size: 14px;\"><strong>Uluslararas\u0131 K\u00fclt\u00fcrel De\u011fi\u015fim Program\u0131<\/strong> s\u0131n\u0131rlar\u0131na dahil olan\u00a0<strong>Amerika Q-1 Vizesi\u00a0<\/strong>alan \u015fah\u0131slar, ABD\u2019de maksimum 15 ay kalabiliyor. Planlar\u0131 bittikten m\u00fcteakiben 30 g\u00fcnl\u00fck s\u00fcre bitmeden Amerika\u2019dan \u00e7\u0131kmalar\u0131 gerekiyor. E\u011fer \u015fah\u0131s yeniden di\u011fer bir Uluslararas\u0131 K\u00fclt\u00fcrel De\u011fi\u015fim Program\u0131 s\u0131n\u0131rlar\u0131nda Q-1 Vizesine m\u00fcracaat yapmak isterse Amerika haricinde ba\u015fka bir yurtta 1 sene ge\u00e7irmesi ko\u015fulu vard\u0131r.<\/span><\/p>\n<p><span style=\"font-family: Roboto; font-size: 14px;\">\u0130laveten, De\u011fi\u015fim Program\u0131 Vizesi&#8217;ne m\u00fcracaat edecek \u015fah\u0131slar\u0131n 18 ya\u015f\u0131ndan b\u00fcy\u00fck olmas\u0131 ve memleketinin k\u00fclt\u00fcrel \u00f6zelliklerine egemen olmas\u0131 gerekiyor.<\/span><\/p>\n<p><span style=\"font-family: Roboto; font-size: 14px;\">Q-1 vize sahiplerinin e\u015f ve evlatlar\u0131 ayn\u0131 vize \u00e7e\u015fidiyle beraberinde Amerika\u2019ya gitme haklar\u0131 yoktur. Aile bireyleri <strong>ABD\u2019ye gitmek<\/strong> isterlerse kendilerine makul vize s\u0131n\u0131f\u0131ndan m\u00fcracaat yapmalar\u0131 gerekiyor.<\/span><\/p>\n<h2><span style=\"font-family: Roboto; font-size: 27px;\"><strong>Amerika Q1 K\u00fclt\u00fcrel De\u011fi\u015fim Program\u0131 Nas\u0131l Yap\u0131l\u0131r?<\/strong><\/span><\/h2>\n<p><span style=\"font-family: Roboto; font-size: 14px;\"><strong>Bu\u00a0<\/strong><strong>yaz\u0131da<\/strong><strong>\u00a0<\/strong>\u201c<strong>Amerika Q1 Program\u0131 Nas\u0131l Yap\u0131l\u0131r?<\/strong>\u2019\u2019 hakk\u0131nda bilgi verilmi\u015ftir.<\/span><\/p>\n<p><span style=\"font-family: Roboto; font-size: 14px;\"><strong>Amerika Q-1 De\u011fi\u015fim Plan\u0131 vizesi zorunlu belgeler<\/strong>\u00a0m\u00fcracaat\u0131n yap\u0131laca\u011f\u0131 <strong>Amerika B\u00fcy\u00fckel\u00e7ili\u011fi<\/strong> veya Konsoloslu\u011funa g\u00f6re farkl\u0131l\u0131k g\u00f6stermektedir.<\/span><\/p>\n<p><span style=\"font-family: Roboto; font-size: 14px;\"><em><strong>Ki\u015fisel Belgeleriniz<\/strong><\/em><\/span><\/p>\n<ul>\n<li><span style=\"font-family: Roboto; font-size: 14px;\">Kimlik Fotokopisi<\/span><\/li>\n<li><span style=\"font-family: Roboto; font-size: 14px;\">Pasaport: Var ise \u00f6nceki pasaportlarda sunulmal\u0131.<\/span><\/li>\n<li><span style=\"font-family: Roboto; font-size: 14px;\">Biyometrik Foto\u011fraf: 5&#215;5 boyutlar\u0131ndaki foto\u011fraf DS-160 Formunda foto\u011fraf k\u0131sm\u0131na eklenmelidir.<\/span><\/li>\n<li><span style=\"font-family: Roboto; font-size: 14px;\">Vukuatl\u0131 N\u00fcfus Kay\u0131t \u00d6rne\u011fi: Aile ili\u015fkilerini g\u00f6stermeli.<\/span><\/li>\n<li><span style=\"font-family: Roboto; font-size: 14px;\">DS-160 Formu: \u0130ngilizce ve etkile\u015fimli ortamda tamamlay\u0131n. \u0130cazet sahifesini ise vize g\u00f6r\u00fc\u015fmesinde yan\u0131n\u0131zda bulundurun.<\/span><\/li>\n<li><span style=\"font-family: Roboto; font-size: 14px;\">Vize \u0130stek Dilek\u00e7esi: Yolculuk nedeninizi izah eden \u0130ngilizce dilek\u00e7e.<\/span><\/li>\n<li><span style=\"font-family: Roboto; font-size: 14px;\">\u00c7al\u0131\u015ft\u0131\u011f\u0131n\u0131z\u0131 g\u00f6sterir evraklar: Yolculu\u011funuz bitiminde T\u00fcrkiye\u2019ye d\u00f6nece\u011finizi delil eden i\u015finize ait evraklar. (\u0130\u015fe Giri\u015f Beyannamesi, Ayl\u0131k Bordrosu, Hizmet D\u00f6k\u00fcm\u00fc gibi.)<\/span><\/li>\n<li><span style=\"font-family: Roboto; font-size: 14px;\">I-129 Formu: Amerika K\u00fclt\u00fcrel M\u00fcbadele Program\u0131 Vizesi ko\u015fullar\u0131ndan biri olan ABD\u2019deki i\u015fveren vas\u0131tas\u0131yla USCIS\u2019dan al\u0131nm\u0131\u015f G\u00f6\u00e7men Olmayan \u00c7al\u0131\u015fma Dilek\u00e7esi<\/span><\/li>\n<li><span style=\"font-family: Roboto; font-size: 14px;\">I-729 Formu: USCIS vas\u0131tas\u0131 ile tasdik edilen dilek\u00e7enin makbuz numaras\u0131n\u0131n bulundu\u011fu form.<\/span><\/li>\n<li><span style=\"font-family: Roboto; font-size: 14px;\">Banka Hesap D\u00f6k\u00fcm\u00fc: Amerika yolculu\u011funuzu kar\u015f\u0131lamaya yetecek kadar ekonomik imkan\u0131n\u0131z oldu\u011funu g\u00f6steren banka \u00f6zeti. Banka arac\u0131l\u0131\u011f\u0131yla ka\u015felenmi\u015f ve imzal\u0131 olmal\u0131d\u0131r.<\/span><\/li>\n<\/ul>\n<h2><span style=\"font-family: Roboto; font-size: 27px;\"><strong>Amerika Q1 K\u00fclt\u00fcrel De\u011fi\u015fim Program\u0131 Vizesi Nas\u0131l Al\u0131n\u0131r?<\/strong><\/span><\/h2>\n<p><span style=\"font-family: Roboto; font-size: 14px;\">Amerika\u00a0<strong>Q-1 De\u011fi\u015fim Program\u0131 Vizesine Nas\u0131l Ba\u015fvurulur?<\/strong>\u00a0sualinin talimat\u0131 ise<\/span><\/p>\n<p><span style=\"font-family: Roboto; font-size: 14px;\"><strong>I-129 Formunu onaylat\u0131n<\/strong><\/span><\/p>\n<p><span style=\"font-family: Roboto; font-size: 14px;\"><strong>Amerika Vatanda\u015fl\u0131k ve G\u00f6\u00e7menlik Hizmetleri<\/strong> \u015eubesi arac\u0131l\u0131\u011f\u0131yla tasdik edilen \u00e7al\u0131\u015fma izin dilek\u00e7esini al\u0131n.<\/span><\/p>\n<p><span style=\"font-family: Roboto; font-size: 14px;\"><strong>I-797 Formu isteyin<\/strong><\/span><\/p>\n<p><span style=\"font-family: Roboto; font-size: 14px;\"><strong>Q-1 K\u00fclt\u00fcrel De\u011fi\u015fim Program\u0131 Vizesi<\/strong> kapsam\u0131nda bulundurdu\u011funuz \u00e7al\u0131\u015fma izin dilek\u00e7esi tasdik numaras\u0131n\u0131n da yer ald\u0131\u011f\u0131 makbuzu klas\u00f6r\u00fcn\u00fcze ekleyin.\u00a0<\/span><\/p>\n<p><span style=\"font-family: Roboto; font-size: 14px;\"><strong>DS-160 Formunu doldurun<\/strong><\/span><\/p>\n<p><span style=\"font-family: Roboto; font-size: 14px;\">M\u00fcracaat formunu \u0130ngilizce ve online olarak tamamlay\u0131n. Foto\u011fraf\u0131n\u0131z\u0131 forma eklemeyi unutmay\u0131n. \u015eayet eklemeyi yapamaz iseniz vize g\u00f6r\u00fc\u015fmesine gelirken foto\u011fraf\u0131n\u0131z\u0131 yan\u0131n\u0131zda bulundurun.<\/span><\/p>\n<p><span style=\"font-family: Roboto; font-size: 14px;\">Belgelerinizi tamamlad\u0131ktan m\u00fcteakiben s\u0131ra vize randevusunun al\u0131nmas\u0131na geliyor.\u00a0<strong>Amerika Q1 De\u011fi\u015fim Program\u0131 Vizesi m\u00fcracaatlar\u0131 yaln\u0131zca Amerika B\u00fcy\u00fckel\u00e7ili\u011fi\u2019nin salahiyetinde Konsolosluklar vas\u0131tas\u0131 ile yap\u0131labiliyor<\/strong>. Ama bu iki m\u00fcmessilden randevu almak yo\u011funluk ve resmi tatiller sebebiyle genellikle uzun s\u00fcr\u00fcyor.<\/span><\/p>\n<p><span style=\"font-family: Roboto; font-size: 14px;\">Vizenizin yolculuk tarihinize ula\u015fmas\u0131 i\u00e7in en az 1 ay erkenden m\u00fcracaat yapman\u0131z\u0131 tavsiye ederiz.<\/span><\/p>\n<p><span style=\"font-family: Roboto; font-size: 14px;\">Vize g\u00f6revlisi gerekli g\u00f6rd\u00fc\u011f\u00fc zaman sizi tekrar g\u00f6r\u00fc\u015fmeye \u00e7a\u011f\u0131rabilece\u011fi gibi ek belgeler de isteyebilir.<\/span><\/p>\n<p><span style=\"font-family: Roboto; font-size: 14px;\"><img decoding=\"async\" src=\"https:\/\/www.myvize.com.tr\/amerika\/wp-content\/uploads\/2021\/09\/33.jpg\" \/><\/span><\/p>\n","protected":false},"excerpt":{"rendered":"<p>Amerika Q1 K\u00fclt\u00fcrel De\u011fi\u015fim Program\u0131 Nedir? Bir\u00e7ok ki\u015fi\u00a0Q1 K\u00fclt\u00fcrel De\u011fi\u015fim Program\u0131\u00a0hakk\u0131nda bilgi sahibi olmak istiyor. Amerika Q-1 De\u011fi\u015fim Plan\u0131 Vizesi, T\u00fcrkiye yurtta\u015flar\u0131na Amerika\u2019da staj yapabilme, k\u00fclt\u00fcr\u00fcn\u00fc, tarihini ve g\u00f6reneklerini tan\u0131tabilme ve payla\u015fma imtiyaz\u0131n\u0131 veren, ve bu deneyimi ya\u015famak isteyen m\u00fcracaat sahiplerine olu\u015fturulmu\u015f bir vize \u00e7e\u015fididir. Uluslararas\u0131 K\u00fclt\u00fcrel De\u011fi\u015fim Program\u0131 s\u0131n\u0131rlar\u0131na dahil olan\u00a0Amerika Q-1 Vizesi\u00a0alan \u015fah\u0131slar,<\/p>\n","protected":false},"author":1,"featured_media":0,"parent":193,"menu_order":0,"comment_status":"open","ping_status":"closed","template":"","meta":{"footnotes":""},"class_list":["post-230","page","type-page","status-publish","hentry"],"yoast_head":"<!-- This site is optimized with the Yoast SEO plugin v27.4 - https:\/\/yoast.com\/product\/yoast-seo-wordpress\/ -->\n<title>Q1 Uluslararas\u0131 K\u00fclt\u00fcrel De\u011fi\u015fim Program\u0131 - MyVize<\/title>\n<meta name=\"description\" content=\"Amerika Vizesi Amerika Q1 Uluslararas\u0131 K\u00fclt\u00fcrel De\u011fi\u015fim Program\u0131 i\u00e7in Hemen Amerika Vize Dan\u0131\u015fmanlar\u0131m\u0131zdan \u00dccretsiz Destek Al Hemen T\u0131kla\" \/>\n<meta name=\"robots\" content=\"index, follow, max-snippet:-1, max-image-preview:large, max-video-preview:-1\" \/>\n<link rel=\"canonical\" href=\"https:\/\/www.myvize.com.tr\/amerika\/calisma\/q1-uluslararasi-kulturel-degisim-programi\/\" \/>\n<meta property=\"og:locale\" content=\"tr_TR\" \/>\n<meta property=\"og:type\" content=\"article\" \/>\n<meta property=\"og:title\" content=\"Q1 Uluslararas\u0131 K\u00fclt\u00fcrel De\u011fi\u015fim Program\u0131 - MyVize\" \/>\n<meta property=\"og:description\" content=\"Amerika Vizesi Amerika Q1 Uluslararas\u0131 K\u00fclt\u00fcrel De\u011fi\u015fim Program\u0131 i\u00e7in Hemen Amerika Vize Dan\u0131\u015fmanlar\u0131m\u0131zdan \u00dccretsiz Destek Al Hemen T\u0131kla\" \/>\n<meta property=\"og:url\" content=\"https:\/\/www.myvize.com.tr\/amerika\/calisma\/q1-uluslararasi-kulturel-degisim-programi\/\" \/>\n<meta property=\"og:site_name\" content=\"Amerika Vizesi\" \/>\n<meta property=\"article:modified_time\" content=\"2022-08-01T14:19:42+00:00\" \/>\n<meta property=\"og:image\" content=\"https:\/\/www.myvize.com.tr\/amerika\/wp-content\/uploads\/2021\/09\/33.jpg\" \/>\n<meta name=\"twitter:card\" content=\"summary_large_image\" \/>\n<meta name=\"twitter:label1\" content=\"Tahmini okuma s\u00fcresi\" \/>\n\t<meta name=\"twitter:data1\" content=\"3 dakika\" \/>\n<script type=\"application\/ld+json\" class=\"yoast-schema-graph\">{\"@context\":\"https:\\\/\\\/schema.org\",\"@graph\":[{\"@type\":\"WebPage\",\"@id\":\"https:\\\/\\\/www.myvize.com.tr\\\/amerika\\\/calisma\\\/q1-uluslararasi-kulturel-degisim-programi\\\/\",\"url\":\"https:\\\/\\\/www.myvize.com.tr\\\/amerika\\\/calisma\\\/q1-uluslararasi-kulturel-degisim-programi\\\/\",\"name\":\"Q1 Uluslararas\u0131 K\u00fclt\u00fcrel De\u011fi\u015fim Program\u0131 - MyVize\",\"isPartOf\":{\"@id\":\"https:\\\/\\\/www.myvize.com.tr\\\/amerika\\\/#website\"},\"primaryImageOfPage\":{\"@id\":\"https:\\\/\\\/www.myvize.com.tr\\\/amerika\\\/calisma\\\/q1-uluslararasi-kulturel-degisim-programi\\\/#primaryimage\"},\"image\":{\"@id\":\"https:\\\/\\\/www.myvize.com.tr\\\/amerika\\\/calisma\\\/q1-uluslararasi-kulturel-degisim-programi\\\/#primaryimage\"},\"thumbnailUrl\":\"https:\\\/\\\/www.myvize.com.tr\\\/amerika\\\/wp-content\\\/uploads\\\/2021\\\/09\\\/33.jpg\",\"datePublished\":\"2020-12-21T12:46:31+00:00\",\"dateModified\":\"2022-08-01T14:19:42+00:00\",\"description\":\"Amerika Vizesi Amerika Q1 Uluslararas\u0131 K\u00fclt\u00fcrel De\u011fi\u015fim Program\u0131 i\u00e7in Hemen Amerika Vize Dan\u0131\u015fmanlar\u0131m\u0131zdan \u00dccretsiz Destek Al Hemen T\u0131kla\",\"breadcrumb\":{\"@id\":\"https:\\\/\\\/www.myvize.com.tr\\\/amerika\\\/calisma\\\/q1-uluslararasi-kulturel-degisim-programi\\\/#breadcrumb\"},\"inLanguage\":\"tr\",\"potentialAction\":[{\"@type\":\"ReadAction\",\"target\":[\"https:\\\/\\\/www.myvize.com.tr\\\/amerika\\\/calisma\\\/q1-uluslararasi-kulturel-degisim-programi\\\/\"]}]},{\"@type\":\"ImageObject\",\"inLanguage\":\"tr\",\"@id\":\"https:\\\/\\\/www.myvize.com.tr\\\/amerika\\\/calisma\\\/q1-uluslararasi-kulturel-degisim-programi\\\/#primaryimage\",\"url\":\"https:\\\/\\\/www.myvize.com.tr\\\/amerika\\\/wp-content\\\/uploads\\\/2021\\\/09\\\/33.jpg\",\"contentUrl\":\"https:\\\/\\\/www.myvize.com.tr\\\/amerika\\\/wp-content\\\/uploads\\\/2021\\\/09\\\/33.jpg\",\"width\":800,\"height\":500,\"caption\":\"Amerika\"},{\"@type\":\"BreadcrumbList\",\"@id\":\"https:\\\/\\\/www.myvize.com.tr\\\/amerika\\\/calisma\\\/q1-uluslararasi-kulturel-degisim-programi\\\/#breadcrumb\",\"itemListElement\":[{\"@type\":\"ListItem\",\"position\":1,\"name\":\"Anasayfa\",\"item\":\"https:\\\/\\\/www.myvize.com.tr\\\/amerika\\\/\"},{\"@type\":\"ListItem\",\"position\":2,\"name\":\"\u00c7ALI\u015eMA\",\"item\":\"https:\\\/\\\/www.myvize.com.tr\\\/amerika\\\/calisma\\\/\"},{\"@type\":\"ListItem\",\"position\":3,\"name\":\"Amerika Q1 Uluslararas\u0131 K\u00fclt\u00fcrel De\u011fi\u015fim Program\u0131\"}]},{\"@type\":\"WebSite\",\"@id\":\"https:\\\/\\\/www.myvize.com.tr\\\/amerika\\\/#website\",\"url\":\"https:\\\/\\\/www.myvize.com.tr\\\/amerika\\\/\",\"name\":\"MyVize Amerika Vize Ba\u015fvuru Merkezi\",\"description\":\"\",\"potentialAction\":[{\"@type\":\"SearchAction\",\"target\":{\"@type\":\"EntryPoint\",\"urlTemplate\":\"https:\\\/\\\/www.myvize.com.tr\\\/amerika\\\/?s={search_term_string}\"},\"query-input\":{\"@type\":\"PropertyValueSpecification\",\"valueRequired\":true,\"valueName\":\"search_term_string\"}}],\"inLanguage\":\"tr\"}]}<\/script>\n<!-- \/ Yoast SEO plugin. -->","yoast_head_json":{"title":"Q1 Uluslararas\u0131 K\u00fclt\u00fcrel De\u011fi\u015fim Program\u0131 - MyVize","description":"Amerika Vizesi Amerika Q1 Uluslararas\u0131 K\u00fclt\u00fcrel De\u011fi\u015fim Program\u0131 i\u00e7in Hemen Amerika Vize Dan\u0131\u015fmanlar\u0131m\u0131zdan \u00dccretsiz Destek Al Hemen T\u0131kla","robots":{"index":"index","follow":"follow","max-snippet":"max-snippet:-1","max-image-preview":"max-image-preview:large","max-video-preview":"max-video-preview:-1"},"canonical":"https:\/\/www.myvize.com.tr\/amerika\/calisma\/q1-uluslararasi-kulturel-degisim-programi\/","og_locale":"tr_TR","og_type":"article","og_title":"Q1 Uluslararas\u0131 K\u00fclt\u00fcrel De\u011fi\u015fim Program\u0131 - MyVize","og_description":"Amerika Vizesi Amerika Q1 Uluslararas\u0131 K\u00fclt\u00fcrel De\u011fi\u015fim Program\u0131 i\u00e7in Hemen Amerika Vize Dan\u0131\u015fmanlar\u0131m\u0131zdan \u00dccretsiz Destek Al Hemen T\u0131kla","og_url":"https:\/\/www.myvize.com.tr\/amerika\/calisma\/q1-uluslararasi-kulturel-degisim-programi\/","og_site_name":"Amerika Vizesi","article_modified_time":"2022-08-01T14:19:42+00:00","og_image":[{"url":"https:\/\/www.myvize.com.tr\/amerika\/wp-content\/uploads\/2021\/09\/33.jpg","type":"","width":"","height":""}],"twitter_card":"summary_large_image","twitter_misc":{"Tahmini okuma s\u00fcresi":"3 dakika"},"schema":{"@context":"https:\/\/schema.org","@graph":[{"@type":"WebPage","@id":"https:\/\/www.myvize.com.tr\/amerika\/calisma\/q1-uluslararasi-kulturel-degisim-programi\/","url":"https:\/\/www.myvize.com.tr\/amerika\/calisma\/q1-uluslararasi-kulturel-degisim-programi\/","name":"Q1 Uluslararas\u0131 K\u00fclt\u00fcrel De\u011fi\u015fim Program\u0131 - MyVize","isPartOf":{"@id":"https:\/\/www.myvize.com.tr\/amerika\/#website"},"primaryImageOfPage":{"@id":"https:\/\/www.myvize.com.tr\/amerika\/calisma\/q1-uluslararasi-kulturel-degisim-programi\/#primaryimage"},"image":{"@id":"https:\/\/www.myvize.com.tr\/amerika\/calisma\/q1-uluslararasi-kulturel-degisim-programi\/#primaryimage"},"thumbnailUrl":"https:\/\/www.myvize.com.tr\/amerika\/wp-content\/uploads\/2021\/09\/33.jpg","datePublished":"2020-12-21T12:46:31+00:00","dateModified":"2022-08-01T14:19:42+00:00","description":"Amerika Vizesi Amerika Q1 Uluslararas\u0131 K\u00fclt\u00fcrel De\u011fi\u015fim Program\u0131 i\u00e7in Hemen Amerika Vize Dan\u0131\u015fmanlar\u0131m\u0131zdan \u00dccretsiz Destek Al Hemen T\u0131kla","breadcrumb":{"@id":"https:\/\/www.myvize.com.tr\/amerika\/calisma\/q1-uluslararasi-kulturel-degisim-programi\/#breadcrumb"},"inLanguage":"tr","potentialAction":[{"@type":"ReadAction","target":["https:\/\/www.myvize.com.tr\/amerika\/calisma\/q1-uluslararasi-kulturel-degisim-programi\/"]}]},{"@type":"ImageObject","inLanguage":"tr","@id":"https:\/\/www.myvize.com.tr\/amerika\/calisma\/q1-uluslararasi-kulturel-degisim-programi\/#primaryimage","url":"https:\/\/www.myvize.com.tr\/amerika\/wp-content\/uploads\/2021\/09\/33.jpg","contentUrl":"https:\/\/www.myvize.com.tr\/amerika\/wp-content\/uploads\/2021\/09\/33.jpg","width":800,"height":500,"caption":"Amerika"},{"@type":"BreadcrumbList","@id":"https:\/\/www.myvize.com.tr\/amerika\/calisma\/q1-uluslararasi-kulturel-degisim-programi\/#breadcrumb","itemListElement":[{"@type":"ListItem","position":1,"name":"Anasayfa","item":"https:\/\/www.myvize.com.tr\/amerika\/"},{"@type":"ListItem","position":2,"name":"\u00c7ALI\u015eMA","item":"https:\/\/www.myvize.com.tr\/amerika\/calisma\/"},{"@type":"ListItem","position":3,"name":"Amerika Q1 Uluslararas\u0131 K\u00fclt\u00fcrel De\u011fi\u015fim Program\u0131"}]},{"@type":"WebSite","@id":"https:\/\/www.myvize.com.tr\/amerika\/#website","url":"https:\/\/www.myvize.com.tr\/amerika\/","name":"MyVize Amerika Vize Ba\u015fvuru Merkezi","description":"","potentialAction":[{"@type":"SearchAction","target":{"@type":"EntryPoint","urlTemplate":"https:\/\/www.myvize.com.tr\/amerika\/?s={search_term_string}"},"query-input":{"@type":"PropertyValueSpecification","valueRequired":true,"valueName":"search_term_string"}}],"inLanguage":"tr"}]}},"_links":{"self":[{"href":"https:\/\/www.myvize.com.tr\/amerika\/wp-json\/wp\/v2\/pages\/230","targetHints":{"allow":["GET"]}}],"collection":[{"href":"https:\/\/www.myvize.com.tr\/amerika\/wp-json\/wp\/v2\/pages"}],"about":[{"href":"https:\/\/www.myvize.com.tr\/amerika\/wp-json\/wp\/v2\/types\/page"}],"author":[{"embeddable":true,"href":"https:\/\/www.myvize.com.tr\/amerika\/wp-json\/wp\/v2\/users\/1"}],"replies":[{"embeddable":true,"href":"https:\/\/www.myvize.com.tr\/amerika\/wp-json\/wp\/v2\/comments?post=230"}],"version-history":[{"count":4,"href":"https:\/\/www.myvize.com.tr\/amerika\/wp-json\/wp\/v2\/pages\/230\/revisions"}],"predecessor-version":[{"id":1470,"href":"https:\/\/www.myvize.com.tr\/amerika\/wp-json\/wp\/v2\/pages\/230\/revisions\/1470"}],"up":[{"embeddable":true,"href":"https:\/\/www.myvize.com.tr\/amerika\/wp-json\/wp\/v2\/pages\/193"}],"wp:attachment":[{"href":"https:\/\/www.myvize.com.tr\/amerika\/wp-json\/wp\/v2\/media?parent=230"}],"curies":[{"name":"wp","href":"https:\/\/api.w.org\/{rel}","templated":true}]}}