{"id":265,"date":"2021-06-22T12:00:00","date_gmt":"2021-06-22T09:00:00","guid":{"rendered":"https:\/\/www.myvize.com.tr\/amerika\/?page_id=265"},"modified":"2023-02-21T13:45:00","modified_gmt":"2023-02-21T10:45:00","slug":"green-card-basvuru-formu","status":"publish","type":"page","link":"https:\/\/www.myvize.com.tr\/amerika\/green-card\/green-card-basvuru-formu\/","title":{"rendered":"Amerika Green Card \u00c7ekili\u015fi"},"content":{"rendered":"<p><span style=\"font-family: Roboto;\"><\/span><\/p>\r\n<p><span style=\"font-family: Roboto; font-size: 14px;\">Her sene binlerce ki\u015fi taraf\u0131ndan ba\u015fvurusu yap\u0131lan Green Card, ikametg\u00e2h kart\u0131 anlam\u0131na gelmektedir.<strong> ABD g\u00f6\u00e7menlik ve vatanda\u015fl\u0131k<\/strong> yasalar\u0131nca bu \u00fclkede kal\u0131c\u0131 olarak kalabilmek ve \u00e7al\u0131\u015fma hakk\u0131 kazanabilmek i\u00e7in Green Card ba\u015fvurusu yap\u0131lmaktad\u0131r. Bu karta sahip olan ki\u015filer yasal olarak ikamet iznine sahip olurlar. Bir\u00e7ok hakk\u0131 <strong>Amerika\u2019da yasal olarak<\/strong> kullanma \u015fans\u0131na da sahip olurlar. Ye\u015fil kart olarak da isimlendirilen Green Card, her sene binlerce ki\u015fi taraf\u0131ndan ba\u015fvurusu ger\u00e7ekle\u015ftirilen bir kartt\u0131r.<\/span><\/p>\r\n<p><span style=\"font-family: Roboto; font-size: 14px;\"><\/span><\/p>\r\n<p><span style=\"font-family: Roboto; font-size: 14px;\"><img decoding=\"async\" src=\"https:\/\/www.myvize.com.tr\/amerika\/wp-content\/uploads\/2021\/09\/40.jpg\" \/><\/span><\/p>\r\n<h2><span style=\"font-family: Roboto; font-size: 27px;\"><strong>\u00a0<\/strong><strong>Amerika Green Card \u00c7ekili\u015fi Ne Zaman?<\/strong><\/span><\/h2>\r\n<p><span style=\"font-family: Roboto; font-size: 14px;\">Amerika Birle\u015fik Devletlerinde ya\u015famak ve bu \u00fclkenin vatanda\u015f\u0131 olmak bir\u00e7ok insan\u0131n en b\u00fcy\u00fck hayalleri aras\u0131nda yer alan bir olgudur.<strong>\u00a0<\/strong>Bu \u00fclkenin vatanda\u015f\u0131 olmak isteyen \u00e7ok say\u0131da da T\u00fcrk insan\u0131 vard\u0131r. Bunlar i\u00e7in i\u015fleyen s\u00fcre\u00e7 ise \u00f6ncelikle Green Card ba\u015fvurusu yapmak akabinde de yap\u0131lan ba\u015fvuruya istinaden \u00e7ekili\u015f sonu\u00e7lar\u0131 beklemektedir. Tam da bu noktada acaba<strong>\u00a0\u00a0Amerika Green Card \u00c7ekili\u015fi ne zaman\u00a0<\/strong>sorusu g\u00fcndeme gelmektedir. Hemen bu sorunun yan\u0131t\u0131n\u0131 vermek gerekir ise ba\u015fvurular bir y\u0131l \u00f6nce yap\u0131l\u0131r. Bir sonraki y\u0131lda \u00e7ekili\u015f yap\u0131l\u0131r ve yap\u0131lan ba\u015fvuru sonu\u00e7lar\u0131 bildirilir. Bu y\u0131l yani 2022 senesinde 7 May\u0131s 2022 g\u00fcn\u00fc saat 19.00 itibar\u0131 ile \u00e7ekili\u015f yap\u0131larak sonu\u00e7lar\u0131 a\u00e7\u0131klanm\u0131\u015ft\u0131r.\u00a0 Bu \u00e7ekili\u015f 2023 senesi i\u00e7in olan \u00e7ekili\u015f sonu\u00e7lar\u0131d\u0131r. 2024 senesi i\u00e7in ise sonu\u00e7lar\u0131n ne zaman a\u00e7\u0131klanaca\u011f\u0131na dair hen\u00fcz yap\u0131lan resmi bir a\u00e7\u0131klama mevcut de\u011fildir.<\/span><\/p>\r\n<h2><span style=\"font-family: Roboto; font-size: 27px;\"><strong>Amerika Green Card \u00c7ekili\u015fi Ba\u015fvuru Tarihleri<\/strong><\/span><\/h2>\r\n<p><span style=\"font-family: Roboto; font-size: 14px;\">\u00dcstte verilen t\u00fcm bu bilgilerden sonra gelelim bir di\u011fer \u00f6nemli olan olguya. O da\u00a0<strong>Amerika Green Card \u00c7ekili\u015fi ba\u015fvuru tarihleri\u00a0<\/strong>i\u00e7in zaman\u0131n ne oldu\u011fudur. Dilerseniz \u015fimdi de hemen bu sorunun yan\u0131t\u0131n\u0131 verelim. Genelde d\u00fcnyada ya\u015fanan geli\u015fmelere ba\u011fl\u0131 olarak her y\u0131l farkl\u0131 tarihlerde Amerikan Green Card ba\u015fvurular\u0131 olabilmektedir. Bu sene i\u00e7in a\u00e7\u0131klanan ba\u015fvuru tarihi ise ilgili kurumlar taraf\u0131ndan yap\u0131lan resmi a\u00e7\u0131klamalara g\u00f6re 4 Ekim 2022 tarihi ile 8 Kas\u0131m 2022 tarihleri aras\u0131nda ger\u00e7ekle\u015ftirilir. Burada bilinmesi gereken temel husus bu tarihten \u00f6nce ve bu tarihten sonra yap\u0131lan ba\u015fvurular\u0131n hi\u00e7bir bi\u00e7imde kabul edilmeyece\u011fidir. Yine bu noktada bilinmesi gereken bir di\u011fer husus da yap\u0131lacak olan ba\u015fvurunun <strong>Amerika Birle\u015fik Devletleri Green Card ba\u015fvuru formu<\/strong> olan DV-2024 doldurularak yap\u0131laca\u011f\u0131d\u0131r. Form \u0130ngilizce olarak tam ve eksiksiz olarak doldurulmal\u0131d\u0131r<\/span><\/p>\r\n<p><span style=\"font-family: Roboto; font-size: 14px;\"><\/span><\/p>\r\n<h2 class=\"wp-block-heading\"><span style=\"font-family: Roboto; font-size: 27px;\"><strong>Amerika Green Card Ba\u015fvuru \u015eartlar\u0131 Neler?<\/strong><\/span><\/h2>\r\n<p><span style=\"font-family: Roboto; font-size: 14px;\">\r\n\r\n<\/span><\/p>\r\n<p><span style=\"font-family: Roboto; font-size: 14px;\">Green Card ba\u015fvuru \u015fartlar\u0131n\u0131 ta\u015f\u0131mayan ki\u015filer bu kartlardan yararlanamazlar. Ba\u015fvuru \u015fartlar\u0131 aras\u0131nda \u015funlar bulunmaktad\u0131r:<\/span><\/p>\r\n<p><span style=\"font-family: Roboto; font-size: 14px;\">\r\n\r\n<\/span><\/p>\r\n<ul class=\"wp-block-list\">\r\n<li><span style=\"font-family: Roboto; font-size: 14px;\"><strong>Green Card ba\u015fvurusu yap\u0131labilmesi<\/strong> i\u00e7in mutlaka ki\u015filerin lise mezunu olmas\u0131 gerekmektedir. Ayn\u0131 zamanda son be\u015f y\u0131l i\u00e7erisinde de uzmanl\u0131k gerektiren bir alanda 2 sene deneyimli oldu\u011funuzu belgelemeniz gereklidir.<\/span><\/li>\r\n<li><span style=\"font-family: Roboto; font-size: 14px;\">Ba\u015fvuru \u015fart\u0131nda 18 ya\u015f s\u0131n\u0131r\u0131 vard\u0131r.<\/span><\/li>\r\n<li><span style=\"font-family: Roboto; font-size: 14px;\">Ba\u015fvurular web \u00fczerinden ger\u00e7ekle\u015ftirilmektedir. Posta ya da ba\u015fka bir yol ile yap\u0131lan ba\u015fvurular kabul edilmiyor.<\/span><\/li>\r\n<li><span style=\"font-family: Roboto; font-size: 14px;\">\u0130stenilen foto\u011fraf\u0131n kriterlere uygun olmas\u0131 son derece \u00f6nemlidir. Hatta bu kritere uymayan bir\u00e7ok ki\u015fi elenmektedir.<\/span><\/li>\r\n<li><span style=\"font-family: Roboto; font-size: 14px;\">Ba\u015fvuru formu doldurulunca verilen konfirmasyon numaras\u0131n\u0131 mutlaka saklamal\u0131s\u0131n\u0131z. Bu numara ikinci defa al\u0131nam\u0131yor.<\/span><\/li>\r\n<li><span style=\"font-family: Roboto; font-size: 14px;\">Ba\u015fvuru i\u00e7in maddi anlamda bir \u015fart aranm\u0131yor.<\/span><\/li>\r\n<\/ul>\r\n<p><span style=\"font-family: Roboto; font-size: 14px;\">\r\n\r\n<\/span><\/p>\r\n<p><span style=\"font-family: Roboto; font-size: 14px;\">Bunlar\u0131n yan\u0131nda ki\u015filerden herhangi bir d\u00fczeyde \u0130ngilizce yeterlili\u011fi de aranm\u0131yor. <strong>Amerika<\/strong> <strong>Green Card \u00e7ekili\u015fi 2022<\/strong> ba\u015fvurusu yaparak bir\u00e7ok ki\u015fi Amerika\u2019da \u00e7al\u0131\u015fma ve e\u011fitim alma hakk\u0131na sahip olabilmektedir. Son derece avantajl\u0131 olan bir kart t\u00fcr\u00fcd\u00fcr. \u00a0<\/span><\/p>\r\n<p><strong><span style=\"font-family: Roboto; font-size: 15px;\"><span style=\"color: #2acec2;\"><a style=\"color: #2acec2;\" href=\"https:\/\/www.myvize.com.tr\/amerika\/amerika-oturum-izni\/\" target=\"_blank\" rel=\"noopener\">Amerika Oturum \u0130zni <\/a><\/span>ile ilgili bilgi almak i\u00e7in aray\u0131n\u0131z.<\/span><\/strong><\/p>\r\n<p><span style=\"font-family: Roboto;\"><\/span><\/p>","protected":false},"excerpt":{"rendered":"<p>Her sene binlerce ki\u015fi taraf\u0131ndan ba\u015fvurusu yap\u0131lan Green Card, ikametg\u00e2h kart\u0131 anlam\u0131na gelmektedir. ABD g\u00f6\u00e7menlik ve vatanda\u015fl\u0131k yasalar\u0131nca bu \u00fclkede kal\u0131c\u0131 olarak kalabilmek ve \u00e7al\u0131\u015fma hakk\u0131 kazanabilmek i\u00e7in Green Card ba\u015fvurusu yap\u0131lmaktad\u0131r. Bu karta sahip olan ki\u015filer yasal olarak ikamet iznine sahip olurlar. Bir\u00e7ok hakk\u0131 Amerika\u2019da yasal olarak kullanma \u015fans\u0131na da sahip olurlar. Ye\u015fil kart<\/p>\n","protected":false},"author":1,"featured_media":0,"parent":196,"menu_order":0,"comment_status":"open","ping_status":"closed","template":"","meta":{"footnotes":""},"class_list":["post-265","page","type-page","status-publish","hentry"],"yoast_head":"<!-- This site is optimized with the Yoast SEO plugin v27.4 - https:\/\/yoast.com\/product\/yoast-seo-wordpress\/ -->\n<title>Amerika Green Card \u00c7ekili\u015fi - MyVize<\/title>\n<meta name=\"description\" content=\"Amerika Green Card \u00c7ekili\u015fi Nas\u0131l Yap\u0131l\u0131r? Amerika Green Card \u00c7ekili\u015fi Ne Zaman Yap\u0131l\u0131r? Amerika Green Card \u00c7ekili\u015fi \u0130\u00e7in Hemen T\u0131kla.\" \/>\n<meta name=\"robots\" content=\"index, follow, max-snippet:-1, max-image-preview:large, max-video-preview:-1\" \/>\n<link rel=\"canonical\" href=\"https:\/\/www.myvize.com.tr\/amerika\/green-card\/green-card-basvuru-formu\/\" \/>\n<meta property=\"og:locale\" content=\"tr_TR\" \/>\n<meta property=\"og:type\" content=\"article\" \/>\n<meta property=\"og:title\" content=\"Amerika Green Card \u00c7ekili\u015fi - MyVize\" \/>\n<meta property=\"og:description\" content=\"Amerika Green Card \u00c7ekili\u015fi Nas\u0131l Yap\u0131l\u0131r? Amerika Green Card \u00c7ekili\u015fi Ne Zaman Yap\u0131l\u0131r? Amerika Green Card \u00c7ekili\u015fi \u0130\u00e7in Hemen T\u0131kla.\" \/>\n<meta property=\"og:url\" content=\"https:\/\/www.myvize.com.tr\/amerika\/green-card\/green-card-basvuru-formu\/\" \/>\n<meta property=\"og:site_name\" content=\"Amerika Vizesi\" \/>\n<meta property=\"article:modified_time\" content=\"2023-02-21T10:45:00+00:00\" \/>\n<meta property=\"og:image\" content=\"https:\/\/www.myvize.com.tr\/amerika\/wp-content\/uploads\/2021\/09\/40.jpg\" \/>\n<meta name=\"twitter:card\" content=\"summary_large_image\" \/>\n<meta name=\"twitter:label1\" content=\"Tahmini okuma s\u00fcresi\" \/>\n\t<meta name=\"twitter:data1\" content=\"4 dakika\" \/>\n<script type=\"application\/ld+json\" class=\"yoast-schema-graph\">{\"@context\":\"https:\\\/\\\/schema.org\",\"@graph\":[{\"@type\":\"WebPage\",\"@id\":\"https:\\\/\\\/www.myvize.com.tr\\\/amerika\\\/green-card\\\/green-card-basvuru-formu\\\/\",\"url\":\"https:\\\/\\\/www.myvize.com.tr\\\/amerika\\\/green-card\\\/green-card-basvuru-formu\\\/\",\"name\":\"Amerika Green Card \u00c7ekili\u015fi - MyVize\",\"isPartOf\":{\"@id\":\"https:\\\/\\\/www.myvize.com.tr\\\/amerika\\\/#website\"},\"primaryImageOfPage\":{\"@id\":\"https:\\\/\\\/www.myvize.com.tr\\\/amerika\\\/green-card\\\/green-card-basvuru-formu\\\/#primaryimage\"},\"image\":{\"@id\":\"https:\\\/\\\/www.myvize.com.tr\\\/amerika\\\/green-card\\\/green-card-basvuru-formu\\\/#primaryimage\"},\"thumbnailUrl\":\"https:\\\/\\\/www.myvize.com.tr\\\/amerika\\\/wp-content\\\/uploads\\\/2021\\\/09\\\/40.jpg\",\"datePublished\":\"2021-06-22T09:00:00+00:00\",\"dateModified\":\"2023-02-21T10:45:00+00:00\",\"description\":\"Amerika Green Card \u00c7ekili\u015fi Nas\u0131l Yap\u0131l\u0131r? Amerika Green Card \u00c7ekili\u015fi Ne Zaman Yap\u0131l\u0131r? Amerika Green Card \u00c7ekili\u015fi \u0130\u00e7in Hemen T\u0131kla.\",\"breadcrumb\":{\"@id\":\"https:\\\/\\\/www.myvize.com.tr\\\/amerika\\\/green-card\\\/green-card-basvuru-formu\\\/#breadcrumb\"},\"inLanguage\":\"tr\",\"potentialAction\":[{\"@type\":\"ReadAction\",\"target\":[\"https:\\\/\\\/www.myvize.com.tr\\\/amerika\\\/green-card\\\/green-card-basvuru-formu\\\/\"]}]},{\"@type\":\"ImageObject\",\"inLanguage\":\"tr\",\"@id\":\"https:\\\/\\\/www.myvize.com.tr\\\/amerika\\\/green-card\\\/green-card-basvuru-formu\\\/#primaryimage\",\"url\":\"https:\\\/\\\/www.myvize.com.tr\\\/amerika\\\/wp-content\\\/uploads\\\/2021\\\/09\\\/40.jpg\",\"contentUrl\":\"https:\\\/\\\/www.myvize.com.tr\\\/amerika\\\/wp-content\\\/uploads\\\/2021\\\/09\\\/40.jpg\",\"width\":800,\"height\":500,\"caption\":\"Amerika\"},{\"@type\":\"BreadcrumbList\",\"@id\":\"https:\\\/\\\/www.myvize.com.tr\\\/amerika\\\/green-card\\\/green-card-basvuru-formu\\\/#breadcrumb\",\"itemListElement\":[{\"@type\":\"ListItem\",\"position\":1,\"name\":\"Anasayfa\",\"item\":\"https:\\\/\\\/www.myvize.com.tr\\\/amerika\\\/\"},{\"@type\":\"ListItem\",\"position\":2,\"name\":\"AMER\u0130KA GREEN CARD\",\"item\":\"https:\\\/\\\/www.myvize.com.tr\\\/amerika\\\/green-card\\\/\"},{\"@type\":\"ListItem\",\"position\":3,\"name\":\"Amerika Green Card \u00c7ekili\u015fi\"}]},{\"@type\":\"WebSite\",\"@id\":\"https:\\\/\\\/www.myvize.com.tr\\\/amerika\\\/#website\",\"url\":\"https:\\\/\\\/www.myvize.com.tr\\\/amerika\\\/\",\"name\":\"MyVize Amerika Vize Ba\u015fvuru Merkezi\",\"description\":\"\",\"potentialAction\":[{\"@type\":\"SearchAction\",\"target\":{\"@type\":\"EntryPoint\",\"urlTemplate\":\"https:\\\/\\\/www.myvize.com.tr\\\/amerika\\\/?s={search_term_string}\"},\"query-input\":{\"@type\":\"PropertyValueSpecification\",\"valueRequired\":true,\"valueName\":\"search_term_string\"}}],\"inLanguage\":\"tr\"}]}<\/script>\n<!-- \/ Yoast SEO plugin. -->","yoast_head_json":{"title":"Amerika Green Card \u00c7ekili\u015fi - MyVize","description":"Amerika Green Card \u00c7ekili\u015fi Nas\u0131l Yap\u0131l\u0131r? Amerika Green Card \u00c7ekili\u015fi Ne Zaman Yap\u0131l\u0131r? Amerika Green Card \u00c7ekili\u015fi \u0130\u00e7in Hemen T\u0131kla.","robots":{"index":"index","follow":"follow","max-snippet":"max-snippet:-1","max-image-preview":"max-image-preview:large","max-video-preview":"max-video-preview:-1"},"canonical":"https:\/\/www.myvize.com.tr\/amerika\/green-card\/green-card-basvuru-formu\/","og_locale":"tr_TR","og_type":"article","og_title":"Amerika Green Card \u00c7ekili\u015fi - MyVize","og_description":"Amerika Green Card \u00c7ekili\u015fi Nas\u0131l Yap\u0131l\u0131r? Amerika Green Card \u00c7ekili\u015fi Ne Zaman Yap\u0131l\u0131r? Amerika Green Card \u00c7ekili\u015fi \u0130\u00e7in Hemen T\u0131kla.","og_url":"https:\/\/www.myvize.com.tr\/amerika\/green-card\/green-card-basvuru-formu\/","og_site_name":"Amerika Vizesi","article_modified_time":"2023-02-21T10:45:00+00:00","og_image":[{"url":"https:\/\/www.myvize.com.tr\/amerika\/wp-content\/uploads\/2021\/09\/40.jpg","type":"","width":"","height":""}],"twitter_card":"summary_large_image","twitter_misc":{"Tahmini okuma s\u00fcresi":"4 dakika"},"schema":{"@context":"https:\/\/schema.org","@graph":[{"@type":"WebPage","@id":"https:\/\/www.myvize.com.tr\/amerika\/green-card\/green-card-basvuru-formu\/","url":"https:\/\/www.myvize.com.tr\/amerika\/green-card\/green-card-basvuru-formu\/","name":"Amerika Green Card \u00c7ekili\u015fi - MyVize","isPartOf":{"@id":"https:\/\/www.myvize.com.tr\/amerika\/#website"},"primaryImageOfPage":{"@id":"https:\/\/www.myvize.com.tr\/amerika\/green-card\/green-card-basvuru-formu\/#primaryimage"},"image":{"@id":"https:\/\/www.myvize.com.tr\/amerika\/green-card\/green-card-basvuru-formu\/#primaryimage"},"thumbnailUrl":"https:\/\/www.myvize.com.tr\/amerika\/wp-content\/uploads\/2021\/09\/40.jpg","datePublished":"2021-06-22T09:00:00+00:00","dateModified":"2023-02-21T10:45:00+00:00","description":"Amerika Green Card \u00c7ekili\u015fi Nas\u0131l Yap\u0131l\u0131r? Amerika Green Card \u00c7ekili\u015fi Ne Zaman Yap\u0131l\u0131r? Amerika Green Card \u00c7ekili\u015fi \u0130\u00e7in Hemen T\u0131kla.","breadcrumb":{"@id":"https:\/\/www.myvize.com.tr\/amerika\/green-card\/green-card-basvuru-formu\/#breadcrumb"},"inLanguage":"tr","potentialAction":[{"@type":"ReadAction","target":["https:\/\/www.myvize.com.tr\/amerika\/green-card\/green-card-basvuru-formu\/"]}]},{"@type":"ImageObject","inLanguage":"tr","@id":"https:\/\/www.myvize.com.tr\/amerika\/green-card\/green-card-basvuru-formu\/#primaryimage","url":"https:\/\/www.myvize.com.tr\/amerika\/wp-content\/uploads\/2021\/09\/40.jpg","contentUrl":"https:\/\/www.myvize.com.tr\/amerika\/wp-content\/uploads\/2021\/09\/40.jpg","width":800,"height":500,"caption":"Amerika"},{"@type":"BreadcrumbList","@id":"https:\/\/www.myvize.com.tr\/amerika\/green-card\/green-card-basvuru-formu\/#breadcrumb","itemListElement":[{"@type":"ListItem","position":1,"name":"Anasayfa","item":"https:\/\/www.myvize.com.tr\/amerika\/"},{"@type":"ListItem","position":2,"name":"AMER\u0130KA GREEN CARD","item":"https:\/\/www.myvize.com.tr\/amerika\/green-card\/"},{"@type":"ListItem","position":3,"name":"Amerika Green Card \u00c7ekili\u015fi"}]},{"@type":"WebSite","@id":"https:\/\/www.myvize.com.tr\/amerika\/#website","url":"https:\/\/www.myvize.com.tr\/amerika\/","name":"MyVize Amerika Vize Ba\u015fvuru Merkezi","description":"","potentialAction":[{"@type":"SearchAction","target":{"@type":"EntryPoint","urlTemplate":"https:\/\/www.myvize.com.tr\/amerika\/?s={search_term_string}"},"query-input":{"@type":"PropertyValueSpecification","valueRequired":true,"valueName":"search_term_string"}}],"inLanguage":"tr"}]}},"_links":{"self":[{"href":"https:\/\/www.myvize.com.tr\/amerika\/wp-json\/wp\/v2\/pages\/265","targetHints":{"allow":["GET"]}}],"collection":[{"href":"https:\/\/www.myvize.com.tr\/amerika\/wp-json\/wp\/v2\/pages"}],"about":[{"href":"https:\/\/www.myvize.com.tr\/amerika\/wp-json\/wp\/v2\/types\/page"}],"author":[{"embeddable":true,"href":"https:\/\/www.myvize.com.tr\/amerika\/wp-json\/wp\/v2\/users\/1"}],"replies":[{"embeddable":true,"href":"https:\/\/www.myvize.com.tr\/amerika\/wp-json\/wp\/v2\/comments?post=265"}],"version-history":[{"count":5,"href":"https:\/\/www.myvize.com.tr\/amerika\/wp-json\/wp\/v2\/pages\/265\/revisions"}],"predecessor-version":[{"id":1578,"href":"https:\/\/www.myvize.com.tr\/amerika\/wp-json\/wp\/v2\/pages\/265\/revisions\/1578"}],"up":[{"embeddable":true,"href":"https:\/\/www.myvize.com.tr\/amerika\/wp-json\/wp\/v2\/pages\/196"}],"wp:attachment":[{"href":"https:\/\/www.myvize.com.tr\/amerika\/wp-json\/wp\/v2\/media?parent=265"}],"curies":[{"name":"wp","href":"https:\/\/api.w.org\/{rel}","templated":true}]}}