{"id":274,"date":"2020-12-21T15:59:02","date_gmt":"2020-12-21T12:59:02","guid":{"rendered":"https:\/\/www.myvize.com.tr\/amerika\/?page_id=274"},"modified":"2022-07-29T14:38:34","modified_gmt":"2022-07-29T11:38:34","slug":"calisma-yoluyla-green-card","status":"publish","type":"page","link":"https:\/\/www.myvize.com.tr\/amerika\/green-card\/calisma-yoluyla-green-card\/","title":{"rendered":"Amerika \u00c7al\u0131\u015fma Yoluyla Green Card"},"content":{"rendered":"<p><span style=\"font-family: Roboto; font-size: 14px;\">Bir Green Card\u2019\u0131 elinizde bulundurdu\u011funuzda Amerika Birle\u015fik Devletleri\u2019nde daimi olarak ya\u015fayabilir ve i\u015f sahibi olabilir ya da \u015firket sahibi olabilirsiniz. Green Card resmi daimi oturum kart\u0131 olarak bilinmektedir. <strong>Green Card m\u00fcracaat\u0131<\/strong> yapmak i\u00e7in at\u0131lacak giri\u015fimler, mevcut durumunuza g\u00f6re farkl\u0131l\u0131k g\u00f6stermektedir.<\/span><\/p>\n<h2><span style=\"font-family: Roboto; font-size: 27px;\"><strong>Amerika \u00c7al\u0131\u015fma Yoluyla Green Card Nedir?<\/strong><\/span><\/h2>\n<p><span style=\"font-family: Roboto; font-size: 14px;\">Green Card m\u00fcracaat\u0131 yaparak <strong>Amerika\u2019da ge\u00e7ici ya da daimi<\/strong> olarak ya\u015fama talihini yakalaman\u0131n y\u00f6ntemlerinden biri de \u00e7e\u015fitli \u00f6l\u00e7\u00fctlere ba\u011flanm\u0131\u015f i\u015flendirme y\u00f6ntemlerinden biriyle \u00e7al\u0131\u015fmak \u00fczere Amerika\u2019ya gitmektir. Amerika\u2019ya H1-B m\u00fcracaat\u0131 yaparak \u00e7al\u0131\u015fmak i\u00e7in gidenler, i\u015fvereni arzu etti\u011fi takdirde \u00fclkede daimi olarak i\u015fe al\u0131nabilir. H1 \u2013B \u00e7al\u0131\u015fma vizesi ile Amerika\u2019da maksimum 6 y\u0131l \u00e7al\u0131\u015fma olana\u011f\u0131n\u0131z vard\u0131r. E\u011fer daimi olarak \u00e7al\u0131\u015fmak isterseniz Green Card m\u00fcracaat\u0131 yaparak bunu m\u00fcmk\u00fcn k\u0131labilirsiniz. \u0130\u015fvereniniz sizinle birlikte uzun bir s\u00fcre emek vermek istiyorsa, \u00c7al\u0131\u015fma Bakanl\u0131\u011f\u0131\u2019ndan bir \u00c7al\u0131\u015fma \u0130cazeti (Labor Certification) almas\u0131 gerekmektedir. M\u00fcteakiben Amerika Vatanda\u015fl\u0131k ve G\u00f6\u00e7menlik B\u00fcrosu\u2019na (USCIS) G\u00f6\u00e7men istidas\u0131 (I-140 Formu) i\u00e7in m\u00fcracaat yapmas\u0131 gerekir.<\/span><\/p>\n<p><span style=\"font-family: Roboto; font-size: 14px;\"><strong>Amerika \u00e7al\u0131\u015fma yoluyla Green Card<\/strong>\u00a0sahibi olmak isteyen ba\u015fvuru sahiplerinin e\u015fi ve 21 ya\u015f\u0131n alt\u0131nda olan evlatlar\u0131 da Green Card m\u00fcracaat\u0131 yapabilmektedir. Bu tarz G\u00f6\u00e7menlik m\u00fcracaatlar\u0131 i\u00e7in Amerika\u2019n\u0131n uygulad\u0131\u011f\u0131 s\u0131n\u0131rlar bulunmaktad\u0131r. S\u0131n\u0131r\u0131n \u00e7ok fazla \u00fczerinde m\u00fcracaat yap\u0131ld\u0131\u011f\u0131nda muhacir vize numaras\u0131 almak i\u00e7in \u00e7ok uzun bir s\u00fcre bekleme yap\u0131labilmektedir.<\/span><\/p>\n<p><strong><span style=\"font-family: Roboto;\"><span style=\"color: #2acec2;\"><a style=\"color: #2acec2;\" href=\"https:\/\/www.myvize.com.tr\/amerika\/vize-islemleri\/amerika-vize-randevusu\/\" target=\"_blank\" rel=\"noopener\">Amerika Vize Randevusu<\/a><\/span> ile ilgili bilgi almak i\u00e7in aray\u0131n.<\/span><\/strong><\/p>\n<h2><span style=\"font-family: Roboto; font-size: 27px;\"><strong>Amerika \u00c7al\u0131\u015fma Yoluyla Green Card Nas\u0131l Al\u0131n\u0131r?<\/strong><\/span><\/h2>\n<p><span style=\"font-family: Roboto; font-size: 14px;\"><strong>Amerika \u00e7al\u0131\u015fma yoluyla Green Card\u00a0<\/strong>almak i\u00e7in baz\u0131 belgeler gerekmektedir. Bu belgeler ile m\u00fcracaat yaparak \u00e7al\u0131\u015fma yoluyla Green Card sahibi olunabilir. Hangi t\u00fcr belgeler ve formlar gerekti\u011fi a\u015fa\u011f\u0131da tek tek belirtilmi\u015ftir.<\/span><\/p>\n<p><span style=\"font-family: Roboto; font-size: 14px;\"><strong>Pasaport:<\/strong>\u00a0Yolculuk tarihinin bitiminden m\u00fcteakiben 6 ay ge\u00e7erlili\u011fi olan pasaport g\u00f6nderilmeli.\u00a0<\/span><\/p>\n<p><span style=\"font-family: Roboto; font-size: 14px;\"><strong>DS-260 Formu:<\/strong>\u00a0Muhacir Vize ve Yabanc\u0131 Kay\u0131t M\u00fcracaat\u0131 yap\u0131lmal\u0131.\u00a0<\/span><\/p>\n<p><span style=\"font-family: Roboto; font-size: 14px;\"><strong>2 Adet foto\u011fraf:\u00a0<\/strong>2&#215;2 boyutlar\u0131nda ve g\u00fcncel olmal\u0131.\u00a0<\/span><\/p>\n<p><span style=\"font-family: Roboto; font-size: 14px;\"><strong>Evlilik ve Do\u011fum Belgesi:<\/strong>\u00a0M\u00fcracaat sahibiyle ilgili \u015fahsi bilgilerin yer ald\u0131\u011f\u0131 bu belgelerin ger\u00e7ekleri ve \u00e7eviri edilmi\u015f hali vize g\u00f6r\u00fc\u015fmesine giderken g\u00f6t\u00fcr\u00fclmelidir.\u00a0<\/span><\/p>\n<p><span style=\"font-family: Roboto; font-size: 14px;\"><strong>Banka Hesap D\u00f6k\u00fcm\u00fc:\u00a0<\/strong>M\u00fcracaat sahibi veya kefilin Amerika\u2019da hayat\u0131n\u0131 s\u00fcrd\u00fcrecek ekonomik g\u00fcce sahip oldu\u011funu g\u00f6steren banka hesap \u00f6zeti gibi belgeler g\u00f6nderilmelidir.\u00a0<\/span><\/p>\n<p><span style=\"font-family: Roboto; font-size: 14px;\"><strong>Tamamlanm\u0131\u015f T\u0131bb\u0131 Muayene Raporlar\u0131:<\/strong>\u00a0M\u00fcracaat bedensel kontrollerden ge\u00e7erek s\u0131hhatli olduklar\u0131n\u0131 g\u00f6sterir raporu m\u00fcracaat s\u0131ras\u0131nda g\u00f6ndermelidir.\u00a0<\/span><\/p>\n<p><span style=\"font-family: Roboto; font-size: 14px;\"><strong>A\u015f\u0131 Kartlar\u0131:\u00a0<\/strong>\u00c7al\u0131\u015fma Yoluyla Green Card m\u00fcracaat\u0131 yapacak olan ki\u015fi noksan a\u015f\u0131lar\u0131n\u0131 yapt\u0131rd\u0131\u011f\u0131na dair a\u015f\u0131 kart\u0131n\u0131 g\u00f6ndermelidir.\u00a0<\/span><\/p>\n<h2><span style=\"font-family: Roboto; font-size: 27px;\"><strong>Amerika \u00c7al\u0131\u015fma Yoluyla Green Card Ba\u015fvurusu<\/strong><\/span><\/h2>\n<p><span style=\"font-family: Roboto; font-size: 14px;\"><strong>Amerika \u00e7al\u0131\u015fma yoluyla Green Card ba\u015fvurusu\u00a0<\/strong>i\u00e7in<strong>\u00a0<\/strong>belirli a\u015famalardan ge\u00e7mek gerekiyor.<\/span><\/p>\n<p><span style=\"font-family: Roboto; font-size: 14px;\"><strong>\u00c7al\u0131\u015fma \u0130zni m\u00fcracaat\u0131nda bulunun:<\/strong>\u00a0Amerika\u2019daki i\u015fveren \u00e7a\u011f\u0131rd\u0131\u011f\u0131 i\u015f\u00e7i i\u00e7in \u00f6ncelikle \u00c7al\u0131\u015fma Bakanl\u0131\u011f\u0131\u2019na tabi \u0130\u015f Kurumu\u2019na \u00c7al\u0131\u015fma \u0130zni (Labor Certification) m\u00fcracaat\u0131 yapmal\u0131d\u0131r.\u00a0<strong>\u00c7al\u0131\u015fma \u0130zni<\/strong>\u00a0m\u00fcracaat\u0131 iki \u015fekilde olabilir.\u00a0<\/span><\/p>\n<p><span style=\"font-family: Roboto; font-size: 14px;\"><strong>\u00a0 \u00a01) Normal \u00e7al\u0131\u015fma icazeti (Regular Labor Certification):\u00a0<\/strong>ETA 750A ve ETA 750B formlar\u0131 tamamlanarak \u0130\u015f Kurumu\u2019na m\u00fcracaat yap\u0131l\u0131r. Bu icazetin \u00e7\u0131kmas\u0131 1 ila 3 sene aras\u0131nda s\u00fcrebilir. Ama daha g\u00fcvenilir bir yoldur.\u00a0<\/span><\/p>\n<p><span style=\"font-family: Roboto; font-size: 14px;\"><strong>\u00a0 \u00a02) Gereksinimden dolay\u0131 verilen \u00e7al\u0131\u015fma icazeti (Reduction in Recruitment Labor Certification):\u00a0<\/strong>Amerika\u2019daki i\u015f veren s\u00f6z konusu konum i\u00e7in uygun bir ABD yurtta\u015f\u0131 bulamad\u0131\u011f\u0131 bunun i\u00e7in de gazete ve internet duyurular\u0131 verdi\u011fini \u0130\u015f Kurumu\u2019na delil vermek zorundad\u0131r. Bu \u00e7al\u0131\u015fma icazeti 3 -8 ay aras\u0131nda \u00e7\u0131kabilir ama daha rizikolu bir yoldur.\u00a0<\/span><\/p>\n<p><span style=\"font-family: Roboto; font-size: 14px;\"><strong>G\u00f6\u00e7menlik M\u00fcracaat\u0131 yap\u0131n:\u00a0<\/strong>Amerika\u2019daki i\u015fveren \u00e7a\u011f\u0131rd\u0131\u011f\u0131 i\u015f\u00e7i ad\u0131na \u00c7al\u0131\u015fma \u0130cazeti ald\u0131ktan sonra G\u00f6\u00e7menlik B\u00fcrosu\u2019na g\u00f6\u00e7menlik m\u00fcracaat\u0131 yapar. Bunun i\u00e7inde I-140 Formu\u2019nun tamamlanmas\u0131 gerekiyor. Bu formda m\u00fcracaat sahibinin e\u015f ve \u00e7ocuklar\u0131 da yer almal\u0131d\u0131r.<\/span><\/p>\n<p><span style=\"font-family: Roboto; font-size: 14px;\"><img decoding=\"async\" src=\"https:\/\/www.myvize.com.tr\/amerika\/wp-content\/uploads\/2021\/09\/44.jpg\" \/><\/span><\/p>\n","protected":false},"excerpt":{"rendered":"<p>Bir Green Card\u2019\u0131 elinizde bulundurdu\u011funuzda Amerika Birle\u015fik Devletleri\u2019nde daimi olarak ya\u015fayabilir ve i\u015f sahibi olabilir ya da \u015firket sahibi olabilirsiniz. Green Card resmi daimi oturum kart\u0131 olarak bilinmektedir. Green Card m\u00fcracaat\u0131 yapmak i\u00e7in at\u0131lacak giri\u015fimler, mevcut durumunuza g\u00f6re farkl\u0131l\u0131k g\u00f6stermektedir. Amerika \u00c7al\u0131\u015fma Yoluyla Green Card Nedir? Green Card m\u00fcracaat\u0131 yaparak Amerika\u2019da ge\u00e7ici ya da daimi<\/p>\n","protected":false},"author":1,"featured_media":0,"parent":196,"menu_order":0,"comment_status":"open","ping_status":"closed","template":"","meta":{"footnotes":""},"class_list":["post-274","page","type-page","status-publish","hentry"],"yoast_head":"<!-- This site is optimized with the Yoast SEO plugin v27.4 - https:\/\/yoast.com\/product\/yoast-seo-wordpress\/ -->\n<title>Amerika \u00c7al\u0131\u015fma Yoluyla Green Card - MyVize<\/title>\n<meta name=\"description\" content=\"Amerika \u00c7al\u0131\u015fma Yoluyla Green Card Nas\u0131l Al\u0131n\u0131r? Amerika \u00c7al\u0131\u015fma Yoluyla Green Card Hakk\u0131nda Bilgi Almak \u0130\u00e7in Hemen T\u0131kla.\" \/>\n<meta name=\"robots\" content=\"index, follow, max-snippet:-1, max-image-preview:large, max-video-preview:-1\" \/>\n<link rel=\"canonical\" href=\"https:\/\/www.myvize.com.tr\/amerika\/green-card\/calisma-yoluyla-green-card\/\" \/>\n<meta property=\"og:locale\" content=\"tr_TR\" \/>\n<meta property=\"og:type\" content=\"article\" \/>\n<meta property=\"og:title\" content=\"Amerika \u00c7al\u0131\u015fma Yoluyla Green Card - MyVize\" \/>\n<meta property=\"og:description\" content=\"Amerika \u00c7al\u0131\u015fma Yoluyla Green Card Nas\u0131l Al\u0131n\u0131r? Amerika \u00c7al\u0131\u015fma Yoluyla Green Card Hakk\u0131nda Bilgi Almak \u0130\u00e7in Hemen T\u0131kla.\" \/>\n<meta property=\"og:url\" content=\"https:\/\/www.myvize.com.tr\/amerika\/green-card\/calisma-yoluyla-green-card\/\" \/>\n<meta property=\"og:site_name\" content=\"Amerika Vizesi\" \/>\n<meta property=\"article:modified_time\" content=\"2022-07-29T11:38:34+00:00\" \/>\n<meta property=\"og:image\" content=\"https:\/\/www.myvize.com.tr\/amerika\/wp-content\/uploads\/2021\/09\/44.jpg\" \/>\n<meta name=\"twitter:card\" content=\"summary_large_image\" \/>\n<meta name=\"twitter:label1\" content=\"Tahmini okuma s\u00fcresi\" \/>\n\t<meta name=\"twitter:data1\" content=\"4 dakika\" \/>\n<script type=\"application\/ld+json\" class=\"yoast-schema-graph\">{\"@context\":\"https:\\\/\\\/schema.org\",\"@graph\":[{\"@type\":\"WebPage\",\"@id\":\"https:\\\/\\\/www.myvize.com.tr\\\/amerika\\\/green-card\\\/calisma-yoluyla-green-card\\\/\",\"url\":\"https:\\\/\\\/www.myvize.com.tr\\\/amerika\\\/green-card\\\/calisma-yoluyla-green-card\\\/\",\"name\":\"Amerika \u00c7al\u0131\u015fma Yoluyla Green Card - MyVize\",\"isPartOf\":{\"@id\":\"https:\\\/\\\/www.myvize.com.tr\\\/amerika\\\/#website\"},\"primaryImageOfPage\":{\"@id\":\"https:\\\/\\\/www.myvize.com.tr\\\/amerika\\\/green-card\\\/calisma-yoluyla-green-card\\\/#primaryimage\"},\"image\":{\"@id\":\"https:\\\/\\\/www.myvize.com.tr\\\/amerika\\\/green-card\\\/calisma-yoluyla-green-card\\\/#primaryimage\"},\"thumbnailUrl\":\"https:\\\/\\\/www.myvize.com.tr\\\/amerika\\\/wp-content\\\/uploads\\\/2021\\\/09\\\/44.jpg\",\"datePublished\":\"2020-12-21T12:59:02+00:00\",\"dateModified\":\"2022-07-29T11:38:34+00:00\",\"description\":\"Amerika \u00c7al\u0131\u015fma Yoluyla Green Card Nas\u0131l Al\u0131n\u0131r? Amerika \u00c7al\u0131\u015fma Yoluyla Green Card Hakk\u0131nda Bilgi Almak \u0130\u00e7in Hemen T\u0131kla.\",\"breadcrumb\":{\"@id\":\"https:\\\/\\\/www.myvize.com.tr\\\/amerika\\\/green-card\\\/calisma-yoluyla-green-card\\\/#breadcrumb\"},\"inLanguage\":\"tr\",\"potentialAction\":[{\"@type\":\"ReadAction\",\"target\":[\"https:\\\/\\\/www.myvize.com.tr\\\/amerika\\\/green-card\\\/calisma-yoluyla-green-card\\\/\"]}]},{\"@type\":\"ImageObject\",\"inLanguage\":\"tr\",\"@id\":\"https:\\\/\\\/www.myvize.com.tr\\\/amerika\\\/green-card\\\/calisma-yoluyla-green-card\\\/#primaryimage\",\"url\":\"https:\\\/\\\/www.myvize.com.tr\\\/amerika\\\/wp-content\\\/uploads\\\/2021\\\/09\\\/44.jpg\",\"contentUrl\":\"https:\\\/\\\/www.myvize.com.tr\\\/amerika\\\/wp-content\\\/uploads\\\/2021\\\/09\\\/44.jpg\",\"width\":800,\"height\":500,\"caption\":\"Amerika\"},{\"@type\":\"BreadcrumbList\",\"@id\":\"https:\\\/\\\/www.myvize.com.tr\\\/amerika\\\/green-card\\\/calisma-yoluyla-green-card\\\/#breadcrumb\",\"itemListElement\":[{\"@type\":\"ListItem\",\"position\":1,\"name\":\"Anasayfa\",\"item\":\"https:\\\/\\\/www.myvize.com.tr\\\/amerika\\\/\"},{\"@type\":\"ListItem\",\"position\":2,\"name\":\"AMER\u0130KA GREEN CARD\",\"item\":\"https:\\\/\\\/www.myvize.com.tr\\\/amerika\\\/green-card\\\/\"},{\"@type\":\"ListItem\",\"position\":3,\"name\":\"Amerika \u00c7al\u0131\u015fma Yoluyla Green Card\"}]},{\"@type\":\"WebSite\",\"@id\":\"https:\\\/\\\/www.myvize.com.tr\\\/amerika\\\/#website\",\"url\":\"https:\\\/\\\/www.myvize.com.tr\\\/amerika\\\/\",\"name\":\"MyVize Amerika Vize Ba\u015fvuru Merkezi\",\"description\":\"\",\"potentialAction\":[{\"@type\":\"SearchAction\",\"target\":{\"@type\":\"EntryPoint\",\"urlTemplate\":\"https:\\\/\\\/www.myvize.com.tr\\\/amerika\\\/?s={search_term_string}\"},\"query-input\":{\"@type\":\"PropertyValueSpecification\",\"valueRequired\":true,\"valueName\":\"search_term_string\"}}],\"inLanguage\":\"tr\"}]}<\/script>\n<!-- \/ Yoast SEO plugin. -->","yoast_head_json":{"title":"Amerika \u00c7al\u0131\u015fma Yoluyla Green Card - MyVize","description":"Amerika \u00c7al\u0131\u015fma Yoluyla Green Card Nas\u0131l Al\u0131n\u0131r? Amerika \u00c7al\u0131\u015fma Yoluyla Green Card Hakk\u0131nda Bilgi Almak \u0130\u00e7in Hemen T\u0131kla.","robots":{"index":"index","follow":"follow","max-snippet":"max-snippet:-1","max-image-preview":"max-image-preview:large","max-video-preview":"max-video-preview:-1"},"canonical":"https:\/\/www.myvize.com.tr\/amerika\/green-card\/calisma-yoluyla-green-card\/","og_locale":"tr_TR","og_type":"article","og_title":"Amerika \u00c7al\u0131\u015fma Yoluyla Green Card - MyVize","og_description":"Amerika \u00c7al\u0131\u015fma Yoluyla Green Card Nas\u0131l Al\u0131n\u0131r? Amerika \u00c7al\u0131\u015fma Yoluyla Green Card Hakk\u0131nda Bilgi Almak \u0130\u00e7in Hemen T\u0131kla.","og_url":"https:\/\/www.myvize.com.tr\/amerika\/green-card\/calisma-yoluyla-green-card\/","og_site_name":"Amerika Vizesi","article_modified_time":"2022-07-29T11:38:34+00:00","og_image":[{"url":"https:\/\/www.myvize.com.tr\/amerika\/wp-content\/uploads\/2021\/09\/44.jpg","type":"","width":"","height":""}],"twitter_card":"summary_large_image","twitter_misc":{"Tahmini okuma s\u00fcresi":"4 dakika"},"schema":{"@context":"https:\/\/schema.org","@graph":[{"@type":"WebPage","@id":"https:\/\/www.myvize.com.tr\/amerika\/green-card\/calisma-yoluyla-green-card\/","url":"https:\/\/www.myvize.com.tr\/amerika\/green-card\/calisma-yoluyla-green-card\/","name":"Amerika \u00c7al\u0131\u015fma Yoluyla Green Card - MyVize","isPartOf":{"@id":"https:\/\/www.myvize.com.tr\/amerika\/#website"},"primaryImageOfPage":{"@id":"https:\/\/www.myvize.com.tr\/amerika\/green-card\/calisma-yoluyla-green-card\/#primaryimage"},"image":{"@id":"https:\/\/www.myvize.com.tr\/amerika\/green-card\/calisma-yoluyla-green-card\/#primaryimage"},"thumbnailUrl":"https:\/\/www.myvize.com.tr\/amerika\/wp-content\/uploads\/2021\/09\/44.jpg","datePublished":"2020-12-21T12:59:02+00:00","dateModified":"2022-07-29T11:38:34+00:00","description":"Amerika \u00c7al\u0131\u015fma Yoluyla Green Card Nas\u0131l Al\u0131n\u0131r? Amerika \u00c7al\u0131\u015fma Yoluyla Green Card Hakk\u0131nda Bilgi Almak \u0130\u00e7in Hemen T\u0131kla.","breadcrumb":{"@id":"https:\/\/www.myvize.com.tr\/amerika\/green-card\/calisma-yoluyla-green-card\/#breadcrumb"},"inLanguage":"tr","potentialAction":[{"@type":"ReadAction","target":["https:\/\/www.myvize.com.tr\/amerika\/green-card\/calisma-yoluyla-green-card\/"]}]},{"@type":"ImageObject","inLanguage":"tr","@id":"https:\/\/www.myvize.com.tr\/amerika\/green-card\/calisma-yoluyla-green-card\/#primaryimage","url":"https:\/\/www.myvize.com.tr\/amerika\/wp-content\/uploads\/2021\/09\/44.jpg","contentUrl":"https:\/\/www.myvize.com.tr\/amerika\/wp-content\/uploads\/2021\/09\/44.jpg","width":800,"height":500,"caption":"Amerika"},{"@type":"BreadcrumbList","@id":"https:\/\/www.myvize.com.tr\/amerika\/green-card\/calisma-yoluyla-green-card\/#breadcrumb","itemListElement":[{"@type":"ListItem","position":1,"name":"Anasayfa","item":"https:\/\/www.myvize.com.tr\/amerika\/"},{"@type":"ListItem","position":2,"name":"AMER\u0130KA GREEN CARD","item":"https:\/\/www.myvize.com.tr\/amerika\/green-card\/"},{"@type":"ListItem","position":3,"name":"Amerika \u00c7al\u0131\u015fma Yoluyla Green Card"}]},{"@type":"WebSite","@id":"https:\/\/www.myvize.com.tr\/amerika\/#website","url":"https:\/\/www.myvize.com.tr\/amerika\/","name":"MyVize Amerika Vize Ba\u015fvuru Merkezi","description":"","potentialAction":[{"@type":"SearchAction","target":{"@type":"EntryPoint","urlTemplate":"https:\/\/www.myvize.com.tr\/amerika\/?s={search_term_string}"},"query-input":{"@type":"PropertyValueSpecification","valueRequired":true,"valueName":"search_term_string"}}],"inLanguage":"tr"}]}},"_links":{"self":[{"href":"https:\/\/www.myvize.com.tr\/amerika\/wp-json\/wp\/v2\/pages\/274","targetHints":{"allow":["GET"]}}],"collection":[{"href":"https:\/\/www.myvize.com.tr\/amerika\/wp-json\/wp\/v2\/pages"}],"about":[{"href":"https:\/\/www.myvize.com.tr\/amerika\/wp-json\/wp\/v2\/types\/page"}],"author":[{"embeddable":true,"href":"https:\/\/www.myvize.com.tr\/amerika\/wp-json\/wp\/v2\/users\/1"}],"replies":[{"embeddable":true,"href":"https:\/\/www.myvize.com.tr\/amerika\/wp-json\/wp\/v2\/comments?post=274"}],"version-history":[{"count":5,"href":"https:\/\/www.myvize.com.tr\/amerika\/wp-json\/wp\/v2\/pages\/274\/revisions"}],"predecessor-version":[{"id":1242,"href":"https:\/\/www.myvize.com.tr\/amerika\/wp-json\/wp\/v2\/pages\/274\/revisions\/1242"}],"up":[{"embeddable":true,"href":"https:\/\/www.myvize.com.tr\/amerika\/wp-json\/wp\/v2\/pages\/196"}],"wp:attachment":[{"href":"https:\/\/www.myvize.com.tr\/amerika\/wp-json\/wp\/v2\/media?parent=274"}],"curies":[{"name":"wp","href":"https:\/\/api.w.org\/{rel}","templated":true}]}}