{"id":305,"date":"2020-12-21T16:09:48","date_gmt":"2020-12-21T13:09:48","guid":{"rendered":"https:\/\/www.myvize.com.tr\/amerika\/?page_id=305"},"modified":"2022-01-05T15:02:19","modified_gmt":"2022-01-05T12:02:19","slug":"amerika-vizesi-fotograf-olculeri","status":"publish","type":"page","link":"https:\/\/www.myvize.com.tr\/amerika\/ds-160-formu\/amerika-vizesi-fotograf-olculeri\/","title":{"rendered":"Amerika Vizesi Foto\u011fraf \u00d6l\u00e7\u00fcleri"},"content":{"rendered":"<h2><span style=\"font-size: 27px; font-family: Roboto;\"><b>Amerika Vize Foto\u011fraf \u00d6l\u00e7\u00fcs\u00fc<\/b><\/span><\/h2>\n<p><span style=\"font-family: Roboto; font-size: 14px;\">Son 6 ay i\u00e7inde \u00e7ektirilmi\u015f, ba\u015fka hi\u00e7bir vize i\u015fleminde kullan\u0131lmam\u0131\u015f foto\u011fraflar kabul edilecektir.<\/span><\/p>\n<p><span style=\"font-family: Roboto; font-size: 14px;\"><span style=\"color: #2acec2;\"><strong><a style=\"color: #2acec2;\" href=\"https:\/\/www.myvize.com.tr\/amerika\/amerika-vizesi\/\" target=\"_blank\" rel=\"noopener\">Amerika vizesi <\/a><\/strong><\/span>i\u00e7in \u00e7ekilmi\u015f foto\u011fraf \u00f6l\u00e7\u00fcs\u00fc 50*50 mm.&#8217;dir. Ba\u015f uzunlu\u011fu\u00a0\u00f6l\u00e7\u00fcs\u00fc (ba\u015ftaki sa\u00e7 \u00fcst\u00fc- \u00e7ene alt\u0131 mesafesi) 25- 35mm. aras\u0131nda olmal\u0131d\u0131r. G\u00f6z seviyesi, foto\u011fraf\u0131n alt kenar\u0131ndan 28*35 mm. olmal\u0131d\u0131r.<\/span><\/p>\n<p><span style=\"font-family: Roboto; font-size: 14px;\">Y\u00fcz\u00fcn foto\u011fraf \u00fczerinde kaplad\u0131\u011f\u0131 alan y\u00fczde 50 olmal\u0131d\u0131r.<\/span><\/p>\n<p><span style=\"font-family: Roboto; font-size: 14px;\">Foto\u011fraf arka fonu kesinlikle beyaz renkte olmal\u0131d\u0131r. \u00dcniformal\u0131 foto\u011fraf \u00e7ekimine m\u00fcsaade edilmez. Ba\u015f\u00f6rt\u00fcs\u00fc, e\u015farp ile foto\u011fraf \u00e7ektirilemeyecektir. Ancak g\u00fcndelik rutininde dini inan\u00e7lar nedeniyle ba\u015f\u00f6rt\u00fcs\u00fc\/ e\u015farp kullanan biri, \u00e7ekim yap\u0131l\u0131rken al\u0131n ve kulaklar a\u00e7\u0131k olacak \u015fekilde poz vermelidir.<\/span><\/p>\n<p><span style=\"font-family: Roboto; font-size: 14px;\">\u00c7ekim yap\u0131l\u0131rken kameraya d\u00fcz \u015fekilde g\u00f6zler tam a\u00e7\u0131k bakmal\u0131d\u0131r. I\u015f\u0131k ayar\u0131 iyi yap\u0131larak k\u0131rm\u0131z\u0131 g\u00f6z olu\u015fmas\u0131na izin verilmemelidir, foto\u011fraf ve arka fon \u00fczerine g\u00f6lge d\u00fc\u015fmemelidir. G\u00f6zl\u00fck kullan\u0131larak foto\u011fraf \u00e7ekimi yap\u0131labilir.<\/span><\/p>\n<p><span style=\"font-family: Roboto; font-size: 14px;\">Y\u00fczde mimik (g\u00fcl\u00fcmseme, somurtma) olmamal\u0131d\u0131r. N\u00f6tr bir y\u00fcz ifadesi olmal\u0131d\u0131r.<\/span><\/p>\n<p><span style=\"font-family: Roboto; font-size: 14px;\">Kad\u0131nlarda pastel renklerle, do\u011fal g\u00f6r\u00fcn\u00fcm\u00fc bozmayacak \u015fekilde makyaj yapmas\u0131na izin verilebilir. <strong>Ge\u00e7i\u015f noktalar\u0131nda<\/strong> ve vize g\u00f6r\u00fc\u015fmelerinde tan\u0131nmay\u0131 zorla\u015ft\u0131ran abart\u0131l\u0131 makyaj ve sa\u00e7 stiliyle foto\u011fraf \u00e7ektirilmemelidir. Y\u00fczdeki ben, yara izinin g\u00f6r\u00fcnmemesi i\u00e7in r\u00f6tu\u015f yap\u0131lmamal\u0131d\u0131r.<\/span><\/p>\n<p><span style=\"font-family: Roboto; font-size: 14px;\">Foto\u011fraf \u00e7ekimi yap\u0131l\u0131rken y\u00fczde hi\u00e7bir aksesuar olamaz. Burun, ka\u015f \u00fczerinde h\u0131zma, piercing vb. aksesuar kabul edilmez.\u00a0<\/span><\/p>\n<p><span style=\"font-family: Roboto; font-size: 14px;\"><strong>Vize foto\u011fraf\u0131nda<\/strong> en \u00f6nemli unsur ki\u015finin y\u00fcz\u00fcn\u00fcn tan\u0131nmas\u0131d\u0131r;\u00a0bu nedenle bask\u0131 kalitesi iyi olmal\u0131, minimum \u00e7\u00f6z\u00fcn\u00fcrl\u00fck durumu 600 dpi olmal\u0131d\u0131r.<strong> Foto\u011fraf bas\u0131m\u0131<\/strong> yap\u0131lacak ka\u011f\u0131t mat foto\u011fraf ka\u011f\u0131d\u0131 olmal\u0131d\u0131r.\u00a0<\/span><\/p>\n<p><span style=\"font-family: Roboto; font-size: 14px;\"><a href=\"https:\/\/www.myvize.com.tr\/amerika\/vize-islemleri\/amerika-vize-randevusu\/\" target=\"_blank\" rel=\"noopener\"><span style=\"color: #2acec2;\"><strong>Amerika Vize Randevusu<\/strong><\/span><\/a> ile ilgili bilgi almak i\u00e7in bizi aray\u0131n.<\/span><\/p>\n","protected":false},"excerpt":{"rendered":"<p>Amerika Vize Foto\u011fraf \u00d6l\u00e7\u00fcs\u00fc Son 6 ay i\u00e7inde \u00e7ektirilmi\u015f, ba\u015fka hi\u00e7bir vize i\u015fleminde kullan\u0131lmam\u0131\u015f foto\u011fraflar kabul edilecektir. Amerika vizesi i\u00e7in \u00e7ekilmi\u015f foto\u011fraf \u00f6l\u00e7\u00fcs\u00fc 50*50 mm.&#8217;dir. Ba\u015f uzunlu\u011fu\u00a0\u00f6l\u00e7\u00fcs\u00fc (ba\u015ftaki sa\u00e7 \u00fcst\u00fc- \u00e7ene alt\u0131 mesafesi) 25- 35mm. aras\u0131nda olmal\u0131d\u0131r. G\u00f6z seviyesi, foto\u011fraf\u0131n alt kenar\u0131ndan 28*35 mm. olmal\u0131d\u0131r. Y\u00fcz\u00fcn foto\u011fraf \u00fczerinde kaplad\u0131\u011f\u0131 alan y\u00fczde 50 olmal\u0131d\u0131r. Foto\u011fraf arka<\/p>\n","protected":false},"author":1,"featured_media":0,"parent":199,"menu_order":0,"comment_status":"open","ping_status":"closed","template":"","meta":{"footnotes":""},"class_list":["post-305","page","type-page","status-publish","hentry"],"yoast_head":"<!-- This site is optimized with the Yoast SEO plugin v27.4 - https:\/\/yoast.com\/product\/yoast-seo-wordpress\/ -->\n<title>Amerika Vizesi Foto\u011fraf \u00d6l\u00e7\u00fcleri - MyVize<\/title>\n<meta name=\"description\" content=\"Amerika Vizesi Foto\u011fraf \u00d6l\u00e7\u00fcleri Nelerdir? Amerika Vizesi Foto\u011fraf \u00d6l\u00e7\u00fc \u00d6zellikleri Nelerdir? Bilgi \u0130\u00e7in Hemen Aray\u0131n: 0850 346 84 93\" \/>\n<meta name=\"robots\" content=\"index, follow, max-snippet:-1, max-image-preview:large, max-video-preview:-1\" \/>\n<link rel=\"canonical\" href=\"https:\/\/www.myvize.com.tr\/amerika\/ds-160-formu\/amerika-vizesi-fotograf-olculeri\/\" \/>\n<meta property=\"og:locale\" content=\"tr_TR\" \/>\n<meta property=\"og:type\" content=\"article\" \/>\n<meta property=\"og:title\" content=\"Amerika Vizesi Foto\u011fraf \u00d6l\u00e7\u00fcleri - MyVize\" \/>\n<meta property=\"og:description\" content=\"Amerika Vizesi Foto\u011fraf \u00d6l\u00e7\u00fcleri Nelerdir? Amerika Vizesi Foto\u011fraf \u00d6l\u00e7\u00fc \u00d6zellikleri Nelerdir? Bilgi \u0130\u00e7in Hemen Aray\u0131n: 0850 346 84 93\" \/>\n<meta property=\"og:url\" content=\"https:\/\/www.myvize.com.tr\/amerika\/ds-160-formu\/amerika-vizesi-fotograf-olculeri\/\" \/>\n<meta property=\"og:site_name\" content=\"Amerika Vizesi\" \/>\n<meta property=\"article:modified_time\" content=\"2022-01-05T12:02:19+00:00\" \/>\n<meta name=\"twitter:card\" content=\"summary_large_image\" \/>\n<meta name=\"twitter:label1\" content=\"Tahmini okuma s\u00fcresi\" \/>\n\t<meta name=\"twitter:data1\" content=\"1 dakika\" \/>\n<script type=\"application\/ld+json\" class=\"yoast-schema-graph\">{\"@context\":\"https:\\\/\\\/schema.org\",\"@graph\":[{\"@type\":\"WebPage\",\"@id\":\"https:\\\/\\\/www.myvize.com.tr\\\/amerika\\\/ds-160-formu\\\/amerika-vizesi-fotograf-olculeri\\\/\",\"url\":\"https:\\\/\\\/www.myvize.com.tr\\\/amerika\\\/ds-160-formu\\\/amerika-vizesi-fotograf-olculeri\\\/\",\"name\":\"Amerika Vizesi Foto\u011fraf \u00d6l\u00e7\u00fcleri - MyVize\",\"isPartOf\":{\"@id\":\"https:\\\/\\\/www.myvize.com.tr\\\/amerika\\\/#website\"},\"datePublished\":\"2020-12-21T13:09:48+00:00\",\"dateModified\":\"2022-01-05T12:02:19+00:00\",\"description\":\"Amerika Vizesi Foto\u011fraf \u00d6l\u00e7\u00fcleri Nelerdir? Amerika Vizesi Foto\u011fraf \u00d6l\u00e7\u00fc \u00d6zellikleri Nelerdir? Bilgi \u0130\u00e7in Hemen Aray\u0131n: 0850 346 84 93\",\"breadcrumb\":{\"@id\":\"https:\\\/\\\/www.myvize.com.tr\\\/amerika\\\/ds-160-formu\\\/amerika-vizesi-fotograf-olculeri\\\/#breadcrumb\"},\"inLanguage\":\"tr\",\"potentialAction\":[{\"@type\":\"ReadAction\",\"target\":[\"https:\\\/\\\/www.myvize.com.tr\\\/amerika\\\/ds-160-formu\\\/amerika-vizesi-fotograf-olculeri\\\/\"]}]},{\"@type\":\"BreadcrumbList\",\"@id\":\"https:\\\/\\\/www.myvize.com.tr\\\/amerika\\\/ds-160-formu\\\/amerika-vizesi-fotograf-olculeri\\\/#breadcrumb\",\"itemListElement\":[{\"@type\":\"ListItem\",\"position\":1,\"name\":\"Anasayfa\",\"item\":\"https:\\\/\\\/www.myvize.com.tr\\\/amerika\\\/\"},{\"@type\":\"ListItem\",\"position\":2,\"name\":\"Amerika DS-160 Formu\",\"item\":\"https:\\\/\\\/www.myvize.com.tr\\\/amerika\\\/ds-160-formu\\\/\"},{\"@type\":\"ListItem\",\"position\":3,\"name\":\"Amerika Vizesi Foto\u011fraf \u00d6l\u00e7\u00fcleri\"}]},{\"@type\":\"WebSite\",\"@id\":\"https:\\\/\\\/www.myvize.com.tr\\\/amerika\\\/#website\",\"url\":\"https:\\\/\\\/www.myvize.com.tr\\\/amerika\\\/\",\"name\":\"MyVize Amerika Vize Ba\u015fvuru Merkezi\",\"description\":\"\",\"potentialAction\":[{\"@type\":\"SearchAction\",\"target\":{\"@type\":\"EntryPoint\",\"urlTemplate\":\"https:\\\/\\\/www.myvize.com.tr\\\/amerika\\\/?s={search_term_string}\"},\"query-input\":{\"@type\":\"PropertyValueSpecification\",\"valueRequired\":true,\"valueName\":\"search_term_string\"}}],\"inLanguage\":\"tr\"}]}<\/script>\n<!-- \/ Yoast SEO plugin. -->","yoast_head_json":{"title":"Amerika Vizesi Foto\u011fraf \u00d6l\u00e7\u00fcleri - MyVize","description":"Amerika Vizesi Foto\u011fraf \u00d6l\u00e7\u00fcleri Nelerdir? Amerika Vizesi Foto\u011fraf \u00d6l\u00e7\u00fc \u00d6zellikleri Nelerdir? Bilgi \u0130\u00e7in Hemen Aray\u0131n: 0850 346 84 93","robots":{"index":"index","follow":"follow","max-snippet":"max-snippet:-1","max-image-preview":"max-image-preview:large","max-video-preview":"max-video-preview:-1"},"canonical":"https:\/\/www.myvize.com.tr\/amerika\/ds-160-formu\/amerika-vizesi-fotograf-olculeri\/","og_locale":"tr_TR","og_type":"article","og_title":"Amerika Vizesi Foto\u011fraf \u00d6l\u00e7\u00fcleri - MyVize","og_description":"Amerika Vizesi Foto\u011fraf \u00d6l\u00e7\u00fcleri Nelerdir? Amerika Vizesi Foto\u011fraf \u00d6l\u00e7\u00fc \u00d6zellikleri Nelerdir? Bilgi \u0130\u00e7in Hemen Aray\u0131n: 0850 346 84 93","og_url":"https:\/\/www.myvize.com.tr\/amerika\/ds-160-formu\/amerika-vizesi-fotograf-olculeri\/","og_site_name":"Amerika Vizesi","article_modified_time":"2022-01-05T12:02:19+00:00","twitter_card":"summary_large_image","twitter_misc":{"Tahmini okuma s\u00fcresi":"1 dakika"},"schema":{"@context":"https:\/\/schema.org","@graph":[{"@type":"WebPage","@id":"https:\/\/www.myvize.com.tr\/amerika\/ds-160-formu\/amerika-vizesi-fotograf-olculeri\/","url":"https:\/\/www.myvize.com.tr\/amerika\/ds-160-formu\/amerika-vizesi-fotograf-olculeri\/","name":"Amerika Vizesi Foto\u011fraf \u00d6l\u00e7\u00fcleri - MyVize","isPartOf":{"@id":"https:\/\/www.myvize.com.tr\/amerika\/#website"},"datePublished":"2020-12-21T13:09:48+00:00","dateModified":"2022-01-05T12:02:19+00:00","description":"Amerika Vizesi Foto\u011fraf \u00d6l\u00e7\u00fcleri Nelerdir? Amerika Vizesi Foto\u011fraf \u00d6l\u00e7\u00fc \u00d6zellikleri Nelerdir? Bilgi \u0130\u00e7in Hemen Aray\u0131n: 0850 346 84 93","breadcrumb":{"@id":"https:\/\/www.myvize.com.tr\/amerika\/ds-160-formu\/amerika-vizesi-fotograf-olculeri\/#breadcrumb"},"inLanguage":"tr","potentialAction":[{"@type":"ReadAction","target":["https:\/\/www.myvize.com.tr\/amerika\/ds-160-formu\/amerika-vizesi-fotograf-olculeri\/"]}]},{"@type":"BreadcrumbList","@id":"https:\/\/www.myvize.com.tr\/amerika\/ds-160-formu\/amerika-vizesi-fotograf-olculeri\/#breadcrumb","itemListElement":[{"@type":"ListItem","position":1,"name":"Anasayfa","item":"https:\/\/www.myvize.com.tr\/amerika\/"},{"@type":"ListItem","position":2,"name":"Amerika DS-160 Formu","item":"https:\/\/www.myvize.com.tr\/amerika\/ds-160-formu\/"},{"@type":"ListItem","position":3,"name":"Amerika Vizesi Foto\u011fraf \u00d6l\u00e7\u00fcleri"}]},{"@type":"WebSite","@id":"https:\/\/www.myvize.com.tr\/amerika\/#website","url":"https:\/\/www.myvize.com.tr\/amerika\/","name":"MyVize Amerika Vize Ba\u015fvuru Merkezi","description":"","potentialAction":[{"@type":"SearchAction","target":{"@type":"EntryPoint","urlTemplate":"https:\/\/www.myvize.com.tr\/amerika\/?s={search_term_string}"},"query-input":{"@type":"PropertyValueSpecification","valueRequired":true,"valueName":"search_term_string"}}],"inLanguage":"tr"}]}},"_links":{"self":[{"href":"https:\/\/www.myvize.com.tr\/amerika\/wp-json\/wp\/v2\/pages\/305","targetHints":{"allow":["GET"]}}],"collection":[{"href":"https:\/\/www.myvize.com.tr\/amerika\/wp-json\/wp\/v2\/pages"}],"about":[{"href":"https:\/\/www.myvize.com.tr\/amerika\/wp-json\/wp\/v2\/types\/page"}],"author":[{"embeddable":true,"href":"https:\/\/www.myvize.com.tr\/amerika\/wp-json\/wp\/v2\/users\/1"}],"replies":[{"embeddable":true,"href":"https:\/\/www.myvize.com.tr\/amerika\/wp-json\/wp\/v2\/comments?post=305"}],"version-history":[{"count":3,"href":"https:\/\/www.myvize.com.tr\/amerika\/wp-json\/wp\/v2\/pages\/305\/revisions"}],"predecessor-version":[{"id":682,"href":"https:\/\/www.myvize.com.tr\/amerika\/wp-json\/wp\/v2\/pages\/305\/revisions\/682"}],"up":[{"embeddable":true,"href":"https:\/\/www.myvize.com.tr\/amerika\/wp-json\/wp\/v2\/pages\/199"}],"wp:attachment":[{"href":"https:\/\/www.myvize.com.tr\/amerika\/wp-json\/wp\/v2\/media?parent=305"}],"curies":[{"name":"wp","href":"https:\/\/api.w.org\/{rel}","templated":true}]}}