{"id":307,"date":"2020-12-21T16:10:13","date_gmt":"2020-12-21T13:10:13","guid":{"rendered":"https:\/\/www.myvize.com.tr\/amerika\/?page_id=307"},"modified":"2022-03-19T15:53:11","modified_gmt":"2022-03-19T12:53:11","slug":"amerika-vize-basvuru-formu","status":"publish","type":"page","link":"https:\/\/www.myvize.com.tr\/amerika\/ds-160-formu\/amerika-vize-basvuru-formu\/","title":{"rendered":"Amerika Vize Ba\u015fvuru Formu"},"content":{"rendered":"<p><span style=\"font-family: Roboto;\"><\/span><\/p>\r\n<h2><strong><span style=\"font-family: Roboto; font-size: 27px;\">Amerika Vize Ba\u015fvuru Formu 2022<\/span><\/strong><\/h2>\r\n<p><span style=\"font-family: Roboto; font-size: 14px;\"><strong>Amerika\u2019da vize<\/strong> i\u015flemlerinin ba\u015flayabilmesi i\u00e7in \u00f6ncelikle\u00a0<strong>Amerika Vize Ba\u015fvuru Formu<\/strong>\u00a0doldurulmas\u0131 gerekir. Seyahat nedeni her ne olursa olsun mutlaka ba\u015fvuru yap\u0131lmas\u0131 gerekir. Amerika\u2019ya vize alabilmenin \u00f6n ko\u015fulu eksiksiz bir \u015fekilde ba\u015fvuru yapmakt\u0131r. Verece\u011finiz do\u011fru bilgiler neticesinde vize almak kolay bir hale gelecektir.<strong>\u00a0Amerika Vize Ba\u015fvuru Formu\u00a0<\/strong>Amerika\u2019ya gitmek isteyen ki\u015filerin kendilerini do\u011fru \u015fekilde beyan edip, onay alacaklar\u0131 resmi bir formdur.\u00a0 B\u00f6ylesine resmi bir form i\u00e7eri\u011finde yalan beyan olu\u015fturmak hem b\u00fcy\u00fck su\u00e7 olaca\u011f\u0131 gibi hem de vize alamaman\u0131za neden olur. Bazen yalan beyan olmamakla birlikte aceleci davran\u0131\u015flar hataya sebep olmaktad\u0131r. Buda vize al\u0131m\u0131n\u0131 olumsuz etkileyecek etkenler aras\u0131ndad\u0131r. Bu y\u00fczden\u00a0<strong>Amerika Vize Ba\u015fvuru Formu\u00a0<\/strong>\u00e7ok dikkatli bir \u015fekilde doldurulmal\u0131d\u0131r.<\/span><\/p>\r\n<p><span style=\"font-family: Roboto; font-size: 14px;\"><\/span><\/p>\r\n<p><span style=\"font-family: Roboto; font-size: 14px;\"><img decoding=\"async\" src=\"https:\/\/www.myvize.com.tr\/amerika\/wp-content\/uploads\/2021\/09\/54.jpg\" \/><\/span><\/p>\r\n<p><span style=\"font-family: Roboto; font-size: 14px;\"><\/span><\/p>\r\n<p><span style=\"font-family: Roboto; font-size: 14px;\"><strong>Amerika Vize Ba\u015fvuru Formu,\u00a0<\/strong>online olarak \u0130ngiliz dili ile beyan edilmelidir. Ba\u015fvuruda bulunan ki\u015fi e-imza ile beyanda bulunduklar\u0131n\u0131 onaylar B\u00f6ylelikle vize i\u015flemlerinde ilk ad\u0131m at\u0131lm\u0131\u015f olur.<strong>\u00a0Amerika Vize Ba\u015fvuru Formu\u00a0<\/strong>onaylad\u0131ktan sonra ki\u015fiye onay numaras\u0131 temin edilir. Bu onay numaras\u0131 sayesinde konsolosluktan randevu al\u0131narak evrak teslimi yap\u0131l\u0131r. Bunun yan\u0131 s\u0131ra\u00a0<strong>Amerika Vize Ba\u015fvuru Formu\u00a0<\/strong>yap\u0131ld\u0131ktan sonra ki\u015filer m\u00fclakata tabi tutulur. E\u011fer ba\u015fvuruda yalan beyan tespit edilirse hukuki olarak yapt\u0131r\u0131mlar olaca\u011f\u0131 bilinmelidir.\u00a0<strong>Amerika Vize Ba\u015fvuru Formu\u00a0<\/strong>eksiksiz bi\u00e7imde doldurulmal\u0131, ki\u015fiye ait foto\u011frafta ba\u015fvuruya eklenmelidir. Uygun bulundu\u011fu takdirde Amerika vizeniz s\u00fcre\u00e7 sonucunda \u00e7\u0131kacakt\u0131r.<\/span><\/p>\r\n<h2><span style=\"font-family: Roboto; font-size: 27px;\"><strong>Amerika Vize Ba\u015fvuru Formu Nereden Al\u0131n\u0131r?<\/strong><\/span><\/h2>\r\n<p><span style=\"font-family: Roboto; font-size: 14px;\">Amerika seyahati yapacak olan ki\u015filerin vize ba\u015fvuru formlar\u0131n\u0131 temin etmeleri gerekiyor. Bu s\u00fcre\u00e7te\u00a0<strong>Amerika vize ba\u015fvuru formu nereden al\u0131n\u0131r<\/strong>\u00a0sorusu olduk\u00e7a merak edilen konular aras\u0131nda yer al\u0131yor. Ba\u015fvuru formunu Ankara Amerika B\u00fcy\u00fckel\u00e7ili\u011fi\u2019nden ya da Amerika \u0130stanbul Ba\u015fkonsoloslu\u011fu\u2019ndan temin edilebilir. Ba\u015fvuru sahipleri ayn\u0131 zamanda ikamet b\u00f6lgesine g\u00f6re Ankara ve \u0130stanbul illerinden birini tercih etmektedir. <strong>Amerika ba\u015fvuru formu DS- 160<\/strong> formudur. Bu form doldurulurken belirli kriterlere dikkat etmeniz gerekiyor.<\/span><\/p>\r\n<ul>\r\n<li><span style=\"font-family: Roboto; font-size: 14px;\"><strong>Amerika DS- 160<\/strong> formunu doldururken \u0130ngilizce olarak doldurulmas\u0131na dikkat etmeniz gerekiyor.<\/span><\/li>\r\n<li><span style=\"font-family: Roboto; font-size: 14px;\">Ba\u015fvuru formunu doldururken TC kimlik numaras\u0131n\u0131 eksiksiz yazmal\u0131s\u0131n\u0131z.<\/span><\/li>\r\n<li><span style=\"font-family: Roboto; font-size: 14px;\">E\u011fer daha \u00f6nce Amerika\u2019da bulunduysan\u0131z ve bir sosyal g\u00fcvenlik numaran\u0131z var ise TC kimlik numaras\u0131 alt\u0131na bunu da yazman\u0131z gerekiyor.<\/span><\/li>\r\n<li><span style=\"font-family: Roboto; font-size: 14px;\"><strong>ABD vize ba\u015fvuru<\/strong> sahipleri t\u00fcm bilgileri vize t\u00fcr\u00fcne uygun bir \u015fekilde doldurmak zorundad\u0131r.<\/span><\/li>\r\n<\/ul>\r\n<p><span style=\"font-family: Roboto; font-size: 14px;\">Vize belgelerinizi haz\u0131rlarken de mutlaka ba\u015fvuru formuna uygun bir \u015fekilde doldurmal\u0131s\u0131n\u0131z. Dilek\u00e7enizi yazarken de t\u00fcm bilgilerin bu form ile tutarl\u0131 olmas\u0131 gerekiyor. Belgelerin haz\u0131rlanmas\u0131 s\u00fcrecinde ya\u015f\u0131 k\u00fc\u00e7\u00fck olanlar\u0131n ba\u015fvuru formunu ailelerinin doldurmas\u0131 gerekmektedir.<\/span><\/p>\r\n<h2><span style=\"font-family: Roboto; font-size: 27px;\"><strong>Amerika Vize Ba\u015fvuru Formu Nas\u0131l Doldurulur?<\/strong><\/span><\/h2>\r\n<p><span style=\"font-family: Roboto; font-size: 14px;\"><strong>Amerika vize ba\u015fvuru formu nas\u0131l doldurulur<\/strong>\u00a0sorusu vize alacak ki\u015filer a\u00e7\u0131s\u0131ndan olduk\u00e7a merak edilmektedir. Vize almay\u0131 d\u00fc\u015f\u00fcn\u00fcyorsan\u0131z ba\u015fvuru formunuzun belirtilen kriterlere uygun bir \u015fekilde doldurulmas\u0131 b\u00fcy\u00fck bir \u00f6nem ta\u015f\u0131yor. Form \u00fczerinde bulunan bilgilerin hem do\u011fru hem de eksiksiz olmas\u0131 gerekiyor. Formu doldururken belirtilen kriterlere dikkat etmemek vize reddi ile kar\u015f\u0131 kar\u015f\u0131ya kalman\u0131za neden olabilmektedir. Bu s\u00fcre\u00e7te vize belgelerini doldururken dikkat etmeniz gerekenler aras\u0131nda \u015funlardan bahsetmek m\u00fcmk\u00fcnd\u00fcr:<\/span><\/p>\r\n<ul>\r\n<li><span style=\"font-family: Roboto; font-size: 14px;\">Formu <strong>\u0130ngilizce<\/strong> olarak doldurman\u0131z gerekiyor.<\/span><\/li>\r\n<li><span style=\"font-family: Roboto; font-size: 14px;\">Form i\u00e7erisindeki t\u00fcm kategori b\u00f6l\u00fcmlerinden sizinle alakal\u0131 olan yerleri doldurmal\u0131s\u0131n\u0131z.<\/span><\/li>\r\n<li><span style=\"font-family: Roboto; font-size: 14px;\">Vize t\u00fcr\u00fcn\u00fc i\u015faretlemelisiniz.<\/span><\/li>\r\n<li><span style=\"font-family: Roboto; font-size: 14px;\">Ki\u015fi bilgileri, kimlik bilgileri, adres bilgileri doldurulmal\u0131d\u0131r.<\/span><\/li>\r\n<li><span style=\"font-family: Roboto; font-size: 14px;\">Pasaport bilgileri doldurulmal\u0131d\u0131r.<\/span><\/li>\r\n<\/ul>\r\n<p><span style=\"font-family: Roboto; font-size: 14px;\">Bu bilgiler \u0131\u015f\u0131\u011f\u0131nda ba\u015fvuru formunuzu g\u00fcven i\u00e7erisinde doldurabilirsiniz. Ba\u015fvuru formunu doldururken dikkat etmeniz gereken bir\u00e7ok detay oldu\u011fundan bu s\u00fcre\u00e7te dan\u0131\u015fmanl\u0131k deste\u011fi de alabilirsiniz. \u00d6zellikle \u0130ngilizce olarak doldurulmas\u0131n\u0131n gerekli olmas\u0131 ba\u015fvuru formunun profesyoneller taraf\u0131ndan doldurulmas\u0131n\u0131 gerekli hale getirmektedir. Ba\u015fvuru formunun doldurulduktan sonra imzalanmas\u0131 da gerekiyor. Seyahat edecek olan ki\u015fi taraf\u0131ndan imza at\u0131lmas\u0131 ve di\u011fer belgelerle birlikte teslim edilmesi gereklidir.<\/span><\/p>\r\n<h2><span style=\"font-family: Roboto; font-size: 27px;\"><strong>Vize T\u00fcrlerine G\u00f6re Fransa Vize Ba\u015fvuru Formu<\/strong><\/span><\/h2>\r\n<p><span style=\"font-family: Roboto; font-size: 14px;\"><strong>Vize t\u00fcrlerine g\u00f6re Fransa vize ba\u015fvuru formu<\/strong>\u00a0doldurmak vizenizi kolayl\u0131kla alabilmeniz a\u00e7\u0131s\u0131ndan b\u00fcy\u00fck bir \u00f6nem ta\u015f\u0131maktad\u0131r. Vize i\u015flemleri s\u0131ras\u0131nda dikkat etmeniz gereken bir\u00e7ok fakt\u00f6r bulunuyor. \u00d6ncelikle vize i\u015flemleri s\u0131ras\u0131nda titiz bir \u015fekilde hareket etmeniz gerekiyor. Bu s\u00fcre\u00e7te vize ba\u015fvurusu yaparken vize t\u00fcr\u00fc se\u00e7mek son derece \u00f6nemlidir. <strong>Fransa vize t\u00fcrleri<\/strong> aras\u0131nda \u015funlardan bahsedilebilir:<\/span><\/p>\r\n<ul>\r\n<li><span style=\"color: #2acec2;\"><strong><a style=\"color: #2acec2;\" href=\"https:\/\/www.myvize.com.tr\/amerika\/amerika-ticari-vize\/\" target=\"_blank\" rel=\"noopener\"><span style=\"font-family: Roboto; font-size: 14px;\">Fransa ticari vize<\/span><\/a><\/strong><\/span><\/li>\r\n<li><span style=\"font-family: Roboto; font-size: 14px;\">Fransa aile birle\u015fim vizesi<\/span><\/li>\r\n<li><span style=\"font-family: Roboto; font-size: 14px;\">Fransa turistik vize<\/span><\/li>\r\n<li><span style=\"font-family: Roboto; font-size: 14px;\">Fransa e\u011fitim vizesi<\/span><\/li>\r\n<li><span style=\"font-family: Roboto; font-size: 14px;\">Fransa \u015fof\u00f6r vizesi<\/span><\/li>\r\n<li><span style=\"font-family: Roboto; font-size: 14px;\">Fransa transit vizesi<\/span><\/li>\r\n<li><span style=\"font-family: Roboto; font-size: 14px;\">Fransa dil e\u011fitim vizesi<\/span><\/li>\r\n<\/ul>\r\n<p><span style=\"font-family: Roboto; font-size: 14px;\">Gibi bir\u00e7ok farkl\u0131 vize t\u00fcr\u00fc bulunuyor. Her vize t\u00fcr\u00fcn\u00fcn kendine g\u00f6re bir ba\u015fvuru \u015fekli vard\u0131r. Ba\u015fvuru formlar\u0131n\u0131 doldururken de bu kriterleri g\u00f6z \u00f6n\u00fcnde bulundurman\u0131z gerekiyor. Vize belgelerinizin tamamlanabilmesi i\u00e7in ba\u015fvuru formunda yer alan t\u00fcm bilgilerin tam olmas\u0131 \u00f6nemlidir. Bunun yan\u0131nda Fransa\u2019ya gidecek olan ki\u015filerin mutlaka ba\u015fvuru formlar\u0131 \u00fczerindeki her detaya gereken \u00f6nemi vermesi gerekiyor.<strong> Fransa vizesi al\u0131rken<\/strong> ba\u015fvuru formundaki bilgilerle dilek\u00e7eniz \u00fczerindeki bilgiler tutarl\u0131 olmal\u0131d\u0131r. Ayn\u0131 zamanda alaca\u011f\u0131n\u0131z vize t\u00fcr\u00fcne uygun \u015fekilde belgeler de haz\u0131rlaman\u0131z gerekmektedir.<\/span><\/p>\r\n<h3><span style=\"font-family: Roboto; font-size: 24px;\"><strong>Fransa Turistik Vize Ba\u015fvuru Formu<\/strong><\/span><\/h3>\r\n<p><span style=\"font-family: Roboto; font-size: 14px;\"><strong>Fransa turistik vize ba\u015fvuru formu<\/strong>\u00a0konusunda ki\u015filerin dikkat edece\u011fi en \u00f6nemli nokta belgelerinizin eksiksiz olarak haz\u0131rlanmas\u0131d\u0131r. Bu vize evraklar\u0131 konusunda en \u00e7ok \u00f6nem verilen detay belgelerinizin sorunsuz bir \u015fekilde haz\u0131rlanmas\u0131d\u0131r. Belgelerde eksiklik olmamal\u0131 ve yanl\u0131\u015f beyanlarda bulunulmamal\u0131d\u0131r. Bu belgelerin i\u00e7eri\u011finde yer alan her bilginin gereken detaylara sahip olmas\u0131 gerekir. Turistik vize almay\u0131 d\u00fc\u015f\u00fcn\u00fcyorsan\u0131z ba\u015fvuru formunda \u015fu detaylara dikkat etmelisiniz:<\/span><\/p>\r\n<ul>\r\n<li><span style=\"font-family: Roboto; font-size: 14px;\">Vize ba\u015fvuru formundaki bilgilerin tam olmas\u0131 gerekir.<\/span><\/li>\r\n<li><span style=\"font-family: Roboto; font-size: 14px;\">Ba\u015fvuru formunda seyahat gidi\u015f ve d\u00f6n\u00fc\u015f tarihleri belli olmal\u0131d\u0131r.<\/span><\/li>\r\n<li><span style=\"font-family: Roboto; font-size: 14px;\">Vize ba\u015fvuru belgelerinde Fransa\u2019da gezmek istenilen yerleri belirtmeniz gerekir.<\/span><\/li>\r\n<li><span style=\"font-family: Roboto; font-size: 14px;\">Vize ba\u015fvuru belgelerinde kimlik bilgileri do\u011fru yaz\u0131lmal\u0131d\u0131r.<\/span><\/li>\r\n<\/ul>\r\n<p><span style=\"font-family: Roboto; font-size: 14px;\">Bu detaylara dikkat ederseniz turistik vizenizi daha kolay bir \u015fekilde alabilirsiniz. Ba\u015fvuru formunu mutlaka Frans\u0131zca olarak doldurman\u0131z gerekiyor. Belgelerinizin tam olmas\u0131 bu s\u00fcre\u00e7te en \u00f6nemli konular aras\u0131nda yer almaktad\u0131r. <span style=\"color: #2acec2;\"><strong><a style=\"color: #2acec2;\" href=\"https:\/\/www.myvize.com.tr\/amerika\/vize-islemleri\/\" target=\"_blank\" rel=\"noopener\">Fransa vize i\u015flemleri<\/a><\/strong><\/span> s\u0131ras\u0131nda dikkatli bir \u015fekilde belgeleri doldurarak vize har\u00e7lar\u0131n\u0131 da yat\u0131rd\u0131ktan sonra ilgili makamlara belge dosyan\u0131z\u0131 teslim etmeniz gerekiyor. Turistik vize i\u015flemlerinde en \u00f6nemli konu vize t\u00fcr\u00fcne uygun belge haz\u0131rlamak ve teslim etmektir.<\/span><\/p>\r\n<h3><span style=\"font-family: Roboto; font-size: 24px;\"><strong>Fransa Ticari Vize Ba\u015fvuru Formu<\/strong><\/span><\/h3>\r\n<p><span style=\"font-family: Roboto; font-size: 14px;\"><strong>Fransa ticari vize ba\u015fvuru formu<\/strong>\u00a0detayl\u0131 olarak haz\u0131rlanmas\u0131 gereken belgeler aras\u0131nda yer al\u0131yor. B vizeyi ticari bir i\u015flem i\u00e7in Fransa\u2019y\u0131 ziyaret edecek ki\u015filer doldurmal\u0131d\u0131r. Vize evraklar\u0131 aras\u0131nda \u00f6nemli bir yeri olan ba\u015fvuru formunun belirtilen t\u00fcm kriterleri ta\u015f\u0131mas\u0131 gerekiyor. Bu form \u00fczerinde yer alan bilgilerin detayl\u0131 olarak doldurulmas\u0131 ve ticari vizeye de uygun olmas\u0131 \u00f6nemlidir. <strong>Fransa ticari vize ba\u015fvuru<\/strong> formunu doldururken \u015fu detaylara dikkat etmeniz gerekiyor:<\/span><\/p>\r\n<ul>\r\n<li><span style=\"font-family: Roboto; font-size: 14px;\">Fransa ba\u015fvuru formundaki bilgilerin m\u00fclakat s\u0131ras\u0131nda verdi\u011finiz bilgiler ile tutars\u0131z olmamas\u0131 gerekiyor.<\/span><\/li>\r\n<li><span style=\"font-family: Roboto; font-size: 14px;\">Ba\u015fvuru formundaki bilgilerin size ait olmas\u0131 gerekiyor.<\/span><\/li>\r\n<li><span style=\"font-family: Roboto; font-size: 14px;\">G\u00fcncel bilgilere uygun olarak doldurmal\u0131s\u0131n\u0131z.<\/span><\/li>\r\n<li><span style=\"font-family: Roboto; font-size: 14px;\">Vize t\u00fcr\u00fcne uygun olmal\u0131d\u0131r.<\/span><\/li>\r\n<li><span style=\"font-family: Roboto; font-size: 14px;\">Meslek bilgileriniz detayl\u0131 olarak yer almal\u0131d\u0131r.<\/span><\/li>\r\n<li><span style=\"font-family: Roboto; font-size: 14px;\">Ba\u015fvuru formunda finansal durumunuzu da belirtmeniz gerekir.<\/span><\/li>\r\n<li><span style=\"font-family: Roboto; font-size: 14px;\">Dilek\u00e7enizi haz\u0131rlarken de tutarl\u0131 bilgiler vermelisiniz.<\/span><\/li>\r\n<\/ul>\r\n<p><span style=\"font-family: Roboto; font-size: 14px;\">Ba\u015fvuru formunu doldurduktan sonra belgelerinizle birlikte ilgili kurumlara teslim edebilirsiniz.\u00a0 Belgelerinizin tam olmamas\u0131 durumunda ba\u015fvurunuz iptal edilir. Ayn\u0131 \u015fekilde vize har\u00e7lar\u0131n\u0131 da en uygun \u015fekilde yat\u0131rman\u0131z gerekmektedir. Har\u00e7lar\u0131 yat\u0131rd\u0131ktan sonra bankadan alaca\u011f\u0131n\u0131z dekont ile birlikte di\u011fer belgelerinizi <strong>Fransa Konsolosluklar\u0131na<\/strong> teslim edebilirsiniz.<\/span><\/p>\r\n<p><span style=\"font-family: Roboto;\"><\/span><\/p>","protected":false},"excerpt":{"rendered":"<p>Amerika Vize Ba\u015fvuru Formu 2022 Amerika\u2019da vize i\u015flemlerinin ba\u015flayabilmesi i\u00e7in \u00f6ncelikle\u00a0Amerika Vize Ba\u015fvuru Formu\u00a0doldurulmas\u0131 gerekir. Seyahat nedeni her ne olursa olsun mutlaka ba\u015fvuru yap\u0131lmas\u0131 gerekir. Amerika\u2019ya vize alabilmenin \u00f6n ko\u015fulu eksiksiz bir \u015fekilde ba\u015fvuru yapmakt\u0131r. Verece\u011finiz do\u011fru bilgiler neticesinde vize almak kolay bir hale gelecektir.\u00a0Amerika Vize Ba\u015fvuru Formu\u00a0Amerika\u2019ya gitmek isteyen ki\u015filerin kendilerini do\u011fru \u015fekilde beyan<\/p>\n","protected":false},"author":1,"featured_media":0,"parent":199,"menu_order":0,"comment_status":"open","ping_status":"closed","template":"","meta":{"footnotes":""},"class_list":["post-307","page","type-page","status-publish","hentry"],"yoast_head":"<!-- This site is optimized with the Yoast SEO plugin v27.6 - https:\/\/yoast.com\/product\/yoast-seo-wordpress\/ -->\n<title>Amerika Vizesi Ba\u015fvuru Formu - MyVize<\/title>\n<meta name=\"description\" content=\"Amerika Vizesi Ba\u015fvuru Formu Nas\u0131l Doldurulur? Amerika Vize Ba\u015fvuru Formu Hakk\u0131nda Bilgi Almak \u0130\u00e7in Hemen T\u0131kla.\" \/>\n<meta name=\"robots\" content=\"index, follow, max-snippet:-1, max-image-preview:large, max-video-preview:-1\" \/>\n<link rel=\"canonical\" href=\"https:\/\/www.myvize.com.tr\/amerika\/ds-160-formu\/amerika-vize-basvuru-formu\/\" \/>\n<meta property=\"og:locale\" content=\"tr_TR\" \/>\n<meta property=\"og:type\" content=\"article\" \/>\n<meta property=\"og:title\" content=\"Amerika Vizesi Ba\u015fvuru Formu - MyVize\" \/>\n<meta property=\"og:description\" content=\"Amerika Vizesi Ba\u015fvuru Formu Nas\u0131l Doldurulur? Amerika Vize Ba\u015fvuru Formu Hakk\u0131nda Bilgi Almak \u0130\u00e7in Hemen T\u0131kla.\" \/>\n<meta property=\"og:url\" content=\"https:\/\/www.myvize.com.tr\/amerika\/ds-160-formu\/amerika-vize-basvuru-formu\/\" \/>\n<meta property=\"og:site_name\" content=\"Amerika Vizesi\" \/>\n<meta property=\"article:modified_time\" content=\"2022-03-19T12:53:11+00:00\" \/>\n<meta property=\"og:image\" content=\"https:\/\/www.myvize.com.tr\/amerika\/wp-content\/uploads\/2021\/09\/54.jpg\" \/>\n<meta name=\"twitter:card\" content=\"summary_large_image\" \/>\n<meta name=\"twitter:label1\" content=\"Tahmini okuma s\u00fcresi\" \/>\n\t<meta name=\"twitter:data1\" content=\"7 dakika\" \/>\n<script type=\"application\/ld+json\" class=\"yoast-schema-graph\">{\"@context\":\"https:\\\/\\\/schema.org\",\"@graph\":[{\"@type\":\"WebPage\",\"@id\":\"https:\\\/\\\/www.myvize.com.tr\\\/amerika\\\/ds-160-formu\\\/amerika-vize-basvuru-formu\\\/\",\"url\":\"https:\\\/\\\/www.myvize.com.tr\\\/amerika\\\/ds-160-formu\\\/amerika-vize-basvuru-formu\\\/\",\"name\":\"Amerika Vizesi Ba\u015fvuru Formu - MyVize\",\"isPartOf\":{\"@id\":\"https:\\\/\\\/www.myvize.com.tr\\\/amerika\\\/#website\"},\"primaryImageOfPage\":{\"@id\":\"https:\\\/\\\/www.myvize.com.tr\\\/amerika\\\/ds-160-formu\\\/amerika-vize-basvuru-formu\\\/#primaryimage\"},\"image\":{\"@id\":\"https:\\\/\\\/www.myvize.com.tr\\\/amerika\\\/ds-160-formu\\\/amerika-vize-basvuru-formu\\\/#primaryimage\"},\"thumbnailUrl\":\"https:\\\/\\\/www.myvize.com.tr\\\/amerika\\\/wp-content\\\/uploads\\\/2021\\\/09\\\/54.jpg\",\"datePublished\":\"2020-12-21T13:10:13+00:00\",\"dateModified\":\"2022-03-19T12:53:11+00:00\",\"description\":\"Amerika Vizesi Ba\u015fvuru Formu Nas\u0131l Doldurulur? Amerika Vize Ba\u015fvuru Formu Hakk\u0131nda Bilgi Almak \u0130\u00e7in Hemen T\u0131kla.\",\"breadcrumb\":{\"@id\":\"https:\\\/\\\/www.myvize.com.tr\\\/amerika\\\/ds-160-formu\\\/amerika-vize-basvuru-formu\\\/#breadcrumb\"},\"inLanguage\":\"tr\",\"potentialAction\":[{\"@type\":\"ReadAction\",\"target\":[\"https:\\\/\\\/www.myvize.com.tr\\\/amerika\\\/ds-160-formu\\\/amerika-vize-basvuru-formu\\\/\"]}]},{\"@type\":\"ImageObject\",\"inLanguage\":\"tr\",\"@id\":\"https:\\\/\\\/www.myvize.com.tr\\\/amerika\\\/ds-160-formu\\\/amerika-vize-basvuru-formu\\\/#primaryimage\",\"url\":\"https:\\\/\\\/www.myvize.com.tr\\\/amerika\\\/wp-content\\\/uploads\\\/2021\\\/09\\\/54.jpg\",\"contentUrl\":\"https:\\\/\\\/www.myvize.com.tr\\\/amerika\\\/wp-content\\\/uploads\\\/2021\\\/09\\\/54.jpg\",\"width\":800,\"height\":500,\"caption\":\"Amerika\"},{\"@type\":\"BreadcrumbList\",\"@id\":\"https:\\\/\\\/www.myvize.com.tr\\\/amerika\\\/ds-160-formu\\\/amerika-vize-basvuru-formu\\\/#breadcrumb\",\"itemListElement\":[{\"@type\":\"ListItem\",\"position\":1,\"name\":\"Anasayfa\",\"item\":\"https:\\\/\\\/www.myvize.com.tr\\\/amerika\\\/\"},{\"@type\":\"ListItem\",\"position\":2,\"name\":\"Amerika DS-160 Formu\",\"item\":\"https:\\\/\\\/www.myvize.com.tr\\\/amerika\\\/ds-160-formu\\\/\"},{\"@type\":\"ListItem\",\"position\":3,\"name\":\"Amerika Vize Ba\u015fvuru Formu\"}]},{\"@type\":\"WebSite\",\"@id\":\"https:\\\/\\\/www.myvize.com.tr\\\/amerika\\\/#website\",\"url\":\"https:\\\/\\\/www.myvize.com.tr\\\/amerika\\\/\",\"name\":\"MyVize Amerika Vize Ba\u015fvuru Merkezi\",\"description\":\"\",\"potentialAction\":[{\"@type\":\"SearchAction\",\"target\":{\"@type\":\"EntryPoint\",\"urlTemplate\":\"https:\\\/\\\/www.myvize.com.tr\\\/amerika\\\/?s={search_term_string}\"},\"query-input\":{\"@type\":\"PropertyValueSpecification\",\"valueRequired\":true,\"valueName\":\"search_term_string\"}}],\"inLanguage\":\"tr\"}]}<\/script>\n<!-- \/ Yoast SEO plugin. -->","yoast_head_json":{"title":"Amerika Vizesi Ba\u015fvuru Formu - MyVize","description":"Amerika Vizesi Ba\u015fvuru Formu Nas\u0131l Doldurulur? Amerika Vize Ba\u015fvuru Formu Hakk\u0131nda Bilgi Almak \u0130\u00e7in Hemen T\u0131kla.","robots":{"index":"index","follow":"follow","max-snippet":"max-snippet:-1","max-image-preview":"max-image-preview:large","max-video-preview":"max-video-preview:-1"},"canonical":"https:\/\/www.myvize.com.tr\/amerika\/ds-160-formu\/amerika-vize-basvuru-formu\/","og_locale":"tr_TR","og_type":"article","og_title":"Amerika Vizesi Ba\u015fvuru Formu - MyVize","og_description":"Amerika Vizesi Ba\u015fvuru Formu Nas\u0131l Doldurulur? Amerika Vize Ba\u015fvuru Formu Hakk\u0131nda Bilgi Almak \u0130\u00e7in Hemen T\u0131kla.","og_url":"https:\/\/www.myvize.com.tr\/amerika\/ds-160-formu\/amerika-vize-basvuru-formu\/","og_site_name":"Amerika Vizesi","article_modified_time":"2022-03-19T12:53:11+00:00","og_image":[{"url":"https:\/\/www.myvize.com.tr\/amerika\/wp-content\/uploads\/2021\/09\/54.jpg","type":"","width":"","height":""}],"twitter_card":"summary_large_image","twitter_misc":{"Tahmini okuma s\u00fcresi":"7 dakika"},"schema":{"@context":"https:\/\/schema.org","@graph":[{"@type":"WebPage","@id":"https:\/\/www.myvize.com.tr\/amerika\/ds-160-formu\/amerika-vize-basvuru-formu\/","url":"https:\/\/www.myvize.com.tr\/amerika\/ds-160-formu\/amerika-vize-basvuru-formu\/","name":"Amerika Vizesi Ba\u015fvuru Formu - MyVize","isPartOf":{"@id":"https:\/\/www.myvize.com.tr\/amerika\/#website"},"primaryImageOfPage":{"@id":"https:\/\/www.myvize.com.tr\/amerika\/ds-160-formu\/amerika-vize-basvuru-formu\/#primaryimage"},"image":{"@id":"https:\/\/www.myvize.com.tr\/amerika\/ds-160-formu\/amerika-vize-basvuru-formu\/#primaryimage"},"thumbnailUrl":"https:\/\/www.myvize.com.tr\/amerika\/wp-content\/uploads\/2021\/09\/54.jpg","datePublished":"2020-12-21T13:10:13+00:00","dateModified":"2022-03-19T12:53:11+00:00","description":"Amerika Vizesi Ba\u015fvuru Formu Nas\u0131l Doldurulur? Amerika Vize Ba\u015fvuru Formu Hakk\u0131nda Bilgi Almak \u0130\u00e7in Hemen T\u0131kla.","breadcrumb":{"@id":"https:\/\/www.myvize.com.tr\/amerika\/ds-160-formu\/amerika-vize-basvuru-formu\/#breadcrumb"},"inLanguage":"tr","potentialAction":[{"@type":"ReadAction","target":["https:\/\/www.myvize.com.tr\/amerika\/ds-160-formu\/amerika-vize-basvuru-formu\/"]}]},{"@type":"ImageObject","inLanguage":"tr","@id":"https:\/\/www.myvize.com.tr\/amerika\/ds-160-formu\/amerika-vize-basvuru-formu\/#primaryimage","url":"https:\/\/www.myvize.com.tr\/amerika\/wp-content\/uploads\/2021\/09\/54.jpg","contentUrl":"https:\/\/www.myvize.com.tr\/amerika\/wp-content\/uploads\/2021\/09\/54.jpg","width":800,"height":500,"caption":"Amerika"},{"@type":"BreadcrumbList","@id":"https:\/\/www.myvize.com.tr\/amerika\/ds-160-formu\/amerika-vize-basvuru-formu\/#breadcrumb","itemListElement":[{"@type":"ListItem","position":1,"name":"Anasayfa","item":"https:\/\/www.myvize.com.tr\/amerika\/"},{"@type":"ListItem","position":2,"name":"Amerika DS-160 Formu","item":"https:\/\/www.myvize.com.tr\/amerika\/ds-160-formu\/"},{"@type":"ListItem","position":3,"name":"Amerika Vize Ba\u015fvuru Formu"}]},{"@type":"WebSite","@id":"https:\/\/www.myvize.com.tr\/amerika\/#website","url":"https:\/\/www.myvize.com.tr\/amerika\/","name":"MyVize Amerika Vize Ba\u015fvuru Merkezi","description":"","potentialAction":[{"@type":"SearchAction","target":{"@type":"EntryPoint","urlTemplate":"https:\/\/www.myvize.com.tr\/amerika\/?s={search_term_string}"},"query-input":{"@type":"PropertyValueSpecification","valueRequired":true,"valueName":"search_term_string"}}],"inLanguage":"tr"}]}},"_links":{"self":[{"href":"https:\/\/www.myvize.com.tr\/amerika\/wp-json\/wp\/v2\/pages\/307","targetHints":{"allow":["GET"]}}],"collection":[{"href":"https:\/\/www.myvize.com.tr\/amerika\/wp-json\/wp\/v2\/pages"}],"about":[{"href":"https:\/\/www.myvize.com.tr\/amerika\/wp-json\/wp\/v2\/types\/page"}],"author":[{"embeddable":true,"href":"https:\/\/www.myvize.com.tr\/amerika\/wp-json\/wp\/v2\/users\/1"}],"replies":[{"embeddable":true,"href":"https:\/\/www.myvize.com.tr\/amerika\/wp-json\/wp\/v2\/comments?post=307"}],"version-history":[{"count":8,"href":"https:\/\/www.myvize.com.tr\/amerika\/wp-json\/wp\/v2\/pages\/307\/revisions"}],"predecessor-version":[{"id":1349,"href":"https:\/\/www.myvize.com.tr\/amerika\/wp-json\/wp\/v2\/pages\/307\/revisions\/1349"}],"up":[{"embeddable":true,"href":"https:\/\/www.myvize.com.tr\/amerika\/wp-json\/wp\/v2\/pages\/199"}],"wp:attachment":[{"href":"https:\/\/www.myvize.com.tr\/amerika\/wp-json\/wp\/v2\/media?parent=307"}],"curies":[{"name":"wp","href":"https:\/\/api.w.org\/{rel}","templated":true}]}}