{"id":323,"date":"2020-12-22T12:15:08","date_gmt":"2020-12-22T09:15:08","guid":{"rendered":"https:\/\/www.myvize.com.tr\/amerika\/?page_id=323"},"modified":"2022-07-29T14:35:08","modified_gmt":"2022-07-29T11:35:08","slug":"duyurular","status":"publish","type":"page","link":"https:\/\/www.myvize.com.tr\/amerika\/duyurular\/","title":{"rendered":"DUYURULAR"},"content":{"rendered":"<p><span style=\"font-family: Roboto;\"><\/span><\/p>\r\n<h2 class=\"wp-block-heading\"><span style=\"font-family: Roboto; font-size: 27px;\"><strong>Covid\u00a019 Kapsam\u0131nda Amerika Birle\u015fik Devletleri Vizesi ile \u0130lgili Son Durum\u00a0\u00a0<\/strong><\/span><\/h2>\r\n<p><span style=\"font-family: Roboto; font-size: 14px;\">\r\n\r\n<\/span><\/p>\r\n<p><span style=\"font-family: Roboto; font-size: 14px;\">Covid\u00a019 kurallar\u0131 kapsam\u0131nda vize i\u015flemlerinin ve yurt d\u0131\u015f\u0131 seyahatlerinin nas\u0131l yap\u0131laca\u011f\u0131 herkes taraf\u0131ndan merak edilmekte. Merak edilen \u00fclkelerden birisi de T\u00fcrkiye\u2019den s\u0131k\u00e7a seyahat yap\u0131lan Amerika Birle\u015fik Devletleri. Amerika Birle\u015fik Devletleri d\u0131\u015f temsilciliklerinden\u00a0Covid\u00a019 kapsam\u0131nda yap\u0131lan en g\u00fcncel a\u00e7\u0131klama ise \u015f\u00f6yle:\u00a0<\/span><\/p>\r\n<p><span style=\"font-family: Roboto; font-size: 14px;\">\r\n\r\n<\/span><\/p>\r\n<p><span style=\"font-family: Roboto; font-size: 14px;\">Amerika Birle\u015fik Devletleri d\u0131\u015f temsilcilikleri vize i\u015flemlerinin g\u00fcncel olarak devam etti\u011fini buna ek olarak\u00a0pandemi\u00a0kapsam\u0131nda \u00f6nlemler al\u0131nd\u0131\u011f\u0131n\u0131 da ekledi.\u00a0\u00a0<\/span><\/p>\r\n<p><span style=\"font-family: Roboto; font-size: 14px;\">\r\n\r\n<\/span><\/p>\r\n<h2 class=\"wp-block-heading\"><span style=\"font-family: Roboto; font-size: 27px;\"><strong>Amerika Birle\u015fik Devletleri Vizesi A\u00e7\u0131ld\u0131 M\u0131?\u00a0\u00a0<\/strong><\/span><\/h2>\r\n<p><span style=\"font-family: Roboto; font-size: 14px;\">\r\n\r\n<\/span><\/p>\r\n<p><span style=\"font-family: Roboto; font-size: 14px;\">Amerika Birle\u015fik Devletleri d\u0131\u015f temsilcilik yetkililerin yapt\u0131\u011f\u0131 a\u00e7\u0131klamaya g\u00f6re ki\u015filer Amerika Birle\u015fik Devletleri vize ba\u015fvuru i\u015flemlerini \u00f6nceden oldu\u011fu gibi\u00a0ancak belirli kategoriler i\u00e7in\u00a0y\u00fcr\u00fctebilecekler.\u00a0\u00a0<\/span><\/p>\r\n<p><span style=\"font-family: Roboto; font-size: 14px;\">\r\n\r\n<\/span><\/p>\r\n<h2 class=\"wp-block-heading\"><span style=\"font-family: Roboto; font-size: 14px;\"><strong>\u00d6nemli Bilgiler:\u00a0\u00a0<\/strong><\/span><\/h2>\r\n<p><span style=\"font-family: Roboto; font-size: 14px;\">\r\n\r\n<\/span><\/p>\r\n<ul class=\"wp-block-list\">\r\n<li><span style=\"font-family: Roboto; font-size: 14px;\">Ki\u015filer mutlaka Amerika Birle\u015fik Devletleri vize i\u015flemlerinden \u00f6nce randevu almak zorundalar.\u00a0<\/span><\/li>\r\n<li><span style=\"font-family: Roboto; font-size: 14px;\">Ki\u015filer Amerika Birle\u015fik Devletleri randevular\u0131na yaln\u0131zca https:\/\/ais.usvisa-info.com\/en-tr\/niv\u00a0adresinden alabilmekteler\u00a0\u00a0<\/span><\/li>\r\n<li><span style=\"font-family: Roboto; font-size: 14px;\">Amerika Birle\u015fik Devletleri temsilciliklerinden i\u015fleme a\u00e7\u0131lan kategoriler a\u015fa\u011f\u0131daki gibidir:\u00a0<\/span><\/li>\r\n<\/ul>\r\n<p><span style=\"font-family: Roboto; font-size: 14px;\">\r\n\r\n<\/span><\/p>\r\n<ol class=\"wp-block-list\">\r\n<li><span style=\"font-family: Roboto; font-size: 14px;\">ABD B\u00fcy\u00fckel\u00e7ili\u011fi ile \u0130stanbul ABD Ba\u015fkonsoloslu\u011fu\u00a0ile yap\u0131lacak g\u00f6r\u00fc\u015fmelerle \u00f6\u011frenci ve de\u011fi\u015fim vizeleri yap\u0131labilmekte. Bu kategoriye F-M-J tipi\u00a0vizeler dahildir.\u00a0<\/span><\/li>\r\n<li><span style=\"font-family: Roboto; font-size: 14px;\">Dilek\u00e7e ile yap\u0131lacak Ge\u00e7ici \u0130stihdam vizesi i\u00e7in s\u0131n\u0131rl\u0131da olsa ABD B\u00fcy\u00fckel\u00e7ili\u011fi ile \u0130stanbul ABD Ba\u015fkonsoloslu\u011fu\u00a0hizmet sa\u011flamakta.\u00a0<\/span><\/li>\r\n<\/ol>\r\n<p><span style=\"font-family: Roboto; font-size: 14px;\">\r\n\r\n<\/span><\/p>\r\n<ul class=\"wp-block-list\">\r\n<li><span style=\"font-family: Roboto; font-size: 14px;\">Ki\u015filer e\u011fer T\u00fcrkiye\u2019de ikamet etmiyorlarsa g\u00f6\u00e7men olmayan vize hizmetlerinden faydalanamamaktalar.\u00a0<\/span><\/li>\r\n<\/ul>\r\n<p><span style=\"font-family: Roboto; font-size: 14px;\">\r\n\r\n<\/span><\/p>\r\n<p><span style=\"font-family: Roboto; font-size: 14px;\">Ki\u015filer Amerika Birle\u015fik Devletleri vize i\u015flemleri i\u00e7in g\u00fcncel bilgiler alabilmek ad\u0131na Amerika Birle\u015fik Devletleri d\u0131\u015f temsilcilikleri ile irtibata ge\u00e7ebilir ya da Amerika Birle\u015fik Devletleri d\u0131\u015f temsilciliklerinin onaylad\u0131\u011f\u0131 temsilcilikler ve acentelerle g\u00f6r\u00fc\u015febilirler.\u00a0\u00a0<\/span><\/p>\r\n<p><span style=\"font-family: Roboto;\"><\/span><\/p>","protected":false},"excerpt":{"rendered":"<p>Covid\u00a019 Kapsam\u0131nda Amerika Birle\u015fik Devletleri Vizesi ile \u0130lgili Son Durum\u00a0\u00a0 Covid\u00a019 kurallar\u0131 kapsam\u0131nda vize i\u015flemlerinin ve yurt d\u0131\u015f\u0131 seyahatlerinin nas\u0131l yap\u0131laca\u011f\u0131 herkes taraf\u0131ndan merak edilmekte. Merak edilen \u00fclkelerden birisi de T\u00fcrkiye\u2019den s\u0131k\u00e7a seyahat yap\u0131lan Amerika Birle\u015fik Devletleri. Amerika Birle\u015fik Devletleri d\u0131\u015f temsilciliklerinden\u00a0Covid\u00a019 kapsam\u0131nda yap\u0131lan en g\u00fcncel a\u00e7\u0131klama ise \u015f\u00f6yle:\u00a0 Amerika Birle\u015fik Devletleri d\u0131\u015f temsilcilikleri vize<\/p>\n","protected":false},"author":1,"featured_media":0,"parent":0,"menu_order":0,"comment_status":"open","ping_status":"closed","template":"","meta":{"footnotes":""},"class_list":["post-323","page","type-page","status-publish","hentry"],"yoast_head":"<!-- This site is optimized with the Yoast SEO plugin v27.4 - https:\/\/yoast.com\/product\/yoast-seo-wordpress\/ -->\n<title>Amerika Konsoloslu\u011fu Duyurular - MyVize<\/title>\n<meta name=\"description\" content=\"Amerika Duyurular\u0131 Nelerdir? Amerika Duyurular 2022 G\u00fcncel Listesi. Amerika Covid19 Duyurular\u0131. Bilgi \u0130\u00e7in Hemen Aray\u0131n: 0850 346 84 93\" \/>\n<meta name=\"robots\" content=\"index, follow, max-snippet:-1, max-image-preview:large, max-video-preview:-1\" \/>\n<link rel=\"canonical\" href=\"https:\/\/www.myvize.com.tr\/amerika\/duyurular\/\" \/>\n<meta property=\"og:locale\" content=\"tr_TR\" \/>\n<meta property=\"og:type\" content=\"article\" \/>\n<meta property=\"og:title\" content=\"Amerika Konsoloslu\u011fu Duyurular - MyVize\" \/>\n<meta property=\"og:description\" content=\"Amerika Duyurular\u0131 Nelerdir? Amerika Duyurular 2022 G\u00fcncel Listesi. Amerika Covid19 Duyurular\u0131. Bilgi \u0130\u00e7in Hemen Aray\u0131n: 0850 346 84 93\" \/>\n<meta property=\"og:url\" content=\"https:\/\/www.myvize.com.tr\/amerika\/duyurular\/\" \/>\n<meta property=\"og:site_name\" content=\"Amerika Vizesi\" \/>\n<meta property=\"article:modified_time\" content=\"2022-07-29T11:35:08+00:00\" \/>\n<meta name=\"twitter:card\" content=\"summary_large_image\" \/>\n<meta name=\"twitter:label1\" content=\"Tahmini okuma s\u00fcresi\" \/>\n\t<meta name=\"twitter:data1\" content=\"1 dakika\" \/>\n<script type=\"application\/ld+json\" class=\"yoast-schema-graph\">{\"@context\":\"https:\\\/\\\/schema.org\",\"@graph\":[{\"@type\":\"WebPage\",\"@id\":\"https:\\\/\\\/www.myvize.com.tr\\\/amerika\\\/duyurular\\\/\",\"url\":\"https:\\\/\\\/www.myvize.com.tr\\\/amerika\\\/duyurular\\\/\",\"name\":\"Amerika Konsoloslu\u011fu Duyurular - MyVize\",\"isPartOf\":{\"@id\":\"https:\\\/\\\/www.myvize.com.tr\\\/amerika\\\/#website\"},\"datePublished\":\"2020-12-22T09:15:08+00:00\",\"dateModified\":\"2022-07-29T11:35:08+00:00\",\"description\":\"Amerika Duyurular\u0131 Nelerdir? Amerika Duyurular 2022 G\u00fcncel Listesi. Amerika Covid19 Duyurular\u0131. Bilgi \u0130\u00e7in Hemen Aray\u0131n: 0850 346 84 93\",\"breadcrumb\":{\"@id\":\"https:\\\/\\\/www.myvize.com.tr\\\/amerika\\\/duyurular\\\/#breadcrumb\"},\"inLanguage\":\"tr\",\"potentialAction\":[{\"@type\":\"ReadAction\",\"target\":[\"https:\\\/\\\/www.myvize.com.tr\\\/amerika\\\/duyurular\\\/\"]}]},{\"@type\":\"BreadcrumbList\",\"@id\":\"https:\\\/\\\/www.myvize.com.tr\\\/amerika\\\/duyurular\\\/#breadcrumb\",\"itemListElement\":[{\"@type\":\"ListItem\",\"position\":1,\"name\":\"Anasayfa\",\"item\":\"https:\\\/\\\/www.myvize.com.tr\\\/amerika\\\/\"},{\"@type\":\"ListItem\",\"position\":2,\"name\":\"DUYURULAR\"}]},{\"@type\":\"WebSite\",\"@id\":\"https:\\\/\\\/www.myvize.com.tr\\\/amerika\\\/#website\",\"url\":\"https:\\\/\\\/www.myvize.com.tr\\\/amerika\\\/\",\"name\":\"MyVize Amerika Vize Ba\u015fvuru Merkezi\",\"description\":\"\",\"potentialAction\":[{\"@type\":\"SearchAction\",\"target\":{\"@type\":\"EntryPoint\",\"urlTemplate\":\"https:\\\/\\\/www.myvize.com.tr\\\/amerika\\\/?s={search_term_string}\"},\"query-input\":{\"@type\":\"PropertyValueSpecification\",\"valueRequired\":true,\"valueName\":\"search_term_string\"}}],\"inLanguage\":\"tr\"}]}<\/script>\n<!-- \/ Yoast SEO plugin. -->","yoast_head_json":{"title":"Amerika Konsoloslu\u011fu Duyurular - MyVize","description":"Amerika Duyurular\u0131 Nelerdir? Amerika Duyurular 2022 G\u00fcncel Listesi. Amerika Covid19 Duyurular\u0131. Bilgi \u0130\u00e7in Hemen Aray\u0131n: 0850 346 84 93","robots":{"index":"index","follow":"follow","max-snippet":"max-snippet:-1","max-image-preview":"max-image-preview:large","max-video-preview":"max-video-preview:-1"},"canonical":"https:\/\/www.myvize.com.tr\/amerika\/duyurular\/","og_locale":"tr_TR","og_type":"article","og_title":"Amerika Konsoloslu\u011fu Duyurular - MyVize","og_description":"Amerika Duyurular\u0131 Nelerdir? Amerika Duyurular 2022 G\u00fcncel Listesi. Amerika Covid19 Duyurular\u0131. Bilgi \u0130\u00e7in Hemen Aray\u0131n: 0850 346 84 93","og_url":"https:\/\/www.myvize.com.tr\/amerika\/duyurular\/","og_site_name":"Amerika Vizesi","article_modified_time":"2022-07-29T11:35:08+00:00","twitter_card":"summary_large_image","twitter_misc":{"Tahmini okuma s\u00fcresi":"1 dakika"},"schema":{"@context":"https:\/\/schema.org","@graph":[{"@type":"WebPage","@id":"https:\/\/www.myvize.com.tr\/amerika\/duyurular\/","url":"https:\/\/www.myvize.com.tr\/amerika\/duyurular\/","name":"Amerika Konsoloslu\u011fu Duyurular - MyVize","isPartOf":{"@id":"https:\/\/www.myvize.com.tr\/amerika\/#website"},"datePublished":"2020-12-22T09:15:08+00:00","dateModified":"2022-07-29T11:35:08+00:00","description":"Amerika Duyurular\u0131 Nelerdir? Amerika Duyurular 2022 G\u00fcncel Listesi. Amerika Covid19 Duyurular\u0131. Bilgi \u0130\u00e7in Hemen Aray\u0131n: 0850 346 84 93","breadcrumb":{"@id":"https:\/\/www.myvize.com.tr\/amerika\/duyurular\/#breadcrumb"},"inLanguage":"tr","potentialAction":[{"@type":"ReadAction","target":["https:\/\/www.myvize.com.tr\/amerika\/duyurular\/"]}]},{"@type":"BreadcrumbList","@id":"https:\/\/www.myvize.com.tr\/amerika\/duyurular\/#breadcrumb","itemListElement":[{"@type":"ListItem","position":1,"name":"Anasayfa","item":"https:\/\/www.myvize.com.tr\/amerika\/"},{"@type":"ListItem","position":2,"name":"DUYURULAR"}]},{"@type":"WebSite","@id":"https:\/\/www.myvize.com.tr\/amerika\/#website","url":"https:\/\/www.myvize.com.tr\/amerika\/","name":"MyVize Amerika Vize Ba\u015fvuru Merkezi","description":"","potentialAction":[{"@type":"SearchAction","target":{"@type":"EntryPoint","urlTemplate":"https:\/\/www.myvize.com.tr\/amerika\/?s={search_term_string}"},"query-input":{"@type":"PropertyValueSpecification","valueRequired":true,"valueName":"search_term_string"}}],"inLanguage":"tr"}]}},"_links":{"self":[{"href":"https:\/\/www.myvize.com.tr\/amerika\/wp-json\/wp\/v2\/pages\/323","targetHints":{"allow":["GET"]}}],"collection":[{"href":"https:\/\/www.myvize.com.tr\/amerika\/wp-json\/wp\/v2\/pages"}],"about":[{"href":"https:\/\/www.myvize.com.tr\/amerika\/wp-json\/wp\/v2\/types\/page"}],"author":[{"embeddable":true,"href":"https:\/\/www.myvize.com.tr\/amerika\/wp-json\/wp\/v2\/users\/1"}],"replies":[{"embeddable":true,"href":"https:\/\/www.myvize.com.tr\/amerika\/wp-json\/wp\/v2\/comments?post=323"}],"version-history":[{"count":6,"href":"https:\/\/www.myvize.com.tr\/amerika\/wp-json\/wp\/v2\/pages\/323\/revisions"}],"predecessor-version":[{"id":1459,"href":"https:\/\/www.myvize.com.tr\/amerika\/wp-json\/wp\/v2\/pages\/323\/revisions\/1459"}],"wp:attachment":[{"href":"https:\/\/www.myvize.com.tr\/amerika\/wp-json\/wp\/v2\/media?parent=323"}],"curies":[{"name":"wp","href":"https:\/\/api.w.org\/{rel}","templated":true}]}}