{"id":341,"date":"2020-12-28T11:16:20","date_gmt":"2020-12-28T08:16:20","guid":{"rendered":"https:\/\/www.myvize.com.tr\/amerika\/?page_id=341"},"modified":"2022-10-03T13:02:35","modified_gmt":"2022-10-03T10:02:35","slug":"izmir","status":"publish","type":"page","link":"https:\/\/www.myvize.com.tr\/amerika\/subelerimiz\/izmir\/","title":{"rendered":"Amerika Vizesi , \u0130zmir"},"content":{"rendered":"<h2><strong><span style=\"font-size: 27px; font-family: Roboto;\">Amerika Vize Ba\u015fvuru Merkezi, \u0130zmir<\/span><\/strong><\/h2>\n<p><span style=\"font-family: Roboto; font-size: 14px;\"><strong>Amerika Birle\u015fik Devletleri\u00a0\u00a0<\/strong>denilince kelimeler kifayetsiz kal\u0131yor kimi insanlar i\u00e7in. Nitekim ki\u015filer okumak i\u00e7in, \u00e7al\u0131\u015fmak i\u00e7in<strong>\u00a0<\/strong>gezip g\u00f6rmek i\u00e7in, tamamen orada ya\u015famak i\u00e7in bu \u00fclkeye gitmek istiyor. \u00a0Bu durum bir\u00e7ok kentte ya\u015fan\u0131yor. Bu \u00fclkeye gitmek i\u00e7in at\u0131lmas\u0131 gereken ilk ad\u0131m ise vize al\u0131nmas\u0131 oluyor. \u0130zmir kentinde ya\u015fay\u0131p<strong>\u00a0<span style=\"color: #2acec2;\"><a style=\"color: #2acec2;\" href=\"https:\/\/www.myvize.com.tr\/amerika\/amerika-vizesi\/\" target=\"_blank\" rel=\"noopener\">Amerika vizesi<\/a><\/span> \u0130zmir\u00a0<\/strong>kentinden nas\u0131l halledilir diye merak edenler bu yaz\u0131da bu sorunun yan\u0131t\u0131n\u0131 en ince ayr\u0131nt\u0131s\u0131na kadar bulabilecekler. Burada \u00f6ncelikli olarak \u015funu ba\u015ftan ifade etmek gerekir ki <strong>Amerika Birle\u015fik Devletleri<\/strong> iki ana ba\u015fl\u0131k alt\u0131nda toplan\u0131r. Bunlar g\u00f6\u00e7menler i\u00e7in olan vizelerdir. Di\u011feri ise g\u00f6\u00e7men olmayan ki\u015filer i\u00e7in olan vize t\u00fcrleridir. Buna uygun ad\u0131mlar at\u0131lmal\u0131d\u0131r.<\/span><\/p>\n<h2><strong><span style=\"font-family: Roboto; font-size: 27px;\">Amerika \u0130zmir Vize \u0130\u015flemleri<\/span><\/strong><\/h2>\n<p><span style=\"font-family: Roboto; font-size: 14px;\"><strong>Amerika \u0130zmir vize i\u015flemleri<\/strong>, Amerika vizelerinizi \u0130zmir\u2019den alabilirsiniz. \u0130zmir\u2019de oturman\u0131za gerek yoktur. \u0130zmir\u2019de Amerika B\u00fcy\u00fckel\u00e7ili\u011fi veya Konsoloslu\u011fu yoktur. Amerika vizenizi \u0130zmir\u2019den almak i\u00e7in, Amerika\u2019ya yap\u0131lacak seyahatlerde seyahatin niteli\u011fi belirlendikten sonra, Seyahat t\u00fcr\u00fcne g\u00f6re evraklar haz\u0131rlan\u0131r. Bundan \u00f6nce Amerika vize ba\u015fvuru formu doldurulur. Vize ba\u015fvuru formu Amerika Konsoloslu\u011fu taraf\u0131ndan haz\u0131rlanan resmi bir evrakt\u0131r. Buraya verilecek bilgiler do\u011fru ve g\u00fcncel bilgiler olmas\u0131 gereklidir.<\/span><\/p>\n<p><span style=\"font-family: Roboto; font-size: 14px;\">Amerika seyahatine uygun evraklar haz\u0131rlan\u0131r ve Amerika Konsoloslu\u011fu\u2019nun internet sayfas\u0131 \u00fczerinden veya telefonla <strong>Amerika \u0130zmir vize randevusu<\/strong> al\u0131n\u0131r. Randevu alma i\u015fleminde de sorulacak sorulara da do\u011fru ve g\u00fcncel olan cevaplar verilmelidir. Amerika vize ba\u015fvurusu i\u00e7in haz\u0131rlanan evraklar ile Amerika \u0130zmir Konsoloslu\u011fu\u2019na gidilir ve vize ba\u015fvuru evraklar\u0131 teslim edilir. Bu i\u015flemleri yapt\u0131ktan sonra <strong>Amerika vize ba\u015fvuru i\u015flemleri<\/strong> sona ermi\u015f olur. Fakat Amerika vizesi ba\u015fvuru s\u0131ras\u0131nda konsolosluk gerekirse vize ba\u015fvurusunda bulunacak ki\u015fiyi m\u00fclakata \u00e7a\u011f\u0131rabilir. 14 ya\u015f\u0131ndan k\u00fc\u00e7\u00fckler m\u00fclakata \u00e7a\u011fr\u0131lmaz. Di\u011fer yandan Amerika Konsoloslu\u011fu\u2019nda evraklar teslim edildikten sonra vize ba\u015fvurusunu yapan ki\u015finin parmak izleri al\u0131n\u0131r. Amerika \u0130zmir vize ba\u015fvurular\u0131 15 g\u00fcn i\u00e7erisinde a\u00e7\u0131klan\u0131r.<\/span><\/p>\n<h2><span style=\"font-family: Roboto; font-size: 27px;\"><strong>Amerika \u0130zmir Vize Randevusu<\/strong><\/span><\/h2>\n<p><span style=\"font-family: Roboto; font-size: 14px;\"><strong>Amerika \u0130zmir vize randevusu\u00a0<\/strong>\u0130zmir kentinden yap\u0131labilecek olan bir durum de\u011fildir. Bunun nedeni ise \u0130zmir kentinde Amerikan H\u00fck\u00fcmetine ait bir konsolosluk ya da b\u00fcy\u00fckel\u00e7ilik bulunmamas\u0131d\u0131r. Kentte sadece<strong> Amerika Birle\u015fik Devletleri<\/strong> \u0130zmir Fahri Konsoloslu\u011fu vard\u0131r. Onlar da sadece \u00fclkemizde ya\u015fayan Amerikan vatanda\u015flar\u0131na hizmet vermektedir. O y\u00fczden vize randevusu almak i\u00e7in Ankara ya da \u0130stanbul kentinde olan <strong>Amerikan B\u00fcy\u00fckel\u00e7ilik<\/strong> ya da<strong> Amerikan Konsoloslu\u011fu<\/strong> vize b\u00f6l\u00fcmlerinden kurumlar\u0131n \u00e7al\u0131\u015fma saati i\u00e7inde randevu talep edilmesi gerekir. Vize randevular\u0131 bu \u00fclkeye gitmeden alt\u0131 ve sekiz hafta \u00f6ncesinde yap\u0131lmal\u0131d\u0131r. Son g\u00fcnlere b\u0131rak\u0131lmamal\u0131d\u0131r. Aksi halde istenmeyen durumlar olabilir. Gecikmeler aksakl\u0131klar ya\u015fanabilir.\u00a0 O y\u00fczden olabildi\u011fince \u00f6nceden ba\u015fvuru yap\u0131lmas\u0131 gerekir.<\/span><\/p>\n<h2><span style=\"font-family: Roboto; font-size: 27px;\"><strong>Amerika \u0130zmir Vize Ba\u015fvurusu<\/strong><\/span><\/h2>\n<p><span style=\"font-family: Roboto; font-size: 14px;\">\u00dcstte verilen bu bilgilerden sonra \u015fimdi de\u00a0<strong>Amerika \u0130zmir vize ba\u015fvurusu\u00a0<\/strong>nas\u0131l yap\u0131l\u0131r sorusunun yan\u0131tlar\u0131n\u0131 ad\u0131m ad\u0131m a\u00e7\u0131klayal\u0131m. \u00d6ncelikli olarak al\u0131nacak olan vize t\u00fcr\u00fcne g\u00f6re istenen evraklar, eksiksiz tam ve do\u011fru bir bi\u00e7imde haz\u0131rlan\u0131r. Online olarak doldurulmas\u0131 gereken form<strong> Amerika B\u00fcy\u00fckel\u00e7i\u011fi<\/strong>\u00a0sitesinden doldurulur. Di\u011fer istenen evraklar haz\u0131rlan\u0131r. Bunun sonras\u0131nda elbette vize ba\u015fvuru \u00fccreti \u00f6denir. Sonras\u0131nda <strong>Amerikan B\u00fcy\u00fckel\u00e7ili\u011fi<\/strong> ya da Konsoloslu\u011fundan randevu al\u0131narak belirlenen g\u00fcn ve saatte istenen evraklar ile Amerikan B\u00fcy\u00fckel\u00e7ili ya da Konsoloslu\u011funa gidilir. Burada ba\u015fvurular\u0131n bizzat yap\u0131lmas\u0131 gerekir. \u00c7\u00fcnk\u00fc vize ba\u015fvurusu s\u0131ras\u0131nda parmak izi al\u0131nmaktad\u0131r. Sonras\u0131nda s\u00fcre\u00e7 ba\u015flar. Randevu saatinde istenen evraklar ile kurumda olmak son derece \u00f6nemlidir.<\/span><\/p>\n<h3><strong><span style=\"font-family: Roboto; font-size: 24px;\">Amerika Vizesi Almak \u0130\u00e7in Gerekli Evraklar \u0130zmir<\/span><\/strong><\/h3>\n<p><span style=\"font-family: Roboto; font-size: 14px;\"><strong>Amerika vizesi almak i\u00e7in gerekli evraklar \u0130zmir<\/strong>, Amerika seyahati yapmay\u0131 d\u00fc\u015f\u00fcnen ki\u015filer seyahatlerinin nedenine g\u00f6re vize t\u00fcrleri evraklar\u0131n\u0131 haz\u0131rlamalar\u0131 uygun olur. Amerika vizesi almak i\u00e7in haz\u0131rlanacak evraklar \u015funlard\u0131r.<\/span><\/p>\n<p><span style=\"font-family: Roboto; font-size: 14px;\"><strong>Pasaport:<\/strong>\u00a0Amerika vizesi ba\u015fvurusunda bulunacak ki\u015fiye ait olan pasaport en az 10 y\u0131ll\u0131k olmas\u0131 gerekir. Pasaport i\u00e7erisinde 2 sayfa bo\u015f olmal\u0131d\u0131r.<\/span><\/p>\n<p><span style=\"font-family: Roboto; font-size: 14px;\"><strong>Amerika DS-160 Vize ba\u015fvuru formu<\/strong>: Amerika Konsoloslu\u011fu sitesine giri\u015f yap\u0131larak \u0130ngilizce dilinde doldurulmas\u0131 gerekir.<\/span><\/p>\n<p><span style=\"font-family: Roboto; font-size: 14px;\"><strong>Biyometrik Foto\u011fraf<\/strong>: Amerika vizesi ba\u015fvurusunda bulunacak ki\u015fiye ait 2 adet biyometrik foto\u011fraf olmal\u0131d\u0131r.<\/span><\/p>\n<p><span style=\"font-family: Roboto; font-size: 14px;\"><strong>N\u00fcfus c\u00fczdan\u0131 ve fotokopisi<\/strong>: Amerika vizesine ba\u015fvuru yapacak ki\u015finin n\u00fcfus c\u00fczdan\u0131 ile fotokopisi olmas\u0131 gerekir.<\/span><\/p>\n<p><span style=\"font-family: Roboto; font-size: 14px;\"><strong>Amerika vizesi i\u00e7in talep dilek\u00e7esi:<\/strong>\u00a0Amerika\u2019ya gidecek ki\u015fi taraf\u0131ndan Amerikan Konsoloslu\u011fu\u2019na hitap edilecek talep dilek\u00e7esi.<\/span><\/p>\n<p><span style=\"font-family: Roboto; font-size: 14px;\"><strong>\u015eirket sahibi veya \u00e7al\u0131\u015fan\u0131<\/strong>: Amerika vize ba\u015fvurusunu yapacak ki\u015fi, \u015firkette \u00e7al\u0131\u015f\u0131yorsa, Amerika Konsoloslu\u011fu\u2019na hitap edilecek bir dilek\u00e7e.<\/span><\/p>\n<p><span style=\"font-family: Roboto; font-size: 14px;\"><strong>Amerika B1\/B2 vize ba\u015fvurusu<\/strong>: Vize ba\u015fvurusunda bulunan ki\u015fi \u015firket sahibi ise, \u015firkete ait antetli bir ka\u011f\u0131da seyahat hakk\u0131nda bilgi verilmi\u015f bir dilek\u00e7e.<\/span><\/p>\n<ul>\n<li><span style=\"font-family: Roboto; font-size: 14px;\">Ticaret sicil gazetesi<\/span><\/li>\n<li><span style=\"font-family: Roboto; font-size: 14px;\">\u0130mza sirk\u00fcs\u00fc<\/span><\/li>\n<li><span style=\"font-family: Roboto; font-size: 14px;\">Vergi levhas\u0131<\/span><\/li>\n<li><span style=\"font-family: Roboto; font-size: 14px;\">Faaliyet belgesi<\/span><\/li>\n<li><span style=\"font-family: Roboto; font-size: 14px;\">\u00d6\u011frenci belgesi<\/span><\/li>\n<li><span style=\"font-family: Roboto; font-size: 14px;\">Seyahat sa\u011fl\u0131k sigortas\u0131<\/span><\/li>\n<li><span style=\"font-family: Roboto; font-size: 14px;\">Banka hesap c\u00fczdan\u0131<\/span><\/li>\n<li><span style=\"font-family: Roboto; font-size: 14px;\">Amerika vizesinin \u00f6dendi dekontu<\/span><\/li>\n<\/ul>\n<h3><span style=\"font-family: Roboto; font-size: 24px;\"><strong>Amerika Vizenizi \u0130zmir&#8217;den Alman\u0131z\u0131n Kolay Yolu<\/strong><\/span><\/h3>\n<p><span style=\"font-family: Roboto; font-size: 14px;\"><strong>Amerikan H\u00fck\u00fcmetinin<\/strong> her bir vize t\u00fcr\u00fcnde istenen \u00e7ok farkl\u0131 t\u00fcrden evraklar vard\u0131r. Bunlar dan ufak bir hata olmas\u0131 durumunda tekrar sil ba\u015ftan yap\u0131lmas\u0131 gerekir. \u0130\u015fte bu sorunlar\u0131n olmamas\u0131 i\u00e7in<strong> Amerika vizenizi \u0130zmir&#8217;den alman\u0131z\u0131n kolay yolu\u00a0<\/strong>bu konuda sizlere yard\u0131mc\u0131 olabilecek acentelerden destek almakt\u0131r. Onlar size belli bir \u00fccret kar\u015f\u0131l\u0131\u011f\u0131nda online olarak doldurulacak formun nas\u0131l doldurulaca\u011f\u0131, di\u011fer evraklar\u0131n nas\u0131l haz\u0131rlanmas\u0131 ve ne t\u00fcr evraklar haz\u0131rlanaca\u011f\u0131 noktas\u0131nda yard\u0131mc\u0131 olurlar. Son derece profesyonel olarak hizmet veren kurumlard\u0131r. Siz de b\u00f6ylece kafan\u0131zda en ufak bir soru i\u015fareti kalmada belgelerinizi haz\u0131rlayarak zaman\u0131 geldi\u011finde vize ba\u015fvurunuzu rahatl\u0131kla yapabilirsiniz. Bu kurumlar Amerika vizesi alma noktas\u0131nda <strong>0 ppm<\/strong> ile \u00e7al\u0131\u015fan kurumlard\u0131r.<\/span><\/p>\n<h3><strong><span style=\"font-family: Roboto; font-size: 24px;\">Amerika Vize Ba\u015fvuru Merkezi \u0130zmir Adres ve \u0130leti\u015fim Bilgileri<\/span><\/strong><\/h3>\n<p><span style=\"font-family: Roboto; font-size: 14px;\"><strong>Amerika vize ba\u015fvuru merkezi \u0130zmir adres ve ileti\u015fim bilgileri<\/strong>, Mustafa Bey Caddesi, 1387 Sokak. No: 1\/8. Alsancak \u0130zmir. Amerika \u0130zmir Konsoloslu\u011fu hafta i\u00e7i, 08.30 ve 16.30 saatleri aras\u0131nda hizmet verir.<\/span><\/p>\n<p><span style=\"font-family: Roboto; font-size: 14px;\">Amerika \u0130zmir Konsoloslu\u011fu Tel No: +90 232 464 8755<\/span><\/p>\n<p><span style=\"font-family: Roboto; font-size: 14px;\">Fax: +90 232 464 8755<\/span><\/p>\n<p><span style=\"font-family: Roboto; font-size: 14px;\">E-Posta:\u00a0<a href=\"mailto:izmir@state.gov\">izmir@state.gov<\/a><\/span><\/p>\n<p><span style=\"font-family: Roboto; font-size: 14px;\">Amerika \u0130zmir Konsoloslu\u011fu\u2019nun diplomatik bir yetkisi bulunmamaktad\u0131r. Amerika vize i\u015flemleri ile T\u00fcrkiye\u2019de oturan Amerikan vatanda\u015flar\u0131n\u0131n N\u00fcfus c\u00fczdan\u0131, pasaport, evlenme, \u00f6l\u00fcm gibi i\u015flemlerinde yard\u0131mc\u0131 olmaktad\u0131r. Amerika \u0130zmir Fahri Konsoloslu\u011fu Amerika ve T\u00fcrkiye\u2019nin resmi tatil g\u00fcnlerinde hizmet vermez. Amerika \u0130zmir Konsoloslu\u011fu, Amerika B\u00fcy\u00fckel\u00e7ili\u011fi ile Amerika Ba\u015fkonsoloslu\u011fu\u2019nun verdi\u011fi talimata g\u00f6re hareket ederler. Amerika vize ba\u015fvurular\u0131n\u0131 kabul eder ve karar verme yetkisi yoktur. Karar verme yetkisi Amerika Ankara B\u00fcy\u00fckel\u00e7ili\u011fi ve Amerika \u0130stanbul Ba\u015fkonsoloslu\u011fu\u2019ndad\u0131r. <strong>Amerika vize ba\u015fvuru<\/strong> i\u015flemlerini yapmadan \u00f6nce resmi tatil g\u00fcnleri hakk\u0131nda bilgi al\u0131n ve ona g\u00f6re vize ba\u015fvurular\u0131n\u0131z\u0131 yap\u0131n. Vize ba\u015fvuru sonu\u00e7lar\u0131 resmi tatil g\u00fcnlerine denk geldi\u011fi zaman ge\u00e7 a\u00e7\u0131klanmaktad\u0131r.<\/span><\/p>\n<p><img decoding=\"async\" src=\"https:\/\/www.myvize.com.tr\/amerika\/wp-content\/uploads\/2021\/09\/6-13.jpg\" \/><\/p>\n","protected":false},"excerpt":{"rendered":"<p>Amerika Vize Ba\u015fvuru Merkezi, \u0130zmir Amerika Birle\u015fik Devletleri\u00a0\u00a0denilince kelimeler kifayetsiz kal\u0131yor kimi insanlar i\u00e7in. Nitekim ki\u015filer okumak i\u00e7in, \u00e7al\u0131\u015fmak i\u00e7in\u00a0gezip g\u00f6rmek i\u00e7in, tamamen orada ya\u015famak i\u00e7in bu \u00fclkeye gitmek istiyor. \u00a0Bu durum bir\u00e7ok kentte ya\u015fan\u0131yor. Bu \u00fclkeye gitmek i\u00e7in at\u0131lmas\u0131 gereken ilk ad\u0131m ise vize al\u0131nmas\u0131 oluyor. \u0130zmir kentinde ya\u015fay\u0131p\u00a0Amerika vizesi \u0130zmir\u00a0kentinden nas\u0131l halledilir diye<\/p>\n","protected":false},"author":1,"featured_media":0,"parent":332,"menu_order":0,"comment_status":"open","ping_status":"closed","template":"","meta":{"footnotes":""},"class_list":["post-341","page","type-page","status-publish","hentry"],"yoast_head":"<!-- This site is optimized with the Yoast SEO plugin v27.4 - https:\/\/yoast.com\/product\/yoast-seo-wordpress\/ -->\n<title>Amerika \u0130zmir Vizesi Ba\u015fvuru \u015eubemiz - MyVize<\/title>\n<meta name=\"description\" content=\"Amerika Vizesi \u0130zmir Vize Ba\u015fvuru \u015eubesi. Amerika Vizesi \u0130zmir Vize Ba\u015fvuru Merkezi. Amerika Vizesi Almak \u0130\u00e7in \u0130zmir \u015eubemizi Hemen Aray\u0131n.\" \/>\n<meta name=\"robots\" content=\"index, follow, max-snippet:-1, max-image-preview:large, max-video-preview:-1\" \/>\n<link rel=\"canonical\" href=\"https:\/\/www.myvize.com.tr\/amerika\/subelerimiz\/izmir\/\" \/>\n<meta property=\"og:locale\" content=\"tr_TR\" \/>\n<meta property=\"og:type\" content=\"article\" \/>\n<meta property=\"og:title\" content=\"Amerika \u0130zmir Vizesi Ba\u015fvuru \u015eubemiz - MyVize\" \/>\n<meta property=\"og:description\" content=\"Amerika Vizesi \u0130zmir Vize Ba\u015fvuru \u015eubesi. Amerika Vizesi \u0130zmir Vize Ba\u015fvuru Merkezi. Amerika Vizesi Almak \u0130\u00e7in \u0130zmir \u015eubemizi Hemen Aray\u0131n.\" \/>\n<meta property=\"og:url\" content=\"https:\/\/www.myvize.com.tr\/amerika\/subelerimiz\/izmir\/\" \/>\n<meta property=\"og:site_name\" content=\"Amerika Vizesi\" \/>\n<meta property=\"article:modified_time\" content=\"2022-10-03T10:02:35+00:00\" \/>\n<meta property=\"og:image\" content=\"https:\/\/www.myvize.com.tr\/amerika\/wp-content\/uploads\/2021\/09\/6-13.jpg\" \/>\n<meta name=\"twitter:card\" content=\"summary_large_image\" \/>\n<meta name=\"twitter:label1\" content=\"Tahmini okuma s\u00fcresi\" \/>\n\t<meta name=\"twitter:data1\" content=\"6 dakika\" \/>\n<script type=\"application\/ld+json\" class=\"yoast-schema-graph\">{\"@context\":\"https:\\\/\\\/schema.org\",\"@graph\":[{\"@type\":\"WebPage\",\"@id\":\"https:\\\/\\\/www.myvize.com.tr\\\/amerika\\\/subelerimiz\\\/izmir\\\/\",\"url\":\"https:\\\/\\\/www.myvize.com.tr\\\/amerika\\\/subelerimiz\\\/izmir\\\/\",\"name\":\"Amerika \u0130zmir Vizesi Ba\u015fvuru \u015eubemiz - MyVize\",\"isPartOf\":{\"@id\":\"https:\\\/\\\/www.myvize.com.tr\\\/amerika\\\/#website\"},\"primaryImageOfPage\":{\"@id\":\"https:\\\/\\\/www.myvize.com.tr\\\/amerika\\\/subelerimiz\\\/izmir\\\/#primaryimage\"},\"image\":{\"@id\":\"https:\\\/\\\/www.myvize.com.tr\\\/amerika\\\/subelerimiz\\\/izmir\\\/#primaryimage\"},\"thumbnailUrl\":\"https:\\\/\\\/www.myvize.com.tr\\\/amerika\\\/wp-content\\\/uploads\\\/2021\\\/09\\\/6-13.jpg\",\"datePublished\":\"2020-12-28T08:16:20+00:00\",\"dateModified\":\"2022-10-03T10:02:35+00:00\",\"description\":\"Amerika Vizesi \u0130zmir Vize Ba\u015fvuru \u015eubesi. Amerika Vizesi \u0130zmir Vize Ba\u015fvuru Merkezi. Amerika Vizesi Almak \u0130\u00e7in \u0130zmir \u015eubemizi Hemen Aray\u0131n.\",\"breadcrumb\":{\"@id\":\"https:\\\/\\\/www.myvize.com.tr\\\/amerika\\\/subelerimiz\\\/izmir\\\/#breadcrumb\"},\"inLanguage\":\"tr\",\"potentialAction\":[{\"@type\":\"ReadAction\",\"target\":[\"https:\\\/\\\/www.myvize.com.tr\\\/amerika\\\/subelerimiz\\\/izmir\\\/\"]}]},{\"@type\":\"ImageObject\",\"inLanguage\":\"tr\",\"@id\":\"https:\\\/\\\/www.myvize.com.tr\\\/amerika\\\/subelerimiz\\\/izmir\\\/#primaryimage\",\"url\":\"https:\\\/\\\/www.myvize.com.tr\\\/amerika\\\/wp-content\\\/uploads\\\/2021\\\/09\\\/6-13.jpg\",\"contentUrl\":\"https:\\\/\\\/www.myvize.com.tr\\\/amerika\\\/wp-content\\\/uploads\\\/2021\\\/09\\\/6-13.jpg\",\"width\":800,\"height\":500,\"caption\":\"Amerika \u015eubelerimiz \u0130zmir\"},{\"@type\":\"BreadcrumbList\",\"@id\":\"https:\\\/\\\/www.myvize.com.tr\\\/amerika\\\/subelerimiz\\\/izmir\\\/#breadcrumb\",\"itemListElement\":[{\"@type\":\"ListItem\",\"position\":1,\"name\":\"Anasayfa\",\"item\":\"https:\\\/\\\/www.myvize.com.tr\\\/amerika\\\/\"},{\"@type\":\"ListItem\",\"position\":2,\"name\":\"\u015eUBELER\u0130M\u0130Z\",\"item\":\"https:\\\/\\\/www.myvize.com.tr\\\/amerika\\\/subelerimiz\\\/\"},{\"@type\":\"ListItem\",\"position\":3,\"name\":\"Amerika Vizesi , \u0130zmir\"}]},{\"@type\":\"WebSite\",\"@id\":\"https:\\\/\\\/www.myvize.com.tr\\\/amerika\\\/#website\",\"url\":\"https:\\\/\\\/www.myvize.com.tr\\\/amerika\\\/\",\"name\":\"MyVize Amerika Vize Ba\u015fvuru Merkezi\",\"description\":\"\",\"potentialAction\":[{\"@type\":\"SearchAction\",\"target\":{\"@type\":\"EntryPoint\",\"urlTemplate\":\"https:\\\/\\\/www.myvize.com.tr\\\/amerika\\\/?s={search_term_string}\"},\"query-input\":{\"@type\":\"PropertyValueSpecification\",\"valueRequired\":true,\"valueName\":\"search_term_string\"}}],\"inLanguage\":\"tr\"}]}<\/script>\n<!-- \/ Yoast SEO plugin. -->","yoast_head_json":{"title":"Amerika \u0130zmir Vizesi Ba\u015fvuru \u015eubemiz - MyVize","description":"Amerika Vizesi \u0130zmir Vize Ba\u015fvuru \u015eubesi. Amerika Vizesi \u0130zmir Vize Ba\u015fvuru Merkezi. Amerika Vizesi Almak \u0130\u00e7in \u0130zmir \u015eubemizi Hemen Aray\u0131n.","robots":{"index":"index","follow":"follow","max-snippet":"max-snippet:-1","max-image-preview":"max-image-preview:large","max-video-preview":"max-video-preview:-1"},"canonical":"https:\/\/www.myvize.com.tr\/amerika\/subelerimiz\/izmir\/","og_locale":"tr_TR","og_type":"article","og_title":"Amerika \u0130zmir Vizesi Ba\u015fvuru \u015eubemiz - MyVize","og_description":"Amerika Vizesi \u0130zmir Vize Ba\u015fvuru \u015eubesi. Amerika Vizesi \u0130zmir Vize Ba\u015fvuru Merkezi. Amerika Vizesi Almak \u0130\u00e7in \u0130zmir \u015eubemizi Hemen Aray\u0131n.","og_url":"https:\/\/www.myvize.com.tr\/amerika\/subelerimiz\/izmir\/","og_site_name":"Amerika Vizesi","article_modified_time":"2022-10-03T10:02:35+00:00","og_image":[{"url":"https:\/\/www.myvize.com.tr\/amerika\/wp-content\/uploads\/2021\/09\/6-13.jpg","type":"","width":"","height":""}],"twitter_card":"summary_large_image","twitter_misc":{"Tahmini okuma s\u00fcresi":"6 dakika"},"schema":{"@context":"https:\/\/schema.org","@graph":[{"@type":"WebPage","@id":"https:\/\/www.myvize.com.tr\/amerika\/subelerimiz\/izmir\/","url":"https:\/\/www.myvize.com.tr\/amerika\/subelerimiz\/izmir\/","name":"Amerika \u0130zmir Vizesi Ba\u015fvuru \u015eubemiz - MyVize","isPartOf":{"@id":"https:\/\/www.myvize.com.tr\/amerika\/#website"},"primaryImageOfPage":{"@id":"https:\/\/www.myvize.com.tr\/amerika\/subelerimiz\/izmir\/#primaryimage"},"image":{"@id":"https:\/\/www.myvize.com.tr\/amerika\/subelerimiz\/izmir\/#primaryimage"},"thumbnailUrl":"https:\/\/www.myvize.com.tr\/amerika\/wp-content\/uploads\/2021\/09\/6-13.jpg","datePublished":"2020-12-28T08:16:20+00:00","dateModified":"2022-10-03T10:02:35+00:00","description":"Amerika Vizesi \u0130zmir Vize Ba\u015fvuru \u015eubesi. Amerika Vizesi \u0130zmir Vize Ba\u015fvuru Merkezi. Amerika Vizesi Almak \u0130\u00e7in \u0130zmir \u015eubemizi Hemen Aray\u0131n.","breadcrumb":{"@id":"https:\/\/www.myvize.com.tr\/amerika\/subelerimiz\/izmir\/#breadcrumb"},"inLanguage":"tr","potentialAction":[{"@type":"ReadAction","target":["https:\/\/www.myvize.com.tr\/amerika\/subelerimiz\/izmir\/"]}]},{"@type":"ImageObject","inLanguage":"tr","@id":"https:\/\/www.myvize.com.tr\/amerika\/subelerimiz\/izmir\/#primaryimage","url":"https:\/\/www.myvize.com.tr\/amerika\/wp-content\/uploads\/2021\/09\/6-13.jpg","contentUrl":"https:\/\/www.myvize.com.tr\/amerika\/wp-content\/uploads\/2021\/09\/6-13.jpg","width":800,"height":500,"caption":"Amerika \u015eubelerimiz \u0130zmir"},{"@type":"BreadcrumbList","@id":"https:\/\/www.myvize.com.tr\/amerika\/subelerimiz\/izmir\/#breadcrumb","itemListElement":[{"@type":"ListItem","position":1,"name":"Anasayfa","item":"https:\/\/www.myvize.com.tr\/amerika\/"},{"@type":"ListItem","position":2,"name":"\u015eUBELER\u0130M\u0130Z","item":"https:\/\/www.myvize.com.tr\/amerika\/subelerimiz\/"},{"@type":"ListItem","position":3,"name":"Amerika Vizesi , \u0130zmir"}]},{"@type":"WebSite","@id":"https:\/\/www.myvize.com.tr\/amerika\/#website","url":"https:\/\/www.myvize.com.tr\/amerika\/","name":"MyVize Amerika Vize Ba\u015fvuru Merkezi","description":"","potentialAction":[{"@type":"SearchAction","target":{"@type":"EntryPoint","urlTemplate":"https:\/\/www.myvize.com.tr\/amerika\/?s={search_term_string}"},"query-input":{"@type":"PropertyValueSpecification","valueRequired":true,"valueName":"search_term_string"}}],"inLanguage":"tr"}]}},"_links":{"self":[{"href":"https:\/\/www.myvize.com.tr\/amerika\/wp-json\/wp\/v2\/pages\/341","targetHints":{"allow":["GET"]}}],"collection":[{"href":"https:\/\/www.myvize.com.tr\/amerika\/wp-json\/wp\/v2\/pages"}],"about":[{"href":"https:\/\/www.myvize.com.tr\/amerika\/wp-json\/wp\/v2\/types\/page"}],"author":[{"embeddable":true,"href":"https:\/\/www.myvize.com.tr\/amerika\/wp-json\/wp\/v2\/users\/1"}],"replies":[{"embeddable":true,"href":"https:\/\/www.myvize.com.tr\/amerika\/wp-json\/wp\/v2\/comments?post=341"}],"version-history":[{"count":7,"href":"https:\/\/www.myvize.com.tr\/amerika\/wp-json\/wp\/v2\/pages\/341\/revisions"}],"predecessor-version":[{"id":1540,"href":"https:\/\/www.myvize.com.tr\/amerika\/wp-json\/wp\/v2\/pages\/341\/revisions\/1540"}],"up":[{"embeddable":true,"href":"https:\/\/www.myvize.com.tr\/amerika\/wp-json\/wp\/v2\/pages\/332"}],"wp:attachment":[{"href":"https:\/\/www.myvize.com.tr\/amerika\/wp-json\/wp\/v2\/media?parent=341"}],"curies":[{"name":"wp","href":"https:\/\/api.w.org\/{rel}","templated":true}]}}