{"id":343,"date":"2020-12-28T11:16:41","date_gmt":"2020-12-28T08:16:41","guid":{"rendered":"https:\/\/www.myvize.com.tr\/amerika\/?page_id=343"},"modified":"2022-03-21T12:44:21","modified_gmt":"2022-03-21T09:44:21","slug":"diyarbakir","status":"publish","type":"page","link":"https:\/\/www.myvize.com.tr\/amerika\/subelerimiz\/diyarbakir\/","title":{"rendered":"Amerika Vizesi , Diyarbak\u0131r"},"content":{"rendered":"<h2><strong><span style=\"font-family: Roboto; font-size: 27px;\">Amerika Vize Ba\u015fvuru Merkezi, Diyarbak\u0131r<\/span><\/strong><\/h2>\n<p><span style=\"font-family: Roboto; font-size: 14px;\">Amerika\u2019ya seyahat edecek olan ve Diyarbak\u0131r \u00e7evresinde ikamet eden ki\u015filer, <strong>Amerika vizesi Diyarbak\u0131r<\/strong> ba\u015fvurusu hakk\u0131nda ara\u015ft\u0131rma yapmaktad\u0131r. Bu yaz\u0131da Amerika vizesi Diyarbak\u0131r ba\u015fvurular\u0131 hakk\u0131nda bilgi verilmi\u015ftir.<\/span><\/p>\n<p><span style=\"font-family: Roboto; font-size: 14px;\"><strong>Amerika vizesi Diyarbak\u0131r<\/strong> ba\u015fvurular\u0131 Amerika\u2019n\u0131n T\u00fcrkiye\u2019de bulunan temsilciliklerine yap\u0131lmaktad\u0131r. <strong>Amerika vizesi Diyarbak\u0131r<\/strong> ba\u015fvuru yapacak olan ki\u015filer, Amerika Diyarbak\u0131r ba\u015fvurusu i\u00e7in randevu almal\u0131d\u0131r. Randevu tarihinde gerekli olan evraklar \u0130ngiltere temsilcili\u011fine teslim edilerek i\u015flemler tamamlanmal\u0131d\u0131r.<\/span><\/p>\n<p><span style=\"font-family: Roboto; font-size: 14px;\"><span style=\"color: #2acec2;\"><strong><a style=\"color: #2acec2;\" href=\"https:\/\/www.myvize.com.tr\/amerika\/amerika-vizesi\/\" target=\"_blank\" rel=\"noopener\">Amerika vizesi<\/a><\/strong><\/span> Diyarbak\u0131r ba\u015fvurular\u0131 i\u00e7in en \u00f6nemli konu ba\u015fvurunun seyahat amac\u0131na uygun olan vize t\u00fcr\u00fcnden yap\u0131lmas\u0131d\u0131r. Vize t\u00fcr\u00fc ve seyahat amac\u0131 birbiri ile uyumlu de\u011fil ise<strong> Amerika vizesi Diyarbak\u0131r<\/strong> ba\u015fvurular\u0131 reddedilmektedir. Ba\u015fvuru yapacak olan ki\u015filer, Amerika\u2019ya yapaca\u011f\u0131 seyahat i\u00e7in alaca\u011f\u0131 vize t\u00fcr\u00fcn\u00fc evraklar ile kan\u0131tlamal\u0131d\u0131r.<\/span><\/p>\n<h2><strong><span style=\"font-family: Roboto; font-size: 27px;\">Amerika Diyarbak\u0131r Vize Randevusu<\/span><\/strong><\/h2>\n<p><span style=\"font-family: Roboto; font-size: 14px;\">Diyarbak\u0131r \u00e7evresinde ikamet eden ve Amerika\u2019ya seyahat etmek isteyen ki\u015filer, <strong>Amerika vize ba\u015fvurusu<\/strong> yapabilmek i\u00e7in randevu almal\u0131d\u0131r.<strong> Amerika seyahatleri<\/strong> i\u00e7in vize alacak olan ki\u015filer, <strong>Amerika Diyarbak\u0131r vize randevusu<\/strong> hakk\u0131nda ara\u015ft\u0131rmak yapmaktad\u0131r Bu yaz\u0131da Amerika Diyarbak\u0131r vize randevusu hakk\u0131nda bilgi verilmi\u015ftir. \u00a0<\/span><\/p>\n<p><span style=\"font-family: Roboto; font-size: 14px;\">Amerika vizesini Diyarbak\u0131r\u2019dan yapacak olan ki\u015filer ba\u015fvuru i\u00e7in randevu almal\u0131d\u0131r. Randevular Amerika temsilciliklerinden al\u0131nmal\u0131d\u0131r. Randevular Amerika Konsoloslu\u011fu\u2019nun internet sitesi \u00fczerinden al\u0131nmaktad\u0131r. \u00a0Randevu saatinden 10 dakika \u00f6nce konsoloslukta olman\u0131z \u00f6nerilmektedir.<\/span><\/p>\n<p><span style=\"font-family: Roboto; font-size: 14px;\"><strong>Amerika Diyarbak\u0131r vize randevusu<\/strong> alm\u0131\u015f olan ki\u015filer, randevu tarihlerini ka\u00e7\u0131rmamaya \u00f6zen g\u00f6stermelidir. Diyarbak\u0131r vize randevusunu ka\u00e7\u0131ran ki\u015filerin i\u015flemleri yap\u0131lmayabilir. Bu duruma ba\u015fvuru yapacak olan ki\u015filerin yeniden vize randevusu almas\u0131 gerekmektedir. Bu durumda Amerika\u2019ya seyahat edecek olan ki\u015filerin seyahat planlar\u0131 aksayabilir.<\/span><\/p>\n<h2><strong><span style=\"font-family: Roboto; font-size: 27px;\">Amerika Diyarbak\u0131r Vize Ba\u015fvurusu<\/span><\/strong><\/h2>\n<p><span style=\"font-family: Roboto; font-size: 14px;\">Amerika\u2019ya seyahat etmek isteyen ve Diyarbak\u0131r\u2019da ikamet eden ki\u015filer, Amerika seyahatleri i\u00e7in Amerika vizesi almal\u0131d\u0131r. Amerika Diyarbak\u0131r vize ba\u015fvurusu yapacak olan ki\u015filer, <strong>Amerika Diyarbak\u0131r vize ba\u015fvurusu<\/strong> hakk\u0131nda ara\u015ft\u0131rma yapmaktad\u0131r. Bu yaz\u0131da <span style=\"color: #2acec2;\"><strong><a style=\"color: #2acec2;\" href=\"https:\/\/www.myvize.com.tr\/amerika\/vize-iselmleri\/amerika-vize-basvurusu\/\" target=\"_blank\" rel=\"noopener\">Amerika vize ba\u015fvurusu<\/a><\/strong><\/span> yapacak olan ki\u015filer i\u00e7in Amerika Diyarbak\u0131r vize ba\u015fvurusu hakk\u0131nda bilgi verilmi\u015ftir.<\/span><\/p>\n<ul>\n<li><span style=\"font-family: Roboto; font-size: 14px;\">Amerika Diyarbak\u0131r vize ba\u015fvurusu i\u00e7in \u00f6ncelikle seyahat amac\u0131na uygun vize t\u00fcr\u00fc belirlenmelidir.<\/span><\/li>\n<li><span style=\"font-family: Roboto; font-size: 14px;\">Amerika Diyarbak\u0131r vize ba\u015fvurusu yapacak olan ki\u015filer, ba\u015fvuru i\u00e7in Amerika vize ba\u015fvurusu yapaca\u011f\u0131 temsilcilikten randevu almal\u0131d\u0131r.<\/span><\/li>\n<li><span style=\"font-family: Roboto; font-size: 14px;\">Randevu tarihine kadar gerekli olan <strong>Amerika vize evraklar\u0131<\/strong> vize t\u00fcr\u00fcne uygun olarak haz\u0131rlanmal\u0131d\u0131r.<\/span><\/li>\n<li><span style=\"font-family: Roboto; font-size: 14px;\">Haz\u0131rlanan vize evraklar\u0131 randevu tarihinde Amerika temsilciliklerine teslim edilmelidir.<\/span><\/li>\n<li><span style=\"font-family: Roboto; font-size: 14px;\">Ba\u015fvurular\u0131 inceleme yetkisi <strong>Amerika B\u00fcy\u00fckel\u00e7ili\u011fi<\/strong> ve Ba\u015fkonsoloslu\u011fu\u2019na aittir.<\/span><\/li>\n<\/ul>\n<h3><span style=\"font-size: 24px;\"><strong><span style=\"font-family: Roboto;\">Amerika Vizenizi Diyarbak\u0131r\u2019dan Alman\u0131z\u0131n Kolay Yolu<\/span><\/strong><\/span><\/h3>\n<p><span style=\"font-family: Roboto; font-size: 14px;\">Amerika\u2019ya seyahat edecek olan ki\u015filer, <strong>Amerika seyahatleri<\/strong> i\u00e7in vize almal\u0131d\u0131r. Diyarbak\u0131r ve \u00e7evresinde ikamet eden ki\u015filer, Amerika vizenizi Diyarbak\u0131r\u2019dan alman\u0131n kolay yolunu ara\u015ft\u0131rmaktad\u0131r. Bu yaz\u0131da Amerika vizesi alacak olan ki\u015filer i\u00e7in Amerika vizenizi Diyarbak\u0131r\u2019dan alman\u0131z\u0131n kolay yolu hakk\u0131nda bilgi verilmi\u015ftir.<\/span><\/p>\n<p><span style=\"font-family: Roboto; font-size: 14px;\">Amerika vizesini Diyarbak\u0131r\u2019dan alacak olan ki\u015filer vize ba\u015fvurusu i\u00e7in profesyonel destek alabilir. <strong>Amerika Diyarbak\u0131r vize ba\u015fvurusu<\/strong> i\u00e7in randevu alacak olan ki\u015filer, <strong>My Vize ofisleri<\/strong> ile ileti\u015fime ge\u00e7ebilir. <strong>My Vize<\/strong> olarak Amerika vizesini Diyarbak\u0131r\u2019dan alacak olan ki\u015filere vize dan\u0131\u015fmanl\u0131k hizmeti vermekteyiz.<\/span><\/p>\n<p><span style=\"font-family: Roboto; font-size: 14px;\"><strong>Amerika vize<\/strong> ba\u015fvurusunu Diyarbak\u0131r\u2019dan alacak olan ki\u015filerin evrak haz\u0131rlamas\u0131, <strong>Amerika Diyarbak\u0131r vize ba\u015fvurusu<\/strong> i\u00e7in randevu al\u0131nmas\u0131, gerekli olan rezervasyonlar\u0131n yap\u0131lmas\u0131 gibi bir\u00e7ok durumda destek olunmaktad\u0131r. \u00a0<\/span><\/p>\n<p><span style=\"font-family: Roboto; font-size: 14px;\"><img decoding=\"async\" src=\"https:\/\/www.myvize.com.tr\/amerika\/wp-content\/uploads\/2021\/09\/6-11.jpg\" \/><\/span><\/p>\n","protected":false},"excerpt":{"rendered":"<p>Amerika Vize Ba\u015fvuru Merkezi, Diyarbak\u0131r Amerika\u2019ya seyahat edecek olan ve Diyarbak\u0131r \u00e7evresinde ikamet eden ki\u015filer, Amerika vizesi Diyarbak\u0131r ba\u015fvurusu hakk\u0131nda ara\u015ft\u0131rma yapmaktad\u0131r. Bu yaz\u0131da Amerika vizesi Diyarbak\u0131r ba\u015fvurular\u0131 hakk\u0131nda bilgi verilmi\u015ftir. Amerika vizesi Diyarbak\u0131r ba\u015fvurular\u0131 Amerika\u2019n\u0131n T\u00fcrkiye\u2019de bulunan temsilciliklerine yap\u0131lmaktad\u0131r. Amerika vizesi Diyarbak\u0131r ba\u015fvuru yapacak olan ki\u015filer, Amerika Diyarbak\u0131r ba\u015fvurusu i\u00e7in randevu almal\u0131d\u0131r. Randevu tarihinde<\/p>\n","protected":false},"author":1,"featured_media":0,"parent":332,"menu_order":0,"comment_status":"open","ping_status":"closed","template":"","meta":{"footnotes":""},"class_list":["post-343","page","type-page","status-publish","hentry"],"yoast_head":"<!-- This site is optimized with the Yoast SEO plugin v27.4 - https:\/\/yoast.com\/product\/yoast-seo-wordpress\/ -->\n<title>Amerika Diyarbak\u0131r Vize Ba\u015fvuru \u015eubemiz - MyVize<\/title>\n<meta name=\"description\" content=\"Amerika Diyarbak\u0131r Vize Ba\u015fvuru Merkezi. Amerika Vize Ba\u015fvurusu Gerekli Evraklar\u0131 \u0130\u00e7in Bize Ula\u015f\u0131n. Bilgi \u0130\u00e7in Hemen Aray\u0131n: 0850 346 84 93\" \/>\n<meta name=\"robots\" content=\"index, follow, max-snippet:-1, max-image-preview:large, max-video-preview:-1\" \/>\n<link rel=\"canonical\" href=\"https:\/\/www.myvize.com.tr\/amerika\/subelerimiz\/diyarbakir\/\" \/>\n<meta property=\"og:locale\" content=\"tr_TR\" \/>\n<meta property=\"og:type\" content=\"article\" \/>\n<meta property=\"og:title\" content=\"Amerika Diyarbak\u0131r Vize Ba\u015fvuru \u015eubemiz - MyVize\" \/>\n<meta property=\"og:description\" content=\"Amerika Diyarbak\u0131r Vize Ba\u015fvuru Merkezi. Amerika Vize Ba\u015fvurusu Gerekli Evraklar\u0131 \u0130\u00e7in Bize Ula\u015f\u0131n. Bilgi \u0130\u00e7in Hemen Aray\u0131n: 0850 346 84 93\" \/>\n<meta property=\"og:url\" content=\"https:\/\/www.myvize.com.tr\/amerika\/subelerimiz\/diyarbakir\/\" \/>\n<meta property=\"og:site_name\" content=\"Amerika Vizesi\" \/>\n<meta property=\"article:modified_time\" content=\"2022-03-21T09:44:21+00:00\" \/>\n<meta property=\"og:image\" content=\"https:\/\/www.myvize.com.tr\/amerika\/wp-content\/uploads\/2021\/09\/6-11.jpg\" \/>\n<meta name=\"twitter:card\" content=\"summary_large_image\" \/>\n<meta name=\"twitter:label1\" content=\"Tahmini okuma s\u00fcresi\" \/>\n\t<meta name=\"twitter:data1\" content=\"3 dakika\" \/>\n<script type=\"application\/ld+json\" class=\"yoast-schema-graph\">{\"@context\":\"https:\\\/\\\/schema.org\",\"@graph\":[{\"@type\":\"WebPage\",\"@id\":\"https:\\\/\\\/www.myvize.com.tr\\\/amerika\\\/subelerimiz\\\/diyarbakir\\\/\",\"url\":\"https:\\\/\\\/www.myvize.com.tr\\\/amerika\\\/subelerimiz\\\/diyarbakir\\\/\",\"name\":\"Amerika Diyarbak\u0131r Vize Ba\u015fvuru \u015eubemiz - MyVize\",\"isPartOf\":{\"@id\":\"https:\\\/\\\/www.myvize.com.tr\\\/amerika\\\/#website\"},\"primaryImageOfPage\":{\"@id\":\"https:\\\/\\\/www.myvize.com.tr\\\/amerika\\\/subelerimiz\\\/diyarbakir\\\/#primaryimage\"},\"image\":{\"@id\":\"https:\\\/\\\/www.myvize.com.tr\\\/amerika\\\/subelerimiz\\\/diyarbakir\\\/#primaryimage\"},\"thumbnailUrl\":\"https:\\\/\\\/www.myvize.com.tr\\\/amerika\\\/wp-content\\\/uploads\\\/2021\\\/09\\\/6-11.jpg\",\"datePublished\":\"2020-12-28T08:16:41+00:00\",\"dateModified\":\"2022-03-21T09:44:21+00:00\",\"description\":\"Amerika Diyarbak\u0131r Vize Ba\u015fvuru Merkezi. Amerika Vize Ba\u015fvurusu Gerekli Evraklar\u0131 \u0130\u00e7in Bize Ula\u015f\u0131n. Bilgi \u0130\u00e7in Hemen Aray\u0131n: 0850 346 84 93\",\"breadcrumb\":{\"@id\":\"https:\\\/\\\/www.myvize.com.tr\\\/amerika\\\/subelerimiz\\\/diyarbakir\\\/#breadcrumb\"},\"inLanguage\":\"tr\",\"potentialAction\":[{\"@type\":\"ReadAction\",\"target\":[\"https:\\\/\\\/www.myvize.com.tr\\\/amerika\\\/subelerimiz\\\/diyarbakir\\\/\"]}]},{\"@type\":\"ImageObject\",\"inLanguage\":\"tr\",\"@id\":\"https:\\\/\\\/www.myvize.com.tr\\\/amerika\\\/subelerimiz\\\/diyarbakir\\\/#primaryimage\",\"url\":\"https:\\\/\\\/www.myvize.com.tr\\\/amerika\\\/wp-content\\\/uploads\\\/2021\\\/09\\\/6-11.jpg\",\"contentUrl\":\"https:\\\/\\\/www.myvize.com.tr\\\/amerika\\\/wp-content\\\/uploads\\\/2021\\\/09\\\/6-11.jpg\",\"width\":800,\"height\":500,\"caption\":\"Amerika \u015eubelerimiz Diyarbakir\"},{\"@type\":\"BreadcrumbList\",\"@id\":\"https:\\\/\\\/www.myvize.com.tr\\\/amerika\\\/subelerimiz\\\/diyarbakir\\\/#breadcrumb\",\"itemListElement\":[{\"@type\":\"ListItem\",\"position\":1,\"name\":\"Anasayfa\",\"item\":\"https:\\\/\\\/www.myvize.com.tr\\\/amerika\\\/\"},{\"@type\":\"ListItem\",\"position\":2,\"name\":\"\u015eUBELER\u0130M\u0130Z\",\"item\":\"https:\\\/\\\/www.myvize.com.tr\\\/amerika\\\/subelerimiz\\\/\"},{\"@type\":\"ListItem\",\"position\":3,\"name\":\"Amerika Vizesi , Diyarbak\u0131r\"}]},{\"@type\":\"WebSite\",\"@id\":\"https:\\\/\\\/www.myvize.com.tr\\\/amerika\\\/#website\",\"url\":\"https:\\\/\\\/www.myvize.com.tr\\\/amerika\\\/\",\"name\":\"MyVize Amerika Vize Ba\u015fvuru Merkezi\",\"description\":\"\",\"potentialAction\":[{\"@type\":\"SearchAction\",\"target\":{\"@type\":\"EntryPoint\",\"urlTemplate\":\"https:\\\/\\\/www.myvize.com.tr\\\/amerika\\\/?s={search_term_string}\"},\"query-input\":{\"@type\":\"PropertyValueSpecification\",\"valueRequired\":true,\"valueName\":\"search_term_string\"}}],\"inLanguage\":\"tr\"}]}<\/script>\n<!-- \/ Yoast SEO plugin. -->","yoast_head_json":{"title":"Amerika Diyarbak\u0131r Vize Ba\u015fvuru \u015eubemiz - MyVize","description":"Amerika Diyarbak\u0131r Vize Ba\u015fvuru Merkezi. Amerika Vize Ba\u015fvurusu Gerekli Evraklar\u0131 \u0130\u00e7in Bize Ula\u015f\u0131n. Bilgi \u0130\u00e7in Hemen Aray\u0131n: 0850 346 84 93","robots":{"index":"index","follow":"follow","max-snippet":"max-snippet:-1","max-image-preview":"max-image-preview:large","max-video-preview":"max-video-preview:-1"},"canonical":"https:\/\/www.myvize.com.tr\/amerika\/subelerimiz\/diyarbakir\/","og_locale":"tr_TR","og_type":"article","og_title":"Amerika Diyarbak\u0131r Vize Ba\u015fvuru \u015eubemiz - MyVize","og_description":"Amerika Diyarbak\u0131r Vize Ba\u015fvuru Merkezi. Amerika Vize Ba\u015fvurusu Gerekli Evraklar\u0131 \u0130\u00e7in Bize Ula\u015f\u0131n. Bilgi \u0130\u00e7in Hemen Aray\u0131n: 0850 346 84 93","og_url":"https:\/\/www.myvize.com.tr\/amerika\/subelerimiz\/diyarbakir\/","og_site_name":"Amerika Vizesi","article_modified_time":"2022-03-21T09:44:21+00:00","og_image":[{"url":"https:\/\/www.myvize.com.tr\/amerika\/wp-content\/uploads\/2021\/09\/6-11.jpg","type":"","width":"","height":""}],"twitter_card":"summary_large_image","twitter_misc":{"Tahmini okuma s\u00fcresi":"3 dakika"},"schema":{"@context":"https:\/\/schema.org","@graph":[{"@type":"WebPage","@id":"https:\/\/www.myvize.com.tr\/amerika\/subelerimiz\/diyarbakir\/","url":"https:\/\/www.myvize.com.tr\/amerika\/subelerimiz\/diyarbakir\/","name":"Amerika Diyarbak\u0131r Vize Ba\u015fvuru \u015eubemiz - MyVize","isPartOf":{"@id":"https:\/\/www.myvize.com.tr\/amerika\/#website"},"primaryImageOfPage":{"@id":"https:\/\/www.myvize.com.tr\/amerika\/subelerimiz\/diyarbakir\/#primaryimage"},"image":{"@id":"https:\/\/www.myvize.com.tr\/amerika\/subelerimiz\/diyarbakir\/#primaryimage"},"thumbnailUrl":"https:\/\/www.myvize.com.tr\/amerika\/wp-content\/uploads\/2021\/09\/6-11.jpg","datePublished":"2020-12-28T08:16:41+00:00","dateModified":"2022-03-21T09:44:21+00:00","description":"Amerika Diyarbak\u0131r Vize Ba\u015fvuru Merkezi. Amerika Vize Ba\u015fvurusu Gerekli Evraklar\u0131 \u0130\u00e7in Bize Ula\u015f\u0131n. Bilgi \u0130\u00e7in Hemen Aray\u0131n: 0850 346 84 93","breadcrumb":{"@id":"https:\/\/www.myvize.com.tr\/amerika\/subelerimiz\/diyarbakir\/#breadcrumb"},"inLanguage":"tr","potentialAction":[{"@type":"ReadAction","target":["https:\/\/www.myvize.com.tr\/amerika\/subelerimiz\/diyarbakir\/"]}]},{"@type":"ImageObject","inLanguage":"tr","@id":"https:\/\/www.myvize.com.tr\/amerika\/subelerimiz\/diyarbakir\/#primaryimage","url":"https:\/\/www.myvize.com.tr\/amerika\/wp-content\/uploads\/2021\/09\/6-11.jpg","contentUrl":"https:\/\/www.myvize.com.tr\/amerika\/wp-content\/uploads\/2021\/09\/6-11.jpg","width":800,"height":500,"caption":"Amerika \u015eubelerimiz Diyarbakir"},{"@type":"BreadcrumbList","@id":"https:\/\/www.myvize.com.tr\/amerika\/subelerimiz\/diyarbakir\/#breadcrumb","itemListElement":[{"@type":"ListItem","position":1,"name":"Anasayfa","item":"https:\/\/www.myvize.com.tr\/amerika\/"},{"@type":"ListItem","position":2,"name":"\u015eUBELER\u0130M\u0130Z","item":"https:\/\/www.myvize.com.tr\/amerika\/subelerimiz\/"},{"@type":"ListItem","position":3,"name":"Amerika Vizesi , Diyarbak\u0131r"}]},{"@type":"WebSite","@id":"https:\/\/www.myvize.com.tr\/amerika\/#website","url":"https:\/\/www.myvize.com.tr\/amerika\/","name":"MyVize Amerika Vize Ba\u015fvuru Merkezi","description":"","potentialAction":[{"@type":"SearchAction","target":{"@type":"EntryPoint","urlTemplate":"https:\/\/www.myvize.com.tr\/amerika\/?s={search_term_string}"},"query-input":{"@type":"PropertyValueSpecification","valueRequired":true,"valueName":"search_term_string"}}],"inLanguage":"tr"}]}},"_links":{"self":[{"href":"https:\/\/www.myvize.com.tr\/amerika\/wp-json\/wp\/v2\/pages\/343","targetHints":{"allow":["GET"]}}],"collection":[{"href":"https:\/\/www.myvize.com.tr\/amerika\/wp-json\/wp\/v2\/pages"}],"about":[{"href":"https:\/\/www.myvize.com.tr\/amerika\/wp-json\/wp\/v2\/types\/page"}],"author":[{"embeddable":true,"href":"https:\/\/www.myvize.com.tr\/amerika\/wp-json\/wp\/v2\/users\/1"}],"replies":[{"embeddable":true,"href":"https:\/\/www.myvize.com.tr\/amerika\/wp-json\/wp\/v2\/comments?post=343"}],"version-history":[{"count":6,"href":"https:\/\/www.myvize.com.tr\/amerika\/wp-json\/wp\/v2\/pages\/343\/revisions"}],"predecessor-version":[{"id":1381,"href":"https:\/\/www.myvize.com.tr\/amerika\/wp-json\/wp\/v2\/pages\/343\/revisions\/1381"}],"up":[{"embeddable":true,"href":"https:\/\/www.myvize.com.tr\/amerika\/wp-json\/wp\/v2\/pages\/332"}],"wp:attachment":[{"href":"https:\/\/www.myvize.com.tr\/amerika\/wp-json\/wp\/v2\/media?parent=343"}],"curies":[{"name":"wp","href":"https:\/\/api.w.org\/{rel}","templated":true}]}}