{"id":351,"date":"2020-12-28T11:18:05","date_gmt":"2020-12-28T08:18:05","guid":{"rendered":"https:\/\/www.myvize.com.tr\/amerika\/?page_id=351"},"modified":"2022-08-04T11:15:48","modified_gmt":"2022-08-04T08:15:48","slug":"ankara","status":"publish","type":"page","link":"https:\/\/www.myvize.com.tr\/amerika\/subelerimiz\/ankara\/","title":{"rendered":"Amerika Vizesi,Ankara"},"content":{"rendered":"<p><span style=\"font-family: Roboto;\"><\/span><\/p>\r\n<p><span style=\"font-family: Roboto; font-size: 14px;\"><strong>Amerika Ankara vize merkezi\u00a0<\/strong>sitemize ho\u015f geldiniz.<\/span><\/p>\r\n<p><span style=\"font-family: Roboto; font-size: 14px;\">\r\n\r\n<\/span><\/p>\r\n<p><span style=\"font-family: Roboto; font-size: 14px;\">De\u011ferli ziyaret\u00e7imiz\u00a0<strong>Amerika Ankara vize merkezi<\/strong>\u00a0olarak size sitemizde Amerika vize i\u015flemleri ile bilgi verilmektedir. Profesyonel ekip arkada\u015flar\u0131m\u0131zla birlikte Amerika vizesinin b\u00fct\u00fcn prosed\u00fcr\u00fcne hakim olarak sizin ad\u0131n\u0131za ba\u015fvuru i\u015flemlerinizi y\u00f6netiyoruz. Sitemizi detayl\u0131 inceledi\u011finiz zaman Amerika vizesi a\u015famalar\u0131 hakk\u0131nda bilgi sahibi olabilirsiniz. Daha detayl\u0131 bilgi edinebilmeniz i\u00e7in\u00a0<strong>Amerika Ankara vize merkezi\u00a0<\/strong>uzman ekibini arayarak ileti\u015fim haline ge\u00e7ebilirsiniz.<\/span><\/p>\r\n<p><span style=\"font-family: Roboto; font-size: 14px;\">\r\n\r\n<\/span><\/p>\r\n<p><span style=\"font-family: Roboto; font-size: 14px;\">Amerika vize i\u015flemleri Avrupa \u00fclkelerinin vize i\u015flemlerinden daha farkl\u0131 ve karma\u015f\u0131kt\u0131r. Bunun i\u00e7in uzman bir ekip ile \u00e7al\u0131\u015fman\u0131z olduk\u00e7a faydan\u0131za olacakt\u0131r. Amerika\u2019ya vize i\u015flemleri iki t\u00fcrl\u00fc \u015fekilde ba\u015fvuru yap\u0131l\u0131r. G\u00f6\u00e7men ve g\u00f6\u00e7men olmayan olarak ba\u015fvuru yap\u0131l\u0131r. K\u0131sa s\u00fcreli \u015fekilde yap\u0131lan vize i\u015flemlerine g\u00f6\u00e7men olmayan olarak ba\u015fvuru yap\u0131l\u0131r. Uzun s\u00fcreli olan seyahatler i\u00e7in g\u00f6\u00e7men vize olarak ba\u015fvuru yap\u0131l\u0131r. \u0130\u015fte t\u00fcm bu detaylar\u0131\u00a0<strong>Amerika Ankara vize merkezi<\/strong>\u00a0ofisinde bulunan uzman ekip vize konusunda hakim olduklar\u0131 i\u00e7in sizin ad\u0131n\u0131za bu i\u015flemleri kolay \u015fekilde yap\u0131l\u0131r.<\/span><\/p>\r\n<p><span style=\"font-family: Roboto; font-size: 14px;\"><\/span><\/p>\r\n<p><span style=\"font-family: Roboto; font-size: 14px;\"><img decoding=\"async\" src=\"https:\/\/www.myvize.com.tr\/amerika\/wp-content\/uploads\/2021\/09\/6-3.jpg\" \/><\/span><\/p>\r\n<p><span style=\"font-family: Roboto; font-size: 14px;\"><\/span><\/p>\r\n<h2 class=\"wp-block-heading\"><span style=\"font-family: Roboto; font-size: 27px;\">AMER\u0130KA V\u0130ZE \u0130\u015eLEMLER\u0130<\/span><\/h2>\r\n<p><span style=\"font-family: Roboto; font-size: 14px;\">\r\n\r\n<\/span><\/p>\r\n<p><span style=\"font-family: Roboto; font-size: 14px;\"><strong>Amerika Ankara vize merkezi\u00a0<\/strong>ba\u015fvuru i\u015flemleri Avrupa \u00fclkelerine g\u00f6re olduk\u00e7a kar\u0131\u015f\u0131k bir s\u00fcre\u00e7le ilerler. Bunun i\u00e7in uzman olan ve konuya hakim bir ekip ile \u00e7al\u0131\u015fmak sizin yarar\u0131n\u0131za olur. Uzman ekiplerimizin size g\u00f6ndermi\u015f oldu\u011fu evrak dosyan\u0131z\u0131 eksiksiz haz\u0131rlaman\u0131z gerekmektedir. Dosyan\u0131z\u0131 tamamlad\u0131ktan sonra b\u00fct\u00fcn i\u015flemlerinizi ekip arkada\u015flar\u0131m\u0131z y\u00fcr\u00fctmektedir. Her a\u015fama size bilgi verilerek ilerlemektedir. Vizeniz \u00e7\u0131kt\u0131\u011f\u0131 zaman sizi arayarak elden teslim edilmektedir.<\/span><\/p>\r\n<p><span style=\"font-family: Roboto;\"><\/span><\/p>","protected":false},"excerpt":{"rendered":"<p>Amerika Ankara vize merkezi\u00a0sitemize ho\u015f geldiniz. De\u011ferli ziyaret\u00e7imiz\u00a0Amerika Ankara vize merkezi\u00a0olarak size sitemizde Amerika vize i\u015flemleri ile bilgi verilmektedir. Profesyonel ekip arkada\u015flar\u0131m\u0131zla birlikte Amerika vizesinin b\u00fct\u00fcn prosed\u00fcr\u00fcne hakim olarak sizin ad\u0131n\u0131za ba\u015fvuru i\u015flemlerinizi y\u00f6netiyoruz. Sitemizi detayl\u0131 inceledi\u011finiz zaman Amerika vizesi a\u015famalar\u0131 hakk\u0131nda bilgi sahibi olabilirsiniz. Daha detayl\u0131 bilgi edinebilmeniz i\u00e7in\u00a0Amerika Ankara vize merkezi\u00a0uzman ekibini arayarak<\/p>\n","protected":false},"author":1,"featured_media":0,"parent":332,"menu_order":0,"comment_status":"open","ping_status":"closed","template":"","meta":{"footnotes":""},"class_list":["post-351","page","type-page","status-publish","hentry"],"yoast_head":"<!-- This site is optimized with the Yoast SEO plugin v27.4 - https:\/\/yoast.com\/product\/yoast-seo-wordpress\/ -->\n<title>Amerika Ankara Vizesi Ba\u015fvuru \u015eubemiz - MyVize<\/title>\n<meta name=\"description\" content=\"Amerika Vizesi Ankara Ba\u015fvuru Merkezi. Amerika Vize Ba\u015fvurusu. Amerika Vizesi Randevusu Almak \u0130\u00e7in Hemen Bizi Aray\u0131n\u0131z: 0850 346 84 93\" \/>\n<meta name=\"robots\" content=\"index, follow, max-snippet:-1, max-image-preview:large, max-video-preview:-1\" \/>\n<link rel=\"canonical\" href=\"https:\/\/www.myvize.com.tr\/amerika\/subelerimiz\/ankara\/\" \/>\n<meta property=\"og:locale\" content=\"tr_TR\" \/>\n<meta property=\"og:type\" content=\"article\" \/>\n<meta property=\"og:title\" content=\"Amerika Ankara Vizesi Ba\u015fvuru \u015eubemiz - MyVize\" \/>\n<meta property=\"og:description\" content=\"Amerika Vizesi Ankara Ba\u015fvuru Merkezi. Amerika Vize Ba\u015fvurusu. Amerika Vizesi Randevusu Almak \u0130\u00e7in Hemen Bizi Aray\u0131n\u0131z: 0850 346 84 93\" \/>\n<meta property=\"og:url\" content=\"https:\/\/www.myvize.com.tr\/amerika\/subelerimiz\/ankara\/\" \/>\n<meta property=\"og:site_name\" content=\"Amerika Vizesi\" \/>\n<meta property=\"article:modified_time\" content=\"2022-08-04T08:15:48+00:00\" \/>\n<meta property=\"og:image\" content=\"https:\/\/www.myvize.com.tr\/amerika\/wp-content\/uploads\/2021\/09\/6-3.jpg\" \/>\n<meta name=\"twitter:card\" content=\"summary_large_image\" \/>\n<meta name=\"twitter:label1\" content=\"Tahmini okuma s\u00fcresi\" \/>\n\t<meta name=\"twitter:data1\" content=\"1 dakika\" \/>\n<script type=\"application\/ld+json\" class=\"yoast-schema-graph\">{\"@context\":\"https:\\\/\\\/schema.org\",\"@graph\":[{\"@type\":\"WebPage\",\"@id\":\"https:\\\/\\\/www.myvize.com.tr\\\/amerika\\\/subelerimiz\\\/ankara\\\/\",\"url\":\"https:\\\/\\\/www.myvize.com.tr\\\/amerika\\\/subelerimiz\\\/ankara\\\/\",\"name\":\"Amerika Ankara Vizesi Ba\u015fvuru \u015eubemiz - MyVize\",\"isPartOf\":{\"@id\":\"https:\\\/\\\/www.myvize.com.tr\\\/amerika\\\/#website\"},\"primaryImageOfPage\":{\"@id\":\"https:\\\/\\\/www.myvize.com.tr\\\/amerika\\\/subelerimiz\\\/ankara\\\/#primaryimage\"},\"image\":{\"@id\":\"https:\\\/\\\/www.myvize.com.tr\\\/amerika\\\/subelerimiz\\\/ankara\\\/#primaryimage\"},\"thumbnailUrl\":\"https:\\\/\\\/www.myvize.com.tr\\\/amerika\\\/wp-content\\\/uploads\\\/2021\\\/09\\\/6-3.jpg\",\"datePublished\":\"2020-12-28T08:18:05+00:00\",\"dateModified\":\"2022-08-04T08:15:48+00:00\",\"description\":\"Amerika Vizesi Ankara Ba\u015fvuru Merkezi. Amerika Vize Ba\u015fvurusu. Amerika Vizesi Randevusu Almak \u0130\u00e7in Hemen Bizi Aray\u0131n\u0131z: 0850 346 84 93\",\"breadcrumb\":{\"@id\":\"https:\\\/\\\/www.myvize.com.tr\\\/amerika\\\/subelerimiz\\\/ankara\\\/#breadcrumb\"},\"inLanguage\":\"tr\",\"potentialAction\":[{\"@type\":\"ReadAction\",\"target\":[\"https:\\\/\\\/www.myvize.com.tr\\\/amerika\\\/subelerimiz\\\/ankara\\\/\"]}]},{\"@type\":\"ImageObject\",\"inLanguage\":\"tr\",\"@id\":\"https:\\\/\\\/www.myvize.com.tr\\\/amerika\\\/subelerimiz\\\/ankara\\\/#primaryimage\",\"url\":\"https:\\\/\\\/www.myvize.com.tr\\\/amerika\\\/wp-content\\\/uploads\\\/2021\\\/09\\\/6-3.jpg\",\"contentUrl\":\"https:\\\/\\\/www.myvize.com.tr\\\/amerika\\\/wp-content\\\/uploads\\\/2021\\\/09\\\/6-3.jpg\",\"width\":800,\"height\":500,\"caption\":\"Amerika \u015eubelerimiz Ankara\"},{\"@type\":\"BreadcrumbList\",\"@id\":\"https:\\\/\\\/www.myvize.com.tr\\\/amerika\\\/subelerimiz\\\/ankara\\\/#breadcrumb\",\"itemListElement\":[{\"@type\":\"ListItem\",\"position\":1,\"name\":\"Anasayfa\",\"item\":\"https:\\\/\\\/www.myvize.com.tr\\\/amerika\\\/\"},{\"@type\":\"ListItem\",\"position\":2,\"name\":\"\u015eUBELER\u0130M\u0130Z\",\"item\":\"https:\\\/\\\/www.myvize.com.tr\\\/amerika\\\/subelerimiz\\\/\"},{\"@type\":\"ListItem\",\"position\":3,\"name\":\"Amerika Vizesi,Ankara\"}]},{\"@type\":\"WebSite\",\"@id\":\"https:\\\/\\\/www.myvize.com.tr\\\/amerika\\\/#website\",\"url\":\"https:\\\/\\\/www.myvize.com.tr\\\/amerika\\\/\",\"name\":\"MyVize Amerika Vize Ba\u015fvuru Merkezi\",\"description\":\"\",\"potentialAction\":[{\"@type\":\"SearchAction\",\"target\":{\"@type\":\"EntryPoint\",\"urlTemplate\":\"https:\\\/\\\/www.myvize.com.tr\\\/amerika\\\/?s={search_term_string}\"},\"query-input\":{\"@type\":\"PropertyValueSpecification\",\"valueRequired\":true,\"valueName\":\"search_term_string\"}}],\"inLanguage\":\"tr\"}]}<\/script>\n<!-- \/ Yoast SEO plugin. -->","yoast_head_json":{"title":"Amerika Ankara Vizesi Ba\u015fvuru \u015eubemiz - MyVize","description":"Amerika Vizesi Ankara Ba\u015fvuru Merkezi. Amerika Vize Ba\u015fvurusu. Amerika Vizesi Randevusu Almak \u0130\u00e7in Hemen Bizi Aray\u0131n\u0131z: 0850 346 84 93","robots":{"index":"index","follow":"follow","max-snippet":"max-snippet:-1","max-image-preview":"max-image-preview:large","max-video-preview":"max-video-preview:-1"},"canonical":"https:\/\/www.myvize.com.tr\/amerika\/subelerimiz\/ankara\/","og_locale":"tr_TR","og_type":"article","og_title":"Amerika Ankara Vizesi Ba\u015fvuru \u015eubemiz - MyVize","og_description":"Amerika Vizesi Ankara Ba\u015fvuru Merkezi. Amerika Vize Ba\u015fvurusu. Amerika Vizesi Randevusu Almak \u0130\u00e7in Hemen Bizi Aray\u0131n\u0131z: 0850 346 84 93","og_url":"https:\/\/www.myvize.com.tr\/amerika\/subelerimiz\/ankara\/","og_site_name":"Amerika Vizesi","article_modified_time":"2022-08-04T08:15:48+00:00","og_image":[{"url":"https:\/\/www.myvize.com.tr\/amerika\/wp-content\/uploads\/2021\/09\/6-3.jpg","type":"","width":"","height":""}],"twitter_card":"summary_large_image","twitter_misc":{"Tahmini okuma s\u00fcresi":"1 dakika"},"schema":{"@context":"https:\/\/schema.org","@graph":[{"@type":"WebPage","@id":"https:\/\/www.myvize.com.tr\/amerika\/subelerimiz\/ankara\/","url":"https:\/\/www.myvize.com.tr\/amerika\/subelerimiz\/ankara\/","name":"Amerika Ankara Vizesi Ba\u015fvuru \u015eubemiz - MyVize","isPartOf":{"@id":"https:\/\/www.myvize.com.tr\/amerika\/#website"},"primaryImageOfPage":{"@id":"https:\/\/www.myvize.com.tr\/amerika\/subelerimiz\/ankara\/#primaryimage"},"image":{"@id":"https:\/\/www.myvize.com.tr\/amerika\/subelerimiz\/ankara\/#primaryimage"},"thumbnailUrl":"https:\/\/www.myvize.com.tr\/amerika\/wp-content\/uploads\/2021\/09\/6-3.jpg","datePublished":"2020-12-28T08:18:05+00:00","dateModified":"2022-08-04T08:15:48+00:00","description":"Amerika Vizesi Ankara Ba\u015fvuru Merkezi. Amerika Vize Ba\u015fvurusu. Amerika Vizesi Randevusu Almak \u0130\u00e7in Hemen Bizi Aray\u0131n\u0131z: 0850 346 84 93","breadcrumb":{"@id":"https:\/\/www.myvize.com.tr\/amerika\/subelerimiz\/ankara\/#breadcrumb"},"inLanguage":"tr","potentialAction":[{"@type":"ReadAction","target":["https:\/\/www.myvize.com.tr\/amerika\/subelerimiz\/ankara\/"]}]},{"@type":"ImageObject","inLanguage":"tr","@id":"https:\/\/www.myvize.com.tr\/amerika\/subelerimiz\/ankara\/#primaryimage","url":"https:\/\/www.myvize.com.tr\/amerika\/wp-content\/uploads\/2021\/09\/6-3.jpg","contentUrl":"https:\/\/www.myvize.com.tr\/amerika\/wp-content\/uploads\/2021\/09\/6-3.jpg","width":800,"height":500,"caption":"Amerika \u015eubelerimiz Ankara"},{"@type":"BreadcrumbList","@id":"https:\/\/www.myvize.com.tr\/amerika\/subelerimiz\/ankara\/#breadcrumb","itemListElement":[{"@type":"ListItem","position":1,"name":"Anasayfa","item":"https:\/\/www.myvize.com.tr\/amerika\/"},{"@type":"ListItem","position":2,"name":"\u015eUBELER\u0130M\u0130Z","item":"https:\/\/www.myvize.com.tr\/amerika\/subelerimiz\/"},{"@type":"ListItem","position":3,"name":"Amerika Vizesi,Ankara"}]},{"@type":"WebSite","@id":"https:\/\/www.myvize.com.tr\/amerika\/#website","url":"https:\/\/www.myvize.com.tr\/amerika\/","name":"MyVize Amerika Vize Ba\u015fvuru Merkezi","description":"","potentialAction":[{"@type":"SearchAction","target":{"@type":"EntryPoint","urlTemplate":"https:\/\/www.myvize.com.tr\/amerika\/?s={search_term_string}"},"query-input":{"@type":"PropertyValueSpecification","valueRequired":true,"valueName":"search_term_string"}}],"inLanguage":"tr"}]}},"_links":{"self":[{"href":"https:\/\/www.myvize.com.tr\/amerika\/wp-json\/wp\/v2\/pages\/351","targetHints":{"allow":["GET"]}}],"collection":[{"href":"https:\/\/www.myvize.com.tr\/amerika\/wp-json\/wp\/v2\/pages"}],"about":[{"href":"https:\/\/www.myvize.com.tr\/amerika\/wp-json\/wp\/v2\/types\/page"}],"author":[{"embeddable":true,"href":"https:\/\/www.myvize.com.tr\/amerika\/wp-json\/wp\/v2\/users\/1"}],"replies":[{"embeddable":true,"href":"https:\/\/www.myvize.com.tr\/amerika\/wp-json\/wp\/v2\/comments?post=351"}],"version-history":[{"count":5,"href":"https:\/\/www.myvize.com.tr\/amerika\/wp-json\/wp\/v2\/pages\/351\/revisions"}],"predecessor-version":[{"id":1477,"href":"https:\/\/www.myvize.com.tr\/amerika\/wp-json\/wp\/v2\/pages\/351\/revisions\/1477"}],"up":[{"embeddable":true,"href":"https:\/\/www.myvize.com.tr\/amerika\/wp-json\/wp\/v2\/pages\/332"}],"wp:attachment":[{"href":"https:\/\/www.myvize.com.tr\/amerika\/wp-json\/wp\/v2\/media?parent=351"}],"curies":[{"name":"wp","href":"https:\/\/api.w.org\/{rel}","templated":true}]}}