{"id":355,"date":"2020-12-28T11:18:48","date_gmt":"2020-12-28T08:18:48","guid":{"rendered":"https:\/\/www.myvize.com.tr\/amerika\/?page_id=355"},"modified":"2022-08-04T11:22:03","modified_gmt":"2022-08-04T08:22:03","slug":"edirne","status":"publish","type":"page","link":"https:\/\/www.myvize.com.tr\/amerika\/subelerimiz\/edirne\/","title":{"rendered":"Amerika Vize Ba\u015fvuru Merkezi , Edirne"},"content":{"rendered":"<h2><strong><span style=\"font-family: Roboto; font-size: 27px;\">Amerika Vize Ba\u015fvuru Merkezi , Edirne 2022<\/span><\/strong><\/h2>\n<p><span style=\"font-family: Roboto; font-size: 14px;\"><strong>Amerika vize ba\u015fvuru merkezi,<\/strong> Edirne ilinde ya\u015fayan ki\u015filer i\u00e7in son derece yararl\u0131 bir kurumdur. E\u011fer siz de hem Edirne\u2019de ikamet ediyor hem de Amerika Birle\u015fik Devletleri \u00fclkesine gitmeyi planl\u0131yorsan\u0131z t\u00fcm vize ba\u015fvuru i\u015flemlerinizi burada yapabilirsiniz. \u0130lk olarak Amerika vize ba\u015fvuru formunu doldurmal\u0131s\u0131n\u0131z. Bu formu tamamen eksiksiz bi\u00e7imde doldurman\u0131z gerekti\u011fini de bilmelisiniz. Tek bir belgenizin dahi eksik olmas\u0131 sizi son derece zor bir durumda b\u0131rak\u0131r, yani sonu\u00e7 olarak bu \u00e7ok \u00f6nemlidir.<strong> Amerika vize ba\u015fvurusu<\/strong> i\u00e7in sizden istenen pek \u00e7ok say\u0131s\u0131z belge ve bilgi olacakt\u0131r. Bu bilgi ve belgeleri olabilecek en do\u011fru bi\u00e7imde ibraz etmeniz de Amerika Konsolosluklar\u0131 taraf\u0131ndan her zaman i\u00e7in istenmektedir. Pasaport, kimlik, sigorta, maa\u015f bordrosu, sar\u0131 humma a\u015f\u0131 kart\u0131, biyometrik foto\u011fraf, u\u00e7ak bileti rezervasyon bilgisi ve otel rezervasyonu bilgisi gibi say\u0131s\u0131z belgeyi sunman\u0131z laz\u0131md\u0131r. Bu \u015fekilde problematik bir durum asla meydana gelmez.<\/span><\/p>\n<h2><span style=\"font-family: Roboto; font-size: 27px;\"><strong>Amerika Vize Ba\u015fvuru Merkezi Edirne Vize \u0130\u015flemleri<\/strong><\/span><\/h2>\n<p><span style=\"font-family: Roboto; font-size: 14px;\"><strong>Amerika vize ba\u015fvuru merkezi Edirne<\/strong> vize i\u015flemleri her zaman kolayca sonuca ula\u015ft\u0131r\u0131lan i\u015flemler aras\u0131nda yer al\u0131r. E\u011fer siz de f\u0131rsatlar \u00fclkesi olarak da bilinen Amerika\u2019ya gitmek istiyorsan\u0131z vize almal\u0131 ve vize alma s\u00fcrecinizi en verimli halde ge\u00e7irmeniz gerekti\u011fini bilmelisiniz. <strong><span style=\"color: #2acec2;\"><a style=\"color: #2acec2;\" href=\"https:\/\/www.myvize.com.tr\/amerika\/amerika-vizesi\/\" target=\"_blank\" rel=\"noopener\">Amerika vizesi<\/a><\/span> almak<\/strong> san\u0131ld\u0131\u011f\u0131 kadar zor de\u011fildir; tabii t\u00fcm ad\u0131mlara uyarsan\u0131z. Alan\u0131nda uzman hale gelmi\u015f olan Amerika vize ba\u015fvuru merkezi Edirne \u015fubesi size bu konuda yard\u0131mc\u0131 olmay\u0131 bir g\u00f6rev bilmektedir ve bu g\u00f6revi lay\u0131\u011f\u0131yla yerine getirmektedir. E\u011fer vize ba\u015fvuru merkezi aray\u0131\u015f\u0131ndaysan\u0131z her a\u00e7\u0131dan do\u011fru yere geldi\u011finizi s\u00f6ylememiz m\u00fcmk\u00fcnd\u00fcr. Vize al\u0131\u015f s\u00fcrecinizde hi\u00e7bir sorun ya\u015famamak i\u00e7in buray\u0131 tercih edebilirsiniz. Edirne\u2019de ikamet edip de ba\u015fka bir \u015fehre giderek vize ba\u015fvurusu yapman\u0131za gerek kalmam\u0131\u015f olur. Onca i\u015finiz aras\u0131nda bu i\u015flerle me\u015fgul olmak istemiyorsan\u0131z siz de hemen Amerika vize ba\u015fvuru merkezine gelebilirsiniz. Sizin ad\u0131n\u0131za her vize i\u015flemi burada yap\u0131l\u0131r.<\/span><\/p>\n<h2><span style=\"font-family: Roboto; font-size: 27px;\"><strong>Amerika Vize Ba\u015fvuru Merkezi Edirne Vize Ba\u015fvurusu<\/strong><\/span><\/h2>\n<p><span style=\"font-family: Roboto; font-size: 14px;\">Amerika vize ba\u015fvuru merkezi Edirne vize ba\u015fvurusu sistemi sayesinde art\u0131k siz de kolayl\u0131kla i\u015flemlerinizi yapabileceksiniz. G\u00fcn\u00fcm\u00fczde bir\u00e7ok ki\u015finin Amerika\u2019ya gitmesi gerekebiliyor. Bu durumda vize almak ise zorunlu bir kural haline getirilmi\u015f olmas\u0131 ile dikkatleri \u00fczerine \u00e7ekiyor. E\u011fer siz de <strong>Amerika\u2019ya gitmek<\/strong> istiyorsan\u0131z hemen Amerika vize ba\u015fvuru merkezinin Edirne \u015fubesinden randevu alarak i\u015flemlerinizi yapmaya ba\u015flayabilirsiniz. Her vize i\u015flemi burada ad\u0131m ad\u0131m halledilir. Hi\u00e7bir zaman problematik bir durum meydana gelmez, sizi rahats\u0131z edici hi\u00e7bir ko\u015ful da burada olu\u015fmaz. O y\u00fczden tamamen g\u00fcvenli bir yerde<strong> Amerika vizesi ba\u015fvuru<\/strong> i\u015flemlerinizin yap\u0131laca\u011f\u0131ndan emin olman\u0131z\u0131 isteriz. Pasaport, biyometrik g\u00f6rsel, maa\u015f bordrosu, seyahat sa\u011fl\u0131k sigortas\u0131, a\u015f\u0131 kartlar\u0131, eski vizelerin fotokopisi gibi bir\u00e7ok belge sizden bu s\u00fcre\u00e7 i\u00e7erisinde do\u011fal olarak talep edilecektir. Her birini de do\u011fru ve eksiksiz olarak g\u00f6ndermelisiniz. Aksi bir durum ger\u00e7ekle\u015firse vize reddi ile kar\u015f\u0131la\u015fman\u0131z son derece normal bir durum olacakt\u0131r.<\/span><\/p>\n<p><img decoding=\"async\" src=\"https:\/\/www.myvize.com.tr\/amerika\/wp-content\/uploads\/2021\/09\/6-6.jpg\" \/><\/p>\n","protected":false},"excerpt":{"rendered":"<p>Amerika Vize Ba\u015fvuru Merkezi , Edirne 2022 Amerika vize ba\u015fvuru merkezi, Edirne ilinde ya\u015fayan ki\u015filer i\u00e7in son derece yararl\u0131 bir kurumdur. E\u011fer siz de hem Edirne\u2019de ikamet ediyor hem de Amerika Birle\u015fik Devletleri \u00fclkesine gitmeyi planl\u0131yorsan\u0131z t\u00fcm vize ba\u015fvuru i\u015flemlerinizi burada yapabilirsiniz. \u0130lk olarak Amerika vize ba\u015fvuru formunu doldurmal\u0131s\u0131n\u0131z. Bu formu tamamen eksiksiz bi\u00e7imde doldurman\u0131z<\/p>\n","protected":false},"author":1,"featured_media":0,"parent":332,"menu_order":0,"comment_status":"open","ping_status":"closed","template":"","meta":{"footnotes":""},"class_list":["post-355","page","type-page","status-publish","hentry"],"yoast_head":"<!-- This site is optimized with the Yoast SEO plugin v27.4 - https:\/\/yoast.com\/product\/yoast-seo-wordpress\/ -->\n<title>Amerika Edirne Vizesi Ba\u015fvuru \u015eubemiz - MyVize<\/title>\n<meta name=\"description\" content=\"Amerika Vizesi Edirne Vize Ba\u015fvuru Merkezi. Amerika Vizesi Gerekli Evraklar \u0130\u00e7in Ula\u015f\u0131n. Bilgi \u0130\u00e7in Vize Uzmanlar\u0131m\u0131z\u0131 Aray\u0131n: 0850 346 84 93\" \/>\n<meta name=\"robots\" content=\"index, follow, max-snippet:-1, max-image-preview:large, max-video-preview:-1\" \/>\n<link rel=\"canonical\" href=\"https:\/\/www.myvize.com.tr\/amerika\/subelerimiz\/edirne\/\" \/>\n<meta property=\"og:locale\" content=\"tr_TR\" \/>\n<meta property=\"og:type\" content=\"article\" \/>\n<meta property=\"og:title\" content=\"Amerika Edirne Vizesi Ba\u015fvuru \u015eubemiz - MyVize\" \/>\n<meta property=\"og:description\" content=\"Amerika Vizesi Edirne Vize Ba\u015fvuru Merkezi. Amerika Vizesi Gerekli Evraklar \u0130\u00e7in Ula\u015f\u0131n. Bilgi \u0130\u00e7in Vize Uzmanlar\u0131m\u0131z\u0131 Aray\u0131n: 0850 346 84 93\" \/>\n<meta property=\"og:url\" content=\"https:\/\/www.myvize.com.tr\/amerika\/subelerimiz\/edirne\/\" \/>\n<meta property=\"og:site_name\" content=\"Amerika Vizesi\" \/>\n<meta property=\"article:modified_time\" content=\"2022-08-04T08:22:03+00:00\" \/>\n<meta property=\"og:image\" content=\"https:\/\/www.myvize.com.tr\/amerika\/wp-content\/uploads\/2021\/09\/6-6.jpg\" \/>\n<meta name=\"twitter:card\" content=\"summary_large_image\" \/>\n<meta name=\"twitter:label1\" content=\"Tahmini okuma s\u00fcresi\" \/>\n\t<meta name=\"twitter:data1\" content=\"3 dakika\" \/>\n<script type=\"application\/ld+json\" class=\"yoast-schema-graph\">{\"@context\":\"https:\\\/\\\/schema.org\",\"@graph\":[{\"@type\":\"WebPage\",\"@id\":\"https:\\\/\\\/www.myvize.com.tr\\\/amerika\\\/subelerimiz\\\/edirne\\\/\",\"url\":\"https:\\\/\\\/www.myvize.com.tr\\\/amerika\\\/subelerimiz\\\/edirne\\\/\",\"name\":\"Amerika Edirne Vizesi Ba\u015fvuru \u015eubemiz - MyVize\",\"isPartOf\":{\"@id\":\"https:\\\/\\\/www.myvize.com.tr\\\/amerika\\\/#website\"},\"primaryImageOfPage\":{\"@id\":\"https:\\\/\\\/www.myvize.com.tr\\\/amerika\\\/subelerimiz\\\/edirne\\\/#primaryimage\"},\"image\":{\"@id\":\"https:\\\/\\\/www.myvize.com.tr\\\/amerika\\\/subelerimiz\\\/edirne\\\/#primaryimage\"},\"thumbnailUrl\":\"https:\\\/\\\/www.myvize.com.tr\\\/amerika\\\/wp-content\\\/uploads\\\/2021\\\/09\\\/6-6.jpg\",\"datePublished\":\"2020-12-28T08:18:48+00:00\",\"dateModified\":\"2022-08-04T08:22:03+00:00\",\"description\":\"Amerika Vizesi Edirne Vize Ba\u015fvuru Merkezi. Amerika Vizesi Gerekli Evraklar \u0130\u00e7in Ula\u015f\u0131n. Bilgi \u0130\u00e7in Vize Uzmanlar\u0131m\u0131z\u0131 Aray\u0131n: 0850 346 84 93\",\"breadcrumb\":{\"@id\":\"https:\\\/\\\/www.myvize.com.tr\\\/amerika\\\/subelerimiz\\\/edirne\\\/#breadcrumb\"},\"inLanguage\":\"tr\",\"potentialAction\":[{\"@type\":\"ReadAction\",\"target\":[\"https:\\\/\\\/www.myvize.com.tr\\\/amerika\\\/subelerimiz\\\/edirne\\\/\"]}]},{\"@type\":\"ImageObject\",\"inLanguage\":\"tr\",\"@id\":\"https:\\\/\\\/www.myvize.com.tr\\\/amerika\\\/subelerimiz\\\/edirne\\\/#primaryimage\",\"url\":\"https:\\\/\\\/www.myvize.com.tr\\\/amerika\\\/wp-content\\\/uploads\\\/2021\\\/09\\\/6-6.jpg\",\"contentUrl\":\"https:\\\/\\\/www.myvize.com.tr\\\/amerika\\\/wp-content\\\/uploads\\\/2021\\\/09\\\/6-6.jpg\",\"width\":800,\"height\":500,\"caption\":\"Amerika \u015eubelerimiz Edirne\"},{\"@type\":\"BreadcrumbList\",\"@id\":\"https:\\\/\\\/www.myvize.com.tr\\\/amerika\\\/subelerimiz\\\/edirne\\\/#breadcrumb\",\"itemListElement\":[{\"@type\":\"ListItem\",\"position\":1,\"name\":\"Anasayfa\",\"item\":\"https:\\\/\\\/www.myvize.com.tr\\\/amerika\\\/\"},{\"@type\":\"ListItem\",\"position\":2,\"name\":\"\u015eUBELER\u0130M\u0130Z\",\"item\":\"https:\\\/\\\/www.myvize.com.tr\\\/amerika\\\/subelerimiz\\\/\"},{\"@type\":\"ListItem\",\"position\":3,\"name\":\"Amerika Vize Ba\u015fvuru Merkezi , Edirne\"}]},{\"@type\":\"WebSite\",\"@id\":\"https:\\\/\\\/www.myvize.com.tr\\\/amerika\\\/#website\",\"url\":\"https:\\\/\\\/www.myvize.com.tr\\\/amerika\\\/\",\"name\":\"MyVize Amerika Vize Ba\u015fvuru Merkezi\",\"description\":\"\",\"potentialAction\":[{\"@type\":\"SearchAction\",\"target\":{\"@type\":\"EntryPoint\",\"urlTemplate\":\"https:\\\/\\\/www.myvize.com.tr\\\/amerika\\\/?s={search_term_string}\"},\"query-input\":{\"@type\":\"PropertyValueSpecification\",\"valueRequired\":true,\"valueName\":\"search_term_string\"}}],\"inLanguage\":\"tr\"}]}<\/script>\n<!-- \/ Yoast SEO plugin. -->","yoast_head_json":{"title":"Amerika Edirne Vizesi Ba\u015fvuru \u015eubemiz - MyVize","description":"Amerika Vizesi Edirne Vize Ba\u015fvuru Merkezi. Amerika Vizesi Gerekli Evraklar \u0130\u00e7in Ula\u015f\u0131n. Bilgi \u0130\u00e7in Vize Uzmanlar\u0131m\u0131z\u0131 Aray\u0131n: 0850 346 84 93","robots":{"index":"index","follow":"follow","max-snippet":"max-snippet:-1","max-image-preview":"max-image-preview:large","max-video-preview":"max-video-preview:-1"},"canonical":"https:\/\/www.myvize.com.tr\/amerika\/subelerimiz\/edirne\/","og_locale":"tr_TR","og_type":"article","og_title":"Amerika Edirne Vizesi Ba\u015fvuru \u015eubemiz - MyVize","og_description":"Amerika Vizesi Edirne Vize Ba\u015fvuru Merkezi. Amerika Vizesi Gerekli Evraklar \u0130\u00e7in Ula\u015f\u0131n. Bilgi \u0130\u00e7in Vize Uzmanlar\u0131m\u0131z\u0131 Aray\u0131n: 0850 346 84 93","og_url":"https:\/\/www.myvize.com.tr\/amerika\/subelerimiz\/edirne\/","og_site_name":"Amerika Vizesi","article_modified_time":"2022-08-04T08:22:03+00:00","og_image":[{"url":"https:\/\/www.myvize.com.tr\/amerika\/wp-content\/uploads\/2021\/09\/6-6.jpg","type":"","width":"","height":""}],"twitter_card":"summary_large_image","twitter_misc":{"Tahmini okuma s\u00fcresi":"3 dakika"},"schema":{"@context":"https:\/\/schema.org","@graph":[{"@type":"WebPage","@id":"https:\/\/www.myvize.com.tr\/amerika\/subelerimiz\/edirne\/","url":"https:\/\/www.myvize.com.tr\/amerika\/subelerimiz\/edirne\/","name":"Amerika Edirne Vizesi Ba\u015fvuru \u015eubemiz - MyVize","isPartOf":{"@id":"https:\/\/www.myvize.com.tr\/amerika\/#website"},"primaryImageOfPage":{"@id":"https:\/\/www.myvize.com.tr\/amerika\/subelerimiz\/edirne\/#primaryimage"},"image":{"@id":"https:\/\/www.myvize.com.tr\/amerika\/subelerimiz\/edirne\/#primaryimage"},"thumbnailUrl":"https:\/\/www.myvize.com.tr\/amerika\/wp-content\/uploads\/2021\/09\/6-6.jpg","datePublished":"2020-12-28T08:18:48+00:00","dateModified":"2022-08-04T08:22:03+00:00","description":"Amerika Vizesi Edirne Vize Ba\u015fvuru Merkezi. Amerika Vizesi Gerekli Evraklar \u0130\u00e7in Ula\u015f\u0131n. Bilgi \u0130\u00e7in Vize Uzmanlar\u0131m\u0131z\u0131 Aray\u0131n: 0850 346 84 93","breadcrumb":{"@id":"https:\/\/www.myvize.com.tr\/amerika\/subelerimiz\/edirne\/#breadcrumb"},"inLanguage":"tr","potentialAction":[{"@type":"ReadAction","target":["https:\/\/www.myvize.com.tr\/amerika\/subelerimiz\/edirne\/"]}]},{"@type":"ImageObject","inLanguage":"tr","@id":"https:\/\/www.myvize.com.tr\/amerika\/subelerimiz\/edirne\/#primaryimage","url":"https:\/\/www.myvize.com.tr\/amerika\/wp-content\/uploads\/2021\/09\/6-6.jpg","contentUrl":"https:\/\/www.myvize.com.tr\/amerika\/wp-content\/uploads\/2021\/09\/6-6.jpg","width":800,"height":500,"caption":"Amerika \u015eubelerimiz Edirne"},{"@type":"BreadcrumbList","@id":"https:\/\/www.myvize.com.tr\/amerika\/subelerimiz\/edirne\/#breadcrumb","itemListElement":[{"@type":"ListItem","position":1,"name":"Anasayfa","item":"https:\/\/www.myvize.com.tr\/amerika\/"},{"@type":"ListItem","position":2,"name":"\u015eUBELER\u0130M\u0130Z","item":"https:\/\/www.myvize.com.tr\/amerika\/subelerimiz\/"},{"@type":"ListItem","position":3,"name":"Amerika Vize Ba\u015fvuru Merkezi , Edirne"}]},{"@type":"WebSite","@id":"https:\/\/www.myvize.com.tr\/amerika\/#website","url":"https:\/\/www.myvize.com.tr\/amerika\/","name":"MyVize Amerika Vize Ba\u015fvuru Merkezi","description":"","potentialAction":[{"@type":"SearchAction","target":{"@type":"EntryPoint","urlTemplate":"https:\/\/www.myvize.com.tr\/amerika\/?s={search_term_string}"},"query-input":{"@type":"PropertyValueSpecification","valueRequired":true,"valueName":"search_term_string"}}],"inLanguage":"tr"}]}},"_links":{"self":[{"href":"https:\/\/www.myvize.com.tr\/amerika\/wp-json\/wp\/v2\/pages\/355","targetHints":{"allow":["GET"]}}],"collection":[{"href":"https:\/\/www.myvize.com.tr\/amerika\/wp-json\/wp\/v2\/pages"}],"about":[{"href":"https:\/\/www.myvize.com.tr\/amerika\/wp-json\/wp\/v2\/types\/page"}],"author":[{"embeddable":true,"href":"https:\/\/www.myvize.com.tr\/amerika\/wp-json\/wp\/v2\/users\/1"}],"replies":[{"embeddable":true,"href":"https:\/\/www.myvize.com.tr\/amerika\/wp-json\/wp\/v2\/comments?post=355"}],"version-history":[{"count":6,"href":"https:\/\/www.myvize.com.tr\/amerika\/wp-json\/wp\/v2\/pages\/355\/revisions"}],"predecessor-version":[{"id":1479,"href":"https:\/\/www.myvize.com.tr\/amerika\/wp-json\/wp\/v2\/pages\/355\/revisions\/1479"}],"up":[{"embeddable":true,"href":"https:\/\/www.myvize.com.tr\/amerika\/wp-json\/wp\/v2\/pages\/332"}],"wp:attachment":[{"href":"https:\/\/www.myvize.com.tr\/amerika\/wp-json\/wp\/v2\/media?parent=355"}],"curies":[{"name":"wp","href":"https:\/\/api.w.org\/{rel}","templated":true}]}}