{"id":359,"date":"2020-12-28T11:19:29","date_gmt":"2020-12-28T08:19:29","guid":{"rendered":"https:\/\/www.myvize.com.tr\/amerika\/?page_id=359"},"modified":"2022-05-05T13:51:09","modified_gmt":"2022-05-05T10:51:09","slug":"canakkale","status":"publish","type":"page","link":"https:\/\/www.myvize.com.tr\/amerika\/subelerimiz\/canakkale\/","title":{"rendered":"Amerika Vizesi , \u00c7anakkale"},"content":{"rendered":"<h2><strong><span style=\"font-size: 27px; font-family: Roboto;\">Amerika Vize Ba\u015fvuru Merkezi , \u00c7anakkale<\/span><\/strong><\/h2>\n<p><span style=\"font-family: Roboto; font-size: 14px;\"><strong>Amerika\u2019ya gitme<\/strong> konusunda d\u00fc\u015f\u00fcnceniz varsa mutlaka vize alman\u0131z gerekli. Vize i\u015fleminde son derece titiz bir \u00fclke olan Amerika Birle\u015fik Devleti farkl\u0131 vize kategorisi konusunda hizmet vermekte. Amerika \u00c7anakkale konsoloslu\u011fu vize i\u015fleminde son karar mercii olan bir kurum. Kurumun sizden vize t\u00fcr\u00fcne g\u00f6re istemi\u015f oldu\u011fu birtak\u0131m evrak bulunuyor. Vize evrak\u0131n\u0131z\u0131 tamamlad\u0131ktan sonra <strong>Amerika \u00c7anakkale konsoloslu\u011fu<\/strong> vize b\u00f6l\u00fcm\u00fc vize ba\u015fvuru yapman\u0131z gerekiyor. Ba\u015fvuru s\u0131ras\u0131nda evrakda bir eksik ya da hatal\u0131 bilgiler olursa vize i\u015fleminiz uzar ya da tamamen reddedilr. Bu nedenle bu s\u00fcre\u00e7lerde her belge detay\u0131na dikkat etmek son derece \u00f6nemli.\u00a0 Randevuya tam saatinde gitmeye \u00f6zen g\u00f6steriniz. Giderken sizi tan\u0131t\u0131lacak t\u00fcm belgenin yan\u0131n\u0131zda oldu\u011funda emin olun.<\/span><\/p>\n<h2><strong><span style=\"font-family: Roboto; font-size: 27px;\">Amerika \u00c7anakkale Vize Randevusu<\/span><\/strong><\/h2>\n<p><span style=\"font-family: Roboto; font-size: 14px;\"><strong>Amerika \u00c7anakkale konsoloslu\u011fu vize randevu<\/strong> konusunda olduk\u00e7a yo\u011fun kurum aras\u0131nda bulunuyor. Bu nedenle <strong>Amerika vize almak<\/strong> istiyorsan\u0131z mutlaka kurumlardan ileri bir tarih i\u00e7in randevu almal\u0131s\u0131nz. Randevu i\u015fleminizi seyahatlerinden en az bir ya da bir bu\u00e7uk ay \u00f6ncesi almaya \u00f6zen g\u00f6steriniz. Aksi takdirde kurumdan randevu alabilme sizin i\u00e7in son derece zorlay\u0131c\u0131 bir s\u00fcre\u00e7ler olabilir. Amerika \u00c7anakkale Fahri Konsoloslu\u011fu bir\u00e7ok farkl\u0131 konu da ki\u015filere hizmet verdi\u011fi i\u00e7in yo\u011funlu derecesi olduk\u00e7a y\u00fcksekdir. Vize randevusu giderken mutlaka \u015fu belgenin yan\u0131n\u0131zda oldu\u011funda emin olmal\u0131s\u0131n\u0131z:<\/span><\/p>\n<p><span style=\"color: #2acec2;\"><strong><a style=\"color: #2acec2;\" href=\"https:\/\/www.myvize.com.tr\/amerika\/ds-160-formu\/amerika-vize-basvuru-formu\/\" target=\"_blank\" rel=\"noopener\"><span style=\"font-family: Roboto; font-size: 14px;\">Amerika Vize ba\u015fvuru formu<\/span><\/a><\/strong><\/span><\/p>\n<p><span style=\"font-family: Roboto; font-size: 14px;\">Vize talep dilek\u00e7e<\/span><\/p>\n<p><span style=\"font-family: Roboto; font-size: 14px;\">Vize davetiye<\/span><\/p>\n<p><span style=\"font-family: Roboto; font-size: 14px;\">Pasaport<\/span><\/p>\n<p><strong><span style=\"font-family: Roboto; font-size: 14px;\">Seyahat sa\u011fl\u0131k sigortalar\u0131<\/span><\/strong><\/p>\n<p><span style=\"font-family: Roboto; font-size: 14px;\">Finansal durumu ile ilgili olan belge<\/span><\/p>\n<p><span style=\"font-family: Roboto; font-size: 14px;\">Meslek ile ilgili t\u00fcm belge<\/span><\/p>\n<p><span style=\"font-family: Roboto; font-size: 14px;\">Vize i\u015flemi s\u0131ras\u0131nda gerekli olan belge t\u00fcr\u00fc aras\u0131nda yer almakta.\u00a0<\/span><\/p>\n<h2><strong><span style=\"font-family: Roboto; font-size: 27px;\">Amerika \u00c7anakkale Vize Ba\u015fvurusu<\/span><\/strong><\/h2>\n<p><span style=\"font-family: Roboto; font-size: 14px;\"><strong>Amerika \u00c7anakkale Fahri Konsoloslu\u011fu<\/strong> ba\u015fvuru i\u015flemi konusunda bir\u00e7ok farkl\u0131 ki\u015filere hizmet vermektedir. T\u00fcrk vatanda\u015f\u0131 vize ba\u015fvurusu konusunda bu kurumdan bilgi alabildi\u011fi gibi T\u00fcrkiye&#8217;de ya\u015fayan <strong>Amerikan vatanda\u015f\u0131<\/strong> da\u00a0 \u00c7anakkale Fahri Konsoloslu\u011fundan bilgi alabilmekte. Bir\u00e7ok farkl\u0131 konu da kendi vatanda\u015f\u0131na T\u00fcrk vatanda\u015f\u0131na ve di\u011fer \u00fclke vatanda\u015f\u0131na hizmet veren Amerika \u00c7anakkale Fahri Konsoloslu\u011fu olduk\u00e7a geni\u015f kapsam bir hizmet skalas\u0131 sahiptir. Ba\u015fvuru konusuna mutlaka kurumlar\u0131n ilgili birimine ba\u015fvurmal\u0131s\u0131n\u0131z. Ba\u015fvuru s\u0131ras\u0131nda dikkat etmek gereken konu bulunuyor. Bunlar ise \u015fu \u015fekilde:<\/span><\/p>\n<p><span style=\"font-family: Roboto; font-size: 14px;\">Ba\u015fvuru yapaca\u011f\u0131nz zaman hangi konu da belge haz\u0131rlamak gerekti\u011fini bilmek gerekiyor.<\/span><\/p>\n<p><span style=\"font-family: Roboto; font-size: 14px;\">Belgenizi teslim etmeden \u00f6nce mutlaka kontrol\u00fc etmelisiniz.<\/span><\/p>\n<p><span style=\"font-family: Roboto; font-size: 14px;\">Randevusuz olarak kuruma gitmemelisiniz.<\/span><\/p>\n<p><span style=\"font-family: Roboto; font-size: 14px;\">Kurum yo\u011fun oldu\u011fundan randevu tarihi ge\u00e7irmemelisiniz.<\/span><\/p>\n<p><span style=\"font-family: Roboto; font-size: 14px;\">Amerikan vatanda\u015f\u0131n\u0131n pasaport, vatanda\u015fl\u0131k, do\u011fum ile \u00f6l\u00fcm gibi konuda hizmet alabilece\u011fi bir kurumdur.<\/span><\/p>\n<h2><strong><span style=\"font-family: Roboto; font-size: 27px;\">Amerika Vizenizi \u00c7anakkaleden Alman\u0131z\u0131n Kolay Yolu<\/span><\/strong><\/h2>\n<p><span style=\"font-family: Roboto; font-size: 14px;\">Amerika \u00c7anakkale Fahri Konsoloslu\u011fu randevu ile \u00e7al\u0131\u015fan kurum aras\u0131nda yer al\u0131r. Ki\u015fi vize i\u015flemi ya da farkl\u0131 bir konu hakk\u0131nda bilgiler sahibi olmak istedi\u011finde bu merkeze gidebilirler. Son karar merci olmasa dahi bulundu\u011funuz \u015fehirlerde bir konsolosluk yok ise belgenizin teslimi i\u00e7in \u00c7anakkale\u00a0 Fahri konsolosluklara giderek ba\u015fvurunuz ger\u00e7ekle\u015ftirebilirsiniz. Ayn\u0131 zamanda g\u00fcncel vize belgesi hakk\u0131nda da bu kurumdan bilgi alabilirsiniz. Ba\u015fvuru yaparken hangi alanda hizmet almak istedi\u011fi bilmeniz gerekiyor. \u00c7anakkale Fahri konsolosluk hem T\u00fcrke hem de Amerikan vatanda\u015f\u0131na hizmet vermektedir. Randevu al\u0131rken \u015fu noktaya dikkat etmeniz gerekiyor:<\/span><\/p>\n<p><span style=\"font-family: Roboto; font-size: 14px;\">Randevu tarihleri al\u0131rken mutlaka erken tarihlerde almaya \u00e7al\u0131\u015f\u0131n.<\/span><\/p>\n<p><img decoding=\"async\" src=\"https:\/\/www.myvize.com.tr\/amerika\/wp-content\/uploads\/2021\/09\/6-9.jpg\" \/><\/p>\n","protected":false},"excerpt":{"rendered":"<p>Amerika Vize Ba\u015fvuru Merkezi , \u00c7anakkale Amerika\u2019ya gitme konusunda d\u00fc\u015f\u00fcnceniz varsa mutlaka vize alman\u0131z gerekli. Vize i\u015fleminde son derece titiz bir \u00fclke olan Amerika Birle\u015fik Devleti farkl\u0131 vize kategorisi konusunda hizmet vermekte. Amerika \u00c7anakkale konsoloslu\u011fu vize i\u015fleminde son karar mercii olan bir kurum. Kurumun sizden vize t\u00fcr\u00fcne g\u00f6re istemi\u015f oldu\u011fu birtak\u0131m evrak bulunuyor. Vize evrak\u0131n\u0131z\u0131<\/p>\n","protected":false},"author":1,"featured_media":0,"parent":332,"menu_order":0,"comment_status":"open","ping_status":"closed","template":"","meta":{"footnotes":""},"class_list":["post-359","page","type-page","status-publish","hentry"],"yoast_head":"<!-- This site is optimized with the Yoast SEO plugin v27.4 - https:\/\/yoast.com\/product\/yoast-seo-wordpress\/ -->\n<title>Amerika \u00c7anakkale Vize Ba\u015fvuru \u015eubemiz - MyVize<\/title>\n<meta name=\"description\" content=\"Amerika Vizesi \u00c7anakkale Vize Ba\u015fvuru Merkezi. Amerika Vizesi Nas\u0131l Al\u0131n\u0131r? Amerika Vizesi \u0130\u00e7in \u00c7anakkale \u015eubemizi Aray\u0131n: 0850 346 84 93\" \/>\n<meta name=\"robots\" content=\"index, follow, max-snippet:-1, max-image-preview:large, max-video-preview:-1\" \/>\n<link rel=\"canonical\" href=\"https:\/\/www.myvize.com.tr\/amerika\/subelerimiz\/canakkale\/\" \/>\n<meta property=\"og:locale\" content=\"tr_TR\" \/>\n<meta property=\"og:type\" content=\"article\" \/>\n<meta property=\"og:title\" content=\"Amerika \u00c7anakkale Vize Ba\u015fvuru \u015eubemiz - MyVize\" \/>\n<meta property=\"og:description\" content=\"Amerika Vizesi \u00c7anakkale Vize Ba\u015fvuru Merkezi. Amerika Vizesi Nas\u0131l Al\u0131n\u0131r? Amerika Vizesi \u0130\u00e7in \u00c7anakkale \u015eubemizi Aray\u0131n: 0850 346 84 93\" \/>\n<meta property=\"og:url\" content=\"https:\/\/www.myvize.com.tr\/amerika\/subelerimiz\/canakkale\/\" \/>\n<meta property=\"og:site_name\" content=\"Amerika Vizesi\" \/>\n<meta property=\"article:modified_time\" content=\"2022-05-05T10:51:09+00:00\" \/>\n<meta property=\"og:image\" content=\"https:\/\/www.myvize.com.tr\/amerika\/wp-content\/uploads\/2021\/09\/6-9.jpg\" \/>\n<meta name=\"twitter:card\" content=\"summary_large_image\" \/>\n<meta name=\"twitter:label1\" content=\"Tahmini okuma s\u00fcresi\" \/>\n\t<meta name=\"twitter:data1\" content=\"3 dakika\" \/>\n<script type=\"application\/ld+json\" class=\"yoast-schema-graph\">{\"@context\":\"https:\\\/\\\/schema.org\",\"@graph\":[{\"@type\":\"WebPage\",\"@id\":\"https:\\\/\\\/www.myvize.com.tr\\\/amerika\\\/subelerimiz\\\/canakkale\\\/\",\"url\":\"https:\\\/\\\/www.myvize.com.tr\\\/amerika\\\/subelerimiz\\\/canakkale\\\/\",\"name\":\"Amerika \u00c7anakkale Vize Ba\u015fvuru \u015eubemiz - MyVize\",\"isPartOf\":{\"@id\":\"https:\\\/\\\/www.myvize.com.tr\\\/amerika\\\/#website\"},\"primaryImageOfPage\":{\"@id\":\"https:\\\/\\\/www.myvize.com.tr\\\/amerika\\\/subelerimiz\\\/canakkale\\\/#primaryimage\"},\"image\":{\"@id\":\"https:\\\/\\\/www.myvize.com.tr\\\/amerika\\\/subelerimiz\\\/canakkale\\\/#primaryimage\"},\"thumbnailUrl\":\"https:\\\/\\\/www.myvize.com.tr\\\/amerika\\\/wp-content\\\/uploads\\\/2021\\\/09\\\/6-9.jpg\",\"datePublished\":\"2020-12-28T08:19:29+00:00\",\"dateModified\":\"2022-05-05T10:51:09+00:00\",\"description\":\"Amerika Vizesi \u00c7anakkale Vize Ba\u015fvuru Merkezi. Amerika Vizesi Nas\u0131l Al\u0131n\u0131r? Amerika Vizesi \u0130\u00e7in \u00c7anakkale \u015eubemizi Aray\u0131n: 0850 346 84 93\",\"breadcrumb\":{\"@id\":\"https:\\\/\\\/www.myvize.com.tr\\\/amerika\\\/subelerimiz\\\/canakkale\\\/#breadcrumb\"},\"inLanguage\":\"tr\",\"potentialAction\":[{\"@type\":\"ReadAction\",\"target\":[\"https:\\\/\\\/www.myvize.com.tr\\\/amerika\\\/subelerimiz\\\/canakkale\\\/\"]}]},{\"@type\":\"ImageObject\",\"inLanguage\":\"tr\",\"@id\":\"https:\\\/\\\/www.myvize.com.tr\\\/amerika\\\/subelerimiz\\\/canakkale\\\/#primaryimage\",\"url\":\"https:\\\/\\\/www.myvize.com.tr\\\/amerika\\\/wp-content\\\/uploads\\\/2021\\\/09\\\/6-9.jpg\",\"contentUrl\":\"https:\\\/\\\/www.myvize.com.tr\\\/amerika\\\/wp-content\\\/uploads\\\/2021\\\/09\\\/6-9.jpg\",\"width\":800,\"height\":500,\"caption\":\"Amerika \u015eubelerimiz \u00c7anakkale\"},{\"@type\":\"BreadcrumbList\",\"@id\":\"https:\\\/\\\/www.myvize.com.tr\\\/amerika\\\/subelerimiz\\\/canakkale\\\/#breadcrumb\",\"itemListElement\":[{\"@type\":\"ListItem\",\"position\":1,\"name\":\"Anasayfa\",\"item\":\"https:\\\/\\\/www.myvize.com.tr\\\/amerika\\\/\"},{\"@type\":\"ListItem\",\"position\":2,\"name\":\"\u015eUBELER\u0130M\u0130Z\",\"item\":\"https:\\\/\\\/www.myvize.com.tr\\\/amerika\\\/subelerimiz\\\/\"},{\"@type\":\"ListItem\",\"position\":3,\"name\":\"Amerika Vizesi , \u00c7anakkale\"}]},{\"@type\":\"WebSite\",\"@id\":\"https:\\\/\\\/www.myvize.com.tr\\\/amerika\\\/#website\",\"url\":\"https:\\\/\\\/www.myvize.com.tr\\\/amerika\\\/\",\"name\":\"MyVize Amerika Vize Ba\u015fvuru Merkezi\",\"description\":\"\",\"potentialAction\":[{\"@type\":\"SearchAction\",\"target\":{\"@type\":\"EntryPoint\",\"urlTemplate\":\"https:\\\/\\\/www.myvize.com.tr\\\/amerika\\\/?s={search_term_string}\"},\"query-input\":{\"@type\":\"PropertyValueSpecification\",\"valueRequired\":true,\"valueName\":\"search_term_string\"}}],\"inLanguage\":\"tr\"}]}<\/script>\n<!-- \/ Yoast SEO plugin. -->","yoast_head_json":{"title":"Amerika \u00c7anakkale Vize Ba\u015fvuru \u015eubemiz - MyVize","description":"Amerika Vizesi \u00c7anakkale Vize Ba\u015fvuru Merkezi. Amerika Vizesi Nas\u0131l Al\u0131n\u0131r? Amerika Vizesi \u0130\u00e7in \u00c7anakkale \u015eubemizi Aray\u0131n: 0850 346 84 93","robots":{"index":"index","follow":"follow","max-snippet":"max-snippet:-1","max-image-preview":"max-image-preview:large","max-video-preview":"max-video-preview:-1"},"canonical":"https:\/\/www.myvize.com.tr\/amerika\/subelerimiz\/canakkale\/","og_locale":"tr_TR","og_type":"article","og_title":"Amerika \u00c7anakkale Vize Ba\u015fvuru \u015eubemiz - MyVize","og_description":"Amerika Vizesi \u00c7anakkale Vize Ba\u015fvuru Merkezi. Amerika Vizesi Nas\u0131l Al\u0131n\u0131r? Amerika Vizesi \u0130\u00e7in \u00c7anakkale \u015eubemizi Aray\u0131n: 0850 346 84 93","og_url":"https:\/\/www.myvize.com.tr\/amerika\/subelerimiz\/canakkale\/","og_site_name":"Amerika Vizesi","article_modified_time":"2022-05-05T10:51:09+00:00","og_image":[{"url":"https:\/\/www.myvize.com.tr\/amerika\/wp-content\/uploads\/2021\/09\/6-9.jpg","type":"","width":"","height":""}],"twitter_card":"summary_large_image","twitter_misc":{"Tahmini okuma s\u00fcresi":"3 dakika"},"schema":{"@context":"https:\/\/schema.org","@graph":[{"@type":"WebPage","@id":"https:\/\/www.myvize.com.tr\/amerika\/subelerimiz\/canakkale\/","url":"https:\/\/www.myvize.com.tr\/amerika\/subelerimiz\/canakkale\/","name":"Amerika \u00c7anakkale Vize Ba\u015fvuru \u015eubemiz - MyVize","isPartOf":{"@id":"https:\/\/www.myvize.com.tr\/amerika\/#website"},"primaryImageOfPage":{"@id":"https:\/\/www.myvize.com.tr\/amerika\/subelerimiz\/canakkale\/#primaryimage"},"image":{"@id":"https:\/\/www.myvize.com.tr\/amerika\/subelerimiz\/canakkale\/#primaryimage"},"thumbnailUrl":"https:\/\/www.myvize.com.tr\/amerika\/wp-content\/uploads\/2021\/09\/6-9.jpg","datePublished":"2020-12-28T08:19:29+00:00","dateModified":"2022-05-05T10:51:09+00:00","description":"Amerika Vizesi \u00c7anakkale Vize Ba\u015fvuru Merkezi. Amerika Vizesi Nas\u0131l Al\u0131n\u0131r? Amerika Vizesi \u0130\u00e7in \u00c7anakkale \u015eubemizi Aray\u0131n: 0850 346 84 93","breadcrumb":{"@id":"https:\/\/www.myvize.com.tr\/amerika\/subelerimiz\/canakkale\/#breadcrumb"},"inLanguage":"tr","potentialAction":[{"@type":"ReadAction","target":["https:\/\/www.myvize.com.tr\/amerika\/subelerimiz\/canakkale\/"]}]},{"@type":"ImageObject","inLanguage":"tr","@id":"https:\/\/www.myvize.com.tr\/amerika\/subelerimiz\/canakkale\/#primaryimage","url":"https:\/\/www.myvize.com.tr\/amerika\/wp-content\/uploads\/2021\/09\/6-9.jpg","contentUrl":"https:\/\/www.myvize.com.tr\/amerika\/wp-content\/uploads\/2021\/09\/6-9.jpg","width":800,"height":500,"caption":"Amerika \u015eubelerimiz \u00c7anakkale"},{"@type":"BreadcrumbList","@id":"https:\/\/www.myvize.com.tr\/amerika\/subelerimiz\/canakkale\/#breadcrumb","itemListElement":[{"@type":"ListItem","position":1,"name":"Anasayfa","item":"https:\/\/www.myvize.com.tr\/amerika\/"},{"@type":"ListItem","position":2,"name":"\u015eUBELER\u0130M\u0130Z","item":"https:\/\/www.myvize.com.tr\/amerika\/subelerimiz\/"},{"@type":"ListItem","position":3,"name":"Amerika Vizesi , \u00c7anakkale"}]},{"@type":"WebSite","@id":"https:\/\/www.myvize.com.tr\/amerika\/#website","url":"https:\/\/www.myvize.com.tr\/amerika\/","name":"MyVize Amerika Vize Ba\u015fvuru Merkezi","description":"","potentialAction":[{"@type":"SearchAction","target":{"@type":"EntryPoint","urlTemplate":"https:\/\/www.myvize.com.tr\/amerika\/?s={search_term_string}"},"query-input":{"@type":"PropertyValueSpecification","valueRequired":true,"valueName":"search_term_string"}}],"inLanguage":"tr"}]}},"_links":{"self":[{"href":"https:\/\/www.myvize.com.tr\/amerika\/wp-json\/wp\/v2\/pages\/359","targetHints":{"allow":["GET"]}}],"collection":[{"href":"https:\/\/www.myvize.com.tr\/amerika\/wp-json\/wp\/v2\/pages"}],"about":[{"href":"https:\/\/www.myvize.com.tr\/amerika\/wp-json\/wp\/v2\/types\/page"}],"author":[{"embeddable":true,"href":"https:\/\/www.myvize.com.tr\/amerika\/wp-json\/wp\/v2\/users\/1"}],"replies":[{"embeddable":true,"href":"https:\/\/www.myvize.com.tr\/amerika\/wp-json\/wp\/v2\/comments?post=359"}],"version-history":[{"count":5,"href":"https:\/\/www.myvize.com.tr\/amerika\/wp-json\/wp\/v2\/pages\/359\/revisions"}],"predecessor-version":[{"id":1434,"href":"https:\/\/www.myvize.com.tr\/amerika\/wp-json\/wp\/v2\/pages\/359\/revisions\/1434"}],"up":[{"embeddable":true,"href":"https:\/\/www.myvize.com.tr\/amerika\/wp-json\/wp\/v2\/pages\/332"}],"wp:attachment":[{"href":"https:\/\/www.myvize.com.tr\/amerika\/wp-json\/wp\/v2\/media?parent=359"}],"curies":[{"name":"wp","href":"https:\/\/api.w.org\/{rel}","templated":true}]}}