{"id":363,"date":"2020-12-28T11:20:08","date_gmt":"2020-12-28T08:20:08","guid":{"rendered":"https:\/\/www.myvize.com.tr\/amerika\/?page_id=363"},"modified":"2022-08-15T14:12:19","modified_gmt":"2022-08-15T11:12:19","slug":"istanbul","status":"publish","type":"page","link":"https:\/\/www.myvize.com.tr\/amerika\/subelerimiz\/istanbul\/","title":{"rendered":"\u0130stanbul"},"content":{"rendered":"<h2><strong><span style=\"font-family: Roboto; font-size: 27px;\">\u0130stanbul Amerika Vize Ba\u015fvuru Merkezi<\/span><\/strong><\/h2>\n<p><span style=\"font-family: Roboto; font-size: 14px;\"><span style=\"color: #2acec2;\"><strong><a style=\"color: #2acec2;\" href=\"https:\/\/www.myvize.com.tr\/amerika\/amerika-vizesi\/\" target=\"_blank\" rel=\"noopener\">Amerika vizesi <\/a><\/strong><\/span>almak i\u00e7in \u0130stanbul\u2019dan ba\u015fvuru yapacaksan\u0131z sizin i\u00e7in haz\u0131rlam\u0131\u015f oldu\u011funuz bu sayfay\u0131 inceleyebilirsiniz.\u00a0\u00a0Amerika vizenizi kolay ve g\u00fcvenli bir \u015fekilde alabilmeniz i\u00e7in a\u015fa\u011f\u0131daki bilgileri dikkatlice okuman\u0131z sizin i\u00e7in faydal\u0131 olacakt\u0131r. Dilerseniz vize dan\u0131\u015fmanl\u0131k hizmeti veriyor olan ofisimizi de ziyaret edebilirsiniz ve deneyimli ekibimizden de bilgi alabilirsiniz.<\/span><\/p>\n<h2><strong><span style=\"font-family: Roboto; font-size: 27px;\">Amerika Istanbul Konsoloslu\u011fu G\u00f6rev B\u00f6lgesi Nedir?<\/span><\/strong><\/h2>\n<p><span style=\"font-family: Roboto; font-size: 14px;\">T\u00fcrkiye&#8217;den yap\u0131lacak t\u00fcm g\u00f6\u00e7men olmayan vize ba\u015fvurular\u0131n\u0131z i\u00e7in ABD \u0130stanbul Ba\u015fkonsoloslu\u011fu ve <a href=\"https:\/\/www.myvize.com.tr\/amerika\/konsolosluklar\/amerika-buyukelciligi-ankara\/\" target=\"_blank\" rel=\"noopener\"><strong><span style=\"color: #2acec2;\">Amerika\u00a0 B\u00fcy\u00fckel\u00e7ili\u011fi Ankara <\/span><\/strong><\/a>taraf\u0131ndan kabul ediliyor ve bir sonu\u00e7land\u0131rma yap\u0131l\u0131yor.\u00a0\u00a0\u0130stanbul&#8217;dan Amerika G\u00f6\u00e7men Olmayan Vize Ba\u015fvurusu yapmak istiyorsan\u0131z randevu alman\u0131z gerekiyor.<\/span><\/p>\n<p><img decoding=\"async\" src=\"https:\/\/www.myvize.com.tr\/amerika\/wp-content\/uploads\/2021\/09\/6-1.jpg\" \/><\/p>\n<h2><strong><span style=\"font-family: Roboto; font-size: 27px;\">\u0130stanbul Amerika Konsoloslu\u011fu \u00c7al\u0131\u015fma Saatleri Nedir?<\/span><\/strong><\/h2>\n<p><span style=\"font-family: Roboto; font-size: 14px;\">Pazartesi &#8211; Cuma: \u00a007:45\u00a0&#8211; 16:30<\/span><\/p>\n<p><span style=\"font-family: Roboto; font-size: 14px;\">Vize Bilgi Servisi \u00c7al\u0131\u015fma Saatleri Hafta i\u00e7i Her G\u00fcn:\u00a0\u00a014:30 &#8211;\u00a015:30<\/span><\/p>\n<p><span style=\"font-family: Roboto; font-size: 14px;\"><strong>Amerika \u0130stanbul Ba\u015fkonsoloslu\u011fu<\/strong>\u00a0\u00fc\u00e7 farkl\u0131 se\u00e7enek olarak hizmet veriyor.<\/span><br \/>\n<span style=\"font-family: Roboto; font-size: 14px;\">-Amerikan Vatanda\u015fl\u0131k Hizmetleri<\/span><br \/>\n<span style=\"font-family: Roboto; font-size: 14px;\">-G\u00f6\u00e7men Vizeler<\/span><br \/>\n<span style=\"font-family: Roboto; font-size: 14px;\">-G\u00f6\u00e7men Olmayan Vizeler<\/span><\/p>\n<p><span style=\"font-family: Roboto; font-size: 14px;\">Amerikan Vatanda\u015fl\u0131k Hizmetleri i\u00e7in \u00c7al\u0131\u015fma Saatleri:<\/span><\/p>\n<p><span style=\"font-family: Roboto; font-size: 14px;\">Pazartesi &#8211; Per\u015fembe : 13:30 &#8211; 16:00<\/span><\/p>\n<p><span style=\"font-family: Roboto; font-size: 14px;\">Amerika G\u00f6\u00e7men Vizeler \u00c7al\u0131\u015fma Saatleri:<\/span><\/p>\n<p><span style=\"font-family: Roboto; font-size: 14px;\">Pazartesi &#8211; Per\u015fembe : 16:00 &#8211; 17:00<\/span><\/p>\n<p><span style=\"font-family: Roboto; font-size: 14px;\">G\u00f6\u00e7men Olmayan Vizeler \u00c7al\u0131\u015fma Saatleri:<\/span><\/p>\n<p><span style=\"font-family: Roboto; font-size: 14px;\">Pazartesi &#8211; Cuma : 08:30 &#8211; 17:30<\/span><\/p>\n<h2><strong><span style=\"font-family: Roboto; font-size: 27px;\">Amerika Konsoloslu\u011fu Vize Ba\u015fvurusu Nas\u0131l Yap\u0131l\u0131r?\u00a0<\/span><\/strong><\/h2>\n<p><span style=\"font-family: Roboto; font-size: 14px;\">\u00d6ncelikle vize dan\u0131\u015fmanl\u0131k hizmeti veren \u015firketimize ula\u015fabilmeniz ad\u0131na \u00e7a\u011fr\u0131 merkezimi araman\u0131z gerekiyor. Daha sonra belirtti\u011fimiz evraklar\u0131 haz\u0131rlaman\u0131z gerekiyor. Ard\u0131ndan haz\u0131rlad\u0131\u011f\u0131n\u0131z evraklar\u0131 ofisimize isterseniz kurye, kargo yoluyla isterseniz bizzat gelip teslim etmeniz gerekiyor. Onay verdi\u011finiz randevu saati ve tarihine g\u00f6re biometrik verilerinizi sunman\u0131z gerekiyor. Ofisimizi arayarak ba\u015fvurunuzun ne durumda oldu\u011funu \u00f6\u011frenebilirsiniz. S\u00fcrecin sonunda da pasaportunuzu teslim alman\u0131z yeterli oluyor.<\/span><\/p>\n","protected":false},"excerpt":{"rendered":"<p>\u0130stanbul Amerika Vize Ba\u015fvuru Merkezi Amerika vizesi almak i\u00e7in \u0130stanbul\u2019dan ba\u015fvuru yapacaksan\u0131z sizin i\u00e7in haz\u0131rlam\u0131\u015f oldu\u011funuz bu sayfay\u0131 inceleyebilirsiniz.\u00a0\u00a0Amerika vizenizi kolay ve g\u00fcvenli bir \u015fekilde alabilmeniz i\u00e7in a\u015fa\u011f\u0131daki bilgileri dikkatlice okuman\u0131z sizin i\u00e7in faydal\u0131 olacakt\u0131r. Dilerseniz vize dan\u0131\u015fmanl\u0131k hizmeti veriyor olan ofisimizi de ziyaret edebilirsiniz ve deneyimli ekibimizden de bilgi alabilirsiniz. Amerika Istanbul Konsoloslu\u011fu G\u00f6rev<\/p>\n","protected":false},"author":1,"featured_media":0,"parent":332,"menu_order":0,"comment_status":"open","ping_status":"closed","template":"","meta":{"footnotes":""},"class_list":["post-363","page","type-page","status-publish","hentry"],"yoast_head":"<!-- This site is optimized with the Yoast SEO plugin v27.4 - https:\/\/yoast.com\/product\/yoast-seo-wordpress\/ -->\n<title>Amerika \u0130stanbul Vizesi Ba\u015fvuru \u015eubemiz - MyVize<\/title>\n<meta name=\"description\" content=\"Amerika \u0130stanbul Vizesi Ba\u015fvuru \u015eubesi. Amerika Vizesi \u0130stanbul Vize Merkezi. Amerika Vizesi Ba\u015fvurusu \u0130stanbul.\" \/>\n<meta name=\"robots\" content=\"index, follow, max-snippet:-1, max-image-preview:large, max-video-preview:-1\" \/>\n<link rel=\"canonical\" href=\"https:\/\/www.myvize.com.tr\/amerika\/subelerimiz\/istanbul\/\" \/>\n<meta property=\"og:locale\" content=\"tr_TR\" \/>\n<meta property=\"og:type\" content=\"article\" \/>\n<meta property=\"og:title\" content=\"Amerika \u0130stanbul Vizesi Ba\u015fvuru \u015eubemiz - MyVize\" \/>\n<meta property=\"og:description\" content=\"Amerika \u0130stanbul Vizesi Ba\u015fvuru \u015eubesi. Amerika Vizesi \u0130stanbul Vize Merkezi. Amerika Vizesi Ba\u015fvurusu \u0130stanbul.\" \/>\n<meta property=\"og:url\" content=\"https:\/\/www.myvize.com.tr\/amerika\/subelerimiz\/istanbul\/\" \/>\n<meta property=\"og:site_name\" content=\"Amerika Vizesi\" \/>\n<meta property=\"article:modified_time\" content=\"2022-08-15T11:12:19+00:00\" \/>\n<meta property=\"og:image\" content=\"https:\/\/www.myvize.com.tr\/amerika\/wp-content\/uploads\/2021\/09\/6-1.jpg\" \/>\n<meta name=\"twitter:card\" content=\"summary_large_image\" \/>\n<meta name=\"twitter:label1\" content=\"Tahmini okuma s\u00fcresi\" \/>\n\t<meta name=\"twitter:data1\" content=\"2 dakika\" \/>\n<script type=\"application\/ld+json\" class=\"yoast-schema-graph\">{\"@context\":\"https:\\\/\\\/schema.org\",\"@graph\":[{\"@type\":\"WebPage\",\"@id\":\"https:\\\/\\\/www.myvize.com.tr\\\/amerika\\\/subelerimiz\\\/istanbul\\\/\",\"url\":\"https:\\\/\\\/www.myvize.com.tr\\\/amerika\\\/subelerimiz\\\/istanbul\\\/\",\"name\":\"Amerika \u0130stanbul Vizesi Ba\u015fvuru \u015eubemiz - MyVize\",\"isPartOf\":{\"@id\":\"https:\\\/\\\/www.myvize.com.tr\\\/amerika\\\/#website\"},\"primaryImageOfPage\":{\"@id\":\"https:\\\/\\\/www.myvize.com.tr\\\/amerika\\\/subelerimiz\\\/istanbul\\\/#primaryimage\"},\"image\":{\"@id\":\"https:\\\/\\\/www.myvize.com.tr\\\/amerika\\\/subelerimiz\\\/istanbul\\\/#primaryimage\"},\"thumbnailUrl\":\"https:\\\/\\\/www.myvize.com.tr\\\/amerika\\\/wp-content\\\/uploads\\\/2021\\\/09\\\/6-1.jpg\",\"datePublished\":\"2020-12-28T08:20:08+00:00\",\"dateModified\":\"2022-08-15T11:12:19+00:00\",\"description\":\"Amerika \u0130stanbul Vizesi Ba\u015fvuru \u015eubesi. Amerika Vizesi \u0130stanbul Vize Merkezi. Amerika Vizesi Ba\u015fvurusu \u0130stanbul.\",\"breadcrumb\":{\"@id\":\"https:\\\/\\\/www.myvize.com.tr\\\/amerika\\\/subelerimiz\\\/istanbul\\\/#breadcrumb\"},\"inLanguage\":\"tr\",\"potentialAction\":[{\"@type\":\"ReadAction\",\"target\":[\"https:\\\/\\\/www.myvize.com.tr\\\/amerika\\\/subelerimiz\\\/istanbul\\\/\"]}]},{\"@type\":\"ImageObject\",\"inLanguage\":\"tr\",\"@id\":\"https:\\\/\\\/www.myvize.com.tr\\\/amerika\\\/subelerimiz\\\/istanbul\\\/#primaryimage\",\"url\":\"https:\\\/\\\/www.myvize.com.tr\\\/amerika\\\/wp-content\\\/uploads\\\/2021\\\/09\\\/6-1.jpg\",\"contentUrl\":\"https:\\\/\\\/www.myvize.com.tr\\\/amerika\\\/wp-content\\\/uploads\\\/2021\\\/09\\\/6-1.jpg\",\"width\":800,\"height\":500,\"caption\":\"Amerika \u015eubelerimiz \u0130stanbul\"},{\"@type\":\"BreadcrumbList\",\"@id\":\"https:\\\/\\\/www.myvize.com.tr\\\/amerika\\\/subelerimiz\\\/istanbul\\\/#breadcrumb\",\"itemListElement\":[{\"@type\":\"ListItem\",\"position\":1,\"name\":\"Anasayfa\",\"item\":\"https:\\\/\\\/www.myvize.com.tr\\\/amerika\\\/\"},{\"@type\":\"ListItem\",\"position\":2,\"name\":\"\u015eUBELER\u0130M\u0130Z\",\"item\":\"https:\\\/\\\/www.myvize.com.tr\\\/amerika\\\/subelerimiz\\\/\"},{\"@type\":\"ListItem\",\"position\":3,\"name\":\"\u0130stanbul\"}]},{\"@type\":\"WebSite\",\"@id\":\"https:\\\/\\\/www.myvize.com.tr\\\/amerika\\\/#website\",\"url\":\"https:\\\/\\\/www.myvize.com.tr\\\/amerika\\\/\",\"name\":\"MyVize Amerika Vize Ba\u015fvuru Merkezi\",\"description\":\"\",\"potentialAction\":[{\"@type\":\"SearchAction\",\"target\":{\"@type\":\"EntryPoint\",\"urlTemplate\":\"https:\\\/\\\/www.myvize.com.tr\\\/amerika\\\/?s={search_term_string}\"},\"query-input\":{\"@type\":\"PropertyValueSpecification\",\"valueRequired\":true,\"valueName\":\"search_term_string\"}}],\"inLanguage\":\"tr\"}]}<\/script>\n<!-- \/ Yoast SEO plugin. -->","yoast_head_json":{"title":"Amerika \u0130stanbul Vizesi Ba\u015fvuru \u015eubemiz - MyVize","description":"Amerika \u0130stanbul Vizesi Ba\u015fvuru \u015eubesi. Amerika Vizesi \u0130stanbul Vize Merkezi. Amerika Vizesi Ba\u015fvurusu \u0130stanbul.","robots":{"index":"index","follow":"follow","max-snippet":"max-snippet:-1","max-image-preview":"max-image-preview:large","max-video-preview":"max-video-preview:-1"},"canonical":"https:\/\/www.myvize.com.tr\/amerika\/subelerimiz\/istanbul\/","og_locale":"tr_TR","og_type":"article","og_title":"Amerika \u0130stanbul Vizesi Ba\u015fvuru \u015eubemiz - MyVize","og_description":"Amerika \u0130stanbul Vizesi Ba\u015fvuru \u015eubesi. Amerika Vizesi \u0130stanbul Vize Merkezi. Amerika Vizesi Ba\u015fvurusu \u0130stanbul.","og_url":"https:\/\/www.myvize.com.tr\/amerika\/subelerimiz\/istanbul\/","og_site_name":"Amerika Vizesi","article_modified_time":"2022-08-15T11:12:19+00:00","og_image":[{"url":"https:\/\/www.myvize.com.tr\/amerika\/wp-content\/uploads\/2021\/09\/6-1.jpg","type":"","width":"","height":""}],"twitter_card":"summary_large_image","twitter_misc":{"Tahmini okuma s\u00fcresi":"2 dakika"},"schema":{"@context":"https:\/\/schema.org","@graph":[{"@type":"WebPage","@id":"https:\/\/www.myvize.com.tr\/amerika\/subelerimiz\/istanbul\/","url":"https:\/\/www.myvize.com.tr\/amerika\/subelerimiz\/istanbul\/","name":"Amerika \u0130stanbul Vizesi Ba\u015fvuru \u015eubemiz - MyVize","isPartOf":{"@id":"https:\/\/www.myvize.com.tr\/amerika\/#website"},"primaryImageOfPage":{"@id":"https:\/\/www.myvize.com.tr\/amerika\/subelerimiz\/istanbul\/#primaryimage"},"image":{"@id":"https:\/\/www.myvize.com.tr\/amerika\/subelerimiz\/istanbul\/#primaryimage"},"thumbnailUrl":"https:\/\/www.myvize.com.tr\/amerika\/wp-content\/uploads\/2021\/09\/6-1.jpg","datePublished":"2020-12-28T08:20:08+00:00","dateModified":"2022-08-15T11:12:19+00:00","description":"Amerika \u0130stanbul Vizesi Ba\u015fvuru \u015eubesi. Amerika Vizesi \u0130stanbul Vize Merkezi. Amerika Vizesi Ba\u015fvurusu \u0130stanbul.","breadcrumb":{"@id":"https:\/\/www.myvize.com.tr\/amerika\/subelerimiz\/istanbul\/#breadcrumb"},"inLanguage":"tr","potentialAction":[{"@type":"ReadAction","target":["https:\/\/www.myvize.com.tr\/amerika\/subelerimiz\/istanbul\/"]}]},{"@type":"ImageObject","inLanguage":"tr","@id":"https:\/\/www.myvize.com.tr\/amerika\/subelerimiz\/istanbul\/#primaryimage","url":"https:\/\/www.myvize.com.tr\/amerika\/wp-content\/uploads\/2021\/09\/6-1.jpg","contentUrl":"https:\/\/www.myvize.com.tr\/amerika\/wp-content\/uploads\/2021\/09\/6-1.jpg","width":800,"height":500,"caption":"Amerika \u015eubelerimiz \u0130stanbul"},{"@type":"BreadcrumbList","@id":"https:\/\/www.myvize.com.tr\/amerika\/subelerimiz\/istanbul\/#breadcrumb","itemListElement":[{"@type":"ListItem","position":1,"name":"Anasayfa","item":"https:\/\/www.myvize.com.tr\/amerika\/"},{"@type":"ListItem","position":2,"name":"\u015eUBELER\u0130M\u0130Z","item":"https:\/\/www.myvize.com.tr\/amerika\/subelerimiz\/"},{"@type":"ListItem","position":3,"name":"\u0130stanbul"}]},{"@type":"WebSite","@id":"https:\/\/www.myvize.com.tr\/amerika\/#website","url":"https:\/\/www.myvize.com.tr\/amerika\/","name":"MyVize Amerika Vize Ba\u015fvuru Merkezi","description":"","potentialAction":[{"@type":"SearchAction","target":{"@type":"EntryPoint","urlTemplate":"https:\/\/www.myvize.com.tr\/amerika\/?s={search_term_string}"},"query-input":{"@type":"PropertyValueSpecification","valueRequired":true,"valueName":"search_term_string"}}],"inLanguage":"tr"}]}},"_links":{"self":[{"href":"https:\/\/www.myvize.com.tr\/amerika\/wp-json\/wp\/v2\/pages\/363","targetHints":{"allow":["GET"]}}],"collection":[{"href":"https:\/\/www.myvize.com.tr\/amerika\/wp-json\/wp\/v2\/pages"}],"about":[{"href":"https:\/\/www.myvize.com.tr\/amerika\/wp-json\/wp\/v2\/types\/page"}],"author":[{"embeddable":true,"href":"https:\/\/www.myvize.com.tr\/amerika\/wp-json\/wp\/v2\/users\/1"}],"replies":[{"embeddable":true,"href":"https:\/\/www.myvize.com.tr\/amerika\/wp-json\/wp\/v2\/comments?post=363"}],"version-history":[{"count":6,"href":"https:\/\/www.myvize.com.tr\/amerika\/wp-json\/wp\/v2\/pages\/363\/revisions"}],"predecessor-version":[{"id":1510,"href":"https:\/\/www.myvize.com.tr\/amerika\/wp-json\/wp\/v2\/pages\/363\/revisions\/1510"}],"up":[{"embeddable":true,"href":"https:\/\/www.myvize.com.tr\/amerika\/wp-json\/wp\/v2\/pages\/332"}],"wp:attachment":[{"href":"https:\/\/www.myvize.com.tr\/amerika\/wp-json\/wp\/v2\/media?parent=363"}],"curies":[{"name":"wp","href":"https:\/\/api.w.org\/{rel}","templated":true}]}}