{"id":437,"date":"2021-02-01T14:15:17","date_gmt":"2021-02-01T11:15:17","guid":{"rendered":"https:\/\/www.myvize.com.tr\/amerika\/?page_id=437"},"modified":"2023-01-03T20:47:31","modified_gmt":"2023-01-03T17:47:31","slug":"amerika-turistik-ve-ticari-ziyaret-vizesi-basvuru","status":"publish","type":"page","link":"https:\/\/www.myvize.com.tr\/amerika\/vize-islemleri\/amerika-turistik-ve-ticari-ziyaret-vizesi-basvuru\/","title":{"rendered":"Amerika Turistik veya Ticari Ziyaret Vizesi (B1\/B2)"},"content":{"rendered":"<p><span style=\"font-family: Roboto;\"><\/span><\/p>\r\n<h2><span style=\"font-family: Roboto; font-size: 27px;\"><strong>Amerika B-1\/B-2 Turistik veya Ticari Ziyaret\u00e7i Vizesi 2022<\/strong><\/span><\/h2>\r\n<p><span style=\"font-family: Roboto; font-size: 14px;\"><span style=\"color: #2acec2;\"><strong><a style=\"color: #2acec2;\" href=\"https:\/\/www.myvize.com.tr\/amerika\/amerika-b2-vizesi\/\" target=\"_blank\" rel=\"noopener\">Amerika B1\/B2 turist vizesi<\/a><\/strong><\/span> al\u0131m\u0131 i\u00e7in ki\u015filerin hem evrak haz\u0131rlamas\u0131 hem de har\u00e7 bedellerini yat\u0131rmas\u0131 gerekiyor. <span style=\"color: #2acec2;\"><strong><a style=\"color: #2acec2;\" href=\"https:\/\/www.myvize.com.tr\/amerika\/amerika-ticari-vize\/\" target=\"_blank\" rel=\"noopener\">Amerika ticari vize<\/a><\/strong><\/span> ya da <span style=\"color: #2acec2;\"><strong><a style=\"color: #2acec2;\" href=\"https:\/\/www.myvize.com.tr\/amerika\/amerika-b2-vizesi\/\" target=\"_blank\" rel=\"noopener\">Amerika turistik vize<\/a><\/strong><\/span> i\u00e7in ba\u015fvuruda bulunmak istiyorsan\u0131z <strong>ABD B1\/B2 vizesi i\u015flemleri<\/strong> ba\u015flatman\u0131z gerekir. G\u00fcn\u00fcm\u00fczde en zor vize al\u0131nan \u00fclkelerden birisi olan Amerika\u2019ya d\u00fcnya genelinden bir\u00e7ok ziyaret\u00e7i ak\u0131n ediyor. Bu nedenle de \u00fclke d\u0131\u015far\u0131dan gelen ki\u015filerden mutlaka vize talebinde bulunuyor. Bu i\u015flemin yap\u0131lmas\u0131nda dikkat edilmesi gereken husus hem evraklar\u0131n eksiksiz olmas\u0131 hem de yeterli g\u00fcncellikte olmas\u0131d\u0131r.<\/span><\/p>\r\n<p><span style=\"font-family: Roboto; font-size: 14px;\">\r\n\r\n<\/span><\/p>\r\n<h2><span style=\"font-family: Roboto; font-size: 27px;\"><strong>Amerika Turist Vizesi Evraklar\u0131<\/strong><\/span><\/h2>\r\n<p><span style=\"font-family: Roboto; font-size: 14px;\">\r\n\r\n<\/span><\/p>\r\n<p><span style=\"font-family: Roboto; font-size: 14px;\"><strong>Amerika\u2019ya gitmeyi<\/strong> d\u00fc\u015f\u00fcnen T\u00fcrk vatanda\u015flar\u0131n\u0131n vize s\u00fcrecinde haz\u0131rlamas\u0131 gereken bir\u00e7ok evrak bulunuyor. Bu evraklar\u0131 \u015fu \u015fekilde s\u0131ralamak m\u00fcmk\u00fcnd\u00fcr:<\/span><\/p>\r\n<p><span style=\"font-family: Roboto; font-size: 14px;\">\r\n\r\n<\/span><\/p>\r\n<p><span style=\"font-family: Roboto; font-size: 14px;\">l \u0130ngilizce olarak dolduru\u015fmu\u015f ba\u015fvuru formu<\/span><\/p>\r\n<p><span style=\"font-family: Roboto; font-size: 14px;\">\r\n\r\n<\/span><\/p>\r\n<p><span style=\"font-family: Roboto; font-size: 14px;\">l Dilek\u00e7e<\/span><\/p>\r\n<p><span style=\"font-family: Roboto; font-size: 14px;\">\r\n\r\n<\/span><\/p>\r\n<p><span style=\"font-family: Roboto; font-size: 14px;\">l Davetiye<\/span><\/p>\r\n<p><span style=\"font-family: Roboto; font-size: 14px;\">\r\n\r\n<\/span><\/p>\r\n<p><span style=\"font-family: Roboto; font-size: 14px;\">l Seyahat sa\u011fl\u0131k sigortas\u0131<\/span><\/p>\r\n<p><span style=\"font-family: Roboto; font-size: 14px;\">\r\n\r\n<\/span><\/p>\r\n<p><span style=\"font-family: Roboto; font-size: 14px;\">l Ge\u00e7erli bir pasaport, varsa eski pasaportlar<\/span><\/p>\r\n<p><span style=\"font-family: Roboto; font-size: 14px;\">\r\n\r\n<\/span><\/p>\r\n<p><span style=\"font-family: Roboto; font-size: 14px;\">l N\u00fcfus c\u00fczdan fotokopisi<\/span><\/p>\r\n<p><span style=\"font-family: Roboto; font-size: 14px;\">\r\n\r\n<\/span><\/p>\r\n<p><span style=\"font-family: Roboto; font-size: 14px;\">l Tam vukuatl\u0131 n\u00fcfus kay\u0131t \u00f6rne\u011fi<\/span><\/p>\r\n<p><span style=\"font-family: Roboto; font-size: 14px;\">\r\n\r\n<\/span><\/p>\r\n<p><span style=\"font-family: Roboto; font-size: 14px;\">Biyometrik foto\u011fraf da istenilenler aras\u0131ndad\u0131r. Ayn\u0131 zamanda otel ve u\u00e7ak rezervasyonlar\u0131, finansal durumu g\u00f6steren belgeler ile meslek belgeleri de turistik vize kapsam\u0131nda istenilen belgeler aras\u0131nda yer al\u0131yor. Bu i\u015flemleri yapabilmek i\u00e7in ba\u015fvuru formunun vize t\u00fcr\u00fcn\u00fc destekleyecek nitelikte doldurulmas\u0131 son derece \u00f6nemlidir. Buna ek olarak vize dilek\u00e7enizde mutlaka tarih ve \u0131slak imza bulunmas\u0131na da \u00f6zen g\u00f6stermeniz gerekiyor. <strong>Amerika turistik vizesi<\/strong> i\u00e7in ki\u015filerin seyahatlerinden bir ay \u00f6ncesinden t\u00fcm i\u015flemlere ba\u015flamalar\u0131 gerekiyor. Bu s\u00fcre\u00e7te evraklar\u0131n\u0131z\u0131n tam te\u015fekk\u00fcll\u00fc olarak teslim edilmesi vizeyi daha kolay alman\u0131z i\u00e7in \u00f6nemlidir.<\/span><\/p>\r\n<p><span style=\"font-family: Roboto; font-size: 14px;\">\r\n\r\n<\/span><\/p>\r\n<h2><span style=\"font-family: Roboto; font-size: 27px;\"><strong>Amerika Turist Vizesi Ne Zaman \u00c7\u0131kar?<\/strong><\/span><\/h2>\r\n<p><span style=\"font-family: Roboto; font-size: 14px;\">\r\n\r\n<\/span><\/p>\r\n<p><span style=\"font-family: Roboto; font-size: 14px;\">Amerika turistik vizenin al\u0131m\u0131 kurumlar\u0131n yo\u011funlu\u011fu ile ilgilidir. <strong>Amerikan Konsolosluklar\u0131<\/strong> en yo\u011fun yabanc\u0131 kurumlar aras\u0131ndad\u0131r. Resmi bayramlarda, dini bayramlarda ve hafta sonlar\u0131nda hizmet vermezler. Bununla birlikte evraklar\u0131n\u0131zda eksiklik var ise bu durumda vize s\u00fcrecinizin uzamas\u0131na neden olur. B\u00f6yle durumlarda dikkat edilmesi gereken en \u00f6nemli hususlardan birisi evraklar\u0131n eksiksiz olmas\u0131d\u0131r. Vize dosyan\u0131z\u0131 sunduktan sonra en ge\u00e7 15 i\u015f g\u00fcn\u00fc i\u00e7erisinde vizenizi alabilme imkan\u0131 vard\u0131r.<\/span><\/p>\r\n<p><span style=\"font-family: Roboto; font-size: 14px;\"><\/span><\/p>\r\n<p><span style=\"font-family: Roboto; font-size: 14px;\"><img decoding=\"async\" src=\"https:\/\/www.myvize.com.tr\/amerika\/wp-content\/uploads\/2021\/09\/7.jpg\" \/><\/span><\/p>","protected":false},"excerpt":{"rendered":"<p>Amerika B-1\/B-2 Turistik veya Ticari Ziyaret\u00e7i Vizesi 2022 Amerika B1\/B2 turist vizesi al\u0131m\u0131 i\u00e7in ki\u015filerin hem evrak haz\u0131rlamas\u0131 hem de har\u00e7 bedellerini yat\u0131rmas\u0131 gerekiyor. Amerika ticari vize ya da Amerika turistik vize i\u00e7in ba\u015fvuruda bulunmak istiyorsan\u0131z ABD B1\/B2 vizesi i\u015flemleri ba\u015flatman\u0131z gerekir. G\u00fcn\u00fcm\u00fczde en zor vize al\u0131nan \u00fclkelerden birisi olan Amerika\u2019ya d\u00fcnya genelinden bir\u00e7ok ziyaret\u00e7i<\/p>\n","protected":false},"author":1,"featured_media":0,"parent":18,"menu_order":0,"comment_status":"open","ping_status":"closed","template":"","meta":{"footnotes":""},"class_list":["post-437","page","type-page","status-publish","hentry"],"yoast_head":"<!-- This site is optimized with the Yoast SEO plugin v27.5 - https:\/\/yoast.com\/product\/yoast-seo-wordpress\/ -->\n<title>Amerika B-1\/B-2 Turistik Vize \u0130\u015flemi - MyVize<\/title>\n<meta name=\"description\" content=\"Amerika Turistik V\u0130ze ile \u0130lgili Gerekli Evrak Listesi \u0130\u00e7in Hemen T\u0131kla! \u00dccretsiz Amerika Vize Dan\u0131\u015fmanl\u0131\u011f\u0131 \u0130\u00e7in Hemen Ara\" \/>\n<meta name=\"robots\" content=\"index, follow, max-snippet:-1, max-image-preview:large, max-video-preview:-1\" \/>\n<link rel=\"canonical\" href=\"https:\/\/www.myvize.com.tr\/amerika\/vize-islemleri\/amerika-turistik-ve-ticari-ziyaret-vizesi-basvuru\/\" \/>\n<meta property=\"og:locale\" content=\"tr_TR\" \/>\n<meta property=\"og:type\" content=\"article\" \/>\n<meta property=\"og:title\" content=\"Amerika B-1\/B-2 Turistik Vize \u0130\u015flemi - MyVize\" \/>\n<meta property=\"og:description\" content=\"Amerika Turistik V\u0130ze ile \u0130lgili Gerekli Evrak Listesi \u0130\u00e7in Hemen T\u0131kla! \u00dccretsiz Amerika Vize Dan\u0131\u015fmanl\u0131\u011f\u0131 \u0130\u00e7in Hemen Ara\" \/>\n<meta property=\"og:url\" content=\"https:\/\/www.myvize.com.tr\/amerika\/vize-islemleri\/amerika-turistik-ve-ticari-ziyaret-vizesi-basvuru\/\" \/>\n<meta property=\"og:site_name\" content=\"Amerika Vizesi\" \/>\n<meta property=\"article:modified_time\" content=\"2023-01-03T17:47:31+00:00\" \/>\n<meta property=\"og:image\" content=\"https:\/\/www.myvize.com.tr\/amerika\/wp-content\/uploads\/2021\/09\/7.jpg\" \/>\n<meta name=\"twitter:card\" content=\"summary_large_image\" \/>\n<meta name=\"twitter:label1\" content=\"Tahmini okuma s\u00fcresi\" \/>\n\t<meta name=\"twitter:data1\" content=\"2 dakika\" \/>\n<script type=\"application\/ld+json\" class=\"yoast-schema-graph\">{\"@context\":\"https:\\\/\\\/schema.org\",\"@graph\":[{\"@type\":\"WebPage\",\"@id\":\"https:\\\/\\\/www.myvize.com.tr\\\/amerika\\\/vize-islemleri\\\/amerika-turistik-ve-ticari-ziyaret-vizesi-basvuru\\\/\",\"url\":\"https:\\\/\\\/www.myvize.com.tr\\\/amerika\\\/vize-islemleri\\\/amerika-turistik-ve-ticari-ziyaret-vizesi-basvuru\\\/\",\"name\":\"Amerika B-1\\\/B-2 Turistik Vize \u0130\u015flemi - MyVize\",\"isPartOf\":{\"@id\":\"https:\\\/\\\/www.myvize.com.tr\\\/amerika\\\/#website\"},\"primaryImageOfPage\":{\"@id\":\"https:\\\/\\\/www.myvize.com.tr\\\/amerika\\\/vize-islemleri\\\/amerika-turistik-ve-ticari-ziyaret-vizesi-basvuru\\\/#primaryimage\"},\"image\":{\"@id\":\"https:\\\/\\\/www.myvize.com.tr\\\/amerika\\\/vize-islemleri\\\/amerika-turistik-ve-ticari-ziyaret-vizesi-basvuru\\\/#primaryimage\"},\"thumbnailUrl\":\"https:\\\/\\\/www.myvize.com.tr\\\/amerika\\\/wp-content\\\/uploads\\\/2021\\\/09\\\/7.jpg\",\"datePublished\":\"2021-02-01T11:15:17+00:00\",\"dateModified\":\"2023-01-03T17:47:31+00:00\",\"description\":\"Amerika Turistik V\u0130ze ile \u0130lgili Gerekli Evrak Listesi \u0130\u00e7in Hemen T\u0131kla! \u00dccretsiz Amerika Vize Dan\u0131\u015fmanl\u0131\u011f\u0131 \u0130\u00e7in Hemen Ara\",\"breadcrumb\":{\"@id\":\"https:\\\/\\\/www.myvize.com.tr\\\/amerika\\\/vize-islemleri\\\/amerika-turistik-ve-ticari-ziyaret-vizesi-basvuru\\\/#breadcrumb\"},\"inLanguage\":\"tr\",\"potentialAction\":[{\"@type\":\"ReadAction\",\"target\":[\"https:\\\/\\\/www.myvize.com.tr\\\/amerika\\\/vize-islemleri\\\/amerika-turistik-ve-ticari-ziyaret-vizesi-basvuru\\\/\"]}]},{\"@type\":\"ImageObject\",\"inLanguage\":\"tr\",\"@id\":\"https:\\\/\\\/www.myvize.com.tr\\\/amerika\\\/vize-islemleri\\\/amerika-turistik-ve-ticari-ziyaret-vizesi-basvuru\\\/#primaryimage\",\"url\":\"https:\\\/\\\/www.myvize.com.tr\\\/amerika\\\/wp-content\\\/uploads\\\/2021\\\/09\\\/7.jpg\",\"contentUrl\":\"https:\\\/\\\/www.myvize.com.tr\\\/amerika\\\/wp-content\\\/uploads\\\/2021\\\/09\\\/7.jpg\",\"width\":800,\"height\":500,\"caption\":\"Amerika\"},{\"@type\":\"BreadcrumbList\",\"@id\":\"https:\\\/\\\/www.myvize.com.tr\\\/amerika\\\/vize-islemleri\\\/amerika-turistik-ve-ticari-ziyaret-vizesi-basvuru\\\/#breadcrumb\",\"itemListElement\":[{\"@type\":\"ListItem\",\"position\":1,\"name\":\"Anasayfa\",\"item\":\"https:\\\/\\\/www.myvize.com.tr\\\/amerika\\\/\"},{\"@type\":\"ListItem\",\"position\":2,\"name\":\"AMER\u0130KA V\u0130ZE \u0130\u015eLEMLER\u0130\",\"item\":\"https:\\\/\\\/www.myvize.com.tr\\\/amerika\\\/vize-islemleri\\\/\"},{\"@type\":\"ListItem\",\"position\":3,\"name\":\"Amerika Turistik veya Ticari Ziyaret Vizesi (B1\\\/B2)\"}]},{\"@type\":\"WebSite\",\"@id\":\"https:\\\/\\\/www.myvize.com.tr\\\/amerika\\\/#website\",\"url\":\"https:\\\/\\\/www.myvize.com.tr\\\/amerika\\\/\",\"name\":\"MyVize Amerika Vize Ba\u015fvuru Merkezi\",\"description\":\"\",\"potentialAction\":[{\"@type\":\"SearchAction\",\"target\":{\"@type\":\"EntryPoint\",\"urlTemplate\":\"https:\\\/\\\/www.myvize.com.tr\\\/amerika\\\/?s={search_term_string}\"},\"query-input\":{\"@type\":\"PropertyValueSpecification\",\"valueRequired\":true,\"valueName\":\"search_term_string\"}}],\"inLanguage\":\"tr\"}]}<\/script>\n<!-- \/ Yoast SEO plugin. -->","yoast_head_json":{"title":"Amerika B-1\/B-2 Turistik Vize \u0130\u015flemi - MyVize","description":"Amerika Turistik V\u0130ze ile \u0130lgili Gerekli Evrak Listesi \u0130\u00e7in Hemen T\u0131kla! \u00dccretsiz Amerika Vize Dan\u0131\u015fmanl\u0131\u011f\u0131 \u0130\u00e7in Hemen Ara","robots":{"index":"index","follow":"follow","max-snippet":"max-snippet:-1","max-image-preview":"max-image-preview:large","max-video-preview":"max-video-preview:-1"},"canonical":"https:\/\/www.myvize.com.tr\/amerika\/vize-islemleri\/amerika-turistik-ve-ticari-ziyaret-vizesi-basvuru\/","og_locale":"tr_TR","og_type":"article","og_title":"Amerika B-1\/B-2 Turistik Vize \u0130\u015flemi - MyVize","og_description":"Amerika Turistik V\u0130ze ile \u0130lgili Gerekli Evrak Listesi \u0130\u00e7in Hemen T\u0131kla! \u00dccretsiz Amerika Vize Dan\u0131\u015fmanl\u0131\u011f\u0131 \u0130\u00e7in Hemen Ara","og_url":"https:\/\/www.myvize.com.tr\/amerika\/vize-islemleri\/amerika-turistik-ve-ticari-ziyaret-vizesi-basvuru\/","og_site_name":"Amerika Vizesi","article_modified_time":"2023-01-03T17:47:31+00:00","og_image":[{"url":"https:\/\/www.myvize.com.tr\/amerika\/wp-content\/uploads\/2021\/09\/7.jpg","type":"","width":"","height":""}],"twitter_card":"summary_large_image","twitter_misc":{"Tahmini okuma s\u00fcresi":"2 dakika"},"schema":{"@context":"https:\/\/schema.org","@graph":[{"@type":"WebPage","@id":"https:\/\/www.myvize.com.tr\/amerika\/vize-islemleri\/amerika-turistik-ve-ticari-ziyaret-vizesi-basvuru\/","url":"https:\/\/www.myvize.com.tr\/amerika\/vize-islemleri\/amerika-turistik-ve-ticari-ziyaret-vizesi-basvuru\/","name":"Amerika B-1\/B-2 Turistik Vize \u0130\u015flemi - MyVize","isPartOf":{"@id":"https:\/\/www.myvize.com.tr\/amerika\/#website"},"primaryImageOfPage":{"@id":"https:\/\/www.myvize.com.tr\/amerika\/vize-islemleri\/amerika-turistik-ve-ticari-ziyaret-vizesi-basvuru\/#primaryimage"},"image":{"@id":"https:\/\/www.myvize.com.tr\/amerika\/vize-islemleri\/amerika-turistik-ve-ticari-ziyaret-vizesi-basvuru\/#primaryimage"},"thumbnailUrl":"https:\/\/www.myvize.com.tr\/amerika\/wp-content\/uploads\/2021\/09\/7.jpg","datePublished":"2021-02-01T11:15:17+00:00","dateModified":"2023-01-03T17:47:31+00:00","description":"Amerika Turistik V\u0130ze ile \u0130lgili Gerekli Evrak Listesi \u0130\u00e7in Hemen T\u0131kla! \u00dccretsiz Amerika Vize Dan\u0131\u015fmanl\u0131\u011f\u0131 \u0130\u00e7in Hemen Ara","breadcrumb":{"@id":"https:\/\/www.myvize.com.tr\/amerika\/vize-islemleri\/amerika-turistik-ve-ticari-ziyaret-vizesi-basvuru\/#breadcrumb"},"inLanguage":"tr","potentialAction":[{"@type":"ReadAction","target":["https:\/\/www.myvize.com.tr\/amerika\/vize-islemleri\/amerika-turistik-ve-ticari-ziyaret-vizesi-basvuru\/"]}]},{"@type":"ImageObject","inLanguage":"tr","@id":"https:\/\/www.myvize.com.tr\/amerika\/vize-islemleri\/amerika-turistik-ve-ticari-ziyaret-vizesi-basvuru\/#primaryimage","url":"https:\/\/www.myvize.com.tr\/amerika\/wp-content\/uploads\/2021\/09\/7.jpg","contentUrl":"https:\/\/www.myvize.com.tr\/amerika\/wp-content\/uploads\/2021\/09\/7.jpg","width":800,"height":500,"caption":"Amerika"},{"@type":"BreadcrumbList","@id":"https:\/\/www.myvize.com.tr\/amerika\/vize-islemleri\/amerika-turistik-ve-ticari-ziyaret-vizesi-basvuru\/#breadcrumb","itemListElement":[{"@type":"ListItem","position":1,"name":"Anasayfa","item":"https:\/\/www.myvize.com.tr\/amerika\/"},{"@type":"ListItem","position":2,"name":"AMER\u0130KA V\u0130ZE \u0130\u015eLEMLER\u0130","item":"https:\/\/www.myvize.com.tr\/amerika\/vize-islemleri\/"},{"@type":"ListItem","position":3,"name":"Amerika Turistik veya Ticari Ziyaret Vizesi (B1\/B2)"}]},{"@type":"WebSite","@id":"https:\/\/www.myvize.com.tr\/amerika\/#website","url":"https:\/\/www.myvize.com.tr\/amerika\/","name":"MyVize Amerika Vize Ba\u015fvuru Merkezi","description":"","potentialAction":[{"@type":"SearchAction","target":{"@type":"EntryPoint","urlTemplate":"https:\/\/www.myvize.com.tr\/amerika\/?s={search_term_string}"},"query-input":{"@type":"PropertyValueSpecification","valueRequired":true,"valueName":"search_term_string"}}],"inLanguage":"tr"}]}},"_links":{"self":[{"href":"https:\/\/www.myvize.com.tr\/amerika\/wp-json\/wp\/v2\/pages\/437","targetHints":{"allow":["GET"]}}],"collection":[{"href":"https:\/\/www.myvize.com.tr\/amerika\/wp-json\/wp\/v2\/pages"}],"about":[{"href":"https:\/\/www.myvize.com.tr\/amerika\/wp-json\/wp\/v2\/types\/page"}],"author":[{"embeddable":true,"href":"https:\/\/www.myvize.com.tr\/amerika\/wp-json\/wp\/v2\/users\/1"}],"replies":[{"embeddable":true,"href":"https:\/\/www.myvize.com.tr\/amerika\/wp-json\/wp\/v2\/comments?post=437"}],"version-history":[{"count":6,"href":"https:\/\/www.myvize.com.tr\/amerika\/wp-json\/wp\/v2\/pages\/437\/revisions"}],"predecessor-version":[{"id":1567,"href":"https:\/\/www.myvize.com.tr\/amerika\/wp-json\/wp\/v2\/pages\/437\/revisions\/1567"}],"up":[{"embeddable":true,"href":"https:\/\/www.myvize.com.tr\/amerika\/wp-json\/wp\/v2\/pages\/18"}],"wp:attachment":[{"href":"https:\/\/www.myvize.com.tr\/amerika\/wp-json\/wp\/v2\/media?parent=437"}],"curies":[{"name":"wp","href":"https:\/\/api.w.org\/{rel}","templated":true}]}}