{"id":462,"date":"2021-02-01T14:21:01","date_gmt":"2021-02-01T11:21:01","guid":{"rendered":"https:\/\/www.myvize.com.tr\/amerika\/?page_id=462"},"modified":"2022-07-30T12:17:44","modified_gmt":"2022-07-30T09:17:44","slug":"resmi-tatil-ve-ozel-gunler","status":"publish","type":"page","link":"https:\/\/www.myvize.com.tr\/amerika\/konsolosluklar\/resmi-tatil-ve-ozel-gunler\/","title":{"rendered":"Amerika Resmi Tatil ve \u00d6zel G\u00fcnler"},"content":{"rendered":"<h2><span style=\"font-family: Roboto; font-size: 27px;\"><strong>Amerika<\/strong>\u00a0<strong>Konsoloslu\u011fu<\/strong>\u00a0<strong>Resmi<\/strong>\u00a0<strong>Tatil<\/strong>\u00a0<strong>g\u00fcnleri<\/strong><\/span><\/h2>\n<p><span style=\"font-family: Roboto; font-size: 14px;\">Amerika, pek \u00e7ok ki\u015finin gitmek i\u00e7in can att\u0131\u011f\u0131 \u00fclkelerin ba\u015f\u0131nda gelmektedir. Bu \u00fclkeye gitmek i\u00e7in de vize gibi i\u015flemler halledilmelidir. Tam da bu noktada Amerika konsolosluklar\u0131n\u0131n \u00f6nemi daha \u00e7ok ortaya \u00e7\u0131kmaktad\u0131r. Pek \u00e7ok ki\u015fi de herhangi bir sorun ya\u015famamak i\u00e7in <strong>Amerika<\/strong>\u00a0<strong>konsoloslu\u011fu<\/strong>\u00a0<strong>resmi<\/strong>\u00a0<strong>tatil<\/strong>\u00a0<strong>g\u00fcnleri<\/strong>\u00a0nelerdir merak etmektedir.<\/span><\/p>\n<p><span style=\"font-family: Roboto; font-size: 14px;\"><strong>\u00a0\u00a0 <span style=\"color: #2acec2;\"><a style=\"color: #2acec2;\" href=\"https:\/\/www.myvize.com.tr\/amerika\/konsolosluklar\/\" target=\"_blank\" rel=\"noopener\">Amerika konsolosluklar\u0131<\/a><\/span><\/strong> i\u00e7in \u00f6zel resmi tatil g\u00fcnleri ku\u015fkusuz ki yoktur. \u00dclkemizde olan t\u00fcm resmi tatiller gibi konsolosluk resmi tatil g\u00fcnleri de ayn\u0131d\u0131r. Bu resmi tatillere ek olarak bulunan tatiller olsa da bu tatiller, \u00f6zel tatil g\u00fcnleri olarak de\u011ferlendirilir. K\u0131sacas\u0131 Amerika konsoloslu\u011fu tatil g\u00fcnleri, \u00fclkemizdeki di\u011fer devlet kurumlar\u0131 ile ayn\u0131d\u0131r.<\/span><\/p>\n<p><span style=\"font-family: Roboto; font-size: 14px;\">\u00a0\u00a0 Amerika konsoloslu\u011funun resmi tatil g\u00fcnlerinden baz\u0131lar\u0131 Cumhuriyet Bayram\u0131, Kurban Bayram\u0131, Yeni Y\u0131l Ba\u015flang\u0131\u00e7 G\u00fcn\u00fc, Ulusal Egemenlik \u00c7ocuk Bayram\u0131, Ramazan Bayram\u0131, 1 May\u0131s \u0130\u015f\u00e7i Bayram\u0131 ve 19 May\u0131s Gen\u00e7lik Bayram\u0131 gibi bayram g\u00fcnleridir. K\u0131sacas\u0131 resmi tatiller, her yerde ge\u00e7erli olan resmi tatillerdir.<\/span><\/p>\n<h2><span style=\"font-family: Roboto; font-size: 27px;\"><strong>Amerika<\/strong>\u00a0<strong>Konsoloslu\u011fu<\/strong>\u00a0<strong>\u00d6zel<\/strong>\u00a0<strong>G\u00fcnleri<\/strong><\/span><\/h2>\n<p><span style=\"font-family: Roboto; font-size: 14px;\">Amerika konsoloslu\u011fu resmi tatillerde kapal\u0131 olsa da Amerika&#8217;ya \u00f6zel olan baz\u0131 g\u00fcnlerde de hizmet vermemektedir. Pek \u00e7ok ki\u015fi de bu g\u00fcnlerde konsoloslu\u011fa gidip kimseyi bulamama sorunuyla kar\u015f\u0131 kar\u015f\u0131ya kalmamak i\u00e7in <strong>Amerika<\/strong>\u00a0<strong>konsoloslu\u011fu<\/strong>\u00a0<strong>\u00f6zel<\/strong>\u00a0<strong>g\u00fcnleri<\/strong>\u00a0nelerdir sorusunun cevab\u0131n\u0131 aramaktad\u0131r.<\/span><\/p>\n<p><span style=\"font-family: Roboto; font-size: 14px;\">\u00a0\u00a0 <strong>Amerika konsoloslu\u011fu \u00f6zel g\u00fcnleri,<\/strong> genellikle ABD i\u00e7in resmi tatil olan ya da \u00f6zel olan g\u00fcnlerdir. Bu tatil g\u00fcnlerinde \u00fclkede resmi bir tatil oldu\u011fu gibi hangi \u00fclke olursa olsun konsolosluklarda da hizmet vermemektedir. Bu g\u00fcnlerin neler oldu\u011funu da bilmek konsolosluk i\u015flemlerine gitmeden \u00f6nce faydal\u0131 olacakt\u0131r.<\/span><\/p>\n<p><span style=\"font-family: Roboto; font-size: 14px;\">\u00a0\u00a0 Her sene 21 \u015eubat tarihinde Ba\u015fkan Washington&#8217;\u0131 anmak i\u00e7in bir \u00f6zel tatil yap\u0131lmaktad\u0131r. Washington&#8217;\u0131n do\u011fum g\u00fcn\u00fc olan bu \u00f6zel g\u00fcnde konsolosluk a\u00e7\u0131lmamaktad\u0131r. Yine Juneteenth ismi verilen ve 20 Haziran tarihinde yap\u0131lan bir \u00f6zel g\u00fcn daha vard\u0131r. Bu ba\u015fl\u0131ca \u00f6zel g\u00fcnler d\u0131\u015f\u0131nda Labor Day, Ba\u011f\u0131ms\u0131zl\u0131k G\u00fcn\u00fc, \u015e\u00fckran G\u00fcn\u00fc, Geziler G\u00fcn\u00fc ve Noel Tatili gibi g\u00fcnlerde de konsolosluklar kapal\u0131d\u0131r.<\/span><\/p>\n<h2><span style=\"font-family: Roboto; font-size: 27px;\"><strong>Amerika<\/strong>\u00a0<strong>Konsoloslu\u011fu<\/strong>\u00a0<strong>\u00c7al\u0131\u015fma<\/strong>\u00a0<strong>G\u00fcnleri<\/strong><\/span><\/h2>\n<p><span style=\"font-family: Roboto; font-size: 14px;\">Amerika konsoloslu\u011funun hangi g\u00fcnler a\u00e7\u0131k oldu\u011fu, herkesin merak etti\u011fi bir konudur. Konsoloslu\u011fun a\u00e7\u0131k olmad\u0131\u011f\u0131, yani \u00e7al\u0131\u015fma g\u00fcn\u00fc olmayan bir g\u00fcnde konsoloslu\u011fa gelmeyi kimse istemez. Bu sebeple <strong>Amerika<\/strong>\u00a0<strong>konsoloslu\u011fu<\/strong>\u00a0<strong>\u00e7al\u0131\u015fma<\/strong>\u00a0<strong>g\u00fcnleri<\/strong>\u00a0neler oldu\u011fu olduk\u00e7a \u00f6nemlidir.<\/span><\/p>\n<p><span style=\"font-family: Roboto; font-size: 14px;\"><strong>\u00a0\u00a0 Amerika konsoloslu\u011fu resmi ve \u00f6zel tatiller<\/strong> d\u0131\u015f\u0131nda hafta sonlar\u0131 da kapal\u0131d\u0131r. Cumartesi ya da pazar g\u00fcnleri a\u00e7\u0131k bir konsolosluk bulma \u015fans\u0131n\u0131z yoktur. Buna da dikkat etmeniz \u00f6nemlidir.<\/span><\/p>\n<p><span style=\"font-family: Roboto; font-size: 14px;\">\u00a0\u00a0 <strong>Amerika konsolosluklar\u0131<\/strong> genelde hafta i\u00e7i \u00e7al\u0131\u015f\u0131yor olsa da her b\u00f6l\u00fcm i\u00e7in ayr\u0131 \u00e7al\u0131\u015fma g\u00fcnleri ve saatleri s\u00f6z konusudur. Vize bilgi servisinin \u00e7al\u0131\u015fma g\u00fcnleri hafta i\u00e7i her g\u00fcn olsa da sadece 15.30- 16.30 aras\u0131 hizmet vermektedir.<\/span><\/p>\n<p><span style=\"font-family: Roboto; font-size: 14px;\">\u00a0\u00a0 Amerika konsoloslu\u011funda yer alan g\u00f6\u00e7men vizeler birimi Pazartesi ve Per\u015fembe g\u00fcnlerinde 16.00- 17.00 aras\u0131 \u00e7al\u0131\u015fmaktad\u0131r. G\u00f6\u00e7men olmayanlar i\u00e7in vizeler birimi ise ayn\u0131 g\u00fcnlerin 08.30- 17.30 aras\u0131 zaman diliminde \u00e7al\u0131\u015fmaktad\u0131r. Konsoloslukta yer alan di\u011fer b\u00f6l\u00fcmler ise her g\u00fcn i\u015flem yapabilmektedir.<\/span><\/p>\n","protected":false},"excerpt":{"rendered":"<p>Amerika\u00a0Konsoloslu\u011fu\u00a0Resmi\u00a0Tatil\u00a0g\u00fcnleri Amerika, pek \u00e7ok ki\u015finin gitmek i\u00e7in can att\u0131\u011f\u0131 \u00fclkelerin ba\u015f\u0131nda gelmektedir. Bu \u00fclkeye gitmek i\u00e7in de vize gibi i\u015flemler halledilmelidir. Tam da bu noktada Amerika konsolosluklar\u0131n\u0131n \u00f6nemi daha \u00e7ok ortaya \u00e7\u0131kmaktad\u0131r. Pek \u00e7ok ki\u015fi de herhangi bir sorun ya\u015famamak i\u00e7in Amerika\u00a0konsoloslu\u011fu\u00a0resmi\u00a0tatil\u00a0g\u00fcnleri\u00a0nelerdir merak etmektedir. \u00a0\u00a0 Amerika konsolosluklar\u0131 i\u00e7in \u00f6zel resmi tatil g\u00fcnleri ku\u015fkusuz ki yoktur.<\/p>\n","protected":false},"author":1,"featured_media":0,"parent":69,"menu_order":0,"comment_status":"open","ping_status":"closed","template":"","meta":{"footnotes":""},"class_list":["post-462","page","type-page","status-publish","hentry"],"yoast_head":"<!-- This site is optimized with the Yoast SEO plugin v27.4 - https:\/\/yoast.com\/product\/yoast-seo-wordpress\/ -->\n<title>Amerika Resmi Tatil ve \u00d6zel G\u00fcnler - MyVize<\/title>\n<meta name=\"description\" content=\"Amerika Resmi Tatil ve \u00d6zel G\u00fcnlerin Tarihleri Ne Zamand\u0131r? Amerika Resmi Tatil ve \u00d6zel G\u00fcnler Hakk\u0131nda Bilgi Almak \u0130\u00e7in Hemen Aray\u0131n.\" \/>\n<meta name=\"robots\" content=\"index, follow, max-snippet:-1, max-image-preview:large, max-video-preview:-1\" \/>\n<link rel=\"canonical\" href=\"https:\/\/www.myvize.com.tr\/amerika\/konsolosluklar\/resmi-tatil-ve-ozel-gunler\/\" \/>\n<meta property=\"og:locale\" content=\"tr_TR\" \/>\n<meta property=\"og:type\" content=\"article\" \/>\n<meta property=\"og:title\" content=\"Amerika Resmi Tatil ve \u00d6zel G\u00fcnler - MyVize\" \/>\n<meta property=\"og:description\" content=\"Amerika Resmi Tatil ve \u00d6zel G\u00fcnlerin Tarihleri Ne Zamand\u0131r? Amerika Resmi Tatil ve \u00d6zel G\u00fcnler Hakk\u0131nda Bilgi Almak \u0130\u00e7in Hemen Aray\u0131n.\" \/>\n<meta property=\"og:url\" content=\"https:\/\/www.myvize.com.tr\/amerika\/konsolosluklar\/resmi-tatil-ve-ozel-gunler\/\" \/>\n<meta property=\"og:site_name\" content=\"Amerika Vizesi\" \/>\n<meta property=\"article:modified_time\" content=\"2022-07-30T09:17:44+00:00\" \/>\n<meta name=\"twitter:card\" content=\"summary_large_image\" \/>\n<meta name=\"twitter:label1\" content=\"Tahmini okuma s\u00fcresi\" \/>\n\t<meta name=\"twitter:data1\" content=\"3 dakika\" \/>\n<script type=\"application\/ld+json\" class=\"yoast-schema-graph\">{\"@context\":\"https:\\\/\\\/schema.org\",\"@graph\":[{\"@type\":\"WebPage\",\"@id\":\"https:\\\/\\\/www.myvize.com.tr\\\/amerika\\\/konsolosluklar\\\/resmi-tatil-ve-ozel-gunler\\\/\",\"url\":\"https:\\\/\\\/www.myvize.com.tr\\\/amerika\\\/konsolosluklar\\\/resmi-tatil-ve-ozel-gunler\\\/\",\"name\":\"Amerika Resmi Tatil ve \u00d6zel G\u00fcnler - MyVize\",\"isPartOf\":{\"@id\":\"https:\\\/\\\/www.myvize.com.tr\\\/amerika\\\/#website\"},\"datePublished\":\"2021-02-01T11:21:01+00:00\",\"dateModified\":\"2022-07-30T09:17:44+00:00\",\"description\":\"Amerika Resmi Tatil ve \u00d6zel G\u00fcnlerin Tarihleri Ne Zamand\u0131r? Amerika Resmi Tatil ve \u00d6zel G\u00fcnler Hakk\u0131nda Bilgi Almak \u0130\u00e7in Hemen Aray\u0131n.\",\"breadcrumb\":{\"@id\":\"https:\\\/\\\/www.myvize.com.tr\\\/amerika\\\/konsolosluklar\\\/resmi-tatil-ve-ozel-gunler\\\/#breadcrumb\"},\"inLanguage\":\"tr\",\"potentialAction\":[{\"@type\":\"ReadAction\",\"target\":[\"https:\\\/\\\/www.myvize.com.tr\\\/amerika\\\/konsolosluklar\\\/resmi-tatil-ve-ozel-gunler\\\/\"]}]},{\"@type\":\"BreadcrumbList\",\"@id\":\"https:\\\/\\\/www.myvize.com.tr\\\/amerika\\\/konsolosluklar\\\/resmi-tatil-ve-ozel-gunler\\\/#breadcrumb\",\"itemListElement\":[{\"@type\":\"ListItem\",\"position\":1,\"name\":\"Anasayfa\",\"item\":\"https:\\\/\\\/www.myvize.com.tr\\\/amerika\\\/\"},{\"@type\":\"ListItem\",\"position\":2,\"name\":\"KONSOLOSLUKLAR\",\"item\":\"https:\\\/\\\/www.myvize.com.tr\\\/amerika\\\/konsolosluklar\\\/\"},{\"@type\":\"ListItem\",\"position\":3,\"name\":\"Amerika Resmi Tatil ve \u00d6zel G\u00fcnler\"}]},{\"@type\":\"WebSite\",\"@id\":\"https:\\\/\\\/www.myvize.com.tr\\\/amerika\\\/#website\",\"url\":\"https:\\\/\\\/www.myvize.com.tr\\\/amerika\\\/\",\"name\":\"MyVize Amerika Vize Ba\u015fvuru Merkezi\",\"description\":\"\",\"potentialAction\":[{\"@type\":\"SearchAction\",\"target\":{\"@type\":\"EntryPoint\",\"urlTemplate\":\"https:\\\/\\\/www.myvize.com.tr\\\/amerika\\\/?s={search_term_string}\"},\"query-input\":{\"@type\":\"PropertyValueSpecification\",\"valueRequired\":true,\"valueName\":\"search_term_string\"}}],\"inLanguage\":\"tr\"}]}<\/script>\n<!-- \/ Yoast SEO plugin. -->","yoast_head_json":{"title":"Amerika Resmi Tatil ve \u00d6zel G\u00fcnler - MyVize","description":"Amerika Resmi Tatil ve \u00d6zel G\u00fcnlerin Tarihleri Ne Zamand\u0131r? Amerika Resmi Tatil ve \u00d6zel G\u00fcnler Hakk\u0131nda Bilgi Almak \u0130\u00e7in Hemen Aray\u0131n.","robots":{"index":"index","follow":"follow","max-snippet":"max-snippet:-1","max-image-preview":"max-image-preview:large","max-video-preview":"max-video-preview:-1"},"canonical":"https:\/\/www.myvize.com.tr\/amerika\/konsolosluklar\/resmi-tatil-ve-ozel-gunler\/","og_locale":"tr_TR","og_type":"article","og_title":"Amerika Resmi Tatil ve \u00d6zel G\u00fcnler - MyVize","og_description":"Amerika Resmi Tatil ve \u00d6zel G\u00fcnlerin Tarihleri Ne Zamand\u0131r? Amerika Resmi Tatil ve \u00d6zel G\u00fcnler Hakk\u0131nda Bilgi Almak \u0130\u00e7in Hemen Aray\u0131n.","og_url":"https:\/\/www.myvize.com.tr\/amerika\/konsolosluklar\/resmi-tatil-ve-ozel-gunler\/","og_site_name":"Amerika Vizesi","article_modified_time":"2022-07-30T09:17:44+00:00","twitter_card":"summary_large_image","twitter_misc":{"Tahmini okuma s\u00fcresi":"3 dakika"},"schema":{"@context":"https:\/\/schema.org","@graph":[{"@type":"WebPage","@id":"https:\/\/www.myvize.com.tr\/amerika\/konsolosluklar\/resmi-tatil-ve-ozel-gunler\/","url":"https:\/\/www.myvize.com.tr\/amerika\/konsolosluklar\/resmi-tatil-ve-ozel-gunler\/","name":"Amerika Resmi Tatil ve \u00d6zel G\u00fcnler - MyVize","isPartOf":{"@id":"https:\/\/www.myvize.com.tr\/amerika\/#website"},"datePublished":"2021-02-01T11:21:01+00:00","dateModified":"2022-07-30T09:17:44+00:00","description":"Amerika Resmi Tatil ve \u00d6zel G\u00fcnlerin Tarihleri Ne Zamand\u0131r? Amerika Resmi Tatil ve \u00d6zel G\u00fcnler Hakk\u0131nda Bilgi Almak \u0130\u00e7in Hemen Aray\u0131n.","breadcrumb":{"@id":"https:\/\/www.myvize.com.tr\/amerika\/konsolosluklar\/resmi-tatil-ve-ozel-gunler\/#breadcrumb"},"inLanguage":"tr","potentialAction":[{"@type":"ReadAction","target":["https:\/\/www.myvize.com.tr\/amerika\/konsolosluklar\/resmi-tatil-ve-ozel-gunler\/"]}]},{"@type":"BreadcrumbList","@id":"https:\/\/www.myvize.com.tr\/amerika\/konsolosluklar\/resmi-tatil-ve-ozel-gunler\/#breadcrumb","itemListElement":[{"@type":"ListItem","position":1,"name":"Anasayfa","item":"https:\/\/www.myvize.com.tr\/amerika\/"},{"@type":"ListItem","position":2,"name":"KONSOLOSLUKLAR","item":"https:\/\/www.myvize.com.tr\/amerika\/konsolosluklar\/"},{"@type":"ListItem","position":3,"name":"Amerika Resmi Tatil ve \u00d6zel G\u00fcnler"}]},{"@type":"WebSite","@id":"https:\/\/www.myvize.com.tr\/amerika\/#website","url":"https:\/\/www.myvize.com.tr\/amerika\/","name":"MyVize Amerika Vize Ba\u015fvuru Merkezi","description":"","potentialAction":[{"@type":"SearchAction","target":{"@type":"EntryPoint","urlTemplate":"https:\/\/www.myvize.com.tr\/amerika\/?s={search_term_string}"},"query-input":{"@type":"PropertyValueSpecification","valueRequired":true,"valueName":"search_term_string"}}],"inLanguage":"tr"}]}},"_links":{"self":[{"href":"https:\/\/www.myvize.com.tr\/amerika\/wp-json\/wp\/v2\/pages\/462","targetHints":{"allow":["GET"]}}],"collection":[{"href":"https:\/\/www.myvize.com.tr\/amerika\/wp-json\/wp\/v2\/pages"}],"about":[{"href":"https:\/\/www.myvize.com.tr\/amerika\/wp-json\/wp\/v2\/types\/page"}],"author":[{"embeddable":true,"href":"https:\/\/www.myvize.com.tr\/amerika\/wp-json\/wp\/v2\/users\/1"}],"replies":[{"embeddable":true,"href":"https:\/\/www.myvize.com.tr\/amerika\/wp-json\/wp\/v2\/comments?post=462"}],"version-history":[{"count":5,"href":"https:\/\/www.myvize.com.tr\/amerika\/wp-json\/wp\/v2\/pages\/462\/revisions"}],"predecessor-version":[{"id":1463,"href":"https:\/\/www.myvize.com.tr\/amerika\/wp-json\/wp\/v2\/pages\/462\/revisions\/1463"}],"up":[{"embeddable":true,"href":"https:\/\/www.myvize.com.tr\/amerika\/wp-json\/wp\/v2\/pages\/69"}],"wp:attachment":[{"href":"https:\/\/www.myvize.com.tr\/amerika\/wp-json\/wp\/v2\/media?parent=462"}],"curies":[{"name":"wp","href":"https:\/\/api.w.org\/{rel}","templated":true}]}}