{"id":466,"date":"2021-02-01T14:22:15","date_gmt":"2021-02-01T11:22:15","guid":{"rendered":"https:\/\/www.myvize.com.tr\/amerika\/?page_id=466"},"modified":"2022-03-21T12:21:46","modified_gmt":"2022-03-21T09:21:46","slug":"chicago-baskonsoloslugu","status":"publish","type":"page","link":"https:\/\/www.myvize.com.tr\/amerika\/konsolosluklar\/chicago-baskonsoloslugu\/","title":{"rendered":"Amerika Chicago Ba\u015fkonsoloslu\u011fu"},"content":{"rendered":"<h2><strong><span style=\"font-family: Roboto; font-size: 27px;\">Amerika Chicago Ba\u015fkonsolosu Kimdir?<\/span><\/strong><\/h2>\n<p><span style=\"font-family: Roboto; font-size: 14px;\">T\u00fcrkiye\u2019nin Amerika\u2019da ulunan temsilciliklerinden birisi Chicago Ba\u015fkonsoloslu\u011fu\u2019dur. Amerika Chicago Ba\u015fkonsoloslu\u011fu\u2019nun y\u00f6neticisi ise Amerika Chicago Ba\u015fkonsolosu\u2019dur. Bu yaz\u0131da \u201cAmerika Chicago Ba\u015fkonsolosu kimdir?\u201d sorusunun cevab\u0131 verilmi\u015ftir.<\/span><\/p>\n<p><span style=\"font-family: Roboto; font-size: 14px;\"><strong>Amerika Chicago Ba\u015fkonsolosu<\/strong> olan Engin T\u00fcresin 1979 y\u0131l\u0131nda Ankara\u2019da do\u011fmu\u015ftur. 2003 y\u0131l\u0131nda Bilkent \u00dcniversitesi\u2019nde Uluslararas\u0131 \u0130li\u015filer B\u00f6l\u00fcm\u00fc\u2019n\u00fc bitirmi\u015ftir.<\/span><\/p>\n<ul>\n<li><span style=\"font-family: Roboto; font-size: 14px;\">2004 y\u0131l\u0131nda D\u0131\u015fi\u015fleri Bakanl\u0131\u011f\u0131\u2019nda \u00e7al\u0131\u015fmaya ba\u015flam\u0131\u015ft\u0131r. Ekonomik \u0130kili \u0130\u015fler Genel M\u00fcd\u00fcr Yard\u0131mc\u0131l\u0131\u011f\u0131 ve Ba\u015fbakanl\u0131k D\u0131\u015fi\u015fleri Ba\u015fdan\u0131\u015fmanl\u0131\u011f\u0131 g\u00f6revlerinde bulunmu\u015ftur.<\/span><\/li>\n<li><span style=\"font-family: Roboto; font-size: 14px;\">2007-2009 y\u0131llar\u0131 aras\u0131nda \u0130slamabad B\u00fcy\u00fckel\u00e7ili\u011fi\u2019nde \u00dc\u00e7\u00fcnc\u00fc Katip olarak g\u00f6rev yapm\u0131\u015ft\u0131r.<\/span><\/li>\n<li><span style=\"font-family: Roboto; font-size: 14px;\">2009-2012 y\u0131llar\u0131 aras\u0131nda ise Avrupa Konseyi Nezdinde T\u00fcrkiye Daimi Temsilcili\u011fi\u2019nde \u0130kinci Katip ve M\u00fcste\u015far olarak g\u00f6rev alm\u0131\u015ft\u0131r.<\/span><\/li>\n<li><span style=\"font-family: Roboto; font-size: 14px;\">2012-2014 y\u0131llar\u0131 aras\u0131nda G\u00fcney Asya Genel M\u00fcd\u00fcr Yard\u0131mc\u0131l\u0131\u011f\u0131\u2019nda \u015eube M\u00fcd\u00fcr\u00fc ve Ba\u015fkan Vekili olarak g\u00f6rev alm\u0131\u015ft\u0131r.<\/span><\/li>\n<li><span style=\"font-family: Roboto; font-size: 14px;\">2014-2018 y\u0131llar\u0131 aras\u0131nda Birle\u015fmi\u015f Milletler Viyana Ofisi Nezdinde T\u00fcrkiye Daimi Temsilcili\u011fi\u2019nde M\u00fcste\u015farl\u0131k yapm\u0131\u015ft\u0131r.<\/span><\/li>\n<li><span style=\"font-family: Roboto; font-size: 14px;\">2018-2020 y\u0131llar\u0131 aras\u0131nda Personel Genel M\u00fcd\u00fcr Yard\u0131mc\u0131l\u0131\u011f\u0131na Daire Ba\u015fkan\u0131 olarak g\u00f6rev alm\u0131\u015ft\u0131r.<\/span><\/li>\n<\/ul>\n<h2><span style=\"font-size: 27px;\"><strong><span style=\"font-family: Roboto;\">Amerika Chicago Ba\u015fkonsoloslu\u011fu Vize \u0130\u015flemleri<\/span><\/strong><\/span><\/h2>\n<p><span style=\"font-family: Roboto; font-size: 14px;\">Amerika\u2019da bulunan ve T\u00fcrkiye\u2019ye seyahat etmek isteyen Amerika Birle\u015fik Devletleri vatanda\u015flar\u0131 ve Amerika\u2019da ikamet eden di\u011fer \u00fclke vatanda\u015flar\u0131, T\u00fcrkiye vizesi almal\u0131d\u0131r. Bu yaz\u0131da Amerika Chicago Ba\u015fkonsoloslu\u011fu vize i\u015flemleri hakk\u0131nda bilgi verilmi\u015ftir.<\/span><\/p>\n<ul>\n<li><span style=\"font-family: Roboto; font-size: 14px;\"><strong>Amerika Chicago Ba\u015fkonsoloslu\u011fu<\/strong> vize i\u015flemleri i\u00e7in \u00f6ncelikle<span style=\"color: #2acec2;\"><strong> Amerika vize<\/strong><\/span> t\u00fcr\u00fc belirlenmelidir.<\/span><\/li>\n<li><span style=\"font-family: Roboto; font-size: 14px;\">Amerika Chicago Ba\u015fkonsoloslu\u011fu i\u015flemleri i\u00e7in vize t\u00fcr\u00fcn\u00fc belirleyen ki\u015filer ba\u015fvuruda bulunabilmek i\u00e7in Amerika Bostan Ba\u015fkonsoloslu\u011fu internet sitesi \u00fczerinden vize \u00f6n ba\u015fvuru formu dol durulmal\u0131d\u0131r.<\/span><\/li>\n<li><span style=\"font-family: Roboto; font-size: 14px;\">Vize \u00f6n ba\u015fvuru formu dolduran ki\u015filer, form doldurulduktan sonra randevu al\u0131nmal\u0131d\u0131r.<\/span><\/li>\n<li><span style=\"font-family: Roboto; font-size: 14px;\">Amerika Chicago Ba\u015fkonsoloslu\u011fu <span style=\"color: #2acec2;\"><strong>vize i\u015flemleri<\/strong> <\/span>i\u00e7in gerekli olan evraklar haz\u0131rlanmal\u0131d\u0131r. Evraklar\u0131n eksiksiz olmas\u0131 gerekmektedir.<\/span><\/li>\n<li><span style=\"font-family: Roboto; font-size: 14px;\">Haz\u0131rlanan evraklar randevu tarihinde <strong>Amerika Chicago Ba\u015fkonsoloslu\u011fu vize i\u015flemleri<\/strong> i\u00e7in yetkililere teslim edilmelidir.<\/span><\/li>\n<\/ul>\n<h2><span style=\"font-size: 27px;\"><strong><span style=\"font-family: Roboto;\">Amerika Chicago Ba\u015fkonsoloslu\u011fu Vize Ba\u015fvurusu<\/span><\/strong><\/span><\/h2>\n<p><span style=\"font-family: Roboto; font-size: 14px;\">Amerika\u2019dan T\u00fcrkiye\u2019ye seyahat edecek olan ki\u015filer, <strong>Amerika Chicago Ba\u015fkonsoloslu\u011fu vize ba\u015fvurusu<\/strong> yapabilir. Amerika Chicago Ba\u015fkonsoloslu\u011fu vize ba\u015fvurusu yapacak olan ki\u015filer i\u00e7in bu yaz\u0131da Amerika Ba\u015fkonsoloslu\u011fu vize ba\u015fvurular\u0131 hakk\u0131nda bilgi verilmi\u015ftir.<\/span><\/p>\n<p><span style=\"font-family: Roboto; font-size: 14px;\">Amerika Chicago Ba\u015fkonsoloslu\u011fu vize ba\u015fvurusunda bunacak olan ki\u015filer, Chicago Ba\u015fkonsoloslu\u011fu internet sitesi \u00fczerinden vize \u00f6n ba\u015fvuru formu doldurmal\u0131d\u0131r. Formu dolduran ki\u015filer, yine <strong>Amerika Chicago Ba\u015fkonsoloslu\u011fu<\/strong> internet sitesi \u00fczerinden randevu almal\u0131 ve randevu tarihinde gerekli evraklar ile Amerika Chicago Ba\u015fkonsoloslu\u011fu vize i\u015flemleri tamamlanmal\u0131d\u0131r.<\/span><\/p>\n<p><span style=\"font-family: Roboto; font-size: 14px;\"><strong>Amerika Chicago Ba\u015fkonsoloslu\u011fu<\/strong> vize ba\u015fvurusu yapacak olan ki\u015filer, T\u00fcrkiye\u2019de bulundu\u011fu s\u00fcre boyunca seyahat masraflar\u0131n\u0131 kar\u015f\u0131layabilecek ekonomik duruma sahip olmal\u0131d\u0131r. Ayr\u0131ca T\u00fcrkiye seyahat amac\u0131n\u0131 evraklar ile kan\u0131tlamal\u0131d\u0131r. Ba\u015fvuru i\u00e7in gerekli olan evraklar eksiksiz olarak haz\u0131rlamal\u0131d\u0131r.<\/span><\/p>\n<h3><span style=\"font-size: 24px;\"><strong><span style=\"font-family: Roboto;\">Amerika Chicago Ba\u015fkonsoloslu\u011fu Vize Randevusu<\/span><\/strong><\/span><\/h3>\n<p><span style=\"font-family: Roboto; font-size: 14px;\"><strong>Amerika\u2019dan T\u00fcrkiye\u2019ye seyahat<\/strong> edecek olan ki\u015filer, T\u00fcrkiye vize ba\u015fvurular\u0131n\u0131 <strong>Amerika Chicago Ba\u015fkonsoloslu\u011fu<\/strong>\u2019na yapabilmektedir. Amerika Chicago Ba\u015fkonsoloslu\u011fu\u2019na ba\u015fvuruda bulunacak olan ki\u015filer, gerekli olan vize randevusunu almal\u0131d\u0131r. Bu yaz\u0131da <strong>Amerika Chicago Ba\u015fkonsoloslu\u011f<\/strong>u vize randevusu hakk\u0131nda bilgi verilmi\u015ftir.<\/span><\/p>\n<p><span style=\"font-family: Roboto; font-size: 14px;\">Amerika Chicago Ba\u015fkonsoloslu\u011fu vize ba\u015fvurusundan bulunacak olan ki\u015filer a\u015fa\u011f\u0131daki \u015fekilde randevu alabilir.<\/span><\/p>\n<ul>\n<li><span style=\"font-family: Roboto; font-size: 14px;\">\u00d6ncelikle<strong> Amerika Chicago Ba\u015fkonsoloslu\u011fu<\/strong> internet sitesine girmeniz gerekmektedir.<\/span><\/li>\n<li><span style=\"font-family: Roboto; font-size: 14px;\">Ard\u0131ndan sitedeki men\u00fcde yer alan \u201cRandevu Al\u201d yaz\u0131s\u0131na t\u0131klay\u0131nca \u201cYabanc\u0131lar i\u00e7in vize \u00f6n ba\u015fvuru\u201d yaz\u0131s\u0131 t\u0131kamal\u0131d\u0131r.<\/span><\/li>\n<li><span style=\"font-family: Roboto; font-size: 14px;\">Amerika Chicago Ba\u015fkonsoloslu\u011fu vize randevusu i\u00e7in gerekli olan bilgileri eksiksiz olarak doldurmal\u0131 ve \u201cdevam et\u201d butonunu t\u0131klamal\u0131s\u0131n\u0131z.<\/span><\/li>\n<li><span style=\"font-family: Roboto; font-size: 14px;\">Ard\u0131ndan ise kar\u015f\u0131n\u0131za \u00e7\u0131kan ekrandaki randevu bilgilerini doldurarak istedi\u011finiz tarihe <strong>Amerika Chicago Ba\u015fkonsoloslu\u011fu<\/strong> vize randevusu alabilirsiniz.<\/span><\/li>\n<\/ul>\n","protected":false},"excerpt":{"rendered":"<p>Amerika Chicago Ba\u015fkonsolosu Kimdir? T\u00fcrkiye\u2019nin Amerika\u2019da ulunan temsilciliklerinden birisi Chicago Ba\u015fkonsoloslu\u011fu\u2019dur. Amerika Chicago Ba\u015fkonsoloslu\u011fu\u2019nun y\u00f6neticisi ise Amerika Chicago Ba\u015fkonsolosu\u2019dur. Bu yaz\u0131da \u201cAmerika Chicago Ba\u015fkonsolosu kimdir?\u201d sorusunun cevab\u0131 verilmi\u015ftir. Amerika Chicago Ba\u015fkonsolosu olan Engin T\u00fcresin 1979 y\u0131l\u0131nda Ankara\u2019da do\u011fmu\u015ftur. 2003 y\u0131l\u0131nda Bilkent \u00dcniversitesi\u2019nde Uluslararas\u0131 \u0130li\u015filer B\u00f6l\u00fcm\u00fc\u2019n\u00fc bitirmi\u015ftir. 2004 y\u0131l\u0131nda D\u0131\u015fi\u015fleri Bakanl\u0131\u011f\u0131\u2019nda \u00e7al\u0131\u015fmaya ba\u015flam\u0131\u015ft\u0131r. Ekonomik \u0130kili \u0130\u015fler<\/p>\n","protected":false},"author":1,"featured_media":0,"parent":69,"menu_order":0,"comment_status":"open","ping_status":"closed","template":"","meta":{"footnotes":""},"class_list":["post-466","page","type-page","status-publish","hentry"],"yoast_head":"<!-- This site is optimized with the Yoast SEO plugin v27.5 - https:\/\/yoast.com\/product\/yoast-seo-wordpress\/ -->\n<title>Amerika Chicago Ba\u015fkonsoloslu\u011fu - MyVize<\/title>\n<meta name=\"description\" content=\"Amerika Chicago Ba\u015fkonsoloslu\u011fu Vize \u0130\u015flemleri Nelerdir? Amerika Chicago Ba\u015fkonsoloslu\u011fu Nerededir? Bilgi \u0130\u00e7in Bizi Aray\u0131n: 0850 346 84 93\" \/>\n<meta name=\"robots\" content=\"index, follow, max-snippet:-1, max-image-preview:large, max-video-preview:-1\" \/>\n<link rel=\"canonical\" href=\"https:\/\/www.myvize.com.tr\/amerika\/konsolosluklar\/chicago-baskonsoloslugu\/\" \/>\n<meta property=\"og:locale\" content=\"tr_TR\" \/>\n<meta property=\"og:type\" content=\"article\" \/>\n<meta property=\"og:title\" content=\"Amerika Chicago Ba\u015fkonsoloslu\u011fu - MyVize\" \/>\n<meta property=\"og:description\" content=\"Amerika Chicago Ba\u015fkonsoloslu\u011fu Vize \u0130\u015flemleri Nelerdir? Amerika Chicago Ba\u015fkonsoloslu\u011fu Nerededir? Bilgi \u0130\u00e7in Bizi Aray\u0131n: 0850 346 84 93\" \/>\n<meta property=\"og:url\" content=\"https:\/\/www.myvize.com.tr\/amerika\/konsolosluklar\/chicago-baskonsoloslugu\/\" \/>\n<meta property=\"og:site_name\" content=\"Amerika Vizesi\" \/>\n<meta property=\"article:modified_time\" content=\"2022-03-21T09:21:46+00:00\" \/>\n<meta name=\"twitter:card\" content=\"summary_large_image\" \/>\n<meta name=\"twitter:label1\" content=\"Tahmini okuma s\u00fcresi\" \/>\n\t<meta name=\"twitter:data1\" content=\"3 dakika\" \/>\n<script type=\"application\/ld+json\" class=\"yoast-schema-graph\">{\"@context\":\"https:\\\/\\\/schema.org\",\"@graph\":[{\"@type\":\"WebPage\",\"@id\":\"https:\\\/\\\/www.myvize.com.tr\\\/amerika\\\/konsolosluklar\\\/chicago-baskonsoloslugu\\\/\",\"url\":\"https:\\\/\\\/www.myvize.com.tr\\\/amerika\\\/konsolosluklar\\\/chicago-baskonsoloslugu\\\/\",\"name\":\"Amerika Chicago Ba\u015fkonsoloslu\u011fu - MyVize\",\"isPartOf\":{\"@id\":\"https:\\\/\\\/www.myvize.com.tr\\\/amerika\\\/#website\"},\"datePublished\":\"2021-02-01T11:22:15+00:00\",\"dateModified\":\"2022-03-21T09:21:46+00:00\",\"description\":\"Amerika Chicago Ba\u015fkonsoloslu\u011fu Vize \u0130\u015flemleri Nelerdir? Amerika Chicago Ba\u015fkonsoloslu\u011fu Nerededir? Bilgi \u0130\u00e7in Bizi Aray\u0131n: 0850 346 84 93\",\"breadcrumb\":{\"@id\":\"https:\\\/\\\/www.myvize.com.tr\\\/amerika\\\/konsolosluklar\\\/chicago-baskonsoloslugu\\\/#breadcrumb\"},\"inLanguage\":\"tr\",\"potentialAction\":[{\"@type\":\"ReadAction\",\"target\":[\"https:\\\/\\\/www.myvize.com.tr\\\/amerika\\\/konsolosluklar\\\/chicago-baskonsoloslugu\\\/\"]}]},{\"@type\":\"BreadcrumbList\",\"@id\":\"https:\\\/\\\/www.myvize.com.tr\\\/amerika\\\/konsolosluklar\\\/chicago-baskonsoloslugu\\\/#breadcrumb\",\"itemListElement\":[{\"@type\":\"ListItem\",\"position\":1,\"name\":\"Anasayfa\",\"item\":\"https:\\\/\\\/www.myvize.com.tr\\\/amerika\\\/\"},{\"@type\":\"ListItem\",\"position\":2,\"name\":\"KONSOLOSLUKLAR\",\"item\":\"https:\\\/\\\/www.myvize.com.tr\\\/amerika\\\/konsolosluklar\\\/\"},{\"@type\":\"ListItem\",\"position\":3,\"name\":\"Amerika Chicago Ba\u015fkonsoloslu\u011fu\"}]},{\"@type\":\"WebSite\",\"@id\":\"https:\\\/\\\/www.myvize.com.tr\\\/amerika\\\/#website\",\"url\":\"https:\\\/\\\/www.myvize.com.tr\\\/amerika\\\/\",\"name\":\"MyVize Amerika Vize Ba\u015fvuru Merkezi\",\"description\":\"\",\"potentialAction\":[{\"@type\":\"SearchAction\",\"target\":{\"@type\":\"EntryPoint\",\"urlTemplate\":\"https:\\\/\\\/www.myvize.com.tr\\\/amerika\\\/?s={search_term_string}\"},\"query-input\":{\"@type\":\"PropertyValueSpecification\",\"valueRequired\":true,\"valueName\":\"search_term_string\"}}],\"inLanguage\":\"tr\"}]}<\/script>\n<!-- \/ Yoast SEO plugin. -->","yoast_head_json":{"title":"Amerika Chicago Ba\u015fkonsoloslu\u011fu - MyVize","description":"Amerika Chicago Ba\u015fkonsoloslu\u011fu Vize \u0130\u015flemleri Nelerdir? Amerika Chicago Ba\u015fkonsoloslu\u011fu Nerededir? Bilgi \u0130\u00e7in Bizi Aray\u0131n: 0850 346 84 93","robots":{"index":"index","follow":"follow","max-snippet":"max-snippet:-1","max-image-preview":"max-image-preview:large","max-video-preview":"max-video-preview:-1"},"canonical":"https:\/\/www.myvize.com.tr\/amerika\/konsolosluklar\/chicago-baskonsoloslugu\/","og_locale":"tr_TR","og_type":"article","og_title":"Amerika Chicago Ba\u015fkonsoloslu\u011fu - MyVize","og_description":"Amerika Chicago Ba\u015fkonsoloslu\u011fu Vize \u0130\u015flemleri Nelerdir? Amerika Chicago Ba\u015fkonsoloslu\u011fu Nerededir? Bilgi \u0130\u00e7in Bizi Aray\u0131n: 0850 346 84 93","og_url":"https:\/\/www.myvize.com.tr\/amerika\/konsolosluklar\/chicago-baskonsoloslugu\/","og_site_name":"Amerika Vizesi","article_modified_time":"2022-03-21T09:21:46+00:00","twitter_card":"summary_large_image","twitter_misc":{"Tahmini okuma s\u00fcresi":"3 dakika"},"schema":{"@context":"https:\/\/schema.org","@graph":[{"@type":"WebPage","@id":"https:\/\/www.myvize.com.tr\/amerika\/konsolosluklar\/chicago-baskonsoloslugu\/","url":"https:\/\/www.myvize.com.tr\/amerika\/konsolosluklar\/chicago-baskonsoloslugu\/","name":"Amerika Chicago Ba\u015fkonsoloslu\u011fu - MyVize","isPartOf":{"@id":"https:\/\/www.myvize.com.tr\/amerika\/#website"},"datePublished":"2021-02-01T11:22:15+00:00","dateModified":"2022-03-21T09:21:46+00:00","description":"Amerika Chicago Ba\u015fkonsoloslu\u011fu Vize \u0130\u015flemleri Nelerdir? Amerika Chicago Ba\u015fkonsoloslu\u011fu Nerededir? Bilgi \u0130\u00e7in Bizi Aray\u0131n: 0850 346 84 93","breadcrumb":{"@id":"https:\/\/www.myvize.com.tr\/amerika\/konsolosluklar\/chicago-baskonsoloslugu\/#breadcrumb"},"inLanguage":"tr","potentialAction":[{"@type":"ReadAction","target":["https:\/\/www.myvize.com.tr\/amerika\/konsolosluklar\/chicago-baskonsoloslugu\/"]}]},{"@type":"BreadcrumbList","@id":"https:\/\/www.myvize.com.tr\/amerika\/konsolosluklar\/chicago-baskonsoloslugu\/#breadcrumb","itemListElement":[{"@type":"ListItem","position":1,"name":"Anasayfa","item":"https:\/\/www.myvize.com.tr\/amerika\/"},{"@type":"ListItem","position":2,"name":"KONSOLOSLUKLAR","item":"https:\/\/www.myvize.com.tr\/amerika\/konsolosluklar\/"},{"@type":"ListItem","position":3,"name":"Amerika Chicago Ba\u015fkonsoloslu\u011fu"}]},{"@type":"WebSite","@id":"https:\/\/www.myvize.com.tr\/amerika\/#website","url":"https:\/\/www.myvize.com.tr\/amerika\/","name":"MyVize Amerika Vize Ba\u015fvuru Merkezi","description":"","potentialAction":[{"@type":"SearchAction","target":{"@type":"EntryPoint","urlTemplate":"https:\/\/www.myvize.com.tr\/amerika\/?s={search_term_string}"},"query-input":{"@type":"PropertyValueSpecification","valueRequired":true,"valueName":"search_term_string"}}],"inLanguage":"tr"}]}},"_links":{"self":[{"href":"https:\/\/www.myvize.com.tr\/amerika\/wp-json\/wp\/v2\/pages\/466","targetHints":{"allow":["GET"]}}],"collection":[{"href":"https:\/\/www.myvize.com.tr\/amerika\/wp-json\/wp\/v2\/pages"}],"about":[{"href":"https:\/\/www.myvize.com.tr\/amerika\/wp-json\/wp\/v2\/types\/page"}],"author":[{"embeddable":true,"href":"https:\/\/www.myvize.com.tr\/amerika\/wp-json\/wp\/v2\/users\/1"}],"replies":[{"embeddable":true,"href":"https:\/\/www.myvize.com.tr\/amerika\/wp-json\/wp\/v2\/comments?post=466"}],"version-history":[{"count":5,"href":"https:\/\/www.myvize.com.tr\/amerika\/wp-json\/wp\/v2\/pages\/466\/revisions"}],"predecessor-version":[{"id":1361,"href":"https:\/\/www.myvize.com.tr\/amerika\/wp-json\/wp\/v2\/pages\/466\/revisions\/1361"}],"up":[{"embeddable":true,"href":"https:\/\/www.myvize.com.tr\/amerika\/wp-json\/wp\/v2\/pages\/69"}],"wp:attachment":[{"href":"https:\/\/www.myvize.com.tr\/amerika\/wp-json\/wp\/v2\/media?parent=466"}],"curies":[{"name":"wp","href":"https:\/\/api.w.org\/{rel}","templated":true}]}}