{"id":474,"date":"2021-02-01T14:24:03","date_gmt":"2021-02-01T11:24:03","guid":{"rendered":"https:\/\/www.myvize.com.tr\/amerika\/?page_id=474"},"modified":"2023-01-22T18:45:54","modified_gmt":"2023-01-22T15:45:54","slug":"new-york-baskonsoloslugu","status":"publish","type":"page","link":"https:\/\/www.myvize.com.tr\/amerika\/konsolosluklar\/new-york-baskonsoloslugu\/","title":{"rendered":"Amerika New York Ba\u015fkonsoloslu\u011fu"},"content":{"rendered":"<h2><span style=\"font-family: Roboto; font-size: 27px;\"><strong>Amerika New York Ba\u015fkonsolosu Kimdir?<\/strong><\/span><\/h2>\n<p><span style=\"font-family: Roboto; font-size: 14px;\"><strong>Amerika New York ba\u015fkonsoloslu\u011fu kimdir<\/strong>\u00a0sorusu olduk\u00e7a ara\u015ft\u0131r\u0131lan konulardan biridir. New York\u2019ta T\u00fcrkiye\u2019yi temsil eden ba\u015fkonsolos ayn\u0131 zamanda Amerika\u2019da ya\u015fayan T\u00fcrk halk\u0131n\u0131n da \u00e7e\u015fitli konularda haklar\u0131n\u0131n \u00f6nemli bir temsilcisidir. T\u00fcrk vatanda\u015flar\u0131 Amerika\u2019da ya\u015fad\u0131klar\u0131 s\u00fcre boyunca bir\u00e7ok resmi i\u015flemler konusunda ba\u015fkonsolosluktan hizmet alabilme \u015fans\u0131na sahiptir. Her t\u00fcrl\u00fc vize i\u015flemi kapsam\u0131nda <strong>Amerikan vatanda\u015flar\u0131<\/strong> bu kurumdan hizmet alabilmektedir. Vize i\u015flemleri d\u0131\u015f\u0131nda T\u00fcrk vatanda\u015flar\u0131n\u0131n bir\u00e7ok tescil ve noter i\u015flemleri de ba\u015fkonsolosluk taraf\u0131ndan yap\u0131lmaktad\u0131r.<\/span><\/p>\n<p><span style=\"font-family: Roboto; font-size: 14px;\">G\u00fcn\u00fcm\u00fczde bir\u00e7ok ki\u015finin hizmet ald\u0131\u011f\u0131 ba\u015fkonsolosluk T\u00fcrkiye ve Amerika aras\u0131nda \u00f6nemli bir diplomatik kurumdur. Resmi olarak yap\u0131lan i\u015flemler sayesinde son derece profesyonel d\u00fczeyde hizmet verilmektedir. Amerika New York ba\u015fkonsoloslu\u011fu vize i\u015flemlerinde son karar mercilerinden biridir. Yani Amerikan vatanda\u015f\u0131 veya ba\u015fka bir \u00fclkenin vatanda\u015f\u0131 olan ki\u015filer T\u00fcrkiye\u2019ye gelebilmek i\u00e7in vize talebinde bulunurlarsa ba\u015fkonsolosluklara ba\u015fvurmak zorundad\u0131r. Amerika New York Ba\u015fkonsolosluk g\u00f6revini g\u00fcn\u00fcm\u00fczde Reyhan \u00d6zg\u00fcr devam ettirmektedir.<\/span><\/p>\n<h2><span style=\"font-family: Roboto; font-size: 27px;\"><strong>Amerika New York Ba\u015fkonsoloslu\u011fu Vize \u0130\u015flemleri<\/strong><\/span><\/h2>\n<p><span style=\"font-family: Roboto; font-size: 14px;\"><strong>Amerika New York ba\u015fkonsoloslu\u011fu vize i\u015flemleri<\/strong>\u00a0konusunda ki\u015filerin belli ba\u015fl\u0131 detaylara dikkat etmesi b\u00fcy\u00fck bir \u00f6nem ta\u015f\u0131r. Her t\u00fcrl\u00fc vize i\u015flemi konusunda profesyonel olarak dan\u0131\u015fmanl\u0131k hizmetleri almak isteyenler olabilir. T\u00fcrkiye\u2019ye gelmek isteyen Amerikan vatanda\u015flar\u0131 seyahat ama\u00e7lar\u0131na uygun olarak vize almak zorundad\u0131r. Vize i\u015flemi kapsam\u0131nda pasaport ve ba\u015fvuru formu b\u00fcy\u00fck bir \u00f6neme sahiptir. Ba\u015fvuru formunun \u00f6zellikle mutlaka vize s\u00fcrecine uygun bir \u015fekilde doldurulmas\u0131 gerekir. Seyahat amac\u0131 bu ba\u015fvuru formunda detayl\u0131 olarak belirtilmelidir. Ayn\u0131 zamanda seyahat gidi\u015f ve d\u00f6n\u00fc\u015f tarihleri de belirtilmesi gereken bilgiler aras\u0131nda yer al\u0131r.<\/span><\/p>\n<p><span style=\"font-family: Roboto; font-size: 14px;\"><strong>Amerika ba\u015fkonsolosluk hizmetleri<\/strong> kapsam\u0131nda dikkat edilmesi gereken en \u00f6nemli unsurlardan birisi de Amerikan vatanda\u015flar\u0131n\u0131n vize i\u015flemleri i\u00e7in mutlaka randevu almas\u0131d\u0131r. New York ba\u015fkonsoloslu\u011fu randevu sistemi ile ki\u015filere hizmet vermektedir. <span style=\"color: #2acec2;\"><strong><a style=\"color: #2acec2;\" href=\"https:\/\/www.myvize.com.tr\/amerika\/vize-islemleri\/\" target=\"_blank\" rel=\"noopener\">Vize i\u015flemleri<\/a><\/strong><\/span> s\u0131ras\u0131nda ki\u015filer randevu saatlerine uygun olarak hareket etmelidir. Ayn\u0131 zamanda belgelerin eksiksiz olmas\u0131 bu s\u00fcre\u00e7te en \u00f6nemli kriterdir.<\/span><\/p>\n<h2><span style=\"font-family: Roboto; font-size: 27px;\"><strong>Amerika New York Ba\u015fkonsoloslu\u011fu Vize Ba\u015fvurusu<\/strong><\/span><\/h2>\n<p><span style=\"font-family: Roboto; font-size: 14px;\"><strong>Amerika New York ba\u015fkonsoloslu\u011fu vize ba\u015fvurusu<\/strong>\u00a0kapsam\u0131nda T\u00fcrkiye\u2019ye gelmek isteyen ki\u015filer bir tak\u0131m belge haz\u0131rlamak zorundad\u0131r. Amerikan vatanda\u015flar\u0131n\u0131n haz\u0131rlamas\u0131 gereken bu belgeler kapsam\u0131nda seyahat i\u015flemlerinin daha kolay bir \u015fekilde yap\u0131labilmesi sa\u011flan\u0131r. Her t\u00fcrl\u00fc vize kapsam\u0131nda detayl\u0131 olarak sizlere hizmet verilmektedir. Ancak bu s\u00fcre\u00e7te mutlaka ki\u015filerin vize evraklar\u0131n\u0131 g\u00fcncel ve eksiksiz olarak haz\u0131rlamas\u0131 gerekir. Evrak haz\u0131rlama s\u00fcrecine ba\u015flamadan \u00f6nce ise dikkat edilmesi gereken en \u00f6nemli unsur randevu almakt\u0131r.<\/span><\/p>\n<p><span style=\"font-family: Roboto; font-size: 14px;\">Amerika New York ba\u015fkonsoloslu\u011fundan randevu ald\u0131ktan sonra ki\u015filer vize i\u015flemleri i\u00e7in ba\u015fvurular\u0131n\u0131 yapabilirler. Bununla birlikte randevu s\u0131ras\u0131nda seyahat amac\u0131na uygun olarak bir tak\u0131m sorular y\u00f6neltilebilir. Bu sorulara do\u011fru cevap verilmesi olduk\u00e7a \u00f6nemli bir konudur. Ba\u015fvurular s\u0131ras\u0131nda eksiksiz evrak teslim etmenin yan\u0131nda har\u00e7lar\u0131nda ilgili bankalara yat\u0131r\u0131lm\u0131\u015f olmas\u0131 gerekir. Bunlara ek olarak vize i\u015flemleri s\u0131ras\u0131nda<strong> Amerikan vatanda\u015flar\u0131<\/strong> dilek\u00e7elerini de uygun bir \u015fekilde yazmal\u0131lar. <strong>Seyahat sa\u011fl\u0131k sigortas\u0131<\/strong> gibi belgelerin tam olmas\u0131 en \u00f6nemli kriterler aras\u0131ndad\u0131r.<\/span><\/p>\n<h2><span style=\"font-family: Roboto; font-size: 27px;\"><strong>Amerika New York Ba\u015fkonsoloslu\u011fu Vize Randevusu<\/strong><\/span><\/h2>\n<p><span style=\"font-family: Roboto; font-size: 14px;\"><strong>Amerika New York Ba\u015fkonsoloslu\u011fu<\/strong> vize randevusunu ge\u00e7 kalmadan vize randevu tarihine ba\u015fvurman\u0131z\u0131 tavsiye ederiz.\u00a0 Amerika New York Ba\u015fkonsoloslu\u011fu kurumu ile Vize Ba\u015fvuru Merkezi ile irtibata ge\u00e7erek vize randevu tarihi alman\u0131z m\u00fcmk\u00fcnd\u00fcr. Amerika Birle\u015fik Devletleri vizeleri, T\u00fcrkiye Cumhuriyeti&#8217;nde faaliyet g\u00f6steren akredite diplomatik misyonlar ve onayl\u0131 vize ba\u015fvuru merkezlerinde al\u0131nabilir. Ba\u015fvuru s\u00fcreci, Amerika New York vize ba\u015fvuru formunu bitirmek, vize ba\u015fvuru harc\u0131n\u0131n \u00f6denmesi ve konsolosluk belgelerinin imzalanmas\u0131 ile ba\u015flamaktad\u0131r. Vize Ba\u015fvuru Merkezi bu s\u00fcre\u00e7te gerekli olan dan\u0131\u015fmanl\u0131k hizmetlerini sunar ve haz\u0131rlanan b\u00fct\u00fcn belgelerin aktar\u0131lmas\u0131 durumunda ba\u015fvurular genellikle ortalama be\u015f g\u00fcn i\u00e7inde i\u015fleme al\u0131nacakt\u0131r. <strong>Amerika New York vize ba\u015fvuru evraklar\u0131<\/strong> ile ba\u015fvurulan vize t\u00fcrlerine g\u00f6re de\u011fi\u015fiklik g\u00f6sterebilir. \u0130stenen belgeler vize t\u00fcr\u00fcne, seyahatin s\u00fcresine ard\u0131ndan Amerika New York vize ba\u015fvuru sahibinin g\u00fcncel mesleki durumu alan\u0131nda de\u011fi\u015fiklik g\u00f6sterebilir. Bu sebep ile gereken evraklar listesine gelmeden \u00f6nce hangi Amerika New York vize t\u00fcr\u00fcn\u00fcn seyahatin amac\u0131na y\u00f6nelik oldu\u011funa karar vermek olduk\u00e7a \u00f6nemlidir.<\/span><\/p>\n<h3><span style=\"font-family: Roboto; font-size: 24px;\"><strong>Amerika New York Ba\u015fkonsoloslu\u011fu Adres Ve \u0130leti\u015fim Bilgileri<\/strong><\/span><\/h3>\n<p><span style=\"font-family: Roboto; font-size: 14px;\"><strong>Amerika New York Ba\u015fkonsolosluk adresi:<\/strong> 821- 1st- Ave., -New York, NY \/10017, Amerika Birle\u015fik Devleti. 212 3 51 7200 \u00a0Amerika New York Ba\u015fkonsolosluk ile ileti\u015fime ge\u00e7mek i\u00e7in \u00e7al\u0131\u015fma saati s\u0131ras\u0131nda araman\u0131z\u0131 tavsiye ederiz. Amerika New York Ba\u015fkonsolosluk resmi g\u00fcnlerde tatil sebebi ile kapal\u0131d\u0131r. Aksi bir durum olmad\u0131k\u00e7a genellikle hafta i\u00e7i her g\u00fcn hizmet vermek i\u00e7in a\u00e7\u0131kt\u0131r. Amerika New York Ba\u015fkonsolosluk 646 2 04 0011 numaras\u0131 ile de acil durumlar i\u00e7in tek tu\u015fla ileti\u015fim sa\u011flayabilirsiniz. Amerika New York Ba\u015fkonsolosluk \u00a0di\u011fer \u00fclkeler ile aras\u0131ndaki resmi ve ticari ili\u015fkilerin y\u00fcr\u00fctmek amac\u0131 ile projelere onay vermekle y\u00fck\u00fcml\u00fcd\u00fcr. Evlilik, do\u011fum durumu gibi resmi olan i\u015flemlerin di\u011fer \u00fclkelerde ger\u00e7ekle\u015ftirmek isteyen vatanda\u015flar\u0131 i\u00e7in arac\u0131 konsolosluklar\u0131 vard\u0131r. Vatanda\u015f\u0131n ma\u011fdur durumda olmamas\u0131 i\u00e7in konsolosluklar\u0131n yan\u0131nda arac\u0131 kurumlar da a\u00e7m\u0131\u015ft\u0131r. Amerika New York Ba\u015fkonsolosluk \u00a0adresine ula\u015f\u0131m sa\u011flamak imkans\u0131z de\u011fildir. Resmi i\u015flerinizi\u00a0 g\u00fcn i\u00e7erisinde yapabilmek i\u00e7in ki\u015fisel ara\u00e7 ile ve ya taksi ile daha h\u0131zl\u0131 gitmenizi tavsiye ederiz.<\/span><\/p>\n<h3><span style=\"font-family: Roboto; font-size: 24px;\"><strong>Amerika New York Ba\u015fkonsoloslu\u011fu Adres<\/strong><\/span><\/h3>\n<p><span style=\"font-family: Roboto; font-size: 14px;\">Amerika New York Ba\u015fkonsolosluk \u00a0adresi: 821 -1st -Ave., -New York, NY \/10017, Amerika Birle\u015fik Devleti. Amerika New York Ba\u015fkonsolosluk \u00a0adresine ula\u015f\u0131m sa\u011flan\u0131r, arac\u0131n\u0131z ile ve ya ticari taksi kullan\u0131m\u0131yla daha rahat gitmenizi tavsiye ederiz. \u0130\u015f yo\u011funlu\u011fu sebebi ile s\u0131ra beklememek ad\u0131na ne kadar erken giderseniz i\u015fleriniz k\u0131sa s\u00fcre i\u00e7erisinde biter. Amerika New York Ba\u015fkonsolosluk \u00a0anla\u015fmal\u0131 oldu\u011fu di\u011fer \u00fclkeler ile aras\u0131nda bulunan ba\u011flar\u0131 geli\u015ftirmek amac\u0131 ile \u00fclkelere konsolosluklar y\u00f6nlendirir. \u0130ki devlet aras\u0131ndaki ticaret, e\u011fitim, resmi i\u015fler gibi bir \u00e7ok kategoride geli\u015fimlerin artmas\u0131 i\u00e7in y\u00f6nelik \u00e7al\u0131\u015fmalar\u0131 y\u00fcr\u00fct\u00fcr. Amerika New York Ba\u015fkonsolosluk \u00a0yetkisinden daha \u00fcst bir kurul yoktur. T\u00fcm resmi i\u015flere onay\u0131 Amerika New York Ba\u015fkonsolosluk \u00a0verir. Konsolosluklar ve arac\u0131 acenteler Amerika New York Ba\u015fkonsolosluk \u00a0sadece arac\u0131l\u0131kta bulunur. Di\u011fer \u00fclkelerde ya\u015fayan vatanda\u015flar\u0131n\u0131 ma\u011fdur etmemek i\u00e7in Konsolosluklarda resmi i\u015flemlerini ger\u00e7ekle\u015ftirme f\u0131rsat\u0131 tan\u0131r. Amerika New York Ba\u015fkonsolosluk \u00a0di\u011fer kurumlardan gelen i\u015flemleri de\u011ferlendirir ve onay vermekle y\u00fck\u00fcml\u00fcd\u00fcr.<\/span><\/p>\n","protected":false},"excerpt":{"rendered":"<p>Amerika New York Ba\u015fkonsolosu Kimdir? Amerika New York ba\u015fkonsoloslu\u011fu kimdir\u00a0sorusu olduk\u00e7a ara\u015ft\u0131r\u0131lan konulardan biridir. New York\u2019ta T\u00fcrkiye\u2019yi temsil eden ba\u015fkonsolos ayn\u0131 zamanda Amerika\u2019da ya\u015fayan T\u00fcrk halk\u0131n\u0131n da \u00e7e\u015fitli konularda haklar\u0131n\u0131n \u00f6nemli bir temsilcisidir. T\u00fcrk vatanda\u015flar\u0131 Amerika\u2019da ya\u015fad\u0131klar\u0131 s\u00fcre boyunca bir\u00e7ok resmi i\u015flemler konusunda ba\u015fkonsolosluktan hizmet alabilme \u015fans\u0131na sahiptir. Her t\u00fcrl\u00fc vize i\u015flemi kapsam\u0131nda Amerikan vatanda\u015flar\u0131<\/p>\n","protected":false},"author":1,"featured_media":0,"parent":69,"menu_order":0,"comment_status":"open","ping_status":"closed","template":"","meta":{"footnotes":""},"class_list":["post-474","page","type-page","status-publish","hentry"],"yoast_head":"<!-- This site is optimized with the Yoast SEO plugin v27.4 - https:\/\/yoast.com\/product\/yoast-seo-wordpress\/ -->\n<title>Amerika New York Ba\u015fkonsoloslu\u011fu - MyVize<\/title>\n<meta name=\"description\" content=\"New York Ba\u015fkonsoloslu\u011fu Vize \u0130\u015flemleri Nelerdir? New York Ba\u015fkonsoloslu\u011fu Adresi Nedir? New York Ba\u015fkonsoloslu\u011fu ileti\u015fim Bilgileri Neler?\" \/>\n<meta name=\"robots\" content=\"index, follow, max-snippet:-1, max-image-preview:large, max-video-preview:-1\" \/>\n<link rel=\"canonical\" href=\"https:\/\/www.myvize.com.tr\/amerika\/konsolosluklar\/new-york-baskonsoloslugu\/\" \/>\n<meta property=\"og:locale\" content=\"tr_TR\" \/>\n<meta property=\"og:type\" content=\"article\" \/>\n<meta property=\"og:title\" content=\"Amerika New York Ba\u015fkonsoloslu\u011fu - MyVize\" \/>\n<meta property=\"og:description\" content=\"New York Ba\u015fkonsoloslu\u011fu Vize \u0130\u015flemleri Nelerdir? New York Ba\u015fkonsoloslu\u011fu Adresi Nedir? New York Ba\u015fkonsoloslu\u011fu ileti\u015fim Bilgileri Neler?\" \/>\n<meta property=\"og:url\" content=\"https:\/\/www.myvize.com.tr\/amerika\/konsolosluklar\/new-york-baskonsoloslugu\/\" \/>\n<meta property=\"og:site_name\" content=\"Amerika Vizesi\" \/>\n<meta property=\"article:modified_time\" content=\"2023-01-22T15:45:54+00:00\" \/>\n<meta name=\"twitter:card\" content=\"summary_large_image\" \/>\n<meta name=\"twitter:label1\" content=\"Tahmini okuma s\u00fcresi\" \/>\n\t<meta name=\"twitter:data1\" content=\"6 dakika\" \/>\n<script type=\"application\/ld+json\" class=\"yoast-schema-graph\">{\"@context\":\"https:\\\/\\\/schema.org\",\"@graph\":[{\"@type\":\"WebPage\",\"@id\":\"https:\\\/\\\/www.myvize.com.tr\\\/amerika\\\/konsolosluklar\\\/new-york-baskonsoloslugu\\\/\",\"url\":\"https:\\\/\\\/www.myvize.com.tr\\\/amerika\\\/konsolosluklar\\\/new-york-baskonsoloslugu\\\/\",\"name\":\"Amerika New York Ba\u015fkonsoloslu\u011fu - MyVize\",\"isPartOf\":{\"@id\":\"https:\\\/\\\/www.myvize.com.tr\\\/amerika\\\/#website\"},\"datePublished\":\"2021-02-01T11:24:03+00:00\",\"dateModified\":\"2023-01-22T15:45:54+00:00\",\"description\":\"New York Ba\u015fkonsoloslu\u011fu Vize \u0130\u015flemleri Nelerdir? New York Ba\u015fkonsoloslu\u011fu Adresi Nedir? New York Ba\u015fkonsoloslu\u011fu ileti\u015fim Bilgileri Neler?\",\"breadcrumb\":{\"@id\":\"https:\\\/\\\/www.myvize.com.tr\\\/amerika\\\/konsolosluklar\\\/new-york-baskonsoloslugu\\\/#breadcrumb\"},\"inLanguage\":\"tr\",\"potentialAction\":[{\"@type\":\"ReadAction\",\"target\":[\"https:\\\/\\\/www.myvize.com.tr\\\/amerika\\\/konsolosluklar\\\/new-york-baskonsoloslugu\\\/\"]}]},{\"@type\":\"BreadcrumbList\",\"@id\":\"https:\\\/\\\/www.myvize.com.tr\\\/amerika\\\/konsolosluklar\\\/new-york-baskonsoloslugu\\\/#breadcrumb\",\"itemListElement\":[{\"@type\":\"ListItem\",\"position\":1,\"name\":\"Anasayfa\",\"item\":\"https:\\\/\\\/www.myvize.com.tr\\\/amerika\\\/\"},{\"@type\":\"ListItem\",\"position\":2,\"name\":\"KONSOLOSLUKLAR\",\"item\":\"https:\\\/\\\/www.myvize.com.tr\\\/amerika\\\/konsolosluklar\\\/\"},{\"@type\":\"ListItem\",\"position\":3,\"name\":\"Amerika New York Ba\u015fkonsoloslu\u011fu\"}]},{\"@type\":\"WebSite\",\"@id\":\"https:\\\/\\\/www.myvize.com.tr\\\/amerika\\\/#website\",\"url\":\"https:\\\/\\\/www.myvize.com.tr\\\/amerika\\\/\",\"name\":\"MyVize Amerika Vize Ba\u015fvuru Merkezi\",\"description\":\"\",\"potentialAction\":[{\"@type\":\"SearchAction\",\"target\":{\"@type\":\"EntryPoint\",\"urlTemplate\":\"https:\\\/\\\/www.myvize.com.tr\\\/amerika\\\/?s={search_term_string}\"},\"query-input\":{\"@type\":\"PropertyValueSpecification\",\"valueRequired\":true,\"valueName\":\"search_term_string\"}}],\"inLanguage\":\"tr\"}]}<\/script>\n<!-- \/ Yoast SEO plugin. -->","yoast_head_json":{"title":"Amerika New York Ba\u015fkonsoloslu\u011fu - MyVize","description":"New York Ba\u015fkonsoloslu\u011fu Vize \u0130\u015flemleri Nelerdir? New York Ba\u015fkonsoloslu\u011fu Adresi Nedir? New York Ba\u015fkonsoloslu\u011fu ileti\u015fim Bilgileri Neler?","robots":{"index":"index","follow":"follow","max-snippet":"max-snippet:-1","max-image-preview":"max-image-preview:large","max-video-preview":"max-video-preview:-1"},"canonical":"https:\/\/www.myvize.com.tr\/amerika\/konsolosluklar\/new-york-baskonsoloslugu\/","og_locale":"tr_TR","og_type":"article","og_title":"Amerika New York Ba\u015fkonsoloslu\u011fu - MyVize","og_description":"New York Ba\u015fkonsoloslu\u011fu Vize \u0130\u015flemleri Nelerdir? New York Ba\u015fkonsoloslu\u011fu Adresi Nedir? New York Ba\u015fkonsoloslu\u011fu ileti\u015fim Bilgileri Neler?","og_url":"https:\/\/www.myvize.com.tr\/amerika\/konsolosluklar\/new-york-baskonsoloslugu\/","og_site_name":"Amerika Vizesi","article_modified_time":"2023-01-22T15:45:54+00:00","twitter_card":"summary_large_image","twitter_misc":{"Tahmini okuma s\u00fcresi":"6 dakika"},"schema":{"@context":"https:\/\/schema.org","@graph":[{"@type":"WebPage","@id":"https:\/\/www.myvize.com.tr\/amerika\/konsolosluklar\/new-york-baskonsoloslugu\/","url":"https:\/\/www.myvize.com.tr\/amerika\/konsolosluklar\/new-york-baskonsoloslugu\/","name":"Amerika New York Ba\u015fkonsoloslu\u011fu - MyVize","isPartOf":{"@id":"https:\/\/www.myvize.com.tr\/amerika\/#website"},"datePublished":"2021-02-01T11:24:03+00:00","dateModified":"2023-01-22T15:45:54+00:00","description":"New York Ba\u015fkonsoloslu\u011fu Vize \u0130\u015flemleri Nelerdir? New York Ba\u015fkonsoloslu\u011fu Adresi Nedir? New York Ba\u015fkonsoloslu\u011fu ileti\u015fim Bilgileri Neler?","breadcrumb":{"@id":"https:\/\/www.myvize.com.tr\/amerika\/konsolosluklar\/new-york-baskonsoloslugu\/#breadcrumb"},"inLanguage":"tr","potentialAction":[{"@type":"ReadAction","target":["https:\/\/www.myvize.com.tr\/amerika\/konsolosluklar\/new-york-baskonsoloslugu\/"]}]},{"@type":"BreadcrumbList","@id":"https:\/\/www.myvize.com.tr\/amerika\/konsolosluklar\/new-york-baskonsoloslugu\/#breadcrumb","itemListElement":[{"@type":"ListItem","position":1,"name":"Anasayfa","item":"https:\/\/www.myvize.com.tr\/amerika\/"},{"@type":"ListItem","position":2,"name":"KONSOLOSLUKLAR","item":"https:\/\/www.myvize.com.tr\/amerika\/konsolosluklar\/"},{"@type":"ListItem","position":3,"name":"Amerika New York Ba\u015fkonsoloslu\u011fu"}]},{"@type":"WebSite","@id":"https:\/\/www.myvize.com.tr\/amerika\/#website","url":"https:\/\/www.myvize.com.tr\/amerika\/","name":"MyVize Amerika Vize Ba\u015fvuru Merkezi","description":"","potentialAction":[{"@type":"SearchAction","target":{"@type":"EntryPoint","urlTemplate":"https:\/\/www.myvize.com.tr\/amerika\/?s={search_term_string}"},"query-input":{"@type":"PropertyValueSpecification","valueRequired":true,"valueName":"search_term_string"}}],"inLanguage":"tr"}]}},"_links":{"self":[{"href":"https:\/\/www.myvize.com.tr\/amerika\/wp-json\/wp\/v2\/pages\/474","targetHints":{"allow":["GET"]}}],"collection":[{"href":"https:\/\/www.myvize.com.tr\/amerika\/wp-json\/wp\/v2\/pages"}],"about":[{"href":"https:\/\/www.myvize.com.tr\/amerika\/wp-json\/wp\/v2\/types\/page"}],"author":[{"embeddable":true,"href":"https:\/\/www.myvize.com.tr\/amerika\/wp-json\/wp\/v2\/users\/1"}],"replies":[{"embeddable":true,"href":"https:\/\/www.myvize.com.tr\/amerika\/wp-json\/wp\/v2\/comments?post=474"}],"version-history":[{"count":6,"href":"https:\/\/www.myvize.com.tr\/amerika\/wp-json\/wp\/v2\/pages\/474\/revisions"}],"predecessor-version":[{"id":1573,"href":"https:\/\/www.myvize.com.tr\/amerika\/wp-json\/wp\/v2\/pages\/474\/revisions\/1573"}],"up":[{"embeddable":true,"href":"https:\/\/www.myvize.com.tr\/amerika\/wp-json\/wp\/v2\/pages\/69"}],"wp:attachment":[{"href":"https:\/\/www.myvize.com.tr\/amerika\/wp-json\/wp\/v2\/media?parent=474"}],"curies":[{"name":"wp","href":"https:\/\/api.w.org\/{rel}","templated":true}]}}