{"id":484,"date":"2021-02-01T14:26:15","date_gmt":"2021-02-01T11:26:15","guid":{"rendered":"https:\/\/www.myvize.com.tr\/amerika\/?page_id=484"},"modified":"2022-03-19T16:11:47","modified_gmt":"2022-03-19T13:11:47","slug":"amerika-buyukelciligi-ankara","status":"publish","type":"page","link":"https:\/\/www.myvize.com.tr\/amerika\/konsolosluklar\/amerika-buyukelciligi-ankara\/","title":{"rendered":"Amerika B\u00fcy\u00fckel\u00e7ili\u011fi Ankara"},"content":{"rendered":"<p><span style=\"font-family: Roboto;\"><\/span><\/p>\r\n<h2><strong><span style=\"font-family: Roboto; font-size: 27px;\">Amerika Ankara B\u00fcy\u00fckel\u00e7ili\u011fi\u00a0<\/span><\/strong><\/h2>\r\n<p><span style=\"font-family: Roboto; font-size: 14px;\">Amerika Ankara Konsoloslu\u011fu gerek Amerikan gerekse T\u00fcrk vatanda\u015flar\u0131n\u0131n vize ba\u015fvurular\u0131n\u0131n sa\u011fland\u0131\u011f\u0131 kurumdur. Bununla birlikte\u00a0<strong>Amerika\u00a0<a>konsoloslu\u011fu vize<\/a>\u00a0<\/strong>i\u015flemlerinin y\u00fcr\u00fct\u00fclmesine ili\u015fkin evraklar\u0131n d\u00fczenlenmesinde etkilidir. \u00d6zellikle Ankara ve civar\u0131 illerde ya\u015fayan Amerika uyruklu vatanda\u015flar Ankara konsoloslu\u011fu sayesinde resmi evraklar\u0131n\u0131n i\u015fleme konulmas\u0131nda kolayl\u0131k ya\u015far. Do\u011fum, evlilik, bo\u015fanma ve \u00f6l\u00fcm beyanlar\u0131n\u0131n konsoloslu\u011fa bildirilmesi ile birlikte verilen beyan resmi evraklarla belgelenip kay\u0131tlara ge\u00e7mesini sa\u011flan\u0131r. Elbette ki konsolosluk Amerika uyruklu vatanda\u015flar\u0131n her \u00e7e\u015fit sorununa \u00e7\u00f6z\u00fcm sa\u011flay\u0131c\u0131 bir rol oynamaktad\u0131r. Bu ayn\u0131 zamanda Amerika\u2019da ya\u015fayan T\u00fcrk vatanda\u015flar\u0131n\u0131 da kapsamaktad\u0131r. Bununla birlikte vatanda\u015flar\u0131n ya\u015fad\u0131klar\u0131 acil sorunlarda Amerika ve T\u00fcrkiye aras\u0131nda ileti\u015fimi konsolosluk taraf\u0131nda sa\u011flanmaktad\u0131r. \u0130ster Amerika uyruklu olsun ister T\u00fcrk vatanda\u015flar\u0131n oturma ve \u00e7al\u0131\u015fma izinlerinin d\u00fczenlenmesi de konsoloslu\u011fa aittir.<\/span><\/p>\r\n<p><span style=\"font-family: Roboto; font-size: 14px;\">\r\n\r\n<\/span><\/p>\r\n<p><span style=\"font-family: Roboto; font-size: 14px;\">Her t\u00fcrl\u00fc detayl\u0131 bilgi almak ad\u0131na\u00a0<a><strong>Amerika konsoloslu\u011fu telefon numaras\u0131<\/strong><\/a>\u00a0olan (0312) 455 55 55 hatt\u0131ndan ileti\u015fim sa\u011flayabilirsiniz. Ayr\u0131ca randevu alarak gelmeniz halinde a\u00e7\u0131k adres Atat\u00fcrk Bulvar\u0131 110 Kavakl\u0131dere, 06100 Ankara\/T\u00fcrkiye \u015feklindedir. Bu adres ayn\u0131 zamanda posta ileti\u015fimi i\u00e7inde kullan\u0131labilmektedir.<\/span><\/p>\r\n<p><span style=\"font-family: Roboto; font-size: 14px;\"><\/span><\/p>\r\n<p><span style=\"font-family: Roboto; font-size: 14px;\"><img decoding=\"async\" src=\"https:\/\/www.myvize.com.tr\/amerika\/wp-content\/uploads\/2021\/09\/57.jpg\" \/><\/span><\/p>","protected":false},"excerpt":{"rendered":"<p>Amerika Ankara B\u00fcy\u00fckel\u00e7ili\u011fi\u00a0 Amerika Ankara Konsoloslu\u011fu gerek Amerikan gerekse T\u00fcrk vatanda\u015flar\u0131n\u0131n vize ba\u015fvurular\u0131n\u0131n sa\u011fland\u0131\u011f\u0131 kurumdur. Bununla birlikte\u00a0Amerika\u00a0konsoloslu\u011fu vize\u00a0i\u015flemlerinin y\u00fcr\u00fct\u00fclmesine ili\u015fkin evraklar\u0131n d\u00fczenlenmesinde etkilidir. \u00d6zellikle Ankara ve civar\u0131 illerde ya\u015fayan Amerika uyruklu vatanda\u015flar Ankara konsoloslu\u011fu sayesinde resmi evraklar\u0131n\u0131n i\u015fleme konulmas\u0131nda kolayl\u0131k ya\u015far. Do\u011fum, evlilik, bo\u015fanma ve \u00f6l\u00fcm beyanlar\u0131n\u0131n konsoloslu\u011fa bildirilmesi ile birlikte verilen beyan resmi evraklarla<\/p>\n","protected":false},"author":1,"featured_media":0,"parent":69,"menu_order":0,"comment_status":"open","ping_status":"closed","template":"","meta":{"footnotes":""},"class_list":["post-484","page","type-page","status-publish","hentry"],"yoast_head":"<!-- This site is optimized with the Yoast SEO plugin v27.4 - https:\/\/yoast.com\/product\/yoast-seo-wordpress\/ -->\n<title>Amerika B\u00fcy\u00fckel\u00e7ili\u011fi Ankara - MyVize<\/title>\n<meta name=\"description\" content=\"Amerika Ankara B\u00fcy\u00fckel\u00e7ili\u011fi\u00a0Vize \u0130\u015flemleri Neler? Amerika Ankara B\u00fcy\u00fckel\u00e7ili\u011fi\u00a0Adresi Nedir? Amerika Ankara B\u00fcy\u00fckel\u00e7ili\u011fi\u00a0\u0130leti\u015fim Bilgileri.\" \/>\n<meta name=\"robots\" content=\"index, follow, max-snippet:-1, max-image-preview:large, max-video-preview:-1\" \/>\n<link rel=\"canonical\" href=\"https:\/\/www.myvize.com.tr\/amerika\/konsolosluklar\/amerika-buyukelciligi-ankara\/\" \/>\n<meta property=\"og:locale\" content=\"tr_TR\" \/>\n<meta property=\"og:type\" content=\"article\" \/>\n<meta property=\"og:title\" content=\"Amerika B\u00fcy\u00fckel\u00e7ili\u011fi Ankara - MyVize\" \/>\n<meta property=\"og:description\" content=\"Amerika Ankara B\u00fcy\u00fckel\u00e7ili\u011fi\u00a0Vize \u0130\u015flemleri Neler? Amerika Ankara B\u00fcy\u00fckel\u00e7ili\u011fi\u00a0Adresi Nedir? Amerika Ankara B\u00fcy\u00fckel\u00e7ili\u011fi\u00a0\u0130leti\u015fim Bilgileri.\" \/>\n<meta property=\"og:url\" content=\"https:\/\/www.myvize.com.tr\/amerika\/konsolosluklar\/amerika-buyukelciligi-ankara\/\" \/>\n<meta property=\"og:site_name\" content=\"Amerika Vizesi\" \/>\n<meta property=\"article:modified_time\" content=\"2022-03-19T13:11:47+00:00\" \/>\n<meta property=\"og:image\" content=\"https:\/\/www.myvize.com.tr\/amerika\/wp-content\/uploads\/2021\/09\/57.jpg\" \/>\n<meta name=\"twitter:card\" content=\"summary_large_image\" \/>\n<meta name=\"twitter:label1\" content=\"Tahmini okuma s\u00fcresi\" \/>\n\t<meta name=\"twitter:data1\" content=\"1 dakika\" \/>\n<script type=\"application\/ld+json\" class=\"yoast-schema-graph\">{\"@context\":\"https:\\\/\\\/schema.org\",\"@graph\":[{\"@type\":\"WebPage\",\"@id\":\"https:\\\/\\\/www.myvize.com.tr\\\/amerika\\\/konsolosluklar\\\/amerika-buyukelciligi-ankara\\\/\",\"url\":\"https:\\\/\\\/www.myvize.com.tr\\\/amerika\\\/konsolosluklar\\\/amerika-buyukelciligi-ankara\\\/\",\"name\":\"Amerika B\u00fcy\u00fckel\u00e7ili\u011fi Ankara - MyVize\",\"isPartOf\":{\"@id\":\"https:\\\/\\\/www.myvize.com.tr\\\/amerika\\\/#website\"},\"primaryImageOfPage\":{\"@id\":\"https:\\\/\\\/www.myvize.com.tr\\\/amerika\\\/konsolosluklar\\\/amerika-buyukelciligi-ankara\\\/#primaryimage\"},\"image\":{\"@id\":\"https:\\\/\\\/www.myvize.com.tr\\\/amerika\\\/konsolosluklar\\\/amerika-buyukelciligi-ankara\\\/#primaryimage\"},\"thumbnailUrl\":\"https:\\\/\\\/www.myvize.com.tr\\\/amerika\\\/wp-content\\\/uploads\\\/2021\\\/09\\\/57.jpg\",\"datePublished\":\"2021-02-01T11:26:15+00:00\",\"dateModified\":\"2022-03-19T13:11:47+00:00\",\"description\":\"Amerika Ankara B\u00fcy\u00fckel\u00e7ili\u011fi\u00a0Vize \u0130\u015flemleri Neler? Amerika Ankara B\u00fcy\u00fckel\u00e7ili\u011fi\u00a0Adresi Nedir? Amerika Ankara B\u00fcy\u00fckel\u00e7ili\u011fi\u00a0\u0130leti\u015fim Bilgileri.\",\"breadcrumb\":{\"@id\":\"https:\\\/\\\/www.myvize.com.tr\\\/amerika\\\/konsolosluklar\\\/amerika-buyukelciligi-ankara\\\/#breadcrumb\"},\"inLanguage\":\"tr\",\"potentialAction\":[{\"@type\":\"ReadAction\",\"target\":[\"https:\\\/\\\/www.myvize.com.tr\\\/amerika\\\/konsolosluklar\\\/amerika-buyukelciligi-ankara\\\/\"]}]},{\"@type\":\"ImageObject\",\"inLanguage\":\"tr\",\"@id\":\"https:\\\/\\\/www.myvize.com.tr\\\/amerika\\\/konsolosluklar\\\/amerika-buyukelciligi-ankara\\\/#primaryimage\",\"url\":\"https:\\\/\\\/www.myvize.com.tr\\\/amerika\\\/wp-content\\\/uploads\\\/2021\\\/09\\\/57.jpg\",\"contentUrl\":\"https:\\\/\\\/www.myvize.com.tr\\\/amerika\\\/wp-content\\\/uploads\\\/2021\\\/09\\\/57.jpg\",\"width\":800,\"height\":500,\"caption\":\"Amerika\"},{\"@type\":\"BreadcrumbList\",\"@id\":\"https:\\\/\\\/www.myvize.com.tr\\\/amerika\\\/konsolosluklar\\\/amerika-buyukelciligi-ankara\\\/#breadcrumb\",\"itemListElement\":[{\"@type\":\"ListItem\",\"position\":1,\"name\":\"Anasayfa\",\"item\":\"https:\\\/\\\/www.myvize.com.tr\\\/amerika\\\/\"},{\"@type\":\"ListItem\",\"position\":2,\"name\":\"KONSOLOSLUKLAR\",\"item\":\"https:\\\/\\\/www.myvize.com.tr\\\/amerika\\\/konsolosluklar\\\/\"},{\"@type\":\"ListItem\",\"position\":3,\"name\":\"Amerika B\u00fcy\u00fckel\u00e7ili\u011fi Ankara\"}]},{\"@type\":\"WebSite\",\"@id\":\"https:\\\/\\\/www.myvize.com.tr\\\/amerika\\\/#website\",\"url\":\"https:\\\/\\\/www.myvize.com.tr\\\/amerika\\\/\",\"name\":\"MyVize Amerika Vize Ba\u015fvuru Merkezi\",\"description\":\"\",\"potentialAction\":[{\"@type\":\"SearchAction\",\"target\":{\"@type\":\"EntryPoint\",\"urlTemplate\":\"https:\\\/\\\/www.myvize.com.tr\\\/amerika\\\/?s={search_term_string}\"},\"query-input\":{\"@type\":\"PropertyValueSpecification\",\"valueRequired\":true,\"valueName\":\"search_term_string\"}}],\"inLanguage\":\"tr\"}]}<\/script>\n<!-- \/ Yoast SEO plugin. -->","yoast_head_json":{"title":"Amerika B\u00fcy\u00fckel\u00e7ili\u011fi Ankara - MyVize","description":"Amerika Ankara B\u00fcy\u00fckel\u00e7ili\u011fi\u00a0Vize \u0130\u015flemleri Neler? Amerika Ankara B\u00fcy\u00fckel\u00e7ili\u011fi\u00a0Adresi Nedir? Amerika Ankara B\u00fcy\u00fckel\u00e7ili\u011fi\u00a0\u0130leti\u015fim Bilgileri.","robots":{"index":"index","follow":"follow","max-snippet":"max-snippet:-1","max-image-preview":"max-image-preview:large","max-video-preview":"max-video-preview:-1"},"canonical":"https:\/\/www.myvize.com.tr\/amerika\/konsolosluklar\/amerika-buyukelciligi-ankara\/","og_locale":"tr_TR","og_type":"article","og_title":"Amerika B\u00fcy\u00fckel\u00e7ili\u011fi Ankara - MyVize","og_description":"Amerika Ankara B\u00fcy\u00fckel\u00e7ili\u011fi\u00a0Vize \u0130\u015flemleri Neler? Amerika Ankara B\u00fcy\u00fckel\u00e7ili\u011fi\u00a0Adresi Nedir? Amerika Ankara B\u00fcy\u00fckel\u00e7ili\u011fi\u00a0\u0130leti\u015fim Bilgileri.","og_url":"https:\/\/www.myvize.com.tr\/amerika\/konsolosluklar\/amerika-buyukelciligi-ankara\/","og_site_name":"Amerika Vizesi","article_modified_time":"2022-03-19T13:11:47+00:00","og_image":[{"url":"https:\/\/www.myvize.com.tr\/amerika\/wp-content\/uploads\/2021\/09\/57.jpg","type":"","width":"","height":""}],"twitter_card":"summary_large_image","twitter_misc":{"Tahmini okuma s\u00fcresi":"1 dakika"},"schema":{"@context":"https:\/\/schema.org","@graph":[{"@type":"WebPage","@id":"https:\/\/www.myvize.com.tr\/amerika\/konsolosluklar\/amerika-buyukelciligi-ankara\/","url":"https:\/\/www.myvize.com.tr\/amerika\/konsolosluklar\/amerika-buyukelciligi-ankara\/","name":"Amerika B\u00fcy\u00fckel\u00e7ili\u011fi Ankara - MyVize","isPartOf":{"@id":"https:\/\/www.myvize.com.tr\/amerika\/#website"},"primaryImageOfPage":{"@id":"https:\/\/www.myvize.com.tr\/amerika\/konsolosluklar\/amerika-buyukelciligi-ankara\/#primaryimage"},"image":{"@id":"https:\/\/www.myvize.com.tr\/amerika\/konsolosluklar\/amerika-buyukelciligi-ankara\/#primaryimage"},"thumbnailUrl":"https:\/\/www.myvize.com.tr\/amerika\/wp-content\/uploads\/2021\/09\/57.jpg","datePublished":"2021-02-01T11:26:15+00:00","dateModified":"2022-03-19T13:11:47+00:00","description":"Amerika Ankara B\u00fcy\u00fckel\u00e7ili\u011fi\u00a0Vize \u0130\u015flemleri Neler? Amerika Ankara B\u00fcy\u00fckel\u00e7ili\u011fi\u00a0Adresi Nedir? Amerika Ankara B\u00fcy\u00fckel\u00e7ili\u011fi\u00a0\u0130leti\u015fim Bilgileri.","breadcrumb":{"@id":"https:\/\/www.myvize.com.tr\/amerika\/konsolosluklar\/amerika-buyukelciligi-ankara\/#breadcrumb"},"inLanguage":"tr","potentialAction":[{"@type":"ReadAction","target":["https:\/\/www.myvize.com.tr\/amerika\/konsolosluklar\/amerika-buyukelciligi-ankara\/"]}]},{"@type":"ImageObject","inLanguage":"tr","@id":"https:\/\/www.myvize.com.tr\/amerika\/konsolosluklar\/amerika-buyukelciligi-ankara\/#primaryimage","url":"https:\/\/www.myvize.com.tr\/amerika\/wp-content\/uploads\/2021\/09\/57.jpg","contentUrl":"https:\/\/www.myvize.com.tr\/amerika\/wp-content\/uploads\/2021\/09\/57.jpg","width":800,"height":500,"caption":"Amerika"},{"@type":"BreadcrumbList","@id":"https:\/\/www.myvize.com.tr\/amerika\/konsolosluklar\/amerika-buyukelciligi-ankara\/#breadcrumb","itemListElement":[{"@type":"ListItem","position":1,"name":"Anasayfa","item":"https:\/\/www.myvize.com.tr\/amerika\/"},{"@type":"ListItem","position":2,"name":"KONSOLOSLUKLAR","item":"https:\/\/www.myvize.com.tr\/amerika\/konsolosluklar\/"},{"@type":"ListItem","position":3,"name":"Amerika B\u00fcy\u00fckel\u00e7ili\u011fi Ankara"}]},{"@type":"WebSite","@id":"https:\/\/www.myvize.com.tr\/amerika\/#website","url":"https:\/\/www.myvize.com.tr\/amerika\/","name":"MyVize Amerika Vize Ba\u015fvuru Merkezi","description":"","potentialAction":[{"@type":"SearchAction","target":{"@type":"EntryPoint","urlTemplate":"https:\/\/www.myvize.com.tr\/amerika\/?s={search_term_string}"},"query-input":{"@type":"PropertyValueSpecification","valueRequired":true,"valueName":"search_term_string"}}],"inLanguage":"tr"}]}},"_links":{"self":[{"href":"https:\/\/www.myvize.com.tr\/amerika\/wp-json\/wp\/v2\/pages\/484","targetHints":{"allow":["GET"]}}],"collection":[{"href":"https:\/\/www.myvize.com.tr\/amerika\/wp-json\/wp\/v2\/pages"}],"about":[{"href":"https:\/\/www.myvize.com.tr\/amerika\/wp-json\/wp\/v2\/types\/page"}],"author":[{"embeddable":true,"href":"https:\/\/www.myvize.com.tr\/amerika\/wp-json\/wp\/v2\/users\/1"}],"replies":[{"embeddable":true,"href":"https:\/\/www.myvize.com.tr\/amerika\/wp-json\/wp\/v2\/comments?post=484"}],"version-history":[{"count":6,"href":"https:\/\/www.myvize.com.tr\/amerika\/wp-json\/wp\/v2\/pages\/484\/revisions"}],"predecessor-version":[{"id":1353,"href":"https:\/\/www.myvize.com.tr\/amerika\/wp-json\/wp\/v2\/pages\/484\/revisions\/1353"}],"up":[{"embeddable":true,"href":"https:\/\/www.myvize.com.tr\/amerika\/wp-json\/wp\/v2\/pages\/69"}],"wp:attachment":[{"href":"https:\/\/www.myvize.com.tr\/amerika\/wp-json\/wp\/v2\/media?parent=484"}],"curies":[{"name":"wp","href":"https:\/\/api.w.org\/{rel}","templated":true}]}}