{"id":559,"date":"2021-06-24T12:00:00","date_gmt":"2021-06-24T09:00:00","guid":{"rendered":"https:\/\/www.myvize.com.tr\/amerika\/?page_id=559"},"modified":"2022-08-17T12:08:15","modified_gmt":"2022-08-17T09:08:15","slug":"amerika-transit-vize","status":"publish","type":"page","link":"https:\/\/www.myvize.com.tr\/amerika\/amerika-transit-vize\/","title":{"rendered":"Amerika Transit Vize"},"content":{"rendered":"<p><span style=\"font-family: Roboto;\"><\/span><\/p>\r\n<h2><span style=\"font-family: Roboto; font-size: 27px;\"><strong>Amerika Transit Vize 2022<\/strong><\/span><\/h2>\r\n<p><span style=\"font-family: Roboto; font-size: 14px;\"><strong>Amerika transit vizesi<\/strong>\u00a0C tipi vize olarak ge\u00e7mektedir. K\u0131sa s\u00fcreli ge\u00e7i\u015flerdeki prosed\u00fcrleri tamamlamak i\u00e7in kullan\u0131l\u0131r.\u00a0<strong>Amerika transit vize<\/strong>\u00a0sayesinde k\u0131sa s\u00fcreli ge\u00e7i\u015flerinizi pasaport kontrol\u00fc olmadan sa\u011flayabilirsiniz ve u\u00e7u\u015flar\u0131n\u0131z\u0131 Amerika \u00fczerinden ger\u00e7ekle\u015ftirebilirsiniz.\u00a0<strong>Amerika transit vizesi\u00a0<\/strong>C elektronik ortamda parmak izi kriteri aranmaks\u0131z\u0131n eksiksiz ve hatas\u0131z olarak doldurulmal\u0131d\u0131r. Pasaport i\u015flemleri i\u00e7in son Amerika ziyaretinizin \u00fczerinden maksimum 6 ay ge\u00e7mi\u015f olmas\u0131 \u015fart\u0131 aran\u0131r. Aile soy ba\u011flar\u0131n\u0131z\u0131 g\u00f6steren ve seyahatinizin olduk\u00e7a k\u0131sa s\u00fcreli oldu\u011funu kan\u0131tlama niteli\u011finde yani \u00fclkenize geri d\u00f6nece\u011finizi kan\u0131tlar nitelikte bir vukuatl\u0131 tam n\u00fcfus kay\u0131t \u00f6rne\u011fi bulundurman\u0131z gerekmektedir. U\u00e7ak biletinizi de genellikle \u00fclkenize geri d\u00f6nmek \u00fczere netle\u015ftirdi\u011finizin anla\u015f\u0131lmas\u0131 a\u00e7\u0131s\u0131ndan belgeleriniz aras\u0131na eklemeli ve gidi\u015f-d\u00f6n\u00fc\u015f \u015feklinde olmas\u0131 beklenmektedir. Bu durum baz\u0131 di\u011fer durumlara ba\u011fl\u0131 olarak de\u011fi\u015fkenlik g\u00f6sterebilir. Bunun yan\u0131 s\u0131ra gidilecek as\u0131l \u00fclkenin vizesi de belgelerin aras\u0131na eklenmelidir. Ayr\u0131ca kendinize bir mali sponsor bulmal\u0131 ve bunu belgelemelisiniz. Banka hesap d\u00f6k\u00fcmlerinizi net bir \u015fekilde belirtmeli ve evraklarda bu banka d\u00f6k\u00fcmleriniz i\u00e7in gitmek i\u00e7in yeterli miktar olup olmad\u0131\u011f\u0131n\u0131 da belirtmelisiniz. Daha \u00e7ok kabul olan vizelerde bu miktar\u0131n tam olmas\u0131 \u00f6nemlidir. Vize talebi dilek\u00e7enizi de\u00a0<strong>Amerika transit vize<\/strong>\u00a0belgeleri aras\u0131nda bulundurmal\u0131s\u0131n\u0131z. A\u00e7\u0131k ve gidi\u015f sebebinizi netle\u015ftiren bir dilek\u00e7e yazmal\u0131s\u0131n\u0131z. Bu normal bir vize ba\u015fvurusu olmad\u0131\u011f\u0131 ve sadece k\u0131sa s\u00fcreli Amerika topraklar\u0131nda kalaca\u011f\u0131n\u0131z i\u00e7in rezervasyon ve konaklama bilgileri payla\u015fman\u0131za gerek yoktur.<\/span><\/p>\r\n<p><span style=\"font-family: Roboto; font-size: 14px;\"><\/span><\/p>\r\n<p><span style=\"font-family: Roboto; font-size: 14px;\"><img decoding=\"async\" src=\"https:\/\/www.myvize.com.tr\/amerika\/wp-content\/uploads\/2021\/09\/13.jpg\" \/><\/span><\/p>\r\n<h2><span style=\"font-family: Roboto; font-size: 27px;\"><strong>Amerika Transit Vize Nedir?<\/strong><\/span><\/h2>\r\n<p><span style=\"font-family: Roboto; font-size: 14px;\"><strong>Amerika transit vize nedir<\/strong>\u00a0sorusu aktarmal\u0131 olarak ba\u015fka bir \u00fclkeye gidecek ki\u015filerin merak etti\u011fi konular aras\u0131nda yer al\u0131yor. ABD\u2019deki bir havaliman\u0131ndan aktarmal\u0131 olarak ba\u015fka bir yere gidecekseniz e\u011fer <strong>Amerika transit vize<\/strong> alman\u0131z gerekiyor. Bu vize t\u00fcr\u00fc C vize kategorisinde olan vizelerden biridir. Bu vize i\u00e7in g\u00f6\u00e7meyen olmayan vize ba\u015fvurular\u0131 gibi ba\u015fvuru yap\u0131lmas\u0131 gerekmektedir. Ki\u015filerin ba\u015fvuru formunu ve di\u011fer t\u00fcm belgeleri detayl\u0131 olarak haz\u0131rlamas\u0131 gerekmektedir.<\/span><\/p>\r\n<ul>\r\n<li><span style=\"font-family: Roboto; font-size: 14px;\"><strong>DS- 160 ba\u015fvuru<\/strong> formunu \u0130ngilizce olarak doldurman\u0131z gerekiyor.<\/span><\/li>\r\n<li><span style=\"font-family: Roboto; font-size: 14px;\">Sonras\u0131nda di\u011fer belgeleri haz\u0131rlamal\u0131s\u0131n\u0131z.<\/span><\/li>\r\n<li><span style=\"font-family: Roboto; font-size: 14px;\">M\u00fclakat i\u00e7in randevu almay\u0131 ihmal etmemeniz gerekir.<\/span><\/li>\r\n<li><span style=\"font-family: Roboto; font-size: 14px;\">Ba\u015fvuru formunun tamam\u0131n\u0131n eksiksiz olarak doldurulmas\u0131 \u00f6nemli bir detayd\u0131r.<\/span><\/li>\r\n<li><span style=\"font-family: Roboto; font-size: 14px;\">Ba\u015fvuruyu profesyonel dan\u0131\u015fmanlarla birlikte ger\u00e7ekle\u015ftirebilirsiniz.<\/span><\/li>\r\n<\/ul>\r\n<p><span style=\"font-family: Roboto; font-size: 14px;\"><strong>Amerika transit vize i\u015flemleri<\/strong> s\u0131ras\u0131nda dikkat edilmesi gereken \u00f6nemli noktalar olsa da bu s\u00fcre\u00e7te \u00f6nemli olan \u015fahsi ba\u015fvuru evraklar\u0131d\u0131r. Transit vize alacak olan ki\u015filer ayn\u0131 zamanda transit olarak ABD \u00fclkesinden ge\u00e7eceklerini kan\u0131tlayacak nitelikte belgelerinin de bulunmas\u0131 gerekiyor. Ki\u015filerin bu s\u00fcre\u00e7te belirli masraflar\u0131 da kar\u015f\u0131lamas\u0131 \u00f6nemli noktalar aras\u0131nda yer al\u0131yor. Ba\u015fvuru formu d\u0131\u015f\u0131nda bir\u00e7ok belgenin bu s\u00fcre\u00e7te haz\u0131rlanmas\u0131 gerekiyor.<\/span><\/p>\r\n<h2><span style=\"font-family: Roboto; font-size: 27px;\"><strong>Amerika Transit Vize \u0130stiyor Mu?<\/strong><\/span><\/h2>\r\n<p><span style=\"font-family: Roboto; font-size: 14px;\"><strong>Amerika transit vize istiyor mu<\/strong>\u00a0sorusuna olumlu bir yan\u0131t vermek m\u00fcmk\u00fcnd\u00fcr.<strong> Transit vize i\u015flemleri<\/strong> s\u0131ras\u0131nda da birtak\u0131m belgeler haz\u0131rlamak ve bu belgeleri kurumlara sunmak zorundas\u0131n\u0131z. Her belgenin mutlaka g\u00fcncel ve tam olmas\u0131 gerekiyor. Transit vize evraklar\u0131nda standart vize evraklar\u0131 yan\u0131nda ek belgeler de gereklidir. Bu nedenle belgeleri haz\u0131rlamadan \u00f6nce evrak listesi hakk\u0131nda detayl\u0131 olarak bilgi edinmeniz b\u00fcy\u00fck bir \u00f6nem ta\u015f\u0131yor. <strong>Amerika transit vize<\/strong> alabilmek i\u00e7in \u00f6nemli noktalar \u015funlard\u0131r:<\/span><\/p>\r\n<ul>\r\n<li><span style=\"font-family: Roboto; font-size: 14px;\">Transit vize alabilmek i\u00e7in son 6 ayda \u00e7ekilmi\u015f g\u00f6zl\u00fcks\u00fcz iki tane foto\u011fraf\u0131n\u0131z olmas\u0131 gerekiyor.<\/span><\/li>\r\n<li><span style=\"font-family: Roboto; font-size: 14px;\">Pasaportun seyahat sonras\u0131nda 6 ay daha ge\u00e7erli olmas\u0131 gerekiyor.<\/span><\/li>\r\n<li><span style=\"font-family: Roboto; font-size: 14px;\">Eski pasaport varsa bunlar da mutlaka belge dosyas\u0131nda olmal\u0131d\u0131r.<\/span><\/li>\r\n<li><span style=\"font-family: Roboto; font-size: 14px;\">Randevu s\u0131ras\u0131nda transit vize istedi\u011finizi detayl\u0131 olarak belirtin.<\/span><\/li>\r\n<li><span style=\"font-family: Roboto; font-size: 14px;\">As\u0131l gitmek istenilen yer i\u00e7in u\u00e7ak ya da gemi biletiniz olmal\u0131d\u0131r.<\/span><\/li>\r\n<li><span style=\"font-family: Roboto; font-size: 14px;\">As\u0131l gidilecek yer i\u00e7in vizenizin olmas\u0131 gerekir.<\/span><\/li>\r\n<\/ul>\r\n<p><span style=\"font-family: Roboto; font-size: 14px;\">Bu noktalara dikkat etti\u011finiz s\u00fcrece vizenizi kolay bir \u015fekilde alabilme imkan\u0131 elde edebilirsiniz. <strong>Amerika transit vize i\u015flemleri<\/strong> s\u0131ras\u0131nda hemen her detaya b\u00fcy\u00fck bir \u00f6nem vermeniz gerekiyor.<\/span><\/p>\r\n<h2><span style=\"font-family: Roboto; font-size: 27px;\"><strong>Amerika Transit Vize Veriyor Mu?<\/strong><\/span><\/h2>\r\n<p><span style=\"font-family: Roboto; font-size: 14px;\"><strong>Amerika transit vize veriyor mu<\/strong> sorusu merak edilen konular aras\u0131nda yer al\u0131yor. Amerika aktarmal\u0131 olarak bir yerlere gitmeyi planl\u0131yorsan\u0131z mutlaka transit vize alman\u0131z gerekiyor. <strong>Amerika<\/strong> <strong>Transit <span style=\"color: #2acec2;\"><a style=\"color: #2acec2;\" href=\"https:\/\/www.myvize.com.tr\/amerika\/vize-islemleri\/\" target=\"_blank\" rel=\"noopener\">vize i\u015flemleri<\/a><\/span><\/strong> s\u0131ras\u0131nda en ufak bir sorun olmamas\u0131 i\u00e7in dikkat etmeniz gereken noktalar bulunuyor. Bu s\u00fcre\u00e7te \u00f6zellikle randevu s\u0131ras\u0131nda her detay\u0131 belirtmeniz gerekir. ABD aktarmal\u0131 olarak bir yerden ba\u015fka bir yere gidiyorsan\u0131z mutlaka transit vizeyi alm\u0131\u015f olman\u0131z gerekiyor. Bu vizeyi al\u0131rken \u015fu ad\u0131mlar\u0131 takip etmelisiniz:<\/span><\/p>\r\n<ul>\r\n<li><span style=\"font-family: Roboto; font-size: 14px;\">\u0130lk olarak transit vize randevusu alman\u0131z gerekir.<\/span><\/li>\r\n<li><span style=\"font-family: Roboto; font-size: 14px;\">Daha sonra <strong>transit vize i\u015flemleri<\/strong> i\u00e7in gerekli belgeler haz\u0131rlanmal\u0131d\u0131r.<\/span><\/li>\r\n<li><span style=\"font-family: Roboto; font-size: 14px;\">Pasaportun \u00e7\u0131kart\u0131lma ya da yenilenme i\u015flemleri yap\u0131lmal\u0131d\u0131r.<\/span><\/li>\r\n<li><span style=\"font-family: Roboto; font-size: 14px;\">As\u0131l gidece\u011finiz \u00fclkenin vizesini almal\u0131s\u0131n\u0131z.<\/span><\/li>\r\n<li><span style=\"font-family: Roboto; font-size: 14px;\">U\u00e7ak ve otel rezervasyonlar\u0131n\u0131z\u0131 yapt\u0131rmal\u0131s\u0131n\u0131z.<\/span><\/li>\r\n<\/ul>\r\n<p><span style=\"font-family: Roboto; font-size: 14px;\">Bu ve bunlar gibi bir\u00e7ok detay\u0131 belirterek rahatl\u0131kla vize i\u015flemlerinizin tamamlanmas\u0131n\u0131 sa\u011flaman\u0131z m\u00fcmk\u00fcn olmaktad\u0131r. Beklentilere yan\u0131t veren ve son derece profesyonel bir \u015fekilde sizlere hizmet veren dan\u0131\u015fmanlar e\u015fli\u011finde de bu vizenizi kolayl\u0131kla alabilme imkan\u0131 elde edebilirsiniz. <strong>Transit vize i\u015flemleri<\/strong> s\u0131ras\u0131nda evrak s\u00fcreci karma\u015f\u0131k olabilir. Bu nedenle uzman yard\u0131m\u0131 olduk\u00e7a \u00f6nemlidir.<\/span><\/p>\r\n<p><span style=\"font-family: Roboto; font-size: 24px;\"><strong>Amerika Transit Vize Nas\u0131l Al\u0131n\u0131r?<\/strong><\/span><\/p>\r\n<p><span style=\"font-family: Roboto; font-size: 14px;\"><strong>Amerika transit vize nas\u0131l al\u0131n\u0131r<\/strong>\u00a0sorusuna yan\u0131t verebilmek i\u00e7in ilk olarak evraklar\u0131n detay\u0131 hakk\u0131nda bilgi edinmek gerekir. Belgelerin tam olmas\u0131 ve bu s\u00fcre\u00e7te di\u011fer \u00fclkenin vizesinin de al\u0131nm\u0131\u015f olmas\u0131 gerekir. Bu nedenle iki vize sizi bir hayli zorlayabilir. B\u00f6yle durumlarla kar\u015f\u0131 kar\u015f\u0131ya kalmamak i\u00e7in sizlere destek verebilecek profesyonelleri tercih edebilirsiniz. <strong>Amerika transit vize i\u00e7in gerekli evraklar<\/strong> aras\u0131nda \u015funlar\u0131 saymak m\u00fcmk\u00fcn olabilir:<\/span><\/p>\r\n<ul>\r\n<li><span style=\"font-family: Roboto; font-size: 14px;\">Online olarak doldurulmu\u015f <span style=\"color: #2acec2;\"><strong><a style=\"color: #2acec2;\" href=\"https:\/\/www.myvize.com.tr\/amerika\/ds-160-formu\/ds-160-formu\/\" target=\"_blank\" rel=\"noopener\">DS- 160 ba\u015fvuru formu<\/a><\/strong><\/span><\/span><\/li>\r\n<li><span style=\"font-family: Roboto; font-size: 14px;\">Kimlik belgesinin arkal\u0131 ve \u00f6nl\u00fc fotokopisi<\/span><\/li>\r\n<li><span style=\"font-family: Roboto; font-size: 14px;\">Amerika seyahati sonras\u0131nda 6 ay daha ge\u00e7erli olabilecek pasaport<\/span><\/li>\r\n<li><span style=\"font-family: Roboto; font-size: 14px;\">Varsa eski pasaportlar\u0131n\u0131z<\/span><\/li>\r\n<li><span style=\"font-family: Roboto; font-size: 14px;\">Biyometrik foto\u011fraf 2 tane<\/span><\/li>\r\n<li><span style=\"font-family: Roboto; font-size: 14px;\">Tam vukuatl\u0131 n\u00fcfus kay\u0131t \u00f6rnek belgesi<\/span><\/li>\r\n<li><span style=\"font-family: Roboto; font-size: 14px;\">\u015eahsi vize talep dilek\u00e7esi<\/span><\/li>\r\n<li><span style=\"font-family: Roboto; font-size: 14px;\">ABD \u00fczerinden aktarma yapaca\u011f\u0131n\u0131z \u00fclkenin u\u00e7ak ya da gemi bileti<\/span><\/li>\r\n<li><span style=\"font-family: Roboto; font-size: 14px;\">ABD \u00fczerinden aktarma yapaca\u011f\u0131n\u0131z \u00fclkenin giri\u015f izin vize belgesi<\/span><\/li>\r\n<\/ul>\r\n<p><span style=\"font-family: Roboto; font-size: 14px;\">Bu belgeleri tamamlad\u0131ktan sonra ba\u015fvurunuzu yapabilirsiniz. Ancak \u00e7al\u0131\u015fma, \u00f6\u011frenci ya da emekli olma durumuna g\u00f6re de sizlerden ek olarak bilgi ve belge talep edilmektedir. Ba\u015fvurular s\u0131ras\u0131nda her belgenin tam oldu\u011fundan emin oldu\u011funuzda ba\u015fvuru har\u00e7lar\u0131n\u0131 da yat\u0131rman\u0131z gerekir.<\/span><\/p>\r\n<h3><span style=\"font-family: Roboto; font-size: 24px;\"><strong>Amerika Transit Vize Nereden Al\u0131n\u0131r?<\/strong><\/span><\/h3>\r\n<p><span style=\"font-family: Roboto; font-size: 14px;\"><strong>Amerika transit vize nereden al\u0131n\u0131r<\/strong>\u00a0sorusuna yan\u0131t vermek gerekir ise bu s\u00fcre\u00e7te hizmet alabilece\u011finiz kurumlar aras\u0131nda konsolosluklar, yetkilendirilmi\u015f vize merkezleri, ba\u015fkonsolosluk ve b\u00fcy\u00fckel\u00e7ilikler bulunuyor. Ancak ilk olarak vize i\u00e7in bir randevu alm\u0131\u015f olman\u0131z gerekiyor. Randevu i\u015flemlerinizi yapt\u0131rmadan transit vize ba\u015fvurunuzu ger\u00e7ekle\u015ftirmeniz m\u00fcmk\u00fcn olmuyor. Transit vize randevusu s\u0131ras\u0131nda dikkat etmeniz gerekenler aras\u0131nda \u015funlar yer al\u0131yor:<\/span><\/p>\r\n<ul>\r\n<li><span style=\"font-family: Roboto; font-size: 14px;\">Vize g\u00f6revlilerine neden transit vize almak istedi\u011finizi a\u00e7\u0131klay\u0131n.<\/span><\/li>\r\n<li><span style=\"font-family: Roboto; font-size: 14px;\">Sorular\u0131 transit vize \u00e7er\u00e7evesinde yan\u0131tlay\u0131n.<\/span><\/li>\r\n<li><span style=\"font-family: Roboto; font-size: 14px;\">Seyahat s\u0131ras\u0131nda <strong>Amerika\u2019da s\u0131n\u0131rl\u0131 s\u00fcre<\/strong> kalaca\u011f\u0131n\u0131z\u0131 belirtin.<\/span><\/li>\r\n<li><span style=\"font-family: Roboto; font-size: 14px;\">Ba\u015fka bir \u00fclkeye neden gitmek istedi\u011finizi a\u00e7\u0131klay\u0131n.<\/span><\/li>\r\n<li><span style=\"font-family: Roboto; font-size: 14px;\">Ba\u015fka \u00fclke i\u00e7in ald\u0131\u011f\u0131n\u0131z vizeniz oldu\u011fundan bahsedin.<\/span><\/li>\r\n<li><span style=\"font-family: Roboto; font-size: 14px;\">Orada konaklama ve kal\u0131\u015f s\u00fcreciniz hakk\u0131nda bilgilendirme yapabilirsiniz.<\/span><\/li>\r\n<li><span style=\"font-family: Roboto; font-size: 14px;\">Eski pasaportlar\u0131n\u0131z varsa bunlar\u0131 da mutlaka yan\u0131n\u0131zda bulundurmal\u0131s\u0131n\u0131z.<\/span><\/li>\r\n<\/ul>\r\n<p><span style=\"font-family: Roboto; font-size: 14px;\">Bunlar gibi bir\u00e7ok detay randevu i\u015flemleri s\u0131ras\u0131nda son derece \u00f6nemli konular aras\u0131nda yer almaktad\u0131r. Vize harc\u0131n\u0131 da yine randevu \u00f6ncesinde yat\u0131rm\u0131\u015f olman\u0131z b\u00fcy\u00fck bir \u00f6nem ta\u015f\u0131maktad\u0131r. Bu s\u00fcre\u00e7te mutlaka vize i\u015flemleriniz i\u00e7in belgelerin tam oldu\u011fundan da emin olmal\u0131 ve gereken durumlarda vize uzmanlar\u0131ndan da hizmet almal\u0131s\u0131n\u0131z.<\/span><\/p>","protected":false},"excerpt":{"rendered":"<p>Amerika Transit Vize 2022 Amerika transit vizesi\u00a0C tipi vize olarak ge\u00e7mektedir. K\u0131sa s\u00fcreli ge\u00e7i\u015flerdeki prosed\u00fcrleri tamamlamak i\u00e7in kullan\u0131l\u0131r.\u00a0Amerika transit vize\u00a0sayesinde k\u0131sa s\u00fcreli ge\u00e7i\u015flerinizi pasaport kontrol\u00fc olmadan sa\u011flayabilirsiniz ve u\u00e7u\u015flar\u0131n\u0131z\u0131 Amerika \u00fczerinden ger\u00e7ekle\u015ftirebilirsiniz.\u00a0Amerika transit vizesi\u00a0C elektronik ortamda parmak izi kriteri aranmaks\u0131z\u0131n eksiksiz ve hatas\u0131z olarak doldurulmal\u0131d\u0131r. Pasaport i\u015flemleri i\u00e7in son Amerika ziyaretinizin \u00fczerinden maksimum 6 ay<\/p>\n","protected":false},"author":1,"featured_media":0,"parent":0,"menu_order":0,"comment_status":"open","ping_status":"closed","template":"","meta":{"footnotes":""},"class_list":["post-559","page","type-page","status-publish","hentry"],"yoast_head":"<!-- This site is optimized with the Yoast SEO plugin v27.6 - https:\/\/yoast.com\/product\/yoast-seo-wordpress\/ -->\n<title>Amerika Transit Vizesi - Amerika Vize - MyVize<\/title>\n<meta name=\"description\" content=\"Amerika Transit Vizesi Nas\u0131l Al\u0131n\u0131r? - Amerika Transit Vizesi \u0130\u00e7in Gerekli Evraklar Nelerdir? Amerika Transit Vizesi.\" \/>\n<meta name=\"robots\" content=\"index, follow, max-snippet:-1, max-image-preview:large, max-video-preview:-1\" \/>\n<link rel=\"canonical\" href=\"https:\/\/www.myvize.com.tr\/amerika\/amerika-transit-vize\/\" \/>\n<meta property=\"og:locale\" content=\"tr_TR\" \/>\n<meta property=\"og:type\" content=\"article\" \/>\n<meta property=\"og:title\" content=\"Amerika Transit Vizesi - Amerika Vize - MyVize\" \/>\n<meta property=\"og:description\" content=\"Amerika Transit Vizesi Nas\u0131l Al\u0131n\u0131r? - Amerika Transit Vizesi \u0130\u00e7in Gerekli Evraklar Nelerdir? Amerika Transit Vizesi.\" \/>\n<meta property=\"og:url\" content=\"https:\/\/www.myvize.com.tr\/amerika\/amerika-transit-vize\/\" \/>\n<meta property=\"og:site_name\" content=\"Amerika Vizesi\" \/>\n<meta property=\"article:modified_time\" content=\"2022-08-17T09:08:15+00:00\" \/>\n<meta property=\"og:image\" content=\"https:\/\/www.myvize.com.tr\/amerika\/wp-content\/uploads\/2021\/09\/13.jpg\" \/>\n<meta name=\"twitter:card\" content=\"summary_large_image\" \/>\n<meta name=\"twitter:label1\" content=\"Tahmini okuma s\u00fcresi\" \/>\n\t<meta name=\"twitter:data1\" content=\"7 dakika\" \/>\n<script type=\"application\/ld+json\" class=\"yoast-schema-graph\">{\"@context\":\"https:\\\/\\\/schema.org\",\"@graph\":[{\"@type\":\"WebPage\",\"@id\":\"https:\\\/\\\/www.myvize.com.tr\\\/amerika\\\/amerika-transit-vize\\\/\",\"url\":\"https:\\\/\\\/www.myvize.com.tr\\\/amerika\\\/amerika-transit-vize\\\/\",\"name\":\"Amerika Transit Vizesi - Amerika Vize - MyVize\",\"isPartOf\":{\"@id\":\"https:\\\/\\\/www.myvize.com.tr\\\/amerika\\\/#website\"},\"primaryImageOfPage\":{\"@id\":\"https:\\\/\\\/www.myvize.com.tr\\\/amerika\\\/amerika-transit-vize\\\/#primaryimage\"},\"image\":{\"@id\":\"https:\\\/\\\/www.myvize.com.tr\\\/amerika\\\/amerika-transit-vize\\\/#primaryimage\"},\"thumbnailUrl\":\"https:\\\/\\\/www.myvize.com.tr\\\/amerika\\\/wp-content\\\/uploads\\\/2021\\\/09\\\/13.jpg\",\"datePublished\":\"2021-06-24T09:00:00+00:00\",\"dateModified\":\"2022-08-17T09:08:15+00:00\",\"description\":\"Amerika Transit Vizesi Nas\u0131l Al\u0131n\u0131r? - Amerika Transit Vizesi \u0130\u00e7in Gerekli Evraklar Nelerdir? Amerika Transit Vizesi.\",\"breadcrumb\":{\"@id\":\"https:\\\/\\\/www.myvize.com.tr\\\/amerika\\\/amerika-transit-vize\\\/#breadcrumb\"},\"inLanguage\":\"tr\",\"potentialAction\":[{\"@type\":\"ReadAction\",\"target\":[\"https:\\\/\\\/www.myvize.com.tr\\\/amerika\\\/amerika-transit-vize\\\/\"]}]},{\"@type\":\"ImageObject\",\"inLanguage\":\"tr\",\"@id\":\"https:\\\/\\\/www.myvize.com.tr\\\/amerika\\\/amerika-transit-vize\\\/#primaryimage\",\"url\":\"https:\\\/\\\/www.myvize.com.tr\\\/amerika\\\/wp-content\\\/uploads\\\/2021\\\/09\\\/13.jpg\",\"contentUrl\":\"https:\\\/\\\/www.myvize.com.tr\\\/amerika\\\/wp-content\\\/uploads\\\/2021\\\/09\\\/13.jpg\",\"width\":800,\"height\":500,\"caption\":\"Amerika\"},{\"@type\":\"BreadcrumbList\",\"@id\":\"https:\\\/\\\/www.myvize.com.tr\\\/amerika\\\/amerika-transit-vize\\\/#breadcrumb\",\"itemListElement\":[{\"@type\":\"ListItem\",\"position\":1,\"name\":\"Anasayfa\",\"item\":\"https:\\\/\\\/www.myvize.com.tr\\\/amerika\\\/\"},{\"@type\":\"ListItem\",\"position\":2,\"name\":\"Amerika Transit Vize\"}]},{\"@type\":\"WebSite\",\"@id\":\"https:\\\/\\\/www.myvize.com.tr\\\/amerika\\\/#website\",\"url\":\"https:\\\/\\\/www.myvize.com.tr\\\/amerika\\\/\",\"name\":\"MyVize Amerika Vize Ba\u015fvuru Merkezi\",\"description\":\"\",\"potentialAction\":[{\"@type\":\"SearchAction\",\"target\":{\"@type\":\"EntryPoint\",\"urlTemplate\":\"https:\\\/\\\/www.myvize.com.tr\\\/amerika\\\/?s={search_term_string}\"},\"query-input\":{\"@type\":\"PropertyValueSpecification\",\"valueRequired\":true,\"valueName\":\"search_term_string\"}}],\"inLanguage\":\"tr\"}]}<\/script>\n<!-- \/ Yoast SEO plugin. -->","yoast_head_json":{"title":"Amerika Transit Vizesi - Amerika Vize - MyVize","description":"Amerika Transit Vizesi Nas\u0131l Al\u0131n\u0131r? - Amerika Transit Vizesi \u0130\u00e7in Gerekli Evraklar Nelerdir? Amerika Transit Vizesi.","robots":{"index":"index","follow":"follow","max-snippet":"max-snippet:-1","max-image-preview":"max-image-preview:large","max-video-preview":"max-video-preview:-1"},"canonical":"https:\/\/www.myvize.com.tr\/amerika\/amerika-transit-vize\/","og_locale":"tr_TR","og_type":"article","og_title":"Amerika Transit Vizesi - Amerika Vize - MyVize","og_description":"Amerika Transit Vizesi Nas\u0131l Al\u0131n\u0131r? - Amerika Transit Vizesi \u0130\u00e7in Gerekli Evraklar Nelerdir? Amerika Transit Vizesi.","og_url":"https:\/\/www.myvize.com.tr\/amerika\/amerika-transit-vize\/","og_site_name":"Amerika Vizesi","article_modified_time":"2022-08-17T09:08:15+00:00","og_image":[{"url":"https:\/\/www.myvize.com.tr\/amerika\/wp-content\/uploads\/2021\/09\/13.jpg","type":"","width":"","height":""}],"twitter_card":"summary_large_image","twitter_misc":{"Tahmini okuma s\u00fcresi":"7 dakika"},"schema":{"@context":"https:\/\/schema.org","@graph":[{"@type":"WebPage","@id":"https:\/\/www.myvize.com.tr\/amerika\/amerika-transit-vize\/","url":"https:\/\/www.myvize.com.tr\/amerika\/amerika-transit-vize\/","name":"Amerika Transit Vizesi - Amerika Vize - MyVize","isPartOf":{"@id":"https:\/\/www.myvize.com.tr\/amerika\/#website"},"primaryImageOfPage":{"@id":"https:\/\/www.myvize.com.tr\/amerika\/amerika-transit-vize\/#primaryimage"},"image":{"@id":"https:\/\/www.myvize.com.tr\/amerika\/amerika-transit-vize\/#primaryimage"},"thumbnailUrl":"https:\/\/www.myvize.com.tr\/amerika\/wp-content\/uploads\/2021\/09\/13.jpg","datePublished":"2021-06-24T09:00:00+00:00","dateModified":"2022-08-17T09:08:15+00:00","description":"Amerika Transit Vizesi Nas\u0131l Al\u0131n\u0131r? - Amerika Transit Vizesi \u0130\u00e7in Gerekli Evraklar Nelerdir? Amerika Transit Vizesi.","breadcrumb":{"@id":"https:\/\/www.myvize.com.tr\/amerika\/amerika-transit-vize\/#breadcrumb"},"inLanguage":"tr","potentialAction":[{"@type":"ReadAction","target":["https:\/\/www.myvize.com.tr\/amerika\/amerika-transit-vize\/"]}]},{"@type":"ImageObject","inLanguage":"tr","@id":"https:\/\/www.myvize.com.tr\/amerika\/amerika-transit-vize\/#primaryimage","url":"https:\/\/www.myvize.com.tr\/amerika\/wp-content\/uploads\/2021\/09\/13.jpg","contentUrl":"https:\/\/www.myvize.com.tr\/amerika\/wp-content\/uploads\/2021\/09\/13.jpg","width":800,"height":500,"caption":"Amerika"},{"@type":"BreadcrumbList","@id":"https:\/\/www.myvize.com.tr\/amerika\/amerika-transit-vize\/#breadcrumb","itemListElement":[{"@type":"ListItem","position":1,"name":"Anasayfa","item":"https:\/\/www.myvize.com.tr\/amerika\/"},{"@type":"ListItem","position":2,"name":"Amerika Transit Vize"}]},{"@type":"WebSite","@id":"https:\/\/www.myvize.com.tr\/amerika\/#website","url":"https:\/\/www.myvize.com.tr\/amerika\/","name":"MyVize Amerika Vize Ba\u015fvuru Merkezi","description":"","potentialAction":[{"@type":"SearchAction","target":{"@type":"EntryPoint","urlTemplate":"https:\/\/www.myvize.com.tr\/amerika\/?s={search_term_string}"},"query-input":{"@type":"PropertyValueSpecification","valueRequired":true,"valueName":"search_term_string"}}],"inLanguage":"tr"}]}},"_links":{"self":[{"href":"https:\/\/www.myvize.com.tr\/amerika\/wp-json\/wp\/v2\/pages\/559","targetHints":{"allow":["GET"]}}],"collection":[{"href":"https:\/\/www.myvize.com.tr\/amerika\/wp-json\/wp\/v2\/pages"}],"about":[{"href":"https:\/\/www.myvize.com.tr\/amerika\/wp-json\/wp\/v2\/types\/page"}],"author":[{"embeddable":true,"href":"https:\/\/www.myvize.com.tr\/amerika\/wp-json\/wp\/v2\/users\/1"}],"replies":[{"embeddable":true,"href":"https:\/\/www.myvize.com.tr\/amerika\/wp-json\/wp\/v2\/comments?post=559"}],"version-history":[{"count":6,"href":"https:\/\/www.myvize.com.tr\/amerika\/wp-json\/wp\/v2\/pages\/559\/revisions"}],"predecessor-version":[{"id":1517,"href":"https:\/\/www.myvize.com.tr\/amerika\/wp-json\/wp\/v2\/pages\/559\/revisions\/1517"}],"wp:attachment":[{"href":"https:\/\/www.myvize.com.tr\/amerika\/wp-json\/wp\/v2\/media?parent=559"}],"curies":[{"name":"wp","href":"https:\/\/api.w.org\/{rel}","templated":true}]}}