{"id":592,"date":"2021-07-08T10:47:09","date_gmt":"2021-07-08T07:47:09","guid":{"rendered":"https:\/\/www.myvize.com.tr\/amerika\/?page_id=592"},"modified":"2022-10-05T13:04:19","modified_gmt":"2022-10-05T10:04:19","slug":"amerika-birlesik-devletleri-turistik-vize-basvurusu","status":"publish","type":"page","link":"https:\/\/www.myvize.com.tr\/amerika\/vize-islemleri\/amerika-birlesik-devletleri-turistik-vize-basvurusu\/","title":{"rendered":"Amerika Birle\u015fik Devletleri Turistik Vize"},"content":{"rendered":"<p><span style=\"font-family: Roboto; font-size: 14px;\">Amerika Birle\u015fik Devletleri\u2019ne turistik ziyarette bulunmak isteyen ki\u015filerin almas\u0131 gereken vize t\u00fcr\u00fc Amerika Birle\u015fik Devletleri B2 turistik vizesidir.<\/span><\/p>\n<p><span style=\"font-family: Roboto; font-size: 14px;\"><strong>Amerika Birle\u015fik Devletleri turistik vizesi<\/strong> i\u00e7in Amerika Birle\u015fik Devletleri d\u0131\u015f temsilciliklerine ba\u015fvuruda bulunulmas\u0131 gerekmektedir. Gerekli evraklar\u0131n haz\u0131rlanabilmesi i\u00e7in ki\u015filer Amerika Birle\u015fik Devletleri d\u0131\u015f temsilcilikleri taraf\u0131ndan yetki verilmi\u015f ba\u015fvuru merkezleri veya yetkili seyahat acenteleri ile g\u00f6r\u00fc\u015febilirler.<\/span><\/p>\n<h2><strong><span style=\"font-family: Roboto; font-size: 27px;\">Amerika Turistik Vizesi \u0130\u015flem S\u00fcresi Hakk\u0131nda<\/span><\/strong><\/h2>\n<p><span style=\"font-family: Roboto; font-size: 14px;\"><strong>ABD Turist Vizesi<\/strong> g\u00f6\u00e7men olmayan bir ABD Vizesidir. Ge\u00e7erlilik s\u00fcresi 1 ay ile 10 y\u0131l aras\u0131nda de\u011fi\u015fir ve ABD&#8217;ye tek, \u00e7ift veya katlar\u0131 giri\u015flere izin verir. En fazla 6 ay olan kal\u0131\u015f s\u00fcresi G\u00fcmr\u00fck ve Hudut Muhafaza memuru taraf\u0131ndan kay\u0131t alt\u0131na al\u0131n\u0131r. Bu, Vize sahibinin Form I-94&#8217;\u00fcndeki giri\u015f liman\u0131ndad\u0131r.<\/span><\/p>\n<p><span style=\"font-family: Roboto; font-size: 14px;\">Ge\u00e7erlilik s\u00fcresi, Vizenin ABD&#8217;ye varmak i\u00e7in kullan\u0131labilece\u011fi s\u00fcreyi belirtir. Kal\u0131\u015f s\u00fcresi, her bir giri\u015ften sonra bir bireyin ABD&#8217;de kalabilece\u011fi s\u00fcreyi belirtir.<\/span><\/p>\n<p><span style=\"font-family: Roboto; font-size: 14px;\"><strong>ABD Turist Vizesi<\/strong> ba\u015fvuru sahipleri, G\u00f6\u00e7menlik ve Vatanda\u015fl\u0131k Yasas\u0131 h\u00fck\u00fcmlerine g\u00f6re uygun olduklar\u0131n\u0131 g\u00f6stermelidir. Yasan\u0131n varsay\u0131m\u0131, Ziyaret\u00e7i\/Turist Vizesi i\u00e7in ba\u015fvuran her ki\u015finin g\u00f6\u00e7men olma niyetinde oldu\u011fudur. Bu nedenle, bu Vize ba\u015fvurusunda bulunanlar\u0131n bu varsay\u0131m\u0131 a\u015fmalar\u0131 gerekmektedir.<\/span><\/p>\n<p><span style=\"font-family: Roboto; font-size: 14px;\">Ba\u015fvuru sahipleri, men\u015fe \u00fclkelerinde bir evleri oldu\u011funu ve buray\u0131 terk etmeye niyetli olmad\u0131klar\u0131n\u0131 kan\u0131tlamal\u0131d\u0131r. Ayr\u0131ca, niyetlerinin s\u0131n\u0131rl\u0131 ve belirli bir ama\u00e7 i\u00e7in ABD&#8217;ye varmak oldu\u011funu kan\u0131tlamalar\u0131 gerekir. Turlar\u0131n\u0131n amac\u0131, t\u0131bbi tedavi, turizm veya i\u015f i\u00e7in ABD&#8217;ye girmektir.<\/span><\/p>\n<p><span style=\"font-family: Roboto; font-size: 14px;\">Resmi olarak<strong> ABD Turist Vizesi<\/strong> i\u00e7in g\u00f6sterilecek paran\u0131n bir s\u0131n\u0131r\u0131 yoktur. <strong>ABD seyahatiniz<\/strong> i\u00e7in genel masraflar\u0131 do\u011frulayabilecek herhangi bir miktar yeterli olmal\u0131d\u0131r. Buna u\u00e7ak biletleri, sa\u011fl\u0131k sigortas\u0131, bini\u015f, konaklama, al\u0131\u015fveri\u015f vb. dahildir. Seyahatin s\u00fcresini ve amac\u0131n\u0131 g\u00f6z \u00f6n\u00fcnde bulundurur. Miktar ne kadar y\u00fcksek olursa, o kadar iyidir.<\/span><\/p>\n<p><span style=\"font-family: Roboto; font-size: 14px;\">\u00d6rne\u011fin bir ki\u015fi i\u00e7in 15 g\u00fcnl\u00fck bir tur maliyetinin 5000 ila 6000 USD civar\u0131nda olabilece\u011fi tahmin edilebilir. Bu nedenle, sizin veya sponsorunuzun bankas\u0131nda e\u015fde\u011fer miktarda para bulunmal\u0131d\u0131r.<\/span><\/p>\n<ul>\n<li><span style=\"font-family: Roboto; font-size: 14px;\">DS-160 Formunu g\u00f6nderin.<\/span><\/li>\n<li><span style=\"font-family: Roboto; font-size: 14px;\">Vize \u00fccretlerini \u00f6deyin.<\/span><\/li>\n<li><span style=\"font-family: Roboto; font-size: 14px;\">ABD b\u00fcy\u00fckel\u00e7ili\u011finde veya konsoloslu\u011funda turist vizesi g\u00f6r\u00fc\u015fmesi planlay\u0131n.<\/span><\/li>\n<li><span style=\"font-family: Roboto; font-size: 14px;\">B-2 vize belge dosyas\u0131n\u0131 tamamlay\u0131n.<\/span><\/li>\n<li><span style=\"font-family: Roboto; font-size: 14px;\">Vize g\u00f6r\u00fc\u015fmesine kat\u0131l\u0131n.<\/span><\/li>\n<\/ul>\n<p><span style=\"font-family: Roboto; font-size: 14px;\"><img decoding=\"async\" src=\"https:\/\/www.myvize.com.tr\/amerika\/wp-content\/uploads\/2021\/09\/8.jpg\" \/><\/span><\/p>\n<h2><span style=\"font-size: 27px;\"><strong><span style=\"font-family: Roboto;\">Amerika Birle\u015fik Devletleri Turistik Vize Talep Dilek\u00e7esi Nas\u0131l Yaz\u0131l\u0131r?<\/span><\/strong><\/span><\/h2>\n<p><span style=\"font-family: Roboto; font-size: 14px;\">Dilek\u00e7e \u0130ngilizce yaz\u0131lmal\u0131d\u0131r.<\/span><br \/>\n<span style=\"font-family: Roboto; font-size: 14px;\"><strong>Dilek\u00e7e Amerika Birle\u015fik Devletleri<\/strong> Ba\u015fkonsoloslu\u011fa ya da <strong>Amerika Birle\u015fik Devletleri B\u00fcy\u00fckel\u00e7ili\u011fe<\/strong> hitaben yaz\u0131lmal\u0131d\u0131r.<\/span><br \/>\n<span style=\"font-family: Roboto; font-size: 14px;\">Ba\u015fvuru sahipleri seyahat ba\u015flang\u0131\u00e7 ve biti\u015f s\u00fcrelerini net bir \u015fekilde belirtmelidir.<\/span><br \/>\n<span style=\"font-family: Roboto; font-size: 14px;\">Yine ba\u015fvuru sahipleri kimlik bilgilerini ve pasaport numaralar\u0131n\u0131 dilek\u00e7elerine eklemelidirler.<\/span><br \/>\n<span style=\"font-family: Roboto; font-size: 14px;\">Ki\u015filer<strong> Amerika Birle\u015fik Devletleri turistik vize<\/strong> ba\u015fvurular\u0131nda seyahat sebeplerini net bir \u015fekilde ifade etmelidir.<\/span><br \/>\n<span style=\"font-family: Roboto; font-size: 14px;\">Amerika Birle\u015fik Devletleri\u2019ne turistik ziyarette bulunacak ki\u015filer konaklama ya da otel rezervasyon bilgilerini dilek\u00e7elerine eklemelidirler.<\/span><br \/>\n<span style=\"font-family: Roboto; font-size: 14px;\">Amerika Birle\u015fik Devletleri\u2019ne turistik ziyarette bulunacak ki\u015filer u\u00e7ak rezervasyon bilgilerini dilek\u00e7elerine eklemelidirler.<\/span><br \/>\n<span style=\"font-family: Roboto; font-size: 14px;\">Amerika Birle\u015fik Devletleri\u2019ne turistik ziyarette bulunacak ki\u015filerin yemek, konaklama gibi masraflar\u0131n\u0131 nas\u0131l kar\u015f\u0131layaca\u011f\u0131n\u0131 detayl\u0131 \u015fekilde a\u00e7\u0131klamal\u0131d\u0131r. Dilek\u00e7ede yer alan ifadeler ba\u015fvuru evraklar\u0131yla uyu\u015fmal\u0131 ve beyanlar\u0131n\u0131 kan\u0131tlar nitelikte olmal\u0131d\u0131r.<\/span><br \/>\n<span style=\"font-family: Roboto; font-size: 14px;\">Ba\u015fvuru sahibi \u00fclkesine d\u00f6n\u00fc\u015f\u00fcn\u00fc kan\u0131tlayacak bilgileri dilek\u00e7esine aktararak kan\u0131tlamal\u0131d\u0131r.<\/span><\/p>\n<h3><span style=\"font-size: 20px;\"><strong><span style=\"font-family: Roboto;\">Amerika Birle\u015fik Devletleri Turistik Vize Al\u0131n\u0131rken Dikkat Edilmesi Gerekenler:<\/span><\/strong><\/span><\/h3>\n<p><span style=\"font-family: Roboto; font-size: 14px;\"><strong>Amerika Birle\u015fik Devletleri turistik vize<\/strong> ba\u015fvurular\u0131nda ek dilek\u00e7e gerektiren nedenler:<\/span><\/p>\n<p><span style=\"font-family: Roboto; font-size: 14px;\"><strong>Amerika Birle\u015fik Devletleri<\/strong> turistik vizesine ba\u015fvuran ki\u015filerin e\u011fer sponsorlar\u0131 var ise dilek\u00e7elerine ek olarak sponsor dilek\u00e7esi eklemeleri gereklidir. (Ev han\u0131mlar\u0131 ve \u00f6\u011frenciler vb. Durumlar i\u00e7in ge\u00e7erlidir.)<\/span><br \/>\n<span style=\"font-family: Roboto; font-size: 14px;\"><strong>Amerika Birle\u015fik Devletleri turistik<\/strong> vizesine ba\u015fvuran ki\u015filer e\u011fer \u00e7al\u0131\u015fan\u0131 ise dilek\u00e7elerine ek olarak \u015firket dilek\u00e7esi eklemeleri gereklidir. \u015eirket dilek\u00e7esinin mutlaka ka\u015feli ve imzal\u0131 olmas\u0131 gereklidir. \u0130\u00e7eri\u011finde ise ki\u015finin hangi tarihlerde izinli oldu\u011fu a\u00e7\u0131klanmal\u0131d\u0131r.<\/span><\/p>\n<p><strong><span style=\"font-family: Roboto; font-size: 16px;\"><span style=\"color: #2acec2;\"><a style=\"color: #2acec2;\" href=\"https:\/\/www.myvize.com.tr\/amerika\/amerika-vizesi\/\" target=\"_blank\" rel=\"noopener\">Amerika Vizesi<\/a><\/span> ile ilgili bilgi almak i\u00e7in t\u0131klay\u0131n\u0131z.<\/span><\/strong><\/p>\n","protected":false},"excerpt":{"rendered":"<p>Amerika Birle\u015fik Devletleri\u2019ne turistik ziyarette bulunmak isteyen ki\u015filerin almas\u0131 gereken vize t\u00fcr\u00fc Amerika Birle\u015fik Devletleri B2 turistik vizesidir. Amerika Birle\u015fik Devletleri turistik vizesi i\u00e7in Amerika Birle\u015fik Devletleri d\u0131\u015f temsilciliklerine ba\u015fvuruda bulunulmas\u0131 gerekmektedir. Gerekli evraklar\u0131n haz\u0131rlanabilmesi i\u00e7in ki\u015filer Amerika Birle\u015fik Devletleri d\u0131\u015f temsilcilikleri taraf\u0131ndan yetki verilmi\u015f ba\u015fvuru merkezleri veya yetkili seyahat acenteleri ile g\u00f6r\u00fc\u015febilirler. Amerika Turistik<\/p>\n","protected":false},"author":1,"featured_media":0,"parent":18,"menu_order":0,"comment_status":"open","ping_status":"closed","template":"","meta":{"footnotes":""},"class_list":["post-592","page","type-page","status-publish","hentry"],"yoast_head":"<!-- This site is optimized with the Yoast SEO plugin v27.4 - https:\/\/yoast.com\/product\/yoast-seo-wordpress\/ -->\n<title>Amerika Birle\u015fik Devletleri Turistik Vizesi - MyVize<\/title>\n<meta name=\"description\" content=\"Amerika Birle\u015fik Devletleri Turistik Vize Nas\u0131l Al\u0131n\u0131r? Amerika Birle\u015fik Devletleri Turistik Vize \u0130\u015flemleri Neler?\" \/>\n<meta name=\"robots\" content=\"index, follow, max-snippet:-1, max-image-preview:large, max-video-preview:-1\" \/>\n<link rel=\"canonical\" href=\"https:\/\/www.myvize.com.tr\/amerika\/vize-islemleri\/amerika-birlesik-devletleri-turistik-vize-basvurusu\/\" \/>\n<meta property=\"og:locale\" content=\"tr_TR\" \/>\n<meta property=\"og:type\" content=\"article\" \/>\n<meta property=\"og:title\" content=\"Amerika Birle\u015fik Devletleri Turistik Vizesi - MyVize\" \/>\n<meta property=\"og:description\" content=\"Amerika Birle\u015fik Devletleri Turistik Vize Nas\u0131l Al\u0131n\u0131r? Amerika Birle\u015fik Devletleri Turistik Vize \u0130\u015flemleri Neler?\" \/>\n<meta property=\"og:url\" content=\"https:\/\/www.myvize.com.tr\/amerika\/vize-islemleri\/amerika-birlesik-devletleri-turistik-vize-basvurusu\/\" \/>\n<meta property=\"og:site_name\" content=\"Amerika Vizesi\" \/>\n<meta property=\"article:modified_time\" content=\"2022-10-05T10:04:19+00:00\" \/>\n<meta property=\"og:image\" content=\"https:\/\/www.myvize.com.tr\/amerika\/wp-content\/uploads\/2021\/09\/8.jpg\" \/>\n<meta name=\"twitter:card\" content=\"summary_large_image\" \/>\n<meta name=\"twitter:label1\" content=\"Tahmini okuma s\u00fcresi\" \/>\n\t<meta name=\"twitter:data1\" content=\"4 dakika\" \/>\n<script type=\"application\/ld+json\" class=\"yoast-schema-graph\">{\"@context\":\"https:\\\/\\\/schema.org\",\"@graph\":[{\"@type\":\"WebPage\",\"@id\":\"https:\\\/\\\/www.myvize.com.tr\\\/amerika\\\/vize-islemleri\\\/amerika-birlesik-devletleri-turistik-vize-basvurusu\\\/\",\"url\":\"https:\\\/\\\/www.myvize.com.tr\\\/amerika\\\/vize-islemleri\\\/amerika-birlesik-devletleri-turistik-vize-basvurusu\\\/\",\"name\":\"Amerika Birle\u015fik Devletleri Turistik Vizesi - MyVize\",\"isPartOf\":{\"@id\":\"https:\\\/\\\/www.myvize.com.tr\\\/amerika\\\/#website\"},\"primaryImageOfPage\":{\"@id\":\"https:\\\/\\\/www.myvize.com.tr\\\/amerika\\\/vize-islemleri\\\/amerika-birlesik-devletleri-turistik-vize-basvurusu\\\/#primaryimage\"},\"image\":{\"@id\":\"https:\\\/\\\/www.myvize.com.tr\\\/amerika\\\/vize-islemleri\\\/amerika-birlesik-devletleri-turistik-vize-basvurusu\\\/#primaryimage\"},\"thumbnailUrl\":\"https:\\\/\\\/www.myvize.com.tr\\\/amerika\\\/wp-content\\\/uploads\\\/2021\\\/09\\\/8.jpg\",\"datePublished\":\"2021-07-08T07:47:09+00:00\",\"dateModified\":\"2022-10-05T10:04:19+00:00\",\"description\":\"Amerika Birle\u015fik Devletleri Turistik Vize Nas\u0131l Al\u0131n\u0131r? Amerika Birle\u015fik Devletleri Turistik Vize \u0130\u015flemleri Neler?\",\"breadcrumb\":{\"@id\":\"https:\\\/\\\/www.myvize.com.tr\\\/amerika\\\/vize-islemleri\\\/amerika-birlesik-devletleri-turistik-vize-basvurusu\\\/#breadcrumb\"},\"inLanguage\":\"tr\",\"potentialAction\":[{\"@type\":\"ReadAction\",\"target\":[\"https:\\\/\\\/www.myvize.com.tr\\\/amerika\\\/vize-islemleri\\\/amerika-birlesik-devletleri-turistik-vize-basvurusu\\\/\"]}]},{\"@type\":\"ImageObject\",\"inLanguage\":\"tr\",\"@id\":\"https:\\\/\\\/www.myvize.com.tr\\\/amerika\\\/vize-islemleri\\\/amerika-birlesik-devletleri-turistik-vize-basvurusu\\\/#primaryimage\",\"url\":\"https:\\\/\\\/www.myvize.com.tr\\\/amerika\\\/wp-content\\\/uploads\\\/2021\\\/09\\\/8.jpg\",\"contentUrl\":\"https:\\\/\\\/www.myvize.com.tr\\\/amerika\\\/wp-content\\\/uploads\\\/2021\\\/09\\\/8.jpg\",\"width\":800,\"height\":500,\"caption\":\"Amerika\"},{\"@type\":\"BreadcrumbList\",\"@id\":\"https:\\\/\\\/www.myvize.com.tr\\\/amerika\\\/vize-islemleri\\\/amerika-birlesik-devletleri-turistik-vize-basvurusu\\\/#breadcrumb\",\"itemListElement\":[{\"@type\":\"ListItem\",\"position\":1,\"name\":\"Anasayfa\",\"item\":\"https:\\\/\\\/www.myvize.com.tr\\\/amerika\\\/\"},{\"@type\":\"ListItem\",\"position\":2,\"name\":\"AMER\u0130KA V\u0130ZE \u0130\u015eLEMLER\u0130\",\"item\":\"https:\\\/\\\/www.myvize.com.tr\\\/amerika\\\/vize-islemleri\\\/\"},{\"@type\":\"ListItem\",\"position\":3,\"name\":\"Amerika Birle\u015fik Devletleri Turistik Vize\"}]},{\"@type\":\"WebSite\",\"@id\":\"https:\\\/\\\/www.myvize.com.tr\\\/amerika\\\/#website\",\"url\":\"https:\\\/\\\/www.myvize.com.tr\\\/amerika\\\/\",\"name\":\"MyVize Amerika Vize Ba\u015fvuru Merkezi\",\"description\":\"\",\"potentialAction\":[{\"@type\":\"SearchAction\",\"target\":{\"@type\":\"EntryPoint\",\"urlTemplate\":\"https:\\\/\\\/www.myvize.com.tr\\\/amerika\\\/?s={search_term_string}\"},\"query-input\":{\"@type\":\"PropertyValueSpecification\",\"valueRequired\":true,\"valueName\":\"search_term_string\"}}],\"inLanguage\":\"tr\"}]}<\/script>\n<!-- \/ Yoast SEO plugin. -->","yoast_head_json":{"title":"Amerika Birle\u015fik Devletleri Turistik Vizesi - MyVize","description":"Amerika Birle\u015fik Devletleri Turistik Vize Nas\u0131l Al\u0131n\u0131r? Amerika Birle\u015fik Devletleri Turistik Vize \u0130\u015flemleri Neler?","robots":{"index":"index","follow":"follow","max-snippet":"max-snippet:-1","max-image-preview":"max-image-preview:large","max-video-preview":"max-video-preview:-1"},"canonical":"https:\/\/www.myvize.com.tr\/amerika\/vize-islemleri\/amerika-birlesik-devletleri-turistik-vize-basvurusu\/","og_locale":"tr_TR","og_type":"article","og_title":"Amerika Birle\u015fik Devletleri Turistik Vizesi - MyVize","og_description":"Amerika Birle\u015fik Devletleri Turistik Vize Nas\u0131l Al\u0131n\u0131r? Amerika Birle\u015fik Devletleri Turistik Vize \u0130\u015flemleri Neler?","og_url":"https:\/\/www.myvize.com.tr\/amerika\/vize-islemleri\/amerika-birlesik-devletleri-turistik-vize-basvurusu\/","og_site_name":"Amerika Vizesi","article_modified_time":"2022-10-05T10:04:19+00:00","og_image":[{"url":"https:\/\/www.myvize.com.tr\/amerika\/wp-content\/uploads\/2021\/09\/8.jpg","type":"","width":"","height":""}],"twitter_card":"summary_large_image","twitter_misc":{"Tahmini okuma s\u00fcresi":"4 dakika"},"schema":{"@context":"https:\/\/schema.org","@graph":[{"@type":"WebPage","@id":"https:\/\/www.myvize.com.tr\/amerika\/vize-islemleri\/amerika-birlesik-devletleri-turistik-vize-basvurusu\/","url":"https:\/\/www.myvize.com.tr\/amerika\/vize-islemleri\/amerika-birlesik-devletleri-turistik-vize-basvurusu\/","name":"Amerika Birle\u015fik Devletleri Turistik Vizesi - MyVize","isPartOf":{"@id":"https:\/\/www.myvize.com.tr\/amerika\/#website"},"primaryImageOfPage":{"@id":"https:\/\/www.myvize.com.tr\/amerika\/vize-islemleri\/amerika-birlesik-devletleri-turistik-vize-basvurusu\/#primaryimage"},"image":{"@id":"https:\/\/www.myvize.com.tr\/amerika\/vize-islemleri\/amerika-birlesik-devletleri-turistik-vize-basvurusu\/#primaryimage"},"thumbnailUrl":"https:\/\/www.myvize.com.tr\/amerika\/wp-content\/uploads\/2021\/09\/8.jpg","datePublished":"2021-07-08T07:47:09+00:00","dateModified":"2022-10-05T10:04:19+00:00","description":"Amerika Birle\u015fik Devletleri Turistik Vize Nas\u0131l Al\u0131n\u0131r? Amerika Birle\u015fik Devletleri Turistik Vize \u0130\u015flemleri Neler?","breadcrumb":{"@id":"https:\/\/www.myvize.com.tr\/amerika\/vize-islemleri\/amerika-birlesik-devletleri-turistik-vize-basvurusu\/#breadcrumb"},"inLanguage":"tr","potentialAction":[{"@type":"ReadAction","target":["https:\/\/www.myvize.com.tr\/amerika\/vize-islemleri\/amerika-birlesik-devletleri-turistik-vize-basvurusu\/"]}]},{"@type":"ImageObject","inLanguage":"tr","@id":"https:\/\/www.myvize.com.tr\/amerika\/vize-islemleri\/amerika-birlesik-devletleri-turistik-vize-basvurusu\/#primaryimage","url":"https:\/\/www.myvize.com.tr\/amerika\/wp-content\/uploads\/2021\/09\/8.jpg","contentUrl":"https:\/\/www.myvize.com.tr\/amerika\/wp-content\/uploads\/2021\/09\/8.jpg","width":800,"height":500,"caption":"Amerika"},{"@type":"BreadcrumbList","@id":"https:\/\/www.myvize.com.tr\/amerika\/vize-islemleri\/amerika-birlesik-devletleri-turistik-vize-basvurusu\/#breadcrumb","itemListElement":[{"@type":"ListItem","position":1,"name":"Anasayfa","item":"https:\/\/www.myvize.com.tr\/amerika\/"},{"@type":"ListItem","position":2,"name":"AMER\u0130KA V\u0130ZE \u0130\u015eLEMLER\u0130","item":"https:\/\/www.myvize.com.tr\/amerika\/vize-islemleri\/"},{"@type":"ListItem","position":3,"name":"Amerika Birle\u015fik Devletleri Turistik Vize"}]},{"@type":"WebSite","@id":"https:\/\/www.myvize.com.tr\/amerika\/#website","url":"https:\/\/www.myvize.com.tr\/amerika\/","name":"MyVize Amerika Vize Ba\u015fvuru Merkezi","description":"","potentialAction":[{"@type":"SearchAction","target":{"@type":"EntryPoint","urlTemplate":"https:\/\/www.myvize.com.tr\/amerika\/?s={search_term_string}"},"query-input":{"@type":"PropertyValueSpecification","valueRequired":true,"valueName":"search_term_string"}}],"inLanguage":"tr"}]}},"_links":{"self":[{"href":"https:\/\/www.myvize.com.tr\/amerika\/wp-json\/wp\/v2\/pages\/592","targetHints":{"allow":["GET"]}}],"collection":[{"href":"https:\/\/www.myvize.com.tr\/amerika\/wp-json\/wp\/v2\/pages"}],"about":[{"href":"https:\/\/www.myvize.com.tr\/amerika\/wp-json\/wp\/v2\/types\/page"}],"author":[{"embeddable":true,"href":"https:\/\/www.myvize.com.tr\/amerika\/wp-json\/wp\/v2\/users\/1"}],"replies":[{"embeddable":true,"href":"https:\/\/www.myvize.com.tr\/amerika\/wp-json\/wp\/v2\/comments?post=592"}],"version-history":[{"count":5,"href":"https:\/\/www.myvize.com.tr\/amerika\/wp-json\/wp\/v2\/pages\/592\/revisions"}],"predecessor-version":[{"id":1543,"href":"https:\/\/www.myvize.com.tr\/amerika\/wp-json\/wp\/v2\/pages\/592\/revisions\/1543"}],"up":[{"embeddable":true,"href":"https:\/\/www.myvize.com.tr\/amerika\/wp-json\/wp\/v2\/pages\/18"}],"wp:attachment":[{"href":"https:\/\/www.myvize.com.tr\/amerika\/wp-json\/wp\/v2\/media?parent=592"}],"curies":[{"name":"wp","href":"https:\/\/api.w.org\/{rel}","templated":true}]}}