{"id":628,"date":"2021-07-19T17:13:31","date_gmt":"2021-07-19T14:13:31","guid":{"rendered":"https:\/\/www.myvize.com.tr\/amerika\/?page_id=628"},"modified":"2022-03-19T15:47:47","modified_gmt":"2022-03-19T12:47:47","slug":"amerika-ticari-vize-dilekce-ornegi","status":"publish","type":"page","link":"https:\/\/www.myvize.com.tr\/amerika\/ds-160-formu\/amerika-ticari-vize-dilekce-ornegi\/","title":{"rendered":"AMER\u0130KA T\u0130CAR\u0130 V\u0130ZE D\u0130LEK\u00c7E \u00d6RNE\u011e\u0130"},"content":{"rendered":"\r\n<p>Amerika B1 ticari vizesi alabilmeniz i\u00e7in Amerika\u2019da muhatab\u0131n\u0131z olan \u015firketten davet mektubu alman\u0131z zorunludur. Davet mektubu \u0131slak imzal\u0131 olmak zorunda de\u011fildir yani mail ile de yollanabilir. Amerika\u2019ya gidi\u015f amac\u0131n\u0131z fuara kat\u0131lmak ise fuar bileti ve davetiyeyi ba\u015fvuruya eklemelisiniz.\u00a0<strong>Amerika ticari vize dilek\u00e7e \u00f6rne\u011fi<\/strong>\u00a0ile ba\u015fvurularda istenen evraklar her sene de\u011fi\u015febilmektedir. Gerekli bilgileri temin etmeden haz\u0131rl\u0131k yapmaman\u0131z yarar\u0131n\u0131za olacakt\u0131r<\/p>\r\n\r\n\r\n\r\n<h2 class=\"wp-block-heading\">Amerika Ticari Vize Dilek\u00e7esinde Dikkat Edilmesi Gerekenler<\/h2>\r\n\r\n\r\n\r\n<p><strong>Amerika ticari vize \u00f6rne\u011fi<\/strong>\u00a0ile Amerika\u2019ya seyahat etmek isteyenlerin dikkat etmesi gerekenler \u015funlard\u0131r;<\/p>\r\n\r\n\r\n\r\n<ul class=\"wp-block-list\">\r\n<li>Amerikan konsoloslu\u011fu i\u015f \u00e7oklu\u011fu sebebiyle ba\u015fvurunuza ileri tarihlere randevu verebilir. Bu sebeple en az\u0131ndan seyahatinize 1 ay kala ba\u015fvurunuzu yapman\u0131z i\u015finizi kolayla\u015ft\u0131racakt\u0131r.<\/li>\r\n<\/ul>\r\n\r\n\r\n\r\n<ul class=\"wp-block-list\">\r\n<li>Amerika vize ba\u015fvuru i\u015flemleri s\u0131ras\u0131nda m\u00fclakata ve dijital parmak izi almaya \u00e7a\u011f\u0131rmaktad\u0131r.<\/li>\r\n<\/ul>\r\n\r\n\r\n\r\n<ul class=\"wp-block-list\">\r\n<li><strong>Amerika ticari vize \u00f6rne\u011fi<\/strong>\u00a0haz\u0131rlan\u0131rken seyahat edecek ki\u015finin masraflar\u0131n\u0131n nas\u0131l kar\u015f\u0131lanaca\u011f\u0131na dair detayl\u0131 bilgiye dilek\u00e7ede yer verilmelidir.<\/li>\r\n<\/ul>\r\n\r\n\r\n\r\n<ul class=\"wp-block-list\">\r\n<li>Seyahat edecek ki\u015finin seyahat ba\u015flang\u0131\u00e7 ve biti\u015f tarihlerine dilek\u00e7esinde yer vermelidir.<\/li>\r\n<\/ul>\r\n\r\n\r\n\r\n<ul class=\"wp-block-list\">\r\n<li>Dilek\u00e7ede seyahate \u00e7\u0131kacak ki\u015finin firmadaki g\u00f6revi ve konumunu a\u00e7\u0131k\u00e7a belirtmek gerekmektedir.<\/li>\r\n<\/ul>\r\n\r\n\r\n\r\n<ul class=\"wp-block-list\">\r\n<li>Personelini seyahate g\u00f6nderecek firma antetli ka\u011f\u0131d\u0131na Amerika ticari vize talep dilek\u00e7esi yaz\u0131lmal\u0131, imzalanmal\u0131 ve ka\u015felenmelidir.<\/li>\r\n<\/ul>\r\n\r\n\r\n\r\n<ul class=\"wp-block-list\">\r\n<li>ABD ticari vizesi istek dilek\u00e7esinde seyahatin amac\u0131 a\u00e7\u0131k\u00e7a yaz\u0131lmal\u0131d\u0131r. \u00d6rne\u011fin; \u015fah\u0131s firman\u0131n i\u015f orta\u011f\u0131 ba\u015fka bir \u015firketle toplant\u0131 yapmak suretiyle gezi edecekse ABD\u2019deki firma ile alakal\u0131 bilgilere yer verilmelidir. Ki\u015fi i\u015f konferans\u0131na kat\u0131lacaksa ABD ticari vizesi istek dilek\u00e7esinde konu\u015fma ile alakal\u0131 malumat olmal\u0131d\u0131r.<\/li>\r\n<\/ul>\r\n\r\n<p><img decoding=\"async\" src=\"https:\/\/www.myvize.com.tr\/amerika\/wp-content\/uploads\/2021\/09\/52.jpg\" \/><\/p>","protected":false},"excerpt":{"rendered":"<p>Amerika B1 ticari vizesi alabilmeniz i\u00e7in Amerika\u2019da muhatab\u0131n\u0131z olan \u015firketten davet mektubu alman\u0131z zorunludur. Davet mektubu \u0131slak imzal\u0131 olmak zorunda de\u011fildir yani mail ile de yollanabilir. Amerika\u2019ya gidi\u015f amac\u0131n\u0131z fuara kat\u0131lmak ise fuar bileti ve davetiyeyi ba\u015fvuruya eklemelisiniz.\u00a0Amerika ticari vize dilek\u00e7e \u00f6rne\u011fi\u00a0ile ba\u015fvurularda istenen evraklar her sene de\u011fi\u015febilmektedir. Gerekli bilgileri temin etmeden haz\u0131rl\u0131k yapmaman\u0131z yarar\u0131n\u0131za<\/p>\n","protected":false},"author":1,"featured_media":0,"parent":199,"menu_order":0,"comment_status":"open","ping_status":"closed","template":"","meta":{"footnotes":""},"class_list":["post-628","page","type-page","status-publish","hentry"],"yoast_head":"<!-- This site is optimized with the Yoast SEO plugin v27.5 - https:\/\/yoast.com\/product\/yoast-seo-wordpress\/ -->\n<title>Amerika Ticari Vize Dilek\u00e7e \u00d6rne\u011fi - MyVize<\/title>\n<meta name=\"description\" content=\"Amerika Ticari Vize Dilek\u00e7e \u00d6rne\u011fi Nas\u0131l Yap\u0131lmal\u0131d\u0131r? Amerika Ticari Vize Dilek\u00e7e \u00d6rne\u011fi Hakk\u0131nda Bilgi Almak \u0130\u00e7in Hemen Aray\u0131n.\" \/>\n<meta name=\"robots\" content=\"index, follow, max-snippet:-1, max-image-preview:large, max-video-preview:-1\" \/>\n<link rel=\"canonical\" href=\"https:\/\/www.myvize.com.tr\/amerika\/ds-160-formu\/amerika-ticari-vize-dilekce-ornegi\/\" \/>\n<meta property=\"og:locale\" content=\"tr_TR\" \/>\n<meta property=\"og:type\" content=\"article\" \/>\n<meta property=\"og:title\" content=\"Amerika Ticari Vize Dilek\u00e7e \u00d6rne\u011fi - MyVize\" \/>\n<meta property=\"og:description\" content=\"Amerika Ticari Vize Dilek\u00e7e \u00d6rne\u011fi Nas\u0131l Yap\u0131lmal\u0131d\u0131r? Amerika Ticari Vize Dilek\u00e7e \u00d6rne\u011fi Hakk\u0131nda Bilgi Almak \u0130\u00e7in Hemen Aray\u0131n.\" \/>\n<meta property=\"og:url\" content=\"https:\/\/www.myvize.com.tr\/amerika\/ds-160-formu\/amerika-ticari-vize-dilekce-ornegi\/\" \/>\n<meta property=\"og:site_name\" content=\"Amerika Vizesi\" \/>\n<meta property=\"article:modified_time\" content=\"2022-03-19T12:47:47+00:00\" \/>\n<meta property=\"og:image\" content=\"https:\/\/www.myvize.com.tr\/amerika\/wp-content\/uploads\/2021\/09\/52.jpg\" \/>\n<meta name=\"twitter:card\" content=\"summary_large_image\" \/>\n<meta name=\"twitter:label1\" content=\"Tahmini okuma s\u00fcresi\" \/>\n\t<meta name=\"twitter:data1\" content=\"1 dakika\" \/>\n<script type=\"application\/ld+json\" class=\"yoast-schema-graph\">{\"@context\":\"https:\\\/\\\/schema.org\",\"@graph\":[{\"@type\":\"WebPage\",\"@id\":\"https:\\\/\\\/www.myvize.com.tr\\\/amerika\\\/ds-160-formu\\\/amerika-ticari-vize-dilekce-ornegi\\\/\",\"url\":\"https:\\\/\\\/www.myvize.com.tr\\\/amerika\\\/ds-160-formu\\\/amerika-ticari-vize-dilekce-ornegi\\\/\",\"name\":\"Amerika Ticari Vize Dilek\u00e7e \u00d6rne\u011fi - MyVize\",\"isPartOf\":{\"@id\":\"https:\\\/\\\/www.myvize.com.tr\\\/amerika\\\/#website\"},\"primaryImageOfPage\":{\"@id\":\"https:\\\/\\\/www.myvize.com.tr\\\/amerika\\\/ds-160-formu\\\/amerika-ticari-vize-dilekce-ornegi\\\/#primaryimage\"},\"image\":{\"@id\":\"https:\\\/\\\/www.myvize.com.tr\\\/amerika\\\/ds-160-formu\\\/amerika-ticari-vize-dilekce-ornegi\\\/#primaryimage\"},\"thumbnailUrl\":\"https:\\\/\\\/www.myvize.com.tr\\\/amerika\\\/wp-content\\\/uploads\\\/2021\\\/09\\\/52.jpg\",\"datePublished\":\"2021-07-19T14:13:31+00:00\",\"dateModified\":\"2022-03-19T12:47:47+00:00\",\"description\":\"Amerika Ticari Vize Dilek\u00e7e \u00d6rne\u011fi Nas\u0131l Yap\u0131lmal\u0131d\u0131r? Amerika Ticari Vize Dilek\u00e7e \u00d6rne\u011fi Hakk\u0131nda Bilgi Almak \u0130\u00e7in Hemen Aray\u0131n.\",\"breadcrumb\":{\"@id\":\"https:\\\/\\\/www.myvize.com.tr\\\/amerika\\\/ds-160-formu\\\/amerika-ticari-vize-dilekce-ornegi\\\/#breadcrumb\"},\"inLanguage\":\"tr\",\"potentialAction\":[{\"@type\":\"ReadAction\",\"target\":[\"https:\\\/\\\/www.myvize.com.tr\\\/amerika\\\/ds-160-formu\\\/amerika-ticari-vize-dilekce-ornegi\\\/\"]}]},{\"@type\":\"ImageObject\",\"inLanguage\":\"tr\",\"@id\":\"https:\\\/\\\/www.myvize.com.tr\\\/amerika\\\/ds-160-formu\\\/amerika-ticari-vize-dilekce-ornegi\\\/#primaryimage\",\"url\":\"https:\\\/\\\/www.myvize.com.tr\\\/amerika\\\/wp-content\\\/uploads\\\/2021\\\/09\\\/52.jpg\",\"contentUrl\":\"https:\\\/\\\/www.myvize.com.tr\\\/amerika\\\/wp-content\\\/uploads\\\/2021\\\/09\\\/52.jpg\",\"width\":800,\"height\":500,\"caption\":\"Amerika\"},{\"@type\":\"BreadcrumbList\",\"@id\":\"https:\\\/\\\/www.myvize.com.tr\\\/amerika\\\/ds-160-formu\\\/amerika-ticari-vize-dilekce-ornegi\\\/#breadcrumb\",\"itemListElement\":[{\"@type\":\"ListItem\",\"position\":1,\"name\":\"Anasayfa\",\"item\":\"https:\\\/\\\/www.myvize.com.tr\\\/amerika\\\/\"},{\"@type\":\"ListItem\",\"position\":2,\"name\":\"Amerika DS-160 Formu\",\"item\":\"https:\\\/\\\/www.myvize.com.tr\\\/amerika\\\/ds-160-formu\\\/\"},{\"@type\":\"ListItem\",\"position\":3,\"name\":\"AMER\u0130KA T\u0130CAR\u0130 V\u0130ZE D\u0130LEK\u00c7E \u00d6RNE\u011e\u0130\"}]},{\"@type\":\"WebSite\",\"@id\":\"https:\\\/\\\/www.myvize.com.tr\\\/amerika\\\/#website\",\"url\":\"https:\\\/\\\/www.myvize.com.tr\\\/amerika\\\/\",\"name\":\"MyVize Amerika Vize Ba\u015fvuru Merkezi\",\"description\":\"\",\"potentialAction\":[{\"@type\":\"SearchAction\",\"target\":{\"@type\":\"EntryPoint\",\"urlTemplate\":\"https:\\\/\\\/www.myvize.com.tr\\\/amerika\\\/?s={search_term_string}\"},\"query-input\":{\"@type\":\"PropertyValueSpecification\",\"valueRequired\":true,\"valueName\":\"search_term_string\"}}],\"inLanguage\":\"tr\"}]}<\/script>\n<!-- \/ Yoast SEO plugin. -->","yoast_head_json":{"title":"Amerika Ticari Vize Dilek\u00e7e \u00d6rne\u011fi - MyVize","description":"Amerika Ticari Vize Dilek\u00e7e \u00d6rne\u011fi Nas\u0131l Yap\u0131lmal\u0131d\u0131r? Amerika Ticari Vize Dilek\u00e7e \u00d6rne\u011fi Hakk\u0131nda Bilgi Almak \u0130\u00e7in Hemen Aray\u0131n.","robots":{"index":"index","follow":"follow","max-snippet":"max-snippet:-1","max-image-preview":"max-image-preview:large","max-video-preview":"max-video-preview:-1"},"canonical":"https:\/\/www.myvize.com.tr\/amerika\/ds-160-formu\/amerika-ticari-vize-dilekce-ornegi\/","og_locale":"tr_TR","og_type":"article","og_title":"Amerika Ticari Vize Dilek\u00e7e \u00d6rne\u011fi - MyVize","og_description":"Amerika Ticari Vize Dilek\u00e7e \u00d6rne\u011fi Nas\u0131l Yap\u0131lmal\u0131d\u0131r? Amerika Ticari Vize Dilek\u00e7e \u00d6rne\u011fi Hakk\u0131nda Bilgi Almak \u0130\u00e7in Hemen Aray\u0131n.","og_url":"https:\/\/www.myvize.com.tr\/amerika\/ds-160-formu\/amerika-ticari-vize-dilekce-ornegi\/","og_site_name":"Amerika Vizesi","article_modified_time":"2022-03-19T12:47:47+00:00","og_image":[{"url":"https:\/\/www.myvize.com.tr\/amerika\/wp-content\/uploads\/2021\/09\/52.jpg","type":"","width":"","height":""}],"twitter_card":"summary_large_image","twitter_misc":{"Tahmini okuma s\u00fcresi":"1 dakika"},"schema":{"@context":"https:\/\/schema.org","@graph":[{"@type":"WebPage","@id":"https:\/\/www.myvize.com.tr\/amerika\/ds-160-formu\/amerika-ticari-vize-dilekce-ornegi\/","url":"https:\/\/www.myvize.com.tr\/amerika\/ds-160-formu\/amerika-ticari-vize-dilekce-ornegi\/","name":"Amerika Ticari Vize Dilek\u00e7e \u00d6rne\u011fi - MyVize","isPartOf":{"@id":"https:\/\/www.myvize.com.tr\/amerika\/#website"},"primaryImageOfPage":{"@id":"https:\/\/www.myvize.com.tr\/amerika\/ds-160-formu\/amerika-ticari-vize-dilekce-ornegi\/#primaryimage"},"image":{"@id":"https:\/\/www.myvize.com.tr\/amerika\/ds-160-formu\/amerika-ticari-vize-dilekce-ornegi\/#primaryimage"},"thumbnailUrl":"https:\/\/www.myvize.com.tr\/amerika\/wp-content\/uploads\/2021\/09\/52.jpg","datePublished":"2021-07-19T14:13:31+00:00","dateModified":"2022-03-19T12:47:47+00:00","description":"Amerika Ticari Vize Dilek\u00e7e \u00d6rne\u011fi Nas\u0131l Yap\u0131lmal\u0131d\u0131r? Amerika Ticari Vize Dilek\u00e7e \u00d6rne\u011fi Hakk\u0131nda Bilgi Almak \u0130\u00e7in Hemen Aray\u0131n.","breadcrumb":{"@id":"https:\/\/www.myvize.com.tr\/amerika\/ds-160-formu\/amerika-ticari-vize-dilekce-ornegi\/#breadcrumb"},"inLanguage":"tr","potentialAction":[{"@type":"ReadAction","target":["https:\/\/www.myvize.com.tr\/amerika\/ds-160-formu\/amerika-ticari-vize-dilekce-ornegi\/"]}]},{"@type":"ImageObject","inLanguage":"tr","@id":"https:\/\/www.myvize.com.tr\/amerika\/ds-160-formu\/amerika-ticari-vize-dilekce-ornegi\/#primaryimage","url":"https:\/\/www.myvize.com.tr\/amerika\/wp-content\/uploads\/2021\/09\/52.jpg","contentUrl":"https:\/\/www.myvize.com.tr\/amerika\/wp-content\/uploads\/2021\/09\/52.jpg","width":800,"height":500,"caption":"Amerika"},{"@type":"BreadcrumbList","@id":"https:\/\/www.myvize.com.tr\/amerika\/ds-160-formu\/amerika-ticari-vize-dilekce-ornegi\/#breadcrumb","itemListElement":[{"@type":"ListItem","position":1,"name":"Anasayfa","item":"https:\/\/www.myvize.com.tr\/amerika\/"},{"@type":"ListItem","position":2,"name":"Amerika DS-160 Formu","item":"https:\/\/www.myvize.com.tr\/amerika\/ds-160-formu\/"},{"@type":"ListItem","position":3,"name":"AMER\u0130KA T\u0130CAR\u0130 V\u0130ZE D\u0130LEK\u00c7E \u00d6RNE\u011e\u0130"}]},{"@type":"WebSite","@id":"https:\/\/www.myvize.com.tr\/amerika\/#website","url":"https:\/\/www.myvize.com.tr\/amerika\/","name":"MyVize Amerika Vize Ba\u015fvuru Merkezi","description":"","potentialAction":[{"@type":"SearchAction","target":{"@type":"EntryPoint","urlTemplate":"https:\/\/www.myvize.com.tr\/amerika\/?s={search_term_string}"},"query-input":{"@type":"PropertyValueSpecification","valueRequired":true,"valueName":"search_term_string"}}],"inLanguage":"tr"}]}},"_links":{"self":[{"href":"https:\/\/www.myvize.com.tr\/amerika\/wp-json\/wp\/v2\/pages\/628","targetHints":{"allow":["GET"]}}],"collection":[{"href":"https:\/\/www.myvize.com.tr\/amerika\/wp-json\/wp\/v2\/pages"}],"about":[{"href":"https:\/\/www.myvize.com.tr\/amerika\/wp-json\/wp\/v2\/types\/page"}],"author":[{"embeddable":true,"href":"https:\/\/www.myvize.com.tr\/amerika\/wp-json\/wp\/v2\/users\/1"}],"replies":[{"embeddable":true,"href":"https:\/\/www.myvize.com.tr\/amerika\/wp-json\/wp\/v2\/comments?post=628"}],"version-history":[{"count":5,"href":"https:\/\/www.myvize.com.tr\/amerika\/wp-json\/wp\/v2\/pages\/628\/revisions"}],"predecessor-version":[{"id":1345,"href":"https:\/\/www.myvize.com.tr\/amerika\/wp-json\/wp\/v2\/pages\/628\/revisions\/1345"}],"up":[{"embeddable":true,"href":"https:\/\/www.myvize.com.tr\/amerika\/wp-json\/wp\/v2\/pages\/199"}],"wp:attachment":[{"href":"https:\/\/www.myvize.com.tr\/amerika\/wp-json\/wp\/v2\/media?parent=628"}],"curies":[{"name":"wp","href":"https:\/\/api.w.org\/{rel}","templated":true}]}}