{"id":672,"date":"2021-08-14T14:37:33","date_gmt":"2021-08-14T11:37:33","guid":{"rendered":"https:\/\/www.myvize.com.tr\/amerika\/?page_id=672"},"modified":"2022-10-10T14:12:04","modified_gmt":"2022-10-10T11:12:04","slug":"amerika-oturum-izni","status":"publish","type":"page","link":"https:\/\/www.myvize.com.tr\/amerika\/amerika-oturum-izni\/","title":{"rendered":"Amerika Oturum \u0130zni"},"content":{"rendered":"<h2><span style=\"font-family: Roboto; font-size: 27px;\"><strong>Amerika Birle\u015fik Devletleri Oturum \u0130zni<\/strong>\u00a0<\/span><\/h2>\n<p><span style=\"font-family: Roboto; font-size: 14px;\">Amerika Birle\u015fik\u00a0Devletleri\u2019nde ya\u015famak\u00a0isteyen\u00a0T\u00fcrkiye vatanda\u015flar\u0131 <span style=\"color: #2acec2;\"><strong><a style=\"color: #2acec2;\" href=\"https:\/\/www.myvize.com.tr\/amerika\/\" target=\"_blank\" rel=\"noopener\">Amerika<\/a><\/strong><\/span> Birle\u015fik Devletleri oturum iznine sahip olmal\u0131d\u0131rlar. <strong>Amerika Birle\u015fik Devletleri oturum izni<\/strong> i\u00e7in ki\u015filer gerekli \u015fartlar\u0131 ve evraklar\u0131 sa\u011flayarak ba\u015fvuruda bulunmal\u0131d\u0131rlar. Amerika Birle\u015fik Devletleri oturum\u00a0izni\u00a04 kategoriden olu\u015fmaktad\u0131r:\u00a0\u00a0<\/span><\/p>\n<ol>\n<li><span style=\"font-family: Roboto; font-size: 14px;\">Ki\u015finin ebeveynlerden birinin Amerika Birle\u015fik Devletleri vatanda\u015f\u0131 olmas\u0131\u00a0<\/span><\/li>\n<li><span style=\"font-family: Roboto; font-size: 14px;\">Ki\u015finin<strong>\u00a0Green\u00a0Card<\/strong>\u00a0sahibi olmas\u0131\u00a0<\/span><\/li>\n<li><span style=\"font-family: Roboto; font-size: 14px;\">Ki\u015finin Amerika Birle\u015fik Devletleri\u2019nde do\u011fmas\u0131\u00a0<\/span><\/li>\n<li><span style=\"font-family: Roboto; font-size: 14px;\">Ki\u015finin Amerika Birle\u015fik Devletleri\u2019ne yat\u0131r\u0131m yaparak <strong>oturum izni<\/strong> almas\u0131\u00a0<\/span><\/li>\n<\/ol>\n<p><span style=\"font-family: Roboto; font-size: 14px;\">Ki\u015filer ki\u015fisel durumlar\u0131n\u0131 g\u00f6z \u00f6n\u00fcne alarak ve kategori i\u00e7in ba\u015fvuracaklar\u0131n\u0131 tespit ederek <strong>oturum izni<\/strong> ba\u015fvurular\u0131n\u0131 yapmal\u0131d\u0131rlar. \u00c7\u00fcnk\u00fc her kategori i\u00e7in farkl\u0131 \u015fartlar ve evraklar prosed\u00fcr\u00fc izlenmektedir.\u00a0\u00a0<\/span><\/p>\n<p><span style=\"font-family: Roboto; font-size: 14px;\">Ki\u015filerin<strong>\u00a0<span style=\"color: #2acec2;\"><a style=\"color: #2acec2;\" href=\"https:\/\/www.myvize.com.tr\/amerika\/green-card\/\" target=\"_blank\" rel=\"noopener\">Green\u00a0Card<\/a><\/span><\/strong>\u00a0sahibi olabilmeleri i\u00e7in DV\u00a0Lottery\u00a0(Diversity\u00a0Visa Program)\u00a0\u00e7ekili\u015fine kat\u0131lmalar\u0131 gereklidir. Online ve \u00fccretsiz kat\u0131l\u0131m sa\u011flanan program, ki\u015filere s\u00fcresiz ikamet hakk\u0131 sa\u011flar ve g\u00f6\u00e7men stat\u00fcs\u00fcnde oldu\u011funuz anlam\u0131na gelir.\u00a0Green\u00a0Card\u00a0ile ki\u015filer Amerika Birle\u015fik Devletleri\u2019nde \u00e7al\u0131\u015fma hakk\u0131n sahip olduklar\u0131 gibi kendi i\u015flerini de kurma hakk\u0131na sahip olurlar. Ancak, ki\u015filerin\u00a0Green\u00a0Card\u00a0sahibi olabilmeleri i\u00e7in minimum lise \u00f6\u011frenimi ya da buna denk bir e\u011fitim alm\u0131\u015f olmalar\u0131 gerekir. Bu \u015fart sa\u011flanam\u0131yorsa minimum 2 y\u0131l uzmanl\u0131k sa\u011flanm\u0131\u015f bir i\u015f tecr\u00fcbesi istenir. Bu program i\u00e7in ba\u015fvurular <strong>Amerika Birle\u015fik Devletleri G\u00f6\u00e7menlik B\u00fcrosu<\/strong> taraf\u0131ndan yap\u0131l\u0131r\u00a0ve ki\u015filer b\u00f6ylece a\u015fa\u011f\u0131da s\u0131ralanan \u015fartlara sahip olurlar:\u00a0<\/span><\/p>\n<ul>\n<li><span style=\"font-family: Roboto; font-size: 14px;\">Ki\u015filer<strong>\u00a0Green\u00a0Card<\/strong>\u00a0sahibi olduktan sonra T\u00fcrk vatanda\u015fl\u0131klar\u0131 devam eder.\u00a0<\/span><\/li>\n<li><span style=\"font-family: Roboto; font-size: 14px;\">Yine ki\u015filer T\u00fcrk vatanda\u015fl\u0131klar\u0131n\u0131 kaybetmeden 5 y\u0131l sonra\u00a0Amerika Birle\u015fik Devletleri vatanda\u015f\u0131 olma hakk\u0131na sahip olurlar.\u00a0<\/span><\/li>\n<li><span style=\"font-family: Roboto; font-size: 14px;\">Ki\u015filerin devletten burs alma ve indirimli \u00f6\u011frenim g\u00f6rme haklar\u0131 olur.\u00a0<\/span><\/li>\n<\/ul>\n<p><span style=\"font-family: Roboto; font-size: 14px;\">Peki ki\u015filer yat\u0131r\u0131m yoluyla oturum iznine sahip olmak isterlerse ne yapmal\u0131d\u0131rlar? Bunun i\u00e7in a\u015fa\u011f\u0131daki prosed\u00fcr\u00fc takip etmeleri gereklidir:\u00a0<\/span><\/p>\n<ul>\n<li><span style=\"font-family: Roboto; font-size: 14px;\">\u00a0Ki\u015filer E-5 vizesine sahip olmal\u0131d\u0131rlar.\u00a0<\/span><\/li>\n<li><span style=\"font-family: Roboto; font-size: 14px;\">Ki\u015filer bir i\u015fletmeye minimum 500.000 dolar ila 1.000.000 dolar miktar\u0131nda yat\u0131r\u0131m yapmal\u0131d\u0131rlar.\u00a0<\/span><\/li>\n<\/ul>\n<h2><span style=\"font-family: Roboto; font-size: 27px;\"><strong>Amerika Oturum \u0130zni Nas\u0131l Al\u0131n\u0131r?<\/strong><\/span><\/h2>\n<p><span style=\"font-family: Roboto; font-size: 14px;\"><strong>Amerika oturum izni nas\u0131l al\u0131n\u0131r<\/strong>\u00a0konusu ki\u015filerin bir\u00e7ok detay hakk\u0131nda bilgi sahibi olmas\u0131n\u0131 gerekli hale getiriyor. Yabanc\u0131 bir \u00fclkede e\u011fer uzun bir s\u00fcre kalmay\u0131 planl\u0131yorsan\u0131z mutlaka o \u00fclkeden oturum izni alman\u0131z gerekmektedir. Vize i\u015flemleri s\u0131ras\u0131nda her t\u00fcrden belgenin haz\u0131rlanmas\u0131 ve daha bir\u00e7ok noktada ki\u015filerin birtak\u0131m prosed\u00fcrlere uymas\u0131 gerekiyor. Vize i\u015flemleri s\u0131ras\u0131nda mutlaka titiz davran\u0131lmas\u0131 gerekiyor. Beklentilerinize en iyi \u015fekilde yan\u0131t veren dan\u0131\u015fmanl\u0131k firmalar\u0131 bu i\u015flemleri h\u0131zl\u0131 bir \u015fekilde yapabilmenize imkan tan\u0131yor. Amerika oturum izni \u015fu \u015fekillerde al\u0131nabiliyor:<\/span><\/p>\n<ul>\n<li><span style=\"font-family: Roboto; font-size: 14px;\">Anne ya da babadan birinin Amerikan vatanda\u015f\u0131 olmas\u0131<\/span><\/li>\n<li><span style=\"font-family: Roboto; font-size: 14px;\"><strong>Green Card sahibi<\/strong> olabilmek<\/span><\/li>\n<li><span style=\"font-family: Roboto; font-size: 14px;\">Amerika\u2019da do\u011fan ki\u015filer<\/span><\/li>\n<li><span style=\"font-family: Roboto; font-size: 14px;\">Yat\u0131r\u0131m yaparak vatanda\u015fl\u0131k almak<\/span><\/li>\n<\/ul>\n<p><span style=\"font-family: Roboto; font-size: 14px;\">Bu \u015fartlar\u0131 sa\u011flayan ki\u015filer Amerika\u2019da uzun s\u00fcre kalabilme \u015fans\u0131na sahip olabilmektedir. Bu \u00fclkede oturum izni almak san\u0131ld\u0131\u011f\u0131 kadar kolay de\u011fildir. Amerika\u2019n\u0131n g\u00f6\u00e7menlere kar\u015f\u0131 birtak\u0131m sert yapt\u0131r\u0131mlar\u0131 bulunmaktad\u0131r. Ki\u015filer e\u011fitim, \u00e7al\u0131\u015fma ya da uzun s\u00fcre kalma amac\u0131 ile <strong>Amerika oturum iznine<\/strong> ba\u015fvurabilirler. Ayn\u0131 zamanda aile bireylerinin yan\u0131nda kalmak i\u00e7in de yine bu \u00fclkeden oturum izini almak m\u00fcmk\u00fcnd\u00fcr.<\/span><\/p>\n<h2><span style=\"font-family: Roboto; font-size: 27px;\"><strong>Amerika Oturum \u0130zni Ka\u00e7 G\u00fcnde \u00c7\u0131kar?<\/strong><\/span><\/h2>\n<p><span style=\"font-family: Roboto; font-size: 14px;\"><strong>Amerika oturum izni ka\u00e7 g\u00fcnde \u00e7\u0131kar<\/strong>\u00a0sorusuna yan\u0131t vermek gerekirse bu iznin \u00e7\u0131kmas\u0131 belli ba\u015fl\u0131 durumlara ba\u011fl\u0131d\u0131r. \u00d6ncelikle evraklar\u0131 eksiksiz olarak haz\u0131rlaman\u0131z gerekiyor. Bir\u00e7ok prosed\u00fcrden sorunsuz bir \u015fekilde ge\u00e7meniz b\u00fcy\u00fck bir \u00f6nem ta\u015f\u0131yor. Bunlar\u0131n yan\u0131nda hangi ama\u00e7 ile oturum izni almak istedi\u011finizi net bir \u015fekilde belirtmeniz gerekiyor. Acil bir oturum izni almak durumundaysan\u0131z bu konuda sizlere dan\u0131\u015fmanl\u0131k hizmeti veren ki\u015filerden hizmet de alabilirsiniz. Amerika oturum izninin al\u0131nmas\u0131nda s\u00fcreyi etkileyen fakt\u00f6rler aras\u0131nda \u015funlar\u0131 saymak m\u00fcmk\u00fcn olabilir:<\/span><\/p>\n<ul>\n<li><span style=\"font-family: Roboto; font-size: 14px;\">Belgelerinizi ge\u00e7 teslim etmek<\/span><\/li>\n<li><span style=\"font-family: Roboto; font-size: 14px;\">Randevu g\u00fcn\u00fcnde ge\u00e7 kalmak<\/span><\/li>\n<li><span style=\"font-family: Roboto; font-size: 14px;\">Vize evraklar\u0131n\u0131 yanl\u0131\u015f vermek<\/span><\/li>\n<li><span style=\"font-family: Roboto; font-size: 14px;\">Vize evraklar\u0131n\u0131 eksik vermek<\/span><\/li>\n<li><span style=\"font-family: Roboto; font-size: 14px;\">Tatiller ve bayramlar<\/span><\/li>\n<\/ul>\n<p><span style=\"font-family: Roboto; font-size: 14px;\">Bu gibi durumlar oturum izninin ge\u00e7 al\u0131nmas\u0131na neden olmaktad\u0131r. <strong>Oturum izni almak isteyen<\/strong> ki\u015filerin dikkat etmesi gereken birtak\u0131m durumlar bulunuyor. \u00d6ncelikle oturum izni alabilmek i\u00e7in \u00f6denmesi gereken har\u00e7lar\u0131n ve di\u011fer prosed\u00fcrlerin yerine getirildi\u011finden emin olmal\u0131s\u0131n\u0131z. Bu i\u015flemleri zaman\u0131nda yapt\u0131rmak son derece h\u0131zl\u0131 bir \u015fekilde oturum izni alman\u0131z\u0131 sa\u011flar. Oturum izni genelde 10 i\u015f g\u00fcn\u00fc i\u00e7erisinde verilmektedir.<\/span><\/p>\n<h2><span style=\"font-family: Roboto; font-size: 27px;\"><strong>Amerika Oturum \u0130zni Ba\u015fvurusu<\/strong><\/span><\/h2>\n<p><span style=\"font-family: Roboto; font-size: 14px;\"><strong>Amerika oturum izni ba\u015fvurusu<\/strong>\u00a0yapacak olan ki\u015filerin dikkat etmesi gereken \u00f6nemli noktalar bulunuyor. Bu i\u015flemler s\u0131ras\u0131nda eksik ya da yanl\u0131\u015f belge vermek vize ba\u015fvurunuzun iptal edilmesine neden olmaktad\u0131r. Bu nedenle ki\u015filerin oturum izni al\u0131rken do\u011fru belgeler vermesi gerekmektedir. <strong>Amerika oturum izni<\/strong> yat\u0131r\u0131mc\u0131 olarak al\u0131nacak ise al\u0131nmas\u0131 gereken izin t\u00fcr\u00fc <strong>E- 5 vize<\/strong> kapsam\u0131na girmektedir. Ki\u015filer bu izni alabilmek i\u00e7in E- 5 vizesine ba\u015fvuru yapmak durumundad\u0131r. Bunun yan\u0131nda Green Card alarak da bu \u00fclkede oturum izni alabilme \u015fans\u0131n\u0131z bulunmaktad\u0131r. \u0130zin alabilmek i\u00e7in \u015fu noktalara dikkat etmeniz gerekiyor:<\/span><\/p>\n<ul>\n<li><span style=\"font-family: Roboto; font-size: 14px;\"><span style=\"color: #2acec2;\"><strong><a style=\"color: #2acec2;\" href=\"https:\/\/www.myvize.com.tr\/amerika\/vize-iselmleri\/\" target=\"_blank\" rel=\"noopener\">Amerika Vize i\u015flemleri<\/a><\/strong><\/span> s\u0131ras\u0131nda mutlaka belirli kriterlere dikkat etmelisiniz.<\/span><\/li>\n<li><span style=\"font-family: Roboto; font-size: 14px;\">Ba\u015fvuru \u00f6ncesinde vize randevusu alman\u0131z gerekiyor.<\/span><\/li>\n<li><span style=\"font-family: Roboto; font-size: 14px;\">Vize i\u015flemleri s\u0131ras\u0131nda belgelerinizin oturum iznine uygun olmas\u0131 gerekiyor.<\/span><\/li>\n<li><span style=\"font-family: Roboto; font-size: 14px;\">Vize i\u015flemi \u00f6ncesinde mutlaka ba\u015fvuru \u00fccretlerini yat\u0131rm\u0131\u015f olmal\u0131s\u0131n\u0131z.<\/span><\/li>\n<\/ul>\n<p><span style=\"font-family: Roboto; font-size: 14px;\">Bu i\u015flemler s\u0131ras\u0131nda dikkat etmeniz gereken \u00f6nemli fakt\u00f6rler bulunuyor. Bunlara dikkat edildi\u011fi taktirde sorunsuz bir \u015fekilde rahatl\u0131kla oturum iznini alabilme \u015fans\u0131 elde edersiniz. Beklentilerinize en iyi \u015fekilde yan\u0131t veren dan\u0131\u015fmanlar\u0131 bu izni alma konusunda sizlere yard\u0131mc\u0131 olmaktad\u0131r.<\/span><\/p>\n<h3><span style=\"font-family: Roboto; font-size: 24px;\"><strong>Amerika Oturum \u0130zni \u0130\u00e7in Gerekli Evraklar<\/strong><\/span><\/h3>\n<p><span style=\"font-family: Roboto; font-size: 14px;\"><strong>Amerika oturum izni i\u00e7in gerekli evraklar<\/strong>\u00a0aras\u0131nda bir\u00e7ok belge haz\u0131rlanmas\u0131 gerekiyor. Bu evraklar\u0131n eksik haz\u0131rlanmas\u0131 ya da ki\u015filerin bu belgeleri yanl\u0131\u015f olarak vermesi izin reddine neden olmaktad\u0131r. B\u00f6yle durumlarda dikkat etmeniz gereken bir\u00e7ok nokta bulunuyor. Vize belgelerini eksiksiz ve g\u00fcncel olarak zaman\u0131nda haz\u0131rlarsan\u0131z bu belgeleri randevu tarihinde kurumlara teslim etmelisiniz. Haz\u0131rlanmas\u0131 gereken belge t\u00fcrleri aras\u0131nda \u015funlar yer almaktad\u0131r:<\/span><\/p>\n<ul>\n<li><span style=\"font-family: Roboto; font-size: 14px;\">Oturma izni i\u00e7in ba\u015fvuru formu<\/span><\/li>\n<li><span style=\"font-family: Roboto; font-size: 14px;\">Pasaport ya da bunun yerine kullan\u0131labilecek olan belgenin asl\u0131 ve fotokopisi<\/span><\/li>\n<li><span style=\"font-family: Roboto; font-size: 14px;\">D\u00f6rt tane Biyometrik \u00e7ekilen vesikal\u0131k foto\u011fraf<\/span><\/li>\n<li><span style=\"font-family: Roboto; font-size: 14px;\">Kalaca\u011f\u0131 s\u00fcre i\u00e7erisinde kendine yetecek kadar maddi imkan beyan\u0131<\/span><\/li>\n<li><span style=\"font-family: Roboto; font-size: 14px;\">Oturum izni i\u00e7in ikametgah belgesi<\/span><\/li>\n<li><span style=\"font-family: Roboto; font-size: 14px;\">Gidilen yerde kal\u0131nacak olan yerin bilgileri<\/span><\/li>\n<li><span style=\"font-family: Roboto; font-size: 14px;\">Ge\u00e7erli sa\u011fl\u0131k sigortas\u0131<\/span><\/li>\n<\/ul>\n<p><span style=\"font-family: Roboto; font-size: 14px;\">\u0130stenilen belgeler aras\u0131nda yer al\u0131yor. Ancak bu belgeler ilk defa oturum izni alacak olan ki\u015filerin vermesi gereken belgelerdir. Oturum izni s\u00fcresi dolduysa ki\u015filerin mutlaka bu izni yenilemesi gerekiyor. Yenileme i\u015flemleri s\u0131ras\u0131nda da ki\u015filerin oturma belgesini tek tek haz\u0131rlamas\u0131 gerekmektedir. Oturma izni i\u00e7in ki\u015filerin bir har\u00e7 bedeli de yat\u0131rmas\u0131 gerekiyor.<\/span><\/p>\n<h3><span style=\"font-family: Roboto; font-size: 24px;\"><strong>Amerika Oturum \u0130zni \u00dccreti<\/strong><\/span><\/h3>\n<p><span style=\"font-family: Roboto; font-size: 14px;\"><strong>Amerika oturum izni \u00fccreti<\/strong>\u00a0ki\u015filerin i\u015flem \u00f6ncesinde konsolosluklara yat\u0131rmas\u0131 gereken bir \u00fccret t\u00fcr\u00fcd\u00fcr. <strong>Amerika oturum izni \u00fccreti<\/strong> konusunda ki\u015filerin ilgili bankalar\u0131n hangileri oldu\u011funu bilmesi gerekiyor. Aksi halde izni zaman\u0131nda almak san\u0131ld\u0131\u011f\u0131 kadar kolay olmayacakt\u0131r. <strong>Amerika oturum iznini<\/strong> alabilmek i\u00e7in hem y\u0131l\u0131n g\u00fcncel rakamlar\u0131na g\u00f6re para yat\u0131rman\u0131z gerekiyor hem de bu yat\u0131r\u0131m\u0131 do\u011fru bankalara yapman\u0131z gerekiyor. Oturum iznini alabilmek i\u00e7in \u015fu ad\u0131mlara dikkat etmelisiniz:<\/span><\/p>\n<ul>\n<li><span style=\"font-family: Roboto; font-size: 14px;\">Oturum izni konusunda mutlaka gerekli belgeleri haz\u0131rlay\u0131n.<\/span><\/li>\n<li><span style=\"font-family: Roboto; font-size: 14px;\">Oturum izni s\u0131ras\u0131nda \u00f6denmesi gereken har\u00e7lar\u0131 yat\u0131r\u0131n.<\/span><\/li>\n<li><span style=\"font-family: Roboto; font-size: 14px;\">Oturum izni i\u00e7in finansal durumunuzun yeterli oldu\u011fundan emin olun.<\/span><\/li>\n<li><span style=\"font-family: Roboto; font-size: 14px;\">Belgeleri randevu tarihinde teslim edin.<\/span><\/li>\n<\/ul>\n<p><span style=\"font-family: Roboto; font-size: 14px;\">Bu i\u015flemler s\u0131ras\u0131nda belge dosyas\u0131 i\u00e7erisinde mutlaka bankaya \u00fccret yat\u0131r\u0131ld\u0131\u011f\u0131n\u0131 g\u00f6steren dekontun da olmas\u0131 gerekiyor. Bu i\u015flemler i\u00e7in ki\u015filerin yat\u0131rmas\u0131 gereken ba\u015fvuru \u00fccreti 205 Dolard\u0131r. Ancak bu oturum izni t\u00fcr\u00fcne g\u00f6re de\u011fi\u015febilmektedir. Ki\u015filer yanl\u0131\u015f ya da eksik belge teslim ettiklerinde <span style=\"color: #2acec2;\"><strong><a style=\"color: #2acec2;\" href=\"https:\/\/www.myvize.com.tr\/amerika\/vize-islemleri\/amerika-vize-reddi\/\" target=\"_blank\" rel=\"noopener\">Amerika vize reddi<\/a><\/strong><\/span> ile kar\u015f\u0131 kar\u015f\u0131ya kalabilirler. B\u00f6yle durumlarda da vize i\u015flemlerinde ki\u015filerin \u00f6demi\u015f olduklar\u0131 vize \u00fccretlerini alabilme \u015fanslar\u0131 bulunmamaktad\u0131r.<\/span><\/p>\n<p><img decoding=\"async\" src=\"https:\/\/www.myvize.com.tr\/amerika\/wp-content\/uploads\/2021\/09\/6.jpg\" \/><\/p>\n","protected":false},"excerpt":{"rendered":"<p>Amerika Birle\u015fik Devletleri Oturum \u0130zni\u00a0 Amerika Birle\u015fik\u00a0Devletleri\u2019nde ya\u015famak\u00a0isteyen\u00a0T\u00fcrkiye vatanda\u015flar\u0131 Amerika Birle\u015fik Devletleri oturum iznine sahip olmal\u0131d\u0131rlar. Amerika Birle\u015fik Devletleri oturum izni i\u00e7in ki\u015filer gerekli \u015fartlar\u0131 ve evraklar\u0131 sa\u011flayarak ba\u015fvuruda bulunmal\u0131d\u0131rlar. Amerika Birle\u015fik Devletleri oturum\u00a0izni\u00a04 kategoriden olu\u015fmaktad\u0131r:\u00a0\u00a0 Ki\u015finin ebeveynlerden birinin Amerika Birle\u015fik Devletleri vatanda\u015f\u0131 olmas\u0131\u00a0 Ki\u015finin\u00a0Green\u00a0Card\u00a0sahibi olmas\u0131\u00a0 Ki\u015finin Amerika Birle\u015fik Devletleri\u2019nde do\u011fmas\u0131\u00a0 Ki\u015finin Amerika Birle\u015fik Devletleri\u2019ne<\/p>\n","protected":false},"author":1,"featured_media":0,"parent":0,"menu_order":0,"comment_status":"open","ping_status":"closed","template":"","meta":{"footnotes":""},"class_list":["post-672","page","type-page","status-publish","hentry"],"yoast_head":"<!-- This site is optimized with the Yoast SEO plugin v27.4 - https:\/\/yoast.com\/product\/yoast-seo-wordpress\/ -->\n<title>Amerika Oturum \u0130zni Vizesi - Amerika Oturum - MyVize<\/title>\n<meta name=\"description\" content=\"Amerika Oturum \u0130zni Nas\u0131l Al\u0131n\u0131r? Amerika Oturum \u0130zni Vize Ba\u015fvurusu Nas\u0131l Yap\u0131l\u0131r? Amerika Oturum \u0130zni Vizesi Almak \u0130\u00e7in Hemen T\u0131kla.\" \/>\n<meta name=\"robots\" content=\"index, follow, max-snippet:-1, max-image-preview:large, max-video-preview:-1\" \/>\n<link rel=\"canonical\" href=\"https:\/\/www.myvize.com.tr\/amerika\/amerika-oturum-izni\/\" \/>\n<meta property=\"og:locale\" content=\"tr_TR\" \/>\n<meta property=\"og:type\" content=\"article\" \/>\n<meta property=\"og:title\" content=\"Amerika Oturum \u0130zni Vizesi - Amerika Oturum - MyVize\" \/>\n<meta property=\"og:description\" content=\"Amerika Oturum \u0130zni Nas\u0131l Al\u0131n\u0131r? Amerika Oturum \u0130zni Vize Ba\u015fvurusu Nas\u0131l Yap\u0131l\u0131r? Amerika Oturum \u0130zni Vizesi Almak \u0130\u00e7in Hemen T\u0131kla.\" \/>\n<meta property=\"og:url\" content=\"https:\/\/www.myvize.com.tr\/amerika\/amerika-oturum-izni\/\" \/>\n<meta property=\"og:site_name\" content=\"Amerika Vizesi\" \/>\n<meta property=\"article:modified_time\" content=\"2022-10-10T11:12:04+00:00\" \/>\n<meta property=\"og:image\" content=\"https:\/\/www.myvize.com.tr\/amerika\/wp-content\/uploads\/2021\/09\/6.jpg\" \/>\n<meta name=\"twitter:card\" content=\"summary_large_image\" \/>\n<meta name=\"twitter:label1\" content=\"Tahmini okuma s\u00fcresi\" \/>\n\t<meta name=\"twitter:data1\" content=\"7 dakika\" \/>\n<script type=\"application\/ld+json\" class=\"yoast-schema-graph\">{\"@context\":\"https:\\\/\\\/schema.org\",\"@graph\":[{\"@type\":\"WebPage\",\"@id\":\"https:\\\/\\\/www.myvize.com.tr\\\/amerika\\\/amerika-oturum-izni\\\/\",\"url\":\"https:\\\/\\\/www.myvize.com.tr\\\/amerika\\\/amerika-oturum-izni\\\/\",\"name\":\"Amerika Oturum \u0130zni Vizesi - Amerika Oturum - MyVize\",\"isPartOf\":{\"@id\":\"https:\\\/\\\/www.myvize.com.tr\\\/amerika\\\/#website\"},\"primaryImageOfPage\":{\"@id\":\"https:\\\/\\\/www.myvize.com.tr\\\/amerika\\\/amerika-oturum-izni\\\/#primaryimage\"},\"image\":{\"@id\":\"https:\\\/\\\/www.myvize.com.tr\\\/amerika\\\/amerika-oturum-izni\\\/#primaryimage\"},\"thumbnailUrl\":\"https:\\\/\\\/www.myvize.com.tr\\\/amerika\\\/wp-content\\\/uploads\\\/2021\\\/09\\\/6.jpg\",\"datePublished\":\"2021-08-14T11:37:33+00:00\",\"dateModified\":\"2022-10-10T11:12:04+00:00\",\"description\":\"Amerika Oturum \u0130zni Nas\u0131l Al\u0131n\u0131r? Amerika Oturum \u0130zni Vize Ba\u015fvurusu Nas\u0131l Yap\u0131l\u0131r? Amerika Oturum \u0130zni Vizesi Almak \u0130\u00e7in Hemen T\u0131kla.\",\"breadcrumb\":{\"@id\":\"https:\\\/\\\/www.myvize.com.tr\\\/amerika\\\/amerika-oturum-izni\\\/#breadcrumb\"},\"inLanguage\":\"tr\",\"potentialAction\":[{\"@type\":\"ReadAction\",\"target\":[\"https:\\\/\\\/www.myvize.com.tr\\\/amerika\\\/amerika-oturum-izni\\\/\"]}]},{\"@type\":\"ImageObject\",\"inLanguage\":\"tr\",\"@id\":\"https:\\\/\\\/www.myvize.com.tr\\\/amerika\\\/amerika-oturum-izni\\\/#primaryimage\",\"url\":\"https:\\\/\\\/www.myvize.com.tr\\\/amerika\\\/wp-content\\\/uploads\\\/2021\\\/09\\\/6.jpg\",\"contentUrl\":\"https:\\\/\\\/www.myvize.com.tr\\\/amerika\\\/wp-content\\\/uploads\\\/2021\\\/09\\\/6.jpg\",\"width\":800,\"height\":500,\"caption\":\"Amerika\"},{\"@type\":\"BreadcrumbList\",\"@id\":\"https:\\\/\\\/www.myvize.com.tr\\\/amerika\\\/amerika-oturum-izni\\\/#breadcrumb\",\"itemListElement\":[{\"@type\":\"ListItem\",\"position\":1,\"name\":\"Anasayfa\",\"item\":\"https:\\\/\\\/www.myvize.com.tr\\\/amerika\\\/\"},{\"@type\":\"ListItem\",\"position\":2,\"name\":\"Amerika Oturum \u0130zni\"}]},{\"@type\":\"WebSite\",\"@id\":\"https:\\\/\\\/www.myvize.com.tr\\\/amerika\\\/#website\",\"url\":\"https:\\\/\\\/www.myvize.com.tr\\\/amerika\\\/\",\"name\":\"MyVize Amerika Vize Ba\u015fvuru Merkezi\",\"description\":\"\",\"potentialAction\":[{\"@type\":\"SearchAction\",\"target\":{\"@type\":\"EntryPoint\",\"urlTemplate\":\"https:\\\/\\\/www.myvize.com.tr\\\/amerika\\\/?s={search_term_string}\"},\"query-input\":{\"@type\":\"PropertyValueSpecification\",\"valueRequired\":true,\"valueName\":\"search_term_string\"}}],\"inLanguage\":\"tr\"}]}<\/script>\n<!-- \/ Yoast SEO plugin. -->","yoast_head_json":{"title":"Amerika Oturum \u0130zni Vizesi - Amerika Oturum - MyVize","description":"Amerika Oturum \u0130zni Nas\u0131l Al\u0131n\u0131r? Amerika Oturum \u0130zni Vize Ba\u015fvurusu Nas\u0131l Yap\u0131l\u0131r? Amerika Oturum \u0130zni Vizesi Almak \u0130\u00e7in Hemen T\u0131kla.","robots":{"index":"index","follow":"follow","max-snippet":"max-snippet:-1","max-image-preview":"max-image-preview:large","max-video-preview":"max-video-preview:-1"},"canonical":"https:\/\/www.myvize.com.tr\/amerika\/amerika-oturum-izni\/","og_locale":"tr_TR","og_type":"article","og_title":"Amerika Oturum \u0130zni Vizesi - Amerika Oturum - MyVize","og_description":"Amerika Oturum \u0130zni Nas\u0131l Al\u0131n\u0131r? Amerika Oturum \u0130zni Vize Ba\u015fvurusu Nas\u0131l Yap\u0131l\u0131r? Amerika Oturum \u0130zni Vizesi Almak \u0130\u00e7in Hemen T\u0131kla.","og_url":"https:\/\/www.myvize.com.tr\/amerika\/amerika-oturum-izni\/","og_site_name":"Amerika Vizesi","article_modified_time":"2022-10-10T11:12:04+00:00","og_image":[{"url":"https:\/\/www.myvize.com.tr\/amerika\/wp-content\/uploads\/2021\/09\/6.jpg","type":"","width":"","height":""}],"twitter_card":"summary_large_image","twitter_misc":{"Tahmini okuma s\u00fcresi":"7 dakika"},"schema":{"@context":"https:\/\/schema.org","@graph":[{"@type":"WebPage","@id":"https:\/\/www.myvize.com.tr\/amerika\/amerika-oturum-izni\/","url":"https:\/\/www.myvize.com.tr\/amerika\/amerika-oturum-izni\/","name":"Amerika Oturum \u0130zni Vizesi - Amerika Oturum - MyVize","isPartOf":{"@id":"https:\/\/www.myvize.com.tr\/amerika\/#website"},"primaryImageOfPage":{"@id":"https:\/\/www.myvize.com.tr\/amerika\/amerika-oturum-izni\/#primaryimage"},"image":{"@id":"https:\/\/www.myvize.com.tr\/amerika\/amerika-oturum-izni\/#primaryimage"},"thumbnailUrl":"https:\/\/www.myvize.com.tr\/amerika\/wp-content\/uploads\/2021\/09\/6.jpg","datePublished":"2021-08-14T11:37:33+00:00","dateModified":"2022-10-10T11:12:04+00:00","description":"Amerika Oturum \u0130zni Nas\u0131l Al\u0131n\u0131r? Amerika Oturum \u0130zni Vize Ba\u015fvurusu Nas\u0131l Yap\u0131l\u0131r? Amerika Oturum \u0130zni Vizesi Almak \u0130\u00e7in Hemen T\u0131kla.","breadcrumb":{"@id":"https:\/\/www.myvize.com.tr\/amerika\/amerika-oturum-izni\/#breadcrumb"},"inLanguage":"tr","potentialAction":[{"@type":"ReadAction","target":["https:\/\/www.myvize.com.tr\/amerika\/amerika-oturum-izni\/"]}]},{"@type":"ImageObject","inLanguage":"tr","@id":"https:\/\/www.myvize.com.tr\/amerika\/amerika-oturum-izni\/#primaryimage","url":"https:\/\/www.myvize.com.tr\/amerika\/wp-content\/uploads\/2021\/09\/6.jpg","contentUrl":"https:\/\/www.myvize.com.tr\/amerika\/wp-content\/uploads\/2021\/09\/6.jpg","width":800,"height":500,"caption":"Amerika"},{"@type":"BreadcrumbList","@id":"https:\/\/www.myvize.com.tr\/amerika\/amerika-oturum-izni\/#breadcrumb","itemListElement":[{"@type":"ListItem","position":1,"name":"Anasayfa","item":"https:\/\/www.myvize.com.tr\/amerika\/"},{"@type":"ListItem","position":2,"name":"Amerika Oturum \u0130zni"}]},{"@type":"WebSite","@id":"https:\/\/www.myvize.com.tr\/amerika\/#website","url":"https:\/\/www.myvize.com.tr\/amerika\/","name":"MyVize Amerika Vize Ba\u015fvuru Merkezi","description":"","potentialAction":[{"@type":"SearchAction","target":{"@type":"EntryPoint","urlTemplate":"https:\/\/www.myvize.com.tr\/amerika\/?s={search_term_string}"},"query-input":{"@type":"PropertyValueSpecification","valueRequired":true,"valueName":"search_term_string"}}],"inLanguage":"tr"}]}},"_links":{"self":[{"href":"https:\/\/www.myvize.com.tr\/amerika\/wp-json\/wp\/v2\/pages\/672","targetHints":{"allow":["GET"]}}],"collection":[{"href":"https:\/\/www.myvize.com.tr\/amerika\/wp-json\/wp\/v2\/pages"}],"about":[{"href":"https:\/\/www.myvize.com.tr\/amerika\/wp-json\/wp\/v2\/types\/page"}],"author":[{"embeddable":true,"href":"https:\/\/www.myvize.com.tr\/amerika\/wp-json\/wp\/v2\/users\/1"}],"replies":[{"embeddable":true,"href":"https:\/\/www.myvize.com.tr\/amerika\/wp-json\/wp\/v2\/comments?post=672"}],"version-history":[{"count":5,"href":"https:\/\/www.myvize.com.tr\/amerika\/wp-json\/wp\/v2\/pages\/672\/revisions"}],"predecessor-version":[{"id":1551,"href":"https:\/\/www.myvize.com.tr\/amerika\/wp-json\/wp\/v2\/pages\/672\/revisions\/1551"}],"wp:attachment":[{"href":"https:\/\/www.myvize.com.tr\/amerika\/wp-json\/wp\/v2\/media?parent=672"}],"curies":[{"name":"wp","href":"https:\/\/api.w.org\/{rel}","templated":true}]}}