{"id":157,"date":"2020-12-23T15:19:21","date_gmt":"2020-12-23T12:19:21","guid":{"rendered":"https:\/\/www.myvize.com.tr\/avustralya\/?page_id=157"},"modified":"2022-05-20T11:24:46","modified_gmt":"2022-05-20T08:24:46","slug":"oturum-2","status":"publish","type":"page","link":"https:\/\/www.myvize.com.tr\/avustralya\/oturum-2\/","title":{"rendered":"OTURUM"},"content":{"rendered":"<p><span style=\"font-family: Roboto;\"><\/span><\/p>\r\n<p><span style=\"font-family: Roboto; font-size: 14px;\">Avustralya \u00e7ok uzak bir \u00fclke olmas\u0131na ra\u011fmen T\u00fcrkiye\u2019den en fazla g\u00f6\u00e7 alan \u00fclkeler aras\u0131ndad\u0131r. Gerek rahat ya\u015fam ko\u015fullar\u0131 gerekse e\u011fitim olanaklar\u0131 sayesinde g\u00fcn\u00fcm\u00fczde bir\u00e7ok ki\u015fi Avustralya\u2019da ya\u015famay\u0131 tercih ediyor. G\u00fcn\u00fcm\u00fczde bir\u00e7ok ki\u015finin bu \u00fclkeyi tercih etmesinde bir\u00e7ok farkl\u0131 neden bulunmaktad\u0131r. Bu s\u00fcre\u00e7te ki\u015filer ge\u00e7ici ve kal\u0131c\u0131 olmak \u00fczere iki farkl\u0131 vize ba\u015fvurusu yapabilirler.<\/span><\/p>\r\n<p><span style=\"font-family: Roboto; font-size: 14px;\">\r\n\r\n<\/span><\/p>\r\n<p><span style=\"font-family: Roboto; font-size: 14px;\">Ki\u015filer e\u011fer ge\u00e7ici vize \u015fartlar\u0131n\u0131 eksiksiz olarak yerine getirirlerse ilerleyen s\u00fcre\u00e7te kal\u0131c\u0131 vize almaya hak kazanabilirler. Avustralya\u2019da s\u00fcrekli oturum izni almak demek bu \u00fclkenin bir\u00e7ok sosyal haklar\u0131ndan da yararlanmak anlam\u0131na gelmektedir. Bu \u00fclkenin oturum iznini alabilmek i\u00e7in hem evrak haz\u0131rlamak gereklidir hem de istenilen \u015fartlar\u0131 yerine getirmelisiniz.<\/span><\/p>\r\n<p><span style=\"font-family: Roboto; font-size: 14px;\">\r\n\r\n<\/span><\/p>\r\n<h2><span style=\"font-family: Roboto; font-size: 27px;\"><strong>Avustralya S\u00fcrekli Oturum \u0130zni<\/strong><\/span><\/h2>\r\n<p><span style=\"font-family: Roboto; font-size: 14px;\">\r\n\r\n<\/span><\/p>\r\n<p><span style=\"font-family: Roboto; font-size: 14px;\">Avustralya oturum izni bu \u00fclkenin vatanda\u015f\u0131 olmayan ancak kal\u0131c\u0131 vize sahibi olan ki\u015filere verilen bir izindir. S\u00fcrekli oturum iznine sahipseniz burada ki t\u00fcm \u00e7al\u0131\u015fma ve e\u011fitim olanaklar\u0131ndan yararlanabilirsiniz. Ayn\u0131 zamanda bu \u00fclkede s\u0131n\u0131rs\u0131z bir \u015fekilde ya\u015fayabilir ve bir\u00e7ok haktan da yararlanabilirsiniz.<\/span><\/p>\r\n<p><span style=\"font-family: Roboto; font-size: 14px;\">\r\n\r\n<\/span><\/p>\r\n<p><span style=\"font-family: Roboto; font-size: 14px;\">Bu \u00fclke vatanda\u015flar\u0131n\u0131n \u00fclkeye istenilen zamanlarda girme ve \u00e7\u0131kma izinleri vard\u0131r. Ancak oturma izniniz varsa bu hak biraz k\u0131s\u0131tlanm\u0131\u015f bir hakt\u0131r. Oturum izni 5 y\u0131ll\u0131k bir s\u00fcre ile verilmektedir. Oturum izni olan ki\u015filerin \u00fclkenin kendi resmi pasaportunu alabilme haklar\u0131 yoktur. Bununla birlikte bu ki\u015filerin \u00fclkede se\u00e7me ve se\u00e7ilme hakk\u0131 da yoktur.<\/span><\/p>\r\n<p><span style=\"font-family: Roboto; font-size: 14px;\">\r\n\r\n<\/span><\/p>\r\n<p><span style=\"font-family: Roboto; font-size: 14px;\">S\u00fcrekli oturma vizesine sahip olman\u0131za ra\u011fmen bu \u00fclkede devlet memuru olabilme hakk\u0131n\u0131z da bulunmamaktad\u0131r. Ancak yine de bu konuda inisiyatif g\u00f6steren birtak\u0131m devlet kurumlar\u0131 da vard\u0131r. Oturma iznine sahip ki\u015filer bu \u00fclkede ki i\u015fsizlik \u00f6dene\u011fi gibi t\u00fcm sosyal haklardan yararlanma \u015fans\u0131na da sahiptir. Devletin sa\u011fl\u0131k hizmetlerinden de yararlanabilirler.<\/span><\/p>\r\n<p><span style=\"font-family: Roboto; font-size: 14px;\"><\/span><\/p>\r\n<p><span style=\"font-family: Roboto; font-size: 14px;\"><img decoding=\"async\" src=\"https:\/\/www.myvize.com.tr\/avustralya\/wp-content\/uploads\/2021\/09\/21.jpg\" \/><\/span><\/p>\r\n<p><span style=\"font-family: Roboto; font-size: 14px;\"><\/span><\/p>\r\n<h2><span style=\"font-family: Roboto; font-size: 27px;\"><strong>Avustralya Oturum \u0130zni Ba\u015fvurusu<\/strong><\/span><\/h2>\r\n<p><span style=\"font-family: Roboto; font-size: 14px;\">\r\n\r\n<\/span><\/p>\r\n<p><span style=\"font-family: Roboto; font-size: 14px;\">Avustralya oturum izni kapsam\u0131nda ki\u015filere 4 farkl\u0131 kategoride izinler verilmektedir. Bu izinler \u015funlard\u0131r:<\/span><\/p>\r\n<p><span style=\"font-family: Roboto; font-size: 14px;\">\r\n\r\n<\/span><\/p>\r\n<p><span style=\"font-family: Roboto; font-size: 14px;\">l Oturma izni<\/span><\/p>\r\n<p><span style=\"font-family: Roboto; font-size: 14px;\">\r\n\r\n<\/span><\/p>\r\n<p><span style=\"font-family: Roboto; font-size: 14px;\">l Daimi ikamet izni<\/span><\/p>\r\n<p><span style=\"font-family: Roboto; font-size: 14px;\">\r\n\r\n<\/span><\/p>\r\n<p><span style=\"font-family: Roboto; font-size: 14px;\">l Aile bireyleri izni<\/span><\/p>\r\n<p><span style=\"font-family: Roboto; font-size: 14px;\">\r\n\r\n<\/span><\/p>\r\n<p><span style=\"font-family: Roboto; font-size: 14px;\">l Yerle\u015fme izni<\/span><\/p>\r\n<p><span style=\"font-family: Roboto; font-size: 14px;\">\r\n\r\n<\/span><\/p>\r\n<p><span style=\"font-family: Roboto; font-size: 14px;\">E\u011fer bu \u00fclkede ikamet etmek istiyorsan\u0131z \u00f6ncelikle T\u00fcrkiye\u2019de bulunan Avustralya konsolosluklar\u0131na gitmelisiniz. Buradan D Tipi vize ba\u015fvurusu ger\u00e7ekle\u015ftirmeniz gerekmektedir. Aile birle\u015fimi, e\u011fitim ve \u00e7al\u0131\u015fma vize ba\u015fvurular\u0131 ile bu \u00fclkede ya\u015fama \u015fans\u0131 da elde edebilirsiniz.<\/span><\/p>\r\n<p><span style=\"font-family: Roboto;\"><\/span><\/p>","protected":false},"excerpt":{"rendered":"<p>Avustralya \u00e7ok uzak bir \u00fclke olmas\u0131na ra\u011fmen T\u00fcrkiye\u2019den en fazla g\u00f6\u00e7 alan \u00fclkeler aras\u0131ndad\u0131r. Gerek rahat ya\u015fam ko\u015fullar\u0131 gerekse e\u011fitim olanaklar\u0131 sayesinde g\u00fcn\u00fcm\u00fczde bir\u00e7ok ki\u015fi Avustralya\u2019da ya\u015famay\u0131 tercih ediyor. G\u00fcn\u00fcm\u00fczde bir\u00e7ok ki\u015finin bu \u00fclkeyi tercih etmesinde bir\u00e7ok farkl\u0131 neden bulunmaktad\u0131r. Bu s\u00fcre\u00e7te ki\u015filer ge\u00e7ici ve kal\u0131c\u0131 olmak \u00fczere iki farkl\u0131 vize ba\u015fvurusu yapabilirler. Ki\u015filer e\u011fer<\/p>\n","protected":false},"author":1,"featured_media":0,"parent":0,"menu_order":0,"comment_status":"open","ping_status":"closed","template":"","meta":{"footnotes":""},"class_list":["post-157","page","type-page","status-publish","hentry"],"yoast_head":"<!-- This site is optimized with the Yoast SEO plugin v26.8 - https:\/\/yoast.com\/product\/yoast-seo-wordpress\/ -->\n<title>Avustralya Oturum Vizesi - Oturum \u0130zni - MyVize<\/title>\n<meta name=\"description\" content=\"Avustralya Oturum Vizesi Nas\u0131l Al\u0131n\u0131r? Avustralya Oturum Vizesi \u0130\u00e7in Gerekli Evraklar Neler? Avustralya Oturum \u015eartlar\u0131 Neler?\" \/>\n<meta name=\"robots\" content=\"index, follow, max-snippet:-1, max-image-preview:large, max-video-preview:-1\" \/>\n<link rel=\"canonical\" href=\"https:\/\/www.myvize.com.tr\/avustralya\/oturum-2\/\" \/>\n<meta property=\"og:locale\" content=\"tr_TR\" \/>\n<meta property=\"og:type\" content=\"article\" \/>\n<meta property=\"og:title\" content=\"Avustralya Oturum Vizesi - Oturum \u0130zni - MyVize\" \/>\n<meta property=\"og:description\" content=\"Avustralya Oturum Vizesi Nas\u0131l Al\u0131n\u0131r? Avustralya Oturum Vizesi \u0130\u00e7in Gerekli Evraklar Neler? Avustralya Oturum \u015eartlar\u0131 Neler?\" \/>\n<meta property=\"og:url\" content=\"https:\/\/www.myvize.com.tr\/avustralya\/oturum-2\/\" \/>\n<meta property=\"og:site_name\" content=\"Avustralya Vizesi\" \/>\n<meta property=\"article:modified_time\" content=\"2022-05-20T08:24:46+00:00\" \/>\n<meta property=\"og:image\" content=\"https:\/\/www.myvize.com.tr\/avustralya\/wp-content\/uploads\/2021\/09\/21.jpg\" \/>\n<meta name=\"twitter:card\" content=\"summary_large_image\" \/>\n<meta name=\"twitter:label1\" content=\"Tahmini okuma s\u00fcresi\" \/>\n\t<meta name=\"twitter:data1\" content=\"2 dakika\" \/>\n<script type=\"application\/ld+json\" class=\"yoast-schema-graph\">{\"@context\":\"https:\/\/schema.org\",\"@graph\":[{\"@type\":\"WebPage\",\"@id\":\"https:\/\/www.myvize.com.tr\/avustralya\/oturum-2\/\",\"url\":\"https:\/\/www.myvize.com.tr\/avustralya\/oturum-2\/\",\"name\":\"Avustralya Oturum Vizesi - Oturum \u0130zni - MyVize\",\"isPartOf\":{\"@id\":\"https:\/\/www.myvize.com.tr\/avustralya\/#website\"},\"primaryImageOfPage\":{\"@id\":\"https:\/\/www.myvize.com.tr\/avustralya\/oturum-2\/#primaryimage\"},\"image\":{\"@id\":\"https:\/\/www.myvize.com.tr\/avustralya\/oturum-2\/#primaryimage\"},\"thumbnailUrl\":\"https:\/\/www.myvize.com.tr\/avustralya\/wp-content\/uploads\/2021\/09\/21.jpg\",\"datePublished\":\"2020-12-23T12:19:21+00:00\",\"dateModified\":\"2022-05-20T08:24:46+00:00\",\"description\":\"Avustralya Oturum Vizesi Nas\u0131l Al\u0131n\u0131r? Avustralya Oturum Vizesi \u0130\u00e7in Gerekli Evraklar Neler? Avustralya Oturum \u015eartlar\u0131 Neler?\",\"breadcrumb\":{\"@id\":\"https:\/\/www.myvize.com.tr\/avustralya\/oturum-2\/#breadcrumb\"},\"inLanguage\":\"tr\",\"potentialAction\":[{\"@type\":\"ReadAction\",\"target\":[\"https:\/\/www.myvize.com.tr\/avustralya\/oturum-2\/\"]}]},{\"@type\":\"ImageObject\",\"inLanguage\":\"tr\",\"@id\":\"https:\/\/www.myvize.com.tr\/avustralya\/oturum-2\/#primaryimage\",\"url\":\"https:\/\/www.myvize.com.tr\/avustralya\/wp-content\/uploads\/2021\/09\/21.jpg\",\"contentUrl\":\"https:\/\/www.myvize.com.tr\/avustralya\/wp-content\/uploads\/2021\/09\/21.jpg\",\"width\":800,\"height\":500,\"caption\":\"Avustralya\"},{\"@type\":\"BreadcrumbList\",\"@id\":\"https:\/\/www.myvize.com.tr\/avustralya\/oturum-2\/#breadcrumb\",\"itemListElement\":[{\"@type\":\"ListItem\",\"position\":1,\"name\":\"Anasayfa\",\"item\":\"https:\/\/www.myvize.com.tr\/avustralya\/\"},{\"@type\":\"ListItem\",\"position\":2,\"name\":\"OTURUM\"}]},{\"@type\":\"WebSite\",\"@id\":\"https:\/\/www.myvize.com.tr\/avustralya\/#website\",\"url\":\"https:\/\/www.myvize.com.tr\/avustralya\/\",\"name\":\"Avustralya Vizesi\",\"description\":\"\",\"potentialAction\":[{\"@type\":\"SearchAction\",\"target\":{\"@type\":\"EntryPoint\",\"urlTemplate\":\"https:\/\/www.myvize.com.tr\/avustralya\/?s={search_term_string}\"},\"query-input\":{\"@type\":\"PropertyValueSpecification\",\"valueRequired\":true,\"valueName\":\"search_term_string\"}}],\"inLanguage\":\"tr\"}]}<\/script>\n<!-- \/ Yoast SEO plugin. -->","yoast_head_json":{"title":"Avustralya Oturum Vizesi - Oturum \u0130zni - MyVize","description":"Avustralya Oturum Vizesi Nas\u0131l Al\u0131n\u0131r? Avustralya Oturum Vizesi \u0130\u00e7in Gerekli Evraklar Neler? Avustralya Oturum \u015eartlar\u0131 Neler?","robots":{"index":"index","follow":"follow","max-snippet":"max-snippet:-1","max-image-preview":"max-image-preview:large","max-video-preview":"max-video-preview:-1"},"canonical":"https:\/\/www.myvize.com.tr\/avustralya\/oturum-2\/","og_locale":"tr_TR","og_type":"article","og_title":"Avustralya Oturum Vizesi - Oturum \u0130zni - MyVize","og_description":"Avustralya Oturum Vizesi Nas\u0131l Al\u0131n\u0131r? Avustralya Oturum Vizesi \u0130\u00e7in Gerekli Evraklar Neler? Avustralya Oturum \u015eartlar\u0131 Neler?","og_url":"https:\/\/www.myvize.com.tr\/avustralya\/oturum-2\/","og_site_name":"Avustralya Vizesi","article_modified_time":"2022-05-20T08:24:46+00:00","og_image":[{"url":"https:\/\/www.myvize.com.tr\/avustralya\/wp-content\/uploads\/2021\/09\/21.jpg","type":"","width":"","height":""}],"twitter_card":"summary_large_image","twitter_misc":{"Tahmini okuma s\u00fcresi":"2 dakika"},"schema":{"@context":"https:\/\/schema.org","@graph":[{"@type":"WebPage","@id":"https:\/\/www.myvize.com.tr\/avustralya\/oturum-2\/","url":"https:\/\/www.myvize.com.tr\/avustralya\/oturum-2\/","name":"Avustralya Oturum Vizesi - Oturum \u0130zni - MyVize","isPartOf":{"@id":"https:\/\/www.myvize.com.tr\/avustralya\/#website"},"primaryImageOfPage":{"@id":"https:\/\/www.myvize.com.tr\/avustralya\/oturum-2\/#primaryimage"},"image":{"@id":"https:\/\/www.myvize.com.tr\/avustralya\/oturum-2\/#primaryimage"},"thumbnailUrl":"https:\/\/www.myvize.com.tr\/avustralya\/wp-content\/uploads\/2021\/09\/21.jpg","datePublished":"2020-12-23T12:19:21+00:00","dateModified":"2022-05-20T08:24:46+00:00","description":"Avustralya Oturum Vizesi Nas\u0131l Al\u0131n\u0131r? Avustralya Oturum Vizesi \u0130\u00e7in Gerekli Evraklar Neler? Avustralya Oturum \u015eartlar\u0131 Neler?","breadcrumb":{"@id":"https:\/\/www.myvize.com.tr\/avustralya\/oturum-2\/#breadcrumb"},"inLanguage":"tr","potentialAction":[{"@type":"ReadAction","target":["https:\/\/www.myvize.com.tr\/avustralya\/oturum-2\/"]}]},{"@type":"ImageObject","inLanguage":"tr","@id":"https:\/\/www.myvize.com.tr\/avustralya\/oturum-2\/#primaryimage","url":"https:\/\/www.myvize.com.tr\/avustralya\/wp-content\/uploads\/2021\/09\/21.jpg","contentUrl":"https:\/\/www.myvize.com.tr\/avustralya\/wp-content\/uploads\/2021\/09\/21.jpg","width":800,"height":500,"caption":"Avustralya"},{"@type":"BreadcrumbList","@id":"https:\/\/www.myvize.com.tr\/avustralya\/oturum-2\/#breadcrumb","itemListElement":[{"@type":"ListItem","position":1,"name":"Anasayfa","item":"https:\/\/www.myvize.com.tr\/avustralya\/"},{"@type":"ListItem","position":2,"name":"OTURUM"}]},{"@type":"WebSite","@id":"https:\/\/www.myvize.com.tr\/avustralya\/#website","url":"https:\/\/www.myvize.com.tr\/avustralya\/","name":"Avustralya Vizesi","description":"","potentialAction":[{"@type":"SearchAction","target":{"@type":"EntryPoint","urlTemplate":"https:\/\/www.myvize.com.tr\/avustralya\/?s={search_term_string}"},"query-input":{"@type":"PropertyValueSpecification","valueRequired":true,"valueName":"search_term_string"}}],"inLanguage":"tr"}]}},"_links":{"self":[{"href":"https:\/\/www.myvize.com.tr\/avustralya\/wp-json\/wp\/v2\/pages\/157","targetHints":{"allow":["GET"]}}],"collection":[{"href":"https:\/\/www.myvize.com.tr\/avustralya\/wp-json\/wp\/v2\/pages"}],"about":[{"href":"https:\/\/www.myvize.com.tr\/avustralya\/wp-json\/wp\/v2\/types\/page"}],"author":[{"embeddable":true,"href":"https:\/\/www.myvize.com.tr\/avustralya\/wp-json\/wp\/v2\/users\/1"}],"replies":[{"embeddable":true,"href":"https:\/\/www.myvize.com.tr\/avustralya\/wp-json\/wp\/v2\/comments?post=157"}],"version-history":[{"count":5,"href":"https:\/\/www.myvize.com.tr\/avustralya\/wp-json\/wp\/v2\/pages\/157\/revisions"}],"predecessor-version":[{"id":897,"href":"https:\/\/www.myvize.com.tr\/avustralya\/wp-json\/wp\/v2\/pages\/157\/revisions\/897"}],"wp:attachment":[{"href":"https:\/\/www.myvize.com.tr\/avustralya\/wp-json\/wp\/v2\/media?parent=157"}],"curies":[{"name":"wp","href":"https:\/\/api.w.org\/{rel}","templated":true}]}}